{"id":18016,"date":"2024-09-26T14:16:33","date_gmt":"2024-09-26T14:16:33","guid":{"rendered":"https:\/\/italy-tourist-information.com\/rome\/restaurants"},"modified":"2026-04-22T07:42:05","modified_gmt":"2026-04-22T07:42:05","slug":"restaurants","status":"publish","type":"page","link":"https:\/\/italy-tourist-information.com\/de\/rom\/restaurants","title":{"rendered":"Rom Restaurant Guide: Wo und was essen in Rom?"},"content":{"rendered":"<h1>Rom Restaurantf\u00fchrer: Wo und was kann man essen?<\/h1>\n<p>Hier finden Sie Restaurants, Caf\u00e9s und typisch italienische Gerichte f\u00fcr jeden Anlass.<\/p>\n<h2 style=\"text-align: center;\">Wo kann ich in Rom essen gehen?<\/h2>\n<p><a href=\"https:\/\/italy-tourist-information.com\/de\/rom\/restaurants\" dynamic-postlink=\"tcb_post_the_permalink\" data-shortcode-id=\"724\"><\/a><\/p>\n<p style=\"text-align: center;\"><span data-attr-date-format=\"F j, Y\" data-attr-date-format-select=\"F j, Y\" data-attr-show-time=\"0\" data-attr-time-format=\"\" data-attr-time-format-select=\"g:i a\" data-attr-type=\"published\" data-extra_key=\"\" data-option-inline=\"1\" data-shortcode=\"tcb_post_published_date\" data-shortcode-name=\"Post date\">September 26, 2024 <\/span><\/p>\n<h3 style=\"text-align: center; padding-top: 0px !important; margin-top: 0px !important;\"><span data-attr-link=\"1\" data-attr-rel=\"0\" data-attr-target=\"0\" data-extra_key=\"\" data-option-inline=\"1\" data-shortcode=\"tcb_post_title\" data-shortcode-name=\"Post title\" data-attr-css=\"\" data-attr-static-link=\"{&quot;className&quot;:&quot;&quot;,&quot;href&quot;:&quot;#&quot;,&quot;title&quot;:&quot;Rom Restaurantf\u00fchrer: Wo und was essen? DE&quot;,&quot;class&quot;:&quot;&quot;}\" style=\"\"><a href=\"https:\/\/italy-tourist-information.com\/de\/rom\/restaurants\" title=\"Rome Restaurant Guide: Where and What to Eat? DE\" data-css=\"\">Rome Restaurant Guide: Where and What to Eat? DE<\/a><\/span><\/h3>\n<p>Rome Restaurant Guide: Where and what to eat? <a href=\"https:\/\/italy-tourist-information.com\/de\/rom\/restaurants#more-18016\">&#8230;<\/a><\/p>\n<p><a href=\"https:\/\/italy-tourist-information.com\/de\/rom\/restaurants\" style=\"\"><span style=\"\"><span style=\"\">Mehr lesen&#8230;<\/span><\/span><\/a><a href=\"javascript:void(0)\" style=\"\"><span style=\"\"><span style=\"\">Mehr laden<\/span><\/span><\/a><\/p>\n<p style=\"text-align: center;\">Was kann ich in Rom essen?<\/p>\n<p style=\"text-align: center;\">Rom \u2013 Pasta Carbonara, Pizza Margherita, Risotto, Lasagne, Tiramisu, Gelato, Panna Cotta und italienischer Kaffee sind unsere ersten Gedanken. Aber was gibt es sonst noch?<\/p>\n<h2><span data-attr-css=\"tve-u-173dcc0ebe5\" data-attr-link=\"1\" data-attr-rel=\"0\" data-attr-target=\"0\" data-extra_key=\"\" data-option-inline=\"1\" data-shortcode=\"tcb_post_title\" data-shortcode-name=\"Post title\" data-attr-static-link=\"{&quot;className&quot;:&quot;&quot;,&quot;href&quot;:&quot;#&quot;,&quot;title&quot;:&quot;Rom Restaurantf\u00fchrer: Wo und was essen? DE&quot;,&quot;data-css&quot;:&quot;tve-u-173dcc0ebe5&quot;,&quot;class&quot;:&quot;&quot;}\"><a href=\"https:\/\/italy-tourist-information.com\/de\/rom\/restaurants\" title=\"Rome Restaurant Guide: Where and What to Eat? DE\">Rome Restaurant Guide: Where and What to Eat? DE<\/a><\/span><\/h2>\n<p><a href=\"javascript:void(0)\" style=\"\"><span style=\"\"><span style=\"\">Mehr laden<\/span><\/span><\/a><\/p>\n<h2>Rom \u2013 Von Pasta bis Kaffee<\/h2>\n<p>Roms kulinarische Szene bietet eine gro\u00dfe Auswahl an Alternativen, darunter vegane, koschere und Halal-Gerichte. Die Stadt lockt mit einer Vielzahl an trendigen Restaurants, gem\u00fctlichen Caf\u00e9s und Streetfood-Angeboten. Ob Sie ein Gourmet-Erlebnis, eine kulinarische Entdeckungsreise durch Roms lebhaftes Viertel oder traditionelle r\u00f6mische Trattorien suchen \u2013 hier ist f\u00fcr jeden Geschmack etwas dabei. <\/p>\n<p>Genie\u00dfen Sie einen Espresso auf einer der zahlreichen Piazzas Roms und probieren Sie ber\u00fchmte r\u00f6mische Spezialit\u00e4ten wie Carbonara oder Cacio e Pepe. Gelato geh\u00f6rt genauso zu Rom wie ein Spaziergang durch die historischen Gassen oder ein Besuch in einem charmanten Caf\u00e9.<\/p>\n<h3>Der richtige Bezirk<\/h3>\n<ul>\n<li style=\"\"><span style=\"\"><strong><strong>Authentische r\u00f6mische K\u00fcche<\/strong> :<\/strong> Entdecken Sie traditionelle Trattorien in jedem Stadtteil.<\/span><\/li>\n<li><span><strong>Preiswerte internationale Optionen<\/strong> : Erkunden Sie die Seitenstra\u00dfen oder besuchen Sie den Lebensmittelmarkt von Testaccio, um vielf\u00e4ltige Geschmacksrichtungen zu entdecken.<\/span><\/li>\n<li><span><strong>Tolle Fr\u00fchst\u00fcckslokale<\/strong> : Probieren Sie Trastevere oder Campo de&#8216; Fiori f\u00fcr einen perfekten Start in den Tag.<\/span><\/li>\n<li><span><strong>Trendig und modern<\/strong> : Im Stadtteil Monti erwarten Sie angesagte Restaurants und Bars.<\/span><\/li>\n<li><span><strong>Nachtleben<\/strong> : Genie\u00dfen Sie die lebhafte Atmosph\u00e4re zwischen der Piazza Navona und dem Campo de&#8216; Fiori.<\/span><\/li>\n<\/ul>\n<h2 style=\"text-align: center;\">Kulinarische Stadtf\u00fchrungen &amp; Abendessen in Rom<\/h2>\n","protected":false},"excerpt":{"rendered":"<p>Rom Restaurantf\u00fchrer: Wo und was kann man essen? Hier finden Sie Restaurants, Caf\u00e9s und typisch italienische Gerichte f\u00fcr jeden Anlass. Wo kann ich in Rom essen gehen? September 26, 2024 Rome Restaurant Guide: Where and What to Eat? DE Rome Restaurant Guide: Where and what to eat? &#8230; Mehr lesen&#8230;Mehr laden Was kann ich in [&hellip;]<\/p>\n","protected":false},"author":17,"featured_media":18017,"parent":17844,"menu_order":0,"comment_status":"closed","ping_status":"closed","template":"","meta":{"footnotes":""},"categories":[],"tags":[167,155],"class_list":["post-18016","page","type-page","status-publish","has-post-thumbnail","hentry","tag-restaurants","tag-rom","post-wrapper","thrv_wrapper"],"_links":{"self":[{"href":"https:\/\/italy-tourist-information.com\/de\/wp-json\/wp\/v2\/pages\/18016","targetHints":{"allow":["GET"]}}],"collection":[{"href":"https:\/\/italy-tourist-information.com\/de\/wp-json\/wp\/v2\/pages"}],"about":[{"href":"https:\/\/italy-tourist-information.com\/de\/wp-json\/wp\/v2\/types\/page"}],"author":[{"embeddable":true,"href":"https:\/\/italy-tourist-information.com\/de\/wp-json\/wp\/v2\/users\/17"}],"replies":[{"embeddable":true,"href":"https:\/\/italy-tourist-information.com\/de\/wp-json\/wp\/v2\/comments?post=18016"}],"version-history":[{"count":10,"href":"https:\/\/italy-tourist-information.com\/de\/wp-json\/wp\/v2\/pages\/18016\/revisions"}],"predecessor-version":[{"id":19978,"href":"https:\/\/italy-tourist-information.com\/de\/wp-json\/wp\/v2\/pages\/18016\/revisions\/19978"}],"up":[{"embeddable":true,"href":"https:\/\/italy-tourist-information.com\/de\/wp-json\/wp\/v2\/pages\/17844"}],"wp:featuredmedia":[{"embeddable":true,"href":"https:\/\/italy-tourist-information.com\/de\/wp-json\/wp\/v2\/media\/18017"}],"wp:attachment":[{"href":"https:\/\/italy-tourist-information.com\/de\/wp-json\/wp\/v2\/media?parent=18016"}],"wp:term":[{"taxonomy":"category","embeddable":true,"href":"https:\/\/italy-tourist-information.com\/de\/wp-json\/wp\/v2\/categories?post=18016"},{"taxonomy":"post_tag","embeddable":true,"href":"https:\/\/italy-tourist-information.com\/de\/wp-json\/wp\/v2\/tags?post=18016"}],"curies":[{"name":"wp","href":"https:\/\/api.w.org\/{rel}","templated":true}]}}