{"id":18024,"date":"2024-09-19T07:30:53","date_gmt":"2024-09-19T07:30:53","guid":{"rendered":"https:\/\/italy-tourist-information.com\/rome\/historical-landmarks"},"modified":"2026-04-10T09:01:43","modified_gmt":"2026-04-10T09:01:43","slug":"historische-wahrzeichen","status":"publish","type":"page","link":"https:\/\/italy-tourist-information.com\/de\/rom\/historische-wahrzeichen","title":{"rendered":"Historische Wahrzeichen in Rom: Der komplette Guide"},"content":{"rendered":"<h1>Der vollst\u00e4ndige Reisef\u00fchrer zu den historischen Sehensw\u00fcrdigkeiten Roms<\/h1>\n<p>Entdecken Sie Roms reiche Vergangenheit mit&nbsp;  <em>dem vollst\u00e4ndigen Reisef\u00fchrer zu den historischen Sehensw\u00fcrdigkeiten<\/em> \u2013 Ihre ultimative Informationsquelle zu den bekanntesten Sehensw\u00fcrdigkeiten und verborgenen Sch\u00e4tzen der Stadt.<\/p>\n<p style=\"text-align: center;\">Antike Ruinen in Rom<\/p>\n<p style=\"text-align: center;\">Kolosseum, Forum Romanum, Palatin und mehr&#8230;<\/p>\n<h3 style=\"\"><span data-attr-css=\"tve-u-66ea667b116169\" data-attr-link=\"1\" data-attr-rel=\"0\" data-attr-target=\"0\" data-extra_key=\"\" data-option-inline=\"1\" data-shortcode=\"tcb_post_title\" data-shortcode-name=\"Post title\" style=\"\" data-attr-static-link=\"{&quot;className&quot;:&quot;&quot;,&quot;href&quot;:&quot;#&quot;,&quot;title&quot;:&quot;Der vollst\u00e4ndige Reisef\u00fchrer zu den historischen Sehensw\u00fcrdigkeiten Roms (Deutschland)&quot;,&quot;data-css&quot;:&quot;tve-u-66ea667b116169&quot;,&quot;class&quot;:&quot;&quot;}\"><a href=\"https:\/\/italy-tourist-information.com\/de\/rom\/historische-wahrzeichen\" title=\"The Complete Historical Landmarks Guide for Rome DE\">The Complete Historical Landmarks Guide for Rome DE<\/a><\/span><\/h3>\n<p><a href=\"https:\/\/italy-tourist-information.com\/de\/rom\/historische-wahrzeichen\" dynamic-postlink=\"tcb_post_the_permalink\" data-shortcode-id=\"724\"><\/a><\/p>\n<h3 style=\"text-align: center; padding-top: 0px !important; margin-top: 0px !important;\"><span data-attr-link=\"1\" data-attr-rel=\"0\" data-attr-target=\"0\" data-extra_key=\"\" data-option-inline=\"1\" data-shortcode=\"tcb_post_title\" data-shortcode-name=\"Post title\" data-attr-css=\"\" data-attr-static-link=\"{&quot;className&quot;:&quot;&quot;,&quot;href&quot;:&quot;#&quot;,&quot;title&quot;:&quot;Der vollst\u00e4ndige Reisef\u00fchrer zu den historischen Sehensw\u00fcrdigkeiten Roms (Deutschland)&quot;,&quot;class&quot;:&quot;&quot;}\"><a href=\"https:\/\/italy-tourist-information.com\/de\/rom\/historische-wahrzeichen\" title=\"The Complete Historical Landmarks Guide for Rome DE\" data-css=\"\">The Complete Historical Landmarks Guide for Rome DE<\/a><\/span><\/h3>\n<p>The Complete Historical Landmarks Guide for Rome Discover <a href=\"https:\/\/italy-tourist-information.com\/de\/rom\/historische-wahrzeichen#more-18024\">&#8230;<\/a><\/p>\n<p><a href=\"https:\/\/italy-tourist-information.com\/de\/rom\/historische-wahrzeichen\" style=\"\"><span style=\"\"><span style=\"\">Mehr lesen&#8230;<\/span><\/span><\/a><a href=\"javascript:void(0)\" style=\"\"><span style=\"\"><span style=\"\">Mehr laden<\/span><\/span><\/a><\/p>\n<p style=\"text-align: center;\">Antike r\u00f6mische St\u00e4tten in Rom<\/p>\n<p style=\"text-align: center;\">Caracalla-Thermen, Circus Maximus, Domus-Bereich &amp; mehr&#8230;<\/p>\n<h3 style=\"\"><span data-attr-css=\"tve-u-66ea667b116727\" data-attr-link=\"1\" data-attr-rel=\"0\" data-attr-target=\"0\" data-extra_key=\"\" data-option-inline=\"1\" data-shortcode=\"tcb_post_title\" data-shortcode-name=\"Post title\" style=\"\" data-attr-static-link=\"{&quot;className&quot;:&quot;&quot;,&quot;href&quot;:&quot;#&quot;,&quot;title&quot;:&quot;Der vollst\u00e4ndige Reisef\u00fchrer zu den historischen Sehensw\u00fcrdigkeiten Roms (Deutschland)&quot;,&quot;data-css&quot;:&quot;tve-u-66ea667b116727&quot;,&quot;class&quot;:&quot;&quot;}\"><a href=\"https:\/\/italy-tourist-information.com\/de\/rom\/historische-wahrzeichen\" title=\"The Complete Historical Landmarks Guide for Rome DE\">The Complete Historical Landmarks Guide for Rome DE<\/a><\/span><\/h3>\n<p><a href=\"https:\/\/italy-tourist-information.com\/de\/rom\/historische-wahrzeichen\" dynamic-postlink=\"tcb_post_the_permalink\" data-shortcode-id=\"200\"><\/a><\/p>\n<h3 style=\"text-align: center; padding-top: 0px !important; margin-top: 0px !important;\"><span data-attr-link=\"1\" data-attr-rel=\"0\" data-attr-target=\"0\" data-extra_key=\"\" data-option-inline=\"1\" data-shortcode=\"tcb_post_title\" data-shortcode-name=\"Post title\" data-attr-css=\"\" data-attr-static-link=\"{&quot;className&quot;:&quot;&quot;,&quot;href&quot;:&quot;#&quot;,&quot;title&quot;:&quot;Der vollst\u00e4ndige Reisef\u00fchrer zu den historischen Sehensw\u00fcrdigkeiten Roms (Deutschland)&quot;,&quot;class&quot;:&quot;&quot;}\"><a href=\"https:\/\/italy-tourist-information.com\/de\/rom\/historische-wahrzeichen\" title=\"The Complete Historical Landmarks Guide for Rome DE\" data-css=\"\">The Complete Historical Landmarks Guide for Rome DE<\/a><\/span><\/h3>\n<p>The Complete Historical Landmarks Guide for Rome Discover <a href=\"https:\/\/italy-tourist-information.com\/de\/rom\/historische-wahrzeichen#more-18024\">&#8230;<\/a><\/p>\n<p><a href=\"https:\/\/italy-tourist-information.com\/de\/rom\/historische-wahrzeichen\" style=\"\"><span style=\"\"><span style=\"\">Mehr lesen&#8230;<\/span><\/span><\/a><a href=\"javascript:void(0)\" style=\"\"><span style=\"\"><span style=\"\">Mehr laden<\/span><\/span><\/a><\/p>\n<p style=\"text-align: center;\">Kirchen in Rom&nbsp;<\/p>\n<p style=\"text-align: center;\">Lateranbasilika, Basilika Sankt Paul vor den Mauern&#8230;<\/p>\n<h3 style=\"\"><span data-attr-css=\"tve-u-66ea667b116b49\" data-attr-link=\"1\" data-attr-rel=\"0\" data-attr-target=\"0\" data-extra_key=\"\" data-option-inline=\"1\" data-shortcode=\"tcb_post_title\" data-shortcode-name=\"Post title\" style=\"\" data-attr-static-link=\"{&quot;className&quot;:&quot;&quot;,&quot;href&quot;:&quot;#&quot;,&quot;title&quot;:&quot;Der vollst\u00e4ndige Reisef\u00fchrer zu den historischen Sehensw\u00fcrdigkeiten Roms (Deutschland)&quot;,&quot;data-css&quot;:&quot;tve-u-66ea667b116b49&quot;,&quot;class&quot;:&quot;&quot;}\"><a href=\"https:\/\/italy-tourist-information.com\/de\/rom\/historische-wahrzeichen\" title=\"The Complete Historical Landmarks Guide for Rome DE\">The Complete Historical Landmarks Guide for Rome DE<\/a><\/span><\/h3>\n<p><a href=\"javascript:void(0)\" style=\"\"><span style=\"\"><span style=\"\">Mehr laden<\/span><\/span><\/a><\/p>\n<p style=\"text-align: center;\">Pl\u00e4tze und Brunnen<\/p>\n<p data-pm-slice=\"0 0 []\" style=\"text-align: center;\">Piazza Navona, Trevi-Brunnen, Piazza del Popolo und mehr &#8230;<\/p>\n<h3 style=\"\"><span data-attr-css=\"tve-u-66ea667b116e28\" data-attr-link=\"1\" data-attr-rel=\"0\" data-attr-target=\"0\" data-extra_key=\"\" data-option-inline=\"1\" data-shortcode=\"tcb_post_title\" data-shortcode-name=\"Post title\" style=\"\" data-attr-static-link=\"{&quot;className&quot;:&quot;&quot;,&quot;href&quot;:&quot;#&quot;,&quot;title&quot;:&quot;Der vollst\u00e4ndige Reisef\u00fchrer zu den historischen Sehensw\u00fcrdigkeiten Roms (Deutschland)&quot;,&quot;data-css&quot;:&quot;tve-u-66ea667b116e28&quot;,&quot;class&quot;:&quot;&quot;}\"><a href=\"https:\/\/italy-tourist-information.com\/de\/rom\/historische-wahrzeichen\" title=\"The Complete Historical Landmarks Guide for Rome DE\">The Complete Historical Landmarks Guide for Rome DE<\/a><\/span><\/h3>\n<p><a href=\"https:\/\/italy-tourist-information.com\/de\/rom\/historische-wahrzeichen\" dynamic-postlink=\"tcb_post_the_permalink\" data-shortcode-id=\"137\"><\/a><\/p>\n<h3 style=\"text-align: center; padding-top: 0px !important; margin-top: 0px !important;\"><span data-attr-link=\"1\" data-attr-rel=\"0\" data-attr-target=\"0\" data-extra_key=\"\" data-option-inline=\"1\" data-shortcode=\"tcb_post_title\" data-shortcode-name=\"Post title\" data-attr-css=\"\" data-attr-static-link=\"{&quot;className&quot;:&quot;&quot;,&quot;href&quot;:&quot;#&quot;,&quot;title&quot;:&quot;Der vollst\u00e4ndige Reisef\u00fchrer zu den historischen Sehensw\u00fcrdigkeiten Roms (Deutschland)&quot;,&quot;class&quot;:&quot;&quot;}\"><a href=\"https:\/\/italy-tourist-information.com\/de\/rom\/historische-wahrzeichen\" title=\"The Complete Historical Landmarks Guide for Rome DE\" data-css=\"\">The Complete Historical Landmarks Guide for Rome DE<\/a><\/span><\/h3>\n<p>The Complete Historical Landmarks Guide for Rome Discover <a href=\"https:\/\/italy-tourist-information.com\/de\/rom\/historische-wahrzeichen#more-18024\">&#8230;<\/a><\/p>\n<p><a href=\"https:\/\/italy-tourist-information.com\/de\/rom\/historische-wahrzeichen\" style=\"\"><span style=\"\"><span style=\"\">Mehr lesen&#8230;<\/span><\/span><\/a><a href=\"javascript:void(0)\" style=\"\"><span style=\"\"><span style=\"\">Mehr laden<\/span><\/span><\/a><\/p>\n","protected":false},"excerpt":{"rendered":"<p>Der vollst\u00e4ndige Reisef\u00fchrer zu den historischen Sehensw\u00fcrdigkeiten Roms Entdecken Sie Roms reiche Vergangenheit mit&nbsp; dem vollst\u00e4ndigen Reisef\u00fchrer zu den historischen Sehensw\u00fcrdigkeiten \u2013 Ihre ultimative Informationsquelle zu den bekanntesten Sehensw\u00fcrdigkeiten und verborgenen Sch\u00e4tzen der Stadt. Antike Ruinen in Rom Kolosseum, Forum Romanum, Palatin und mehr&#8230; The Complete Historical Landmarks Guide for Rome DE The Complete Historical [&hellip;]<\/p>\n","protected":false},"author":17,"featured_media":17848,"parent":17844,"menu_order":0,"comment_status":"closed","ping_status":"closed","template":"","meta":{"footnotes":""},"categories":[],"tags":[168,155],"class_list":["post-18024","page","type-page","status-publish","has-post-thumbnail","hentry","tag-historical-landmarks","tag-rom","post-wrapper","thrv_wrapper"],"_links":{"self":[{"href":"https:\/\/italy-tourist-information.com\/de\/wp-json\/wp\/v2\/pages\/18024","targetHints":{"allow":["GET"]}}],"collection":[{"href":"https:\/\/italy-tourist-information.com\/de\/wp-json\/wp\/v2\/pages"}],"about":[{"href":"https:\/\/italy-tourist-information.com\/de\/wp-json\/wp\/v2\/types\/page"}],"author":[{"embeddable":true,"href":"https:\/\/italy-tourist-information.com\/de\/wp-json\/wp\/v2\/users\/17"}],"replies":[{"embeddable":true,"href":"https:\/\/italy-tourist-information.com\/de\/wp-json\/wp\/v2\/comments?post=18024"}],"version-history":[{"count":7,"href":"https:\/\/italy-tourist-information.com\/de\/wp-json\/wp\/v2\/pages\/18024\/revisions"}],"predecessor-version":[{"id":19044,"href":"https:\/\/italy-tourist-information.com\/de\/wp-json\/wp\/v2\/pages\/18024\/revisions\/19044"}],"up":[{"embeddable":true,"href":"https:\/\/italy-tourist-information.com\/de\/wp-json\/wp\/v2\/pages\/17844"}],"wp:featuredmedia":[{"embeddable":true,"href":"https:\/\/italy-tourist-information.com\/de\/wp-json\/wp\/v2\/media\/17848"}],"wp:attachment":[{"href":"https:\/\/italy-tourist-information.com\/de\/wp-json\/wp\/v2\/media?parent=18024"}],"wp:term":[{"taxonomy":"category","embeddable":true,"href":"https:\/\/italy-tourist-information.com\/de\/wp-json\/wp\/v2\/categories?post=18024"},{"taxonomy":"post_tag","embeddable":true,"href":"https:\/\/italy-tourist-information.com\/de\/wp-json\/wp\/v2\/tags?post=18024"}],"curies":[{"name":"wp","href":"https:\/\/api.w.org\/{rel}","templated":true}]}}