{"id":18048,"date":"2024-10-25T23:33:39","date_gmt":"2024-10-25T23:33:39","guid":{"rendered":"https:\/\/italy-tourist-information.com\/rome\/historical-landmarks\/museums\/capitoline"},"modified":"2026-04-20T08:14:57","modified_gmt":"2026-04-20T08:14:57","slug":"kapitolinische","status":"publish","type":"page","link":"https:\/\/italy-tourist-information.com\/de\/rom\/historische-wahrzeichen\/museen\/kapitolinische","title":{"rendered":"Kapitolinische Museen: Guide mit Tickets, \u00d6ffnungszeiten &amp; Highlights"},"content":{"rendered":"<p dir=\"ltr\">Die&nbsp;  <strong>Kapitolinischen Museen<\/strong>  &nbsp;befinden sich auf einem der&nbsp;  <strong>geschichtstr\u00e4chtigsten <\/strong><strong>H\u00fcgel Roms<\/strong> , dem&nbsp;  <strong>Kapitolsh\u00fcgel<\/strong> , und bieten einen tiefen Einblick in die&nbsp;  <strong>Kunst-<\/strong>  &nbsp;und&nbsp;  <strong>Kulturgeschichte<\/strong>  &nbsp;Roms&nbsp;  .<strong><\/strong><\/p>\n<p dir=\"ltr\">Die Museen verf\u00fcgen \u00fcber eine umfangreiche Sammlung <strong>antiker Skulpturen<\/strong> ,&nbsp;  <strong>Renaissance-Gem\u00e4lde<\/strong> und&nbsp;  <strong>architektonischer Artefakte<\/strong> . Dieser Reisef\u00fchrer enth\u00e4lt alle wichtigen Informationen, von&nbsp;  <strong>Eintrittskarten<\/strong>  &nbsp;bis hin zu&nbsp;  <strong>den Sehensw\u00fcrdigkeiten<\/strong> innerhalb und au\u00dferhalb der Museen.<\/p>\n<h2 id=\"t-1727770820581\">Eintrittskarten f\u00fcr die Kapitolinischen Museen<\/h2>\n<p>Vor Ihrem Besuch der&nbsp; <strong>Kapitolinischen Museen<\/strong> ist es wichtig, im Voraus zu planen und Ihre Tickets zu sichern. Es gibt verschiedene Ticketoptionen, darunter&nbsp; <strong>regul\u00e4re Eintrittskarten<\/strong> ,&nbsp; <strong>Tickets ohne Anstehen<\/strong> und&nbsp; <strong>F\u00fchrungen<\/strong> . Hier ein kurzer \u00dcberblick:<\/p>\n<ul>\n<li><strong>Allgemeiner Eintritt<\/strong> : Standardeintritt in die Museen.<\/li>\n<li><strong>Tickets ohne Anstehen<\/strong> : Sparen Sie Zeit und vermeiden Sie lange Warteschlangen, indem Sie Tickets ohne Anstehen buchen.<\/li>\n<li><strong>Gef\u00fchrte Touren<\/strong> : Erkunden Sie die Museen mit fachkundigen F\u00fchrern, die Ihnen Einblicke in die Sammlungen und die Geschichte der Geb\u00e4ude geben.<\/li>\n<\/ul>\n<h3>Sind Rom-P\u00e4sse in den Kapitolinischen Museen g\u00fcltig?<\/h3>\n<p>Ja,&nbsp;  <strong>die Rom-P\u00e4sse sind in den<\/strong><strong>Kapitolinische Museen<\/strong>  &nbsp;sind g\u00fcltig&nbsp;  und bieten Touristen eine bequeme M\u00f6glichkeit, mehrere Sehensw\u00fcrdigkeiten zu besuchen. Hier die Optionen:<\/p>\n<ul>\n<li><strong>Roma Pass<\/strong> : Bietet&nbsp;  <strong>freien Eintritt<\/strong>  &nbsp;zu den Kapitolinischen Museen, erfordert jedoch eine vorherige Reservierung.<\/li>\n<li><strong>Go City Explorer Pass<\/strong> : Bietet ebenfalls&nbsp;  <strong>freien Eintritt<\/strong> , erfordert jedoch eine vorherige Buchung, um einen Zeitslot zu sichern.<\/li>\n<\/ul>\n<p><span><img decoding=\"async\" alt=\"\" data-id=\"9043\" width=\"624\" data-init-width=\"1000\" height=\"414\" data-init-height=\"664\" title=\"Aktivit\u00e4ten in den Kapitolinischen Museen\" loading=\"lazy\" src=\"https:\/\/italy-tourist-information.com\/wp-content\/uploads\/2024\/11\/Things-to-Do-at-Capitoline-Museums.jpg\" data-width=\"624\" data-height=\"414\" style=\"aspect-ratio: auto 1000 \/ 664;\"><\/span><\/p>\n<h2 id=\"t-1727770820582\">Aktivit\u00e4ten in den Kapitolinischen Museen<\/h2>\n<p>Die&nbsp;  <strong>Kapitolinischen Museen<\/strong>  &nbsp;bieten eine umfangreiche Sammlung an&nbsp;  <strong>Kunstwerken<\/strong> ,&nbsp;  <strong>Skulpturen<\/strong> und&nbsp;  <strong>historischen Artefakten<\/strong> . Hier ist eine Liste der Highlights, die Sie nicht verpassen sollten:<\/p>\n<ul>\n<li><strong>Kapitolinischer Wolf<\/strong> : Diese ikonische&nbsp;  <strong>Bronzeskulptur<\/strong>  &nbsp;symbolisiert die legend\u00e4re Gr\u00fcndung&nbsp;  <strong>Roms<\/strong>  &nbsp;durch&nbsp;  <strong>Romulus und Remus<\/strong> , die von einem Wolf aufgezogenen Zwillinge.<\/li>\n<li><strong>Sterbender Gallier<\/strong> : Eine ausdrucksstarke&nbsp;  <strong>hellenistische Skulptur,<\/strong>  &nbsp;die einen&nbsp;  <strong>verwundeten gallischen Krieger<\/strong>  &nbsp;in seinen letzten Augenblicken darstellt.<\/li>\n<li><strong>Reiterstatue des Marcus Aurelius<\/strong> : Eine&nbsp;  <strong>Bronzestatue<\/strong>  &nbsp;des r\u00f6mischen Kaisers zu Pferd,&nbsp;  <strong>die Frieden<\/strong> und&nbsp;  <strong>kaiserliche Majest\u00e4t<\/strong> symbolisiert.<\/li>\n<li><strong>Herkules vom Forum Boarium<\/strong> : Eine&nbsp;  <strong>Bronzestatue,<\/strong><strong>die Herkules<\/strong>  &nbsp;stellt&nbsp;  und aus dem&nbsp;  <strong>2. Jahrhundert v. Chr. dar.<\/strong> stammt .<\/li>\n<li><strong>Gem\u00e4lde von Caravaggio<\/strong> : Verpassen Sie nicht&nbsp; <strong>Johannes den T\u00e4ufer<\/strong> &nbsp;und&nbsp; <strong>Die Wahrsagerin<\/strong> , zwei der ber\u00fchmtesten Werke Caravaggios, die im Museum ausgestellt sind.<\/li>\n<li><strong>Fresken und Stuckdekorationen<\/strong> : Darstellungen von Szenen aus&nbsp; <strong>der antiken r\u00f6mischen Geschichte<\/strong> &nbsp;und dem Leben von&nbsp; <strong>Petrus und Paulus<\/strong> .<\/li>\n<\/ul>\n<h2 id=\"t-1727770820583\">Wo befinden sich die Kapitolinischen Museen?<\/h2>\n<p>Die&nbsp;  <strong>Kapitolinischen Museen<\/strong>  &nbsp;befinden sich auf&nbsp;  <strong>der Piazza del Campidoglio<\/strong> , im Herzen&nbsp;  <strong>Roms<\/strong> . Die Museen sind in zwei Geb\u00e4uden untergebracht:<\/p>\n<ul>\n<li><strong>Palazzo dei Conservatori<\/strong><\/li>\n<li><strong>Palazzo Nuovo<\/strong><\/li>\n<\/ul>\n<p><strong>Durch die zentrale Lage lassen sich nahegelegene Sehensw\u00fcrdigkeiten wie das Forum Romanum<\/strong> ,&nbsp;  <strong>das Kolosseum<\/strong> und&nbsp;  <strong>das Pantheon<\/strong> bequem erkunden&nbsp;  .<\/p>\n<ul>\n<li><strong>Adresse<\/strong> : Kapitolinische Museen, Piazza del Campidoglio, 1, 00186 Roma<\/li>\n<li><strong>Google Maps<\/strong> :&nbsp;  <a href=\"https:\/\/maps.app.goo.gl\/H9FdhRZpzAo3M87UA\" rel=\"nofollow noopener\" target=\"_blank\" style=\"outline: currentcolor;\">Lage der Kapitolinischen Museen<\/a><\/li>\n<\/ul>\n<h2 id=\"t-1727770820584\">Wie komme ich dorthin?<\/h2>\n<p>Die&nbsp;  <strong>Kapitolinischen Museen<\/strong>  &nbsp;sind bequem mit&nbsp;  <strong>\u00f6ffentlichen Verkehrsmitteln<\/strong>  &nbsp;oder&nbsp;  <strong>zu Fu\u00df<\/strong>  &nbsp;von anderen bekannten Sehensw\u00fcrdigkeiten aus erreichbar. Hier sind die besten M\u00f6glichkeiten, die Museen zu erreichen:<\/p>\n<ul>\n<li><strong>Mit der Metro<\/strong> : Die n\u00e4chstgelegene Station ist&nbsp;  <strong>Colosseo<\/strong>  &nbsp;(Linie B), von der aus <strong>man 13 Gehminuten<\/strong>  &nbsp;zur\u00fccklegen kann.<\/li>\n<li><strong>Mit dem Bus<\/strong> : Die Buslinien&nbsp;  <strong>30<\/strong> ,&nbsp;  <strong>51<\/strong> ,&nbsp;  <strong>81<\/strong> und weitere halten an der Haltestelle&nbsp;  <strong>Ara Coeli\/Piazza Venezia<\/strong> , von der aus es nur&nbsp;  <strong>2 Gehminuten sind<\/strong> .<\/li>\n<li><strong>Mit der Stra\u00dfenbahn<\/strong> :&nbsp;  <strong>Die Linie 8<\/strong>  &nbsp;h\u00e4lt an&nbsp;  <strong>der Haltestelle Venezia<\/strong> , von dort sind es&nbsp;  <strong>6 Minuten Fu\u00dfweg<\/strong> .<\/li>\n<li><strong>Zu Fu\u00df<\/strong> : Wichtige Sehensw\u00fcrdigkeiten wie das&nbsp;  <strong>Forum Romanum<\/strong> ,&nbsp;  <strong>der Trevi-Brunnen<\/strong> und&nbsp;  <strong>das Pantheon<\/strong>  &nbsp;sind innerhalb von&nbsp;  <strong>15 Minuten zu Fu\u00df erreichbar<\/strong> .<\/li>\n<\/ul>\n<p>\u00dcber diesen Link finden Sie&nbsp;  <a href=\"https:\/\/www.atac.roma.it\/en\/utility\/maps\" rel=\"nofollow noopener\" target=\"_blank\" style=\"outline: currentcolor;\">offizielle Fahrpl\u00e4ne des \u00f6ffentlichen Nahverkehrs.<\/a><\/p>\n<h2 id=\"t-1727770820585\">\u00d6ffnungszeiten der Kapitolinischen Museen<\/h2>\n<p>Die&nbsp;  <strong>Kapitolinischen Museen<\/strong>  &nbsp;sind t\u00e4glich ge\u00f6ffnet, die \u00d6ffnungszeiten k\u00f6nnen jedoch an Feiertagen abweichen. Um einen reibungslosen Besuch zu gew\u00e4hrleisten, ist es ratsam, im Voraus zu planen.<\/p>\n<ul>\n<li><strong>T\u00e4glich<\/strong> : 9:30 Uhr bis 19:30 Uhr<\/li>\n<li><strong>24. und 31. Dezember<\/strong> : 9:30 Uhr bis 14:00 Uhr<\/li>\n<li><strong>1. Januar<\/strong> : 11:00 bis 20:00 Uhr<\/li>\n<li><strong>Geschlossen<\/strong> : 1. Mai und 25. Dezember<\/li>\n<\/ul>\n<p>Letzter Einlass ist&nbsp;  <strong>eine Stunde vor Schlie\u00dfung<\/strong> .<\/p>\n<p><span><img decoding=\"async\" alt=\"\" data-id=\"9044\" width=\"624\" data-init-width=\"1000\" height=\"417\" data-init-height=\"668\" title=\"Geschichte der Kapitolinischen Museen\" loading=\"lazy\" src=\"https:\/\/italy-tourist-information.com\/wp-content\/uploads\/2024\/11\/History-of-the-Capitoline-Museums.jpg\" data-width=\"624\" data-height=\"417\" style=\"aspect-ratio: auto 1000 \/ 668;\"><\/span><\/p>\n<h2 id=\"t-1727770820586\">Geschichte der Kapitolinischen Museen<\/h2>\n<p>Die&nbsp;  <strong>Kapitolinischen Museen<\/strong>  &nbsp;blicken auf eine lange Geschichte zur\u00fcck, die bis ins&nbsp;  <strong>Jahr 1471<\/strong> reicht, als&nbsp;  <strong>Papst Sixtus IV.<\/strong>  &nbsp;dem&nbsp;  <strong>r\u00f6mischen Volk <\/strong><strong>Bronzestatuen<\/strong>  &nbsp;schenkte&nbsp;  . Zu den wichtigsten Ereignissen in der Geschichte der Museen z\u00e4hlen:<strong><\/strong><\/p>\n<ul>\n<li><strong>1471<\/strong> : Schenkung von Bronzestatuen durch Papst Sixtus IV., darunter die&nbsp; <strong>Kapitolinische W\u00f6lfin<\/strong> ,&nbsp; <strong>der Kolossalkopf Konstantins<\/strong> und&nbsp; <strong>der Spinarius<\/strong> .<\/li>\n<li><strong>1537<\/strong> :&nbsp; <strong>Michelangelos Neugestaltung<\/strong> &nbsp;des&nbsp; <strong>Kapitolinischen Platzes<\/strong> , einschlie\u00dflich der Pl\u00e4ne f\u00fcr den&nbsp; <strong>Palazzo dei Conservatori<\/strong> und den&nbsp; <strong>Palazzo Nuovo<\/strong> .<\/li>\n<li><strong>1734<\/strong> :&nbsp; <strong>Er\u00f6ffnung f\u00fcr die \u00d6ffentlichkeit<\/strong> &nbsp;unter&nbsp; <strong>Papst Clemens XII.<\/strong> , womit es das&nbsp; <strong>erste \u00f6ffentliche Museum<\/strong> &nbsp;der Welt wurde.<\/li>\n<li><strong>19. Jahrhundert<\/strong> : Die Erweiterung des Museums w\u00e4hrend&nbsp; <strong>der Einigung Roms<\/strong> , wodurch bedeutende Werke wie die&nbsp; <strong>Castellani-Sammlung<\/strong> &nbsp;antiker Keramik hinzukamen.<\/li>\n<\/ul>\n<p>Die Museen sind nach wie vor ein&nbsp; <strong>kulturelles Zentrum<\/strong> und pr\u00e4sentieren&nbsp; <strong>die r\u00f6mische Geschichte<\/strong> &nbsp;und&nbsp; <strong>die k\u00fcnstlerischen Errungenschaften<\/strong> &nbsp;von&nbsp; <strong>der Antike bis zur Renaissance<\/strong> .<\/p>\n<h2 id=\"t-1727770820587\">Warum sind die Kapitolinischen Museen so ber\u00fchmt?<\/h2>\n<p>Die&nbsp;  <strong>Kapitolinischen Museen<\/strong>  &nbsp;sind aus mehreren Gr\u00fcnden ber\u00fchmt:<\/p>\n<ul>\n<li><strong>\u00c4ltestes \u00f6ffentliches Museum<\/strong> : Es wurde <strong>1734<\/strong> gegr\u00fcndet und ist das&nbsp;  <strong>erste \u00f6ffentliche Museum<\/strong>  &nbsp;der Welt, das allen offensteht.<\/li>\n<li><strong>Eine unvergleichliche Sammlung<\/strong> : Mit&nbsp;  <strong>antiken r\u00f6mischen Skulpturen<\/strong> ,&nbsp;  <strong>Meisterwerken der Renaissance<\/strong> und Artefakten aus verschiedenen Jahrhunderten.<\/li>\n<li><strong>Ikonische Werke<\/strong> : Heimat ber\u00fchmter Kunstwerke wie der&nbsp;  <strong>Kapitolinischen W\u00f6lfin<\/strong> , des&nbsp;  <strong>Sterbenden Galliers<\/strong> und des&nbsp;  <strong>Reiterstandbildes des Marcus Aurelius<\/strong> .<\/li>\n<li><strong>Historische Lage<\/strong> : Die auf dem&nbsp;  <strong>Capitoline Hill<\/strong> gelegenen Museen selbst sind geschichtstr\u00e4chtig und wurden von&nbsp;  <strong>Michelangelo<\/strong> entworfen.<\/li>\n<\/ul>\n<h2 id=\"t-1727770820588\">Woher stammt der Begriff \u201eKapitolinisch\u201c?<\/h2>\n<p>Der Begriff&nbsp;  <strong>\u201eKapitolinisch\u201c<\/strong>  &nbsp;leitet sich vom lateinischen Wort \u201e <strong>caput<\/strong> \u201c ab , was \u201eKopf\u201c bedeutet, da&nbsp;  <strong>der Kapitolsh\u00fcgel als symbolisches<\/strong><strong>Haupt Roms<\/strong>  &nbsp;galten&nbsp;  . Auf dem H\u00fcgel entdeckten sich wichtige Tempel, darunter der&nbsp;  <strong>Tempel des Jupiter Optimus Maximus<\/strong> , was ihn zu einem zentralen Ort religi\u00f6ser und politischer Bedeutung im&nbsp;  <strong>antiken Rom<\/strong> machte.<\/p>\n<h2 id=\"t-1727770820589\">Ausstattung und Barrierefreiheit der Kapitolinischen Museen&nbsp;<\/h2>\n<p>Die&nbsp;  <strong>Kapitolinischen Museen<\/strong>  &nbsp;bieten Serviceleistungen f\u00fcr einen angenehmen Besuch:<\/p>\n<ul>\n<li><strong>Garderobe<\/strong> : Kostenlose Aufbewahrungsm\u00f6glichkeit f\u00fcr gro\u00dfe Taschen, Regenschirme und Rucks\u00e4cke.<\/li>\n<li><strong>Buchhandlung<\/strong> : Eine gro\u00dfe Auswahl an&nbsp;  <strong>Kunstb\u00fcchern<\/strong>  &nbsp;und&nbsp;  <strong>Merchandise-Artikeln<\/strong>  &nbsp;mit Bezug zu den Museen.<\/li>\n<li><strong>Audioguides<\/strong> : Erh\u00e4ltlich zum Kauf oder \u00fcber die&nbsp;  <strong>Museums-App<\/strong> .<\/li>\n<li><strong>Cafeteria<\/strong> : Die&nbsp; <strong>Caffarelli-Terrasse<\/strong> am&nbsp; <strong>Piazzale Caffarelli<\/strong> &nbsp;bietet Erfrischungen mit Blick auf&nbsp; <strong>Rom<\/strong> .<strong><\/strong><strong><\/strong><\/li>\n<li><strong>Barrierefreiheit<\/strong> :&nbsp; &nbsp;F\u00fcr Besucher mit&nbsp; <strong>eingeschr\u00e4nkter Mobilit\u00e4t stehen Aufz\u00fcge und <\/strong><strong>Treppenlifte<\/strong> zur Verf\u00fcgung . Barrierefreie Wege sind vorhanden; detaillierte Informationen finden Sie auf der&nbsp; <strong>offiziellen Website<\/strong> .<strong><\/strong><strong><\/strong><\/li>\n<\/ul>\n<h2 id=\"t-1727770820590\">Was Sie vor Ihrem Besuch wissen sollten<\/h2>\n<p>Bei der Planung Ihres Besuchs des&nbsp;  <strong>Kapitolinischen Museums<\/strong> beachten Sie bitte die folgenden&nbsp;  <strong>Regeln<\/strong>  &nbsp;und&nbsp;  <strong>Vorschriften<\/strong> :<\/p>\n<ul>\n<li><strong>Fotografie<\/strong> : Private Fotografie ist ohne Blitz und Stativ erlaubt. F\u00fcr die kommerzielle Nutzung ist eine Genehmigung erforderlich.<\/li>\n<li><strong>Taschen und Rucks\u00e4cke<\/strong> : Gro\u00dfe Taschen m\u00fcssen in der Garderobe abgegeben werden.<\/li>\n<li><strong>Respektvolles Verhalten<\/strong> : Von den Besuchern wird erwartet, dass sie die Ausstellungsst\u00fccke und andere G\u00e4ste respektieren.<\/li>\n<\/ul>\n<h2 id=\"t-1727770820591\">Reisetipps<\/h2>\n<p>Damit Ihr Besuch in den&nbsp;  <strong>Kapitolinischen Museen<\/strong> reibungslos verl\u00e4uft, finden Sie hier einige hilfreiche Tipps:<\/p>\n<ul>\n<li><strong>Tickets im Voraus kaufen<\/strong> : Vermeiden Sie lange Warteschlangen, indem Sie Tickets online buchen.<\/li>\n<li><strong>Kommen Sie fr\u00fch<\/strong> : Morgens ist es im Museum ruhiger.<\/li>\n<li><strong>Tragen Sie bequeme Schuhe<\/strong> : Sie werden durch gro\u00dfe Hallen und Ausstellungsr\u00e4ume laufen.<\/li>\n<li><strong>Nutzen Sie einen Audioguide<\/strong> : Bereichern Sie Ihr Erlebnis mit detaillierten Informationen zu den Kunstwerken.<\/li>\n<\/ul>\n<p><span><img decoding=\"async\" alt=\"\" data-id=\"9045\" width=\"624\" data-init-width=\"1000\" height=\"391\" data-init-height=\"626\" title=\"Die wichtigsten Sehensw\u00fcrdigkeiten in der N\u00e4he des Kapitols\" loading=\"lazy\" src=\"https:\/\/italy-tourist-information.com\/wp-content\/uploads\/2024\/11\/Top-Attractions-Nearby.jpg\" data-width=\"624\" data-height=\"391\" style=\"aspect-ratio: auto 1000 \/ 626;\"><\/span><\/p>\n<h2 id=\"t-1727770820592\">Alle Top-Attraktionen in der N\u00e4he<\/h2>\n<p>Die&nbsp;  <strong>Kapitolinischen Museen<\/strong>  &nbsp;sind von mehreren ikonischen Sehensw\u00fcrdigkeiten umgeben, die alle innerhalb von&nbsp;  <strong>15 Gehminuten erreichbar<\/strong> sind:<\/p>\n<ul>\n<li><strong>Basilika Santa Maria in Aracoeli<\/strong> : Nur&nbsp;  <strong>1 Minute Fu\u00dfweg<\/strong>  &nbsp;bis zu dieser romanischen Kirche auf dem Kapitolsh\u00fcgel.<\/li>\n<li><strong>Vittoriano<\/strong> : Nur&nbsp;  <strong>4 Gehminuten entfernt<\/strong>  &nbsp;befindet sich das&nbsp;  <strong>Denkmal f\u00fcr Italiens ersten K\u00f6nig<\/strong> , ein atemberaubendes architektonisches Meisterwerk.<\/li>\n<li><strong>R\u00f6misches Forum und Palatinh\u00fcgel<\/strong> : Nur&nbsp;  <strong>9 Gehminuten<\/strong>  &nbsp;im Herzen des&nbsp;  <strong>antiken Roms<\/strong> .<\/li>\n<li><strong>Kolosseum<\/strong> : Ein&nbsp;  <strong>12-min\u00fctiger Spaziergang<\/strong>  &nbsp;zum&nbsp;  <strong>legend\u00e4ren Amphitheater<\/strong> .<\/li>\n<li><strong>Trevi-Brunnen<\/strong> : Ein&nbsp;  <strong>15-min\u00fctiger Spaziergang<\/strong>  &nbsp;zu&nbsp;  <strong>Roms ber\u00fchmtem Barockbrunnen<\/strong> .<\/li>\n<\/ul>\n<p>Die&nbsp;  <strong>Kapitolinischen Museen<\/strong>  &nbsp;bieten ein unvergleichliches Erlebnis&nbsp;  <strong>r\u00f6mischer Kunst<\/strong>  &nbsp;und&nbsp;  <strong>Geschichte<\/strong> in einem architektonischen Meisterwerk, das von&nbsp;  <strong>Michelangelo<\/strong> entworfen wurde.<\/p>\n<p>Ob Kunstliebhaber oder Geschichtsfan \u2013 dieses kulturelle Juwel ist ein absolutes Muss in <strong>Rom<\/strong> . Verpassen Sie nicht die Gelegenheit, die Sch\u00e4tze der&nbsp;  <strong>Kapitolinischen Museen<\/strong>  &nbsp;und die nahegelegenen&nbsp;  <strong>historischen St\u00e4tten zu entdecken, die<\/strong><strong>Rom<\/strong> zu einer der gro\u00dfartigsten St\u00e4dte der Welt &nbsp;machen.<\/p>\n<h3 style=\"\">Verwandte Artikel<\/h3>\n<p><a href=\"https:\/\/italy-tourist-information.com\/de\/rom\/historische-wahrzeichen\/museen\/kapitolinische\" dynamic-postlink=\"tcb_post_the_permalink\" data-shortcode-id=\"7774\"><\/a><\/p>\n<h2 style=\"padding-top: 0px !important; margin-top: 0px !important; text-align: center;\" id=\"t-1679578462888\" data-hide=\"true\"><span data-shortcode=\"tcb_post_title\" data-shortcode-name=\"Post title\" data-extra_key=\"\" data-attr-link=\"1\" data-attr-target=\"0\" data-attr-rel=\"0\" data-option-inline=\"1\" data-attr-static-link=\"{&quot;className&quot;:&quot;&quot;,&quot;href&quot;:&quot;#&quot;,&quot;title&quot;:&quot;A Complete Guide to the Capitoline Museums in Rome DE&quot;,&quot;class&quot;:&quot;&quot;}\" data-attr-css=\"\"><a href=\"https:\/\/italy-tourist-information.com\/de\/rom\/historische-wahrzeichen\/museen\/kapitolinische\" title=\"A Complete Guide to the Capitoline Museums in Rome DE\" data-css=\"\">A Complete Guide to the Capitoline Museums in Rome DE<\/a><\/span><\/h2>\n","protected":false},"excerpt":{"rendered":"<p>Die&nbsp; Kapitolinischen Museen &nbsp;befinden sich auf einem der&nbsp; geschichtstr\u00e4chtigsten H\u00fcgel Roms , dem&nbsp; Kapitolsh\u00fcgel , und bieten einen tiefen Einblick in die&nbsp; Kunst- &nbsp;und&nbsp; Kulturgeschichte &nbsp;Roms&nbsp; . Die Museen verf\u00fcgen \u00fcber eine umfangreiche Sammlung antiker Skulpturen ,&nbsp; Renaissance-Gem\u00e4lde und&nbsp; architektonischer Artefakte . Dieser Reisef\u00fchrer enth\u00e4lt alle wichtigen Informationen, von&nbsp; Eintrittskarten &nbsp;bis hin zu&nbsp; den Sehensw\u00fcrdigkeiten [&hellip;]<\/p>\n","protected":false},"author":17,"featured_media":18049,"parent":18028,"menu_order":0,"comment_status":"open","ping_status":"closed","template":"","meta":{"footnotes":""},"categories":[],"tags":[168,169,155,160],"class_list":["post-18048","page","type-page","status-publish","has-post-thumbnail","hentry","tag-historical-landmarks","tag-museum","tag-rom","tag-things-to-do","post-wrapper","thrv_wrapper"],"_links":{"self":[{"href":"https:\/\/italy-tourist-information.com\/de\/wp-json\/wp\/v2\/pages\/18048","targetHints":{"allow":["GET"]}}],"collection":[{"href":"https:\/\/italy-tourist-information.com\/de\/wp-json\/wp\/v2\/pages"}],"about":[{"href":"https:\/\/italy-tourist-information.com\/de\/wp-json\/wp\/v2\/types\/page"}],"author":[{"embeddable":true,"href":"https:\/\/italy-tourist-information.com\/de\/wp-json\/wp\/v2\/users\/17"}],"replies":[{"embeddable":true,"href":"https:\/\/italy-tourist-information.com\/de\/wp-json\/wp\/v2\/comments?post=18048"}],"version-history":[{"count":20,"href":"https:\/\/italy-tourist-information.com\/de\/wp-json\/wp\/v2\/pages\/18048\/revisions"}],"predecessor-version":[{"id":19791,"href":"https:\/\/italy-tourist-information.com\/de\/wp-json\/wp\/v2\/pages\/18048\/revisions\/19791"}],"up":[{"embeddable":true,"href":"https:\/\/italy-tourist-information.com\/de\/wp-json\/wp\/v2\/pages\/18028"}],"wp:featuredmedia":[{"embeddable":true,"href":"https:\/\/italy-tourist-information.com\/de\/wp-json\/wp\/v2\/media\/18049"}],"wp:attachment":[{"href":"https:\/\/italy-tourist-information.com\/de\/wp-json\/wp\/v2\/media?parent=18048"}],"wp:term":[{"taxonomy":"category","embeddable":true,"href":"https:\/\/italy-tourist-information.com\/de\/wp-json\/wp\/v2\/categories?post=18048"},{"taxonomy":"post_tag","embeddable":true,"href":"https:\/\/italy-tourist-information.com\/de\/wp-json\/wp\/v2\/tags?post=18048"}],"curies":[{"name":"wp","href":"https:\/\/api.w.org\/{rel}","templated":true}]}}