{"id":18106,"date":"2024-10-25T23:25:03","date_gmt":"2024-10-25T23:25:03","guid":{"rendered":"https:\/\/italy-tourist-information.com\/rome\/historical-landmarks\/churches\/basilica-of-st-paul"},"modified":"2026-04-17T13:24:21","modified_gmt":"2026-04-17T13:24:21","slug":"sankt-paul-vor-den-mauern","status":"publish","type":"page","link":"https:\/\/italy-tourist-information.com\/de\/rom\/historische-wahrzeichen\/kirchen\/sankt-paul-vor-den-mauern","title":{"rendered":"Guide zu Sankt Paul vor den Mauern: \u00d6ffnungszeiten, Geschichte &amp; Besuchertipps"},"content":{"rendered":"<p><strong>Die Basilika Sankt Paul vor den Mauern<\/strong> , die sich direkt hinter den alten Stadtmauern Roms befindet, ist ein monumentales Zeugnis jahrhundertelanger&nbsp;  <strong>Glaubenstradition<\/strong> ,&nbsp;  <strong>Kunst<\/strong> und&nbsp;  <strong>Pilgerfahrt<\/strong> .<\/p>\n<p><strong>Die dem Apostel Paulus<\/strong> geweihte Basilika z\u00e4hlt zu den&nbsp;  <strong>vier wichtigsten p\u00e4pstlichen Basiliken<\/strong>  &nbsp;Roms und ist ein bedeutendes Ziel f\u00fcr&nbsp;  <strong>Pilger<\/strong>  &nbsp;und&nbsp;  <strong>Kunstliebhaber<\/strong>  &nbsp;. Als Teil des&nbsp;  <strong>UNESCO-Welterbes<\/strong> besitzt sie immense historische und spirituelle Bedeutung innerhalb&nbsp;  <strong>des Christentums<\/strong> .<\/p>\n<p><strong>Ob Sie die reiche Geschichte<\/strong> erkunden&nbsp;  , die&nbsp;  <strong>architektonische Sch\u00f6nheit<\/strong> bewundern oder dem&nbsp;  <strong>Grab des Heiligen Paulus<\/strong> Ihre Ehrerbietung erweisen m\u00f6chten \u2013 dieser Reisef\u00fchrer bietet Ihnen alle Informationen f\u00fcr einen umfassenden Besuch. <br \/>Er enth\u00e4lt Angaben zu <strong>Tickets<\/strong> ,&nbsp;  <strong>\u00d6ffnungszeiten<\/strong> , Anreise&nbsp;  <strong>und<\/strong> den&nbsp;  <strong>H\u00f6hepunkten<\/strong> dieses heiligen Ortes.<\/p>\n<h2>Eintrittskarten f\u00fcr die Basilika St. Paul vor den Mauern<\/h2>\n<p>Der Eintritt in die&nbsp;  <strong>Basilika St. Paul vor den Mauern<\/strong>  &nbsp;ist frei, f\u00fcr&nbsp;  <strong>F\u00fchrungen<\/strong>  &nbsp;und den Zugang zu bestimmten Bereichen, wie dem&nbsp;  <strong>Kreuzgang<\/strong>  &nbsp;und der&nbsp;  <strong>arch\u00e4ologischen St\u00e4tte<\/strong> , fallen jedoch Geb\u00fchren an.<\/p>\n<p>Hier sind einige der am besten bewerteten Touren:<\/p>\n<h2>Ben\u00f6tige ich eine F\u00fchrung f\u00fcr St. Paul Outside the Walls?<\/h2>\n<p>Sie k\u00f6nnen&nbsp;  &nbsp;die Basilika zwar auch auf eigene Faust erkunden, aber eine <strong>F\u00fchrung bietet wertvolle Einblicke in ihre<\/strong><strong>Geschichte<\/strong> ,&nbsp;  <strong>Architektur<\/strong> und&nbsp;  <strong>Kunstwerke<\/strong> .<\/p>\n<p><strong>Fachkundige Guides erwecken die Geschichten und die Bedeutung des Ortes zum Leben<\/strong> und bereichern Ihr Erlebnis durch detaillierte Informationen und den Zugang zu Bereichen, die normalen Besuchern nicht immer zug\u00e4nglich sind.<\/p>\n<p><span><img decoding=\"async\" alt=\"\" data-id=\"9051\" width=\"624\" data-init-width=\"1000\" height=\"351\" data-init-height=\"562\" title=\"Aktivit\u00e4ten in St. Paul au\u00dferhalb der Stadtmauern\" loading=\"lazy\" src=\"https:\/\/italy-tourist-information.com\/wp-content\/uploads\/2024\/11\/Things-to-Do-in-St.-Paul-Outside-the-Walls.jpg\" data-width=\"624\" data-height=\"351\" style=\"aspect-ratio: auto 1000 \/ 562;\"><\/span><\/p>\n<h2 id=\"t-1720995222096\">Aktivit\u00e4ten in St. Paul au\u00dferhalb der Stadtmauern<\/h2>\n<p><strong>In der Basilika St. Paul vor den Mauern<\/strong> gibt es viele Sch\u00e4tze und Besonderheiten zu entdecken&nbsp;  . Dazu geh\u00f6ren:<\/p>\n<ul>\n<li><strong>Der Quadriportico<\/strong> : Der&nbsp;  <strong>westliche Haupteingang<\/strong>  &nbsp;ist ein imposanter S\u00e4ulengang, der von 150 wei\u00dfen Granits\u00e4ulen umgeben ist und einen grandiosen und ruhigen Innenhof bildet.<\/li>\n<li><strong>Die Statue des Heiligen Paulus<\/strong> : Eine eindrucksvolle Darstellung des&nbsp;  <strong>Heiligen Paulus,<\/strong>  &nbsp;der ein Schwert und ein Buch h\u00e4lt und damit sein Martyrium und sein theologisches Erbe symbolisiert.<\/li>\n<li><strong>Die Mosaiken<\/strong> : \u00dcber der&nbsp; <strong>S\u00e4ulenhalle<\/strong> zeigen pr\u00e4chtige Mosaiken&nbsp; <strong>alttestamentliche Propheten<\/strong> ,&nbsp; <strong>den thronenden Christus<\/strong> und Szenen, die&nbsp; <strong>die Erl\u00f6sung<\/strong> symbolisieren .<\/li>\n<li><strong>Die Papstportr\u00e4ts<\/strong> : Eine ununterbrochene Reihe von Papstportr\u00e4ts zieht sich durch die Basilika, von&nbsp; <strong>St. Peter<\/strong> &nbsp;bis&nbsp; <strong>Papst Franziskus<\/strong> , und markiert fast 2000 Jahre christlicher Geschichte.<\/li>\n<li><strong>Der Triumphbogen<\/strong> : Ein atemberaubender Mosaikbogen mit&nbsp; <strong>Christus Pantokrator<\/strong> , flankiert von Aposteln und Evangelisten, ein Meisterwerk&nbsp; <strong>byzantinischer Kunst<\/strong> .<\/li>\n<li><strong>Das Grab des heiligen Paulus<\/strong> : Unter dem&nbsp; <strong>Beichtaltar<\/strong> &nbsp;befindet sich das&nbsp; <strong>Grab des Apostels Paulus<\/strong> , ein seit Jahrhunderten verehrter Ort. Die Radiokohlenstoffdatierung hat best\u00e4tigt, dass die Gebeine h\u00f6chstwahrscheinlich dem&nbsp; <strong>heiligen Paulus<\/strong> geh\u00f6ren .<\/li>\n<li><strong>Der Kreuzgang<\/strong> : Ein friedlicher Bereich mit&nbsp; <strong>reich verzierten S\u00e4ulen<\/strong> , Mosaiken und Reliquien aus der alten Basilika, die&nbsp; im 13. Jahrhundert von der <strong>Familie Vassalletto entworfen wurde.<\/strong><\/li>\n<\/ul>\n<h2>Wo befindet sich die Basilika St. Paul vor den Mauern?<\/h2>\n<p>Die Basilika befindet sich im S\u00fcden Roms, au\u00dferhalb der Stadtmauern, in der N\u00e4he des&nbsp; <strong>Tibers<\/strong> .<\/p>\n<p dir=\"ltr\"><strong>Die Basilika St. Paul vor den Mauern hat zwei Eing\u00e4nge:<\/strong><\/p>\n<ul>\n<li ltr\"\"=\"\"><strong>Der westliche Haupteingang,<\/strong> bekannt als Quadriportico, ist der ideale Ausgangspunkt f\u00fcr Ihre Tour.<\/li>\n<li ltr\"\"=\"\"><strong>Der Nordeingang,<\/strong> bekannt als Gregorianische S\u00e4ulenhalle, den Sie am Ende Ihrer Tour als Ausgang nehmen sollten.<\/li>\n<li><strong>Adresse<\/strong> : Piazzale San Paolo, 1, 00146 Rom<\/li>\n<li><strong>Google Maps:&nbsp; <\/strong><a href=\"https:\/\/maps.app.goo.gl\/ivmMjnoATjN7t4G89\" rel=\"nofollow noopener\" target=\"_blank\">Standort der Basilika St. Paul vor den Mauern<\/a><\/li>\n<\/ul>\n<h2>Wie man dorthin gelangt<\/h2>\n<p>So erreichen Sie die Basilika mit&nbsp; <strong>\u00f6ffentlichen Verkehrsmitteln<\/strong> &nbsp;oder zu Fu\u00df:<\/p>\n<ul>\n<li><strong>U-Bahn<\/strong> : Nehmen Sie&nbsp; <strong>die Linie B<\/strong> &nbsp;bis zur&nbsp; <strong>Station Basilica San Paolo<\/strong> , dann sind es noch 4 Minuten Fu\u00dfweg bis zur Basilika.<\/li>\n<li><strong>Bus<\/strong> : Die Linien&nbsp; <strong>23, 769 und 792<\/strong> &nbsp;halten an der&nbsp; <strong>Haltestelle Ostiense\/San Paolo<\/strong> , von der aus Sie eine Minute zu Fu\u00df erreichen. Andere Linien wie&nbsp; <strong>128, 669 und 766<\/strong> &nbsp;halten an&nbsp; <strong>der Haltestelle Baldelli<\/strong> , von der aus Sie drei Minuten zu Fu\u00df gehen k\u00f6nnen.<\/li>\n<li><strong>Zug<\/strong> : Nehmen Sie&nbsp; <strong>die RomaLido-Linie<\/strong> und steigen Sie an&nbsp; <strong>der Station Basilica San Paolo<\/strong> aus . Von dort sind es 4 Minuten Fu\u00dfweg.<\/li>\n<\/ul>\n<h2>\u00d6ffnungszeiten von St. Paul Outside the Walls<\/h2>\n<p>Planen Sie Ihren Besuch am besten innerhalb der folgenden \u00d6ffnungszeiten, <strong>am fr\u00fchen Morgen<\/strong> &nbsp;oder&nbsp; <strong>sp\u00e4ten Nachmittag,<\/strong> &nbsp;um Ihr Erlebnis optimal zu gestalten:<\/p>\n<ul>\n<li><strong>Basilika<\/strong> : t\u00e4glich von 7:00 bis 18:30 Uhr.<\/li>\n<li><strong>Kloster<\/strong> : t\u00e4glich von 9:00 bis 17:30 Uhr.<\/li>\n<li><strong>Sakristei<\/strong> : t\u00e4glich von 7:00 bis 12:00 Uhr und von 16:00 bis 18:30 Uhr.<\/li>\n<\/ul>\n<h2>Wie viel Zeit sollte ich f\u00fcr einen Besuch einplanen?<\/h2>\n<p><strong>Um die Basilika in ihrer ganzen Pracht zu erkunden, sollten Sie etwa 1,5 bis 2 Stunden<\/strong> einplanen&nbsp; . Dies beinhaltet:<\/p>\n<ul>\n<li>Besuch&nbsp; <strong>des Grabes des heiligen Paulus<\/strong> .<\/li>\n<li>Erkundung der&nbsp; <strong>Kreuzg\u00e4nge<\/strong> &nbsp;und&nbsp; <strong>Souvenirl\u00e4den<\/strong> .<\/li>\n<li>Ich genie\u00dfe eine Pause in der&nbsp; <strong>Cafeteria<\/strong> .<\/li>\n<\/ul>\n<p>F\u00fcr eine&nbsp; <strong>gef\u00fchrte Tour<\/strong> &nbsp;und einen tieferen Einblick in die Geschichte der Basilika sollten Sie&nbsp; <strong>3 bis 3,5 Stunden<\/strong> einplanen .<\/p>\n<p><span><img decoding=\"async\" alt=\"\" data-id=\"9052\" width=\"624\" data-init-width=\"1000\" height=\"414\" data-init-height=\"664\" title=\"Geschichte von St. Paul vor den Mauern\" loading=\"lazy\" src=\"https:\/\/italy-tourist-information.com\/wp-content\/uploads\/2024\/11\/History-of-St.-Paul-Outside-the-Walls.jpg\" data-width=\"624\" data-height=\"414\" style=\"aspect-ratio: auto 1000 \/ 664;\"><\/span><\/p>\n<h2>Eine kurze Geschichte von St. Paul Outside the Walls<\/h2>\n<p>Die&nbsp; <strong>Basilika Sankt Paul vor den Mauern<\/strong> &nbsp;wurde urspr\u00fcnglich&nbsp; &nbsp;im&nbsp; <strong>4. Jahrhundert von <\/strong><strong>Kaiser Konstantin<\/strong> in Auftrag gegeben , um den Apostel&nbsp; <strong>Paulus zu ehren, der unter <\/strong><strong>Kaiser Nero<\/strong> in Rom den M\u00e4rtyrertod erlitt&nbsp; . Die Basilika erhebt sich \u00fcber&nbsp; <strong>dem Grab des heiligen Paulus<\/strong> und war somit ein zentraler Wallfahrtsort f\u00fcr die fr\u00fchen Christen.<strong><\/strong><strong><\/strong><strong><\/strong><strong><\/strong><\/p>\n<p><strong>Wichtige historische Meilensteine<\/strong> :<\/p>\n<ul>\n<li><strong>4. Jahrhundert<\/strong> : Die urspr\u00fcngliche Basilika wurde &nbsp;im&nbsp; <strong>Jahr 324 n. Chr. von <\/strong><strong>Papst Silvester<\/strong> geweiht&nbsp; .<strong><\/strong><\/li>\n<li><strong>9. Jahrhundert<\/strong> : Zum Schutz der Basilika vor Eindringlingen wurde eine Wehrmauer errichtet.<\/li>\n<li><strong>11. Jahrhundert<\/strong> : Der&nbsp; <strong>Glockenturm<\/strong> &nbsp;und&nbsp; <strong>das byzantinische Portal<\/strong> &nbsp;wurden errichtet.<\/li>\n<li><strong>13. Jahrhundert<\/strong> : Der&nbsp; <strong>Vassalletto-Kreuzgang<\/strong> ,&nbsp; <strong>der gotische Baldachin<\/strong> und&nbsp; <strong>die Osterkerze<\/strong> &nbsp;wurden hinzugef\u00fcgt.<\/li>\n<li><strong>1823<\/strong> : Ein verheerender Brand zerst\u00f6rte einen Gro\u00dfteil der Basilika, doch sie wurde wieder in ihrer alten Pracht aufgebaut.<\/li>\n<li><strong>2007<\/strong> :&nbsp; <strong>Papst Benedikt XVI.<\/strong> &nbsp;rief das&nbsp; <strong>Paulinische Jahr aus, um das Verm\u00e4chtnis <\/strong><strong>des heiligen Paulus<\/strong> &nbsp;zu feiern&nbsp; .<\/li>\n<\/ul>\n<p><span><img decoding=\"async\" alt=\"\" data-id=\"9053\" width=\"624\" data-init-width=\"1000\" height=\"416\" data-init-height=\"667\" title=\"Die Bedeutung des heiligen Paulus au\u00dferhalb der Mauern im Christentum\" loading=\"lazy\" src=\"https:\/\/italy-tourist-information.com\/wp-content\/uploads\/2024\/11\/The-Significance-of-St.-Paul-Outside-the-Walls-in-Christianity.jpg\" data-width=\"624\" data-height=\"416\" style=\"aspect-ratio: auto 1000 \/ 667;\"><\/span><\/p>\n<h2>Die Bedeutung des heiligen Paulus au\u00dferhalb der Mauern im Christentum<\/h2>\n<p>Die&nbsp; <strong>Basilika St. Paul vor den Mauern<\/strong> &nbsp;besitzt eine immense spirituelle und historische Bedeutung:<\/p>\n<ul>\n<li><strong>Grab des heiligen Paulus<\/strong> : Die letzte Ruhest\u00e4tte des&nbsp; <strong>heiligen Paulus<\/strong> , einer der einflussreichsten Pers\u00f6nlichkeiten des Christentums.<\/li>\n<li><strong>Wallfahrtsort<\/strong> : Die Basilika ist seit Jahrhunderten ein bedeutendes Wallfahrtsziel und zieht Christen aus aller Welt an.<\/li>\n<li><strong>\u00d6kumenisches Symbol<\/strong> : Als eine der vier gro\u00dfen p\u00e4pstlichen Basiliken spielt sie eine Schl\u00fcsselrolle bei der F\u00f6rderung&nbsp;  <strong>der christlichen Einheit<\/strong>  &nbsp;und des Dialogs.<\/li>\n<li><strong>Architektonisches Meisterwerk<\/strong> : Mit ihren&nbsp;  <strong>byzantinischen Mosaiken<\/strong> ,&nbsp;  <strong>Papstportr\u00e4ts<\/strong> und&nbsp;  <strong>Kreuzg\u00e4ngen<\/strong> spiegelt die Basilika die&nbsp;  <strong>Entwicklung der christlichen Kunst<\/strong> wider.<\/li>\n<\/ul>\n<h2>Weniger bekannte, interessante Fakten und Geheimnisse von St. Paul Outside the Walls<\/h2>\n<p><strong>Die Basilika St. Paul vor den Mauern<\/strong>  &nbsp;ist ein Ort reich an Geschichte und verborgenen Wundern. \u00dcber ihre religi\u00f6se Bedeutung hinaus birgt sie faszinierende Geheimnisse:<\/p>\n<ul>\n<li><strong>Fl\u00fcsternde W\u00e4nde:<\/strong>  &nbsp;Die Akustik der Basilika ist so fein abgestimmt, dass ein Fl\u00fcstern an einem Ende am anderen deutlich zu h\u00f6ren ist. Dies ist der&nbsp;  <strong>architektonischen Gestaltung<\/strong>  &nbsp;und den verwendeten Materialien zu verdanken.<\/li>\n<li><strong>Konstantins Tunnel:<\/strong> &nbsp;Ein antiker Tunnel unter der Basilika, der angeblich von&nbsp; <strong>Kaiser Konstantin<\/strong> erbaut wurde , diente den fr\u00fchen Christen w\u00e4hrend der Verfolgung als Zufluchtsort f\u00fcr geheime Zusammenk\u00fcnfte.<\/li>\n<li><strong>Das \u00dcberleben eines Tsunamis:<\/strong> &nbsp;Im&nbsp; <strong>Jahr 854 n. Chr.<\/strong> traf ein seltener Tsunami Rom, doch die Basilika blieb unversehrt, was als Zeichen&nbsp; <strong>g\u00f6ttlichen Schutzes<\/strong> gewertet wurde .<\/li>\n<li><strong>Versteckte Katzenklappe:<\/strong> &nbsp;In der N\u00e4he einer der S\u00e4ulen befindet sich eine kleine, fast unsichtbare T\u00fcr, durch die die im Kloster lebenden Katzen Zugang zur Basilika und den G\u00e4rten erhielten.<\/li>\n<li><strong>Geheime Bibliothek:<\/strong> &nbsp;Die Basilika beherbergt eine&nbsp; <strong>seltene Manuskriptsammlung<\/strong> , von der einige so alt und wertvoll sind, dass sie nur selten der \u00d6ffentlichkeit gezeigt werden.<\/li>\n<li><strong>L\u00e4ngste p\u00e4pstliche Portr\u00e4tgalerie:<\/strong> &nbsp;Eine ununterbrochene Reihe von&nbsp; <strong>Papstportr\u00e4ts<\/strong> , vom&nbsp; <strong>heiligen Petrus bis zum heutigen Papst<\/strong> , macht dies zur l\u00e4ngsten Galerie ihrer Art, die sich \u00fcber fast 2000 Jahre erstreckt.<\/li>\n<li><strong>Der unvollendete Engel:<\/strong> &nbsp;Unter den Statuen befindet sich ein&nbsp; <strong>unvollendeter Engel<\/strong> , der aus unbekannten Gr\u00fcnden unvollst\u00e4ndig blieb und so f\u00fcr zus\u00e4tzliches Geheimnis sorgt.<\/li>\n<li><strong>Sonnenkonstellation:<\/strong> &nbsp;Am&nbsp; <strong>29. Juni<\/strong> , dem Gedenktag des Heiligen Paulus, ist ein Sonnenstrahl perfekt auf den Altar ausgerichtet und symbolisiert g\u00f6ttliche Gunst.<\/li>\n<li><strong>Geheime G\u00e4rten:<\/strong> &nbsp;Angrenzend an die Basilika befinden sich die&nbsp; <strong>Klosterg\u00e4rten<\/strong> , die normalerweise nicht \u00f6ffentlich zug\u00e4nglich sind und von&nbsp; <strong>Benediktinerm\u00f6nchen<\/strong> mit seltenen Pflanzen gepflegt werden, die in der antiken Medizin verwendet wurden.<\/li>\n<\/ul>\n<h2>Besuchsregeln<\/h2>\n<p>Respektieren Sie die heilige Atmosph\u00e4re, indem Sie diese&nbsp;  <strong>Richtlinien<\/strong> befolgen:<\/p>\n<ul>\n<li><strong>Kleiderordnung<\/strong> : Schultern und Knie m\u00fcssen bedeckt sein.<\/li>\n<li><strong>Ruhe<\/strong> : Sorgen Sie f\u00fcr eine ruhige und respektvolle Atmosph\u00e4re.<\/li>\n<li><strong>Fotografieren<\/strong> : Erlaubt, aber&nbsp;  <strong>ohne Blitz<\/strong>  &nbsp;und&nbsp;  <strong>ohne Stativ<\/strong> .<\/li>\n<li><strong>Essen und Trinken verboten<\/strong> : Bitte vermeiden Sie es, in der Basilika zu essen oder zu trinken.<\/li>\n<li><strong>Beachten Sie die Beschilderung<\/strong> : Halten Sie sich an alle Hinweisschilder und die Anweisungen des Personals.<\/li>\n<\/ul>\n<h3>Einrichtungen und Barrierefreiheit<\/h3>\n<ul>\n<li><strong>Angebotladen<\/strong> : T\u00e4glich ge\u00f6ffnet, an religi\u00f6se Artikeln, B\u00fcchern und&nbsp;  <strong>Briefmarken der Vatikanischen Post<\/strong> .<\/li>\n<li><strong>Cafeteria<\/strong> : T\u00e4glich von 8 bis 19 Uhr ge\u00f6ffnet, serviert Erfrischungen und Snacks.<\/li>\n<li><strong>Barrierefreiheit<\/strong> : Rampen und barrierefreie Wege erm\u00f6glichen es Besuchern mit Rollstuhl, die meisten Bereiche zu erkunden.<\/li>\n<\/ul>\n<h2>Die Top-Sehensw\u00fcrdigkeiten in der N\u00e4he von St. Paul au\u00dferhalb der Stadtmauern<\/h2>\n<p>Obwohl viele Sehensw\u00fcrdigkeiten in der N\u00e4he der Basilika nur mit \u00f6ffentlichen Verkehrsmitteln erreichbar sind, hier einige Highlights:<\/p>\n<ul>\n<li><strong>R\u00f6misches Forum<\/strong> : 30 Minuten mit \u00f6ffentlichen Verkehrsmitteln entfernt.<a href=\"https:\/\/colosseo.it\/en\/tickets\/24h-colosseum-roman-forum-and-palatine\/\" rel=\"noopener nofollow\" target=\"_new\" style=\"outline: currentcolor;\"><\/a><\/li>\n<li><strong>Trevi-Brunnen<\/strong> : 30 Minuten Fahrtzeit.<\/li>\n<\/ul>\n<p dir=\"ltr\">Die&nbsp;  <strong>Basilika Sankt Paul vor den Mauern<\/strong>  &nbsp;ist nicht nur ein Gotteshaus, sondern eine wahre Schatzkammer an&nbsp;  <strong>Kunst<\/strong> ,&nbsp;  <strong>Geschichte<\/strong> und&nbsp;  <strong>spiritueller Bedeutung<\/strong> . Von ihren&nbsp;  <strong>atemberaubenden Mosaiken<\/strong>  &nbsp;bis zum&nbsp;  <strong>Grab des heiligen Paulus<\/strong> bietet diese Basilika Besuchern eine bereichernde Reise durch&nbsp;  <strong>das christliche Erbe<\/strong> . Ob Pilger oder Reisender \u2013 Ihr Besuch dieser ikonischen r\u00f6mischen Basilika wird ein unvergessliches und beeindruckendes Erlebnis sein.<\/p>\n<h3 style=\"\">Verwandte Artikel<\/h3>\n<p><a href=\"https:\/\/italy-tourist-information.com\/de\/rom\/historische-wahrzeichen\/kirchen\/sankt-paul-vor-den-mauern\" dynamic-postlink=\"tcb_post_the_permalink\" data-shortcode-id=\"7972\"><\/a><\/p>\n<h2 style=\"padding-top: 0px !important; margin-top: 0px !important; text-align: center;\" id=\"t-1679578462888\" data-hide=\"true\"><span data-shortcode=\"tcb_post_title\" data-shortcode-name=\"Post title\" data-extra_key=\"\" data-attr-link=\"1\" data-attr-target=\"0\" data-attr-rel=\"0\" data-option-inline=\"1\" data-attr-static-link=\"{&quot;className&quot;:&quot;&quot;,&quot;href&quot;:&quot;#&quot;,&quot;title&quot;:&quot;Basilica of St. Paul Outside the Walls: A Complete Guide to History, Tips, and Location DE&quot;,&quot;class&quot;:&quot;&quot;}\" data-attr-css=\"\"><a href=\"https:\/\/italy-tourist-information.com\/de\/rom\/historische-wahrzeichen\/kirchen\/sankt-paul-vor-den-mauern\" title=\"Basilica of St. Paul Outside the Walls: A Complete Guide to History, Tips, and Location DE\" data-css=\"\">Basilica of St. Paul Outside the Walls: A Complete Guide to History, Tips, and Location DE<\/a><\/span><\/h2>\n","protected":false},"excerpt":{"rendered":"<p>Die Basilika Sankt Paul vor den Mauern , die sich direkt hinter den alten Stadtmauern Roms befindet, ist ein monumentales Zeugnis jahrhundertelanger&nbsp; Glaubenstradition ,&nbsp; Kunst und&nbsp; Pilgerfahrt . Die dem Apostel Paulus geweihte Basilika z\u00e4hlt zu den&nbsp; vier wichtigsten p\u00e4pstlichen Basiliken &nbsp;Roms und ist ein bedeutendes Ziel f\u00fcr&nbsp; Pilger &nbsp;und&nbsp; Kunstliebhaber &nbsp;. Als Teil des&nbsp; [&hellip;]<\/p>\n","protected":false},"author":17,"featured_media":18107,"parent":18093,"menu_order":0,"comment_status":"open","ping_status":"closed","template":"","meta":{"footnotes":""},"categories":[],"tags":[168,146,155,160],"class_list":["post-18106","page","type-page","status-publish","has-post-thumbnail","hentry","tag-historical-landmarks","tag-kirchen","tag-rom","tag-things-to-do","post-wrapper","thrv_wrapper"],"_links":{"self":[{"href":"https:\/\/italy-tourist-information.com\/de\/wp-json\/wp\/v2\/pages\/18106","targetHints":{"allow":["GET"]}}],"collection":[{"href":"https:\/\/italy-tourist-information.com\/de\/wp-json\/wp\/v2\/pages"}],"about":[{"href":"https:\/\/italy-tourist-information.com\/de\/wp-json\/wp\/v2\/types\/page"}],"author":[{"embeddable":true,"href":"https:\/\/italy-tourist-information.com\/de\/wp-json\/wp\/v2\/users\/17"}],"replies":[{"embeddable":true,"href":"https:\/\/italy-tourist-information.com\/de\/wp-json\/wp\/v2\/comments?post=18106"}],"version-history":[{"count":8,"href":"https:\/\/italy-tourist-information.com\/de\/wp-json\/wp\/v2\/pages\/18106\/revisions"}],"predecessor-version":[{"id":19743,"href":"https:\/\/italy-tourist-information.com\/de\/wp-json\/wp\/v2\/pages\/18106\/revisions\/19743"}],"up":[{"embeddable":true,"href":"https:\/\/italy-tourist-information.com\/de\/wp-json\/wp\/v2\/pages\/18093"}],"wp:featuredmedia":[{"embeddable":true,"href":"https:\/\/italy-tourist-information.com\/de\/wp-json\/wp\/v2\/media\/18107"}],"wp:attachment":[{"href":"https:\/\/italy-tourist-information.com\/de\/wp-json\/wp\/v2\/media?parent=18106"}],"wp:term":[{"taxonomy":"category","embeddable":true,"href":"https:\/\/italy-tourist-information.com\/de\/wp-json\/wp\/v2\/categories?post=18106"},{"taxonomy":"post_tag","embeddable":true,"href":"https:\/\/italy-tourist-information.com\/de\/wp-json\/wp\/v2\/tags?post=18106"}],"curies":[{"name":"wp","href":"https:\/\/api.w.org\/{rel}","templated":true}]}}