{"id":18114,"date":"2024-10-25T23:31:18","date_gmt":"2024-10-25T23:31:18","guid":{"rendered":"https:\/\/italy-tourist-information.com\/rome\/historical-landmarks\/churches\/pilgrim-churches"},"modified":"2026-04-17T13:46:20","modified_gmt":"2026-04-17T13:46:20","slug":"pilgerkirchen","status":"publish","type":"page","link":"https:\/\/italy-tourist-information.com\/de\/rom\/historische-wahrzeichen\/kirchen\/pilgerkirchen","title":{"rendered":"Die sieben Pilgerkirchen in Rom: Kompletter Guide mit Route, Geschichte &amp; Tipps"},"content":{"rendered":"<p>Rom ist eine Stadt mit reichem spirituellem Erbe und verwaltet einige der heiligsten St\u00e4tten des&nbsp;  <strong>Christentums<\/strong> . Unter ihren vielen Sch\u00e4tzen ragen die&nbsp;  <strong>Sieben Wallfahrtskirchen<\/strong>  &nbsp;als Symbol des Glaubens hervor und bieten einen Weg, den Pilger seit Jahrhunderten beschreiten.<\/p>\n<p>Diese Kirchen, von denen jede ihre eigene historische und architektonische Bedeutung hat, sind Teil einer traditionellen Pilgerreise, die als \u201e <strong>Sieben-Kirchen-Wanderung\u201c<\/strong> bekannt ist.<\/p>\n<p><strong>In diesem Leitfaden<\/strong> f\u00fchren wir Sie durch die Urspr\u00fcnge dieser Tradition und geben Ihnen einen detaillierten Einblick in die sieben Kirchen, die diese <strong>spirituelle Reise ausmachen,<\/strong> einschlie\u00dflich <strong>der Anreise<\/strong> ,&nbsp;  <strong>Aktivit\u00e4ten<\/strong> und der&nbsp;  <strong>besten Besuchszeiten<\/strong> .<\/p>\n<p>Ob Pilger oder Reisender, diese heiligen St\u00e4tten bieten eine unvergleichliche Verbindung zur <strong>Geschichte Roms und zum christlichen Glauben.<\/strong><\/p>\n<h2 id=\"t-1732107856201\">Die 5 p\u00e4pstlichen Basiliken<\/h2>\n<p>Die&nbsp;  <strong>f\u00fcnf p\u00e4pstlichen Basiliken<\/strong>  &nbsp;sind die bedeutendsten Kirchen im r\u00f6mischen Katholizismus; Sie genie\u00dfen einen besonderen Status unter dem&nbsp;  <strong>Heiligen Stuhl<\/strong>  &nbsp;und sind direkt dem&nbsp;  <strong>Papst<\/strong> anvertraut.<\/p>\n<p>Urspr\u00fcnglich als <strong>Patriarchalbasiliken<\/strong> bekannt, dienten sie als kirchliche Sitze der <strong>f\u00fcnf Patriarchate des fr\u00fchen Christentums<\/strong> . Jede Basilika besitzt eine besondere Bedeutung, sei es als Grabst\u00e4tte eines Apostels oder als zentraler Ort in der Kirchengeschichte.&nbsp;<\/p>\n<p>Hier sind die <strong>f\u00fcnf p\u00e4pstlichen Basiliken,<\/strong> die Teil der Pilgerreise sind:<\/p>\n<h2 id=\"t-1732107856202\">1. Lateranbasilika (Hauptpapstbasilika)<\/h2>\n<p><span><img decoding=\"async\" alt=\"Lateran, Rom, Italien\" data-id=\"8618\" width=\"624\" data-init-width=\"1000\" height=\"426\" data-init-height=\"683\" title=\"Lateran, Rom, Italien\" loading=\"lazy\" src=\"https:\/\/italy-tourist-information.com\/wp-content\/uploads\/2024\/10\/Saint-John-Lateran-Rome-Italy-Touris-Information.jpg\" data-width=\"624\" data-height=\"426\" style=\"aspect-ratio: auto 1000 \/ 683;\"><\/span><\/p>\n<p><strong>Die Mutter und das Haupt aller Kirchen auf Erden<\/strong><\/p>\n<p>Die&nbsp;  <a href=\"https:\/\/italy-tourist-information.com\/de\/rom\/historische-wahrzeichen\/lateranbasilika\" style=\"outline: currentcolor;\"><strong>Lateranbasilika<\/strong> , auch<\/a><strong>Erzbasilika des Allerheiligsten Erl\u00f6sers<\/strong> genannt , ist die&nbsp;  <strong>\u00e4lteste \u00f6ffentliche Kirche<\/strong>  &nbsp;der westlichen Welt und tr\u00e4gt den Titel&nbsp;  <strong>Mutter und Haupt aller Kirchen<\/strong> . Sie wurde 315 n. Chr. Chr. Chr. von Konstantin dem Gro\u00dfen im Auftrag gegeben&nbsp;  &nbsp;und&nbsp;  <strong>324 <\/strong><strong>n. Chr.<\/strong>  &nbsp;Chr.&nbsp;  <strong>Chr.<\/strong> geweiht . Als Sitz des&nbsp;  <strong>Papstes<\/strong> ist sie die bedeutendste der p\u00e4pstlichen Basiliken.<strong><\/strong><strong><\/strong><strong><\/strong><\/p>\n<p>Zu den bemerkenswerten Merkmalen z\u00e4hlen die&nbsp;  <strong>Barock- und Renaissance-Architektur<\/strong> ,&nbsp;  <strong>die beeindruckenden Fresken<\/strong> und die&nbsp;  <strong>Heilige Treppe<\/strong>  &nbsp;( <em>Scala Sancta<\/em> ) gegen\u00fcber der Basilika, die der \u00dcberlieferung nach jenen Stufen sind, die&nbsp;  <strong>Jesus<\/strong>  &nbsp;w\u00e4hrend seiner Passion hinaufstieg. Pilger erklimmen diese Treppe oft als Zeichen der Andacht. Das&nbsp;  <strong>Sancta Sanctorum, das sich am oberen Ende der Treppe befindet, bewachte Reliquien, darunter ein Holztisch, der dem<\/strong><strong>Der Heilige Petrus<\/strong> wird zugeschrieben&nbsp;  .<\/p>\n<ul>\n<li><strong>Adresse<\/strong> : Piazza di San Giovanni in Laterano, 4, 00184 Rom<\/li>\n<li><strong>\u00d6ffnungszeiten<\/strong> : Basilika: 7:00\u201318:30 Uhr, Sakristei: 8:00\u201312:00 Uhr und 16:00\u201318:00 Uhr, Kreuzgang: 9:00\u201318:00 Uhr<\/li>\n<li><strong>Lesen Sie mehr \u00fcber&nbsp;  <a href=\"https:\/\/italy-tourist-information.com\/de\/rom\/historische-wahrzeichen\/lateranbasilika\" style=\"outline: currentcolor;\">die Lateranbasilika.<\/a><\/strong><\/li>\n<\/ul>\n<h2 id=\"t-1720995222096\">2. Petersdom (Hauptbasilika des Papstes)<\/h2>\n<p><span><img decoding=\"async\" alt=\"Petersdom\" data-id=\"6868\" width=\"624\" data-init-width=\"1000\" height=\"416\" data-init-height=\"667\" title=\"Petersdom\" loading=\"lazy\" src=\"https:\/\/italy-tourist-information.com\/wp-content\/uploads\/2024\/09\/St.-Peters-Basilica.jpg\" data-width=\"624\" data-height=\"416\" style=\"aspect-ratio: auto 1000 \/ 667;\"><\/span><\/p>\n<p><strong>Renaissance-Anmut und barocker Glanz: Wo Glaube auf Majest\u00e4t trifft<\/strong><\/p>\n<p><strong>Der Petersdom<\/strong> im&nbsp;  <strong>Vatikan<\/strong> ist eine der ber\u00fchmtesten Kirchen der Welt und verk\u00f6rpert jahrhundertealten&nbsp;  <strong>christlichen Glauben<\/strong>  &nbsp;und&nbsp;  <strong>architektonische Meisterleistung<\/strong> . Errichtet \u00fcber den Grab des&nbsp;  <strong>heiligen Petrus<\/strong> , des ersten Papstes, ist er ein bedeutender Anziehungspunkt f\u00fcr Pilger und Touristen.<\/p>\n<p>Die Basilika wurde von einigen der gr\u00f6\u00dften Architekten der Renaissance entworfen, darunter&nbsp;  <strong>Michelangelo<\/strong> , der die pr\u00e4chtige Kuppel schuf. Im Inneren befinden sich&nbsp;  <strong>Michelangelos Piet\u00e0<\/strong> ,&nbsp;  <strong>Berninis Baldachin<\/strong> und das&nbsp;  <strong>Grab des Heiligen Petrus<\/strong> . Der Aufstieg zur Kuppel bietet einen atemberaubenden Blick \u00fcber&nbsp;  <strong>Rom<\/strong> .<\/p>\n<ul>\n<li><strong>Adresse<\/strong> : Piazza San Pietro, 00120 Vatikanstadt<\/li>\n<li><strong>\u00d6ffnungszeiten<\/strong> : T\u00e4glich von 7:00 bis 19:10 Uhr<\/li>\n<li><strong>\u00d6ffnungszeiten der Kuppel<\/strong> :\n<ul>\n<li>Sommer: 7:30 &#8211; 18:00 Uhr<\/li>\n<li style=\"\">Winter: 7:30 &#8211; 17:00 Uhr<\/li>\n<\/ul>\n<\/li>\n<li><strong>Lesen Sie mehr \u00fcber&nbsp;<\/strong> den Petersdom<\/li>\n<\/ul>\n<h2 id=\"t-1732107856203\">3. Basilika Sankt Paul vor den Mauern (Hauptbasilika des Papsttums)<\/h2>\n<p><span><img decoding=\"async\" alt=\"Basilika Sankt Paul vor den Mauern\" data-id=\"6884\" width=\"624\" data-init-width=\"1000\" height=\"312\" data-init-height=\"500\" title=\"Basilika Sankt Paul vor den Mauern\" loading=\"lazy\" src=\"https:\/\/italy-tourist-information.com\/wp-content\/uploads\/2024\/09\/Basilica-of-Saint-Paul-Outside-the-Walls-.jpg\" data-width=\"624\" data-height=\"312\" style=\"aspect-ratio: auto 1000 \/ 500;\"><\/span><\/p>\n<p><strong>Wandelt auf den Spuren des Apostels Paulus<\/strong><\/p>\n<p>Die&nbsp;  <strong>Basilika Sankt Paul vor den Mauern<\/strong>  &nbsp;steht an der Stelle, an der&nbsp;  <strong>der Heilige Paulus nach seinem Martyrium in<\/strong><strong>Rom<\/strong>  &nbsp;wurde begraben&nbsp;  . Sie wurde urspr\u00fcnglich&nbsp;  &nbsp;im&nbsp;  <strong>4. Jahrhundert von <\/strong><strong>Kaiser Konstantin<\/strong> in Auftrag gegeben und im Laufe der Jahrhunderte mehrmals wiederaufgebaut, zuletzt nach einem verheerenden Brand im&nbsp;  <strong>Jahr 1823<\/strong> .<strong><\/strong><strong><\/strong><\/p>\n<p><strong>Die romanische<\/strong> Architektur der Basilika&nbsp;  &nbsp;und die weitl\u00e4ufige&nbsp;  <strong>S\u00e4ulenhalle<\/strong>  &nbsp;schaffen eine beeindruckende Atmosph\u00e4re. Im Inneren sind die&nbsp;  <strong>Papstportr\u00e4ts<\/strong> , die&nbsp;  <strong>Mosaiken des Triumphbogens<\/strong> und das&nbsp;  <strong>Grab des Heiligen Paulus<\/strong>  &nbsp;absolute H\u00f6hepunkte, die man sich nicht entgehen lassen sollte.<\/p>\n<ul>\n<li><strong>Adresse<\/strong> : Piazzale San Paolo, 1, 00146 Rom<\/li>\n<li><strong>\u00d6ffnungszeiten<\/strong> : Basilika: 7:00\u201318:30 Uhr, Kreuzgang: 9:00\u201317:30 Uhr, Sakristei: 7:00\u201312:00 Uhr und 16:00\u201318:30 Uhr<\/li>\n<li><strong>Lesen Sie mehr \u00fcber&nbsp;<\/strong> die Basilika Sankt Paul vor den Mauern<\/li>\n<\/ul>\n<h2 id=\"t-1732107856204\">4. Basilika Santa Maria Maggiore (Hauptbasilika des Papstes)<\/h2>\n<p><span><img decoding=\"async\" alt=\"Basilika Santa Maria Maggiore Rom\" data-id=\"8622\" width=\"624\" data-init-width=\"1000\" height=\"416\" data-init-height=\"667\" title=\"Basilika Santa Maria Maggiore Rom\" loading=\"lazy\" src=\"https:\/\/italy-tourist-information.com\/wp-content\/uploads\/2024\/10\/Santa-Maria-Maggiore-Basilica-Rome-Italy-Tourist-Information.jpg\" data-width=\"624\" data-height=\"416\" style=\"aspect-ratio: auto 1000 \/ 667;\"><\/span><\/p>\n<p><strong>Schneeflocken, Heilige und heilige Stille<\/strong><\/p>\n<p>Die&nbsp;  <strong>Basilika Santa Maria Maggiore<\/strong>  &nbsp;ist eine der \u00e4ltesten Kirchen&nbsp;  <strong>Roms<\/strong>  &nbsp;, die der&nbsp;  <strong>Jungfrau Maria<\/strong> geweiht ist. Sie wurde im&nbsp;  <strong>5. Jahrhundert<\/strong> erbaut und ist ber\u00fchmt f\u00fcr ihre Verbindung zu dem legend\u00e4ren Schneefall, der den Ort ihrer Errichtung pr\u00e4gte.<\/p>\n<p>Zu den H\u00f6hepunkten z\u00e4hlen die&nbsp;  <strong>fr\u00fchchristlichen Mosaiken<\/strong> , die dem <strong>Heiligen Lukas<\/strong>  &nbsp;zugeschriebene&nbsp;  <strong>Marienikone<\/strong> und die&nbsp;  <strong>Heilige Krippe<\/strong> , die Fragmente des&nbsp;  <strong>Geburtskorbs <\/strong><strong>Jesu Christi<\/strong>  &nbsp;enthalten sollen &nbsp;. Die Basilika verwaltet au\u00dferdem den Grab des&nbsp;  ber\u00fchmten Bildhauers <strong>Gian Lorenzo Bernini.<\/strong><strong><\/strong><strong><\/strong><strong><\/strong><strong><\/strong><strong><\/strong><\/p>\n<ul>\n<li><strong>Adresse<\/strong> : Piazza di Santa Maria Maggiore, 00100 Roma<\/li>\n<li><strong>\u00d6ffnungszeiten<\/strong> : T\u00e4glich von 7:00 bis 19:00 Uhr, letzter Einlass: 18:30 Uhr<strong><\/strong><\/li>\n<\/ul>\n<h2 id=\"t-1732107856205\">5. Basilika des Heiligen Laurentius vor den Mauern (P\u00e4pstliche Basilika Minor)<\/h2>\n<p><span><img decoding=\"async\" alt=\"\" data-id=\"9055\" width=\"624\" data-init-width=\"1000\" height=\"416\" data-init-height=\"666\" title=\"Basilika des Heiligen Laurentius vor den Mauern\" loading=\"lazy\" src=\"https:\/\/italy-tourist-information.com\/wp-content\/uploads\/2024\/11\/Basilica-of-Saint-Lawrence-Outside-the-Walls.jpg\" data-width=\"624\" data-height=\"416\" style=\"aspect-ratio: auto 1000 \/ 666;\"><\/span><\/p>\n<p><strong>Zufluchtsort der Gelassenheit und des M\u00e4rtyrertums<\/strong><\/p>\n<p>Die&nbsp;  <strong>Basilika Sankt Laurentius vor den Mauern<\/strong>  &nbsp;ist einem der meistverehrten&nbsp;  <strong>christlichen M\u00e4rtyrer<\/strong> ,&nbsp;  <strong>dem Heiligen Laurentius<\/strong> , gewidmet. Die Basilika stammt aus dem&nbsp;  <strong>4. Jahrhundert<\/strong> und verwaltet in ihrer&nbsp;  <strong>mittelalterlichen Architektur<\/strong>  &nbsp;Reliquien des Heiligen Laurentius,&nbsp;  <strong>des Heiligen Stephanus<\/strong> und mehrerer&nbsp;  <strong>P\u00e4pste<\/strong> .<\/p>\n<p>Die Basilika besticht durch&nbsp;  <strong>antike S\u00e4ulen<\/strong> , kunstvolle Mosaiken und Fresken, die das Leben und Martyrium des&nbsp;  <strong>Heiligen Laurentius<\/strong> darstellen. Der beschauliche&nbsp;  <strong>Kreuzgang<\/strong>  &nbsp;bietet einen friedlichen R\u00fcckzugsort zur Besinnung.<\/p>\n<ul>\n<li><strong>Adresse<\/strong> : Piazzale del Verano, 3, 00185 Rom<\/li>\n<li>&nbsp;<strong>\u00d6ffnungszeiten<\/strong> : T\u00e4glich von 7:30 bis 12:00 Uhr und von 16:00 bis 19:00 Uhr<\/li>\n<\/ul>\n<h2 dir=\"ltr\" id=\"t-1732107856206\">Die Fertigstellung der 7 Wallfahrtskirchen<\/h2>\n<p dir=\"ltr\">Neben den f\u00fcnf p\u00e4pstlichen Basiliken z\u00e4hlten <strong>bis zum Heiligen Jahr 2000 urspr\u00fcnglich auch die <\/strong><strong>Basilika des Heiligen Kreuzes in Jerusalem<\/strong> und die <strong>Basilika des Heiligen Sebastian vor den Mauern,<\/strong> beide <strong>Basiliken Minor, zu den Wallfahrtskirchen.<\/strong><strong><\/strong><\/p>\n<p dir=\"ltr\">Im Heiligen Jahr starb <strong>Papst Johannes Paul II.<\/strong> jedoch das Heiligtum <strong>Unserer Lieben Frau von der G\u00f6ttlichen Liebe<\/strong> anstelle des Heiligtums des Heiligen Sebastian der Liste hinzu. Diese \u00c4nderung der jahrhundertealten Tradition hat sich bei den Pilgern noch nicht vollst\u00e4ndig durchgesetzt. <br \/>Daher stellen wir zun\u00e4chst die urspr\u00fcngliche Basilika vor und widmen uns anschlie\u00dfend dem Heiligtum.<\/p>\n<h2 id=\"t-1732107856207\">6. Basilika des Heiligen Kreuzes in Jerusalem (Basilika Minor)<\/h2>\n<p><span><img decoding=\"async\" alt=\"\" data-id=\"9061\" width=\"624\" data-init-width=\"2560\" height=\"456\" data-init-height=\"1872\" title=\"Basilika des Heiligen Kreuzes in Jerusalem\" loading=\"lazy\" src=\"https:\/\/italy-tourist-information.com\/wp-content\/uploads\/2024\/11\/Basilica-of-the-Holy-Cross-in-Jerusalem-scaled.jpg\" data-width=\"624\" data-height=\"456\" style=\"aspect-ratio: auto 2560 \/ 1872;\"><\/span><\/p>\n<p><strong>Wo Pilger Reliquien aus dem Heiligen Land begegnen<\/strong><\/p>\n<p>Die im&nbsp;  <strong>4. Jahrhundert gegr\u00fcndete <\/strong><strong>Basilika des Heiligen Kreuzes in Jerusalem<\/strong> , die Reliquien &nbsp;der&nbsp;  <strong>Heiligen Helena aus dem <\/strong><strong>Heiligen Land<\/strong>  &nbsp;verwaltete, &nbsp;ist eine der meistverehrten Wallfahrtsorte&nbsp;  <strong>Roms<\/strong> . In der Basilika werden Reliquien des&nbsp;  <strong>Wahren Kreuzes<\/strong> ,&nbsp;  <strong>der Dornenkrone<\/strong> und des&nbsp;  <strong>Heiligen Nagels<\/strong> aufbewahrt.<strong><\/strong><strong><\/strong><strong><\/strong><strong><\/strong><strong><\/strong><strong><\/strong><\/p>\n<ul>\n<li><strong>Adresse<\/strong> : Piazza di S. Croce in Gerusalemme, 10, 00185 Roma<\/li>\n<li><strong>\u00d6ffnungszeiten<\/strong> : Montag bis Freitag von 7:30 bis 19:30 Uhr<\/li>\n<\/ul>\n<h2 id=\"t-1732107856208\">7. Basilika des Heiligen Sebastian vor den Mauern (Basilika Minor)<\/h2>\n<p><span><img decoding=\"async\" alt=\"\" data-id=\"9021\" width=\"624\" data-init-width=\"2560\" height=\"468\" data-init-height=\"1920\" title=\"Katakomben des Heiligen Sebastian\" loading=\"lazy\" src=\"https:\/\/italy-tourist-information.com\/wp-content\/uploads\/2024\/11\/Catacombs-of-St.-Sebastian-scaled.jpg\" data-width=\"624\" data-height=\"468\" style=\"aspect-ratio: auto 2560 \/ 1920;\"><\/span><\/p>\n<p><strong>Ein Zeugnis des fr\u00fchen christlichen Glaubens<\/strong><\/p>\n<p>Die&nbsp;  <strong>Basilika San Sebastiano vor den Mauern<\/strong> liegt an der&nbsp;  <strong>Via Appia Antica<\/strong> und wurde \u00fcber den&nbsp;  <strong>Katakomben<\/strong> errichtet, in denen&nbsp;  <strong>der Heilige Sebastian<\/strong>  &nbsp;urspr\u00fcnglich begraben war. Sie ist bis heute ein bedeutender Wallfahrtsort, insbesondere f\u00fcr diejenigen, die sich f\u00fcr die fr\u00fche&nbsp;  <strong>christliche Geschichte<\/strong> interessieren.<strong><\/strong><strong><\/strong><strong><\/strong><strong><\/strong><\/p>\n<ul>\n<li><strong>Adresse<\/strong> : Via Appia Antica, 136, 00179 Rom<\/li>\n<li><strong>\u00d6ffnungszeiten<\/strong> : T\u00e4glich von 10:00 bis 17:00 Uhr<\/li>\n<\/ul>\n<h2 id=\"t-1732107856209\">8. Heiligtum Unserer Lieben Frau von der G\u00f6ttlichen Liebe (Schrein)<\/h2>\n<p><strong>Ein heiliger Ort der Wunder<\/strong><\/p>\n<p>Die&nbsp;  <strong>Wallfahrtskirche Unserer Lieben Frau von der G\u00f6ttlichen Liebe, die<\/strong>  &nbsp;im&nbsp;  <strong>Jahr 2000<\/strong>  &nbsp;von&nbsp;  <strong>Papst Johannes Paul II.<\/strong> In den&nbsp;  <strong>Pilgerweg der Sieben Kirchen<\/strong> aufgenommen wurde, ist ein der&nbsp;  <strong>Jungfrau Maria<\/strong> geweihter Wallfahrtsort. Dieser&nbsp;  <strong>Ort der Wunder<\/strong>  &nbsp;ist bekannt f\u00fcr seine&nbsp;  <strong>heilenden Kr\u00e4fte<\/strong>  &nbsp;und seine spirituelle Bedeutung.<strong><\/strong><strong><\/strong><strong><\/strong><strong><\/strong><strong><\/strong><strong><\/strong><\/p>\n<ul>\n<li><strong>Adresse<\/strong> : Via del Santuario, 10, 00134 Rom<\/li>\n<li><strong>\u00d6ffnungszeiten<\/strong> : 24 Stunden t\u00e4glich, ganzj\u00e4hrig<\/li>\n<\/ul>\n<p dir=\"ltr\"><strong><\/strong>Die&nbsp;  <strong>sieben Wallfahrtskirchen<\/strong>  &nbsp;Roms&nbsp;  &nbsp;bieten mehr als nur architektonische Sch\u00f6nheit und historische Bedeutung; Sie bieten eine&nbsp;  <strong>spirituelle<\/strong><strong>Reise<\/strong>  &nbsp;durch das Herz des&nbsp;  <strong>Christentums<\/strong> .<\/p>\n<p dir=\"ltr\">Von der <strong>Pracht des Petersdoms<\/strong>  &nbsp;bis zur&nbsp;  <strong>stillen Ruhe der St.-Laurentius-Kirche<\/strong> erz\u00e4hlt jede Kirche ihre eigene Geschichte. Ob Sie nun&nbsp;  <strong>Glauben<\/strong> ,&nbsp;  <strong>Geschichte<\/strong> oder einfach eine tiefere Verbindung zur&nbsp;  <strong>Ewigen Stadt<\/strong> suchen \u2013 diese Pilgerreise bietet ein unvergleichliches Erlebnis.<\/p>\n<h3 style=\"\">Verwandte Artikel<\/h3>\n<p><a href=\"https:\/\/italy-tourist-information.com\/de\/rom\/historische-wahrzeichen\/kirchen\/pilgerkirchen\" dynamic-postlink=\"tcb_post_the_permalink\" data-shortcode-id=\"7972\"><\/a><\/p>\n<h2 style=\"padding-top: 0px !important; margin-top: 0px !important; text-align: center;\" id=\"t-1679578462888\" data-hide=\"true\"><span data-shortcode=\"tcb_post_title\" data-shortcode-name=\"Post title\" data-extra_key=\"\" data-attr-link=\"1\" data-attr-target=\"0\" data-attr-rel=\"0\" data-option-inline=\"1\" data-attr-static-link=\"{&quot;className&quot;:&quot;&quot;,&quot;href&quot;:&quot;#&quot;,&quot;title&quot;:&quot;Complete Guide to the Seven Pilgrim Churches of Rome DE&quot;,&quot;class&quot;:&quot;&quot;}\" data-attr-css=\"\"><a href=\"https:\/\/italy-tourist-information.com\/de\/rom\/historische-wahrzeichen\/kirchen\/pilgerkirchen\" title=\"Complete Guide to the Seven Pilgrim Churches of Rome DE\" data-css=\"\">Complete Guide to the Seven Pilgrim Churches of Rome DE<\/a><\/span><\/h2>\n","protected":false},"excerpt":{"rendered":"<p>Rom ist eine Stadt mit reichem spirituellem Erbe und verwaltet einige der heiligsten St\u00e4tten des&nbsp; Christentums . Unter ihren vielen Sch\u00e4tzen ragen die&nbsp; Sieben Wallfahrtskirchen &nbsp;als Symbol des Glaubens hervor und bieten einen Weg, den Pilger seit Jahrhunderten beschreiten. Diese Kirchen, von denen jede ihre eigene historische und architektonische Bedeutung hat, sind Teil einer traditionellen [&hellip;]<\/p>\n","protected":false},"author":17,"featured_media":18115,"parent":18093,"menu_order":0,"comment_status":"open","ping_status":"closed","template":"","meta":{"footnotes":""},"categories":[],"tags":[168,146,155,160],"class_list":["post-18114","page","type-page","status-publish","has-post-thumbnail","hentry","tag-historical-landmarks","tag-kirchen","tag-rom","tag-things-to-do","post-wrapper","thrv_wrapper"],"_links":{"self":[{"href":"https:\/\/italy-tourist-information.com\/de\/wp-json\/wp\/v2\/pages\/18114","targetHints":{"allow":["GET"]}}],"collection":[{"href":"https:\/\/italy-tourist-information.com\/de\/wp-json\/wp\/v2\/pages"}],"about":[{"href":"https:\/\/italy-tourist-information.com\/de\/wp-json\/wp\/v2\/types\/page"}],"author":[{"embeddable":true,"href":"https:\/\/italy-tourist-information.com\/de\/wp-json\/wp\/v2\/users\/17"}],"replies":[{"embeddable":true,"href":"https:\/\/italy-tourist-information.com\/de\/wp-json\/wp\/v2\/comments?post=18114"}],"version-history":[{"count":11,"href":"https:\/\/italy-tourist-information.com\/de\/wp-json\/wp\/v2\/pages\/18114\/revisions"}],"predecessor-version":[{"id":19754,"href":"https:\/\/italy-tourist-information.com\/de\/wp-json\/wp\/v2\/pages\/18114\/revisions\/19754"}],"up":[{"embeddable":true,"href":"https:\/\/italy-tourist-information.com\/de\/wp-json\/wp\/v2\/pages\/18093"}],"wp:featuredmedia":[{"embeddable":true,"href":"https:\/\/italy-tourist-information.com\/de\/wp-json\/wp\/v2\/media\/18115"}],"wp:attachment":[{"href":"https:\/\/italy-tourist-information.com\/de\/wp-json\/wp\/v2\/media?parent=18114"}],"wp:term":[{"taxonomy":"category","embeddable":true,"href":"https:\/\/italy-tourist-information.com\/de\/wp-json\/wp\/v2\/categories?post=18114"},{"taxonomy":"post_tag","embeddable":true,"href":"https:\/\/italy-tourist-information.com\/de\/wp-json\/wp\/v2\/tags?post=18114"}],"curies":[{"name":"wp","href":"https:\/\/api.w.org\/{rel}","templated":true}]}}