{"id":18130,"date":"2026-03-25T23:21:00","date_gmt":"2026-03-25T23:21:00","guid":{"rendered":"https:\/\/italy-tourist-information.com\/rome\/historical-landmarks\/churches\/santa-maria-maggiore-basilica"},"modified":"2026-04-17T13:06:48","modified_gmt":"2026-04-17T13:06:48","slug":"basilika-santa-maria-maggiore","status":"publish","type":"page","link":"https:\/\/italy-tourist-information.com\/de\/rom\/historische-wahrzeichen\/kirchen\/basilika-santa-maria-maggiore","title":{"rendered":"Guide zur Basilika Santa Maria Maggiore: \u00d6ffnungszeiten, Highlights &amp; Besuchertipps"},"content":{"rendered":"<p><strong>Die Basilika Santa Maria Maggiore<\/strong> (Basilika der Heiligen Maria Maggiore) auf dem Esquilin-H\u00fcgel ist eine der <strong>vier wichtigsten p\u00e4pstlichen Basiliken<\/strong> Roms.<\/p>\n<p>Dieses praktische Bauwerk ist nicht nur ein Gotteshaus, sondern auch ein <strong>k\u00fcnstlerischer und architektonischer Schatz<\/strong> , der von \u00fcber 1500 Jahren <strong>Geschichte, Glauben und Hingabe gepr\u00e4gt ist.<\/strong><\/p>\n<p>Es ist seit Langem ein Ort von p\u00e4pstlicher Bedeutung \u2013 <strong data-end=\"699\" data-start=\"564\">sechs P\u00e4pste sind hier begraben,<\/strong> und <strong data-end=\"699\" data-start=\"564\">Papst Franziskus hat es als seine zuk\u00fcnftige Ruhest\u00e4tte gew\u00e4hlt<\/strong> , was seine anhaltende spirituelle Wichtigkeit unterstreicht. Im Inneren finden sich beeindruckende <strong>Mosaike<\/strong> ,&nbsp;  <strong>Fresken<\/strong> und&nbsp;  <strong>Skulpturen<\/strong> aus Jahrhunderten k\u00fcnstlerischen Ausdrucks.<\/p>\n<p>In diesem Leitfaden finden Sie alle wichtigen Informationen f\u00fcr Ihren Besuch, einschlie\u00dflich <a href=\"#tve-jump-19668e35157\" jump-animation=\"smooth\"><strong>Eintrittskarten<\/strong><\/a> ,&nbsp;  <strong>Anreiseinformationen<\/strong> ,&nbsp;  <strong>\u00d6ffnungszeiten<\/strong> und einen ausf\u00fchrlichen Einblick in die&nbsp;  <strong>Geschichte<\/strong>  &nbsp;und&nbsp;  <strong>die k\u00fcnstlerischen H\u00f6hepunkte&nbsp;<\/strong> dieser bemerkenswerten Basilika.<\/p>\n<h2 id=\"t-1745513423424\">Tickets f\u00fcr die Basilika Santa Maria Maggiore<\/h2>\n<p>Der Eintritt in die Basilika Santa Maria Maggiore <strong>ist frei<\/strong> . F\u00fcr bestimmte Bereiche, wie das <strong>Liberianische Historische Museum<\/strong> , das&nbsp;  <strong>Arch\u00e4ologische Gel\u00e4nde<\/strong> und f\u00fcr&nbsp;  <strong>F\u00fchrungen<\/strong> , werden jedoch Geb\u00fchren erhoben.<\/p>\n<p><span style=\"text-decoration: underline;\">Nachfolgend finden Sie einige der am besten bewerteten Ticketoptionen:<\/span><\/p>\n<ul>\n<li><a href=\"https:\/\/www.tiqets.com\/en\/rome-attractions-c71631\/tickets-for-basilica-of-santa-maria-maggiore-entry-ticket-audio-guide-p1089185\/?partner=italytouristinformation&amp;tq_campaign=BasilicaSantaMaggioreA\" target=\"_blank\" rel=\"nofollow noopener\" style=\"outline: none;\" data-lt-tmp-id=\"lt-374222\" spellcheck=\"false\">Basilika Santa Maria Maggiore: <strong>Eintrittskarte + Audioguide<\/strong><\/a><\/li>\n<li><a href=\"https:\/\/www.tiqets.com\/en\/rome-attractions-c71631\/tickets-for-basilica-papale-di-santa-maria-maggiore-dome-entry-ticket-p1097298\/?partner=italytouristinformation&amp;tq_campaign=BasilicaSantaMaggioreA\" target=\"_blank\" rel=\"nofollow noopener\" style=\"outline: none;\">Basilika Santa Maria Maggiore: <strong>Eintrittskarte f\u00fcr die Kuppel<\/strong><\/a><\/li>\n<li><a href=\"https:\/\/www.tiqets.com\/en\/rome-attractions-c71631\/tickets-for-basilica-of-santa-maria-maggiore-underground-guided-tour-p1091907\/?partner=italytouristinformation&amp;tq_campaign=BasilicaSantaMaggioreA\" target=\"_blank\" rel=\"nofollow noopener\" style=\"outline: none;\" data-lt-tmp-id=\"lt-312457\" spellcheck=\"false\">Basilika Santa Maria Maggiore: <strong>Gef\u00fchrte Tour durch die Unterwelt<\/strong><\/a><\/li>\n<li><a href=\"https:\/\/www.tiqets.com\/en\/rome-attractions-c71631\/tickets-for-basilica-di-santa-maria-maggiore-guided-tour-p1035674\/?partner=italytouristinformation&amp;tq_campaign=BasilicaSantaMaggioreA\" target=\"_blank\" rel=\"nofollow noopener\" style=\"outline: none;\" data-lt-tmp-id=\"lt-998423\" spellcheck=\"false\">Basilika Santa Maria Maggiore: <strong>F\u00fchrung<\/strong><\/a><\/li>\n<\/ul>\n<p dir=\"ltr\"><strong><span style=\"--tcb-applied-color: var$(--tcb-skin-color-0) !important; color: var(--tcb-skin-color-0) !important;\">Vorschlag:<\/span><\/strong> F\u00fchrungen bieten Zugang zu Bereichen wie den&nbsp;<strong> arch\u00e4ologischen St\u00e4tten<\/strong>  &nbsp;und&nbsp;<strong> dem historischen Museum<\/strong> und vermitteln Ihnen fachkundige Einblicke in die&nbsp;<strong> reiche Geschichte<\/strong>  &nbsp;und&nbsp;<strong> die k\u00fcnstlerische Bedeutung<\/strong> der Basilika.<\/p>\n<h2 id=\"t-1745513423425\">Ben\u00f6tige ich eine F\u00fchrung f\u00fcr die Basilika Santa Maria Maggiore?<\/h2>\n<p>Eine Erkundung auf den eigenen Faust ist zwar m\u00f6glich, doch eine&nbsp;  <strong><a data-lt-tmp-id=\"lt-998423\" href=\"https:\/\/www.tiqets.com\/en\/rome-attractions-c71631\/tickets-for-basilica-di-santa-maria-maggiore-guided-tour-p1035674\/?partner=italytouristinformation&amp;tq_campaign=BasilicaSantaMaggioreA\" rel=\"nofollow noopener\" spellcheck=\"false\" target=\"_blank\" style=\"outline: none;\"><strong>F\u00fchrung<\/strong><\/a><\/strong>  &nbsp;wird dringend empfohlen, um die Geschichte &nbsp;und&nbsp;  <strong>die k\u00fcnstlerische Bedeutung der <\/strong><strong>Basilika<\/strong> wirklich zu erfassen. F\u00fchrungen bieten:<strong><\/strong><\/p>\n<ul>\n<li><strong>Ausf\u00fchrliche Kommentare<\/strong>  &nbsp;zur Geschichte und Architektur der Basilika.<\/li>\n<li><strong>Einblick hinter die Kulissen<\/strong> &nbsp;von Bereichen wie dem&nbsp; <strong>Liberianischen Historischen Museum<\/strong> &nbsp;und&nbsp; <strong>dem Arch\u00e4ologischen Gel\u00e4nde<\/strong> .<\/li>\n<li>Exklusive Einblicke in die&nbsp; <strong>Kunstsch\u00e4tze<\/strong> , die die W\u00e4nde und Decken der Basilika schm\u00fccken.<\/li>\n<\/ul>\n<h2 id=\"t-1720995222096\">Aktivit\u00e4ten in der Basilika Santa Maria Maggiore<\/h2>\n<p><span><img decoding=\"async\" alt=\"\" data-id=\"9047\" width=\"736\" data-init-width=\"1000\" height=\"552\" data-init-height=\"750\" title=\"Aktivit\u00e4ten in der Basilika Santa Maria Maggiore\" loading=\"lazy\" src=\"https:\/\/italy-tourist-information.com\/wp-content\/uploads\/2024\/11\/Things-to-Do-in-Santa-Maria-Maggiore-Basilica.jpg\" data-width=\"736\" data-height=\"552\" style=\"aspect-ratio: auto 1000 \/ 750;\"><\/span><\/p>\n<p>&nbsp;In und um&nbsp; <strong>die Basilika Santa Maria Maggiore<\/strong> gibt es viele&nbsp; <strong>bemerkenswerte Sehensw\u00fcrdigkeiten<\/strong> zu entdecken . Hier sind einige Highlights, die man unbedingt gesehen haben muss:<strong><\/strong><\/p>\n<ul>\n<li><strong>Pal\u00e4ochristliche Mosaiken<\/strong> : Diese Mosaiken,&nbsp; die aus dem&nbsp; <strong>5. Jahrhundert stammen, zeigen <\/strong><strong>biblische Szenen<\/strong> &nbsp;und geh\u00f6ren zu den \u00e4ltesten Beispielen&nbsp; <strong>christlicher Kunst<\/strong> &nbsp;in Rom.<\/li>\n<li><strong>Mittelalterliche Mosaiken<\/strong> : Die&nbsp; <strong>Apsismosaike<\/strong> , die im 13. Jahrhundert unter der Leitung von&nbsp; <strong>Jacopo Torriti<\/strong> entstanden , zeigen Schl\u00fcsselszenen aus dem <strong>Leben der Jungfrau Maria<\/strong> .<\/li>\n<li><strong>Die Heilige Krippe<\/strong> : Eine Reliquie, die als Teil der&nbsp; <strong>Krippe Jesu gilt und in einem von <\/strong><strong>Giuseppe Valadier<\/strong> entworfenen, krippenf\u00f6rmigen Reliquiar aufbewahrt wird&nbsp; .<\/li>\n<li><strong>Salus Populi Romani<\/strong> : Dieses ikonische&nbsp; <strong>Marienbild<\/strong> , das dem&nbsp; <strong>Heiligen Lukas<\/strong> zugeschrieben wird , besitzt f\u00fcr die R\u00f6mer eine gro\u00dfe spirituelle Bedeutung.<\/li>\n<li><strong>Sixtinische Kapelle<\/strong> : Diese Kapelle, die nicht mit der <a href=\"https:\/\/italy-tourist-information.com\/de?page_id=18070\" style=\"outline: none;\">Sixtinischen Kapelle<\/a> im Vatikan identisch ist, wurde zwischen <strong>1585 und 1587<\/strong> erbaut &nbsp;und zeichnet sich durch prachtvolle&nbsp; <strong>Barockelemente<\/strong> aus .<\/li>\n<li><strong>Paulinische Kapelle : Diese von <\/strong><strong>Papst Paul V.<\/strong> erbaute&nbsp; Kapelle ist mit&nbsp; <strong>kostbarem Marmor<\/strong> verziert &nbsp;und beherbergt die ber\u00fchmte&nbsp; <strong>Ikone Salus Populi Romani<\/strong> .<\/li>\n<li><strong>Glockenturm<\/strong> : Steigen Sie auf die Spitze des&nbsp; <strong>h\u00f6chsten Glockenturms Roms<\/strong> &nbsp;(75 Meter) und genie\u00dfen Sie den Panoramablick \u00fcber die Stadt.<\/li>\n<li><strong>Sforza-Kapelle : Diese von <\/strong><strong>Michelangelo<\/strong> entworfene&nbsp; &nbsp;und nach seinem Tod fertiggestellte Kapelle zeichnet sich durch elegante&nbsp; <strong>Renaissance-Architektur<\/strong> aus .<\/li>\n<li><strong>Bernini-Familiengrab<\/strong> : Die Ruhest\u00e4tte des ber\u00fchmten K\u00fcnstlers&nbsp; <strong>Gian Lorenzo Bernini<\/strong> &nbsp;und seines Vaters&nbsp; <strong>Pietro Bernini<\/strong> .<\/li>\n<\/ul>\n<h2 id=\"t-1745513423426\">Sieben P\u00e4pste sind in der Basilika Santa Maria Maggiore begraben.<\/h2>\n<p data-end=\"325\" data-start=\"197\">Die Basilika dient als letzte Ruhest\u00e4tte f\u00fcr <strong data-end=\"263\" data-start=\"248\">sieben P\u00e4pste<\/strong> :<\/p>\n<ol>\n<li><strong>Papst Honorius III.<\/strong> &nbsp;(1150\u20131227)<\/li>\n<li><strong>Papst Nikolaus IV.<\/strong> &nbsp;(1227\u20131292)<\/li>\n<li><strong>Papst Pius V.<\/strong> &nbsp;(1504\u20131572)<\/li>\n<li><strong>Papst Sixtus V.<\/strong> &nbsp;(1521\u20131590)<\/li>\n<li><strong>Papst Clemens VIII.<\/strong> &nbsp;(1536\u20131605)<\/li>\n<li><strong>Papst Clemens IX.<\/strong> &nbsp;(1600\u20131669)<\/li>\n<li><strong>Papst Franziskus<\/strong> (1936\u20132025)<\/li>\n<\/ol>\n<h2 data-end=\"158\" data-start=\"106\" id=\"t-1745513423427\">Papst Franziskus wird in Santa Maria Maggiore beigesetzt<\/h2>\n<p data-end=\"736\" data-start=\"160\">Papst Franziskus, der am 21. April 2025 im Alter von 88 Jahren verstarb, wurde am 26. April 2025&nbsp; <strong>in der Basilika Santa Maria Maggiore beigesetzt .<\/strong><\/p>\n<p data-end=\"736\" data-start=\"160\">Diese Entscheidung bedeutete einen bedeutenden Bruch mit der Tradition, denn er war <strong>der erste Papst seit \u00fcber einem Jahrhundert, <\/strong><strong>der au\u00dferhalb des Vatikans beigesetzt wurde.<\/strong> Seine Wahl spiegelte seine tiefe Verehrung der Jungfrau Maria und seine <strong>pers\u00f6nliche Verbundenheit mit dieser Basilika wider,<\/strong> wo er oft vor der heiligen Ikone der <em data-end=\"165\" data-start=\"144\">Salus Populi Romani<\/em> betete .<\/p>\n<h2 id=\"t-1745513423428\" style=\"\">Wo befindet sich die Basilika Santa Maria Maggiore?<\/h2>\n<p><span><img decoding=\"async\" alt=\"\" data-id=\"9049\" width=\"736\" data-init-width=\"1000\" height=\"478\" data-init-height=\"650\" title=\"In der N\u00e4he der Basilika Santa Maria Maggiore\" loading=\"lazy\" src=\"https:\/\/italy-tourist-information.com\/wp-content\/uploads\/2024\/11\/Nearby-Santa-Maria-Maggiore-Basilica.jpg\" data-width=\"736\" data-height=\"478\" style=\"aspect-ratio: auto 1000 \/ 650;\"><\/span><\/p>\n<p>Die Basilika befindet sich auf&nbsp; <strong>dem Esquilin-H\u00fcgel<\/strong> , einem der&nbsp; <strong>sieben H\u00fcgel Roms<\/strong> , in der N\u00e4he des Hauptbahnhofs Roma Termini und ist daher leicht zu erreichen.<\/p>\n<ul>\n<li><strong>Adresse<\/strong> : Piazza di Santa Maria Maggiore, 00100 Roma<\/li>\n<li><strong>Google Maps:&nbsp; <\/strong><a href=\"https:\/\/maps.app.goo.gl\/iYp7PCgZZiWE1uaq8\" rel=\"nofollow noopener\" target=\"_blank\" style=\"outline: none;\">Standort der Basilika Santa Maria Maggiore<\/a><\/li>\n<\/ul>\n<h2 id=\"t-1745513423429\" style=\"\">Wie gelangt man zur Basilika Santa Maria Maggiore?<\/h2>\n<p>Die Basilika Santa Maria Maggiore ist gut an <a href=\"https:\/\/italy-tourist-information.com\/de?page_id=17930\"><strong>das \u00f6ffentliche Verkehrsnetz<\/strong><\/a> angebunden &nbsp;und von anderen wichtigen Sehensw\u00fcrdigkeiten aus zu Fu\u00df erreichbar:<\/p>\n<ul>\n<li><strong>U-Bahn<\/strong> : Nehmen Sie&nbsp; <strong>die Linie A<\/strong> &nbsp;oder&nbsp; <strong>B<\/strong> &nbsp;bis zur&nbsp; Station <strong>Termini<\/strong> &nbsp;. Von dort sind es&nbsp; <strong>5 Minuten Fu\u00dfweg<\/strong> &nbsp;bis zur Basilika.<\/li>\n<li><strong>Bus<\/strong> : Mehrere Buslinien halten in der N\u00e4he der Basilika:<\/li>\n<li><strong>Bus 16, 70, 71, 75, 117, 360, 590, 649, 714<\/strong> : Haltestelle S. Maria Maggiore<\/li>\n<li><strong>Bus 105<\/strong> : Haltestelle Farini, 2 Minuten Fu\u00dfweg<\/li>\n<li><strong>Stra\u00dfenbahn<\/strong> : Die Linien 5 und 14 halten an den Haltestellen&nbsp; <strong>Farini<\/strong> &nbsp;und&nbsp; <strong>Napoleone III<\/strong> .<\/li>\n<\/ul>\n<p>F\u00fcr alle, die lieber zu Fu\u00df gehen, ist die Basilika etwa 20 Minuten von ber\u00fchmten Sehensw\u00fcrdigkeiten wie dem&nbsp; <a href=\"https:\/\/italy-tourist-information.com\/de\/rom\/historische-wahrzeichen\/forum-romanum-palatin\"><strong>Forum Romanum<\/strong><\/a> &nbsp;und&nbsp; <a href=\"https:\/\/italy-tourist-information.com\/de\/rom\/historische-wahrzeichen\/kolosseum\" style=\"outline: none;\"><strong>dem Kolosseum<\/strong><\/a> entfernt .<\/p>\n<p>\u00dcber diesen Link finden Sie&nbsp; <a href=\"https:\/\/www.atac.roma.it\/en\/utility\/maps\" rel=\"nofollow noopener\" target=\"_blank\" style=\"outline: none;\" data-lt-tmp-id=\"lt-878506\" spellcheck=\"false\">offizielle Fahrpl\u00e4ne des \u00f6ffentlichen Nahverkehrs .<\/a><\/p>\n<h2 id=\"t-1745513423430\">\u00d6ffnungszeiten der Basilika Santa Maria Maggiore<\/h2>\n<p><strong>Die Basilika ist t\u00e4glich ge\u00f6ffnet und l\u00e4sst sich daher problemlos in jede Rom-Reise<\/strong> einplanen&nbsp; :<\/p>\n<ul>\n<li><strong>Basilika<\/strong> : 7:00 bis 19:00 Uhr (Letzter Einlass um 18:30 Uhr)<\/li>\n<li><strong>Liberianisches Historisches Museum<\/strong> &nbsp;und&nbsp; <strong>Arch\u00e4ologisches Gebiet<\/strong> : 9:30 bis 18:00 Uhr<\/li>\n<\/ul>\n<p><strong><span style=\"--tcb-applied-color: rgb(233, 7, 45) !important; color: rgb(233, 7, 45) !important;\">Hinweis:<\/span> <\/strong> Bei hohem Besucheraufkommen kann es jenach Warteschlangenl\u00e4nge<strong> zu Schlie\u00dfungen 30 Minuten fr\u00fcher als geplant kommen.<\/strong><\/p>\n<h2 id=\"t-1745513423431\" style=\"\">Geschichte der Basilika Santa Maria Maggiore<\/h2>\n<p><span><img decoding=\"async\" alt=\"\" data-id=\"9048\" width=\"736\" data-init-width=\"1000\" height=\"491\" data-init-height=\"667\" title=\"Geschichte der Basilika Santa Maria Maggiore\" loading=\"lazy\" src=\"https:\/\/italy-tourist-information.com\/wp-content\/uploads\/2024\/11\/History-of-Santa-Maria-Maggiore-Basilica.jpg\" data-width=\"736\" data-height=\"491\" style=\"aspect-ratio: auto 1000 \/ 667;\"><\/span><\/p>\n<p>Der Legende nach wurde <strong>die Basilika Santa Maria Maggiore<\/strong>  &nbsp;an der Stelle eines wundersamen Schneefalls Mitte August errichtet,&nbsp;  wurde <strong>Papst Liberius<\/strong> dazu veranlasste, den Standort f\u00fcr den Bau der Basilika festzulegen.<\/p>\n<p>Dieses Ereignis wird jedes Jahr am <strong>5. August<\/strong> beginnen, wenn wei\u00dfe Bl\u00fctenbl\u00e4tter von der Decke der Basilika herabregnen.<\/p>\n<p>&nbsp;Die Basilika wurde im Jahr&nbsp;  <strong>432 n. Chr. Chr.<\/strong> w\u00e4hrend des Pontifikats von&nbsp;  <strong>Papst Sixtus III. erbaut und nach dem <\/strong><strong>Konzil von Ephesus<\/strong> zu Ehren der Jungfrau Maria errichtet&nbsp;  . Im Laufe der Jahrhunderte wurde sie mehrfach renoviert und war ein wichtiger Ort f\u00fcr <strong>p\u00e4pstliche Zeremonien<\/strong> .<strong><\/strong><strong><\/strong><br \/><strong><\/strong><\/p>\n<ul>\n<li><strong>Gut zu wissen:&nbsp;<\/strong> Der Legende nach wurde die Basilika erbaut, nachdem ein wohlhabendes r\u00f6misches Ehepaar und <strong>Papst Liberius<\/strong> &nbsp;Visionen der&nbsp; <strong>Jungfrau Maria<\/strong> hatten . Diese offenbarte ihnen, dass ein wundersamer Schneefall den Ort f\u00fcr den Bau einer Kirche zu ihren Ehren weisen w\u00fcrde. Dies f\u00fchrte zur Weihe von&nbsp; <strong>Santa Maria Maggiore<\/strong> &nbsp;als&nbsp; <strong>\u201eUnsere Liebe Frau vom Schnee\u201c<\/strong> .<\/li>\n<\/ul>\n<h2 id=\"t-1745513423433\">Besuchsregeln und Reisetipps f\u00fcr die Basilika Santa Maria Maggiore<\/h2>\n<p><span style=\"text-decoration: underline;\">Bitte beachten Sie vor Ihrem Besuch folgende <strong>Richtlinien<\/strong> :<\/span><\/p>\n<ul>\n<li><strong>Kleiderordnung<\/strong> : Angemessene Kleidung wird empfohlen. Schultern und Knie sollten bedeckt sein, um den sakralen Charakter der Basilika zu respektieren.<\/li>\n<li><strong>Stille<\/strong> : Bewahren Sie ein ruhiges und respektvolles Verhalten.<\/li>\n<li><strong>Fotografie<\/strong> : Fotografieren ohne Blitz ist erlaubt, in einigen Bereichen k\u00f6nnen jedoch Einschr\u00e4nkungen gelten.<\/li>\n<\/ul>\n<p><span style=\"text-decoration: underline;\">Um Ihren Besuch noch angenehmer zu gestalten, beachten Sie bitte folgende <strong>Reisetipps<\/strong> :<\/span><\/p>\n<ul>\n<li><strong>Um den Menschenmassen zu entgehen<\/strong> : Besuchen Sie uns fr\u00fch am Morgen oder sp\u00e4t am Nachmittag, um die Sto\u00dfzeiten zu vermeiden.<\/li>\n<li><strong>Bringen Sie Wasser mit<\/strong> : Achten Sie auf ausreichende Fl\u00fcssigkeitszufuhr, insbesondere in den Sommermonaten.<\/li>\n<li><strong>Erkunden Sie nahegelegene Sehensw\u00fcrdigkeiten<\/strong> : Die Basilika liegt in der N\u00e4he von bedeutenden Attraktionen wie dem&nbsp;  <strong>Forum Romanum<\/strong> ,&nbsp;  <strong>dem Kolosseum<\/strong> und&nbsp;  <strong><a href=\"https:\/\/italy-tourist-information.com\/de\/rom\/historische-wahrzeichen\/trevi-brunnen\" style=\"outline: none;\" data-lt-tmp-id=\"lt-981121\" spellcheck=\"false\">dem Trevi-Brunnen<\/a><\/strong> .<strong><a href=\"https:\/\/italy-tourist-information.com\/de\/rom\/historische-wahrzeichen\/trevi-brunnen\" style=\"outline: none;\" data-lt-tmp-id=\"lt-981121\" spellcheck=\"false\"><\/a><\/strong><\/li>\n<\/ul>\n<h2 id=\"t-1745513423432\" style=\"\">Barrierefreiheit, Einrichtungen und Serviceleistungen in der Basilika Santa Maria Maggiore<\/h2>\n<p>Die Basilika bietet Besuchern verschiedene Einrichtungen:<\/p>\n<ul>\n<li><strong>Rezeption<\/strong> : Befindet sich unter dem S\u00e4ulengang und bietet Tickets, Audioguides und B\u00fccher an.<\/li>\n<li><strong>Audioguides<\/strong> : Verf\u00fcgbar in f\u00fcnf Sprachen.<\/li>\n<li><strong>Toiletten<\/strong> : F\u00fcr Besucher stehen komfortable Einrichtungen zur Verf\u00fcgung.<\/li>\n<li><strong>Die Basilika Santa Maria Maggiore<\/strong>  &nbsp;ist im Allgemeinen f\u00fcr Besucher mit Rollst\u00fchlen und Kinderwagen <strong>gut zug\u00e4nglich<\/strong> . Rampen und separate Eing\u00e4nge erleichtern den Zugang, allerdings k\u00f6nnen einige Bereiche der Basilika aufgrund ihrer historischen Beschaffenheit schwer zug\u00e4nglich sein.<\/li>\n<\/ul>\n<h2 id=\"t-1745513423435\">Top-Sehensw\u00fcrdigkeiten in der N\u00e4he der Basilika Santa Maria Maggiore<\/h2>\n<p><span><img decoding=\"async\" alt=\"R\u00f6misches Forum Palatin\" data-id=\"6866\" width=\"736\" data-init-width=\"1000\" height=\"492\" data-init-height=\"668\" title=\"R\u00f6misches Forum Palatin\" loading=\"lazy\" src=\"https:\/\/italy-tourist-information.com\/wp-content\/uploads\/2024\/09\/Roman-Forum-Palatine.jpg\" data-width=\"736\" data-height=\"492\" style=\"aspect-ratio: auto 1000 \/ 668;\"><\/span><\/p>\n<p style=\"\">Hier sind einige der Top-Sehensw\u00fcrdigkeiten, die von&nbsp;  <strong>der Basilika Santa Maria Maggiore<\/strong> aus bequem zu Fu\u00df erreichbar sind:<\/p>\n<ul>\n<li><strong>R\u00f6misches Forum und Palatinh\u00fcgel<\/strong> : 1,2 km, 17 Minuten Fu\u00dfweg<\/li>\n<li><strong>Kolosseum<\/strong> : 1,3 km (0,8 Meilen), 18 Minuten Fu\u00dfweg<\/li>\n<li><a href=\"https:\/\/italy-tourist-information.com\/de\/rom\/historische-wahrzeichen\/viktor-emanuelsdenkmal\" style=\"outline: none;\"><strong>Denkmal f\u00fcr Vittorio Emanuele II<\/strong><\/a> .: 1,5 km, 21 Minuten Fu\u00dfweg<\/li>\n<li><strong>Trevi-Brunnen<\/strong> : 1,6 km, 23 Minuten Fu\u00dfweg<\/li>\n<li><a href=\"https:\/\/italy-tourist-information.com\/de\/rom\/historische-wahrzeichen\/museen\/galleria-borghese\"><strong>Galleria Borghese<\/strong><\/a> : 2,2 km (1,4 Meilen), 30 Minuten Fu\u00dfweg<\/li>\n<\/ul>\n<p dir=\"ltr\" style=\"\"><strong><strong><\/strong><\/strong><strong>Die Basilika Santa Maria Maggiore<\/strong>  &nbsp;ist ein&nbsp;  <strong>Zeugnis von Glaube<\/strong> ,&nbsp;  <strong>Kunst<\/strong> und&nbsp;  <strong>Geschichte<\/strong> . Ihre pr\u00e4chtigen Mosaiken, Kapellen und&nbsp;  <strong>Kunstsch\u00e4tze<\/strong>  &nbsp;ziehen Pilger und Touristen gleicherma\u00dfen an und bieten einen Ort der&nbsp;  <strong>spirituellen Besinnung<\/strong>  &nbsp;und&nbsp;  <strong>des Eintauchens in die Kultur<\/strong> . Ob Sie die Basilika aufgrund ihrer religi\u00f6sen Bedeutung oder ihrer k\u00fcnstlerischen Sch\u00f6nheit besuchen \u2013 sie bietet eine unvergessliche Reise durch die reiche Geschichte Roms.<\/p>\n<h3 style=\"\">Verwandte Artikel<\/h3>\n<p><a href=\"https:\/\/italy-tourist-information.com\/de\/rom\/historische-wahrzeichen\/kirchen\/basilika-santa-maria-maggiore\" dynamic-postlink=\"tcb_post_the_permalink\" data-shortcode-id=\"7972\"><\/a><\/p>\n<h2 style=\"padding-top: 0px !important; margin-top: 0px !important; text-align: center;\" id=\"t-1679578462888\" data-hide=\"true\"><span data-shortcode=\"tcb_post_title\" data-shortcode-name=\"Post title\" data-extra_key=\"\" data-attr-link=\"1\" data-attr-target=\"0\" data-attr-rel=\"0\" data-option-inline=\"1\" data-attr-static-link=\"{&quot;className&quot;:&quot;&quot;,&quot;href&quot;:&quot;#&quot;,&quot;title&quot;:&quot;Guide to the Santa Maria Maggiore Basilica ((Burial Site of Pope Francis)) DE&quot;,&quot;class&quot;:&quot;&quot;}\" data-attr-css=\"\"><a href=\"https:\/\/italy-tourist-information.com\/de\/rom\/historische-wahrzeichen\/kirchen\/basilika-santa-maria-maggiore\" title=\"Guide to the Santa Maria Maggiore Basilica [Burial Site of Pope Francis] DE\" data-css=\"\">Guide to the Santa Maria Maggiore Basilica [Burial Site of Pope Francis] DE<\/a><\/span><\/h2>\n","protected":false},"excerpt":{"rendered":"<p>Die Basilika Santa Maria Maggiore (Basilika der Heiligen Maria Maggiore) auf dem Esquilin-H\u00fcgel ist eine der vier wichtigsten p\u00e4pstlichen Basiliken Roms. Dieses praktische Bauwerk ist nicht nur ein Gotteshaus, sondern auch ein k\u00fcnstlerischer und architektonischer Schatz , der von \u00fcber 1500 Jahren Geschichte, Glauben und Hingabe gepr\u00e4gt ist. Es ist seit Langem ein Ort von [&hellip;]<\/p>\n","protected":false},"author":17,"featured_media":18097,"parent":18093,"menu_order":0,"comment_status":"open","ping_status":"closed","template":"","meta":{"footnotes":""},"categories":[143],"tags":[168,146,155,160],"class_list":["post-18130","page","type-page","status-publish","has-post-thumbnail","hentry","category-rom","tag-historical-landmarks","tag-kirchen","tag-rom","tag-things-to-do","post-wrapper","thrv_wrapper"],"_links":{"self":[{"href":"https:\/\/italy-tourist-information.com\/de\/wp-json\/wp\/v2\/pages\/18130","targetHints":{"allow":["GET"]}}],"collection":[{"href":"https:\/\/italy-tourist-information.com\/de\/wp-json\/wp\/v2\/pages"}],"about":[{"href":"https:\/\/italy-tourist-information.com\/de\/wp-json\/wp\/v2\/types\/page"}],"author":[{"embeddable":true,"href":"https:\/\/italy-tourist-information.com\/de\/wp-json\/wp\/v2\/users\/17"}],"replies":[{"embeddable":true,"href":"https:\/\/italy-tourist-information.com\/de\/wp-json\/wp\/v2\/comments?post=18130"}],"version-history":[{"count":12,"href":"https:\/\/italy-tourist-information.com\/de\/wp-json\/wp\/v2\/pages\/18130\/revisions"}],"predecessor-version":[{"id":19736,"href":"https:\/\/italy-tourist-information.com\/de\/wp-json\/wp\/v2\/pages\/18130\/revisions\/19736"}],"up":[{"embeddable":true,"href":"https:\/\/italy-tourist-information.com\/de\/wp-json\/wp\/v2\/pages\/18093"}],"wp:featuredmedia":[{"embeddable":true,"href":"https:\/\/italy-tourist-information.com\/de\/wp-json\/wp\/v2\/media\/18097"}],"wp:attachment":[{"href":"https:\/\/italy-tourist-information.com\/de\/wp-json\/wp\/v2\/media?parent=18130"}],"wp:term":[{"taxonomy":"category","embeddable":true,"href":"https:\/\/italy-tourist-information.com\/de\/wp-json\/wp\/v2\/categories?post=18130"},{"taxonomy":"post_tag","embeddable":true,"href":"https:\/\/italy-tourist-information.com\/de\/wp-json\/wp\/v2\/tags?post=18130"}],"curies":[{"name":"wp","href":"https:\/\/api.w.org\/{rel}","templated":true}]}}