{"id":18139,"date":"2024-09-30T12:33:22","date_gmt":"2024-09-30T12:33:22","guid":{"rendered":"https:\/\/italy-tourist-information.com\/rome\/historical-landmarks\/piazza-navona"},"modified":"2026-04-14T13:29:15","modified_gmt":"2026-04-14T13:29:15","slug":"piazza-navona","status":"publish","type":"page","link":"https:\/\/italy-tourist-information.com\/de\/rom\/historische-wahrzeichen\/piazza-navona","title":{"rendered":"Guide zur Piazza Navona in Rom: Infos, Highlights &amp; Tipps"},"content":{"rendered":"<p data-pm-slice=\"1 1 []\" style=\"\">Die Piazza Navona z\u00e4hlt zu den sch\u00f6nsten und bekanntesten Pl\u00e4tzen Roms.<\/p>\n<p data-pm-slice=\"1 1 []\">Sie beeindruckt mit <strong>barocker Architektur, lebendiger Atmosph\u00e4re und einer faszinierenden Geschichte.<\/strong><\/p>\n<p>Urspr\u00fcnglich im 1. Jahrhundert n. Chr. als Stadion des Kaisers Domitian erbaut, entwickelte sich der Ort im Laufe der Zeit zu einem der <strong>wichtigsten Treffpunkte der Stadt. <\/strong>Heute ist die Piazza Navona ein lebendiges Zentrum mit Brunnen, Kirchen und Stra\u00dfencaf\u00e9s.<\/p>\n<p data-pm-slice=\"1 1 []\">Dieser Guide zeigt Ihnen die <strong>wichtigsten Sehensw\u00fcrdigkeiten, praktische Tipps<\/strong> und alles, was Sie f\u00fcr Ihren Besuch wissen sollten.<\/p>\n<h2 id=\"t-1727188384202\"><span data-attr-link=\"0\" data-attr-rel=\"0\" data-attr-target=\"0\" data-extra_key=\"\" data-option-inline=\"1\" data-shortcode=\"tcb_post_title\" data-shortcode-name=\"Post title\">Piazza Navona:&nbsp;<\/span>Steckbrief auf einen Blick<\/h2>\n<ul>\n<li style=\"\">                    <span><strong>Adresse:<\/strong> Piazza Navona, 00186 Rom<\/span><\/li>\n<li><span><strong>Entstehung<\/strong>: 1. Jahrhundert n. Chr. (Domitian-Stadion), Umgestaltung zum Platz im 17. Jahrhundert<\/span><\/li>\n<li>                    <span><strong>Bekannt f\u00fcr:<\/strong> Prachtvolle Barockarchitektur, darunter drei atemberaubende Brunnen und die Kirche Sant&#8217;Agnese in Agone, sowie die lebendige Atmosph\u00e4re mit Stra\u00dfenk\u00fcnstlern und Caf\u00e9s.<\/span><\/li>\n<li>                    <span><strong>UNESCO-Status:<\/strong>&nbsp;Teil des historischen Zentrums von Rom (seit 1980)<\/span><\/li>\n<\/ul>\n<h2 id=\"t-1727281155448\" style=\"\">Eintritt, Tickets und F\u00fchrungen f\u00fcr die&nbsp;<span><span data-attr-link=\"0\" data-attr-rel=\"0\" data-attr-target=\"0\" data-extra_key=\"\" data-option-inline=\"1\" data-shortcode=\"tcb_post_title\" data-shortcode-name=\"Post title\">Piazza Navona<\/span><\/span><\/h2>\n<p><span><img decoding=\"async\" alt=\"\" data-id=\"9009\" width=\"624\" data-init-width=\"1000\" height=\"429\" data-init-height=\"687\" title=\"Vierstr\u00f6mebrunnen\" loading=\"lazy\" src=\"https:\/\/italy-tourist-information.com\/wp-content\/uploads\/2024\/11\/Fountain-of-the-Four-Rivers.jpg\" data-width=\"624\" data-height=\"429\" style=\"aspect-ratio: auto 1000 \/ 687;\"><\/span><\/p>\n<p data-pm-slice=\"1 1 []\"><strong>Eintritt:<\/strong> Die Piazza Navona ist ein \u00f6ffentlicher Platz und frei zug\u00e4nglich \u2013 ein Ticket ist nicht erforderlich.<\/p>\n<p><strong>F\u00fchrungen<\/strong>: Die Piazza Navona l\u00e4sst sich problemlos auf eigene Faust erkunden. Wenn Sie jedoch mehr \u00fcber die Geschichte und die barocken Meisterwerke erfahren m\u00f6chten, ist eine F\u00fchrung empfehlenswert.<\/p>\n<p \"\"=\"\"><span style=\"text-decoration: underline;\">Beliebte F\u00fchrungen &amp; Erlebnisse:<\/span><\/p>\n<ul>\n<li \"=\"\"a data-modified-href=\"https:\/\/www.getyourguide.com\/rome-l33\/rome-small-group-city-highlights-moonlight-walking-tour-t415093?utm_medium=online_publisher&amp;cmp=ITIDeRomeTop10A\" href=\"https:\/\/www.getyourguide.com\/rome-l33\/rome-small-group-city-highlights-moonlight-walking-tour-t415093\/?partner_id=NO9XIDE&amp;utm_medium=online_publisher&amp;cmp=ITIDeRomPiazzaNavonaA\" spellcheck=\"false\" target=\"_blank\" style=\"outline: none;\"font dir=\"auto\"font dir=\"auto\"Kleingruppen-Stadtf\u00fchrung mit Highlights bei Mondschein\/font\/font\/aa data-lt-tmp-id=\"lt-309472\" data-modified-href=\"https:\/\/www.headout.com\/de\/pantheon-rom-tickets\/rundgang-zur-piazza-navona-pantheon-trevi-brunnen-e-14413?affiliate_code=KXkQ69&amp;utm_campaign=itiderometop10a&amp;utm_content=link&amp;utm_medium=affiliate&amp;utm_source=most_amazing_places\" href=\"https:\/\/www.headout.com\/de\/pantheon-rom-tickets\/rundgang-zur-piazza-navona-pantheon-trevi-brunnen-e-14413\/?affiliate_code=KXkQ69&amp;utm_campaign=itiderometop10a&amp;utm_content=link&amp;utm_medium=affiliate&amp;utm_source=most_amazing_places\" rel=\"nofollow\" spellcheck=\"false\" target=\"_blank\" style=\"outline: none;\"font dir=\"auto\"font dir=\"auto\"\/font\/font\/a\/lili \"=\"\"><a data-lt-tmp-id=\"lt-18442\" data-modified-href=\"https:\/\/www.headout.com\/de\/pantheon-rom-tickets\/rundgang-zur-piazza-navona-pantheon-trevi-brunnen-e-14413?affiliate_code=KXkQ69&amp;utm_campaign=itiderometop10a&amp;utm_content=link&amp;utm_medium=affiliate&amp;utm_source=most_amazing_places\" href=\"https:\/\/www.headout.com\/de\/pantheon-rom-tickets\/rundgang-zur-piazza-navona-pantheon-trevi-brunnen-e-14413\/?affiliate_code=KXkQ69&amp;utm_campaign=itiderompiazzanavonaa&amp;utm_content=link&amp;utm_medium=affiliate&amp;utm_source=most_amazing_places\" rel=\"nofollow noopener\" spellcheck=\"false\" style=\"outline: none;\" target=\"_blank\">Trevi, Navona, Pantheon &amp; Spanische Treppe Rundgang<\/a><\/li>\n<li \"=\"\"a data-modified-href=\"https:\/\/www.tiqets.com\/de\/rome-attractions-c71631\/tickets-for-piazza-navona-underground-the-stadium-of-domitian-p974569?partner=italytouristinformation&amp;tq_campaign=RomeDeTop10A\" href=\"https:\/\/www.tiqets.com\/de\/rome-attractions-c71631\/tickets-for-piazza-navona-underground-the-stadium-of-domitian-p974569\/?partner=italytouristinformation&amp;tq_campaign=RomePiazzaNavonaA\" rel=\"nofollow\" spellcheck=\"false\" target=\"_blank\" style=\"outline: none;\"font dir=\"auto\"font dir=\"auto\"Piazza Navona Untergrund - Das Domitian-Stadion\/font\/font\/a\/lili \"=\"\"><a data-modified-href=\"https:\/\/www.viator.com\/tours\/Rome\/Pizza-Cooking-Class-in-Rome-Italy\/d511-348924P1?pid=P00141578&amp;mcid=42383&amp;medium=link&amp;campaign=ITIDeRomeTop10A\" href=\"https:\/\/www.viator.com\/tours\/Rome\/Pizza-Cooking-Class-in-Rome-Italy\/d511-348924P1?pid=P00141578&amp;mcid=42383&amp;medium=link&amp;campaign=ITIDeRomPiazzaNavonaA\" rel=\"nofollow noopener\" spellcheck=\"false\" target=\"_blank\" style=\"outline: none;\">Pizza-Kochkurs in Rom \u2013 in der N\u00e4he der Piazza Navona<\/a><span style=\"text-decoration: underline;\"><\/span><\/li>\n<\/ul>\n<h2 id=\"t-1776172277454\">Was kann ich auf der Piazza Navona sehen?<\/h2>\n<p data-pm-slice=\"1 1 []\">Die Piazza Navona geh\u00f6rt zu den sch\u00f6nsten Pl\u00e4tzen Roms und ist bekannt f\u00fcr ihre barocken Meisterwerke, historischen Geb\u00e4ude und lebendige Atmosph\u00e4re.<\/p>\n<h3 data-pm-slice=\"1 1 []\">1. Must-See Sehensw\u00fcrigkeiten<\/h3>\n<p data-pm-slice=\"1 1 []\"><span style=\"text-decoration: underline;\">Hier sind einige der Top-Sehensw\u00fcrdigkeiten, die Sie nicht verpassen sollten:<\/span><\/p>\n<ul>\n<li><strong>Fontana dei Quattro Fiumi:<\/strong> Berninis ber\u00fchmtester Brunnen, der die vier gro\u00dfen Fl\u00fcsse der damals bekannten Kontinente darstellt.<\/li>\n<li><strong>Fontana del Moro: <\/strong>Ein dynamischer Brunnen mit einer Figur im Kampf mit einem Delfin, gestaltet im barocken Stil.<\/li>\n<li><strong>Fontana del Nettuno:<\/strong> Zeigt Neptun im Kampf mit einem Meereswesen und erg\u00e4nzt die Symmetrie des Platzes.<\/li>\n<li><strong>Sant\u2019Agnese in Agone: <\/strong>Eine beeindruckende Barockkirche von Borromini, erbaut an der Stelle des Martyriums der heiligen Agnes.<\/li>\n<li><strong>Palazzo Pamphilj:<\/strong> Ehemalige Papstresidenz und heute Sitz der brasilianischen Botschaft.\u200b<\/li>\n<\/ul>\n<h3>2. Verborgene Sch\u00e4tze<\/h3>\n<ul>\n<li data-pm-slice=\"1 1 []\"><strong>Stadio di Domiziano (unterirdisch):<\/strong> Die \u00dcberreste des antiken Stadions, auf dem die Piazza Navona erbaut wurde, k\u00f6nnen heute besichtigt werden.<\/li>\n<\/ul>\n<h2 id=\"t-1776172277455\" style=\"\">Wie erreiche ich die Piazza Navona in Rom?<\/h2>\n<p><span><img decoding=\"async\" alt=\"\" data-id=\"9010\" width=\"624\" data-init-width=\"1000\" height=\"351\" data-init-height=\"563\" title=\"Geschichte der Piazza Navona\" loading=\"lazy\" src=\"https:\/\/italy-tourist-information.com\/wp-content\/uploads\/2024\/11\/History-of-Piazza-Navona.jpg\" data-width=\"624\" data-height=\"351\" style=\"aspect-ratio: auto 1000 \/ 563;\"><\/span><\/p>\n<p data-pm-slice=\"1 1 []\">Die Piazza Navona liegt zentral in Rom, zwischen Pantheon und Engelsburg und kann daher leicht erreicht werden:<\/p>\n<ul>\n<li><strong>Mit der Metro<\/strong>: Die n\u00e4chstgelegene Station ist <strong>Barberini<\/strong> (Linie A), etwa 15\u201320 Minuten zu Fu\u00df entfernt.<\/li>\n<li><strong>Mit dem Bus<\/strong>: Die Linien&nbsp;<strong>30, 70, 81, 87, 492 und 628<\/strong>&nbsp;bedienen das Gebiet.<\/li>\n<li><strong>Zu Fu\u00df<\/strong>: Von wichtigen Sehensw\u00fcrdigkeiten aus leicht zu erreichen:\n<ul>\n<li>Pantheon: ca. 5 Minuten<\/li>\n<li>Engelsburg: ca. 10 Minuten<\/li>\n<li>Trevi-Brunnen: ca. 10\u201315 Minuten\u200b<\/li>\n<\/ul>\n<\/li>\n<\/ul>\n<p>\u00dcber diesen Link&nbsp;finden Sie <a href=\"https:\/\/www.atac.roma.it\/en\/utility\/maps\" target=\"_blank\" style=\"outline: none;\" rel=\"nofollow noopener\">offizielle Fahrpl\u00e4ne des \u00f6ffentlichen Nahverkehrs.<\/a><\/p>\n<h2 dir=\"ltr\" id=\"t-1776172277457\">Beste Zeit f\u00fcr einen Besuch der Piazza Navona<\/h2>\n<p data-pm-slice=\"1 1 []\">Die Piazza Navona ist<strong> jederzeit frei zug\u00e4nglich.<\/strong><\/p>\n<p>F\u00fcr ein ruhigeres Erlebnis empfiehlt sich ein Besuch <strong>am fr\u00fchen Morgen oder sp\u00e4ten Abend. <\/strong>Tags\u00fcber zeigt sich der Platz besonders lebendig mit Stra\u00dfenk\u00fcnstlern, Caf\u00e9s und viel Atmosph\u00e4re.<\/p>\n<p>Ein besonderes Highlight ist die <strong>Weihnachtszeit<\/strong>, wenn der Platz festlich geschm\u00fcckt ist und ein traditioneller Markt stattfindet.<\/p>\n<h2 dir=\"ltr\" id=\"t-1727281155450\">Geschichte der Piazza Navona<\/h2>\n<p data-pm-slice=\"0 0 []\">Die Piazza Navona blickt auf eine lange Geschichte zur\u00fcck, di<strong>e bis ins Jahr 80 n. Chr. reicht. <\/strong>Damals lie\u00df Kaiser Domitian an dieser Stelle ein Stadion f\u00fcr <strong>sportliche Wettk\u00e4mpfe errichten.<\/strong><\/p>\n<p>Nach dem Niedergang des R\u00f6mischen Reiches<strong> verfiel das Stadion<\/strong> und wurde im 15. Jahrhundert schrittweise zu einem Marktplatz umgestaltet.<\/p>\n<p>Im 17. Jahrhundert lie\u00df <strong>Papst Innozenz X. die Piazza im barocken Stil neu gestalten <\/strong>und machte sie zu einem repr\u00e4sentativen Zentrum der Familie <strong>Pamphilj<\/strong>. In dieser Zeit entstanden bedeutende Bauwerke wie Berninis Vierstr\u00f6mebrunnen, die Kirche Sant\u2019Agnese in Agone von Borromini und der Palazzo Pamphilj.<\/p>\n<p>Seit 1980 geh\u00f6rt die<strong> Piazza Navona zum UNESCO-gesch\u00fctzten historischen Zentrum Roms<\/strong>. Heute ist sie ein lebendiger Treffpunkt mit K\u00fcnstlern, Caf\u00e9s und Besuchern aus aller Welt.<\/p>\n<ul>\n<li><strong>Gut zu wissen:&nbsp;<\/strong>Der Name \u201eNavona\u201c entwickelte sich aus dem lateinischen \u201eagones\u201c (Wettk\u00e4mpfe) \u00fcber \u201enavone\u201c zur heutigen Bezeichnung.<\/li>\n<\/ul>\n<h2 data-pm-slice=\"1 1 []\">Praktische Tipps &amp; Besucherinfos zur Piazza Navona<\/h2>\n<p><span><img decoding=\"async\" alt=\"\" data-id=\"9011\" width=\"624\" data-init-width=\"1000\" height=\"416\" data-init-height=\"667\" title=\"Sehensw\u00fcrdigkeiten in der N\u00e4he der Piazza Navona\" loading=\"lazy\" src=\"https:\/\/italy-tourist-information.com\/wp-content\/uploads\/2024\/11\/Attractions-Near-Piazza-Navona.jpg\" data-width=\"624\" data-height=\"416\" style=\"aspect-ratio: auto 1000 \/ 667;\"><\/span><\/p>\n<p data-pm-slice=\"0 0 []\">Damit Ihr Besuch reibungslos verl\u00e4uft, sollten Sie einige praktische Hinweise beachten:<\/p>\n<ul>\n<li><strong>Zugang &amp; Ausstattung:&nbsp;<\/strong>Die Piazza Navona ist frei zug\u00e4nglich und rund um die Uhr ge\u00f6ffnet. In der Umgebung finden Sie \u00f6ffentliche Toiletten sowie zahlreiche Caf\u00e9s und Restaurants \u2013 in den Seitenstra\u00dfen oft zu g\u00fcnstigeren Preisen.<\/li>\n<li><strong>Barrierefreiheit<\/strong>: Der Platz ist gr\u00f6\u00dftenteils eben und gut zug\u00e4nglich. In den angrenzenden Stra\u00dfen kann das Kopfsteinpflaster jedoch uneben sein.<\/li>\n<li><strong>Beste Besuchszeit: <\/strong>Fr\u00fch am Morgen oder am sp\u00e4ten Abend ist es deutlich ruhiger. Tags\u00fcber erleben Sie daf\u00fcr die lebendige Atmosph\u00e4re mit Stra\u00dfenk\u00fcnstlern und Caf\u00e9s.<\/li>\n<li><strong>Verhalten vor Ort: <\/strong>Als historischer Ort sollte die Piazza respektvoll behandelt werden. Vermeiden Sie M\u00fcll, besch\u00e4digen Sie keine Bauwerke und nehmen Sie R\u00fccksicht auf andere Besucher.<\/li>\n<li><strong>Sicherheit<\/strong>: Achten Sie in belebten Bereichen auf Ihre Wertsachen, da Taschendiebstahl vorkommen kann.<\/li>\n<li><strong>Komfort<\/strong>: Tragen Sie bequeme Schuhe \u2013 das Kopfsteinpflaster kann uneben und rutschig sein.<\/li>\n<\/ul>\n<h2 dir=\"ltr\" id=\"t-1727281155451\">Top-Sehensw\u00fcrdigkeiten in der N\u00e4he der Piazza Navona<\/h2>\n<p data-pm-slice=\"0 0 []\">Die zentrale Lage macht die Piazza Navona zum idealen Ausgangspunkt f\u00fcr weitere Entdeckungen:<\/p>\n<ul>\n<li><strong>Pantheon (ca. 5 Minuten):<\/strong> Eines der am besten erhaltenen Bauwerke des antiken Rom.<\/li>\n<li><strong>Campo de\u2019 Fiori (ca. 5 Minuten)<\/strong>: Bekannter Markt und lebendiger Treffpunkt.<\/li>\n<li><strong>Engelsburg (ca. 10 Minuten):<\/strong> Historische Festung mit Blick \u00fcber den Tiber.<\/li>\n<li><strong>Trevi-Brunnen (ca. 15 Minuten):<\/strong> Der ber\u00fchmteste Brunnen Roms.<\/li>\n<li><strong>Spanische Treppe (ca. 15\u201320 Minuten): <\/strong>Beliebter Treffpunkt mit sch\u00f6ner Aussicht.<\/li>\n<li><strong>Petersdom (ca. 20 Minuten):<\/strong> Das Zentrum des Vatikans und eines der bedeutendsten Bauwerke der Welt.<\/li>\n<li><strong>Kolosseum (ca. 25\u201330 Minuten): <\/strong>Das ber\u00fchmte Amphitheater des antiken Rom.<\/li>\n<\/ul>\n<p data-pm-slice=\"1 1 []\">Die Piazza Navona vereint Geschichte, Architektur und lebendiges Stadtleben auf einzigartige Weise. Zwischen barocken Brunnen, historischen Geb\u00e4uden und lebendiger Atmosph\u00e4re geh\u00f6rt sie zu den<strong> Highlights jeder Rom-Reise.<\/strong><\/p>\n<h3 style=\"\">Verwandte Artikel:<\/h3>\n<p><a href=\"https:\/\/italy-tourist-information.com\/de\/rom\/sehenswuerdigkeiten\/top-10\" dynamic-postlink=\"tcb_post_the_permalink\" data-shortcode-id=\"763\"><\/a><\/p>\n<h2 style=\"padding-top: 0px !important; margin-top: 0px !important; text-align: center;\" id=\"t-1725554257380\" data-hide=\"true\"><span data-shortcode=\"tcb_post_title\" data-shortcode-name=\"Post title\" data-extra_key=\"\" data-attr-link=\"1\" data-attr-target=\"0\" data-attr-rel=\"0\" data-option-inline=\"1\" data-attr-static-link=\"{&quot;className&quot;:&quot;&quot;,&quot;href&quot;:&quot;https:\/\/italy-tourist-information.com\/de\/rom\/sehenswuerdigkeiten\/top-10&quot;,&quot;title&quot;:&quot;Top 10 Sehensw\u00fcrdigkeiten in Rom: Attraktionen &amp; Wahrzeichen ((mit Tickets))&quot;,&quot;class&quot;:&quot;&quot;}\" data-attr-css=\"\"><a href=\"https:\/\/italy-tourist-information.com\/de\/rom\/sehenswuerdigkeiten\/top-10\" title=\"Top 10 Sehensw\u00fcrdigkeiten in Rom: Attraktionen &amp; Wahrzeichen [mit Tickets]\" data-css=\"\">Top 10 Sehensw\u00fcrdigkeiten in Rom: Attraktionen &amp; Wahrzeichen [mit Tickets]<\/a><\/span><\/h2>\n<p><a href=\"https:\/\/italy-tourist-information.com\/de\/rom\/historische-wahrzeichen\/kolosseum\" dynamic-postlink=\"tcb_post_the_permalink\" data-shortcode-id=\"763\"><\/a><\/p>\n<h2 style=\"padding-top: 0px !important; margin-top: 0px !important; text-align: center;\" id=\"t-1725554257380\" data-hide=\"true\"><span data-shortcode=\"tcb_post_title\" data-shortcode-name=\"Post title\" data-extra_key=\"\" data-attr-link=\"1\" data-attr-target=\"0\" data-attr-rel=\"0\" data-option-inline=\"1\" data-attr-static-link=\"{&quot;className&quot;:&quot;&quot;,&quot;href&quot;:&quot;https:\/\/italy-tourist-information.com\/de\/rom\/sehenswuerdigkeiten\/top-10&quot;,&quot;title&quot;:&quot;Top 10 Sehensw\u00fcrdigkeiten in Rom: Attraktionen &amp; Wahrzeichen ((mit Tickets))&quot;,&quot;class&quot;:&quot;&quot;}\" data-attr-css=\"\"><a href=\"https:\/\/italy-tourist-information.com\/de\/rom\/historische-wahrzeichen\/kolosseum\" title=\"Guide zum Kolosseum in Rom: Infos, Tipps &amp; Tickets\" data-css=\"\">Guide zum Kolosseum in Rom: Infos, Tipps &amp; Tickets<\/a><\/span><\/h2>\n<p><a href=\"https:\/\/italy-tourist-information.com\/de\/rom\/historische-wahrzeichen\/forum-romanum-palatin\" dynamic-postlink=\"tcb_post_the_permalink\" data-shortcode-id=\"763\"><\/a><\/p>\n<h2 style=\"padding-top: 0px !important; margin-top: 0px !important; text-align: center;\" id=\"t-1725554257380\" data-hide=\"true\"><span data-shortcode=\"tcb_post_title\" data-shortcode-name=\"Post title\" data-extra_key=\"\" data-attr-link=\"1\" data-attr-target=\"0\" data-attr-rel=\"0\" data-option-inline=\"1\" data-attr-static-link=\"{&quot;className&quot;:&quot;&quot;,&quot;href&quot;:&quot;https:\/\/italy-tourist-information.com\/de\/rom\/sehenswuerdigkeiten\/top-10&quot;,&quot;title&quot;:&quot;Top 10 Sehensw\u00fcrdigkeiten in Rom: Attraktionen &amp; Wahrzeichen ((mit Tickets))&quot;,&quot;class&quot;:&quot;&quot;}\" data-attr-css=\"\"><a href=\"https:\/\/italy-tourist-information.com\/de\/rom\/historische-wahrzeichen\/forum-romanum-palatin\" title=\"Guide zum Forum Romanum und Palatin in Rom: Info, Tickets &amp; Tipps\" data-css=\"\">Guide zum Forum Romanum und Palatin in Rom: Info, Tickets &amp; Tipps<\/a><\/span><\/h2>\n<p><a href=\"https:\/\/italy-tourist-information.com\/de\/rom\/historische-wahrzeichen\/spanische-treppe\" dynamic-postlink=\"tcb_post_the_permalink\" data-shortcode-id=\"763\"><\/a><\/p>\n<h2 style=\"padding-top: 0px !important; margin-top: 0px !important; text-align: center;\" id=\"t-1725554257380\" data-hide=\"true\"><span data-shortcode=\"tcb_post_title\" data-shortcode-name=\"Post title\" data-extra_key=\"\" data-attr-link=\"1\" data-attr-target=\"0\" data-attr-rel=\"0\" data-option-inline=\"1\" data-attr-static-link=\"{&quot;className&quot;:&quot;&quot;,&quot;href&quot;:&quot;https:\/\/italy-tourist-information.com\/de\/rom\/sehenswuerdigkeiten\/top-10&quot;,&quot;title&quot;:&quot;Top 10 Sehensw\u00fcrdigkeiten in Rom: Attraktionen &amp; Wahrzeichen ((mit Tickets))&quot;,&quot;class&quot;:&quot;&quot;}\" data-attr-css=\"\"><a href=\"https:\/\/italy-tourist-information.com\/de\/rom\/historische-wahrzeichen\/spanische-treppe\" title=\"Spanische Treppe in Rom: Guide mit Tipps &amp; Highlights\" data-css=\"\">Spanische Treppe in Rom: Guide mit Tipps &amp; Highlights<\/a><\/span><\/h2>\n","protected":false},"excerpt":{"rendered":"<p>Die Piazza Navona z\u00e4hlt zu den sch\u00f6nsten und bekanntesten Pl\u00e4tzen Roms. Sie beeindruckt mit barocker Architektur, lebendiger Atmosph\u00e4re und einer faszinierenden Geschichte. Urspr\u00fcnglich im 1. Jahrhundert n. Chr. als Stadion des Kaisers Domitian erbaut, entwickelte sich der Ort im Laufe der Zeit zu einem der wichtigsten Treffpunkte der Stadt. Heute ist die Piazza Navona ein [&hellip;]<\/p>\n","protected":false},"author":17,"featured_media":18140,"parent":18024,"menu_order":0,"comment_status":"closed","ping_status":"closed","template":"","meta":{"footnotes":""},"categories":[],"tags":[168,155,160],"class_list":["post-18139","page","type-page","status-publish","has-post-thumbnail","hentry","tag-historical-landmarks","tag-rom","tag-things-to-do","post-wrapper","thrv_wrapper"],"_links":{"self":[{"href":"https:\/\/italy-tourist-information.com\/de\/wp-json\/wp\/v2\/pages\/18139","targetHints":{"allow":["GET"]}}],"collection":[{"href":"https:\/\/italy-tourist-information.com\/de\/wp-json\/wp\/v2\/pages"}],"about":[{"href":"https:\/\/italy-tourist-information.com\/de\/wp-json\/wp\/v2\/types\/page"}],"author":[{"embeddable":true,"href":"https:\/\/italy-tourist-information.com\/de\/wp-json\/wp\/v2\/users\/17"}],"replies":[{"embeddable":true,"href":"https:\/\/italy-tourist-information.com\/de\/wp-json\/wp\/v2\/comments?post=18139"}],"version-history":[{"count":9,"href":"https:\/\/italy-tourist-information.com\/de\/wp-json\/wp\/v2\/pages\/18139\/revisions"}],"predecessor-version":[{"id":19228,"href":"https:\/\/italy-tourist-information.com\/de\/wp-json\/wp\/v2\/pages\/18139\/revisions\/19228"}],"up":[{"embeddable":true,"href":"https:\/\/italy-tourist-information.com\/de\/wp-json\/wp\/v2\/pages\/18024"}],"wp:featuredmedia":[{"embeddable":true,"href":"https:\/\/italy-tourist-information.com\/de\/wp-json\/wp\/v2\/media\/18140"}],"wp:attachment":[{"href":"https:\/\/italy-tourist-information.com\/de\/wp-json\/wp\/v2\/media?parent=18139"}],"wp:term":[{"taxonomy":"category","embeddable":true,"href":"https:\/\/italy-tourist-information.com\/de\/wp-json\/wp\/v2\/categories?post=18139"},{"taxonomy":"post_tag","embeddable":true,"href":"https:\/\/italy-tourist-information.com\/de\/wp-json\/wp\/v2\/tags?post=18139"}],"curies":[{"name":"wp","href":"https:\/\/api.w.org\/{rel}","templated":true}]}}