{"id":18147,"date":"2024-09-27T10:10:44","date_gmt":"2024-09-27T10:10:44","guid":{"rendered":"https:\/\/italy-tourist-information.com\/rome\/historical-landmarks\/monument-to-vittorio-emanuele-ii"},"modified":"2026-04-15T08:57:47","modified_gmt":"2026-04-15T08:57:47","slug":"viktor-emanuelsdenkmal","status":"publish","type":"page","link":"https:\/\/italy-tourist-information.com\/de\/rom\/historische-wahrzeichen\/viktor-emanuelsdenkmal","title":{"rendered":"Guide zum Viktor-Emanuelsdenkmal in Rom: Highlights, Aussicht &amp; Tipps"},"content":{"rendered":"<p><strong>Das Denkmal f\u00fcr Vittorio Emanuele II. , oft auch<\/strong><strong>Vittoriano<\/strong>  &nbsp;oder&nbsp;  <strong>Altar des Vaterlandes<\/strong> genannt&nbsp;  , ist eines der bekanntesten Wahrzeichen Roms. <br \/>Es erinnert an die Einigung Italiens und seinen ersten K\u00f6nig und ist ein Symbol f\u00fcr Nationalstolz und Widerstandsf\u00e4higkeit.&nbsp;<\/p>\n<p>Dieser Reisef\u00fchrer enth\u00e4lt <strong>alle Wissenswerte<\/strong> , einschlie\u00dflich der Top <strong>-Attraktionen, <\/strong><strong>Tickets, <\/strong><strong>gef\u00fchrten Touren<\/strong> und hilfreichen Tipps f\u00fcr Ihren Besuch.<\/p>\n<h2 id=\"t-1727188384202\">Das Denkmal f\u00fcr Vittorio Emanuele II. \u2013 Kurzinformationen<\/h2>\n<ul>\n<li style=\"\">                    <span><strong>Adresse:&nbsp;<\/strong> Denkmal f\u00fcr Vittorio Emanuele II, Piazza Venezia, 00186 Roma<\/span><\/li>\n<li><span><strong>Urspr\u00fcnglicher italienischer Name:<\/strong> Monumento a Vittorio Emanuele II<\/span><\/li>\n<li style=\"\">                    <span><strong>Bauzeitraum:<\/strong> 1855\u20131935 (Einweihung erfolgte jedoch bereits 1911)<\/span><\/li>\n<li>                    <span><strong>Bekannt als:<\/strong> Eine Hommage an den ersten K\u00f6nig des vereinigten Italiens, Vittorio Emanuele II., und als Symbol des italienischen Nationalismus und der Einheit, f\u00fcr sein imposantes neoklassizistisches Design, seine Gr\u00f6\u00dfe und Pracht, f\u00fcr den Altar des Vaterlandes, der das Grabmal des unbekannten Soldatensoldaten, f\u00fcr seine Entstehungsgeschichte, die von hitzigen Kontroversen begleiteten Krieg, und nicht f\u00fcr seine letzten.<\/span><\/li>\n<li>                    <span><strong>Wachabl\u00f6sung am Grabmal des unbekannten Soldaten:<\/strong> Jede Stunde<\/span><\/li>\n<li>                    <span><strong>UNESCO-Welterbest\u00e4tte seit:<\/strong> 1980<br \/><\/span><\/li>\n<li><span>\n<p dir=\"ltr\"><strong>Besondere Anl\u00e4sse:<\/strong> Das Vittoriano dient j\u00e4hrlich als Veranstaltungsort f\u00fcr bedeutende nationale Gedenkfeiern wie den Tag der Befreiung (25. April), den Tag der Republik (2. Juni) und den Tag der Streitkr\u00e4fte (4. November). Zu diesen Anl\u00e4ssen ehren der Pr\u00e4sident der Italienischen Republik und hochrangige Regierungsvertreter den unbekannten italienischen Soldaten und gefallenen Soldaten, indem sie einen Lorbeerkranz niederlegen.<\/p>\n<p><\/span><\/li>\n<\/ul>\n<h2 id=\"t-1727281155448\">Eintrittskarten f\u00fcr das Denkmal f\u00fcr Vittorio Emanuele II.<\/h2>\n<p><strong>Der Eintritt<\/strong> zum Denkmal f\u00fcr Vittorio Emanuele II. <strong>ist frei<\/strong> , f\u00fcr <strong>den Zugang zur Panoramaterrasse und zu bestimmten Ausstellungen kann jedoch eine Eintrittskarte erforderlich sein.<\/strong><\/p>\n<p>F\u00fcr ein noch intensiveres Erlebnis <strong>empfiehlt sich der Kauf eines Kombitickets, das<\/strong><strong>den Zugang zum Panorama-Glasaufzug und zu Museen<\/strong> wie dem <strong>Zentralmuseum des Risorgimento<\/strong> beinhaltet .<\/p>\n<h2 style=\"\">Ben\u00f6tige ich eine F\u00fchrung zum Denkmal f\u00fcr Vittorio Emanuele II.?<\/h2>\n<p>Die Erkundung des Monuments auf den eigenen Faust ist reizvoll, doch eine <strong>F\u00fchrung kann Ihren Besuch bereichern,<\/strong> indem sie Ihnen tiefere Einblicke in seine <strong>Geschichte, <\/strong><strong>seine architektonische Symbolik<\/strong> und die <strong>Bedeutung der italienischen Einigung<\/strong> bietet. Die Guides erz\u00e4hlen faszinierende Anekdoten und <strong>helfen Ihnen, die komplexe Geschichte des Monuments zu verstehen,<\/strong> wodurch Ihr Besuch unvergesslicher und informativer wird.<\/p>\n<p><span><img decoding=\"async\" alt=\"\" data-id=\"9013\" width=\"624\" data-init-width=\"1000\" height=\"414\" data-init-height=\"664\" title=\"Altar des Vaterlandes\" loading=\"lazy\" src=\"https:\/\/italy-tourist-information.com\/wp-content\/uploads\/2024\/11\/Altar-of-the-Fatherland.jpg\" data-width=\"624\" data-height=\"414\" style=\"aspect-ratio: auto 1000 \/ 664;\"><\/span><\/p>\n<h2>Aktivit\u00e4ten am Denkmal f\u00fcr Vittorio Emanuele II.<\/h2>\n<h3>Das Monument erkunden<\/h3>\n<ul>\n<li><strong>Altar des Vaterlandes<\/strong> : Erweisen Sie Ihre Ehre am&nbsp; <strong>Grabmal des unbekannten Soldaten<\/strong> , einem Denkmal f\u00fcr die in Kriegen gefallenen italienischen Soldaten.<\/li>\n<li><strong>Reiterstatue von Vittorio Emanuele II<\/strong> .: Bewundern Sie die beeindruckende Bronzestatue des ersten K\u00f6nigs von Italien, die Einheit und St\u00e4rke symbolisiert.<\/li>\n<li><strong>Panoramaterrasse<\/strong> : Fahren Sie mit dem gl\u00e4sernen Aufzug und genie\u00dfen Sie den atemberaubenden Blick auf die Skyline Roms, einschlie\u00dflich des&nbsp; <strong>Forum Romanum<\/strong> &nbsp;und des&nbsp; <strong>Kolosseums<\/strong> .<\/li>\n<li><strong>Zentralmuseum des Risorgimento<\/strong> : Tauchen Sie ein in Italiens Weg zur Einigung anhand von Ausstellungen mit Artefakten, Briefen und pers\u00f6nlichen Gegenst\u00e4nden wichtiger historischer Pers\u00f6nlichkeiten.<\/li>\n<\/ul>\n<h3>Verborgene Sch\u00e4tze<\/h3>\n<ul>\n<li><strong>Das Museum des Schreins der Flaggen<\/strong> : Entdecken Sie die Sammlung von Kriegsflaggen und Erinnerungsst\u00fccken aus der italienischen Milit\u00e4rgeschichte.<\/li>\n<li><strong>Krypta des unbekannten italienischen Soldaten<\/strong> : Diese Krypta befindet sich unter dem Reiterstandbild und ist eine ergreifende Erinnerung an die Opfer Italiens im Ersten Weltkrieg.<\/li>\n<\/ul>\n<h2>Anreise &amp; Lage<\/h2>\n<p><strong>Das Denkmal f\u00fcr Vittorio Emanuele II.<\/strong> &nbsp;befindet sich im Herzen Roms, auf&nbsp; <strong>der Piazza Venezia<\/strong> , am Fu\u00dfe des Kapitols.<\/p>\n<ul>\n<li><strong>Mit der Metro<\/strong> : Die n\u00e4chstgelegene Station ist&nbsp; <strong>Colosseo<\/strong> &nbsp;(Linie B), von der aus man in 12 Minuten zu Fu\u00df gelangt.<\/li>\n<li><strong>Mit dem Bus<\/strong> : Mehrere Buslinien, darunter die Linien&nbsp; <strong>40, 60, 64, 70 und 80<\/strong> , bedienen die Haltestelle Piazza Venezia.<\/li>\n<li><strong>Zu Fu\u00df<\/strong> : Von wichtigen Sehensw\u00fcrdigkeiten aus leicht erreichbar:\n<ul>\n<li>Vom&nbsp; <strong>Forum Romanum<\/strong> : 7 Minuten<\/li>\n<li>Vom&nbsp; <strong>Trevi-Brunnen<\/strong> : 13 Minuten<\/li>\n<li>Aus dem&nbsp; <strong>Pantheon<\/strong> : 12 Minuten<\/li>\n<li style=\"\">Vom&nbsp; <strong>Kolosseum<\/strong> : 12 Minuten<\/li>\n<\/ul>\n<\/li>\n<\/ul>\n<p style=\"\">\u00dcber diesen Link finden Sie <a href=\"https:\/\/www.atac.roma.it\/en\/utility\/maps\" target=\"_blank\" rel=\"nofollow noopener\" style=\"outline: none;\">offizielle Fahrpl\u00e4ne des \u00f6ffentlichen Nahverkehrs .<\/a><\/p>\n<h3 dir=\"ltr\">\u00d6ffnungszeiten &amp; Beste Besuchszeit<\/h3>\n<ul>\n<li>Das Vittoriano ist t\u00e4glich von <strong>9:30 bis 19:30 Uhr<\/strong> ge\u00f6ffnet &nbsp;(letzter Einlass um 18:45 Uhr). Im Sommer sind die \u00d6ffnungszeiten freitags und samstags bis&nbsp; <strong>22:30 Uhr<\/strong> verl\u00e4ngert .<\/li>\n<li><strong><\/strong><strong>Die besten Besuchszeiten<\/strong> sind <strong>die fr\u00fchen Morgenstunden<\/strong> und <strong>der sp\u00e4te Nachmittag<\/strong> , da sie eine ruhigere Atmosph\u00e4re und optimale Lichtverh\u00e4ltnisse zum Fotografieren bieten.<strong><\/strong><\/li>\n<\/ul>\n<p><span><img decoding=\"async\" alt=\"\" data-id=\"9014\" width=\"624\" data-init-width=\"1000\" height=\"416\" data-init-height=\"667\" title=\"Geschichte des Denkmals f\u00fcr Vittorio Emanuele II.\" loading=\"lazy\" src=\"https:\/\/italy-tourist-information.com\/wp-content\/uploads\/2024\/11\/History-of-the-Monument-to-Vittorio-Emanuele-II.jpg\" data-width=\"624\" data-height=\"416\" style=\"aspect-ratio: auto 1000 \/ 667;\"><\/span><\/p>\n<h2 dir=\"ltr\" id=\"t-1727281155450\">Eine kurze Geschichte des Denkmals f\u00fcr Vittorio Emanuele II.<\/h2>\n<p>Nach dem Tod <strong>K\u00f6nig Viktor Emanuels II.<\/strong> im Jahr 1878 suchte Italien nach einer M\u00f6glichkeit, seinen ersten K\u00f6nig und den Einigungsprozess zu ehren. Das&nbsp;  <strong>Vittoriano<\/strong>  &nbsp;wurde im Auftrag gegeben, um an sein Verm\u00f6gen und die neu gewonnene Einheit des Landes zu erinnern.&nbsp;  <strong>Giuseppe Sacconis<\/strong> Entwurf, <strong>inspiriert von klassisch-hellenistischen Heiligt\u00fcmern<\/strong> , wurde in Wettbewerben in den Jahren 1880 und 1882 ausgew\u00e4hlt.<\/p>\n<p>Der Bau <strong>begann 1885,<\/strong> stie\u00df jedoch auf zahlreiche finanzielle und technische Schwierigkeiten. Nach Sacconis Tod im Jahr 1905 f\u00fchrten andere Architekten seine Vision fort. Das Monument wurde 1911 eingeweiht, aber <strong>erst <\/strong><strong>1935<\/strong> mit der Er\u00f6ffnung des <strong>Zentralmuseums des Risorgimento<\/strong> vollst\u00e4ndig fertiggestellt .<\/p>\n<p>Das Vittoriano wurde nach dem Ersten Weltkrieg <strong>zum Symbol des italienischen Nationalstolzes<\/strong> und beherbergte das <strong>Grabmal des unbekannten Soldaten . W\u00e4hrend der faschistischen \u00c4ra diente es als Kulisse f\u00fcr Milit\u00e4rparaden und symbolisierte Italiens St\u00e4rke und Einheit. Nach dem Zweiten Weltkrieg <\/strong><strong>wandelte sich das Monument zu einem s\u00e4kularen Symbol nationaler Identit\u00e4t.<\/strong> Restaurierungsarbeiten im 21. Jahrhundert haben seine Bedeutung neu belebt und es zu einem gesch\u00e4tzten Symbol f\u00fcr Italiens Geschichte und Widerstandsf\u00e4higkeit gemacht.<\/p>\n<h2 dir=\"ltr\" id=\"t-1727188384205\">Ausstattung und Zug\u00e4nglichkeit des Denkmals f\u00fcr Vittorio Emanuele II.<\/h2>\n<ul>\n<li><strong>Cafeteria-Restaurant<\/strong> : Auf der Panoramaterrasse gelegen, bietet es Speisen mit atemberaubender Aussicht.<\/li>\n<li><strong>Toiletten<\/strong> : In der N\u00e4he des Caf\u00e9s und der Terrassenbereiche vorhanden.<\/li>\n<li><strong>Barrierefreiheit<\/strong> : Rollstuhlgerechter Zugang \u00fcber einen Aufzug auf der Aracoeli-Seite des Denkmals. Aufz\u00fcge erm\u00f6glichen den Zugang zur Panoramaterrasse und zu den Museumsbereichen.<\/li>\n<\/ul>\n<h2 dir=\"ltr\">Besuchsregeln f\u00fcr das Denkmal f\u00fcr Vittorio Emanuele II.&nbsp;<\/h2>\n<ul>\n<li><strong>Respektvolles Verhalten<\/strong> : Bewahren Sie ein respektvolles Auftreten, insbesondere am&nbsp;  <strong>Grabmal des unbekannten Soldaten<\/strong> .<\/li>\n<li><strong>Fotografieren<\/strong> : Erlaubt, aber bitte vermeiden Sie die Verwendung professioneller Ausr\u00fcstung ohne Genehmigung.<\/li>\n<li><strong>Rauchen verboten<\/strong> : Das Rauchen ist im gesamten Geb\u00e4ude untersagt.<\/li>\n<li><strong>Speisen &amp; Getr\u00e4nke<\/strong> : Verzehr nur in den daf\u00fcr vorgesehenen Bereichen wie dem Caf\u00e9.<\/li>\n<\/ul>\n<h3 dir=\"ltr\" id=\"t-1727188384207\">Reisetipps<\/h3>\n<ul>\n<li><strong>Buchen Sie im Voraus<\/strong> : Vermeiden Sie die Warteschlange und buchen Sie Tickets f\u00fcr die Panoramaterrasse online.<\/li>\n<li><strong>Fr\u00fch ankommen<\/strong> : Vermeiden Sie die Menschenmassen, indem Sie fr\u00fch am Morgen kommen.<\/li>\n<li><strong>Achten Sie auf ausreichende Fl\u00fcssigkeitszufuhr<\/strong> : Nehmen Sie Wasser mit, insbesondere bei warmem Wetter.<\/li>\n<li><strong>Bequemes Schuhwerk<\/strong> : Der Besuch des Denkmals erforderte viel Laufen und Treppensteigen.<\/li>\n<li><strong>Sehensw\u00fcrdigkeiten in der N\u00e4he<\/strong> : Erkunden Sie nach Ihrem Besuch das&nbsp;  <strong>Forum Romanum<\/strong> ,&nbsp;  <strong>das Kolosseum<\/strong> und&nbsp;  <strong>den Trevi-Brunnen.<\/strong><\/li>\n<\/ul>\n<p><span><img decoding=\"async\" alt=\"\" data-id=\"9015\" width=\"624\" data-init-width=\"1000\" height=\"416\" data-init-height=\"666\" title=\"Sehensw\u00fcrdigkeiten in der N\u00e4he: Denkmal f\u00fcr Vittorio Emanuele II.\" loading=\"lazy\" src=\"https:\/\/italy-tourist-information.com\/wp-content\/uploads\/2024\/11\/Attractions-Nearby-Monument-to-Vittorio-Emanuele-II.jpg\" data-width=\"624\" data-height=\"416\" style=\"aspect-ratio: auto 1000 \/ 666;\"><\/span><\/p>\n<h2 dir=\"ltr\" id=\"t-1727281155451\">Wichtigste Sehensw\u00fcrdigkeiten in der N\u00e4he: Denkmal f\u00fcr Vittorio Emanuele II.<\/h2>\n<ul>\n<li><strong>Nationalmuseum des Palazzo Venezia<\/strong> : Nur 5 Gehminuten entfernt, bietet es einen tiefen Einblick in die italienische Kunst und Geschichte.<\/li>\n<li><strong>R\u00f6misches Forum und Palatinh\u00fcgel<\/strong> : Nur 7 Gehminuten von diesen ikonischen Ruinen des antiken Roms entfernt.<\/li>\n<li><strong>Kolosseum<\/strong> : Nur 12 Gehminuten vom gr\u00f6\u00dften antiken Amphitheater der Welt entfernt.<\/li>\n<li><a href=\"https:\/\/italy-tourist-information.com\/de\/rom\/historische-wahrzeichen\/trevi-brunnen\" target=\"_blank\" rel=\"nofollow\" style=\"outline: currentcolor;\"><strong>Trevi-Brunnen<\/strong><\/a> : Ein 13-min\u00fctiger Spaziergang f\u00fchrt zu diesem legend\u00e4ren Brunnen.<\/li>\n<li><a href=\"https:\/\/italy-tourist-information.com\/de\/rom\/historische-wahrzeichen\/pantheon\" target=\"_blank\" rel=\"nofollow\" style=\"outline: currentcolor;\"><strong>Pantheon<\/strong><\/a> : Ein 12-min\u00fctiger Spaziergang f\u00fchrt zu diesem antiken r\u00f6mischen Tempel.<\/li>\n<li><strong>Piazza Navona<\/strong> : Ein 14-min\u00fctiger Spaziergang Sie f\u00fchrt zu diesem lebhaften Platz voller barocker Kunst.<\/li>\n<li><strong>Campo de&#8216; Fiori<\/strong> : Ein 15-min\u00fctiger Spaziergang zu einem lebhaften Marktplatz.<\/li>\n<\/ul>\n<p>Ein Besuch des&nbsp;  <strong>Vittorio-Emanuele-II.-Denkmals<\/strong>  &nbsp;ist wie ein Eintauchen in Italiens reiche Geschichte und Nationalstolz. Nach der Erkundung des Vittoriano sollten Sie sich Zeit f\u00fcr nahegelegene Sehensw\u00fcrdigkeiten wie das&nbsp;  <strong>Forum Romanum<\/strong> ,&nbsp;  <strong>das Kolosseum<\/strong> und&nbsp;  <a href=\"https:\/\/italy-tourist-information.com\/de\/rom\/historische-wahrzeichen\/trevi-brunnen\" target=\"_blank\" rel=\"nofollow\" style=\"outline: currentcolor;\"><strong>den Trevi-Brunnen<\/strong><\/a> nehmen. Ob Sie nun von der Pracht des Denkmals, seiner historischen Bedeutung oder dem Panoramablick fasziniert sind \u2013 es ist ein absolutes Muss im Herzen Roms.<\/p>\n<h3 style=\"\">Verwandte Artikel:<\/h3>\n<p><a href=\"https:\/\/italy-tourist-information.com\/de\/rom\/historische-wahrzeichen\/viktor-emanuelsdenkmal\" dynamic-postlink=\"tcb_post_the_permalink\" data-shortcode-id=\"763\"><\/a><\/p>\n<h2 style=\"padding-top: 0px !important; margin-top: 0px !important; text-align: center;\" id=\"t-1725554257380\" data-hide=\"true\"><span data-shortcode=\"tcb_post_title\" data-shortcode-name=\"Post title\" data-extra_key=\"\" data-attr-link=\"1\" data-attr-target=\"0\" data-attr-rel=\"0\" data-option-inline=\"1\" data-attr-static-link=\"{&quot;className&quot;:&quot;&quot;,&quot;href&quot;:&quot;#&quot;,&quot;title&quot;:&quot;A Complete Guide to the Monument to Vittorio Emanuele II in Rome \/ History, Tips, Location DE&quot;,&quot;class&quot;:&quot;&quot;}\" data-attr-css=\"\"><a href=\"https:\/\/italy-tourist-information.com\/de\/rom\/historische-wahrzeichen\/viktor-emanuelsdenkmal\" title=\"A Complete Guide to the Monument to Vittorio Emanuele II in Rome \/ History, Tips, Location DE\" data-css=\"\">A Complete Guide to the Monument to Vittorio Emanuele II in Rome \/ History, Tips, Location DE<\/a><\/span><\/h2>\n","protected":false},"excerpt":{"rendered":"<p>Das Denkmal f\u00fcr Vittorio Emanuele II. , oft auchVittoriano &nbsp;oder&nbsp; Altar des Vaterlandes genannt&nbsp; , ist eines der bekanntesten Wahrzeichen Roms. Es erinnert an die Einigung Italiens und seinen ersten K\u00f6nig und ist ein Symbol f\u00fcr Nationalstolz und Widerstandsf\u00e4higkeit.&nbsp; Dieser Reisef\u00fchrer enth\u00e4lt alle Wissenswerte , einschlie\u00dflich der Top -Attraktionen, Tickets, gef\u00fchrten Touren und hilfreichen Tipps [&hellip;]<\/p>\n","protected":false},"author":17,"featured_media":18149,"parent":18024,"menu_order":0,"comment_status":"closed","ping_status":"closed","template":"","meta":{"footnotes":""},"categories":[],"tags":[168,155,160],"class_list":["post-18147","page","type-page","status-publish","has-post-thumbnail","hentry","tag-historical-landmarks","tag-rom","tag-things-to-do","post-wrapper","thrv_wrapper"],"_links":{"self":[{"href":"https:\/\/italy-tourist-information.com\/de\/wp-json\/wp\/v2\/pages\/18147","targetHints":{"allow":["GET"]}}],"collection":[{"href":"https:\/\/italy-tourist-information.com\/de\/wp-json\/wp\/v2\/pages"}],"about":[{"href":"https:\/\/italy-tourist-information.com\/de\/wp-json\/wp\/v2\/types\/page"}],"author":[{"embeddable":true,"href":"https:\/\/italy-tourist-information.com\/de\/wp-json\/wp\/v2\/users\/17"}],"replies":[{"embeddable":true,"href":"https:\/\/italy-tourist-information.com\/de\/wp-json\/wp\/v2\/comments?post=18147"}],"version-history":[{"count":15,"href":"https:\/\/italy-tourist-information.com\/de\/wp-json\/wp\/v2\/pages\/18147\/revisions"}],"predecessor-version":[{"id":19307,"href":"https:\/\/italy-tourist-information.com\/de\/wp-json\/wp\/v2\/pages\/18147\/revisions\/19307"}],"up":[{"embeddable":true,"href":"https:\/\/italy-tourist-information.com\/de\/wp-json\/wp\/v2\/pages\/18024"}],"wp:featuredmedia":[{"embeddable":true,"href":"https:\/\/italy-tourist-information.com\/de\/wp-json\/wp\/v2\/media\/18149"}],"wp:attachment":[{"href":"https:\/\/italy-tourist-information.com\/de\/wp-json\/wp\/v2\/media?parent=18147"}],"wp:term":[{"taxonomy":"category","embeddable":true,"href":"https:\/\/italy-tourist-information.com\/de\/wp-json\/wp\/v2\/categories?post=18147"},{"taxonomy":"post_tag","embeddable":true,"href":"https:\/\/italy-tourist-information.com\/de\/wp-json\/wp\/v2\/tags?post=18147"}],"curies":[{"name":"wp","href":"https:\/\/api.w.org\/{rel}","templated":true}]}}