{"id":18187,"date":"2024-09-25T17:51:15","date_gmt":"2024-09-25T17:51:15","guid":{"rendered":"https:\/\/italy-tourist-information.com\/rome\/historical-landmarks\/pantheon"},"modified":"2026-04-13T14:14:43","modified_gmt":"2026-04-13T14:14:43","slug":"pantheon","status":"publish","type":"page","link":"https:\/\/italy-tourist-information.com\/de\/rom\/historische-wahrzeichen\/pantheon","title":{"rendered":"Guide zum Pantheon in Rom: \u00d6ffnungszeiten, Highlights &amp; Tipps"},"content":{"rendered":"<p data-pm-slice=\"0 0 []\" style=\"\">Das Pantheon in Rom z\u00e4hlt zu<strong> den beeindruckendsten Bauwerken der Antike<\/strong> und steht bis heute f\u00fcr au\u00dfergew\u00f6hnliche Ingenieurskunst.<\/p>\n<p data-pm-slice=\"0 0 []\">Urspr\u00fcnglich im Jahr 27 v. Chr. von Marcus Agrippa errichtet und unter Kaiser Hadrian um 126 n. Chr. neu aufgebaut, beherbergt es <strong>\u200b<\/strong>die<strong> gr\u00f6\u00dfte freitragende Betonkuppel der Welt<\/strong><strong>&nbsp;<\/strong>\u2013 ein Meisterwerk perfekter Proportionen und technischer Pr\u00e4zision.<\/p>\n<p>Im Laufe der Jahrhunderte wandelte sich das Pantheon <strong>von einem Tempel f\u00fcr r\u00f6mische G\u00f6tter zu einer christlichen Kirche.<\/strong> Besonders faszinierend ist das <strong>Okulus<\/strong>, die offene Kreis\u00f6ffnung in der Kuppel, durch die Tageslicht eindrucksvoll ins Innere f\u00e4llt und eine einzigartige Atmosph\u00e4re schafft.<\/p>\n<p>In diesem Guide zum Pantheon erfahren Sie <strong>alles Wichtige f\u00fcr Ihren Besuch<\/strong> \u2013 von <strong>\u00d6ffnungszeiten<\/strong> und die beste <strong>Besuchszeit<\/strong> <strong>\u00fcber<\/strong> <a href=\"#tve-jump-19d87161e09\" jump-animation=\"smooth\" style=\"outline: none;\">Tickets<\/a> bis hin zu hilfreichen <strong>Tipps<\/strong> f\u00fcr Ihre Planung.<\/p>\n<h2 id=\"t-1727188384202\">Pantheon Rom:&nbsp;Steckbrief auf einen Blick<\/h2>\n<p><span><img decoding=\"async\" alt=\"Pantheon\" data-id=\"7757\" width=\"736\" data-init-width=\"1000\" height=\"491\" data-init-height=\"667\" title=\"Pantheon\" loading=\"lazy\" src=\"https:\/\/italy-tourist-information.com\/wp-content\/uploads\/2024\/09\/Pantheon-2-1.jpg\" data-width=\"736\" data-height=\"491\" style=\"aspect-ratio: auto 1000 \/ 667;\"><\/span><\/p>\n<ul>\n<li style=\"\">                    <span><strong>Adresse:<\/strong> Pantheon, Piazza della Rotonda, 00186 Rom<\/span><\/li>\n<li style=\"\">                    <span>\n<p dir=\"ltr\" style=\"\"><strong>Urspr\u00fcnglicher Name:&nbsp;<\/strong>Santa Maria ad Martyres (auch &#8222;Sancta Maria Rotunda&#8220;)<\/p>\n<p><\/span><\/li>\n<li style=\"\">                    <span><strong>Kapazit\u00e4t:<\/strong>&nbsp;ca. 4000 Personen<\/span><\/li>\n<li style=\"\">                    <span><strong>Bauzeit: <\/strong>Erstbau 27\u201325 v. Chr.; Neubau unter Hadrian ca. 118\u2013125 n. Chr.<\/span><\/li>\n<li style=\"\">                    <span><strong>Architekten:&nbsp;<\/strong> Marcus Agrippa und vermutlich Apollodor von Damaskus<\/span><\/li>\n<li>                    <span><strong>Architekturstil:<\/strong>&nbsp;Klassisch-r\u00f6misch mit Einfl\u00fcssen der griechischen Architektur<\/span><\/li>\n<li>                    <span><strong>Baumaterialien:<\/strong> Ziegel, Beton und Tuffstein, dazu verschiedene Marmor- und Steinsorten f\u00fcr die Innen- und Au\u00dfengestaltung<\/span><\/li>\n<li>                    <span><strong>Bekannt f\u00fcr seine:<\/strong>&nbsp;Seine freitragende Betonkuppel, das zentrale Okulus und die au\u00dfergew\u00f6hnlich harmonischen Proportionen<\/span><\/li>\n<li>                    <span><strong>UNESCO-Welterbest\u00e4tte:<\/strong>&nbsp;Teil des historischen Zentrums von Rom, seit 1980 UNESCO-Welterbest\u00e4tte<\/span><\/li>\n<li>                    <span><strong>Besondere Anl\u00e4sse:<\/strong>&nbsp;Wird bis heute als Kirche genutzt (Santa Maria ad Martyres) und dient regelm\u00e4\u00dfig religi\u00f6sen Zeremonien, insbesondere an Feiertagen.<br \/><\/span><\/li>\n<li><span><strong>Besucherzahl pro Jahr:<\/strong> 7 Millionen<\/span><\/li>\n<\/ul>\n<h2 id=\"t-1774276707065\">Eintritt, Tickets und F\u00fchrungen f\u00fcr den Panthon in Rom<\/h2>\n<p><span><img decoding=\"async\" alt=\"Pantheon\" data-id=\"7756\" width=\"736\" data-init-width=\"1000\" height=\"491\" data-init-height=\"667\" title=\"Pantheon\" loading=\"lazy\" src=\"https:\/\/italy-tourist-information.com\/wp-content\/uploads\/2024\/09\/Pantheon-1-1.jpg\" data-width=\"736\" data-height=\"491\" style=\"aspect-ratio: auto 1000 \/ 667;\"><\/span><\/p>\n<p>F\u00fcr Besucher des Pantheons&nbsp;stehen<strong> verschiedene Ticketoptionen zur Verf\u00fcgung<\/strong><strong>.<\/strong> <span style=\"text-decoration: underline;\">Hier sind die beliebtesten:<\/span><\/p>\n<ul>\n<li><strong><a href=\"https:\/\/www.headout.com\/roman-pantheon-tickets\/pantheon-audio-guide-e-13486\/?affiliate_code=KXkQ69&amp;utm_campaign=itideromepantheona&amp;utm_content=link&amp;utm_medium=affiliate&amp;utm_source=most_amazing_places\" target=\"_blank\" style=\"outline: none;\" spellcheck=\"false\" rel=\"nofollow noopener\">Pantheon Ticket mit Schnelleinlass und offizieller Audioguide<\/a><\/strong>: Vermeiden Sie Warteschlangen und erhalten Sie schnellen Eintritt zu einem der bekanntesten Wahrzeichen Roms.<\/li>\n<li><strong><a href=\"https:\/\/www.getyourguide.com\/rome-l33\/rome-pantheon-skip-the-line-entry-and-guided-tour-t493734\/?partner_id=NO9XIDE&amp;utm_medium=online_publisher&amp;cmp=ITIDeRomePantheonA\" target=\"_blank\" rel=\"nofollow noopener\" style=\"outline: none;\"><strong>F\u00fchrung durch das Pantheon in Rom<\/strong><\/a><\/strong>: Erkunden Sie das Pantheon mit Hilfe eines fachkundigen Reisef\u00fchrers, der Ihnen faszinierende Geschichten und Einblicke vermittelt.<\/li>\n<\/ul>\n<p data-pm-slice=\"1 1 []\">Entdecken Sie hier weitere <a href=\"https:\/\/pantheonrometickets.com\/\" target=\"_blank\" style=\"outline: none;\" spellcheck=\"false\" rel=\"nofollow noopener\">handverlesene Ticketoptionen f\u00fcr das Pantheon.<\/a><\/p>\n<h3>Rom City P\u00e4sse<\/h3>\n<p>Erw\u00e4gen Sie den Kauf eines&nbsp;<a href=\"https:\/\/italy-tourist-information.com\/de\/rom\/planen\/pass-fuer-rom\" style=\"outline: none;\"><strong>Rom-City-Passes<\/strong><\/a>, mit dem Sie erm\u00e4\u00dfigten Eintritt zu zahlreichen Sehensw\u00fcrdigkeiten, darunter dem Pantheon, erhalten:<\/p>\n<ul>\n<li><a href=\"https:\/\/www.getyourguide.com\/rome-l33\/roma-pass-official-city-card-with-transportation-t68896\/?partner_id=NO9XIDE&amp;utm_medium=online_publisher&amp;cmp=ITIDePantheonA\" style=\"outline: none;\" target=\"_blank\" rel=\"nofollow noopener\"><strong>Roma Pass:<\/strong><\/a>&nbsp;Bietet freien Eintritt zu <strong>zwei Sehensw\u00fcrdigkeiten <\/strong>und erm\u00e4\u00dfigte Preise bei weiteren Sehensw\u00fcrdigkeiten sowie die unbegrenzte Nutzung der <strong>\u00f6ffentlichen Verkehrsmittel.<\/strong><\/li>\n<li><a href=\"https:\/\/www.getyourguide.com\/rome-l33\/omnia-vatican-and-rome-pass-top-attractions-and-travelcard-t28847\/?partner_id=NO9XIDE&amp;utm_medium=online_publisher&amp;cmp=ITIDePantheonA\" style=\"outline: none;\" target=\"_blank\" rel=\"nofollow noopener\"><strong>OMNIA Vatican &amp; Rome Pass<\/strong>:<\/a>&nbsp;Beinhaltet bevorzugten Einlass zu Top-Attraktionen wie dem <strong>Pantheon<\/strong>,<strong> dem Petersdom<\/strong> und den&nbsp;<strong> Vatikanischen Museen<\/strong>.<\/li>\n<\/ul>\n<h2 dir=\"ltr\" id=\"t-1774276707066\">Ben\u00f6tige ich eine F\u00fchrung durch das Pantheon?<\/h2>\n<p data-pm-slice=\"0 0 []\">Eine F\u00fchrung kann Ihren Besuch im Pantheon<strong> deutlich bereichern. <\/strong>Sie erhalten spannende <strong>Einblicke in Geschichte, Architektur und Bedeutung<\/strong> dieses einzigartigen Bauwerks \u2013 anschaulich erkl\u00e4rt durch erfahrene Guides mit fundiertem Hintergrundwissen.<\/p>\n<p>Gerade das weitl\u00e4ufige Innere mit seinen<strong> vielen Details<\/strong> erschlie\u00dft sich mit einer F\u00fchrung deutlich besser.<strong> So entgeht Ihnen kein wichtiges Highlight<\/strong>, und Sie verstehen die Besonderheiten des Pantheons auf einer ganz anderen Ebene.<\/p>\n<p><strong>Ein weiterer Vorteil:<\/strong> Viele F\u00fchrungen bieten bevorzugten Zugang, sodass lange Wartezeiten vermieden werden und mehr Zeit f\u00fcr das eigentliche Erlebnis bleibt.<\/p>\n<ul>\n<li>Entdecken Sie das Pantheon stressfrei und mit spannenden Hintergrundinfos \u2013 <a href=\"https:\/\/www.getyourguide.com\/rome-l33\/rome-pantheon-skip-the-line-entry-and-guided-tour-t493734\/?partner_id=NO9XIDE&amp;utm_medium=online_publisher&amp;cmp=ITIDeRomePantheonA\" target=\"_blank\" rel=\"nofollow noopener\" style=\"outline: none;\"><strong>sichern Sie sich hier Ihre F\u00fchrung im Voraus.<\/strong><\/a><\/li>\n<\/ul>\n<h2 id=\"t-1727281155449\">Was kann ich im Pantheon sehen?<\/h2>\n<p><span><img decoding=\"async\" alt=\"Pantheon\" data-id=\"7764\" width=\"736\" data-init-width=\"1000\" height=\"491\" data-init-height=\"667\" title=\"Pantheon\" loading=\"lazy\" src=\"https:\/\/italy-tourist-information.com\/wp-content\/uploads\/2024\/09\/Pantheon-9.jpg\" data-width=\"736\" data-height=\"491\" style=\"aspect-ratio: auto 1000 \/ 667;\"><\/span><\/p>\n<p data-pm-slice=\"0 0 []\">Bevor Sie das Pantheon betreten, lohnt sich ein Blick auf die beeindruckende Au\u00dfenfassade:<\/p>\n<h3>1. Au\u00dfenansicht:<\/h3>\n<ul>\n<li><strong>Pronaos (Portikus):&nbsp;<\/strong>Der monumentale Eingangsbereich wird von 16 korinthischen S\u00e4ulen aus \u00e4gyptischem Granit getragen. Der dar\u00fcber liegende Dreiecksgiebel verleiht dem Bau eine klassische, majest\u00e4tische Wirkung.<\/li>\n<li><strong>Lateinische Inschrift:&nbsp;<\/strong>\u201eMarcus Agrippa, Sohn des Lucius, im dritten Konsulat, hat dieses Bauwerk errichtet\u201c \u2013 ein Hinweis auf den urspr\u00fcnglichen Bauherrn.<\/li>\n<\/ul>\n<h3>2. Innenraum:<\/h3>\n<ul>\n<li><strong>Die Kuppel:&nbsp;<\/strong>Mit einem Durchmesser von 43,44 Metern z\u00e4hlt sie zu den gr\u00f6\u00dften freitragenden Betonkuppeln der Welt und ist ein Meisterwerk antiker Ingenieurskunst.<\/li>\n<li><strong>Der Okulus:<\/strong> Die 8,8 Meter breite \u00d6ffnung in der Kuppel ist die einzige Lichtquelle und symbolisiert die Verbindung zwischen Himmel und Erde.<strong><\/strong><\/li>\n<li><strong>Edle Marmorb\u00f6den und Verzierungen:<\/strong> Der Innenraum beeindruckt durch hochwertige Materialien, harmonische Proportionen und kunstvolle Details.<\/li>\n<\/ul>\n<h3 \"=\"\" 0=\"\" []\"=\"\" style=\"text-align: justify;\">3. Gr\u00e4ber:<\/h3>\n<ul>\n<li data-pm-slice=\"0 0 []\"><strong>Raffael<\/strong>: Der ber\u00fchmte Renaissancek\u00fcnstler liegt hier begraben \u2013 sein Grab z\u00e4hlt zu den meistbeachteten im Pantheon.<\/li>\n<li data-pm-slice=\"0 0 []\"><strong>Viktor Emanuel II.:<\/strong> Erster K\u00f6nig des vereinten Italiens und eine der wichtigsten historischen Pers\u00f6nlichkeiten des Landes.<\/li>\n<li data-pm-slice=\"0 0 []\"><strong>Umberto I. und K\u00f6nigin Margherita:&nbsp;<\/strong>Auch der zweite K\u00f6nig Italiens sowie seine Gemahlin sind hier beigesetzt \u2013 ihre Gr\u00e4ber sind oft mit Blumen geschm\u00fcckt.<\/li>\n<\/ul>\n<h2 dir=\"ltr\" id=\"t-1727281155450\">Wie erreiche ich den Pantheon in Rom?<\/h2>\n<p><span><img decoding=\"async\" alt=\"Pantheon\" data-id=\"7759\" width=\"736\" data-init-width=\"1000\" height=\"484\" data-init-height=\"657\" title=\"Pantheon\" loading=\"lazy\" src=\"https:\/\/italy-tourist-information.com\/wp-content\/uploads\/2024\/09\/Pantheon-4.jpg\" data-width=\"736\" data-height=\"484\" style=\"aspect-ratio: auto 1000 \/ 657;\"><\/span><\/p>\n<p>Das&nbsp;Pantheon&nbsp;befindet sich <strong>in zentraler Lage im<\/strong>&nbsp;<strong>r\u00f6mischen Stadtteil Pigna<\/strong>&nbsp; nd ist bequem zu Fu\u00df oder mit \u00f6ffentlichen Verkehrsmitteln erreichbar.<\/p>\n<ul>\n<li><strong>Adresse<\/strong>: Pantheon, Piazza della Rotonda, 00186 Rom<\/li>\n<li><strong>Google Maps: <\/strong><a href=\"https:\/\/maps.app.goo.gl\/Pd8RUdZCn4rZL3UGA\" target=\"_blank\" rel=\"nofollow noopener\" style=\"outline: none;\">Standort des Pantheons<\/a><\/li>\n<\/ul>\n<p>Das&nbsp;Pantheon&nbsp;ist bequem mit&nbsp;<strong>der U-Bahn, dem Bus<\/strong> oder zu Fu\u00df von nahegelegenen Sehensw\u00fcrdigkeiten aus erreichbar:<\/p>\n<ul>\n<li><strong>Mit der U-Bahn<\/strong>: Nehmen Sie die Linie A bis zur &nbsp;Station&nbsp;<strong>Barberini<\/strong> &nbsp;.<\/li>\n<li><strong>Mit dem Bus:&nbsp;<\/strong>Nehmen Sie die Linien 30, 40, 62, 64, 81 oder 87, um zum &nbsp;<strong>Largo di Torre Argentina<\/strong> zu gelangen .<\/li>\n<li><strong>Zu Fu\u00df<\/strong>: Es ist nur ein kurzer Spaziergang von anderen Sehensw\u00fcrdigkeiten wie&nbsp;<strong>der Piazza Navona<\/strong>&nbsp;(4 Minuten) und dem&nbsp;Trevi-Brunnen&nbsp;(8 Minuten)entfernt.<\/li>\n<\/ul>\n<p>\u00dcber diesen Link finden Sie&nbsp;<a href=\"https:\/\/www.atac.roma.it\/en\/utility\/maps\" target=\"_blank\" style=\"outline: none;\" rel=\"nofollow noopener\">offizielle Fahrpl\u00e4ne des \u00f6ffentlichen Nahverkehrs in Rom.<\/a><\/p>\n<h2 dir=\"ltr\" id=\"t-1727188384205\">\u00d6ffnungszeiten des Pantheon in Rom<\/h2>\n<p><span><img decoding=\"async\" alt=\"Pantheon\" data-id=\"7761\" width=\"736\" data-init-width=\"1000\" height=\"491\" data-init-height=\"667\" title=\"Pantheon\" loading=\"lazy\" src=\"https:\/\/italy-tourist-information.com\/wp-content\/uploads\/2024\/09\/Pantheon-6.jpg\" data-width=\"736\" data-height=\"491\" style=\"aspect-ratio: auto 1000 \/ 667;\"><\/span><\/p>\n<p><strong>\u00d6ffnungszeiten:<\/strong><\/p>\n<p><strong>Montag \u2013 Samstag: <\/strong>9:00 \u2013 19:00 Uhr<\/p>\n<p><strong>Geschlossen<\/strong>: 1. Januar, 15. August, 25. Dezember<\/p>\n<p><strong>Letzter Einlass:<\/strong> 15 Minuten vor Schlie\u00dfung<\/p>\n<h3>Beste Besuchszeit f\u00fcr das Pantheon in Rom<\/h3>\n<p>F\u00fcr ein ruhigeres Erlebnis empfiehlt sich ein Besuch <strong>am fr\u00fchen Morgen oder sp\u00e4ten Nachmittag.<\/strong> Unter der Woche ist es meist deutlich weniger voll als am Wochenende.<\/p>\n<h2 id=\"t-1776087649047\">Wie viel Zeit f\u00fcr das Pantheon in Rom einplanen?<\/h2>\n<p>Die meisten Besucher verbringen <strong>etwa 30 bis 60 Minuten im Pantheon \u2013<\/strong> je nachdem, wie intensiv sie sich mit Architektur und Details besch\u00e4ftigen m\u00f6chten.<\/p>\n<h2 data-pm-slice=\"1 1 []\" id=\"t-1776087649048\">Geschichte des Pantheons in Rom<\/h2>\n<p><span><img decoding=\"async\" alt=\"\" data-id=\"7760\" width=\"736\" data-init-width=\"1000\" height=\"484\" data-init-height=\"657\" title=\"Blick auf den Brunnen in der N\u00e4he des Pantheons in Rom\" loading=\"lazy\" src=\"https:\/\/italy-tourist-information.com\/wp-content\/uploads\/2024\/09\/Pantheon-5.jpg\" data-width=\"736\" data-height=\"484\" style=\"aspect-ratio: auto 1000 \/ 657;\"><\/span><\/p>\n<p>Werfen wir einen Blick auf die&nbsp;<strong>Geschichte des Pantheons<\/strong>&nbsp;anhand einer kompakten&nbsp;<strong>Zeitleiste<\/strong>, um Ihnen einen leicht verst\u00e4ndlichen \u00dcberblick zu geben.<\/p>\n<ul>\n<li style=\"\"><span><strong>27-25 v. Chr<\/strong>.: Marcus Agrippa gibt den Bau des ersten Pantheons, eines rechteckigen Tempels, in Auftrag.<\/span><\/li>\n<li style=\"\"><span>\n<p dir=\"ltr\" style=\"\"><strong>80 n. Chr<\/strong>.: Das Pantheon wird durch ein Feuer zerst\u00f6rt.<\/p>\n<p><\/span><\/li>\n<li style=\"\"><span><strong>118-125 n. Chr<\/strong>.: Kaiser Hadrian l\u00e4sst das Pantheon mit einer massiven Betonkuppel wiederaufbauen.<\/span><\/li>\n<li style=\"\"><span><strong>609 n. Chr<\/strong>.: Das Pantheon wird zur christlichen Basilika Santa Maria ad Martyres.<\/span><\/li>\n<li style=\"\"><span><strong>1520<\/strong>: Der Maler Raffael wird im Pantheon beigesetzt.<\/span><\/li>\n<li><span><strong>1625<\/strong>: Papst Urban VIII. entfernt Bronzeplatten von der Kuppel, um daraus Kanonen herzustellen.<\/span><\/li>\n<li><span><strong>18. Jahrhundert<\/strong>: Bronzefliesen werden durch Bleifliesen ersetzt.<\/span><\/li>\n<li><span><strong>20. Jahrhundert<\/strong>: Das Pantheon wird zu einer bedeutenden Touristenattraktion.<\/span><\/li>\n<li><span><strong>1980<\/strong>: Ernennung zum UNESCO-Weltkulturerbe.&nbsp;<\/span><\/li>\n<li><span><strong>Heute:&nbsp;<\/strong>Das Pantheon ist nach wie vor eine beliebte Touristenattraktion und eine aktive Kirche.<\/span><\/li>\n<\/ul>\n<p><strong><span style=\"text-decoration: underline;\">Gut zu wissen:<\/span><\/strong><span style=\"text-decoration: underline;\">&nbsp;<\/span><\/p>\n<p data-pm-slice=\"0 0 []\">Der Name \u201ePantheon\u201c bedeutet <strong>\u201eTempel aller G\u00f6tter\u201c.<\/strong><\/p>\n<p data-pm-slice=\"0 0 []\">Er stammt aus dem Griechischen <strong>(\u201epan\u201c = alle, \u201etheos\u201c = Gott).<\/strong><\/p>\n<h2 data-pm-slice=\"0 0 []\" id=\"t-1776087649049\">Architektur des Pantheons in Rom<\/h2>\n<p><span><img decoding=\"async\" alt=\"Pantheon\" data-id=\"6864\" width=\"736\" data-init-width=\"1000\" height=\"491\" data-init-height=\"667\" title=\"Pantheon\" loading=\"lazy\" src=\"https:\/\/italy-tourist-information.com\/wp-content\/uploads\/2024\/09\/Pantheon.jpg\" data-width=\"736\" data-height=\"491\" style=\"aspect-ratio: auto 1000 \/ 667;\"><\/span><\/p>\n<p>Die Kuppel gilt als Meisterleistung r\u00f6mischer Ingenieurskunst. Sie wurde aus einer speziellen Betonmischung gefertigt, die mit zunehmender H\u00f6he leichter wird.<\/p>\n<p>Das Okulus bildet die einzige Lichtquelle und sorgt f\u00fcr ein einzigartiges Spiel aus Licht und Schatten.<\/p>\n<h2 dir=\"ltr\" id=\"t-1727188384211\">Tipps f\u00fcr den Besuch des Pantheons<\/h2>\n<ul>\n<li data-pm-slice=\"0 0 []\"><strong>Fr\u00fch ankommen: <\/strong>So vermeiden Sie Menschenmassen und genie\u00dfen eine ruhigere Atmosph\u00e4re.<\/li>\n<li><strong>Angemessene Kleidung: <\/strong>Als Kirche gilt eine Kleiderordnung (Schultern und Knie bedeckt).<\/li>\n<li><strong>Gef\u00fchrte Tour nutzen:<\/strong> So erhalten Sie tiefere Einblicke in Geschichte und Architektur.<\/li>\n<li><strong>Auf Wertsachen achten: <\/strong>In touristischen Bereichen kann es zu Taschendiebstahl kommen.<\/li>\n<li><strong>Zeit nehmen:<\/strong> Ein ruhiger Moment unter der Kuppel macht den Besuch besonders eindrucksvoll.<\/li>\n<\/ul>\n<h2 id=\"t-1727188384213\">Die wichtigsten Sehensw\u00fcrdigkeiten in der N\u00e4he des Pantheons<\/h2>\n<p><span><img decoding=\"async\" alt=\"Pantheon\" data-id=\"7770\" width=\"736\" data-init-width=\"1000\" height=\"491\" data-init-height=\"667\" title=\"Pantheon\" loading=\"lazy\" src=\"https:\/\/italy-tourist-information.com\/wp-content\/uploads\/2024\/09\/Pantheon-14.jpg\" data-width=\"736\" data-height=\"491\" style=\"aspect-ratio: auto 1000 \/ 667;\"><\/span><\/p>\n<ul>\n<li data-pm-slice=\"0 0 []\"><strong>Santa Maria sopra Minerva (0,2 km, 3 Min. zu Fu\u00df):<\/strong> Einzige gotische Kirche Roms mit Michelangelos Skulptur \u201eChristus der Erl\u00f6ser\u201c.<\/li>\n<li data-pm-slice=\"0 0 []\"><strong>San Luigi dei Francesi (0,2 km, 3 Min. zu Fu\u00df): <\/strong>Bekannt f\u00fcr Caravaggios Meisterwerke, darunter \u201eDas Martyrium des Heiligen Matth\u00e4us\u201c.<\/li>\n<li data-pm-slice=\"0 0 []\"><strong>Piazza Navona (0,3 km, 4 Min. zu Fu\u00df):<\/strong> Lebendiger Barockplatz mit Berninis Vierstr\u00f6mebrunnen, Caf\u00e9s und Stra\u00dfenk\u00fcnstlern.<\/li>\n<li data-pm-slice=\"0 0 []\"><strong>Trevi-Brunnen (0,6 km, 8 Min. zu Fu\u00df): <\/strong>Ikonischer Barockbrunnen \u2013 werfen Sie eine M\u00fcnze f\u00fcr Ihre R\u00fcckkehr nach Rom.<\/li>\n<li data-pm-slice=\"0 0 []\"><strong>Campo de&#8216; Fiori (0,7 km, 9 Min. zu Fu\u00df):<\/strong> Tags\u00fcber Markt, abends lebendiger Treffpunkt mit Restaurants und Bars.<\/li>\n<li data-pm-slice=\"0 0 []\"><strong>Piazza Venezia (1,6 km, 18 Min. zu Fu\u00df):&nbsp;<\/strong>Mit dem imposanten Vittoriano und Panoramablick \u00fcber die Stadt.<\/li>\n<li data-pm-slice=\"0 0 []\"><strong>Spanische Treppe (1,1 km, 15 Min. zu Fu\u00df):&nbsp;<\/strong>Ber\u00fchmte Freitreppe zwischen Piazza di Spagna und Trinit\u00e0 dei Monti.<\/li>\n<li data-pm-slice=\"0 0 []\"><strong>Engelsburg (1,6 km, 18 Min. zu Fu\u00df):<\/strong> Ehemaliges Mausoleum Hadrians, heute Museum mit spektakul\u00e4rer Aussicht.<\/li>\n<li data-pm-slice=\"0 0 []\"><strong>Forum Romanum &amp; Palatin (1,1 km, 15 Min. zu Fu\u00df):&nbsp;<\/strong>Das historische Zentrum des antiken Roms mit beeindruckenden Ruinen.&nbsp;<\/li>\n<li data-pm-slice=\"0 0 []\"><strong>Kolosseum (1,8 km, 25 Min. zu Fu\u00df):&nbsp;<\/strong>Das ber\u00fchmteste Amphitheater der Welt und Symbol des antiken Roms.<\/li>\n<\/ul>\n<p data-pm-slice=\"1 1 []\">Das Pantheon in Rom ist weit mehr als nur eine Sehensw\u00fcrdigkeit. Es verbindet Geschichte, Architektur und Atmosph\u00e4re auf einzigartige Weise und geh\u00f6rt zu den absoluten Highlights jeder Rom-Reise.<\/p>\n<h3 style=\"\">Verwandte Artikel:<\/h3>\n<p><a href=\"https:\/\/italy-tourist-information.com\/de\/rom\/sehenswuerdigkeiten\/top-10\" dynamic-postlink=\"tcb_post_the_permalink\" data-shortcode-id=\"7716\"><\/a><\/p>\n<h2 style=\"padding-top: 0px !important; margin-top: 0px !important; text-align: center;\" id=\"t-1725554257380\" data-hide=\"true\"><span data-shortcode=\"tcb_post_title\" data-shortcode-name=\"Post title\" data-extra_key=\"\" data-attr-link=\"1\" data-attr-target=\"0\" data-attr-rel=\"0\" data-option-inline=\"1\" data-attr-static-link=\"{&quot;className&quot;:&quot;&quot;,&quot;href&quot;:&quot;https:\/\/italy-tourist-information.com\/de\/rom\/sehenswuerdigkeiten\/top-10&quot;,&quot;title&quot;:&quot;Top 10 Sehensw\u00fcrdigkeiten in Rom: Attraktionen &amp; Wahrzeichen ((mit Tickets))&quot;,&quot;class&quot;:&quot;&quot;}\" data-attr-css=\"\"><a href=\"https:\/\/italy-tourist-information.com\/de\/rom\/sehenswuerdigkeiten\/top-10\" title=\"Top 10 Sehensw\u00fcrdigkeiten in Rom: Attraktionen &amp; Wahrzeichen [mit Tickets]\" data-css=\"\">Top 10 Sehensw\u00fcrdigkeiten in Rom: Attraktionen &amp; Wahrzeichen [mit Tickets]<\/a><\/span><\/h2>\n<p><a href=\"https:\/\/italy-tourist-information.com\/de\/rom\/historische-wahrzeichen\/kolosseum\" dynamic-postlink=\"tcb_post_the_permalink\" data-shortcode-id=\"7716\"><\/a><\/p>\n<h2 style=\"padding-top: 0px !important; margin-top: 0px !important; text-align: center;\" id=\"t-1725554257380\" data-hide=\"true\"><span data-shortcode=\"tcb_post_title\" data-shortcode-name=\"Post title\" data-extra_key=\"\" data-attr-link=\"1\" data-attr-target=\"0\" data-attr-rel=\"0\" data-option-inline=\"1\" data-attr-static-link=\"{&quot;className&quot;:&quot;&quot;,&quot;href&quot;:&quot;https:\/\/italy-tourist-information.com\/de\/rom\/sehenswuerdigkeiten\/top-10&quot;,&quot;title&quot;:&quot;Top 10 Sehensw\u00fcrdigkeiten in Rom: Attraktionen &amp; Wahrzeichen ((mit Tickets))&quot;,&quot;class&quot;:&quot;&quot;}\" data-attr-css=\"\"><a href=\"https:\/\/italy-tourist-information.com\/de\/rom\/historische-wahrzeichen\/kolosseum\" title=\"Guide zum Kolosseum in Rom: Infos, Tipps &amp; Tickets\" data-css=\"\">Guide zum Kolosseum in Rom: Infos, Tipps &amp; Tickets<\/a><\/span><\/h2>\n<p><a href=\"https:\/\/italy-tourist-information.com\/de\/rom\/sehenswuerdigkeiten\/nachtleben\" dynamic-postlink=\"tcb_post_the_permalink\" data-shortcode-id=\"7716\"><\/a><\/p>\n<h2 style=\"padding-top: 0px !important; margin-top: 0px !important; text-align: center;\" id=\"t-1725554257380\" data-hide=\"true\"><span data-shortcode=\"tcb_post_title\" data-shortcode-name=\"Post title\" data-extra_key=\"\" data-attr-link=\"1\" data-attr-target=\"0\" data-attr-rel=\"0\" data-option-inline=\"1\" data-attr-static-link=\"{&quot;className&quot;:&quot;&quot;,&quot;href&quot;:&quot;https:\/\/italy-tourist-information.com\/de\/rom\/sehenswuerdigkeiten\/top-10&quot;,&quot;title&quot;:&quot;Top 10 Sehensw\u00fcrdigkeiten in Rom: Attraktionen &amp; Wahrzeichen ((mit Tickets))&quot;,&quot;class&quot;:&quot;&quot;}\" data-attr-css=\"\"><a href=\"https:\/\/italy-tourist-information.com\/de\/rom\/sehenswuerdigkeiten\/nachtleben\" title=\"Rom Nachtleben Guide: Bars, Clubs &amp; Partyviertel\" data-css=\"\">Rom Nachtleben Guide: Bars, Clubs &amp; Partyviertel<\/a><\/span><\/h2>\n<p><a href=\"https:\/\/italy-tourist-information.com\/de\/rom\/historische-wahrzeichen\/trevi-brunnen\" dynamic-postlink=\"tcb_post_the_permalink\" data-shortcode-id=\"7716\"><\/a><\/p>\n<h2 style=\"padding-top: 0px !important; margin-top: 0px !important; text-align: center;\" id=\"t-1725554257380\" data-hide=\"true\"><span data-shortcode=\"tcb_post_title\" data-shortcode-name=\"Post title\" data-extra_key=\"\" data-attr-link=\"1\" data-attr-target=\"0\" data-attr-rel=\"0\" data-option-inline=\"1\" data-attr-static-link=\"{&quot;className&quot;:&quot;&quot;,&quot;href&quot;:&quot;https:\/\/italy-tourist-information.com\/de\/rom\/sehenswuerdigkeiten\/top-10&quot;,&quot;title&quot;:&quot;Top 10 Sehensw\u00fcrdigkeiten in Rom: Attraktionen &amp; Wahrzeichen ((mit Tickets))&quot;,&quot;class&quot;:&quot;&quot;}\" data-attr-css=\"\"><a href=\"https:\/\/italy-tourist-information.com\/de\/rom\/historische-wahrzeichen\/trevi-brunnen\" title=\"Guide zum Trevi-Brunnen in Rom: Infos, Tickets &amp; Tipps\" data-css=\"\">Guide zum Trevi-Brunnen in Rom: Infos, Tickets &amp; Tipps<\/a><\/span><\/h2>\n","protected":false},"excerpt":{"rendered":"<p>Das Pantheon in Rom z\u00e4hlt zu den beeindruckendsten Bauwerken der Antike und steht bis heute f\u00fcr au\u00dfergew\u00f6hnliche Ingenieurskunst. Urspr\u00fcnglich im Jahr 27 v. Chr. von Marcus Agrippa errichtet und unter Kaiser Hadrian um 126 n. Chr. neu aufgebaut, beherbergt es \u200bdie gr\u00f6\u00dfte freitragende Betonkuppel der Welt&nbsp;\u2013 ein Meisterwerk perfekter Proportionen und technischer Pr\u00e4zision. Im Laufe [&hellip;]<\/p>\n","protected":false},"author":17,"featured_media":18188,"parent":18024,"menu_order":0,"comment_status":"closed","ping_status":"closed","template":"","meta":{"footnotes":""},"categories":[],"tags":[168,155,170],"class_list":["post-18187","page","type-page","status-publish","has-post-thumbnail","hentry","tag-historical-landmarks","tag-rom","tag-thing-to-do","post-wrapper","thrv_wrapper"],"_links":{"self":[{"href":"https:\/\/italy-tourist-information.com\/de\/wp-json\/wp\/v2\/pages\/18187","targetHints":{"allow":["GET"]}}],"collection":[{"href":"https:\/\/italy-tourist-information.com\/de\/wp-json\/wp\/v2\/pages"}],"about":[{"href":"https:\/\/italy-tourist-information.com\/de\/wp-json\/wp\/v2\/types\/page"}],"author":[{"embeddable":true,"href":"https:\/\/italy-tourist-information.com\/de\/wp-json\/wp\/v2\/users\/17"}],"replies":[{"embeddable":true,"href":"https:\/\/italy-tourist-information.com\/de\/wp-json\/wp\/v2\/comments?post=18187"}],"version-history":[{"count":16,"href":"https:\/\/italy-tourist-information.com\/de\/wp-json\/wp\/v2\/pages\/18187\/revisions"}],"predecessor-version":[{"id":19138,"href":"https:\/\/italy-tourist-information.com\/de\/wp-json\/wp\/v2\/pages\/18187\/revisions\/19138"}],"up":[{"embeddable":true,"href":"https:\/\/italy-tourist-information.com\/de\/wp-json\/wp\/v2\/pages\/18024"}],"wp:featuredmedia":[{"embeddable":true,"href":"https:\/\/italy-tourist-information.com\/de\/wp-json\/wp\/v2\/media\/18188"}],"wp:attachment":[{"href":"https:\/\/italy-tourist-information.com\/de\/wp-json\/wp\/v2\/media?parent=18187"}],"wp:term":[{"taxonomy":"category","embeddable":true,"href":"https:\/\/italy-tourist-information.com\/de\/wp-json\/wp\/v2\/categories?post=18187"},{"taxonomy":"post_tag","embeddable":true,"href":"https:\/\/italy-tourist-information.com\/de\/wp-json\/wp\/v2\/tags?post=18187"}],"curies":[{"name":"wp","href":"https:\/\/api.w.org\/{rel}","templated":true}]}}