{"id":18211,"date":"2024-09-30T12:39:25","date_gmt":"2024-09-30T12:39:25","guid":{"rendered":"https:\/\/italy-tourist-information.com\/rome\/historical-landmarks\/castel-sant-angelo"},"modified":"2026-04-14T13:09:08","modified_gmt":"2026-04-14T13:09:08","slug":"engelsburg","status":"publish","type":"page","link":"https:\/\/italy-tourist-information.com\/de\/rom\/historische-wahrzeichen\/engelsburg","title":{"rendered":"Guide zur Engelsburg in Rom: Highlights, \u00d6ffnungszeiten &amp; Tickets"},"content":{"rendered":"<p data-pm-slice=\"0 0 []\" style=\"\">Die Engelsburg (Castel Sant\u2019Angelo), eine beeindruckende Festung am Ufer des Tibers, z\u00e4hlt zu den bekanntesten Wahrzeichen Roms. <\/p>\n<p data-pm-slice=\"0 0 []\">Urspr\u00fcnglich als <strong>Mausoleum f\u00fcr Kaiser Hadrian <\/strong>erbaut, diente sie im Laufe der Jahrhunderte als p\u00e4pstliche Festung, Gef\u00e4ngnis und schlie\u00dflich als Museum.<\/p>\n<p>In diesem Guide finden Sie alle <strong>wichtigen Informationen f\u00fcr Ihren Besuch<\/strong> \u2013 von <a href=\"#tve-jump-19d8c07cbb6\" jump-animation=\"smooth\"><strong>Eintritt und Tickets<\/strong><\/a> bis hin zu den wichtigsten <strong>Highlights<\/strong> und praktischen <strong>Tipps<\/strong>.<\/p>\n<h2 id=\"t-1727188384202\">Engelsburg: Steckbrief auf einen Blick<\/h2>\n<ul>\n<li style=\"\">                    <span><strong>Adresse:<\/strong> Engelsburg, Lungotevere Castello, 50, 00193 Rom&nbsp;<\/span><\/li>\n<li style=\"\">                    <span><strong>Bauzeit:<\/strong> 134\u2013139 n. Chr.<\/span><\/li>\n<li>                    <span><strong>Architekturstil:<\/strong>&nbsp;R\u00f6misch-kaiserlich mit mittelalterlichen Erweiterungen<\/span><\/li>\n<li>                    <span><strong>Baumaterial:<\/strong>&nbsp;Opus caementicium (r\u00f6mischer Beton) mit Travertinverkleidung<\/span><\/li>\n<li>                    <span><strong>Bekannt f\u00fcr seine<\/strong>&nbsp;Geschichte als Mausoleum, Festung, p\u00e4pstliche Residenz und Gef\u00e4ngnis. Statue des Erzengels Michael auf dem Gipfel. <strong>Passetto di Borgo, <\/strong>ein befestigter Weg, der die Burg mit dem Vatikan verbindet. Beeindruckende Sammlung von Kunst und Artefakten.<\/span><\/li>\n<li>                    <span><strong>UNESCO-Status:<\/strong>&nbsp;Teil des historischen Zentrums von Rom (seit 1980)<\/span><\/li>\n<li><span><strong>Besonderheiten:<\/strong>&nbsp;Tempor\u00e4re Ausstellungen, kulturelle Veranstaltungen und Konzerte<br \/><\/span><\/li>\n<li><span><strong>Besucher pro Jahr:<\/strong> 1,2 Millionen<\/span><\/li>\n<\/ul>\n<h2 id=\"t-1727281155448\" style=\"\">Eintritt, Tickets und F\u00fchrungen f\u00fcr die Engelsburg<\/h2>\n<p><span><img decoding=\"async\" alt=\"Engelsburg\" data-id=\"7863\" width=\"736\" data-init-width=\"1000\" height=\"490\" data-init-height=\"666\" title=\"Engelsburg\" loading=\"lazy\" src=\"https:\/\/italy-tourist-information.com\/wp-content\/uploads\/2024\/09\/castel-santangelo-5.jpg\" data-width=\"736\" data-height=\"490\" style=\"aspect-ratio: auto 1000 \/ 666;\"><\/span><\/p>\n<p>Ein Besuch der Engelsburg bietet spannende Einblicke in die Geschichte Roms \u2013 vom antiken Mausoleum bis zur p\u00e4pstlichen Festung.<\/p>\n<ul>\n<li><strong>Eintrittspreis:<\/strong> Die <strong>Ticketpreise variieren je nach gew\u00e4hlter Option<\/strong>, z. B. Standard-Eintritt, Audioguide oder F\u00fchrung. Buchen Sie Ihre Tickets im Voraus, um Wartezeiten zu vermeiden \u2013 besonders in der Hauptsaison.<\/li>\n<li><strong>Tipp:<\/strong> Am ersten Sonntag im Monat ist der Eintritt kostenlos.<\/li>\n<li><strong>Beliebte Ticketoptionen:<\/strong><\/li>\n<\/ul>\n<p tve-u-192e294339e\"\"=\"\"><a href=\"https:\/\/www.tiqets.com\/de\/rome-attractions-c71631\/tickets-for-castel-sant-angelo-entry-audio-guide-app-p974329\/?partner=italytouristinformation&amp;tq_campaign=DEEngelsburgA\" rel=\"nofollow noopener\" target=\"_blank\" style=\"outline: none;\">Engelsburg: Eintrittskarte + Audioguide-App<\/a><\/p>\n<p tve-u-192e294339e\"\"=\"\"><a href=\"https:\/\/www.getyourguide.com\/rome-l33\/rome-castel-sant-angelo-guided-tour-t339261\/?partner_id=NO9XIDE&amp;utm_medium=online_publisher&amp;cmp=ITIDeEngelsburgA\" rel=\"nofollow noopener\" spellcheck=\"false\" target=\"_blank\" style=\"outline: none;\">Rom: Gef\u00fchrte Tour durch die Engelsburg<\/a><\/p>\n<p tve-u-192e294339e\"\"=\"\"><a href=\"https:\/\/www.headout.com\/de\/engelsburg-tickets\/castel-sant-angelo-reservierter-eintritt-e-13091\/?affiliate_code=KXkQ69&amp;utm_campaign=itideengelsburga&amp;utm_content=link&amp;utm_medium=affiliate&amp;utm_source=most_amazing_places\" rel=\"nofollow noopener\" target=\"_blank\" style=\"outline: none;\" data-lt-tmp-id=\"lt-391491\" spellcheck=\"false\">Engelsburg: zeitlich festgelegte Eintrittstickets<\/a><\/p>\n<p tve-u-192e294339e\"\"=\"\"><a href=\"https:\/\/www.tiqets.com\/de\/rome-attractions-c71631\/rome-tourist-card-p1013153\/?partner=italytouristinformationtq_campaign=RomDEEngelsburgA\" rel=\"nofollow noopener\" spellcheck=\"false\" target=\"_blank\" style=\"outline: none;\">Rome Tourist Card mit Engelsburg<\/a><\/p>\n<h3 id=\"t-1774433540949\" style=\"\">Ben\u00f6tige ich eine F\u00fchrung f\u00fcr die Engelsburg?<\/h3>\n<p data-pm-slice=\"0 0 []\">Die Engelsburg l\u00e4sst sich problemlos auf eigene Faust erkunden. Wenn Sie jedoch tiefer in die Geschichte eintauchen m\u00f6chten, ist eine <strong><a href=\"https:\/\/www.getyourguide.com\/rome-l33\/rome-castel-sant-angelo-guided-tour-t339261\/?partner_id=NO9XIDE&amp;utm_medium=online_publisher&amp;cmp=ITIDeEngelsburgA\" rel=\"nofollow noopener\" spellcheck=\"false\" target=\"_blank\" style=\"outline: none;\">F\u00fchrung<\/a><\/strong><strong>&nbsp;eine lohnende Erg\u00e4nzung.<\/strong><\/p>\n<p data-pm-slice=\"0 0 []\">Erfahrene Guides vermitteln<strong> spannende Hintergr\u00fcnde <\/strong>zur Architektur, zur Nutzung als Festung und zu den<strong> p\u00e4pstlichen Gem\u00e4chern.<\/strong> Zudem profitieren Sie h\u00e4ufig von bevorzugtem Einlass und sparen wertvolle Zeit.<\/p>\n<ul>\n<li><strong>Tipp:&nbsp;<\/strong>Eine F\u00fchrung ist besonders empfehlenswert, wenn Sie die verborgenen Bereiche und historischen Details besser verstehen m\u00f6chten.<\/li>\n<\/ul>\n<p \"\"=\"\"><a href=\"https:\/\/www.getyourguide.com\/rome-l33\/rome-castel-sant-angelo-guided-tour-t339261\/?partner_id=NO9XIDE&amp;utm_medium=online_publisher&amp;cmp=ITIDeEngelsburgA\" rel=\"nofollow noopener\" spellcheck=\"false\" target=\"_blank\" style=\"outline: none;\"><strong>&gt;&gt; Mehr Details und Verf\u00fcgbarkeit:<\/strong> F\u00fchrung durch die Engelsburg<\/a><\/p>\n<h3 id=\"t-1727188384204\" style=\"\">Sind Rom City P\u00e4sse in der Engelsburg g\u00fcltig?<\/h3>\n<p>Ja,&nbsp;<a href=\"https:\/\/italy-tourist-information.com\/de?page_id=17860\" style=\"outline: none;\"><strong>viele Rom City P\u00e4sse<\/strong><\/a>&nbsp;beinhalten den Eintritt zur Engelsburg oder bieten Erm\u00e4\u00dfigungen.<\/p>\n<p>Dazu z\u00e4hlen unter anderem der<strong> Roma Pass<\/strong> und die <a href=\"https:\/\/www.tiqets.com\/de\/rome-attractions-c71631\/rome-tourist-card-p1013153\/?partner=italytouristinformationtq_campaign=DeEngelsburgA\" rel=\"nofollow noopener\" spellcheck=\"false\" target=\"_blank\" style=\"outline: none;\">Rome Tourist Card<\/a>. Je nach Pass erhalten Sie<strong> freien Eintritt oder reduzierte Preise<\/strong> sowie <strong>zus\u00e4tzliche Vorteile<\/strong> wie bevorzugten Zugang und die Nutzung \u00f6ffentlicher Verkehrsmittel.<\/p>\n<p>F\u00fcr Besucher, die mehrere Sehensw\u00fcrdigkeiten planen, kann sich ein solcher Pass <strong>besonders lohnen.<\/strong><\/p>\n<h2 id=\"t-1774433540950\">Was kann ich in der Engelsburg sehen?<\/h2>\n<p><span><img decoding=\"async\" alt=\"Engelsburg\" data-id=\"7862\" width=\"736\" data-init-width=\"1000\" height=\"491\" data-init-height=\"667\" title=\"Engelsburg\" loading=\"lazy\" src=\"https:\/\/italy-tourist-information.com\/wp-content\/uploads\/2024\/09\/castel-santangelo-4.jpg\" data-width=\"736\" data-height=\"491\" style=\"aspect-ratio: auto 1000 \/ 667;\"><\/span><\/p>\n<p data-pm-slice=\"0 0 []\">Die Engelsburg vereint antike, mittelalterliche und p\u00e4pstliche Geschichte \u2013 diese Highlights sollten Sie nicht verpassen:<\/p>\n<ul>\n<li><strong>Die p\u00e4pstlichen Gem\u00e4cher:&nbsp;<\/strong>Prunkvolle R\u00e4ume mit Renaissance-Fresken, die einst als R\u00fcckzugsort der P\u00e4pste dienten.<\/li>\n<li><strong>Die Terrasse:<\/strong> Einer der besten Aussichtspunkte in Rom mit Blick auf den Petersdom und den Tiber.<\/li>\n<li><strong>Die Mausoleumskammern: <\/strong>Das urspr\u00fcngliche Grabmal Kaiser Hadrians, das den antiken Ursprung der Burg zeigt.<\/li>\n<li><strong>Die Gef\u00e4ngniszellen:<\/strong> Dunkle, eindrucksvolle R\u00e4ume, in denen einst politische Gefangene festgehalten wurden.<\/li>\n<li><strong>Der Engelshof: <\/strong>Historischer Innenhof und zentraler Zugang zu den p\u00e4pstlichen Bereichen.&nbsp;<\/li>\n<\/ul>\n<h2 id=\"t-1774433540951\">Wie erreiche ich die Engelsburg in Rom?<\/h2>\n<p><span><img decoding=\"async\" alt=\"Engelsburg\" data-id=\"7861\" width=\"736\" data-init-width=\"1000\" height=\"491\" data-init-height=\"667\" title=\"Engelsburg\" loading=\"lazy\" src=\"https:\/\/italy-tourist-information.com\/wp-content\/uploads\/2024\/09\/castel-santangelo-3.jpg\" data-width=\"736\" data-height=\"491\" style=\"aspect-ratio: auto 1000 \/ 667;\"><\/span><\/p>\n<p>Die Engelsburg (Castel Sant&#8217;Angelo)&nbsp;befindet sich am&nbsp;<strong>Lungotevere Castello 50, 00193 Rom<\/strong> und ist leicht zu erreichen:<\/p>\n<ul>\n<li><strong>Mit der Metro<\/strong>: Die n\u00e4chstgelegenen Stationen sind&nbsp;<strong>Lepanto<\/strong>&nbsp;(17 Minuten Fu\u00dfweg) und&nbsp;<strong>Ottaviano<\/strong>&nbsp;(22 Minuten Fu\u00dfweg).<\/li>\n<li><strong>Mit dem Bus<\/strong>: Mehrere Buslinien bedienen das Gebiet, darunter die Linien &nbsp;<strong>280, 492, 23 und 70<\/strong>.<\/li>\n<li><strong>Zu Fu\u00df:<\/strong>&nbsp;Fu\u00dfl\u00e4ufige Entfernungen von den wichtigsten Sehensw\u00fcrdigkeiten:\n<ul>\n<li><strong>Piazza Navona<\/strong>: 10 Minuten<\/li>\n<li><strong>Petersdom<\/strong>: 14 Minuten<\/li>\n<li><strong>Pantheon<\/strong>: 16 Minuten<\/li>\n<li><strong>Spanische Treppe<\/strong>: 21 Minuten<\/li>\n<\/ul>\n<\/li>\n<\/ul>\n<p>\u00dcber diesen Link finden Sie <a href=\"https:\/\/www.atac.roma.it\/en\/utility\/maps \" target=\"_blank\" style=\"outline: none;\" data-lt-tmp-id=\"lt-556968\" spellcheck=\"false\" rel=\"nofollow noopener\">offizielle Fahrpl\u00e4ne des \u00f6ffentlichen Nahverkehrs.<\/a><\/p>\n<h2 dir=\"ltr\" id=\"t-1774433540952\">\u00d6ffnungszeiten und beste Besuchszeit f\u00fcr die Engelsburg<\/h2>\n<p>Die Engelsburg&nbsp;ist von&nbsp;<strong>Dienstag bis Sonntag von 9:00 bis 19:30 Uhr<\/strong> ge\u00f6ffnet. Montags und an ausgew\u00e4hlten Feiertagen ist sie geschlossen.<\/p>\n<p><strong>Die fr\u00fchen Morgenstunden<\/strong> und <strong>sp\u00e4ten Nachmittage eignen sich ideal<\/strong> f\u00fcr einen Besuch, um den Menschenmassen zu entgehen. Ein Besuch au\u00dferhalb der Hauptsaison im Sp\u00e4therbst oder Winter bietet ein entspannteres Erlebnis.<\/p>\n<h2 dir=\"ltr\" id=\"t-1727281155450\">Geschichte der Engelsburg (Castel Sant&#8217;Angelo)<\/h2>\n<p><span><img decoding=\"async\" alt=\"Engelsburg\" data-id=\"7864\" width=\"736\" data-init-width=\"1000\" height=\"493\" data-init-height=\"670\" title=\"Engelsburg\" loading=\"lazy\" src=\"https:\/\/italy-tourist-information.com\/wp-content\/uploads\/2024\/09\/Castel-SantAngelo-6.jpg\" data-width=\"736\" data-height=\"493\" style=\"aspect-ratio: auto 1000 \/ 670;\"><\/span><\/p>\n<ul>\n<li><strong>Ein Mausoleum f\u00fcr Kaiser (1.\u20135. Jahrhundert n. Chr.)<\/strong>: Es wurde 123 n. Chr. Chr. von Kaiser Hadrian erbaut und verwaltete urspr\u00fcnglich die Asche von Kaisern wie Hadrian, Antoninus Pius und Marcus Aurelius. Seine bronzene Quadriga symbolisierte den r\u00f6mischen Ruhm.<\/li>\n<li><strong>Umwandlung in eine Festung (5.-16. Jahrhundert n. Chr.)<\/strong>: Mit dem Niedergang des R\u00f6mischen Reiches wurde das Mausoleum befestigt, um es vor Invasionen zu sch\u00fctzen. Dank seiner strategischen Lage am Tiber wurde es zu einem wichtigen Bestandteil der r\u00f6mischen Verteidigungsanlagen.<\/li>\n<li><strong>P\u00e4pstliche Zuflucht und Machtsymbol (16.\u201319. Jahrhundert n. Chr.)<\/strong>: W\u00e4hrend der Renaissance diente es als p\u00e4pstliche Zuflucht und war durch den&nbsp;<strong><em>Passetto di Borgo<\/em><\/strong>&nbsp;mit dem Vatikan verbunden. Papst Clemens VII. nutzte es w\u00e4hrend des Sacco di Roma 1527; es diente als Residenz, Schatzkammer und Gef\u00e4ngnis und symbolisierte die p\u00e4pstliche Macht.<\/li>\n<li><strong>Museumszeit (20. Jahrhundert \u2013 Gegenwart)<\/strong>: Heute ein Museum, pr\u00e4sentiert es seine vielf\u00e4ltige Vergangenheit. Besucher k\u00f6nnen <strong>p\u00e4pstliche Gem\u00e4cher, antike Mausoleumskammern und Gef\u00e4ngniszellen<\/strong> erkunden. Die Statue des Erzengels Michael auf der Burgspitze symbolisiert Roms Widerstandsf\u00e4higkeit und Glauben und geht auf eine Vision von Papst Gregor I. w\u00e4hrend der Pest im Jahr 590 n. Chr. zur\u00fcck.<\/li>\n<\/ul>\n<h2 dir=\"ltr\" id=\"t-1727188384206\">Was Sie vor Ihrem Besuch in der Engelsburg wissen sollten<\/h2>\n<p><span><img decoding=\"async\" alt=\"Engelsburg\" data-id=\"7866\" width=\"736\" data-init-width=\"1000\" height=\"491\" data-init-height=\"667\" title=\"Engelsburg\" loading=\"lazy\" src=\"https:\/\/italy-tourist-information.com\/wp-content\/uploads\/2024\/09\/Castel-SantAngelo-2-1.jpg\" data-width=\"736\" data-height=\"491\" style=\"aspect-ratio: auto 1000 \/ 667;\"><\/span><\/p>\n<h3 dir=\"ltr\">Besuchsregeln<\/h3>\n<ul>\n<li><strong>Keine gro\u00dfen Taschen<\/strong>: Gro\u00dfe Taschen und Rucks\u00e4cke sind nicht erlaubt.<\/li>\n<li><strong>Fotografieren<\/strong>: F\u00fcr den pers\u00f6nlichen Gebrauch gestattet, f\u00fcr professionelle Ausr\u00fcstung ist jedoch eine Genehmigung erforderlich.<\/li>\n<li><strong>Keine Speisen und Getr\u00e4nke<\/strong>: Mitgebrachte Speisen und Getr\u00e4nke sind nicht gestattet.<\/li>\n<li><strong>Respektvolles Verhalten<\/strong>: Besucher werden gebeten, die Ausstellungsst\u00fccke nicht zu ber\u00fchren und sich respektvoll zu verhalten.<\/li>\n<\/ul>\n<h3 dir=\"ltr\" id=\"t-1727188384207\">Tipps f\u00fcr Ihren Besuch&nbsp;<\/h3>\n<ul>\n<li data-pm-slice=\"0 0 []\"><strong>Tickets im Voraus buchen: <\/strong>Vermeiden Sie Wartezeiten, besonders in der Hauptsaison.<\/li>\n<li><strong>Fr\u00fch oder sp\u00e4t kommen:<\/strong> Besuchen Sie die Engelsburg morgens oder am sp\u00e4ten Nachmittag f\u00fcr ein ruhigeres Erlebnis.<\/li>\n<li><strong>Bequeme Schuhe tragen: <\/strong>Es erwarten Sie viele Treppen und l\u00e4ngere Wege.<\/li>\n<li><strong>Aussicht genie\u00dfen:<\/strong> Die Terrasse bietet einen der sch\u00f6nsten Panoramablicke \u00fcber Rom.<\/li>\n<li><strong>Aufmerksam bleiben: <\/strong>Achten Sie in belebten Bereichen auf Taschendiebe.<\/li>\n<\/ul>\n<h3 dir=\"ltr\">Ausstattung und Barrierefreiheit der Engelsburg<\/h3>\n<ul>\n<li><strong>Toiletten<\/strong>: In der gesamten St\u00e4tte vorhanden.<\/li>\n<li><strong>Caf\u00e9\/Restaurant<\/strong>: Genie\u00dfen Sie eine Mahlzeit im&nbsp;<strong>Le Terrazze<\/strong> &nbsp;mit Panoramablick.<\/li>\n<li><strong>Souvenirladen<\/strong>: Hier k\u00f6nnen Sie B\u00fccher, Repliken und Erinnerungsst\u00fccke erwerben.<\/li>\n<li><strong>Barrierefreiheit<\/strong>: Rollstuhlrampen und Aufz\u00fcge erm\u00f6glichen den Zugang zu den meisten Bereichen. Bei Bedarf steht Ihnen pers\u00f6nlich zur Verf\u00fcgung.<\/li>\n<\/ul>\n<h2 dir=\"ltr\" id=\"t-1727281155451\">Top-Sehensw\u00fcrdigkeiten in der N\u00e4he der Engelsburg<\/h2>\n<p><span><img decoding=\"async\" alt=\"Spanische Treppe\" data-id=\"7843\" width=\"736\" data-init-width=\"1000\" height=\"492\" data-init-height=\"668\" title=\"Piazza, Di, Spagna, In, Rom, Italien., Spanische Treppe, In, Rom,\" loading=\"lazy\" src=\"https:\/\/italy-tourist-information.com\/wp-content\/uploads\/2024\/09\/Spanish-Steps-1-1.jpg\" data-width=\"736\" data-height=\"492\" style=\"aspect-ratio: auto 1000 \/ 668;\"><\/span><\/p>\n<p data-pm-slice=\"0 0 []\">Die Engelsburg liegt zentral in Rom und ist von zahlreichen Highlights umgeben, die sich ideal zu Fu\u00df erkunden lassen:<\/p>\n<ul>\n<li data-pm-slice=\"0 0 []\"><strong>Piazza Navona <\/strong>(ca. 800 m, 10 Minuten): Lebhafter Platz mit barocker Architektur und Brunnen.<\/li>\n<li><strong>Petersdom<\/strong> (ca. 1 km, 15 Minuten): Eines der bedeutendsten Bauwerke der Welt und Zentrum des Vatikans.<\/li>\n<li><strong>Pantheon<\/strong> (ca. 1,2 km, 15\u201320 Minuten): Ein beeindruckend erhaltenes antikes Bauwerk mit ikonischer Kuppel.<\/li>\n<li><strong>Campo de&#8216; Fiori <\/strong>(ca. 1 km, 15 Minuten): Bekannter Markt am Tag und beliebter Treffpunkt am Abend.<\/li>\n<li><strong>Vatikanische Museen <\/strong>(ca. 1,6 km, 20\u201325 Minuten): Ber\u00fchmte Kunstsammlungen mit der Sixtinischen Kapelle.<\/li>\n<li><strong>Spanische Treppe<\/strong> (ca. 1,6 km, 20\u201325 Minuten): Eines der bekanntesten Wahrzeichen Roms.<\/li>\n<li><strong>Trevi-Brunnen <\/strong>(ca. 1,8 km, 20\u201325 Minuten): Der ber\u00fchmteste Brunnen der Welt.<\/li>\n<li><strong>Piazza Venezia<\/strong> (ca. 1,9 km, 25\u201330 Minuten): Zentraler Platz mit dem imposanten Vittoriano-Denkmal.<\/li>\n<\/ul>\n<p>Ein Besuch der&nbsp;Engelsburg&nbsp;ist eine <strong>Reise durch Roms vielschichtige Geschichte,<\/strong> von ihren kaiserlichen Anf\u00e4ngen bis zu ihrer Rolle als Renaissancefestung. Nach der Erkundung der Burg sollten Sie sich die Gelegenheit nicht entgehen lassen, nahegelegene Sehensw\u00fcrdigkeiten wie den&nbsp;<strong>Petersdom<\/strong>,&nbsp;<strong>die Piazza Navona<\/strong>&nbsp;und das&nbsp;<a href=\"https:\/\/italy-tourist-information.com\/de?page_id=17837\" style=\"outline: none;\" data-lt-tmp-id=\"lt-982522\" spellcheck=\"false\"><strong>Pantheon<\/strong><\/a> zu besuchen.<\/p>\n<p>F\u00fcr eine umfassendere Erkundung empfiehlt sich ein Spaziergang zum <strong>Trevi-Brunnen<\/strong>&nbsp;und zur <strong>S<\/strong><strong>panischen Treppe<\/strong>, die beide in 25 Minuten zu Fu\u00df erreichbar sind. Dieses ikonische Wahrzeichen bietet einen einzigartigen Einblick in Roms Vergangenheit und ist daher ein absolutes Muss f\u00fcr geschichtsinteressierte und Touristen gleicherma\u00dfen.<\/p>\n<h3 style=\"\">Verwandte Artikel:<\/h3>\n<p><a href=\"https:\/\/italy-tourist-information.com\/de\/rom\/sehenswuerdigkeiten\/top-10\" dynamic-postlink=\"tcb_post_the_permalink\" data-shortcode-id=\"763\"><\/a><\/p>\n<h2 style=\"padding-top: 0px !important; margin-top: 0px !important; text-align: center;\" id=\"t-1725554257380\" data-hide=\"true\"><span data-shortcode=\"tcb_post_title\" data-shortcode-name=\"Post title\" data-extra_key=\"\" data-attr-link=\"1\" data-attr-target=\"0\" data-attr-rel=\"0\" data-option-inline=\"1\" data-attr-static-link=\"{&quot;className&quot;:&quot;&quot;,&quot;href&quot;:&quot;https:\/\/italy-tourist-information.com\/de\/rom\/sehenswuerdigkeiten\/top-10&quot;,&quot;title&quot;:&quot;Top 10 Sehensw\u00fcrdigkeiten in Rom: Attraktionen &amp; Wahrzeichen ((mit Tickets))&quot;,&quot;class&quot;:&quot;&quot;}\" data-attr-css=\"\"><a href=\"https:\/\/italy-tourist-information.com\/de\/rom\/sehenswuerdigkeiten\/top-10\" title=\"Top 10 Sehensw\u00fcrdigkeiten in Rom: Attraktionen &amp; Wahrzeichen [mit Tickets]\" data-css=\"\">Top 10 Sehensw\u00fcrdigkeiten in Rom: Attraktionen &amp; Wahrzeichen [mit Tickets]<\/a><\/span><\/h2>\n<p><a href=\"https:\/\/italy-tourist-information.com\/de\/rom\/historische-wahrzeichen\/kolosseum\" dynamic-postlink=\"tcb_post_the_permalink\" data-shortcode-id=\"763\"><\/a><\/p>\n<h2 style=\"padding-top: 0px !important; margin-top: 0px !important; text-align: center;\" id=\"t-1725554257380\" data-hide=\"true\"><span data-shortcode=\"tcb_post_title\" data-shortcode-name=\"Post title\" data-extra_key=\"\" data-attr-link=\"1\" data-attr-target=\"0\" data-attr-rel=\"0\" data-option-inline=\"1\" data-attr-static-link=\"{&quot;className&quot;:&quot;&quot;,&quot;href&quot;:&quot;https:\/\/italy-tourist-information.com\/de\/rom\/sehenswuerdigkeiten\/top-10&quot;,&quot;title&quot;:&quot;Top 10 Sehensw\u00fcrdigkeiten in Rom: Attraktionen &amp; Wahrzeichen ((mit Tickets))&quot;,&quot;class&quot;:&quot;&quot;}\" data-attr-css=\"\"><a href=\"https:\/\/italy-tourist-information.com\/de\/rom\/historische-wahrzeichen\/kolosseum\" title=\"Guide zum Kolosseum in Rom: Infos, Tipps &amp; Tickets\" data-css=\"\">Guide zum Kolosseum in Rom: Infos, Tipps &amp; Tickets<\/a><\/span><\/h2>\n<p><a href=\"https:\/\/italy-tourist-information.com\/de\/rom\/historische-wahrzeichen\/forum-romanum-palatin\" dynamic-postlink=\"tcb_post_the_permalink\" data-shortcode-id=\"763\"><\/a><\/p>\n<h2 style=\"padding-top: 0px !important; margin-top: 0px !important; text-align: center;\" id=\"t-1725554257380\" data-hide=\"true\"><span data-shortcode=\"tcb_post_title\" data-shortcode-name=\"Post title\" data-extra_key=\"\" data-attr-link=\"1\" data-attr-target=\"0\" data-attr-rel=\"0\" data-option-inline=\"1\" data-attr-static-link=\"{&quot;className&quot;:&quot;&quot;,&quot;href&quot;:&quot;https:\/\/italy-tourist-information.com\/de\/rom\/sehenswuerdigkeiten\/top-10&quot;,&quot;title&quot;:&quot;Top 10 Sehensw\u00fcrdigkeiten in Rom: Attraktionen &amp; Wahrzeichen ((mit Tickets))&quot;,&quot;class&quot;:&quot;&quot;}\" data-attr-css=\"\"><a href=\"https:\/\/italy-tourist-information.com\/de\/rom\/historische-wahrzeichen\/forum-romanum-palatin\" title=\"Guide zum Forum Romanum und Palatin in Rom: Info, Tickets &amp; Tipps\" data-css=\"\">Guide zum Forum Romanum und Palatin in Rom: Info, Tickets &amp; Tipps<\/a><\/span><\/h2>\n<p><a href=\"https:\/\/italy-tourist-information.com\/de\/rom\/historische-wahrzeichen\/spanische-treppe\" dynamic-postlink=\"tcb_post_the_permalink\" data-shortcode-id=\"763\"><\/a><\/p>\n<h2 style=\"padding-top: 0px !important; margin-top: 0px !important; text-align: center;\" id=\"t-1725554257380\" data-hide=\"true\"><span data-shortcode=\"tcb_post_title\" data-shortcode-name=\"Post title\" data-extra_key=\"\" data-attr-link=\"1\" data-attr-target=\"0\" data-attr-rel=\"0\" data-option-inline=\"1\" data-attr-static-link=\"{&quot;className&quot;:&quot;&quot;,&quot;href&quot;:&quot;https:\/\/italy-tourist-information.com\/de\/rom\/sehenswuerdigkeiten\/top-10&quot;,&quot;title&quot;:&quot;Top 10 Sehensw\u00fcrdigkeiten in Rom: Attraktionen &amp; Wahrzeichen ((mit Tickets))&quot;,&quot;class&quot;:&quot;&quot;}\" data-attr-css=\"\"><a href=\"https:\/\/italy-tourist-information.com\/de\/rom\/historische-wahrzeichen\/spanische-treppe\" title=\"Spanische Treppe in Rom: Guide mit Tipps &amp; Highlights\" data-css=\"\">Spanische Treppe in Rom: Guide mit Tipps &amp; Highlights<\/a><\/span><\/h2>\n","protected":false},"excerpt":{"rendered":"<p>Die Engelsburg (Castel Sant\u2019Angelo), eine beeindruckende Festung am Ufer des Tibers, z\u00e4hlt zu den bekanntesten Wahrzeichen Roms. Urspr\u00fcnglich als Mausoleum f\u00fcr Kaiser Hadrian erbaut, diente sie im Laufe der Jahrhunderte als p\u00e4pstliche Festung, Gef\u00e4ngnis und schlie\u00dflich als Museum. In diesem Guide finden Sie alle wichtigen Informationen f\u00fcr Ihren Besuch \u2013 von Eintritt und Tickets bis [&hellip;]<\/p>\n","protected":false},"author":17,"featured_media":18212,"parent":18024,"menu_order":0,"comment_status":"closed","ping_status":"closed","template":"","meta":{"footnotes":""},"categories":[],"tags":[168,155,160],"class_list":["post-18211","page","type-page","status-publish","has-post-thumbnail","hentry","tag-historical-landmarks","tag-rom","tag-things-to-do","post-wrapper","thrv_wrapper"],"_links":{"self":[{"href":"https:\/\/italy-tourist-information.com\/de\/wp-json\/wp\/v2\/pages\/18211","targetHints":{"allow":["GET"]}}],"collection":[{"href":"https:\/\/italy-tourist-information.com\/de\/wp-json\/wp\/v2\/pages"}],"about":[{"href":"https:\/\/italy-tourist-information.com\/de\/wp-json\/wp\/v2\/types\/page"}],"author":[{"embeddable":true,"href":"https:\/\/italy-tourist-information.com\/de\/wp-json\/wp\/v2\/users\/17"}],"replies":[{"embeddable":true,"href":"https:\/\/italy-tourist-information.com\/de\/wp-json\/wp\/v2\/comments?post=18211"}],"version-history":[{"count":13,"href":"https:\/\/italy-tourist-information.com\/de\/wp-json\/wp\/v2\/pages\/18211\/revisions"}],"predecessor-version":[{"id":19222,"href":"https:\/\/italy-tourist-information.com\/de\/wp-json\/wp\/v2\/pages\/18211\/revisions\/19222"}],"up":[{"embeddable":true,"href":"https:\/\/italy-tourist-information.com\/de\/wp-json\/wp\/v2\/pages\/18024"}],"wp:featuredmedia":[{"embeddable":true,"href":"https:\/\/italy-tourist-information.com\/de\/wp-json\/wp\/v2\/media\/18212"}],"wp:attachment":[{"href":"https:\/\/italy-tourist-information.com\/de\/wp-json\/wp\/v2\/media?parent=18211"}],"wp:term":[{"taxonomy":"category","embeddable":true,"href":"https:\/\/italy-tourist-information.com\/de\/wp-json\/wp\/v2\/categories?post=18211"},{"taxonomy":"post_tag","embeddable":true,"href":"https:\/\/italy-tourist-information.com\/de\/wp-json\/wp\/v2\/tags?post=18211"}],"curies":[{"name":"wp","href":"https:\/\/api.w.org\/{rel}","templated":true}]}}