{"id":18252,"date":"2024-09-27T13:49:27","date_gmt":"2024-09-27T13:49:27","guid":{"rendered":"https:\/\/italy-tourist-information.com\/rome\/historical-landmarks\/domus-aurea"},"modified":"2026-04-15T09:32:58","modified_gmt":"2026-04-15T09:32:58","slug":"domus-aurea","status":"publish","type":"page","link":"https:\/\/italy-tourist-information.com\/de\/rom\/historische-wahrzeichen\/domus-aurea","title":{"rendered":"Guide zur Domus Aurea in Rom: Geschichte, Tickets &amp; Tipps"},"content":{"rendered":"<p data-pm-slice=\"1 1 []\">Die Domus Aurea in Rom, auch bekannt als \u201eGoldenes Haus\u201c, z\u00e4hlt zu den <strong>eindrucksvollsten Palastanlagen der Antike. <\/strong><\/p>\n<p data-pm-slice=\"1 1 []\"><strong>\u200b<\/strong>Sie wurde <strong>von Kaiser Nero<\/strong> nach dem Gro\u00dfen Brand von Rom im Jahr 64 n. Chr. <strong>errichtet<\/strong> und steht bis heute als<strong>&nbsp;<\/strong>Symbol f\u00fcr den Luxus und die Macht seiner Herrschaft.<\/p>\n<p>Heute k\u00f6nnen Besucher dieses au\u00dfergew\u00f6hnliche, gr\u00f6\u00dftenteils unterirdische Bauwerk erkunden und einen seltenen <strong>Einblick in die kaiserliche Architektur und den Lebensstil des antiken Roms <\/strong>gewinnen.<\/p>\n<p>In diesem Guide zur Domus Aurea finden Sie alle <strong>wichtigen Informationen f\u00fcr Ihren Besuch <\/strong>\u2013 von der Geschichte und den Highlights bis hin zu praktischen Tipps und Sehensw\u00fcrdigkeiten in der Umgebung.<\/p>\n<h2 data-pm-slice=\"1 1 []\" id=\"t-1776244268542\">Domus Aurea in Rom: Steckbrief auf einen Blick<\/h2>\n<ul>\n<li style=\"\">                    <span><strong>Adresse:&nbsp;<\/strong>Domus Aurea, Via della Domus Aurea, 00184 Roma<\/span><\/li>\n<li><span><strong>Typ:<\/strong>&nbsp;Kaiserlicher Palastkomplex<\/span><\/li>\n<li style=\"\">                    <span><strong>Architekturstil:&nbsp;<\/strong>R\u00f6mische Kaiserarchitektur mit aufwendigen Fresken und innovativen Raumkonzepten<br \/><\/span><\/li>\n<li><span>\n<p dir=\"ltr\" style=\"\"><strong>Architekten:<\/strong>&nbsp;Severus und Celer (unter Kaiser Nero), Dekorationen von Fabullus<\/p>\n<p><\/span><\/li>\n<li>                    <span><strong>Materialien:<\/strong>&nbsp;Marmor, Stuck, Fresken und luxuri\u00f6se Dekorelemente<br \/><\/span><\/li>\n<li><span><strong>Gr\u00f6\u00dfe:&nbsp;<\/strong>Etwa 80 Hektar Gesamtfl\u00e4che (inkl. G\u00e4rten und Anlagen)<\/span><\/li>\n<li>                    <span><strong>UNESCO-Welterbe:<\/strong>&nbsp;Teil des historischen Zentrums von Rom (seit 1980)<br \/><\/span><\/li>\n<li><span>\n<p data-pm-slice=\"1 1 []\"><strong>Bekannt f\u00fcr: <\/strong>Den achteckigen Saal, prachtvolle Fresken und die au\u00dfergew\u00f6hnliche Gr\u00f6\u00dfe des Palastkomplexe.<\/p>\n<p><\/span><\/li>\n<\/ul>\n<h2 data-pm-slice=\"1 1 []\" id=\"t-1776244268548\">Eintritt, Tickets und F\u00fchrungen zur Domus Aurea<\/h2>\n<ul>\n<li data-pm-slice=\"1 1 []\"><strong>Eintritt<\/strong>: Die Domus Aurea kann ausschlie\u00dflich im Rahmen einer gef\u00fchrten Tour besichtigt werden \u2013 eine eigenst\u00e4ndige Erkundung ist nicht m\u00f6glich.<\/li>\n<li><strong>Tickets<\/strong>: Pl\u00e4tze sind begrenzt, daher empfiehlt sich eine fr\u00fchzeitige Online-Buchung, besonders in der Hauptsaison. <a href=\"https:\/\/www.tiqets.com\/de\/rom-sehenswuerdigkeiten-c71631\/tickets-fur-domus-aurea-eintrittskarte-fuhrung-vr-erlebnis-p1090852\/?partner=italytouristinformation&amp;tq_campaign=RomeDeDomusAureaA\" target=\"_blank\" rel=\"nofollow noopener\" style=\"outline: none;\" data-lt-tmp-id=\"lt-28610\" spellcheck=\"false\">&gt;&gt; Zum <strong>Ticket mit F\u00fchrung + VR Erlebnis.<\/strong><\/a><\/li>\n<li><strong>F\u00fchrung<\/strong>: Eine <a href=\"https:\/\/www.tiqets.com\/de\/rom-sehenswuerdigkeiten-c71631\/tickets-fur-domus-aurea-eintrittskarte-fuhrung-vr-erlebnis-p1090852\/?partner=italytouristinformation&amp;tq_campaign=RomeDeDomusAureaA\" target=\"_blank\" rel=\"nofollow noopener\">F\u00fchrung<\/a> ist obligatorisch und im Ticketpreis enthalten. Fachkundige Guides vermitteln spannende Einblicke in Geschichte, Architektur und die aufwendigen Fresken.<\/li>\n<li><strong>Virtual-Reality-Erlebnis:<\/strong> Viele Tickets beinhalten eine VR-Rekonstruktion, die den Palast in seiner urspr\u00fcnglichen Pracht erlebbar macht. Die Kombination aus F\u00fchrung und VR macht den Besuch deutlich verst\u00e4ndlicher und eindrucksvoller.<\/li>\n<\/ul>\n<h2 id=\"t-1776244268544\">Was kann ich in der Domus Aurea sehen?<\/h2>\n<p><span><img decoding=\"async\" alt=\"\" data-id=\"9017\" width=\"624\" data-init-width=\"1000\" height=\"416\" data-init-height=\"667\" title=\"Aktivit\u00e4ten im Domus Aurea\" loading=\"lazy\" src=\"https:\/\/italy-tourist-information.com\/wp-content\/uploads\/2024\/11\/Things-to-Do-at-the-Domus-Aurea.jpg\" data-width=\"624\" data-height=\"416\" style=\"aspect-ratio: auto 1000 \/ 667;\"><\/span><\/p>\n<h3 data-pm-slice=\"1 1 []\">Highlights der Domus Aurea<\/h3>\n<ul>\n<li data-pm-slice=\"1 1 []\"><strong>Virtual-Reality-Erlebnis: <\/strong>Erleben Sie die Domus Aurea in ihrer urspr\u00fcnglichen Pracht mit rekonstruierten R\u00e4umen, Fresken und Dekorationen.<\/li>\n<li><strong>Coenatio Rotunda: <\/strong>Der legend\u00e4re drehbare Speisesaal gilt als Meisterwerk r\u00f6mischer Ingenieurskunst.<\/li>\n<li><strong>Fresken und Stuckarbeiten: <\/strong>Detailreiche Wandmalereien mit mythologischen Motiven, die K\u00fcnstler wie Raffael und Michelangelo inspirierten.<\/li>\n<li><strong>Nymph\u00e4um<\/strong>: Eine kunstvoll gestaltete Wassergrotte, die den luxuri\u00f6sen Lebensstil Kaiser Neros widerspiegelt.<\/li>\n<\/ul>\n<p><strong><\/strong><\/p>\n<h3 data-pm-slice=\"1 1 []\">Weitere Bereiche<\/h3>\n<ul>\n<li><strong>H\u00f6fe und G\u00e4rten<\/strong>:&nbsp;\u00dcberreste der weitl\u00e4ufigen Gartenanlagen geben Einblicke in die Dimensionen des ehemaligen Palastkomplexes.<\/li>\n<\/ul>\n<h2 id=\"t-1776244268545\">Wie erreiche ich die Domus Aurea?<\/h2>\n<p data-pm-slice=\"1 1 []\">Die Domus Aurea liegt auf dem Oppischen H\u00fcgel, direkt in der N\u00e4he des Kolosseums im Zentrum von Rom und ist leicht erreichbar.<\/p>\n<ul>\n<li><strong>Mit der Metro<\/strong>: Die n\u00e4chstgelegene Station ist&nbsp;<strong>Colosseo<\/strong>&nbsp;(Linie B), von der aus man in nur 5 Minuten zu Fu\u00df gelangt.<\/li>\n<li><strong>Mit dem Bus<\/strong>: Die Linien&nbsp;<strong>5, 51, 75, 85, 87, 117 und 118<\/strong>&nbsp;bedienen das Gebiet.<\/li>\n<li><strong>Zu Fu\u00df<\/strong>: Genie\u00dfen Sie einen kurzen Spaziergang von Sehensw\u00fcrdigkeiten wie diesen:\n<ul>\n<li><strong>Kolosseum<\/strong>: 6 Minuten<\/li>\n<li><strong>R\u00f6misches Forum<\/strong>: 11 Minuten<\/li>\n<li><strong>Trevi-Brunnen<\/strong>: 24 Minuten<\/li>\n<li style=\"\"><strong>Pantheon<\/strong>: 28 Minuten<\/li>\n<\/ul>\n<\/li>\n<\/ul>\n<p style=\"\">\u00dcber diesen Link finden Sie <a href=\"https:\/\/www.atac.roma.it\/en\/utility\/maps\" target=\"_blank\" style=\"outline: none;\" rel=\"nofollow noopener\">offizielle Fahrpl\u00e4ne des \u00f6ffentlichen Nahverkehrs.<\/a><\/p>\n<h2 dir=\"ltr\" style=\"\" id=\"t-1776244268549\">\u00d6ffnungszeiten &amp; Beste Besuchszeit f\u00fcr die Domus Aurea<\/h2>\n<ul>\n<li data-pm-slice=\"1 1 []\"><strong>\u00d6ffnungszeiten<\/strong>: Freitag bis Sonntag, 9:15 \u2013 17:15 Uhr<\/li>\n<li><strong>Hinweis<\/strong>: Zugang nur mit vorab gebuchter F\u00fchrung m\u00f6glich<\/li>\n<li data-pm-slice=\"1 1 []\"><strong>Beste Besuchszeit:&nbsp;<\/strong>Fr\u00fche Zeitslots am Morgen sind ideal, da es ruhiger ist und die F\u00fchrungen weniger ausgelastet sind.<\/li>\n<\/ul>\n<p><span><img decoding=\"async\" alt=\"\" data-id=\"9018\" width=\"624\" data-init-width=\"1000\" height=\"409\" data-init-height=\"655\" title=\"Geschichte der Domus Aurea\" loading=\"lazy\" src=\"https:\/\/italy-tourist-information.com\/wp-content\/uploads\/2024\/11\/History-of-Domus-Aurea.jpg\" data-width=\"624\" data-height=\"409\" style=\"aspect-ratio: auto 1000 \/ 655;\"><\/span><\/p>\n<h2 dir=\"ltr\" id=\"t-1727281155450\">Geschichte der Domus Aurea<\/h2>\n<p data-pm-slice=\"1 1 []\">Die Domus Aurea <strong>entstand nach dem Gro\u00dfen Brand Roms im Jahr 64 n. Chr.,<\/strong> als Kaiser Nero die Gelegenheit nutzte, einen Palast von au\u00dfergew\u00f6hnlichem Luxus zu errichten. <\/p>\n<p data-pm-slice=\"1 1 []\">Entworfen von den <strong>Architekten Severus und Celer <\/strong>und ausgestattet mit kunstvollen Dekorationen des Malers Fabullus, umfasste der Komplex <strong>weitl\u00e4ufige G\u00e4rten, Pavillons, einen k\u00fcnstlichen See<\/strong> sowie reich verzierte Innenr\u00e4ume mit Gold, Fresken und Stuck.<\/p>\n<p>Nach Neros Tod im Jahr 68 n. Chr. versuchten seine Nachfolger,<strong> sein Erbe auszul\u00f6schen<\/strong>. Unter Kaiser Vespasian wurde der k\u00fcnstliche See \u00fcberbaut \u2013 an seiner Stelle entstand sp\u00e4ter das <strong>Kolosseum<\/strong>. Der Palast geriet zunehmend in Vergessenheit.<\/p>\n<p>Erst im <strong>15. Jahrhundert wurde die Domus Aurea wiederentdeckt.<\/strong> Ihre Fresken inspirierten Renaissancek\u00fcnstler wie Raffael und Michelangelo und pr\u00e4gten den sogenannten \u201e<strong>Groteskenstil<\/strong>\u201c. Heute gilt sie als eines der faszinierendsten Zeugnisse r\u00f6mischer Architektur und kaiserlicher Inszenierung.<\/p>\n<h2 data-pm-slice=\"1 1 []\" id=\"t-1776244268550\">Praktische Tipps, Regeln &amp; Infos zur Domus Aurea<\/h2>\n<p data-pm-slice=\"1 1 []\">Damit Ihr Besuch reibungslos verl\u00e4uft, sollten Sie folgende Hinweise beachten:<\/p>\n<p><strong><span style=\"text-decoration: underline;\">Ausstattung &amp; Hinweise vor Ort:<\/span><\/strong><\/p>\n<ul>\n<li><strong>Toiletten<\/strong>: In der N\u00e4he des Eingangs verf\u00fcgbar<\/li>\n<li><strong>Buchhandlung<\/strong>: B\u00fccher und Souvenirs zur Domus Aurea und zum antiken Rom<\/li>\n<li><strong>Garderobe<\/strong>: Gro\u00dfe Taschen sind nicht erlaubt und m\u00fcssen abgegeben werden<\/li>\n<li><strong>Virtual Reality: <\/strong>Bestandteil vieler F\u00fchrungen und ein zentrales Highlight<\/li>\n<\/ul>\n<p><strong><span style=\"text-decoration: underline;\">Barrierefreiheit<\/span><\/strong>:<\/p>\n<ul>\n<li>Die Domus Aurea ist aufgrund ihrer unterirdischen Struktur derzeit <strong>nicht barrierefrei zug\u00e4nglich<\/strong><\/li>\n<\/ul>\n<p><strong><span style=\"text-decoration: underline;\">Besuchsregeln:<\/span><\/strong><\/p>\n<ul>\n<li><strong>Zugang nur mit F\u00fchrung:<\/strong> Eintritt ausschlie\u00dflich im Rahmen gef\u00fchrter Touren<\/li>\n<li><strong>Taschen<\/strong>: Nur kleine Taschen erlaubt<\/li>\n<li><strong>Fotografieren<\/strong>: Blitzlicht ist zum Schutz der Fresken verboten<\/li>\n<li><strong>Respektvoller Umgang<\/strong>: W\u00e4nde, Fresken und Artefakte d\u00fcrfen nicht ber\u00fchrt werden<\/li>\n<\/ul>\n<p><strong><span style=\"text-decoration: underline;\">Tipps f\u00fcr Ihren Besuch:<\/span><\/strong><\/p>\n<ul>\n<li><strong>Fr\u00fchzeitig buchen:<\/strong> Touren sind oft schnell ausgebucht<\/li>\n<li><strong>Bequeme Schuhe:<\/strong> Unebenes Gel\u00e4nde innerhalb der Anlage<\/li>\n<li><strong>Jacke mitnehmen: <\/strong>Unterirdisch auch im Sommer k\u00fchl<\/li>\n<li><strong>Auf den Guide achten: <\/strong>Die Erkl\u00e4rungen machen den Besuch deutlich verst\u00e4ndlicher<\/li>\n<\/ul>\n<h2 dir=\"ltr\" id=\"t-1727281155451\">Weniger bekannte interessante Fakten und Geheimnisse der Domus Aurea<\/h2>\n<ul>\n<li><strong>Neros drehbarer Speisesaal<\/strong>: Die&nbsp;<strong>Coenatio Rotunda<\/strong> &nbsp;war ein drehbarer Speisesaal, der es den G\u00e4sten erm\u00f6glichte, wechselnde Ausblicke auf das Palastgel\u00e4nde zu genie\u00dfen.<\/li>\n<li><strong>Der Koloss des Nero<\/strong>: Eine gewaltige Statue des Nero, \u00fcber&nbsp;<br \/>35 Meter hoch<strong><\/strong>, dominierte den Palasteingang.<\/li>\n<li><strong>Inspiration f\u00fcr Renaissance-K\u00fcnstler<\/strong>: Wiederentdeckte Fresken in der Domus Aurea inspirierten den \u201egrotesken\u201c Stil, der w\u00e4hrend der Renaissance popul\u00e4r wurde.<\/li>\n<li><strong>Unterirdische Weinlagerung<\/strong>: Im Mittelalter wurden Teile der Domus Aurea als Weinkeller genutzt, wodurch Abschnitte des Palastes erhalten blieben.<\/li>\n<\/ul>\n<p><span><img decoding=\"async\" alt=\"\" data-id=\"9019\" width=\"624\" data-init-width=\"1000\" height=\"415\" data-init-height=\"665\" title=\"Sehensw\u00fcrdigkeiten in der N\u00e4he von Domus Aurea\" loading=\"lazy\" src=\"https:\/\/italy-tourist-information.com\/wp-content\/uploads\/2024\/11\/Attractions-Near-Domus-Aurea.jpg\" data-width=\"624\" data-height=\"415\" style=\"aspect-ratio: auto 1000 \/ 665;\"><\/span><\/p>\n<h2 dir=\"ltr\" id=\"t-1776244268547\">Die wichtigsten Sehensw\u00fcrdigkeiten in der N\u00e4he von Domus Aurea<\/h2>\n<ul>\n<li><strong>Kolosseum<\/strong>&nbsp;(6 Gehminuten): Das ber\u00fchmteste Amphitheater der Welt, in dem einst Gladiatoren um ihr Leben k\u00e4mpfen.<\/li>\n<li><strong>Basilika San Pietro in Vincoli<\/strong>&nbsp;(8 Gehminuten): Heimat von Michelangelos ikonischer Moses-Skulptur.<\/li>\n<li><strong>R\u00f6misches Forum<\/strong>&nbsp;(11 Minuten Fu\u00dfweg): Das Herz des antiken Roms, voller Tempel und \u00f6ffentlicher Geb\u00e4ude.<\/li>\n<li><strong>Palatinh\u00fcgel<\/strong>&nbsp;(11 Minuten Fu\u00dfweg): Der mythische Geburtsort Roms, der einen Panoramablick auf die Stadt bietet.<\/li>\n<li><strong>Circus Maximus<\/strong>&nbsp;(15 Minuten Fu\u00dfweg): Ein antikes Stadion, in dem einst Wagenrennen die r\u00f6mischen Zuschauer begeisterten.<\/li>\n<li><strong>Denkmal f\u00fcr Vittorio Emanuele II.<\/strong>&nbsp;(17 Minuten Fu\u00dfweg): Ein grandioses Denkmal f\u00fcr Italiens ersten K\u00f6nig mit atemberaubender Architektur.<\/li>\n<li><strong>Kapitolinische Museen<\/strong> &nbsp;(17 Minuten Fu\u00dfweg): Eine wahre Fundgrube antiker r\u00f6mischer Kunst und Artefakte.<\/li>\n<li><strong>Basilika Santa Maria Maggiore<\/strong> &nbsp;(17 Minuten Fu\u00dfweg): Ein beeindruckendes Beispiel fr\u00fchchristlicher Architektur in Rom.<\/li>\n<li><strong>Trevi-Brunnen<\/strong> &nbsp;(24 Minuten Fu\u00dfweg): Werfen Sie eine M\u00fcnze hinein und w\u00fcnschen Sie sich etwas an diesem legend\u00e4ren Brunnen.<\/li>\n<li><a href=\"https:\/\/italy-tourist-information.com\/de\/rom\/historische-wahrzeichen\/pantheon\" style=\"outline: currentcolor;\"><strong>Pantheon<\/strong><\/a> (28 Minuten Fu\u00dfweg): Ein bemerkenswert gut erhaltener antiker Tempel, der heute eine Kirche ist und die architektonische Meisterschaft Roms eindrucksvoll unter Beweis stellt.<\/li>\n<\/ul>\n<p>Ein Besuch der&nbsp;Domus Aurea&nbsp;ist wie eine<strong> Reise in die Vergangenheit und bietet einen seltenen Einblick in die Pracht des Roms unter Nero.<\/strong> <\/p>\n<p>\u200bOb Sie sich f\u00fcr <strong>Geschichte<\/strong>,&nbsp;<strong>Kunst<\/strong> oder <strong>Architektur<\/strong> begeistern \u2013 <strong>die Domus Aurea<\/strong> ist ein <strong>absolutes Muss<\/strong> und bereichert Ihr Verst\u00e4ndnis von Roms imperialer Vergangenheit.<\/p>\n<h3 style=\"\">Verwandte Artikel:<\/h3>\n<p><a href=\"https:\/\/italy-tourist-information.com\/de\/rom\/sehenswuerdigkeiten\/top-10\" dynamic-postlink=\"tcb_post_the_permalink\" data-shortcode-id=\"763\"><\/a><\/p>\n<h2 style=\"padding-top: 0px !important; margin-top: 0px !important; text-align: center;\" id=\"t-1725554257380\" data-hide=\"true\"><span data-shortcode=\"tcb_post_title\" data-shortcode-name=\"Post title\" data-extra_key=\"\" data-attr-link=\"1\" data-attr-target=\"0\" data-attr-rel=\"0\" data-option-inline=\"1\" data-attr-static-link=\"{&quot;className&quot;:&quot;&quot;,&quot;href&quot;:&quot;https:\/\/italy-tourist-information.com\/de\/rom\/sehenswuerdigkeiten\/top-10&quot;,&quot;title&quot;:&quot;Top 10 Sehensw\u00fcrdigkeiten in Rom: Attraktionen &amp; Wahrzeichen ((mit Tickets))&quot;,&quot;class&quot;:&quot;&quot;}\" data-attr-css=\"\"><a href=\"https:\/\/italy-tourist-information.com\/de\/rom\/sehenswuerdigkeiten\/top-10\" title=\"Top 10 Sehensw\u00fcrdigkeiten in Rom: Attraktionen &amp; Wahrzeichen [mit Tickets]\" data-css=\"\">Top 10 Sehensw\u00fcrdigkeiten in Rom: Attraktionen &amp; Wahrzeichen [mit Tickets]<\/a><\/span><\/h2>\n<p><a href=\"https:\/\/italy-tourist-information.com\/de\/rom\/historische-wahrzeichen\/kolosseum\" dynamic-postlink=\"tcb_post_the_permalink\" data-shortcode-id=\"763\"><\/a><\/p>\n<h2 style=\"padding-top: 0px !important; margin-top: 0px !important; text-align: center;\" id=\"t-1725554257380\" data-hide=\"true\"><span data-shortcode=\"tcb_post_title\" data-shortcode-name=\"Post title\" data-extra_key=\"\" data-attr-link=\"1\" data-attr-target=\"0\" data-attr-rel=\"0\" data-option-inline=\"1\" data-attr-static-link=\"{&quot;className&quot;:&quot;&quot;,&quot;href&quot;:&quot;https:\/\/italy-tourist-information.com\/de\/rom\/sehenswuerdigkeiten\/top-10&quot;,&quot;title&quot;:&quot;Top 10 Sehensw\u00fcrdigkeiten in Rom: Attraktionen &amp; Wahrzeichen ((mit Tickets))&quot;,&quot;class&quot;:&quot;&quot;}\" data-attr-css=\"\"><a href=\"https:\/\/italy-tourist-information.com\/de\/rom\/historische-wahrzeichen\/kolosseum\" title=\"Guide zum Kolosseum in Rom: Infos, Tipps &amp; Tickets\" data-css=\"\">Guide zum Kolosseum in Rom: Infos, Tipps &amp; Tickets<\/a><\/span><\/h2>\n<p><a href=\"https:\/\/italy-tourist-information.com\/de\/rom\/historische-wahrzeichen\/forum-romanum-palatin\" dynamic-postlink=\"tcb_post_the_permalink\" data-shortcode-id=\"763\"><\/a><\/p>\n<h2 style=\"padding-top: 0px !important; margin-top: 0px !important; text-align: center;\" id=\"t-1725554257380\" data-hide=\"true\"><span data-shortcode=\"tcb_post_title\" data-shortcode-name=\"Post title\" data-extra_key=\"\" data-attr-link=\"1\" data-attr-target=\"0\" data-attr-rel=\"0\" data-option-inline=\"1\" data-attr-static-link=\"{&quot;className&quot;:&quot;&quot;,&quot;href&quot;:&quot;https:\/\/italy-tourist-information.com\/de\/rom\/sehenswuerdigkeiten\/top-10&quot;,&quot;title&quot;:&quot;Top 10 Sehensw\u00fcrdigkeiten in Rom: Attraktionen &amp; Wahrzeichen ((mit Tickets))&quot;,&quot;class&quot;:&quot;&quot;}\" data-attr-css=\"\"><a href=\"https:\/\/italy-tourist-information.com\/de\/rom\/historische-wahrzeichen\/forum-romanum-palatin\" title=\"Guide zum Forum Romanum und Palatin in Rom: Info, Tickets &amp; Tipps\" data-css=\"\">Guide zum Forum Romanum und Palatin in Rom: Info, Tickets &amp; Tipps<\/a><\/span><\/h2>\n<p><a href=\"https:\/\/italy-tourist-information.com\/de\/rom\/historische-wahrzeichen\/spanische-treppe\" dynamic-postlink=\"tcb_post_the_permalink\" data-shortcode-id=\"763\"><\/a><\/p>\n<h2 style=\"padding-top: 0px !important; margin-top: 0px !important; text-align: center;\" id=\"t-1725554257380\" data-hide=\"true\"><span data-shortcode=\"tcb_post_title\" data-shortcode-name=\"Post title\" data-extra_key=\"\" data-attr-link=\"1\" data-attr-target=\"0\" data-attr-rel=\"0\" data-option-inline=\"1\" data-attr-static-link=\"{&quot;className&quot;:&quot;&quot;,&quot;href&quot;:&quot;https:\/\/italy-tourist-information.com\/de\/rom\/sehenswuerdigkeiten\/top-10&quot;,&quot;title&quot;:&quot;Top 10 Sehensw\u00fcrdigkeiten in Rom: Attraktionen &amp; Wahrzeichen ((mit Tickets))&quot;,&quot;class&quot;:&quot;&quot;}\" data-attr-css=\"\"><a href=\"https:\/\/italy-tourist-information.com\/de\/rom\/historische-wahrzeichen\/spanische-treppe\" title=\"Spanische Treppe in Rom: Guide mit Tipps &amp; Highlights\" data-css=\"\">Spanische Treppe in Rom: Guide mit Tipps &amp; Highlights<\/a><\/span><\/h2>\n","protected":false},"excerpt":{"rendered":"<p>Die Domus Aurea in Rom, auch bekannt als \u201eGoldenes Haus\u201c, z\u00e4hlt zu den eindrucksvollsten Palastanlagen der Antike. \u200bSie wurde von Kaiser Nero nach dem Gro\u00dfen Brand von Rom im Jahr 64 n. Chr. errichtet und steht bis heute als&nbsp;Symbol f\u00fcr den Luxus und die Macht seiner Herrschaft. Heute k\u00f6nnen Besucher dieses au\u00dfergew\u00f6hnliche, gr\u00f6\u00dftenteils unterirdische Bauwerk [&hellip;]<\/p>\n","protected":false},"author":17,"featured_media":18254,"parent":18024,"menu_order":0,"comment_status":"closed","ping_status":"closed","template":"","meta":{"footnotes":""},"categories":[],"tags":[168,155,160],"class_list":["post-18252","page","type-page","status-publish","has-post-thumbnail","hentry","tag-historical-landmarks","tag-rom","tag-things-to-do","post-wrapper","thrv_wrapper"],"_links":{"self":[{"href":"https:\/\/italy-tourist-information.com\/de\/wp-json\/wp\/v2\/pages\/18252","targetHints":{"allow":["GET"]}}],"collection":[{"href":"https:\/\/italy-tourist-information.com\/de\/wp-json\/wp\/v2\/pages"}],"about":[{"href":"https:\/\/italy-tourist-information.com\/de\/wp-json\/wp\/v2\/types\/page"}],"author":[{"embeddable":true,"href":"https:\/\/italy-tourist-information.com\/de\/wp-json\/wp\/v2\/users\/17"}],"replies":[{"embeddable":true,"href":"https:\/\/italy-tourist-information.com\/de\/wp-json\/wp\/v2\/comments?post=18252"}],"version-history":[{"count":14,"href":"https:\/\/italy-tourist-information.com\/de\/wp-json\/wp\/v2\/pages\/18252\/revisions"}],"predecessor-version":[{"id":19327,"href":"https:\/\/italy-tourist-information.com\/de\/wp-json\/wp\/v2\/pages\/18252\/revisions\/19327"}],"up":[{"embeddable":true,"href":"https:\/\/italy-tourist-information.com\/de\/wp-json\/wp\/v2\/pages\/18024"}],"wp:featuredmedia":[{"embeddable":true,"href":"https:\/\/italy-tourist-information.com\/de\/wp-json\/wp\/v2\/media\/18254"}],"wp:attachment":[{"href":"https:\/\/italy-tourist-information.com\/de\/wp-json\/wp\/v2\/media?parent=18252"}],"wp:term":[{"taxonomy":"category","embeddable":true,"href":"https:\/\/italy-tourist-information.com\/de\/wp-json\/wp\/v2\/categories?post=18252"},{"taxonomy":"post_tag","embeddable":true,"href":"https:\/\/italy-tourist-information.com\/de\/wp-json\/wp\/v2\/tags?post=18252"}],"curies":[{"name":"wp","href":"https:\/\/api.w.org\/{rel}","templated":true}]}}