{"id":18364,"date":"2024-09-26T14:15:49","date_gmt":"2024-09-26T14:15:49","guid":{"rendered":"https:\/\/italy-tourist-information.com\/rome\/things-to-do\/nightlife"},"modified":"2026-04-10T08:48:19","modified_gmt":"2026-04-10T08:48:19","slug":"nachtleben","status":"publish","type":"page","link":"https:\/\/italy-tourist-information.com\/de\/rom\/sehenswuerdigkeiten\/nachtleben","title":{"rendered":"Rom Nachtleben Guide: Bars, Clubs &amp; Partyviertel"},"content":{"rendered":"<h1>Roms Nachtleben-Guide: Bars, Clubs, Partyviertel&#8230;<\/h1>\n<p style=\"\">Die angesagtesten Ausgehviertel Roms. Bars, Clubs, Restaurants und allgemeine Tipps f\u00fcr eine aufregende Nacht im Prager Nachtleben.<\/p>\n<h2>Was muss ich wissen?<\/h2>\n<p><strong>Rom bietet die perfekte Mischung aus historischem Charme und pulsierendem Nachtleben.<\/strong> &nbsp;Zwar ist es keine 24-Stunden-Partystadt wie Berlin oder Ibiza, aber es bietet ein&nbsp; <strong>stilvolles und entspanntes Erlebnis<\/strong> &nbsp;f\u00fcr jeden Geschmack und jedes Budget. Genie\u00dfen Sie gem\u00fctliche Weinbars, trendige Cocktail-Lounges und lebhafte Nachtclubs.<\/p>\n<p><strong>Beginnen Sie Ihren Abend mit Roms ber\u00fchmtem Aperitivo<\/strong> &nbsp;in den lokalen Pubs. Die Stadt bietet zahlreiche Live-Musik-Locations, von Jazzclubs bis hin zu Open-Air-Konzerten. Zum Tanzen laden Clubs mit einer Mischung aus House und Latin-Beats zum Verweilen ein.<\/p>\n<p><strong>Das Nachtleben Roms zeichnet sich durch elegantes Ambiente und intime Atmosph\u00e4re aus<\/strong> , wodurch jede Nacht zu einem einzigartigen Erlebnis wird, egal ob man tanzen oder bei einem Drink entspannen m\u00f6chte.<\/p>\n<h3>Tipps f\u00fcrs Nachtleben<\/h3>\n<ul>\n<li style=\"\"><span style=\"\"><strong><strong>\u00d6ffnungszeiten:<\/strong> <\/strong> Roms Nachtleben beginnt mit Sonnenuntergang und dauert bis in die fr\u00fchen Morgenstunden, wobei Clubs oft bis 4:00 Uhr ge\u00f6ffnet sind.<\/span><\/li>\n<li style=\"\"><span style=\"\"><strong>Ausgehviertel:<\/strong> &nbsp;Trastevere, Testaccio und Monti sind die wichtigsten Ausgehviertel und bieten eine Mischung aus Bars, Clubs und Dachterrassen-Lounges.<strong><br \/><\/strong><\/span><\/li>\n<li><span><strong>Preise:<\/strong> Es gelten die \u00fcblichen europ\u00e4ischen Preise, wobei ein Aperitif etwa 10 \u20ac kostet und Getr\u00e4nke in gehobenen Lokalen 15\u201320 \u20ac kosten.<\/span><\/li>\n<\/ul>\n<p style=\"\"><span><strong>Wein in Rom:<\/strong> Italien ist bekannt f\u00fcr seine hervorragenden <strong>Weine<\/strong> , und r\u00f6mische <strong>Enoteches<\/strong> (Weinbars) sind beliebte Treffpunkte. Lokale Sorten wie Frascati und Montepulciano erfreuen sich gro\u00dfer Beliebtheit und machen Wein zu einem festen Bestandteil des r\u00f6mischen Nachtlebens. <strong>Bier<\/strong> hat zwar weniger Tradition, doch Craft-Beer-Bars gewinnen in der ganzen Stadt immer mehr an Beliebtheit.<\/span><\/p>\n<p><span><a href=\"https:\/\/viennatouristinformation.com\/wp-content\/uploads\/2020\/09\/Beyoglu-at-Night-Itanbul-Turkey.jpg\" rel=\"nofollow noopener\" target=\"_blank\"><img decoding=\"async\" alt=\"Nachtleben in Rom via della Pace\" data-id=\"7121\" data-init-width=\"1000\" data-init-height=\"667\" title=\"Nachtleben in Rom via della Pace\" src=\"https:\/\/italy-tourist-information.com\/wp-content\/uploads\/2024\/09\/Rome-bightlife-Via-della-Pace.jpg\" data-width=\"1000\" data-height=\"667\" data-link-wrap=\"true\" style=\"aspect-ratio: auto 1000 \/ 667;\" width=\"1000\" height=\"667\" data-pin-media=\"https:\/\/praguetouristinformation.com\/wp-content\/uploads\/2021\/02\/50.jpg\" data-pin-description=\"Prag Nightlife Guide | Wo, wann und was?\" data-pin-url=\"https:\/\/italy-tourist-information.com\/nightlife?tve=true&amp;tcbf=2bd0897223\" loading=\"lazy\"><\/a><\/span><\/p>\n<h2 style=\"text-align: left;\">Nachtleben in Rom<\/h2>\n<p><strong>Die Via della Pace<\/strong> in der N\u00e4he <a href=\"https:\/\/italy-tourist-information.com\/de?page_id=18139\">der Piazza Navona<\/a> ist Roms beliebteste Ausgehstra\u00dfe mit unz\u00e4hligen Bars, Caf\u00e9s und Clubs. Wer es besonders lebhaft mag, sollte die Gegend zwischen <strong>Campo de&#8216; Fiori und Trastevere<\/strong> erkunden , die f\u00fcr ihre Bars, Pubs und Clubs bekannt ist.<\/p>\n<p>Ein absolutes Muss ist&nbsp; <strong>das Freni e Frizioni<\/strong> &nbsp;in Trastevere, ber\u00fchmt f\u00fcr seine einzigartigen Cocktails und die lebhafte Atmosph\u00e4re. Die Gegend bietet eine Mischung aus traditionellen Weinbars und modernen Clubs und verbindet so historischen Charme mit zeitgem\u00e4\u00dfem Nachtleben.<\/p>\n<p>F\u00fcr einen gehobenen Abend empfehlen sich Restaurants wie&nbsp; <strong>Pierluigi und Ristorante Aroma<\/strong> &nbsp;am Tiber, die italienische K\u00fcche und einen atemberaubenden Blick auf Sehensw\u00fcrdigkeiten wie das Kolosseum bieten.&nbsp; <strong>Roms Nachtleben hat wirklich f\u00fcr jeden Geschmack etwas zu bieten.<\/strong><\/p>\n<p style=\"text-align: center;\">Tickets f\u00fcrs Nachtleben<\/p>\n<p style=\"text-align: center;\">Erlebnisse bei Nacht<\/p>\n<p style=\"text-align: center;\">Konzerte, Kneipentouren und kulinarische Stadtf\u00fchrungen. Entdecken Sie Roms Nachtleben in Gruppen, buchen Sie Einzeltickets und reservieren Sie Eintrittskarten f\u00fcr Theater.<\/p>\n<ul>\n<li data-test-id=\"activity-title\" data-track=\"activity-title\" data-v-30053b34=\"\"><a href=\"https:\/\/www.getyourguide.com\/rome-l33\/rome-e-bike-night-tour-with-food-and-wine-tasting-t208359\/?partner_id=NO9XIDE&amp;utm_medium=online_publisher&amp;cmp=ItalyTouristInformationRome\" target=\"_blank\" rel=\"nofollow noopener\" style=\"outline: none;\" data-lt-tmp-id=\"lt-934144\" spellcheck=\"false\">Rom: E-Bike-Nachttour mit Speisen- und Weinprobe<\/a><\/li>\n<li data-test-id=\"activity-title\" data-track=\"activity-title\" data-v-30053b34=\"\"><a href=\"https:\/\/www.getyourguide.com\/rome-l33\/romes-ultimate-party-official-t492633\/?partner_id=NO9XIDE&amp;utm_medium=online_publisher&amp;cmp=ItalyTouristInformationRome\" target=\"_blank\" rel=\"nofollow noopener\" style=\"outline: none;\" data-lt-tmp-id=\"lt-645374\" spellcheck=\"false\">Rom: Kneipentour und ultimative Party mit Freigetr\u00e4nken und Pizza<\/a><\/li>\n<li><a href=\"https:\/\/www.getyourguide.com\/rome-l33\/rome-trastevere-or-jewish-quarter-street-food-tour-t251502\/?partner_id=NO9XIDE&amp;utm_medium=online_publisher&amp;cmp=ItalyTouristInformationRome\" rel=\"nofollow noopener\" target=\"_blank\" style=\"outline: none;\" data-lt-tmp-id=\"lt-966420\" spellcheck=\"false\">Rom: Trastevere oder das j\u00fcdische Viertel \u2013 Streetfood-Tour<\/a><\/li>\n<li><a href=\"https:\/\/www.headout.com\/r\/most-amazing-placesrecommends-qSJCy\/\" rel=\"nofollow noopener\" style=\"outline: none;\" target=\"_blank\" data-lt-tmp-id=\"lt-764621\" spellcheck=\"false\">Tickets f\u00fcr einen Abend in der Oper in Rom<\/a><\/li>\n<li><a href=\"https:\/\/www.getyourguide.com\/rome-l33\/rome-gladiator-show-and-museum-tickets-t425819\/?partner_id=NO9XIDE&amp;utm_medium=online_publisher&amp;cmp=ItalyTouristInformationRome\" target=\"_blank\" rel=\"nofollow noopener\" style=\"outline: none;\" data-lt-tmp-id=\"lt-906347\" spellcheck=\"false\">Rom: Tickets f\u00fcr Gladiatorenshow und Museum<\/a><\/li>\n<li><a href=\"https:\/\/www.viator.com\/tours\/Rome\/Open-air-Opera-Concert-in-Rome-with-Aperitivo-Overlooking-Navona-Square\/d511-8329P40?pid=P00141578&amp;mcid=42383&amp;medium=link&amp;campaign=ItalyTouristInformationRome\" target=\"_blank\" rel=\"nofollow noopener\" style=\"outline: none;\" data-lt-tmp-id=\"lt-81537\" spellcheck=\"false\">Open-Air-Opernkonzert mit Terrassenaperitiv \u00fcber dem Navonaplatz<\/a><\/li>\n<\/ul>\n<h3 style=\"\"><span data-attr-css=\"tve-u-1751c4ffa5d\" data-attr-link=\"1\" data-attr-rel=\"0\" data-attr-target=\"0\" data-extra_key=\"\" data-option-inline=\"1\" data-shortcode=\"tcb_post_title\" data-shortcode-name=\"Post title\" data-attr-static-link=\"{&quot;className&quot;:&quot;&quot;,&quot;href&quot;:&quot;#&quot;,&quot;title&quot;:&quot;Roms Nachtleben-Guide: Bars, Clubs, Partyviertel\u2026 DE&quot;,&quot;data-css&quot;:&quot;tve-u-1751c4ffa5d&quot;,&quot;class&quot;:&quot;&quot;}\"><a href=\"https:\/\/italy-tourist-information.com\/de\/rom\/sehenswuerdigkeiten\/nachtleben\" title=\"Rome Nightlife Guide: Bars, Clubs, Party Districts\u2026 DE\">Rome Nightlife Guide: Bars, Clubs, Party Districts\u2026 DE<\/a><\/span><\/h3>\n<p><a href=\"javascript:void(0)\" style=\"\"><span style=\"\"><span style=\"\">Mehr laden<\/span><\/span><\/a><span><a href=\"https:\/\/viennatouristinformation.com\/wp-content\/uploads\/2020\/09\/Istanbul-Kadikoy-at-Night.jpg\" rel=\"nofollow noopener\" target=\"_blank\"><img decoding=\"async\" alt=\"Nachtleben in Rom, Trastevere\" data-id=\"7119\" data-init-width=\"1000\" data-init-height=\"636\" title=\"Nachtleben in Rom Trastevere\" src=\"https:\/\/italy-tourist-information.com\/wp-content\/uploads\/2024\/09\/nightlife-Trastevere.jpg\" data-width=\"1024\" data-height=\"651\" data-link-wrap=\"true\" style=\"aspect-ratio: auto 1000 \/ 636;\" width=\"1024\" height=\"651\" data-pin-media=\"https:\/\/praguetouristinformation.com\/wp-content\/uploads\/2021\/02\/50.jpg\" data-pin-description=\"Prag Nightlife Guide | Wo, wann und was?\" data-pin-url=\"https:\/\/italy-tourist-information.com\/nightlife?tve=true&amp;tcbf=2bd0897223\" loading=\"lazy\"><\/a><\/span><\/p>\n<h2>Trastevere: Das Herzst\u00fcck des r\u00f6mischen Nachtlebens<\/h2>\n<p>Trastevere ist ein beliebtes Ausgehviertel f\u00fcr R\u00f6mer und Touristen gleicherma\u00dfen. Stellen Sie sich ein Viertel mit Kopfsteinpflastergassen vor, ges\u00e4umt von <strong>gem\u00fctlichen Weinbars, <\/strong><strong>lebhaften Tavernen<\/strong> und <strong>florierenden Restaurants.<\/strong> Mit dem Sonnenuntergang erwacht das Viertel zum Leben \u2013 Lachen, Musik und das Klirren von Gl\u00e4sern erf\u00fcllen die Luft. <\/p>\n<p>Beginnen Sie Ihren Abend mit einem <strong>traditionellen Aperitivo im Freni e Frizioni,<\/strong> wo sich Einheimische bei Spritz und Oliven treffen. Entdecken Sie von dort aus die versteckten Sch\u00e4tze des Viertels \u2013 hinter jeder Gasse verbirgt sich ein neuer Ort, um einen <strong>italienischen Wein<\/strong> oder ein <strong>besonderes Getr\u00e4nk<\/strong> zu genie\u00dfen .&nbsp;<\/p>\n<p><strong>Trasteveres unkonventionelles Flair<\/strong> und <strong>die malerischen Pl\u00e4tze<\/strong> machen es ideal f\u00fcr alle, die eine <strong>ruhige, aber dennoch lebendige Atmosph\u00e4re<\/strong> suchen . Ob man in einer kleinen Bar tanzt oder sich mit Freunden auf einem h\u00fcbschen Platz unterh\u00e4lt \u2013 Trastevere bietet authentisches r\u00f6misches Ambiente.<\/p>\n<p><span><a href=\"https:\/\/viennatouristinformation.com\/wp-content\/uploads\/2020\/09\/Istanbul-Bosphorus-Night-Cruise-Turkey.jpg\" rel=\"nofollow noopener\" target=\"_blank\"><img decoding=\"async\" alt=\"Nachtleben in Rom Campo de Fiori\" data-id=\"7117\" data-init-width=\"1000\" data-init-height=\"667\" title=\"Nachtleben in Rom Campa de Fiori\" src=\"https:\/\/italy-tourist-information.com\/wp-content\/uploads\/2024\/09\/Campo-de-Fiori-during-the-night.jpg\" data-width=\"1024\" data-height=\"683\" data-link-wrap=\"true\" width=\"1024\" height=\"683\" data-pin-media=\"https:\/\/praguetouristinformation.com\/wp-content\/uploads\/2021\/02\/50.jpg\" data-pin-description=\"Prag Nightlife Guide | Wo, wann und was?\" data-pin-url=\"https:\/\/italy-tourist-information.com\/nightlife?tve=true&amp;tcbf=2bd0897223\" style=\"aspect-ratio: auto 1000 \/ 667;\" loading=\"lazy\"><\/a><\/span><\/p>\n<h2>Campo de&#8216; Fiori: Vom Markt zum Mitternachtswahnsinn<\/h2>\n<p data-v-55dc4b97=\"\" data-v-6c3bdb6d=\"\">Tags\u00fcber ist der Campo de&#8216; Fiori ein lebhafter Markt <strong>voller k\u00f6stlicher Fr\u00fcchte und frischer Blumen<\/strong> . Doch sobald die Nacht hereinbricht, verwandelt er sich in eines der <strong>beliebtesten Ausgehviertel Roms.<br \/><\/strong><br \/> Wenn sich die Menschen um <strong>Giordano Brunos<\/strong> ikonisches Denkmal versammeln, wird der Platz zum <strong>Zentrum einer pulsierenden Szene<\/strong> . Die Bars und Pubs rund um den Platz sind gut besucht von Menschen, die Getr\u00e4nke , <strong>handwerklich gebrautes Bier<\/strong> und <strong>angeregte Gespr\u00e4che <\/strong><strong>genie\u00dfen<\/strong> .<strong><\/strong><strong><\/strong><\/p>\n<p data-v-55dc4b97=\"\" data-v-6c3bdb6d=\"\"><strong>Beginnen Sie mit dem \u201eDrunken Ship\u201c<\/strong> , einem beliebten Treffpunkt f\u00fcr Studenten und Touristen, und besuchen Sie anschlie\u00dfend weitere Pubs wie das <strong>\u201eMagnolia\u201c oder \u201eLa Vineria\u201c.<\/strong> Die Atmosph\u00e4re ist lebhaft und angenehm \u2013 ideal, um neue Freunde kennenzulernen und <strong>Roms pulsierendes Nachtleben<\/strong> zu erleben . Falls Sie Hunger haben, finden Sie in den umliegenden Stra\u00dfen zahlreiche <strong>Caf\u00e9s<\/strong> , die bis in die fr\u00fchen Morgenstunden k\u00f6stliche Pizzen und Pasta servieren.<\/p>\n<p><span><a href=\"https:\/\/viennatouristinformation.com\/wp-content\/uploads\/2020\/09\/Istanbul-Bosphorus-Night-Cruise-Turkey.jpg\" rel=\"nofollow noopener\" target=\"_blank\"><img decoding=\"async\" alt=\"Nachtleben in Rom Monti\" data-id=\"7118\" data-init-width=\"1000\" data-init-height=\"563\" title=\"Nachtleben in Rom Monti\" src=\"https:\/\/italy-tourist-information.com\/wp-content\/uploads\/2024\/09\/Monti.jpg\" data-width=\"1024\" data-height=\"577\" data-link-wrap=\"true\" width=\"1024\" height=\"577\" data-pin-media=\"https:\/\/praguetouristinformation.com\/wp-content\/uploads\/2021\/02\/50.jpg\" data-pin-description=\"Prag Nightlife Guide | Wo, wann und was?\" data-pin-url=\"https:\/\/italy-tourist-information.com\/nightlife?tve=true&amp;tcbf=2bd0897223\" style=\"aspect-ratio: auto 1000 \/ 563;\" loading=\"lazy\"><\/a><\/span><\/p>\n<h2>Monti: Wo die coolen Kids abh\u00e4ngen<\/h2>\n<p>Monti, <strong>zwischen <\/strong><a href=\"https:\/\/italy-tourist-information.com\/de?page_id=18240\" style=\"outline: none;\"><strong>Kolosseum<\/strong><\/a><strong> und Via Nazionale<\/strong> gelegen, zieht Roms <strong>trendbewusste Szene an.<\/strong> Seine kleinen Gassen sind ges\u00e4umt von <strong>skurrilen Bars<\/strong> , <strong>angesagten Caf\u00e9s<\/strong> und <strong>schicken L\u00e4den<\/strong> und verspr\u00fchen ein <strong>unverwechselbares, bohemisches Flair<\/strong> . <\/p>\n<p><strong>Beginnen Sie Ihren Abend in der Black Market Hall<\/strong> , einem gem\u00fctlichen Pub mit <strong>antikem Dekor<\/strong> und <strong>Live-Musik<\/strong> , der ein kreatives Publikum anzieht. Von dort aus schlendern Sie durch die verwinkelten Gassen, wo <strong>hinter unscheinbaren T\u00fcren <\/strong><strong>gem\u00fctliche Weinbars<\/strong> und <strong>coole Nachtclubs<\/strong> warten. Das Nachtleben in Monti ist entspannter, aber dennoch lebendig und eignet sich daher ideal f\u00fcr alle, die <strong>handgemachte Drinks<\/strong> und angeregte Gespr\u00e4che dem chaotischen Partytrubel vorziehen. Wenn Sie Lust auf etwas S\u00fc\u00dfes haben, serviert <strong>Fatamorgana eines der <\/strong><strong>besten handgemachten Gelatos<\/strong> Roms. Monti bietet mit seiner lockeren Atmosph\u00e4re und seinem vielf\u00e4ltigen Publikum eine ganz neue Perspektive auf das r\u00f6mische Nachtleben.<strong><\/strong><strong><\/strong><\/p>\n<p><strong><\/strong><strong><\/strong><\/p>\n<p><span><a href=\"https:\/\/viennatouristinformation.com\/wp-content\/uploads\/2020\/09\/Istanbul-Bosphorus-Night-Cruise-Turkey.jpg\" rel=\"nofollow noopener\" target=\"_blank\"><img decoding=\"async\" alt=\"Nachtleben in Rom Oper\" data-id=\"7120\" data-init-width=\"1000\" data-init-height=\"677\" title=\"Nachtleben in Rom Oper\" src=\"https:\/\/italy-tourist-information.com\/wp-content\/uploads\/2024\/09\/opera-in-rome.jpg\" data-width=\"1024\" data-height=\"693\" data-link-wrap=\"true\" width=\"1024\" height=\"693\" data-pin-media=\"https:\/\/praguetouristinformation.com\/wp-content\/uploads\/2021\/02\/50.jpg\" data-pin-description=\"Prag Nightlife Guide | Wo, wann und was?\" data-pin-url=\"https:\/\/italy-tourist-information.com\/nightlife?tve=true&amp;tcbf=2bd0897223\" style=\"aspect-ratio: auto 1000 \/ 677;\" loading=\"lazy\"><\/a><\/span><\/p>\n<h2>Besuchen Sie eine Opernauff\u00fchrung<\/h2>\n<p>Stellen Sie sich vor, Sie sitzen im prachtvollen <strong>&nbsp;Teatro dell&#8217;Opera di Roma<\/strong> , der Vorhang hebt sich und die B\u00fchne erwacht zum Leben mit mitrei\u00dfender Musik und <strong>dramatischen Darbietungen.<\/strong>  &nbsp;Ein Opernbesuch in Rom ist mehr als nur ein Abendvergn\u00fcgen; Er ist ein tiefes Eintauchen in die italienische Kultur und Geschichte.&nbsp;  <strong>Ob Sie sich nun zu Verdi oder Puccini hingezogen f\u00fchlen, die kraftvollen Stimmen und die atemberaubenden B\u00fchnenbilder werden Sie verzaubern.<\/strong><\/p>\n<p>F\u00fcr ein besonders intimes Erlebnis bieten <strong>viele <\/strong><a href=\"https:\/\/italy-tourist-information.com\/de?page_id=18093\" style=\"outline: none;\" data-lt-tmp-id=\"lt-55949\" spellcheck=\"false\">Kirchen in Rom <\/a><strong>abendliche Konzerte mit klassischer Musik an.<\/strong>  &nbsp;Die au\u00dfergew\u00f6hnliche Akustik und die friedliche Atmosph\u00e4re schaffen ein wahrhaft bezauberndes Erlebnis.<\/p>\n<p><strong>Auch wenn Sie die Sprache nicht verstehen, werden Sie die Emotionen und die Leidenschaft der K\u00fcnstler ber\u00fchren.<\/strong> Kleiden Sie sich festlich, nehmen Sie Platz und lassen Sie sich von der Musik auf eine unvergessliche Reise durch die italienische Oper entf\u00fchren.<\/p>\n<h2>Beliebte Ticketoptionen:<\/h2>\n<ul>\n<li><a href=\"https:\/\/www.headout.com\/r\/most-amazing-placesrecommends-qSJCy\/\" target=\"_blank\" rel=\"nofollow noopener\" style=\"outline: none;\" data-lt-tmp-id=\"lt-812249\" spellcheck=\"false\">Tickets f\u00fcr einen Abend in der Oper in Rom<\/a><\/li>\n<li><a href=\"https:\/\/www.getyourguide.com\/rome-l33\/rome-opera-concert-at-palazzo-poli-fontana-di-trevi-t280177\/?partner_id=NO9XIDE&amp;utm_medium=online_publisher&amp;cmp=ItalyTouristInformationRome\" target=\"_blank\" rel=\"nofollow noopener\" style=\"outline: none;\" data-lt-tmp-id=\"lt-246177\" spellcheck=\"false\">Rom: Opernkonzert im Palazzo Poli \u2013 Fontana di Trevi<\/a><\/li>\n<li><a href=\"https:\/\/www.getyourguide.com\/rome-l33\/rome-the-four-seasons-by-vivaldi-t572997\/?partner_id=NO9XIDE&amp;utm_medium=online_publisher&amp;cmp=ItalyTouristInformationRome\" target=\"_blank\" rel=\"nofollow noopener\" style=\"outline: none;\" data-lt-tmp-id=\"lt-605147\" spellcheck=\"false\">Rom: Die vier Jahreszeiten von Vivaldi<\/a><\/li>\n<li><a href=\"https:\/\/www.getyourguide.com\/rome-l33\/rome-ticket-la-traviata-at-the-church-of-st-paul-t465800\/?partner_id=NO9XIDE&amp;utm_medium=online_publisher&amp;cmp=ItalyTouristInformationRome\" target=\"_blank\" rel=\"nofollow noopener\" style=\"outline: none;\">Rom: La Traviata in St. Paul<\/a><\/li>\n<\/ul>\n<p><a href=\"https:\/\/www.getyourguide.com\/rome-l33\/rome-ticket-la-traviata-at-the-church-of-st-paul-t465800\/?partner_id=NO9XIDE&amp;utm_medium=online_publisher&amp;cmp=ItalyTouristInformationRome\" target=\"_blank\" rel=\"nofollow noopener\" style=\"outline: none;\"><\/a><\/p>\n","protected":false},"excerpt":{"rendered":"<p>Roms Nachtleben-Guide: Bars, Clubs, Partyviertel&#8230; Die angesagtesten Ausgehviertel Roms. Bars, Clubs, Restaurants und allgemeine Tipps f\u00fcr eine aufregende Nacht im Prager Nachtleben. Was muss ich wissen? Rom bietet die perfekte Mischung aus historischem Charme und pulsierendem Nachtleben. &nbsp;Zwar ist es keine 24-Stunden-Partystadt wie Berlin oder Ibiza, aber es bietet ein&nbsp; stilvolles und entspanntes Erlebnis &nbsp;f\u00fcr [&hellip;]<\/p>\n","protected":false},"author":17,"featured_media":18365,"parent":18267,"menu_order":0,"comment_status":"closed","ping_status":"closed","template":"","meta":{"footnotes":""},"categories":[],"tags":[172,155],"class_list":["post-18364","page","type-page","status-publish","has-post-thumbnail","hentry","tag-nightlife","tag-rom","post-wrapper","thrv_wrapper"],"_links":{"self":[{"href":"https:\/\/italy-tourist-information.com\/de\/wp-json\/wp\/v2\/pages\/18364","targetHints":{"allow":["GET"]}}],"collection":[{"href":"https:\/\/italy-tourist-information.com\/de\/wp-json\/wp\/v2\/pages"}],"about":[{"href":"https:\/\/italy-tourist-information.com\/de\/wp-json\/wp\/v2\/types\/page"}],"author":[{"embeddable":true,"href":"https:\/\/italy-tourist-information.com\/de\/wp-json\/wp\/v2\/users\/17"}],"replies":[{"embeddable":true,"href":"https:\/\/italy-tourist-information.com\/de\/wp-json\/wp\/v2\/comments?post=18364"}],"version-history":[{"count":13,"href":"https:\/\/italy-tourist-information.com\/de\/wp-json\/wp\/v2\/pages\/18364\/revisions"}],"predecessor-version":[{"id":19040,"href":"https:\/\/italy-tourist-information.com\/de\/wp-json\/wp\/v2\/pages\/18364\/revisions\/19040"}],"up":[{"embeddable":true,"href":"https:\/\/italy-tourist-information.com\/de\/wp-json\/wp\/v2\/pages\/18267"}],"wp:featuredmedia":[{"embeddable":true,"href":"https:\/\/italy-tourist-information.com\/de\/wp-json\/wp\/v2\/media\/18365"}],"wp:attachment":[{"href":"https:\/\/italy-tourist-information.com\/de\/wp-json\/wp\/v2\/media?parent=18364"}],"wp:term":[{"taxonomy":"category","embeddable":true,"href":"https:\/\/italy-tourist-information.com\/de\/wp-json\/wp\/v2\/categories?post=18364"},{"taxonomy":"post_tag","embeddable":true,"href":"https:\/\/italy-tourist-information.com\/de\/wp-json\/wp\/v2\/tags?post=18364"}],"curies":[{"name":"wp","href":"https:\/\/api.w.org\/{rel}","templated":true}]}}