{"id":18370,"date":"2025-05-08T10:03:30","date_gmt":"2025-05-08T10:03:30","guid":{"rendered":"https:\/\/italy-tourist-information.com\/rome-borghese-gallery-entry-ticket"},"modified":"2026-04-20T14:55:40","modified_gmt":"2026-04-20T14:55:40","slug":"galleria-borghese-tickets","status":"publish","type":"page","link":"https:\/\/italy-tourist-information.com\/de\/galleria-borghese-tickets","title":{"rendered":"Galleria Borghese Tickets + optionale F\u00fchrung"},"content":{"rendered":"<p><span><img decoding=\"async\" alt=\"\" data-id=\"10391\" width=\"960\" height=\"539\" title=\"Rom \u2013 Eintrittskarte Galleria Borghese &amp; optionale F\u00fchrung\" src=\"https:\/\/italy-tourist-information.com\/wp-content\/uploads\/2025\/05\/Rome-Borghese-Gallery-Entry-Ticket-Optional-Guided-Tour-ota.jpg\" data-src=\"https:\/\/italy-tourist-information.com\/wp-content\/uploads\/2025\/05\/Rome-Borghese-Gallery-Entry-Ticket-Optional-Guided-Tour-ota-300x168.jpg\" loading=\"lazy\" data-sizes=\"{&quot;thumbnail&quot;:{&quot;url&quot;:&quot;https:\/\/italy-tourist-information.com\/wp-content\/uploads\/2025\/05\/Rome-Borghese-Gallery-Entry-Ticket-Optional-Guided-Tour-ota-150x150.jpg&quot;,&quot;height&quot;:150,&quot;width&quot;:150,&quot;orientation&quot;:&quot;landscape&quot;},&quot;medium&quot;:{&quot;url&quot;:&quot;https:\/\/italy-tourist-information.com\/wp-content\/uploads\/2025\/05\/Rome-Borghese-Gallery-Entry-Ticket-Optional-Guided-Tour-ota-300x168.jpg&quot;,&quot;height&quot;:168,&quot;width&quot;:300,&quot;orientation&quot;:&quot;landscape&quot;},&quot;full&quot;:{&quot;url&quot;:&quot;https:\/\/italy-tourist-information.com\/wp-content\/uploads\/2025\/05\/Rome-Borghese-Gallery-Entry-Ticket-Optional-Guided-Tour-ota.jpg&quot;,&quot;height&quot;:539,&quot;width&quot;:960,&quot;orientation&quot;:&quot;landscape&quot;}}\"><\/span><span><img decoding=\"async\" alt=\"\" data-id=\"10390\" width=\"960\" height=\"540\" title=\"Rom \u2013 Eintrittskarte Galleria Borghese &amp; optionale F\u00fchrung ota2\" src=\"https:\/\/italy-tourist-information.com\/wp-content\/uploads\/2025\/05\/Rome-Borghese-Gallery-Entry-Ticket-Optional-Guided-Tour-ota2.jpg\" data-src=\"https:\/\/italy-tourist-information.com\/wp-content\/uploads\/2025\/05\/Rome-Borghese-Gallery-Entry-Ticket-Optional-Guided-Tour-ota2-300x169.jpg\" loading=\"lazy\" data-sizes=\"{&quot;thumbnail&quot;:{&quot;url&quot;:&quot;https:\/\/italy-tourist-information.com\/wp-content\/uploads\/2025\/05\/Rome-Borghese-Gallery-Entry-Ticket-Optional-Guided-Tour-ota2-150x150.jpg&quot;,&quot;height&quot;:150,&quot;width&quot;:150,&quot;orientation&quot;:&quot;landscape&quot;},&quot;medium&quot;:{&quot;url&quot;:&quot;https:\/\/italy-tourist-information.com\/wp-content\/uploads\/2025\/05\/Rome-Borghese-Gallery-Entry-Ticket-Optional-Guided-Tour-ota2-300x169.jpg&quot;,&quot;height&quot;:169,&quot;width&quot;:300,&quot;orientation&quot;:&quot;landscape&quot;},&quot;full&quot;:{&quot;url&quot;:&quot;https:\/\/italy-tourist-information.com\/wp-content\/uploads\/2025\/05\/Rome-Borghese-Gallery-Entry-Ticket-Optional-Guided-Tour-ota2.jpg&quot;,&quot;height&quot;:540,&quot;width&quot;:960,&quot;orientation&quot;:&quot;landscape&quot;}}\"><\/span><span><img decoding=\"async\" alt=\"\" data-id=\"10389\" width=\"960\" height=\"640\" title=\"Rom \u2013 Eintrittskarte Galleria Borghese &amp; optionale F\u00fchrung ota3\" src=\"https:\/\/italy-tourist-information.com\/wp-content\/uploads\/2025\/05\/Rome-Borghese-Gallery-Entry-Ticket-Optional-Guided-Tour-ota3.jpg\" data-src=\"https:\/\/italy-tourist-information.com\/wp-content\/uploads\/2025\/05\/Rome-Borghese-Gallery-Entry-Ticket-Optional-Guided-Tour-ota3-300x200.jpg\" loading=\"lazy\" data-sizes=\"{&quot;thumbnail&quot;:{&quot;url&quot;:&quot;https:\/\/italy-tourist-information.com\/wp-content\/uploads\/2025\/05\/Rome-Borghese-Gallery-Entry-Ticket-Optional-Guided-Tour-ota3-150x150.jpg&quot;,&quot;height&quot;:150,&quot;width&quot;:150,&quot;orientation&quot;:&quot;landscape&quot;},&quot;medium&quot;:{&quot;url&quot;:&quot;https:\/\/italy-tourist-information.com\/wp-content\/uploads\/2025\/05\/Rome-Borghese-Gallery-Entry-Ticket-Optional-Guided-Tour-ota3-300x200.jpg&quot;,&quot;height&quot;:200,&quot;width&quot;:300,&quot;orientation&quot;:&quot;landscape&quot;},&quot;full&quot;:{&quot;url&quot;:&quot;https:\/\/italy-tourist-information.com\/wp-content\/uploads\/2025\/05\/Rome-Borghese-Gallery-Entry-Ticket-Optional-Guided-Tour-ota3.jpg&quot;,&quot;height&quot;:640,&quot;width&quot;:960,&quot;orientation&quot;:&quot;landscape&quot;}}\"><\/span><span><img decoding=\"async\" alt=\"\" data-id=\"10388\" width=\"960\" height=\"454\" title=\"Rom \u2013 Eintrittskarte Galleria Borghese &amp; optionale F\u00fchrung ota4\" src=\"https:\/\/italy-tourist-information.com\/wp-content\/uploads\/2025\/05\/Rome-Borghese-Gallery-Entry-Ticket-Optional-Guided-Tour-ota4.jpg\" data-src=\"https:\/\/italy-tourist-information.com\/wp-content\/uploads\/2025\/05\/Rome-Borghese-Gallery-Entry-Ticket-Optional-Guided-Tour-ota4-300x142.jpg\" loading=\"lazy\" data-sizes=\"{&quot;thumbnail&quot;:{&quot;url&quot;:&quot;https:\/\/italy-tourist-information.com\/wp-content\/uploads\/2025\/05\/Rome-Borghese-Gallery-Entry-Ticket-Optional-Guided-Tour-ota4-150x150.jpg&quot;,&quot;height&quot;:150,&quot;width&quot;:150,&quot;orientation&quot;:&quot;landscape&quot;},&quot;medium&quot;:{&quot;url&quot;:&quot;https:\/\/italy-tourist-information.com\/wp-content\/uploads\/2025\/05\/Rome-Borghese-Gallery-Entry-Ticket-Optional-Guided-Tour-ota4-300x142.jpg&quot;,&quot;height&quot;:142,&quot;width&quot;:300,&quot;orientation&quot;:&quot;landscape&quot;},&quot;full&quot;:{&quot;url&quot;:&quot;https:\/\/italy-tourist-information.com\/wp-content\/uploads\/2025\/05\/Rome-Borghese-Gallery-Entry-Ticket-Optional-Guided-Tour-ota4.jpg&quot;,&quot;height&quot;:454,&quot;width&quot;:960,&quot;orientation&quot;:&quot;landscape&quot;}}\"><\/span><span><img decoding=\"async\" alt=\"\" data-id=\"10387\" width=\"960\" height=\"640\" title=\"Rom \u2013 Eintrittskarte Galleria Borghese &amp; optionale F\u00fchrung ota5\" src=\"https:\/\/italy-tourist-information.com\/wp-content\/uploads\/2025\/05\/Rome-Borghese-Gallery-Entry-Ticket-Optional-Guided-Tour-ota5.jpg\" data-src=\"https:\/\/italy-tourist-information.com\/wp-content\/uploads\/2025\/05\/Rome-Borghese-Gallery-Entry-Ticket-Optional-Guided-Tour-ota5-300x200.jpg\" loading=\"lazy\" data-sizes=\"{&quot;thumbnail&quot;:{&quot;url&quot;:&quot;https:\/\/italy-tourist-information.com\/wp-content\/uploads\/2025\/05\/Rome-Borghese-Gallery-Entry-Ticket-Optional-Guided-Tour-ota5-150x150.jpg&quot;,&quot;height&quot;:150,&quot;width&quot;:150,&quot;orientation&quot;:&quot;landscape&quot;},&quot;medium&quot;:{&quot;url&quot;:&quot;https:\/\/italy-tourist-information.com\/wp-content\/uploads\/2025\/05\/Rome-Borghese-Gallery-Entry-Ticket-Optional-Guided-Tour-ota5-300x200.jpg&quot;,&quot;height&quot;:200,&quot;width&quot;:300,&quot;orientation&quot;:&quot;landscape&quot;},&quot;full&quot;:{&quot;url&quot;:&quot;https:\/\/italy-tourist-information.com\/wp-content\/uploads\/2025\/05\/Rome-Borghese-Gallery-Entry-Ticket-Optional-Guided-Tour-ota5.jpg&quot;,&quot;height&quot;:640,&quot;width&quot;:960,&quot;orientation&quot;:&quot;landscape&quot;}}\"><\/span><\/p>\n<h1 data-qa-marker=\"product-name\">Tickets f\u00fcr die Galerie Borghese<\/h1>\n<h2><a href=\"https:\/\/www.headout.com\/de\/galleria-borghese-tickets\/galleria-borghese-tickets-e-3878\/?affiliate_code=KXkQ69&amp;utm_campaign=itideborghesegallerysp&amp;utm_content=link&amp;utm_medium=affiliate&amp;utm_source=most_amazing_places\" target=\"_blank\" rel=\"nofollow noopener\" style=\"outline: none;\">Zur Buchung<\/a><\/h2>\n<p style=\"\"><a href=\"https:\/\/www.headout.com\/de\/galleria-borghese-tickets\/galleria-borghese-tickets-e-3878\/?affiliate_code=KXkQ69&amp;utm_campaign=itideborghesegallerysp&amp;utm_content=link&amp;utm_medium=affiliate&amp;utm_source=most_amazing_places\" target=\"_blank\" rel=\"nofollow noopener\" style=\"outline: none;\">Preis ab<\/a><\/p>\n<h1><a href=\"https:\/\/www.headout.com\/de\/galleria-borghese-tickets\/galleria-borghese-tickets-e-3878\/?affiliate_code=KXkQ69&amp;utm_campaign=itideborghesegallerysp&amp;utm_content=link&amp;utm_medium=affiliate&amp;utm_source=most_amazing_places\" target=\"_blank\" rel=\"nofollow noopener\" style=\"outline: none;\" spellcheck=\"false\"><strong>41,00 \u20ac<\/strong><\/a><\/h1>\n<p dir=\"ltr\">Besuchen Sie eine der ber\u00fchmtesten Kunstsammlungen Roms mit <strong>bevorzugtem Einlass in die Galleria Borghese.<\/strong> Bewundern Sie zeitlose Meisterwerke in Ihrem eigenen Tempo oder nutzen Sie die Option f\u00fcr einen gef\u00fchrten Eintritt, um Ihren Besuch noch <strong>exklusiver zu gestalten.<\/strong><\/p>\n<ul>\n<li style=\"\"><span>Audioguide&nbsp;<\/span><\/li>\n<li style=\"\"><span>Jetzt reservieren &amp; sp\u00e4ter bezahlen<\/span><\/li>\n<li style=\"\"><span>Dauer 1 &#8211; 2 Stunden<\/span><\/li>\n<li style=\"\"><span>Nicht erstattungsf\u00e4hig<\/span><\/li>\n<\/ul>\n<h2>Inbegriffen<\/h2>\n<ul>\n<li style=\"\">                    <span>Eintrittskarte f\u00fcr die Galerie Borghese (2-st\u00fcndiger Zugang)<\/span><\/li>\n<li style=\"\">                    <span>Eintrittskarte f\u00fcr die Galerie Borghese (1 Stunde Zugang, optional)<\/span><\/li>\n<li style=\"\">                    <span>Gef\u00f6rderte Teilnahme (optional)<\/span><\/li>\n<li><span>Mehrsprachiger Audioguide (optional)<\/span><\/li>\n<\/ul>\n<h2>Nicht inbegriffen<\/h2>\n<ul>\n<li style=\"\"><span>Transport<\/span><\/li>\n<\/ul>\n<h2>Wichtige Informationen<\/h2>\n<ul>\n<li style=\"\"><span>Rollstuhl- und kinderwagenfreundlich<\/span><\/li>\n<li style=\"\"><span>Kinder unter 18 Jahren ben\u00f6tigen eine Reservierung, auch f\u00fcr kostenlose Tickets.<\/span><\/li>\n<li style=\"\"><span>Der Zutritt wird verweigert, wenn Kinder ohne reservierte Tickets Personen begleiten, die nur Erwachsene gebucht haben.<\/span><\/li>\n<li style=\"\"><span>Haustiere, Regenschirme und gro\u00dfe Taschen sind nicht erlaubt.<\/span><\/li>\n<li style=\"\"><span>Legere, gepflegte Kleiderordnung erforderlich<\/span><\/li>\n<li style=\"\"><span>Freier Eintritt f\u00fcr Besucher mit Behinderung und eine Begleitperson (g\u00fcltiger Lichtbildausweis erforderlich).<\/span><\/li>\n<li style=\"\"><span>Aufgrund von Restaurierungsarbeiten k\u00f6nnen einige R\u00e4ume geschlossen sein.<\/span><\/li>\n<li style=\"\"><span>Alle Taschen m\u00fcssen vor dem Betreten an der Garderobe abgegeben werden.<\/span><\/li>\n<li style=\"\"><span>Tickets m\u00fcssen im Voraus reserviert werden, da der Einlass streng kontrolliert wird und nur zu festgelegten Zeiten gestattet ist.<\/span><\/li>\n<\/ul>\n<h2>Beschreibung:<\/h2>\n<p data-end=\"247\" data-start=\"0\">Genie\u00dfen Sie <strong>bevorzugten Zugang<\/strong> zu einer der ber\u00fchmtesten Kunstgalerien Roms mit einer reservierten Eintrittskarte f\u00fcr die <strong>Galleria Borghese<\/strong>. Entdecken Sie Meisterwerke von Bernini, Caravaggio und Raffael, w\u00e4hrend Sie die eleganten R\u00e4ume der Villa Borghese in Ihrem eigenen Tempo erkunden.<\/p>\n<p data-end=\"406\" data-is-last-node=\"\" data-is-only-node=\"\" data-start=\"249\">Bewundern Sie <strong>erstklassige Skulpturen und Gem\u00e4lde<\/strong> und runden Sie Ihren Besuch anschlie\u00dfend mit einem entspannenden Spaziergang durch die Borghese-G\u00e4rten ab, die einen herrlichen Blick \u00fcber die Stadt bieten.<\/p>\n<h2>Highlights:<\/h2>\n<ul>\n<li dir=\"ltr\"><strong>Der Fast-Track-Einlass<\/strong> spart Ihnen Zeit in einem der Top-Museen Roms.<\/li>\n<li dir=\"ltr\">Entdecken Sie Werke von <strong>Bernini, Caravaggio, Raffael<\/strong> und anderen.<\/li>\n<li dir=\"ltr\">Betrachten Sie <strong>Tizians \u201eHeilige und profane Liebe\u201c<\/strong> und Caravaggios \u201eHeiliger Hieronymus\u201c<\/li>\n<li dir=\"ltr\">Genie\u00dfen Sie die <strong>zeitlose Museumsatmosph\u00e4re<\/strong> \u2013 perfekt f\u00fcr Kunstliebhaber.<\/li>\n<li dir=\"ltr\"><strong>Malerische Lage<\/strong> innerhalb der G\u00e4rten der Villa Borghese nahe dem Zentrum Roms<\/li>\n<\/ul>\n<h2>Galleria Borghese<\/h2>\n<p dir=\"ltr\">Piazzale Scipione Borghese, 5, 00197 Roma RM, Italien<\/p>\n<h2>Stornierungsbedingungen<\/h2>\n<p dir=\"ltr\">Diese Tickets k\u00f6nnen weder storniert noch umgebucht werden.<\/p>\n<h2>Treffpunkt &amp; Anweisungen<\/h2>\n<p data-end=\"235\" data-is-last-node=\"\" data-is-only-node=\"\" data-start=\"0\">Ihr Gutschein wird Ihnen nach der Buchung umgehend per E-Mail zugesandt. Bitte zeigen Sie den Voucher auf Ihrem Mobiltelefon zusammen mit einem g\u00fcltigen Lichtbildausweis am Eingang der Galleria Borghese vor und erscheinen Sie mindestens 15 Minuten vor Ihrem geplanten Besuch, um Verz\u00f6gerungen zu vermeiden.<\/p>\n<h2>Bewertungen<\/h2>\n<p><strong>4,3\/5 &nbsp;<\/strong><strong>(2111 Bewertungen)<\/strong><\/p>\n<p dir=\"ltr\"><em>\u201eEin prachtvoller Palast, wohl der sch\u00f6nste in ganz Rom, den ich immer wieder gerne besuche, voller Kunstwerke, eines pr\u00e4chtiger als das andere. Die begrenzte Besucherzahl macht das Erlebnis umso sch\u00f6ner!\u201c<\/em> Jamier, Dez. 2025<\/p>\n<p dir=\"ltr\"><em>\u201eLeicht zug\u00e4nglich. Galerie mit wundersch\u00f6nen Werken. Abgesehen von den bekanntesten Werken sind die anderen ohne Audioguide nicht zug\u00e4nglich.\u201c<\/em> Anna, Januar 2026<\/p>\n<p dir=\"ltr\"><a href=\"https:\/\/www.headout.com\/de\/galleria-borghese-tickets\/galleria-borghese-tickets-e-3878\/?affiliate_code=KXkQ69&amp;utm_campaign=itideborghesegallerysp&amp;utm_content=link&amp;utm_medium=affiliate&amp;utm_source=most_amazing_places\" target=\"_blank\" rel=\"nofollow noopener\" data-lt-tmp-id=\"lt-592231\" spellcheck=\"false\" style=\"outline: none;\">&gt;&gt; Weitere Bewertungen ansehen&#8230;<\/a><\/p>\n<p><span># <\/span><strong><span>2<\/span><\/strong><span># <\/span><strong><span>2<\/span><\/strong><\/p>\n<h2>Einige Aktivit\u00e4ten, die Ihnen gefallen k\u00f6nnten<\/h2>\n<p><\/p>\n<p><span>#1<\/span><span><img decoding=\"async\" alt=\"\" data-id=\"10395\" width=\"159\" data-init-width=\"1167\" height=\"212\" data-init-height=\"1556\" title=\"Galerie Borghese - Gef\u00fchrte Tour\" src=\"https:\/\/italy-tourist-information.com\/wp-content\/uploads\/2025\/05\/Borghese-Gallery-Guided-Tour-ota.avif\" data-width=\"159\" data-height=\"212\" style=\"aspect-ratio: auto 1167 \/ 1556;\" loading=\"lazy\"><\/span><\/p>\n<table>\n<tbody>\n<tr>\n<td>\n<table>\n<tbody>\n<tr>\n<td><strong><a href=\"https:\/\/www.tiqets.com\/de\/rome-attractions-c71631\/tickets-for-borghese-gallery-guided-tour-p1111470\/?partner=italytouristinformation&amp;tq_campaign=ITIDeVillaBorgheseSP2\" target=\"_blank\" rel=\"nofollow noopener\" style=\"outline: none;\" spellcheck=\"false\">Galerie Borghese: F\u00fchrung<\/a><\/strong><\/td>\n<\/tr>\n<\/tbody>\n<\/table>\n<\/td>\n<\/tr>\n<\/tbody>\n<\/table>\n<p data-pm-slice=\"1 1 []\">Entdecken Sie die Meisterwerke von Bernini, Caravaggio und Raffael mit fachkundigen Einblicken auf einer gef\u00fchrten Tour durch die atemberaubende Galleria Borghese in Rom.<\/p>\n<h3 style=\"\">Gesamtpreis<\/h3>\n<h3>Ihr Konto wird noch nicht belastet<\/h3>\n<p><span><img decoding=\"async\" alt=\"\" data-id=\"10124\" width=\"159\" data-init-width=\"2335\" height=\"106\" data-init-height=\"1556\" title=\"Roma Pass \u2013 72 Stunden Zugang zu \u00f6ffentlichen Verkehrsmitteln + Eintritt zu 1 oder 2 Attraktionen\" src=\"https:\/\/italy-tourist-information.com\/wp-content\/uploads\/2025\/04\/Roma-Pass-72-Hr-Public-Transport-Access-Entry-to-1-or-2-Attractions-ota.avif\" data-width=\"159\" data-height=\"106\" style=\"aspect-ratio: auto 2335 \/ 1556;\" loading=\"lazy\"><\/span><\/p>\n<table>\n<tbody>\n<tr>\n<td>\n<table>\n<tbody>\n<tr>\n<td><a href=\"https:\/\/www.tiqets.com\/de\/rome-attractions-c71631\/tickets-for-roma-pass-p974091\/?partner=italytouristinformation&amp;tq_campaign=ITIDeGalleriaBorgheseSP3\" target=\"_blank\" rel=\"nofollow noopener\" style=\"outline: none;\" spellcheck=\"false\">Roma Pass: 72 Stunden Nutzung des \u00f6ffentlichen Nahverkehrs + Eintritt zu 1 oder 2 Sehensw\u00fcrdigkeiten<\/a><\/td>\n<\/tr>\n<\/tbody>\n<\/table>\n<\/td>\n<\/tr>\n<\/tbody>\n<\/table>\n<p data-pm-slice=\"1 1 []\">Erleben Sie Rom m\u00fchelos mit dem Roma Pass 72-Stunden-Ticket, das Ihnen unbegrenzten Zugang zu den \u00f6ffentlichen Verkehrsmitteln und freien Eintritt zu Ihren ersten ein oder zwei Top-Attraktionen bietet.&nbsp;<\/p>\n<h3 style=\"\">Gesamtpreis<\/h3>\n<h3 style=\"\">Ihr Konto wird noch nicht belastet<\/h3>\n<p><\/p>\n<h2><a href=\"https:\/\/www.headout.com\/de\/galleria-borghese-tickets\/galleria-borghese-tickets-e-3878\/?affiliate_code=KXkQ69&amp;utm_campaign=itideborghesegallerysp&amp;utm_content=link&amp;utm_medium=affiliate&amp;utm_source=most_amazing_places\" target=\"_blank\" rel=\"nofollow noopener\" style=\"outline: none;\">Zur Buchung<\/a><\/h2>\n<p style=\"\"><a href=\"https:\/\/www.headout.com\/de\/galleria-borghese-tickets\/galleria-borghese-tickets-e-3878\/?affiliate_code=KXkQ69&amp;utm_campaign=itideborghesegallerysp&amp;utm_content=link&amp;utm_medium=affiliate&amp;utm_source=most_amazing_places\" target=\"_blank\" rel=\"nofollow noopener\" style=\"outline: none;\">Preis ab<\/a><\/p>\n<h1><a href=\"https:\/\/www.headout.com\/de\/galleria-borghese-tickets\/galleria-borghese-tickets-e-3878\/?affiliate_code=KXkQ69&amp;utm_campaign=itideborghesegallerysp&amp;utm_content=link&amp;utm_medium=affiliate&amp;utm_source=most_amazing_places\" target=\"_blank\" rel=\"nofollow noopener\" style=\"outline: none;\"><strong>41,00 \u20ac<\/strong><\/a><\/h1>\n<h3>Ihr Konto wird noch nicht belastet<\/h3>\n","protected":false},"excerpt":{"rendered":"<p>Tickets f\u00fcr die Galerie Borghese Zur Buchung Preis ab 41,00 \u20ac Besuchen Sie eine der ber\u00fchmtesten Kunstsammlungen Roms mit bevorzugtem Einlass in die Galleria Borghese. Bewundern Sie zeitlose Meisterwerke in Ihrem eigenen Tempo oder nutzen Sie die Option f\u00fcr einen gef\u00fchrten Eintritt, um Ihren Besuch noch exklusiver zu gestalten. Audioguide&nbsp; Jetzt reservieren &amp; sp\u00e4ter bezahlen [&hellip;]<\/p>\n","protected":false},"author":6,"featured_media":18371,"parent":0,"menu_order":0,"comment_status":"closed","ping_status":"closed","template":"","meta":{"footnotes":""},"categories":[143,128],"tags":[155,130],"class_list":["post-18370","page","type-page","status-publish","has-post-thumbnail","hentry","category-rom","category-verkaufsseite","tag-rom","tag-verkaufsseite","post-wrapper","thrv_wrapper"],"_links":{"self":[{"href":"https:\/\/italy-tourist-information.com\/de\/wp-json\/wp\/v2\/pages\/18370","targetHints":{"allow":["GET"]}}],"collection":[{"href":"https:\/\/italy-tourist-information.com\/de\/wp-json\/wp\/v2\/pages"}],"about":[{"href":"https:\/\/italy-tourist-information.com\/de\/wp-json\/wp\/v2\/types\/page"}],"author":[{"embeddable":true,"href":"https:\/\/italy-tourist-information.com\/de\/wp-json\/wp\/v2\/users\/6"}],"replies":[{"embeddable":true,"href":"https:\/\/italy-tourist-information.com\/de\/wp-json\/wp\/v2\/comments?post=18370"}],"version-history":[{"count":7,"href":"https:\/\/italy-tourist-information.com\/de\/wp-json\/wp\/v2\/pages\/18370\/revisions"}],"predecessor-version":[{"id":19848,"href":"https:\/\/italy-tourist-information.com\/de\/wp-json\/wp\/v2\/pages\/18370\/revisions\/19848"}],"wp:featuredmedia":[{"embeddable":true,"href":"https:\/\/italy-tourist-information.com\/de\/wp-json\/wp\/v2\/media\/18371"}],"wp:attachment":[{"href":"https:\/\/italy-tourist-information.com\/de\/wp-json\/wp\/v2\/media?parent=18370"}],"wp:term":[{"taxonomy":"category","embeddable":true,"href":"https:\/\/italy-tourist-information.com\/de\/wp-json\/wp\/v2\/categories?post=18370"},{"taxonomy":"post_tag","embeddable":true,"href":"https:\/\/italy-tourist-information.com\/de\/wp-json\/wp\/v2\/tags?post=18370"}],"curies":[{"name":"wp","href":"https:\/\/api.w.org\/{rel}","templated":true}]}}