{"id":18379,"date":"2024-11-05T09:27:11","date_gmt":"2024-11-05T09:27:11","guid":{"rendered":"https:\/\/italy-tourist-information.com\/rome-colosseum-forum-palatine-hill-entry-ticket"},"modified":"2026-04-15T13:38:06","modified_gmt":"2026-04-15T13:38:06","slug":"tickets-fuer-kolosseum-forum-romanum-palatin","status":"publish","type":"page","link":"https:\/\/italy-tourist-information.com\/de\/tickets-fuer-kolosseum-forum-romanum-palatin","title":{"rendered":"Eintrittskarte f\u00fcr Kolosseum, Forum und Palatin sowie Audioguide\u00a0"},"content":{"rendered":"<p><span><img decoding=\"async\" alt=\"\" data-id=\"8876\" width=\"925\" height=\"640\" title=\"Rom \u2013 Kolosseum, Forum Romanum &amp; Palatin: Eintritt &amp; Audioguide 2\" src=\"https:\/\/italy-tourist-information.com\/wp-content\/uploads\/2024\/11\/Rome-Colosseum-Forum-Palatine-Hill-Entry-Audioguide-2.jpg\" data-src=\"https:\/\/italy-tourist-information.com\/wp-content\/uploads\/2024\/11\/Rome-Colosseum-Forum-Palatine-Hill-Entry-Audioguide-2-300x208.jpg\" data-sizes=\"{&quot;thumbnail&quot;:{&quot;url&quot;:&quot;https:\/\/italy-tourist-information.com\/wp-content\/uploads\/2024\/11\/Rome-Colosseum-Forum-Palatine-Hill-Entry-Audioguide-2-150x150.jpg&quot;,&quot;height&quot;:150,&quot;width&quot;:150,&quot;orientation&quot;:&quot;landscape&quot;},&quot;medium&quot;:{&quot;url&quot;:&quot;https:\/\/italy-tourist-information.com\/wp-content\/uploads\/2024\/11\/Rome-Colosseum-Forum-Palatine-Hill-Entry-Audioguide-2-300x208.jpg&quot;,&quot;height&quot;:208,&quot;width&quot;:300,&quot;orientation&quot;:&quot;landscape&quot;},&quot;full&quot;:{&quot;url&quot;:&quot;https:\/\/italy-tourist-information.com\/wp-content\/uploads\/2024\/11\/Rome-Colosseum-Forum-Palatine-Hill-Entry-Audioguide-2.jpg&quot;,&quot;height&quot;:640,&quot;width&quot;:925,&quot;orientation&quot;:&quot;landscape&quot;}}\" loading=\"lazy\"><\/span><span><img decoding=\"async\" alt=\"\" data-id=\"6630\" width=\"960\" height=\"638\" title=\"Rom \u2013 Kolosseum und Forum Romanum Erlebnis- und Audioguide-App 5\" src=\"https:\/\/italy-tourist-information.com\/wp-content\/uploads\/2024\/09\/Rome-Colosseum-and-Roman-Forum-Experience-Audio-Guide-App-5.jpg\" data-src=\"https:\/\/italy-tourist-information.com\/wp-content\/uploads\/2024\/09\/Rome-Colosseum-and-Roman-Forum-Experience-Audio-Guide-App-5-300x199.jpg\" data-sizes=\"{&quot;thumbnail&quot;:{&quot;url&quot;:&quot;https:\/\/italy-tourist-information.com\/wp-content\/uploads\/2024\/09\/Rome-Colosseum-and-Roman-Forum-Experience-Audio-Guide-App-5-150x150.jpg&quot;,&quot;height&quot;:150,&quot;width&quot;:150,&quot;orientation&quot;:&quot;landscape&quot;},&quot;medium&quot;:{&quot;url&quot;:&quot;https:\/\/italy-tourist-information.com\/wp-content\/uploads\/2024\/09\/Rome-Colosseum-and-Roman-Forum-Experience-Audio-Guide-App-5-300x199.jpg&quot;,&quot;height&quot;:199,&quot;width&quot;:300,&quot;orientation&quot;:&quot;landscape&quot;},&quot;full&quot;:{&quot;url&quot;:&quot;https:\/\/italy-tourist-information.com\/wp-content\/uploads\/2024\/09\/Rome-Colosseum-and-Roman-Forum-Experience-Audio-Guide-App-5.jpg&quot;,&quot;height&quot;:638,&quot;width&quot;:960,&quot;orientation&quot;:&quot;landscape&quot;}}\" loading=\"lazy\"><\/span><span><img decoding=\"async\" alt=\"\" data-id=\"6633\" width=\"960\" height=\"638\" title=\"Rom \u2013 Kolosseum und Forum Romanum Erlebnis- und Audioguide-App 2\" src=\"https:\/\/italy-tourist-information.com\/wp-content\/uploads\/2024\/09\/Rome-Colosseum-and-Roman-Forum-Experience-Audio-Guide-App-2.jpg\" data-src=\"https:\/\/italy-tourist-information.com\/wp-content\/uploads\/2024\/09\/Rome-Colosseum-and-Roman-Forum-Experience-Audio-Guide-App-2-300x199.jpg\" data-sizes=\"{&quot;thumbnail&quot;:{&quot;url&quot;:&quot;https:\/\/italy-tourist-information.com\/wp-content\/uploads\/2024\/09\/Rome-Colosseum-and-Roman-Forum-Experience-Audio-Guide-App-2-150x150.jpg&quot;,&quot;height&quot;:150,&quot;width&quot;:150,&quot;orientation&quot;:&quot;landscape&quot;},&quot;medium&quot;:{&quot;url&quot;:&quot;https:\/\/italy-tourist-information.com\/wp-content\/uploads\/2024\/09\/Rome-Colosseum-and-Roman-Forum-Experience-Audio-Guide-App-2-300x199.jpg&quot;,&quot;height&quot;:199,&quot;width&quot;:300,&quot;orientation&quot;:&quot;landscape&quot;},&quot;full&quot;:{&quot;url&quot;:&quot;https:\/\/italy-tourist-information.com\/wp-content\/uploads\/2024\/09\/Rome-Colosseum-and-Roman-Forum-Experience-Audio-Guide-App-2.jpg&quot;,&quot;height&quot;:638,&quot;width&quot;:960,&quot;orientation&quot;:&quot;landscape&quot;}}\" loading=\"lazy\"><\/span><span><img decoding=\"async\" alt=\"Ticket- und Audioguide-App f\u00fcr Kolosseum und Forum Romanum in Rom\" data-id=\"6634\" width=\"960\" height=\"638\" title=\"Ticket- und Audioguide-App f\u00fcr Kolosseum und Forum Romanum in Rom\" src=\"https:\/\/italy-tourist-information.com\/wp-content\/uploads\/2024\/09\/Rome-Colosseum-and-Roman-Forum-Experience-Audio-Guide-App-.jpg\" data-src=\"https:\/\/italy-tourist-information.com\/wp-content\/uploads\/2024\/09\/Rome-Colosseum-and-Roman-Forum-Experience-Audio-Guide-App--300x199.jpg\" data-sizes=\"{&quot;thumbnail&quot;:{&quot;url&quot;:&quot;https:\/\/italy-tourist-information.com\/wp-content\/uploads\/2024\/09\/Rome-Colosseum-and-Roman-Forum-Experience-Audio-Guide-App--150x150.jpg&quot;,&quot;height&quot;:150,&quot;width&quot;:150,&quot;orientation&quot;:&quot;landscape&quot;},&quot;medium&quot;:{&quot;url&quot;:&quot;https:\/\/italy-tourist-information.com\/wp-content\/uploads\/2024\/09\/Rome-Colosseum-and-Roman-Forum-Experience-Audio-Guide-App--300x199.jpg&quot;,&quot;height&quot;:199,&quot;width&quot;:300,&quot;orientation&quot;:&quot;landscape&quot;},&quot;full&quot;:{&quot;url&quot;:&quot;https:\/\/italy-tourist-information.com\/wp-content\/uploads\/2024\/09\/Rome-Colosseum-and-Roman-Forum-Experience-Audio-Guide-App-.jpg&quot;,&quot;height&quot;:638,&quot;width&quot;:960,&quot;orientation&quot;:&quot;landscape&quot;}}\" loading=\"lazy\"><\/span><\/p>\n<h1>Kolosseum &amp; Forum Romanum + Audioguide<\/h1>\n<h2><a href=\"https:\/\/www.tiqets.com\/en\/rome-attractions-c71631\/admission-for-colosseum-roman-forum-audio-guide-p975871?partner=italytouristinformation&amp;tq_campaign=ColosseumGttd\" target=\"_blank\" rel=\"nofollow noopener\" style=\"outline: none;\">Zur Buchung<\/a><\/h2>\n<p style=\"\"><a href=\"https:\/\/www.tiqets.com\/en\/rome-attractions-c71631\/admission-for-colosseum-roman-forum-audio-guide-p975871?partner=italytouristinformation&amp;tq_campaign=ColosseumGttd\" target=\"_blank\" rel=\"nofollow noopener\" style=\"outline: none;\">Preis ab<\/a><\/p>\n<h1><a href=\"https:\/\/www.tiqets.com\/en\/rome-attractions-c71631\/admission-for-colosseum-roman-forum-audio-guide-p975871?partner=italytouristinformation&amp;tq_campaign=ColosseumGttd\" target=\"_blank\" rel=\"nofollow noopener\" style=\"outline: none;\" data-lt-tmp-id=\"lt-598204\" spellcheck=\"false\"><strong>27,00 \u20ac<\/strong><\/a><\/h1>\n<p dir=\"ltr\">Begeben Sie sich auf eine Reise durch das antike Rom mit <strong>Eintritt zum ber\u00fchmten Kolosseum, Forum Romanum und Palatin.<\/strong>&nbsp;Erkunden Sie die Sehensw\u00fcrdigkeiten in Ihrem eigenen Tempo mit einem mehrsprachigen Audioguide.<strong><\/strong><\/p>\n<ul>\n<li style=\"\"><span>Ausgew\u00e4hltes Angebot&nbsp;<\/span><\/li>\n<li style=\"\"><!--! Font Awesome Free 6.7.1 by @fontawesome - https:\/\/fontawesome.com License - https:\/\/fontawesome.com\/license\/free (Icons: CC BY 4.0, Fonts: SIL OFL 1.1, Code: MIT License) Copyright 2024 Fonticons, Inc. --><span>Mobile&nbsp;<\/span><\/li>\n<li style=\"\"><span>Audioguide&nbsp;<\/span><\/li>\n<li style=\"\"><span>Nicht erstattungsf\u00e4hig<\/span><\/li>\n<\/ul>\n<h2>Inbegriffen<\/h2>\n<ul>\n<li style=\"\">                    <span>Eingang zum Kolosseum<\/span><\/li>\n<li style=\"\">                    <span>Zugang zum Forum Romanum<\/span><\/li>\n<li style=\"\">                    <span>Eingang zum Palatinh\u00fcgel<\/span><\/li>\n<li style=\"\">                    <span>Mehrsprachiger digitaler Audioguide<\/span><\/li>\n<\/ul>\n<h2>Nicht inbegriffen<\/h2>\n<ul>\n<li style=\"\"><span>F\u00fchrung<\/span><\/li>\n<li style=\"\"><span>\u00dcberspringen Sie die Sicherheitskontrolle.<\/span><\/li>\n<li style=\"\"><span>Zugang zum Arenaboden&nbsp;<\/span><\/li>\n<li style=\"\"><span>Zugang zum unterirdischen Bereich des Kolosseums<\/span><\/li>\n<\/ul>\n<h2>Wichtige Informationen<\/h2>\n<ul>\n<li style=\"\"><span>Bringen Sie zur Einreise Ihren g\u00fcltigen Reisepass oder Personalausweis mit (gilt auch f\u00fcr Kinder).<br \/><\/span><\/li>\n<li><span>Falsche pers\u00f6nliche Angaben f\u00fchren zum Verweigerungsgrund f\u00fcr den Zutritt zum Kolosseum.<\/span><\/li>\n<li style=\"\"><span>Es wird empfohlen, Sonnenhut, Sonnencreme und Wasser mitzubringen.<\/span><\/li>\n<li style=\"\"><span>Gro\u00dfe Taschen, Gep\u00e4ckst\u00fccke oder Rucks\u00e4cke sind im Kolosseum und im Forum Romanum nicht erlaubt.<\/span><\/li>\n<li style=\"\"><span>Stellen Sie sich auf Sicherheitskontrollen am Eingang des Kolosseums ein.<\/span><\/li>\n<li style=\"\"><span>Vor Ort sind keine Garderoben vorhanden.<\/span><\/li>\n<li><span>Nicht geeignet f\u00fcr Personen mit Mobilit\u00e4tseinschr\u00e4nkungen oder Rollstuhlfahrer<br \/><\/span><\/li>\n<li><span>Das Forum Romanum und der Palatinh\u00fcgel haben einen separaten Eingang an der Via dei Fori Imperiali, in der N\u00e4he des Largo della Salara\/Largo Corrado Ricci, und k\u00f6nnen 24 Stunden vor oder nach Ihrer Kolosseum-Buchung besichtigt werden.<\/span><\/li>\n<\/ul>\n<h2>Beschreibung:<\/h2>\n<p data-pm-slice=\"1 1 []\">Begeben Sie sich auf eine Reise ins Herz des antiken Roms mit einem unvergesslichen <strong>Besuch des <\/strong><strong>Kolosseums, des Forum Romanum und des Palatinh\u00fcgels.<\/strong> Betreten Sie das <strong>Kolosseum,&nbsp;<\/strong>wo einst Gladiatoren k\u00e4mpfen, und sp\u00fcren Sie das Jubel der damaligen Menge.<\/p>\n<p data-pm-slice=\"1 1 []\">Erkunden Sie das <strong>Forum Romanum,<\/strong> einst das Zentrum des politischen und gesellschaftlichen Lebens, und bewundern Sie die Ruinen historischer Tempel. Erklimmen Sie <strong>den Palatin<\/strong> und genie\u00dfen Sie den atemberaubenden Blick \u00fcber die Stadt. Bereichern Sie Ihre Reise mit einem detaillierten <strong>Audioguide,<\/strong> der Roms legend\u00e4re Vergangenheit lebendig werden l\u00e4sst. Entdecken Sie die Geschichten hinter diesen ikonischen Wahrzeichen und ihren nachhaltigen Einfluss auf die Geschichte.<\/p>\n<h2>Highlights:<\/h2>\n<ul>\n<li dir=\"ltr\">Entdecken Sie das <strong>Kolosseum,<\/strong>&nbsp;ein Wahrzeichen des R\u00f6mischen Reiches, und erkunden Sie es ganz nach Ihren W\u00fcnschen.<\/li>\n<li dir=\"ltr\">Wandeln Sie auf den <strong>Spuren der Gladiatoren<\/strong> und besichtigen Sie das Erdgeschoss und den ersten Stock des Kolosseums.<\/li>\n<li dir=\"ltr\">Entdecken Sie die reiche Geschichte des <strong>Forum Romanum<\/strong>, einst das pulsierende Herz Roms.<\/li>\n<li dir=\"ltr\">Genie\u00dfen Sie den Panoramablick auf die Stadt vom legend\u00e4ren <strong>Palatinh\u00fcgel aus.<\/strong><\/li>\n<li dir=\"ltr\">Bereichern Sie Ihr Erlebnis mit einem <strong>digitalen Audioguide,<\/strong> der in Englisch, Franz\u00f6sisch, Spanisch, Italienisch, Deutsch und Chinesisch verf\u00fcgbar ist und die Geschichte in Ihrer Sprache lebendig werden l\u00e4sst.<\/li>\n<\/ul>\n<h2>Kolosseum<\/h2>\n<p>Piazza del Colosseo, 1, 00184 Roma RM, Italien<\/p>\n<h2>Stornierungsbedingungen<\/h2>\n<p>Dieses Erlebnis ist nicht erstattungsf\u00e4hig.<\/p>\n<h2>Treffpunkt &amp; Anweisungen<\/h2>\n<p data-pm-slice=\"1 1 []\">Begeben Sie sich w\u00e4hrend Ihres gew\u00e4hlten Zeitfensters zum \u201eEinzeleingang\u201c am Kolosseum. Bitte seien Sie 30 Minuten vor der von Ihnen gew\u00e4hlten Zeit vor Ort.<\/p>\n<p data-pm-slice=\"1 1 []\"><a href=\"https:\/\/www.google.com\/maps\/place\/Kolosseum\/@41.8902102,12.4922309,17z\/data=!4m7!3m6!1s0x132f61b6532013ad:0x28f1c82e908503c4!8m2!3d41.8902102!4d12.4922309!10e8!16zL20vMGQ1cXg?entry=ttu&amp;g_ep=EgoyMDI1MDIwMi4wIKXMDSoASAFQAw%3D%3D\" target=\"_blank\" rel=\"nofollow noopener\" style=\"outline: none;\" data-lt-tmp-id=\"lt-448302\" spellcheck=\"false\">In Karten \u00f6ffnen<\/a><\/p>\n<h2>Bewertungen<\/h2>\n<p><strong>4,6\/5&nbsp; <\/strong><strong>(7211 Bewertungen)<\/strong><\/p>\n<p dir=\"ltr\"><em>\u201eDie Sicherheitskontrolle ging so schnell, wir mussten nicht lange warten. Das Kolosseum war wundersch\u00f6n. Wenn ich das n\u00e4chste Mal hineingehe, hole ich mir vielleicht ein Ticket f\u00fcr den Dachboden.\u201c \u2013<\/em> Elizabeta, April 2025<\/p>\n<p dir=\"ltr\"><em>\u201eDas Kolosseum und das Forum Romanum sind absolute Highlights in Rom. Wir haben uns Zeit gelassen und den Spaziergang genossen. Besonders beeindruckt waren wir vom Forum Romanum, dem Palatin und den G\u00e4rten.\u201c<\/em> \u2013 Matth\u00e4us, April 2025<\/p>\n<p dir=\"ltr\"><em>\u201eEs lief alles super. Wir kamen problemlos ins Kolosseum, auf das Forum Romanum und auf den Palatin. Mit unserem Ticket konnten wir die Arena vom ersten und zweiten Stock aus bewundern, was v\u00f6llig ausreichte. Ich war sehr zufrieden.\u201c<\/em> \u2013 Joanna, September 2024 <a href=\"https:\/\/www.tiqets.com\/en\/rome-attractions-c71631\/admission-for-colosseum-roman-forum-audio-guide-p975871?partner=italytouristinformation&amp;tq_campaign=ColosseumGttd\" target=\"_blank\" rel=\"nofollow noopener\" data-lt-tmp-id=\"lt-840817\" spellcheck=\"false\" style=\"outline: none;\">&gt;&gt; Weitere Bewertungen ansehen \u2026<\/a><\/p>\n<p><span># <\/span><strong><span>2<\/span><\/strong><span># <\/span><strong><span>2<\/span><\/strong><\/p>\n<h2>Weitere Aktivit\u00e4ten, die Ihnen gefallen k\u00f6nnten<\/h2>\n<p><\/p>\n<p><span>#1<\/span><span><img decoding=\"async\" alt=\"Ticket- und Audioguide-App f\u00fcr Kolosseum und Forum Romanum in Rom\" data-id=\"6634\" width=\"159\" data-init-width=\"960\" height=\"106\" data-init-height=\"638\" title=\"Ticket- und Audioguide-App f\u00fcr Kolosseum und Forum Romanum in Rom\" src=\"https:\/\/italy-tourist-information.com\/wp-content\/uploads\/2024\/09\/Rome-Colosseum-and-Roman-Forum-Experience-Audio-Guide-App-.jpg\" data-width=\"159\" data-height=\"106\" style=\"aspect-ratio: auto 960 \/ 638;\" loading=\"lazy\"><\/span><\/p>\n<table>\n<tbody>\n<tr>\n<td><a href=\"https:\/\/megapass.com\/tours-tickets\/cappadocia-red-tour-with-goreme-museum-lunch-and-hotel-transfer-i2767?discountCode=ma-places\" target=\"_blank\" rel=\"nofollow noopener\" style=\"outline: none;\" data-lt-tmp-id=\"lt-518135\" spellcheck=\"false\"><\/p>\n<table>\n<tbody>\n<tr>\n<td><strong><a data-lt-tmp-id=\"lt-851974\" href=\"https:\/\/www.headout.com\/colosseum-tickets\/priority-tickets-to-colosseum-roman-forum-palatine-hill-fast-track-entry-tickets-e-7148\/?affiliate_code=KXkQ69&amp;utm_campaign=iticolosseogttd&amp;utm_content=link&amp;utm_medium=affiliate&amp;utm_source=most_amazing_places\" rel=\"nofollow noopener\" spellcheck=\"false\" target=\"_blank\" style=\"outline: none;\">Zugang zum Kolosseum, Palatin und Forum Romanum<\/a><\/strong><\/td>\n<\/tr>\n<\/tbody>\n<\/table>\n<p><strong><\/strong><\/a><\/td>\n<\/tr>\n<\/tbody>\n<\/table>\n<p>Begeben Sie sich mit diesem Eintrag zum Kolosseum, Forum Romanum und Palatinh\u00fcgel ins Herz des antiken Roms.<\/p>\n<h3 style=\"\">Gesamtpreis<\/h3>\n<h3 style=\"\">Ihr Konto wird noch nicht belastet.<\/h3>\n<p><\/p>\n<p><span><img decoding=\"async\" alt=\"\" data-id=\"8872\" width=\"159\" data-init-width=\"1200\" height=\"99\" data-init-height=\"750\" title=\"F\u00fchrung durch die Unterwelt des Kolosseums, den Palatin und das Forum Romanum\" src=\"https:\/\/italy-tourist-information.com\/wp-content\/uploads\/2024\/11\/Colosseum-Underground-Palatine-Hill-Roman-Forum-Guided-Tour-.avif\" data-width=\"159\" data-height=\"99\" style=\"aspect-ratio: auto 1200 \/ 750;\" loading=\"lazy\"><\/span><\/p>\n<table>\n<tbody>\n<tr>\n<td>\n<table>\n<tbody>\n<tr>\n<td><a href=\"https:\/\/www.headout.com\/r\/most-amazing-placesrecommends-F743P\/\" target=\"_blank\" rel=\"nofollow noopener\" style=\"outline: none;\" data-lt-tmp-id=\"lt-189121\" spellcheck=\"false\">F\u00fchrung durch die Unterwelt des Kolosseums, den Palatin und das Forum Romanum<\/a><\/td>\n<\/tr>\n<\/tbody>\n<\/table>\n<\/td>\n<\/tr>\n<\/tbody>\n<\/table>\n<p data-pm-slice=\"1 1 []\">Entdecken Sie die Geheimnisse des antiken Roms mit exklusivem Zugang zu den unterirdischen Kammern des Kolosseums, der Arena und dem Palatinh\u00fcgel unter der F\u00fchrung eines Experten.<\/p>\n<h3 style=\"\">Gesamtpreis<\/h3>\n<h3 style=\"\">Ihr Konto wird noch nicht belastet.<\/h3>\n<p><\/p>\n<h2><a href=\"https:\/\/www.tiqets.com\/en\/rome-attractions-c71631\/admission-for-colosseum-roman-forum-audio-guide-p975871?partner=italytouristinformation&amp;tq_campaign=ColosseumGttd\" target=\"_blank\" rel=\"nofollow noopener\" style=\"outline: none;\" data-lt-tmp-id=\"lt-191249\" spellcheck=\"false\">Zur Buchung<\/a><\/h2>\n<p style=\"\"><a href=\"https:\/\/www.tiqets.com\/en\/rome-attractions-c71631\/admission-for-colosseum-roman-forum-audio-guide-p975871?partner=italytouristinformation&amp;tq_campaign=ColosseumGttd\" target=\"_blank\" rel=\"nofollow noopener\" style=\"outline: none;\" data-lt-tmp-id=\"lt-158820\" spellcheck=\"false\">Preis ab<\/a><\/p>\n<h1><a href=\"https:\/\/www.tiqets.com\/en\/rome-attractions-c71631\/admission-for-colosseum-roman-forum-audio-guide-p975871?partner=italytouristinformation&amp;tq_campaign=ColosseumGttd\" target=\"_blank\" rel=\"nofollow noopener\" style=\"outline: none;\" data-lt-tmp-id=\"lt-636710\" spellcheck=\"false\"><strong>27,00 \u20ac<\/strong><\/a><\/h1>\n<p style=\"\">Ihr Konto wird noch nicht belastet.<\/p>\n","protected":false},"excerpt":{"rendered":"<p>Kolosseum &amp; Forum Romanum + Audioguide Zur Buchung Preis ab 27,00 \u20ac Begeben Sie sich auf eine Reise durch das antike Rom mit Eintritt zum ber\u00fchmten Kolosseum, Forum Romanum und Palatin.&nbsp;Erkunden Sie die Sehensw\u00fcrdigkeiten in Ihrem eigenen Tempo mit einem mehrsprachigen Audioguide. Ausgew\u00e4hltes Angebot&nbsp; Mobile&nbsp; Audioguide&nbsp; Nicht erstattungsf\u00e4hig Inbegriffen Eingang zum Kolosseum Zugang zum Forum [&hellip;]<\/p>\n","protected":false},"author":6,"featured_media":18380,"parent":0,"menu_order":0,"comment_status":"closed","ping_status":"closed","template":"","meta":{"footnotes":""},"categories":[143,128],"tags":[155,130],"class_list":["post-18379","page","type-page","status-publish","has-post-thumbnail","hentry","category-rom","category-verkaufsseite","tag-rom","tag-verkaufsseite","post-wrapper","thrv_wrapper"],"_links":{"self":[{"href":"https:\/\/italy-tourist-information.com\/de\/wp-json\/wp\/v2\/pages\/18379","targetHints":{"allow":["GET"]}}],"collection":[{"href":"https:\/\/italy-tourist-information.com\/de\/wp-json\/wp\/v2\/pages"}],"about":[{"href":"https:\/\/italy-tourist-information.com\/de\/wp-json\/wp\/v2\/types\/page"}],"author":[{"embeddable":true,"href":"https:\/\/italy-tourist-information.com\/de\/wp-json\/wp\/v2\/users\/6"}],"replies":[{"embeddable":true,"href":"https:\/\/italy-tourist-information.com\/de\/wp-json\/wp\/v2\/comments?post=18379"}],"version-history":[{"count":10,"href":"https:\/\/italy-tourist-information.com\/de\/wp-json\/wp\/v2\/pages\/18379\/revisions"}],"predecessor-version":[{"id":19417,"href":"https:\/\/italy-tourist-information.com\/de\/wp-json\/wp\/v2\/pages\/18379\/revisions\/19417"}],"wp:featuredmedia":[{"embeddable":true,"href":"https:\/\/italy-tourist-information.com\/de\/wp-json\/wp\/v2\/media\/18380"}],"wp:attachment":[{"href":"https:\/\/italy-tourist-information.com\/de\/wp-json\/wp\/v2\/media?parent=18379"}],"wp:term":[{"taxonomy":"category","embeddable":true,"href":"https:\/\/italy-tourist-information.com\/de\/wp-json\/wp\/v2\/categories?post=18379"},{"taxonomy":"post_tag","embeddable":true,"href":"https:\/\/italy-tourist-information.com\/de\/wp-json\/wp\/v2\/tags?post=18379"}],"curies":[{"name":"wp","href":"https:\/\/api.w.org\/{rel}","templated":true}]}}