{"id":18383,"date":"2025-05-09T08:45:34","date_gmt":"2025-05-09T08:45:34","guid":{"rendered":"https:\/\/italy-tourist-information.com\/fast-track-tickets-to-bioparco-di-roma"},"modified":"2026-05-05T07:42:37","modified_gmt":"2026-05-05T07:42:37","slug":"tickets-fuer-bioparco-di-roma","status":"publish","type":"page","link":"https:\/\/italy-tourist-information.com\/de\/tickets-fuer-bioparco-di-roma","title":{"rendered":"Tickets f\u00fcr Bioparco di Roma"},"content":{"rendered":"<p><span><img decoding=\"async\" alt=\"\" data-id=\"10484\" width=\"2061\" height=\"1556\" title=\"Bioparco \u2013 Fast Track Ticket ota\" src=\"https:\/\/italy-tourist-information.com\/wp-content\/uploads\/2025\/05\/Bioparco-Fast-Track-Ticket-ota-1024x773.avif\" data-src=\"https:\/\/italy-tourist-information.com\/wp-content\/uploads\/2025\/05\/Bioparco-Fast-Track-Ticket-ota-300x226.avif\" loading=\"lazy\" data-sizes=\"{&quot;thumbnail&quot;:{&quot;url&quot;:&quot;https:\/\/italy-tourist-information.com\/wp-content\/uploads\/2025\/05\/Bioparco-Fast-Track-Ticket-ota-150x150.avif&quot;,&quot;height&quot;:150,&quot;width&quot;:150,&quot;orientation&quot;:&quot;landscape&quot;},&quot;medium&quot;:{&quot;url&quot;:&quot;https:\/\/italy-tourist-information.com\/wp-content\/uploads\/2025\/05\/Bioparco-Fast-Track-Ticket-ota-300x226.avif&quot;,&quot;height&quot;:226,&quot;width&quot;:300,&quot;orientation&quot;:&quot;landscape&quot;},&quot;large&quot;:{&quot;url&quot;:&quot;https:\/\/italy-tourist-information.com\/wp-content\/uploads\/2025\/05\/Bioparco-Fast-Track-Ticket-ota-1024x773.avif&quot;,&quot;height&quot;:773,&quot;width&quot;:1024,&quot;orientation&quot;:&quot;landscape&quot;},&quot;full&quot;:{&quot;url&quot;:&quot;https:\/\/italy-tourist-information.com\/wp-content\/uploads\/2025\/05\/Bioparco-Fast-Track-Ticket-ota.avif&quot;,&quot;height&quot;:1556,&quot;width&quot;:2061,&quot;orientation&quot;:&quot;landscape&quot;},&quot;1536x1536&quot;:{&quot;url&quot;:&quot;https:\/\/italy-tourist-information.com\/wp-content\/uploads\/2025\/05\/Bioparco-Fast-Track-Ticket-ota-1536x1160.avif&quot;,&quot;height&quot;:1160,&quot;width&quot;:1536,&quot;orientation&quot;:&quot;landscape&quot;},&quot;2048x2048&quot;:{&quot;url&quot;:&quot;https:\/\/italy-tourist-information.com\/wp-content\/uploads\/2025\/05\/Bioparco-Fast-Track-Ticket-ota-2048x1546.avif&quot;,&quot;height&quot;:1546,&quot;width&quot;:2048,&quot;orientation&quot;:&quot;landscape&quot;}}\"><\/span><span><img decoding=\"async\" alt=\"\" data-id=\"10483\" width=\"2061\" height=\"1556\" title=\"Bioparco- Fast Track Ticket ota2\" src=\"https:\/\/italy-tourist-information.com\/wp-content\/uploads\/2025\/05\/Bioparco-Fast-Track-Ticket-ota2-1024x773.avif\" data-src=\"https:\/\/italy-tourist-information.com\/wp-content\/uploads\/2025\/05\/Bioparco-Fast-Track-Ticket-ota2-300x226.avif\" loading=\"lazy\" data-sizes=\"{&quot;thumbnail&quot;:{&quot;url&quot;:&quot;https:\/\/italy-tourist-information.com\/wp-content\/uploads\/2025\/05\/Bioparco-Fast-Track-Ticket-ota2-150x150.avif&quot;,&quot;height&quot;:150,&quot;width&quot;:150,&quot;orientation&quot;:&quot;landscape&quot;},&quot;medium&quot;:{&quot;url&quot;:&quot;https:\/\/italy-tourist-information.com\/wp-content\/uploads\/2025\/05\/Bioparco-Fast-Track-Ticket-ota2-300x226.avif&quot;,&quot;height&quot;:226,&quot;width&quot;:300,&quot;orientation&quot;:&quot;landscape&quot;},&quot;large&quot;:{&quot;url&quot;:&quot;https:\/\/italy-tourist-information.com\/wp-content\/uploads\/2025\/05\/Bioparco-Fast-Track-Ticket-ota2-1024x773.avif&quot;,&quot;height&quot;:773,&quot;width&quot;:1024,&quot;orientation&quot;:&quot;landscape&quot;},&quot;full&quot;:{&quot;url&quot;:&quot;https:\/\/italy-tourist-information.com\/wp-content\/uploads\/2025\/05\/Bioparco-Fast-Track-Ticket-ota2.avif&quot;,&quot;height&quot;:1556,&quot;width&quot;:2061,&quot;orientation&quot;:&quot;landscape&quot;},&quot;1536x1536&quot;:{&quot;url&quot;:&quot;https:\/\/italy-tourist-information.com\/wp-content\/uploads\/2025\/05\/Bioparco-Fast-Track-Ticket-ota2-1536x1160.avif&quot;,&quot;height&quot;:1160,&quot;width&quot;:1536,&quot;orientation&quot;:&quot;landscape&quot;},&quot;2048x2048&quot;:{&quot;url&quot;:&quot;https:\/\/italy-tourist-information.com\/wp-content\/uploads\/2025\/05\/Bioparco-Fast-Track-Ticket-ota2-2048x1546.avif&quot;,&quot;height&quot;:1546,&quot;width&quot;:2048,&quot;orientation&quot;:&quot;landscape&quot;}}\"><\/span><span><img decoding=\"async\" alt=\"\" data-id=\"10482\" width=\"2061\" height=\"1556\" title=\"Bioparco- Fast Track Ticket ota3\" src=\"https:\/\/italy-tourist-information.com\/wp-content\/uploads\/2025\/05\/Bioparco-Fast-Track-Ticket-ota3-1024x773.avif\" data-src=\"https:\/\/italy-tourist-information.com\/wp-content\/uploads\/2025\/05\/Bioparco-Fast-Track-Ticket-ota3-300x226.avif\" loading=\"lazy\" data-sizes=\"{&quot;thumbnail&quot;:{&quot;url&quot;:&quot;https:\/\/italy-tourist-information.com\/wp-content\/uploads\/2025\/05\/Bioparco-Fast-Track-Ticket-ota3-150x150.avif&quot;,&quot;height&quot;:150,&quot;width&quot;:150,&quot;orientation&quot;:&quot;landscape&quot;},&quot;medium&quot;:{&quot;url&quot;:&quot;https:\/\/italy-tourist-information.com\/wp-content\/uploads\/2025\/05\/Bioparco-Fast-Track-Ticket-ota3-300x226.avif&quot;,&quot;height&quot;:226,&quot;width&quot;:300,&quot;orientation&quot;:&quot;landscape&quot;},&quot;large&quot;:{&quot;url&quot;:&quot;https:\/\/italy-tourist-information.com\/wp-content\/uploads\/2025\/05\/Bioparco-Fast-Track-Ticket-ota3-1024x773.avif&quot;,&quot;height&quot;:773,&quot;width&quot;:1024,&quot;orientation&quot;:&quot;landscape&quot;},&quot;full&quot;:{&quot;url&quot;:&quot;https:\/\/italy-tourist-information.com\/wp-content\/uploads\/2025\/05\/Bioparco-Fast-Track-Ticket-ota3.avif&quot;,&quot;height&quot;:1556,&quot;width&quot;:2061,&quot;orientation&quot;:&quot;landscape&quot;},&quot;1536x1536&quot;:{&quot;url&quot;:&quot;https:\/\/italy-tourist-information.com\/wp-content\/uploads\/2025\/05\/Bioparco-Fast-Track-Ticket-ota3-1536x1160.avif&quot;,&quot;height&quot;:1160,&quot;width&quot;:1536,&quot;orientation&quot;:&quot;landscape&quot;},&quot;2048x2048&quot;:{&quot;url&quot;:&quot;https:\/\/italy-tourist-information.com\/wp-content\/uploads\/2025\/05\/Bioparco-Fast-Track-Ticket-ota3-2048x1546.avif&quot;,&quot;height&quot;:1546,&quot;width&quot;:2048,&quot;orientation&quot;:&quot;landscape&quot;}}\"><\/span><span><img decoding=\"async\" alt=\"\" data-id=\"10481\" width=\"1556\" height=\"1556\" title=\"Bioparco- Fast Track Ticket ota4\" src=\"https:\/\/italy-tourist-information.com\/wp-content\/uploads\/2025\/05\/Bioparco-Fast-Track-Ticket-ota4-1024x1024.avif\" data-src=\"https:\/\/italy-tourist-information.com\/wp-content\/uploads\/2025\/05\/Bioparco-Fast-Track-Ticket-ota4-300x300.avif\" loading=\"lazy\" data-sizes=\"{&quot;thumbnail&quot;:{&quot;url&quot;:&quot;https:\/\/italy-tourist-information.com\/wp-content\/uploads\/2025\/05\/Bioparco-Fast-Track-Ticket-ota4-150x150.avif&quot;,&quot;height&quot;:150,&quot;width&quot;:150,&quot;orientation&quot;:&quot;landscape&quot;},&quot;medium&quot;:{&quot;url&quot;:&quot;https:\/\/italy-tourist-information.com\/wp-content\/uploads\/2025\/05\/Bioparco-Fast-Track-Ticket-ota4-300x300.avif&quot;,&quot;height&quot;:300,&quot;width&quot;:300,&quot;orientation&quot;:&quot;landscape&quot;},&quot;large&quot;:{&quot;url&quot;:&quot;https:\/\/italy-tourist-information.com\/wp-content\/uploads\/2025\/05\/Bioparco-Fast-Track-Ticket-ota4-1024x1024.avif&quot;,&quot;height&quot;:1024,&quot;width&quot;:1024,&quot;orientation&quot;:&quot;landscape&quot;},&quot;full&quot;:{&quot;url&quot;:&quot;https:\/\/italy-tourist-information.com\/wp-content\/uploads\/2025\/05\/Bioparco-Fast-Track-Ticket-ota4.avif&quot;,&quot;height&quot;:1556,&quot;width&quot;:1556,&quot;orientation&quot;:&quot;landscape&quot;},&quot;1536x1536&quot;:{&quot;url&quot;:&quot;https:\/\/italy-tourist-information.com\/wp-content\/uploads\/2025\/05\/Bioparco-Fast-Track-Ticket-ota4-1536x1536.avif&quot;,&quot;height&quot;:1536,&quot;width&quot;:1536,&quot;orientation&quot;:&quot;landscape&quot;}}\"><\/span><span><img decoding=\"async\" alt=\"\" data-id=\"10480\" width=\"1556\" height=\"1556\" title=\"Bioparco \u2013 Fast Track Ticket ota5\" src=\"https:\/\/italy-tourist-information.com\/wp-content\/uploads\/2025\/05\/Bioparco-Fast-Track-Ticket-ota5-1024x1024.avif\" data-src=\"https:\/\/italy-tourist-information.com\/wp-content\/uploads\/2025\/05\/Bioparco-Fast-Track-Ticket-ota5-300x300.avif\" loading=\"lazy\" data-sizes=\"{&quot;thumbnail&quot;:{&quot;url&quot;:&quot;https:\/\/italy-tourist-information.com\/wp-content\/uploads\/2025\/05\/Bioparco-Fast-Track-Ticket-ota5-150x150.avif&quot;,&quot;height&quot;:150,&quot;width&quot;:150,&quot;orientation&quot;:&quot;landscape&quot;},&quot;medium&quot;:{&quot;url&quot;:&quot;https:\/\/italy-tourist-information.com\/wp-content\/uploads\/2025\/05\/Bioparco-Fast-Track-Ticket-ota5-300x300.avif&quot;,&quot;height&quot;:300,&quot;width&quot;:300,&quot;orientation&quot;:&quot;landscape&quot;},&quot;large&quot;:{&quot;url&quot;:&quot;https:\/\/italy-tourist-information.com\/wp-content\/uploads\/2025\/05\/Bioparco-Fast-Track-Ticket-ota5-1024x1024.avif&quot;,&quot;height&quot;:1024,&quot;width&quot;:1024,&quot;orientation&quot;:&quot;landscape&quot;},&quot;full&quot;:{&quot;url&quot;:&quot;https:\/\/italy-tourist-information.com\/wp-content\/uploads\/2025\/05\/Bioparco-Fast-Track-Ticket-ota5.avif&quot;,&quot;height&quot;:1556,&quot;width&quot;:1556,&quot;orientation&quot;:&quot;landscape&quot;},&quot;1536x1536&quot;:{&quot;url&quot;:&quot;https:\/\/italy-tourist-information.com\/wp-content\/uploads\/2025\/05\/Bioparco-Fast-Track-Ticket-ota5-1536x1536.avif&quot;,&quot;height&quot;:1536,&quot;width&quot;:1536,&quot;orientation&quot;:&quot;landscape&quot;}}\"><\/span><\/p>\n<h1>Bioparco di Roma: Open Ticket<\/h1>\n<h2><a href=\"https:\/\/www.tiqets.com\/de\/rom-sehenswuerdigkeiten-c71631\/tickets-fur-bioparco-di-roma-open-ticket-p976690\/?partner=italytouristinformation&amp;tq_campaign=ITIDeBioparcoRomaSP\" target=\"_blank\" rel=\"nofollow noopener\" style=\"outline: none;\">Zur Buchung<\/a><\/h2>\n<h1><a href=\"https:\/\/www.tiqets.com\/de\/rom-sehenswuerdigkeiten-c71631\/tickets-fur-bioparco-di-roma-open-ticket-p976690\/?partner=italytouristinformation&amp;tq_campaign=ITIDeBioparcoRomaSP\" target=\"_blank\" rel=\"nofollow noopener\" style=\"outline: none;\" spellcheck=\"false\"><strong>Ab 26<\/strong> \u20ac<strong><\/strong><\/a><\/h1>\n<p dir=\"ltr\">Besuchen Sie<strong> Bioparco di Roma<\/strong>, einen der \u00e4ltesten Zoos Europas. Entdecken Sie \u00fcber&nbsp;<strong>1.000 Tiere,<\/strong> Bildungsangebote und Naturschutzprogramme in einer \u00fcppig gr\u00fcnen Umgebung \u2013 perfekt f\u00fcr alle Altersgruppen.<\/p>\n<ul>\n<li style=\"\"><span>Handverlesenes Ticket&nbsp;<\/span><\/li>\n<li style=\"\"><span>Eintrittskarte<\/span><\/li>\n<li style=\"\"><span>Schnellverfahren<\/span><\/li>\n<li style=\"\"><span>Nicht erstattungsf\u00e4hig<\/span><\/li>\n<\/ul>\n<h2>Inbegriffen<\/h2>\n<ul>\n<li style=\"\">                    <span>Ticket mit offenem Datum (g\u00fcltig f\u00fcr 6 Monate ab Kaufdatum)<\/span><\/li>\n<li style=\"\">                    <span>Die Teilnahme an Bildungsaktivit\u00e4ten (muss vor Ort am Reservierungsschalter gebucht werden)<\/span><\/li>\n<\/ul>\n<h2>Nicht inbegriffen<\/h2>\n<ul>\n<li style=\"\"><span>Transport zum\/vom Zoo<\/span><\/li>\n<li style=\"\"><span>Pers\u00f6nliche Ausgaben<\/span><\/li>\n<\/ul>\n<h2>Wichtige Informationen<\/h2>\n<ul>\n<li style=\"\"><span><strong>Wichtig<\/strong>: Aktivit\u00e4ten wie Tierf\u00fctterungen und Vortr\u00e4ge des Personals sind inbegriffen, erfordern jedoch eine Reservierung am Zoo-Eingang.<\/span><\/li>\n<li><span>Freier Eintritt f\u00fcr Kinder unter einem Meter K\u00f6rpergr\u00f6\u00dfe und f\u00fcr Besucher mit einer zu 100 % nachgewiesenen Behinderung (plus einer Begleitperson).<\/span><\/li>\n<li style=\"\"><span>Haustiere sind nicht erlaubt, ausgenommen Blindenhunde.<\/span><\/li>\n<li style=\"\"><span>Gegenst\u00e4nde wie Skateboards, Roller, Fahrr\u00e4der und Luftballons sind nicht erlaubt.<\/span><\/li>\n<li style=\"\"><span>Das F\u00fcttern von Tieren ist strengstens verboten.<\/span><\/li>\n<\/ul>\n<h2>Beschreibung:<\/h2>\n<p dir=\"ltr\">Erleben Sie die faszinierende Artenvielfalt im Bioparco di Roma, <strong>einem historischen Zoo im Park der Villa Borghese<\/strong>. Seit 1911 bewacht er seltene und gerettete Tiere und leistet damit einen Beitrag zu weltweiten Naturschutz- und Forschungsbem\u00fchungen.<\/p>\n<p dir=\"ltr\">Der Park ist ideal f\u00fcr Familien und Naturliebhaber und l\u00e4dt zu Spazierg\u00e4ngen auf schattigen Wegen ein, wo Sie <strong>Tiger, Affen, Giraffen, Flusspferde, Lemuren und viele weitere Tiere beobachten k\u00f6nnen.<\/strong> Nehmen Sie an <strong>den F\u00fctterungen<\/strong> teil und erfahren Sie direkt vom Personal, wie der Zoo seine Tiere pflegt und bedrohte Arten sch\u00fctzt.<\/p>\n<h2>Highlights:<\/h2>\n<ul>\n<li dir=\"ltr\"><strong>Genie\u00dfen Sie den Eintritt<\/strong> in Roms ber\u00fchmten Zoo.<\/li>\n<li dir=\"ltr\"><strong>Beg\u00f6nnen Sie sich \u00fcber 200 Tierarten,<\/strong> darunter L\u00f6wen, Elefanten und Reptilien.<\/li>\n<li dir=\"ltr\"><strong>Genie\u00dfen Sie abwechslungsreiche Wochenendaktivit\u00e4ten wie<\/strong> Tierf\u00fctterungen und lehrreiche Vortr\u00e4ge.<\/li>\n<li dir=\"ltr\">Lernen Sie in einer familienfreundlichen Umgebung <strong>mehr \u00fcber Biodiversit\u00e4t und Naturschutz.<\/strong><\/li>\n<li dir=\"ltr\"><strong>Erkunden Sie malerische Wanderwege<\/strong> im Herzen der Villa Borghese.<\/li>\n<\/ul>\n<h2>Bioparco di Roma<\/h2>\n<p>Piazzale del, V.le del Giardino Zoologico, 1, 00197 Roma RM, Italien<\/p>\n<h2>Stornierungsbedingungen<\/h2>\n<p>Diese Tickets k\u00f6nnen weder storniert noch umgebucht werden.<\/p>\n<h2>Treffpunkt &amp; Anweisungen<\/h2>\n<p data-pm-slice=\"1 1 []\">Zeigen Sie Ihr digitales oder ausgedrucktes Ticket am Eingang vor. Melden Sie sich nach Ihrer Ankunft am Reservierungsschalter f\u00fcr die inkludierten Aktivit\u00e4ten an.<\/p>\n<p><a href=\"https:\/\/www.google.com\/maps\/search\/?api=1&amp;query=Viale%20del%20Giardino%20Zoologico%201%2000197%20Rome\" target=\"_blank\" rel=\"nofollow noopener\" data-lt-tmp-id=\"lt-655004\" spellcheck=\"false\" style=\"outline: none;\">In Karten \u00f6ffnen<\/a><\/p>\n<h2>Bewertungen<\/h2>\n<p><strong>4,6\/5&nbsp; <\/strong><strong>(1685 Bewertungen)<\/strong><\/p>\n<p dir=\"ltr\"><em>\u201eWer den wundervollen Zoo im Park der Villa Boghese in Rom noch nicht besucht hat, hat etwas ganz Besonderes verpasst! Es ist ein wundersch\u00f6ner Zoo in traumhafter Umgebung, und die Tiere stammen aus aller Welt!\u201c<\/em> \u2013 Andrew, April 2025<em>&nbsp;<\/em><\/p>\n<p dir=\"ltr\"><em>,,<\/em>Die Buchung war unkompliziert und ich habe die Tickets direkt aufs Handy bekommen. Einfach und unkompliziert, und ein gutes Preis-Leistungs-Verh\u00e4ltnis.&nbsp;<em>\u201c<\/em> Sarita, April 2025<\/p>\n<p dir=\"ltr\"><em>\u201eEinfach fantastisch! Wir haben hier etwa drei Stunden verbracht, weil wir von den Afrikanischen Wildhunden total begeistert waren \u2013 wundersch\u00f6ne Tiere. Ich w\u00fcrde auf jeden Fall wieder hingehen, wenn ich mal wieder in Rom bin. Es ist wirklich entspannt und man kann ganz einfach spazieren gehen.\u201c<\/em> \u2013 Shannon \u2013 Februar 2022 <a href=\"https:\/\/www.tiqets.com\/de\/rom-sehenswuerdigkeiten-c71631\/tickets-fur-bioparco-di-roma-open-ticket-p976690\/?partner=italytouristinformation&amp;tq_campaign=ITIDeBioparcoRomaSP\" target=\"_blank\" rel=\"nofollow noopener\" data-lt-tmp-id=\"lt-567835\" spellcheck=\"false\" style=\"outline: none;\">&gt;&gt; Weitere Bewertungen ansehen \u2026<\/a><\/p>\n<p><span>#1<\/span><\/p>\n<h2>Weitere Aktivit\u00e4ten, die Ihnen gefallen k\u00f6nnten<\/h2>\n<p><\/p>\n<p><span><img decoding=\"async\" alt=\"\" data-id=\"10395\" width=\"159\" data-init-width=\"1167\" height=\"212\" data-init-height=\"1556\" title=\"Galerie Borghese - Gef\u00fchrte Tour\" loading=\"lazy\" src=\"https:\/\/italy-tourist-information.com\/wp-content\/uploads\/2025\/05\/Borghese-Gallery-Guided-Tour-ota.avif\" data-width=\"159\" data-height=\"212\" style=\"aspect-ratio: auto 1167 \/ 1556;\"><\/span><\/p>\n<table>\n<tbody>\n<tr>\n<td>\n<table>\n<tbody>\n<tr>\n<td><strong><a data-lt-tmp-id=\"lt-88908\" href=\"https:\/\/www.tiqets.com\/de\/rome-attractions-c71631\/tickets-for-borghese-gallery-guided-tour-p1111470\/?partner=italytouristinformation&amp;tq_campaign=DeBioparcoRomaSP2\" rel=\"nofollow noopener\" spellcheck=\"false\" target=\"_blank\" style=\"outline: none;\">Galerie Borghese: F\u00fchrung<\/a><\/strong><\/td>\n<\/tr>\n<\/tbody>\n<\/table>\n<p><strong><\/strong><\/td>\n<\/tr>\n<\/tbody>\n<\/table>\n<p data-pm-slice=\"1 1 []\">Entdecken Sie die Meisterwerke von Bernini, Caravaggio und Raffael mit fachkundigen Einblicken auf einer gef\u00fchrten Tour durch die atemberaubende Galleria Borghese in Rom.<\/p>\n<h3 style=\"\">Gesamtpreis<\/h3>\n<h3 style=\"\">Ihr Konto wird noch nicht belastet<\/h3>\n<p><span># <\/span><strong><span>2<\/span><\/strong><span><img decoding=\"async\" alt=\"\" data-id=\"10312\" width=\"159\" data-init-width=\"1556\" height=\"159\" data-init-height=\"1556\" title=\"Rom-Touristenkarte Ota\" loading=\"lazy\" src=\"https:\/\/italy-tourist-information.com\/wp-content\/uploads\/2025\/05\/Rome-Tourist-Card-Ota.avif\" data-width=\"159\" data-height=\"159\" style=\"aspect-ratio: auto 1556 \/ 1556;\"><\/span><\/p>\n<table>\n<tbody>\n<tr>\n<td>\n<table>\n<tbody>\n<tr>\n<td data-del-cell=\"true\"><a href=\"https:\/\/www.tiqets.com\/de\/rome-attractions-c71631\/rome-tourist-card-p1013153\/?partner=italytouristinformation&amp;tq_campaign=ITIDeBioparcoRomaSP3\" target=\"_blank\" rel=\"nofollow noopener\" style=\"outline: none;\" data-lt-tmp-id=\"lt-288400\" spellcheck=\"false\"><strong>Rome Tourist Card<\/strong><\/a><\/td>\n<\/tr>\n<\/tbody>\n<\/table>\n<\/td>\n<\/tr>\n<\/tbody>\n<\/table>\n<p>Entdecken Sie Rom m\u00fchelos mit der Rome Tourist Card \u2013 genie\u00dfen Sie den Zugang zu ber\u00fchmten Sehensw\u00fcrdigkeiten wie dem Kolosseum, den Vatikanischen Museen und der Sixtinischen Kapelle sowie die M\u00f6glichkeit, eine dritte Sehensw\u00fcrdigkeit Ihrer Wahl zu besuchen.<\/p>\n<h3 style=\"\">Gesamtpreis<\/h3>\n<h3>Ihr Konto wird noch nicht belastet<\/h3>\n<p><span># <\/span><strong><span>2<\/span><\/strong><span># <\/span><strong><span>2<\/span><\/strong><\/p>\n<p><\/p>\n<h2><a href=\"https:\/\/www.tiqets.com\/de\/rom-sehenswuerdigkeiten-c71631\/tickets-fur-bioparco-di-roma-open-ticket-p976690\/?partner=italytouristinformation&amp;tq_campaign=ITIDeBioparcoRomaSP\" target=\"_blank\" rel=\"nofollow noopener\" style=\"outline: none;\" spellcheck=\"false\">Zur Buchung<\/a><\/h2>\n<h1><a href=\"https:\/\/www.tiqets.com\/de\/rom-sehenswuerdigkeiten-c71631\/tickets-fur-bioparco-di-roma-open-ticket-p976690\/?partner=italytouristinformation&amp;tq_campaign=ITIDeBioparcoRomaSP\" target=\"_blank\" rel=\"nofollow noopener\" style=\"outline: none;\" spellcheck=\"false\">Ab <strong>26 \u20ac<\/strong><\/a><\/h1>\n<h3>Ihr Konto wird noch nicht belastet<\/h3>\n","protected":false},"excerpt":{"rendered":"<p>Bioparco di Roma: Open Ticket Zur Buchung Ab 26 \u20ac Besuchen Sie Bioparco di Roma, einen der \u00e4ltesten Zoos Europas. Entdecken Sie \u00fcber&nbsp;1.000 Tiere, Bildungsangebote und Naturschutzprogramme in einer \u00fcppig gr\u00fcnen Umgebung \u2013 perfekt f\u00fcr alle Altersgruppen. Handverlesenes Ticket&nbsp; Eintrittskarte Schnellverfahren Nicht erstattungsf\u00e4hig Inbegriffen Ticket mit offenem Datum (g\u00fcltig f\u00fcr 6 Monate ab Kaufdatum) Die [&hellip;]<\/p>\n","protected":false},"author":6,"featured_media":18384,"parent":0,"menu_order":0,"comment_status":"closed","ping_status":"closed","template":"","meta":{"footnotes":"","tve_updated_post":"","tve_custom_css":"","tve_user_custom_css":"","tve_globals":{},"tcb2_ready":1,"tcb_editor_enabled":1,"tve_landing_page":"bd86f3fc67210fed5b2794ad4a56d3a9","_tve_header":"17144","_tve_footer":"17145"},"categories":[143,128],"tags":[155,130],"class_list":["post-18383","page","type-page","status-publish","has-post-thumbnail","hentry","category-rom","category-verkaufsseite","tag-rom","tag-verkaufsseite","post-wrapper","thrv_wrapper"],"_links":{"self":[{"href":"https:\/\/italy-tourist-information.com\/de\/wp-json\/wp\/v2\/pages\/18383","targetHints":{"allow":["GET"]}}],"collection":[{"href":"https:\/\/italy-tourist-information.com\/de\/wp-json\/wp\/v2\/pages"}],"about":[{"href":"https:\/\/italy-tourist-information.com\/de\/wp-json\/wp\/v2\/types\/page"}],"author":[{"embeddable":true,"href":"https:\/\/italy-tourist-information.com\/de\/wp-json\/wp\/v2\/users\/6"}],"replies":[{"embeddable":true,"href":"https:\/\/italy-tourist-information.com\/de\/wp-json\/wp\/v2\/comments?post=18383"}],"version-history":[{"count":9,"href":"https:\/\/italy-tourist-information.com\/de\/wp-json\/wp\/v2\/pages\/18383\/revisions"}],"predecessor-version":[{"id":20204,"href":"https:\/\/italy-tourist-information.com\/de\/wp-json\/wp\/v2\/pages\/18383\/revisions\/20204"}],"wp:featuredmedia":[{"embeddable":true,"href":"https:\/\/italy-tourist-information.com\/de\/wp-json\/wp\/v2\/media\/18384"}],"wp:attachment":[{"href":"https:\/\/italy-tourist-information.com\/de\/wp-json\/wp\/v2\/media?parent=18383"}],"wp:term":[{"taxonomy":"category","embeddable":true,"href":"https:\/\/italy-tourist-information.com\/de\/wp-json\/wp\/v2\/categories?post=18383"},{"taxonomy":"post_tag","embeddable":true,"href":"https:\/\/italy-tourist-information.com\/de\/wp-json\/wp\/v2\/tags?post=18383"}],"curies":[{"name":"wp","href":"https:\/\/api.w.org\/{rel}","templated":true}]}}