{"id":18391,"date":"2025-08-13T08:09:45","date_gmt":"2025-08-13T08:09:45","guid":{"rendered":"https:\/\/italy-tourist-information.com\/royal-palace-of-caserta-tickets"},"modified":"2026-05-04T14:52:14","modified_gmt":"2026-05-04T14:52:14","slug":"koenigspalast-von-caserta-tickets","status":"publish","type":"page","link":"https:\/\/italy-tourist-information.com\/de\/koenigspalast-von-caserta-tickets","title":{"rendered":"K\u00f6nigspalast von Caserta Tickets mit Schnelleinlass"},"content":{"rendered":"<p><span><img decoding=\"async\" alt=\"\" data-id=\"11481\" width=\"1600\" height=\"1000\" title=\"Tickets f\u00fcr den K\u00f6nigspalast von Caserta\" src=\"https:\/\/italy-tourist-information.com\/wp-content\/uploads\/2025\/08\/Royal-Palace-of-Caserta-Tickets-ota-1024x640.avif\" data-src=\"https:\/\/italy-tourist-information.com\/wp-content\/uploads\/2025\/08\/Royal-Palace-of-Caserta-Tickets-ota-300x188.avif\" loading=\"lazy\" data-sizes=\"{&quot;thumbnail&quot;:{&quot;url&quot;:&quot;https:\/\/italy-tourist-information.com\/wp-content\/uploads\/2025\/08\/Royal-Palace-of-Caserta-Tickets-ota-150x150.avif&quot;,&quot;height&quot;:150,&quot;width&quot;:150,&quot;orientation&quot;:&quot;landscape&quot;},&quot;medium&quot;:{&quot;url&quot;:&quot;https:\/\/italy-tourist-information.com\/wp-content\/uploads\/2025\/08\/Royal-Palace-of-Caserta-Tickets-ota-300x188.avif&quot;,&quot;height&quot;:188,&quot;width&quot;:300,&quot;orientation&quot;:&quot;landscape&quot;},&quot;large&quot;:{&quot;url&quot;:&quot;https:\/\/italy-tourist-information.com\/wp-content\/uploads\/2025\/08\/Royal-Palace-of-Caserta-Tickets-ota-1024x640.avif&quot;,&quot;height&quot;:640,&quot;width&quot;:1024,&quot;orientation&quot;:&quot;landscape&quot;},&quot;full&quot;:{&quot;url&quot;:&quot;https:\/\/italy-tourist-information.com\/wp-content\/uploads\/2025\/08\/Royal-Palace-of-Caserta-Tickets-ota.avif&quot;,&quot;height&quot;:1000,&quot;width&quot;:1600,&quot;orientation&quot;:&quot;landscape&quot;},&quot;1536x1536&quot;:{&quot;url&quot;:&quot;https:\/\/italy-tourist-information.com\/wp-content\/uploads\/2025\/08\/Royal-Palace-of-Caserta-Tickets-ota-1536x960.avif&quot;,&quot;height&quot;:960,&quot;width&quot;:1536,&quot;orientation&quot;:&quot;landscape&quot;}}\"><\/span><span><img decoding=\"async\" alt=\"\" data-id=\"11480\" width=\"1600\" height=\"1000\" title=\"Tickets f\u00fcr den K\u00f6nigspalast von Caserta ota2\" src=\"https:\/\/italy-tourist-information.com\/wp-content\/uploads\/2025\/08\/Royal-Palace-of-Caserta-Tickets-ota2-1024x640.avif\" data-src=\"https:\/\/italy-tourist-information.com\/wp-content\/uploads\/2025\/08\/Royal-Palace-of-Caserta-Tickets-ota2-300x188.avif\" loading=\"lazy\" data-sizes=\"{&quot;thumbnail&quot;:{&quot;url&quot;:&quot;https:\/\/italy-tourist-information.com\/wp-content\/uploads\/2025\/08\/Royal-Palace-of-Caserta-Tickets-ota2-150x150.avif&quot;,&quot;height&quot;:150,&quot;width&quot;:150,&quot;orientation&quot;:&quot;landscape&quot;},&quot;medium&quot;:{&quot;url&quot;:&quot;https:\/\/italy-tourist-information.com\/wp-content\/uploads\/2025\/08\/Royal-Palace-of-Caserta-Tickets-ota2-300x188.avif&quot;,&quot;height&quot;:188,&quot;width&quot;:300,&quot;orientation&quot;:&quot;landscape&quot;},&quot;large&quot;:{&quot;url&quot;:&quot;https:\/\/italy-tourist-information.com\/wp-content\/uploads\/2025\/08\/Royal-Palace-of-Caserta-Tickets-ota2-1024x640.avif&quot;,&quot;height&quot;:640,&quot;width&quot;:1024,&quot;orientation&quot;:&quot;landscape&quot;},&quot;full&quot;:{&quot;url&quot;:&quot;https:\/\/italy-tourist-information.com\/wp-content\/uploads\/2025\/08\/Royal-Palace-of-Caserta-Tickets-ota2.avif&quot;,&quot;height&quot;:1000,&quot;width&quot;:1600,&quot;orientation&quot;:&quot;landscape&quot;},&quot;1536x1536&quot;:{&quot;url&quot;:&quot;https:\/\/italy-tourist-information.com\/wp-content\/uploads\/2025\/08\/Royal-Palace-of-Caserta-Tickets-ota2-1536x960.avif&quot;,&quot;height&quot;:960,&quot;width&quot;:1536,&quot;orientation&quot;:&quot;landscape&quot;}}\"><\/span><span><img decoding=\"async\" alt=\"\" data-id=\"11479\" width=\"1600\" height=\"1000\" title=\"Eintrittskarten f\u00fcr den K\u00f6nigspalast von Caserta ota3\" src=\"https:\/\/italy-tourist-information.com\/wp-content\/uploads\/2025\/08\/Royal-Palace-of-Caserta-Tickets-ota3-1024x640.avif\" data-src=\"https:\/\/italy-tourist-information.com\/wp-content\/uploads\/2025\/08\/Royal-Palace-of-Caserta-Tickets-ota3-300x188.avif\" loading=\"lazy\" data-sizes=\"{&quot;thumbnail&quot;:{&quot;url&quot;:&quot;https:\/\/italy-tourist-information.com\/wp-content\/uploads\/2025\/08\/Royal-Palace-of-Caserta-Tickets-ota3-150x150.avif&quot;,&quot;height&quot;:150,&quot;width&quot;:150,&quot;orientation&quot;:&quot;landscape&quot;},&quot;medium&quot;:{&quot;url&quot;:&quot;https:\/\/italy-tourist-information.com\/wp-content\/uploads\/2025\/08\/Royal-Palace-of-Caserta-Tickets-ota3-300x188.avif&quot;,&quot;height&quot;:188,&quot;width&quot;:300,&quot;orientation&quot;:&quot;landscape&quot;},&quot;large&quot;:{&quot;url&quot;:&quot;https:\/\/italy-tourist-information.com\/wp-content\/uploads\/2025\/08\/Royal-Palace-of-Caserta-Tickets-ota3-1024x640.avif&quot;,&quot;height&quot;:640,&quot;width&quot;:1024,&quot;orientation&quot;:&quot;landscape&quot;},&quot;full&quot;:{&quot;url&quot;:&quot;https:\/\/italy-tourist-information.com\/wp-content\/uploads\/2025\/08\/Royal-Palace-of-Caserta-Tickets-ota3.avif&quot;,&quot;height&quot;:1000,&quot;width&quot;:1600,&quot;orientation&quot;:&quot;landscape&quot;},&quot;1536x1536&quot;:{&quot;url&quot;:&quot;https:\/\/italy-tourist-information.com\/wp-content\/uploads\/2025\/08\/Royal-Palace-of-Caserta-Tickets-ota3-1536x960.avif&quot;,&quot;height&quot;:960,&quot;width&quot;:1536,&quot;orientation&quot;:&quot;landscape&quot;}}\"><\/span><span><img decoding=\"async\" alt=\"\" data-id=\"11478\" width=\"1600\" height=\"1000\" title=\"Tickets f\u00fcr den K\u00f6nigspalast von Caserta (ota4)\" src=\"https:\/\/italy-tourist-information.com\/wp-content\/uploads\/2025\/08\/Royal-Palace-of-Caserta-Tickets-ota4-1024x640.avif\" data-src=\"https:\/\/italy-tourist-information.com\/wp-content\/uploads\/2025\/08\/Royal-Palace-of-Caserta-Tickets-ota4-300x188.avif\" loading=\"lazy\" data-sizes=\"{&quot;thumbnail&quot;:{&quot;url&quot;:&quot;https:\/\/italy-tourist-information.com\/wp-content\/uploads\/2025\/08\/Royal-Palace-of-Caserta-Tickets-ota4-150x150.avif&quot;,&quot;height&quot;:150,&quot;width&quot;:150,&quot;orientation&quot;:&quot;landscape&quot;},&quot;medium&quot;:{&quot;url&quot;:&quot;https:\/\/italy-tourist-information.com\/wp-content\/uploads\/2025\/08\/Royal-Palace-of-Caserta-Tickets-ota4-300x188.avif&quot;,&quot;height&quot;:188,&quot;width&quot;:300,&quot;orientation&quot;:&quot;landscape&quot;},&quot;large&quot;:{&quot;url&quot;:&quot;https:\/\/italy-tourist-information.com\/wp-content\/uploads\/2025\/08\/Royal-Palace-of-Caserta-Tickets-ota4-1024x640.avif&quot;,&quot;height&quot;:640,&quot;width&quot;:1024,&quot;orientation&quot;:&quot;landscape&quot;},&quot;full&quot;:{&quot;url&quot;:&quot;https:\/\/italy-tourist-information.com\/wp-content\/uploads\/2025\/08\/Royal-Palace-of-Caserta-Tickets-ota4.avif&quot;,&quot;height&quot;:1000,&quot;width&quot;:1600,&quot;orientation&quot;:&quot;landscape&quot;},&quot;1536x1536&quot;:{&quot;url&quot;:&quot;https:\/\/italy-tourist-information.com\/wp-content\/uploads\/2025\/08\/Royal-Palace-of-Caserta-Tickets-ota4-1536x960.avif&quot;,&quot;height&quot;:960,&quot;width&quot;:1536,&quot;orientation&quot;:&quot;landscape&quot;}}\"><\/span><span><img decoding=\"async\" alt=\"\" data-id=\"11477\" width=\"1600\" height=\"1000\" title=\"Tickets f\u00fcr den K\u00f6nigspalast von Caserta (ota5)\" src=\"https:\/\/italy-tourist-information.com\/wp-content\/uploads\/2025\/08\/Royal-Palace-of-Caserta-Tickets-ota5-1024x640.avif\" data-src=\"https:\/\/italy-tourist-information.com\/wp-content\/uploads\/2025\/08\/Royal-Palace-of-Caserta-Tickets-ota5-300x188.avif\" loading=\"lazy\" data-sizes=\"{&quot;thumbnail&quot;:{&quot;url&quot;:&quot;https:\/\/italy-tourist-information.com\/wp-content\/uploads\/2025\/08\/Royal-Palace-of-Caserta-Tickets-ota5-150x150.avif&quot;,&quot;height&quot;:150,&quot;width&quot;:150,&quot;orientation&quot;:&quot;landscape&quot;},&quot;medium&quot;:{&quot;url&quot;:&quot;https:\/\/italy-tourist-information.com\/wp-content\/uploads\/2025\/08\/Royal-Palace-of-Caserta-Tickets-ota5-300x188.avif&quot;,&quot;height&quot;:188,&quot;width&quot;:300,&quot;orientation&quot;:&quot;landscape&quot;},&quot;large&quot;:{&quot;url&quot;:&quot;https:\/\/italy-tourist-information.com\/wp-content\/uploads\/2025\/08\/Royal-Palace-of-Caserta-Tickets-ota5-1024x640.avif&quot;,&quot;height&quot;:640,&quot;width&quot;:1024,&quot;orientation&quot;:&quot;landscape&quot;},&quot;full&quot;:{&quot;url&quot;:&quot;https:\/\/italy-tourist-information.com\/wp-content\/uploads\/2025\/08\/Royal-Palace-of-Caserta-Tickets-ota5.avif&quot;,&quot;height&quot;:1000,&quot;width&quot;:1600,&quot;orientation&quot;:&quot;landscape&quot;},&quot;1536x1536&quot;:{&quot;url&quot;:&quot;https:\/\/italy-tourist-information.com\/wp-content\/uploads\/2025\/08\/Royal-Palace-of-Caserta-Tickets-ota5-1536x960.avif&quot;,&quot;height&quot;:960,&quot;width&quot;:1536,&quot;orientation&quot;:&quot;landscape&quot;}}\"><\/span><span><img decoding=\"async\" alt=\"\" data-id=\"11476\" width=\"1600\" height=\"1000\" title=\"Tickets f\u00fcr den K\u00f6nigspalast von Caserta (ota6)\" src=\"https:\/\/italy-tourist-information.com\/wp-content\/uploads\/2025\/08\/Royal-Palace-of-Caserta-Tickets-ota6-1024x640.avif\" data-src=\"https:\/\/italy-tourist-information.com\/wp-content\/uploads\/2025\/08\/Royal-Palace-of-Caserta-Tickets-ota6-300x188.avif\" loading=\"lazy\" data-sizes=\"{&quot;thumbnail&quot;:{&quot;url&quot;:&quot;https:\/\/italy-tourist-information.com\/wp-content\/uploads\/2025\/08\/Royal-Palace-of-Caserta-Tickets-ota6-150x150.avif&quot;,&quot;height&quot;:150,&quot;width&quot;:150,&quot;orientation&quot;:&quot;landscape&quot;},&quot;medium&quot;:{&quot;url&quot;:&quot;https:\/\/italy-tourist-information.com\/wp-content\/uploads\/2025\/08\/Royal-Palace-of-Caserta-Tickets-ota6-300x188.avif&quot;,&quot;height&quot;:188,&quot;width&quot;:300,&quot;orientation&quot;:&quot;landscape&quot;},&quot;large&quot;:{&quot;url&quot;:&quot;https:\/\/italy-tourist-information.com\/wp-content\/uploads\/2025\/08\/Royal-Palace-of-Caserta-Tickets-ota6-1024x640.avif&quot;,&quot;height&quot;:640,&quot;width&quot;:1024,&quot;orientation&quot;:&quot;landscape&quot;},&quot;full&quot;:{&quot;url&quot;:&quot;https:\/\/italy-tourist-information.com\/wp-content\/uploads\/2025\/08\/Royal-Palace-of-Caserta-Tickets-ota6.avif&quot;,&quot;height&quot;:1000,&quot;width&quot;:1600,&quot;orientation&quot;:&quot;landscape&quot;},&quot;1536x1536&quot;:{&quot;url&quot;:&quot;https:\/\/italy-tourist-information.com\/wp-content\/uploads\/2025\/08\/Royal-Palace-of-Caserta-Tickets-ota6-1536x960.avif&quot;,&quot;height&quot;:960,&quot;width&quot;:1536,&quot;orientation&quot;:&quot;landscape&quot;}}\"><\/span><\/p>\n<h1 data-qa-marker=\"product-name\">Tickets f\u00fcr den K\u00f6nigspalast von Caserta mit Schnelleinlass<\/h1>\n<h2><a href=\"https:\/\/www.headout.com\/de\/palast-von-caserta-tickets\/palast-von-caserta-eintrittstickets-e-8871\/?affiliate_code=KXkQ69&amp;utm_campaign=itidecasertapalacesp&amp;utm_content=link&amp;utm_medium=affiliate&amp;utm_source=most_amazing_places\" target=\"_blank\" rel=\"nofollow noopener\" style=\"outline: none;\" spellcheck=\"false\">Zur Buchung<\/a><\/h2>\n<p style=\"\"><a href=\"https:\/\/www.headout.com\/de\/palast-von-caserta-tickets\/palast-von-caserta-eintrittstickets-e-8871\/?affiliate_code=KXkQ69&amp;utm_campaign=itidecasertapalacesp&amp;utm_content=link&amp;utm_medium=affiliate&amp;utm_source=most_amazing_places\" target=\"_blank\" rel=\"nofollow noopener\" style=\"outline: none;\">Preis ab<\/a><\/p>\n<h1><a href=\"https:\/\/www.headout.com\/de\/palast-von-caserta-tickets\/palast-von-caserta-eintrittstickets-e-8871\/?affiliate_code=KXkQ69&amp;utm_campaign=itidecasertapalacesp&amp;utm_content=link&amp;utm_medium=affiliate&amp;utm_source=most_amazing_places\" target=\"_blank\" rel=\"nofollow noopener\" style=\"outline: none;\" spellcheck=\"false\"><strong>20 \u20ac<\/strong><\/a><\/h1>\n<p dir=\"ltr\"><strong>Umgehen Sie die Warteschlangen<\/strong> und tauchen Sie ein in die Pracht des <strong>K\u00f6nigspalastes von Caserta.<\/strong> Entdecken Sie prunkvolle k\u00f6nigliche Gem\u00e4cher und schlendern Sie durch atemberaubende G\u00e4rten mit Springbrunnen, Statuen und idyllischen Landschaften.<\/p>\n<ul>\n<li style=\"\"><span>Handverlesenes Ticket&nbsp;<\/span><\/li>\n<li style=\"\"><span>Mobiles Ticket&nbsp;<\/span><\/li>\n<li style=\"\"><span>Jetzt buchen, sp\u00e4ter bezahlen<\/span><\/li>\n<li style=\"\"><span>Nicht erstattungsf\u00e4hig<\/span><\/li>\n<\/ul>\n<h2>Inbegriffen<\/h2>\n<ul>\n<li style=\"\">                    <span>Vorrangiger Einlass in den K\u00f6nigspalast von Caserta<\/span><\/li>\n<li style=\"\">                    <span>Zugang zu den k\u00f6niglichen Gem\u00e4chern<\/span><\/li>\n<li style=\"\">                    <span>Zugang zum K\u00f6niglichen Park<\/span><\/li>\n<li><span>Audioguide (Italienisch, Englisch, Franz\u00f6sisch, Spanisch \u2013 falls Option ausgew\u00e4hlt)<\/span><\/li>\n<\/ul>\n<h2>Nicht inbegriffen&nbsp;<\/h2>\n<ul>\n<li style=\"\"><span>F\u00fchrung<\/span><\/li>\n<\/ul>\n<ul>\n<li style=\"\"><span>Parkaktivit\u00e4ten (Bustour, Fahrradverleih, Quads, Tandems, Pferdekutschen)<\/span><\/li>\n<\/ul>\n<h2>Wichtige Informationen<\/h2>\n<ul>\n<li style=\"\"><span>Bringen Sie Ihre Eintrittskarten und eine Kopie Ihres Ausweises f\u00fcr einen reibungslosen Check-in mit.<br \/><\/span><\/li>\n<li><span>Bequeme Wanderschuhe und wetterangepasste Kleidung werden empfohlen (in G\u00e4rten kann es k\u00fchl werden).<\/span><\/li>\n<li style=\"\"><span>Dienstags, am 1. Januar und am 25. Dezember geschlossen.<\/span><\/li>\n<li style=\"\"><span>Haustiere (ausgenommen Blindenhunde) nicht erlaubt<\/span><\/li>\n<li style=\"\"><span>Verboten sind gro\u00dfe Taschen, Kinderwagen, Regenschirme, Speisen, Getr\u00e4nke, Drohnen, scharfe Gegenst\u00e4nde, Alkohol und motorisierte Fahrzeuge.<br \/><\/span><\/li>\n<li><span>Blitzlichtfotografie verboten; angemessene Kleidung ist vorgeschrieben.<\/span><\/li>\n<li><span>Barrierefrei zug\u00e4nglich (Rampen und Aufz\u00fcge vorhanden)<br \/><\/span><\/li>\n<li><span>Audioguides m\u00fcssen vorab \u00fcber die Headout-App heruntergeladen werden (Kopfh\u00f6rer und Internetzugang mitbringen).<br \/><\/span><\/li>\n<li><span>Von Neapel aus dauert die Zugfahrt etwa 40 Minuten; Der Palast ist 5\u201310 Gehminuten vom Bahnhof entfernt.<\/span><\/li>\n<\/ul>\n<h2>Beschreibung:<\/h2>\n<p dir=\"ltr\">Erleben Sie die Praxis des <strong>gr\u00f6\u00dften K\u00f6nigspalastes Europas,<\/strong> des K\u00f6nigspalastes von Caserta, einem <strong>UNESCO-Weltkulturerbe,<\/strong> der mit Versailles konkurriert.<\/p>\n<p dir=\"ltr\">Betreten Sie die prunkvollen <strong>k\u00f6niglichen Gem\u00e4cher<\/strong> mit ihren Fresken, vergoldeten Decken und Kronleuchtern und erkunden Sie anschlie\u00dfend den weitl\u00e4ufigen <strong>k\u00f6niglichen Park,<\/strong> der mit einem eindrucksvollen \u201eTeleskop-Effekt\u201c gestaltet wurde.<\/p>\n<p dir=\"ltr\">Bewundern Sie <strong>den majest\u00e4tischen Springbrunnen, die \u00fcppigen G\u00e4rten<\/strong> und den romantischen <strong>Englischen Garten<\/strong>. Ob Sie Kunst, Architektur oder Natur erleben m\u00f6chten \u2013 mit diesem&nbsp;<strong>Ticket ohne Anstehen<\/strong> verbringen Sie mehr Zeit mit Erkunden und weniger mit Warten.<\/p>\n<h2>Highlights:<\/h2>\n<ul>\n","protected":false},"excerpt":{"rendered":"<p>Tickets f\u00fcr den K\u00f6nigspalast von Caserta mit Schnelleinlass Zur Buchung Preis ab 20 \u20ac Umgehen Sie die Warteschlangen und tauchen Sie ein in die Pracht des K\u00f6nigspalastes von Caserta. Entdecken Sie prunkvolle k\u00f6nigliche Gem\u00e4cher und schlendern Sie durch atemberaubende G\u00e4rten mit Springbrunnen, Statuen und idyllischen Landschaften. Handverlesenes Ticket&nbsp; Mobiles Ticket&nbsp; Jetzt buchen, sp\u00e4ter bezahlen Nicht [&hellip;]<\/p>\n","protected":false},"author":6,"featured_media":0,"parent":0,"menu_order":0,"comment_status":"closed","ping_status":"closed","template":"","meta":{"footnotes":"","tve_updated_post":"","tve_custom_css":"","tve_user_custom_css":"","tve_globals":{},"tcb2_ready":1,"tcb_editor_enabled":1,"tve_landing_page":"bd86f3fc67210fed5b2794ad4a56d3a9","_tve_header":"17144","_tve_footer":"17145"},"categories":[141],"tags":[151,130],"class_list":["post-18391","page","type-page","status-publish","hentry","category-neapel","tag-neapel","tag-verkaufsseite","post-wrapper","thrv_wrapper"],"_links":{"self":[{"href":"https:\/\/italy-tourist-information.com\/de\/wp-json\/wp\/v2\/pages\/18391","targetHints":{"allow":["GET"]}}],"collection":[{"href":"https:\/\/italy-tourist-information.com\/de\/wp-json\/wp\/v2\/pages"}],"about":[{"href":"https:\/\/italy-tourist-information.com\/de\/wp-json\/wp\/v2\/types\/page"}],"author":[{"embeddable":true,"href":"https:\/\/italy-tourist-information.com\/de\/wp-json\/wp\/v2\/users\/6"}],"replies":[{"embeddable":true,"href":"https:\/\/italy-tourist-information.com\/de\/wp-json\/wp\/v2\/comments?post=18391"}],"version-history":[{"count":8,"href":"https:\/\/italy-tourist-information.com\/de\/wp-json\/wp\/v2\/pages\/18391\/revisions"}],"predecessor-version":[{"id":20194,"href":"https:\/\/italy-tourist-information.com\/de\/wp-json\/wp\/v2\/pages\/18391\/revisions\/20194"}],"wp:attachment":[{"href":"https:\/\/italy-tourist-information.com\/de\/wp-json\/wp\/v2\/media?parent=18391"}],"wp:term":[{"taxonomy":"category","embeddable":true,"href":"https:\/\/italy-tourist-information.com\/de\/wp-json\/wp\/v2\/categories?post=18391"},{"taxonomy":"post_tag","embeddable":true,"href":"https:\/\/italy-tourist-information.com\/de\/wp-json\/wp\/v2\/tags?post=18391"}],"curies":[{"name":"wp","href":"https:\/\/api.w.org\/{rel}","templated":true}]}}