{"id":18400,"date":"2025-05-08T11:23:00","date_gmt":"2025-05-08T11:23:00","guid":{"rendered":"https:\/\/italy-tourist-information.com\/royal-palace-of-naples-skip-the-line-tickets"},"modified":"2026-04-14T14:25:51","modified_gmt":"2026-04-14T14:25:51","slug":"koenigspalast-neapel-tickets-ohne-anstehen","status":"publish","type":"page","link":"https:\/\/italy-tourist-information.com\/de\/koenigspalast-neapel-tickets-ohne-anstehen","title":{"rendered":"K\u00f6nigspalast von Neapel: Tickets ohne Anstehen"},"content":{"rendered":"<p><span><img decoding=\"async\" alt=\"\" data-id=\"10415\" width=\"1600\" height=\"1000\" title=\"K\u00f6niglicher Palast von Neapel \u2013 Tickets ohne Anstehen\" src=\"https:\/\/italy-tourist-information.com\/wp-content\/uploads\/2025\/05\/Royal-Palace-of-Naples-Skip-the-Line-Tickets-ota-1024x640.avif\" data-src=\"https:\/\/italy-tourist-information.com\/wp-content\/uploads\/2025\/05\/Royal-Palace-of-Naples-Skip-the-Line-Tickets-ota-300x188.avif\" loading=\"lazy\" data-sizes=\"{&quot;thumbnail&quot;:{&quot;url&quot;:&quot;https:\/\/italy-tourist-information.com\/wp-content\/uploads\/2025\/05\/Royal-Palace-of-Naples-Skip-the-Line-Tickets-ota-150x150.avif&quot;,&quot;height&quot;:150,&quot;width&quot;:150,&quot;orientation&quot;:&quot;landscape&quot;},&quot;medium&quot;:{&quot;url&quot;:&quot;https:\/\/italy-tourist-information.com\/wp-content\/uploads\/2025\/05\/Royal-Palace-of-Naples-Skip-the-Line-Tickets-ota-300x188.avif&quot;,&quot;height&quot;:188,&quot;width&quot;:300,&quot;orientation&quot;:&quot;landscape&quot;},&quot;large&quot;:{&quot;url&quot;:&quot;https:\/\/italy-tourist-information.com\/wp-content\/uploads\/2025\/05\/Royal-Palace-of-Naples-Skip-the-Line-Tickets-ota-1024x640.avif&quot;,&quot;height&quot;:640,&quot;width&quot;:1024,&quot;orientation&quot;:&quot;landscape&quot;},&quot;full&quot;:{&quot;url&quot;:&quot;https:\/\/italy-tourist-information.com\/wp-content\/uploads\/2025\/05\/Royal-Palace-of-Naples-Skip-the-Line-Tickets-ota.avif&quot;,&quot;height&quot;:1000,&quot;width&quot;:1600,&quot;orientation&quot;:&quot;landscape&quot;},&quot;1536x1536&quot;:{&quot;url&quot;:&quot;https:\/\/italy-tourist-information.com\/wp-content\/uploads\/2025\/05\/Royal-Palace-of-Naples-Skip-the-Line-Tickets-ota-1536x960.avif&quot;,&quot;height&quot;:960,&quot;width&quot;:1536,&quot;orientation&quot;:&quot;landscape&quot;}}\"><\/span><span><img decoding=\"async\" alt=\"\" data-id=\"10414\" width=\"1600\" height=\"1000\" title=\"Tickets ohne Anstehen f\u00fcr den K\u00f6niglichen Palast von Neapel ota2\" src=\"https:\/\/italy-tourist-information.com\/wp-content\/uploads\/2025\/05\/Royal-Palace-of-Naples-Skip-the-Line-Tickets-ota2-1024x640.avif\" data-src=\"https:\/\/italy-tourist-information.com\/wp-content\/uploads\/2025\/05\/Royal-Palace-of-Naples-Skip-the-Line-Tickets-ota2-300x188.avif\" loading=\"lazy\" data-sizes=\"{&quot;thumbnail&quot;:{&quot;url&quot;:&quot;https:\/\/italy-tourist-information.com\/wp-content\/uploads\/2025\/05\/Royal-Palace-of-Naples-Skip-the-Line-Tickets-ota2-150x150.avif&quot;,&quot;height&quot;:150,&quot;width&quot;:150,&quot;orientation&quot;:&quot;landscape&quot;},&quot;medium&quot;:{&quot;url&quot;:&quot;https:\/\/italy-tourist-information.com\/wp-content\/uploads\/2025\/05\/Royal-Palace-of-Naples-Skip-the-Line-Tickets-ota2-300x188.avif&quot;,&quot;height&quot;:188,&quot;width&quot;:300,&quot;orientation&quot;:&quot;landscape&quot;},&quot;large&quot;:{&quot;url&quot;:&quot;https:\/\/italy-tourist-information.com\/wp-content\/uploads\/2025\/05\/Royal-Palace-of-Naples-Skip-the-Line-Tickets-ota2-1024x640.avif&quot;,&quot;height&quot;:640,&quot;width&quot;:1024,&quot;orientation&quot;:&quot;landscape&quot;},&quot;full&quot;:{&quot;url&quot;:&quot;https:\/\/italy-tourist-information.com\/wp-content\/uploads\/2025\/05\/Royal-Palace-of-Naples-Skip-the-Line-Tickets-ota2.avif&quot;,&quot;height&quot;:1000,&quot;width&quot;:1600,&quot;orientation&quot;:&quot;landscape&quot;},&quot;1536x1536&quot;:{&quot;url&quot;:&quot;https:\/\/italy-tourist-information.com\/wp-content\/uploads\/2025\/05\/Royal-Palace-of-Naples-Skip-the-Line-Tickets-ota2-1536x960.avif&quot;,&quot;height&quot;:960,&quot;width&quot;:1536,&quot;orientation&quot;:&quot;landscape&quot;}}\"><\/span><span><img decoding=\"async\" alt=\"\" data-id=\"10413\" width=\"1600\" height=\"1000\" title=\"Tickets ohne Anstehen f\u00fcr den K\u00f6niglichen Palast von Neapel (ota3)\" src=\"https:\/\/italy-tourist-information.com\/wp-content\/uploads\/2025\/05\/Royal-Palace-of-Naples-Skip-the-Line-Tickets-ota3-1024x640.avif\" data-src=\"https:\/\/italy-tourist-information.com\/wp-content\/uploads\/2025\/05\/Royal-Palace-of-Naples-Skip-the-Line-Tickets-ota3-300x188.avif\" loading=\"lazy\" data-sizes=\"{&quot;thumbnail&quot;:{&quot;url&quot;:&quot;https:\/\/italy-tourist-information.com\/wp-content\/uploads\/2025\/05\/Royal-Palace-of-Naples-Skip-the-Line-Tickets-ota3-150x150.avif&quot;,&quot;height&quot;:150,&quot;width&quot;:150,&quot;orientation&quot;:&quot;landscape&quot;},&quot;medium&quot;:{&quot;url&quot;:&quot;https:\/\/italy-tourist-information.com\/wp-content\/uploads\/2025\/05\/Royal-Palace-of-Naples-Skip-the-Line-Tickets-ota3-300x188.avif&quot;,&quot;height&quot;:188,&quot;width&quot;:300,&quot;orientation&quot;:&quot;landscape&quot;},&quot;large&quot;:{&quot;url&quot;:&quot;https:\/\/italy-tourist-information.com\/wp-content\/uploads\/2025\/05\/Royal-Palace-of-Naples-Skip-the-Line-Tickets-ota3-1024x640.avif&quot;,&quot;height&quot;:640,&quot;width&quot;:1024,&quot;orientation&quot;:&quot;landscape&quot;},&quot;full&quot;:{&quot;url&quot;:&quot;https:\/\/italy-tourist-information.com\/wp-content\/uploads\/2025\/05\/Royal-Palace-of-Naples-Skip-the-Line-Tickets-ota3.avif&quot;,&quot;height&quot;:1000,&quot;width&quot;:1600,&quot;orientation&quot;:&quot;landscape&quot;},&quot;1536x1536&quot;:{&quot;url&quot;:&quot;https:\/\/italy-tourist-information.com\/wp-content\/uploads\/2025\/05\/Royal-Palace-of-Naples-Skip-the-Line-Tickets-ota3-1536x960.avif&quot;,&quot;height&quot;:960,&quot;width&quot;:1536,&quot;orientation&quot;:&quot;landscape&quot;}}\"><\/span><span><img decoding=\"async\" alt=\"\" data-id=\"10412\" width=\"1600\" height=\"1000\" title=\"K\u00f6niglicher Palast von Neapel \u2013 Tickets ohne Anstehen ota4\" src=\"https:\/\/italy-tourist-information.com\/wp-content\/uploads\/2025\/05\/Royal-Palace-of-Naples-Skip-the-Line-Tickets-ota4-1024x640.avif\" data-src=\"https:\/\/italy-tourist-information.com\/wp-content\/uploads\/2025\/05\/Royal-Palace-of-Naples-Skip-the-Line-Tickets-ota4-300x188.avif\" loading=\"lazy\" data-sizes=\"{&quot;thumbnail&quot;:{&quot;url&quot;:&quot;https:\/\/italy-tourist-information.com\/wp-content\/uploads\/2025\/05\/Royal-Palace-of-Naples-Skip-the-Line-Tickets-ota4-150x150.avif&quot;,&quot;height&quot;:150,&quot;width&quot;:150,&quot;orientation&quot;:&quot;landscape&quot;},&quot;medium&quot;:{&quot;url&quot;:&quot;https:\/\/italy-tourist-information.com\/wp-content\/uploads\/2025\/05\/Royal-Palace-of-Naples-Skip-the-Line-Tickets-ota4-300x188.avif&quot;,&quot;height&quot;:188,&quot;width&quot;:300,&quot;orientation&quot;:&quot;landscape&quot;},&quot;large&quot;:{&quot;url&quot;:&quot;https:\/\/italy-tourist-information.com\/wp-content\/uploads\/2025\/05\/Royal-Palace-of-Naples-Skip-the-Line-Tickets-ota4-1024x640.avif&quot;,&quot;height&quot;:640,&quot;width&quot;:1024,&quot;orientation&quot;:&quot;landscape&quot;},&quot;full&quot;:{&quot;url&quot;:&quot;https:\/\/italy-tourist-information.com\/wp-content\/uploads\/2025\/05\/Royal-Palace-of-Naples-Skip-the-Line-Tickets-ota4.avif&quot;,&quot;height&quot;:1000,&quot;width&quot;:1600,&quot;orientation&quot;:&quot;landscape&quot;},&quot;1536x1536&quot;:{&quot;url&quot;:&quot;https:\/\/italy-tourist-information.com\/wp-content\/uploads\/2025\/05\/Royal-Palace-of-Naples-Skip-the-Line-Tickets-ota4-1536x960.avif&quot;,&quot;height&quot;:960,&quot;width&quot;:1536,&quot;orientation&quot;:&quot;landscape&quot;}}\"><\/span><span><img decoding=\"async\" alt=\"\" data-id=\"10411\" width=\"1600\" height=\"1000\" title=\"K\u00f6niglicher Palast von Neapel \u2013 Tickets ohne Anstehen ota5\" src=\"https:\/\/italy-tourist-information.com\/wp-content\/uploads\/2025\/05\/Royal-Palace-of-Naples-Skip-the-Line-Tickets-ota5-1024x640.avif\" data-src=\"https:\/\/italy-tourist-information.com\/wp-content\/uploads\/2025\/05\/Royal-Palace-of-Naples-Skip-the-Line-Tickets-ota5-300x188.avif\" loading=\"lazy\" data-sizes=\"{&quot;thumbnail&quot;:{&quot;url&quot;:&quot;https:\/\/italy-tourist-information.com\/wp-content\/uploads\/2025\/05\/Royal-Palace-of-Naples-Skip-the-Line-Tickets-ota5-150x150.avif&quot;,&quot;height&quot;:150,&quot;width&quot;:150,&quot;orientation&quot;:&quot;landscape&quot;},&quot;medium&quot;:{&quot;url&quot;:&quot;https:\/\/italy-tourist-information.com\/wp-content\/uploads\/2025\/05\/Royal-Palace-of-Naples-Skip-the-Line-Tickets-ota5-300x188.avif&quot;,&quot;height&quot;:188,&quot;width&quot;:300,&quot;orientation&quot;:&quot;landscape&quot;},&quot;large&quot;:{&quot;url&quot;:&quot;https:\/\/italy-tourist-information.com\/wp-content\/uploads\/2025\/05\/Royal-Palace-of-Naples-Skip-the-Line-Tickets-ota5-1024x640.avif&quot;,&quot;height&quot;:640,&quot;width&quot;:1024,&quot;orientation&quot;:&quot;landscape&quot;},&quot;full&quot;:{&quot;url&quot;:&quot;https:\/\/italy-tourist-information.com\/wp-content\/uploads\/2025\/05\/Royal-Palace-of-Naples-Skip-the-Line-Tickets-ota5.avif&quot;,&quot;height&quot;:1000,&quot;width&quot;:1600,&quot;orientation&quot;:&quot;landscape&quot;},&quot;1536x1536&quot;:{&quot;url&quot;:&quot;https:\/\/italy-tourist-information.com\/wp-content\/uploads\/2025\/05\/Royal-Palace-of-Naples-Skip-the-Line-Tickets-ota5-1536x960.avif&quot;,&quot;height&quot;:960,&quot;width&quot;:1536,&quot;orientation&quot;:&quot;landscape&quot;}}\"><\/span><\/p>\n<h1>K\u00f6nigspalast von Neapel: Tickets ohne Anstehen mit digitalem Audioguide<\/h1>\n<h2><a href=\"https:\/\/www.headout.com\/de\/palazzo-reale-neapel-tickets\/palazzo-reale-schnelleinlass-tickets-e-13596\/?affiliate_code=KXkQ69&amp;utm_campaign=itideroyalpalaceofnaplessp&amp;utm_content=link&amp;utm_medium=affiliate&amp;utm_source=most_amazing_places\" target=\"_blank\" rel=\"nofollow noopener\" style=\"outline: none;\" spellcheck=\"false\">Zur Buchung<\/a><\/h2>\n<p style=\"\"><a href=\"https:\/\/www.headout.com\/de\/palazzo-reale-neapel-tickets\/palazzo-reale-schnelleinlass-tickets-e-13596\/?affiliate_code=KXkQ69&amp;utm_campaign=itideroyalpalaceofnaplessp&amp;utm_content=link&amp;utm_medium=affiliate&amp;utm_source=most_amazing_places\" target=\"_blank\" rel=\"nofollow noopener\" style=\"outline: none;\">Preis ab<\/a><\/p>\n<h1><a href=\"https:\/\/www.headout.com\/de\/palazzo-reale-neapel-tickets\/palazzo-reale-schnelleinlass-tickets-e-13596\/?affiliate_code=KXkQ69&amp;utm_campaign=itideroyalpalaceofnaplessp&amp;utm_content=link&amp;utm_medium=affiliate&amp;utm_source=most_amazing_places\" target=\"_blank\" rel=\"nofollow noopener\" style=\"outline: none;\" spellcheck=\"false\"><strong>23,50 \u20ac<\/strong><\/a><\/h1>\n<p dir=\"ltr\">Tauchen Sie ein in die k\u00f6nigliche Vergangenheit Neapels mit <strong>bevorzugtem Einlass zum K\u00f6nigspalast Neapel.<\/strong> Erkunden Sie prunkvolle S\u00e4le, luxuri\u00f6se Interieurs und elegante G\u00e4rten und entdecken Sie jahrhundertealte k\u00f6nigliche Geschichte \u2013 ganz in Ihrem eigenen Tempo.<\/p>\n<ul>\n<li style=\"\"><span>Sorgf\u00e4ltig ausgew\u00e4hltes Ticket&nbsp;<\/span><\/li>\n<li style=\"\"><span>Mobiles Ticket&nbsp;<\/span><\/li>\n<li style=\"\"><span>Audioguide&nbsp;<\/span><\/li>\n<li style=\"\"><span>Kostenlose Stornierung<\/span><\/li>\n<\/ul>\n<h2>Inbegriffen<\/h2>\n<ul>\n<li style=\"\">                    <span>Einlass ohne Anstehen zum K\u00f6nigspalast von Neapel<\/span><\/li>\n<li style=\"\">                    <span>Zugang zu Sonderausstellungen<\/span><\/li>\n<li style=\"\">                    <span>Eingang zum Corso Museum<br \/><\/span><\/li>\n<li><span>Digitaler Audioguide in Englisch, Italienisch, Franz\u00f6sisch, Deutsch und Spanisch (falls ausgew\u00e4hlt).<\/span><\/li>\n<\/ul>\n<h2>Nicht inbegriffen<\/h2>\n<ul>\n<li style=\"\"><span>F\u00fchrung<\/span><\/li>\n<\/ul>\n<ul>\n<li style=\"\"><span>Zugang zum Dachgarten (gegen Aufpreis)<\/span><\/li>\n<\/ul>\n<ul>\n<li style=\"\"><span>Hotelabholung und -r\u00fccktransfer<\/span><\/li>\n<li style=\"\"><span>Speisen und Getr\u00e4nke<\/span><\/li>\n<\/ul>\n<h2>Wichtige Informationen<\/h2>\n<ul>\n<li style=\"\"><span>Die Eintrittskarte gilt nur am ausgew\u00e4hlten Datum.<\/span><\/li>\n<li style=\"\"><span>Bitte bringen Sie zur Ticketkontrolle einen g\u00fcltigen Lichtbildausweis mit.<\/span><\/li>\n<li style=\"\"><span>Der Verleih von Audioguides sowie die Durchf\u00fchrung von F\u00fchrungen sind derzeit ausgesetzt.<\/span><\/li>\n<li><span>Das Museum ist barrierefrei und bietet Platz f\u00fcr Besucher mit eingeschr\u00e4nkter Mobilit\u00e4t.<\/span><\/li>\n<\/ul>\n<h2>Beschreibung:<\/h2>\n<p dir=\"ltr\">Entdecken Sie eines der ber\u00fchmtesten Wahrzeichen Neapels mit <strong>exklusivem Zugang ohne Anstehen zum K\u00f6nigspalast von Neapel.<\/strong> Einst Sitz der neapolitanischen K\u00f6nigsfamilie, bietet dieses architektonische Juwel einen tiefen Einblick in das aristokratische Erbe S\u00fcditaliens.<\/p>\n<p dir=\"ltr\">Bewundern Sie <strong>prunkvolle R\u00e4ume,<\/strong> schl\u00e4ngeln Sie sich durch <strong>gepflegte G\u00e4rten<\/strong> und erkunden Sie die <strong>seltenen Sammlungen der Nationalbibliothek<\/strong> \u2013 und genie\u00dfen Sie dabei den atemberaubenden Blick auf den Golf von Neapel.<\/p>\n<h2>Highlights:<\/h2>\n<ul>\n<li dir=\"ltr\"><strong>Umgehen Sie die langen Warteschlangen<\/strong> und tauchen Sie direkt in die k\u00f6nigliche Geschichte ein.<\/li>\n<li dir=\"ltr\"><strong>Bewundern Sie den opulenten Stil<\/strong> vom Rokoko bis zum Neoklassizismus.<\/li>\n<li dir=\"ltr\"><strong>Erkunden Sie den Thronsaal,<\/strong> das Hoftheater und die k\u00f6nigliche Kapelle<\/li>\n<li dir=\"ltr\"><strong>Bestaunen Sie die Palastg\u00e4rten<\/strong> mit ihren Springbrunnen und Statuen.<\/li>\n<li dir=\"ltr\"><strong>Besuchen Sie die Nationalbibliothek<\/strong> und&nbsp;sehen Sie seltene Manuskripte und Papyrusrollen.<\/li>\n<li dir=\"ltr\"><strong>Genie\u00dfen Sie den Panoramablick<\/strong> auf den Vesuv und die Bucht von Neapel.<\/li>\n<\/ul>\n<h2>K\u00f6nigspalast von Neapel (Palazzo Reale)<\/h2>\n<p>Piazza del Plebiscito, 1, 80132 Napoli NA, Italien<\/p>\n<h2>Stornierungsbedingungen<\/h2>\n<p dir=\"ltr\">Sie k\u00f6nnen diese Tickets bis 24 Stunden vor dem geplanten Erlebnis stornieren.<\/p>\n<h2>Treffpunkt &amp; Anweisungen<\/h2>\n<p dir=\"ltr\">Zeigen Sie am Eingang Ihren mobilen Voucher und einen g\u00fcltigen Lichtbildausweis vor, um Zutritt zu erhalten.<\/p>\n<p><a href=\"https:\/\/www.google.com\/maps\/place\/40.83623123168945+14.249402046203613\/@40.83623123168945,14.249402046203613,12z\" data-lt-tmp-id=\"lt-224233\" spellcheck=\"false\" target=\"_blank\" rel=\"nofollow noopener\" style=\"outline: none;\">In Karten \u00f6ffnen<\/a><\/p>\n<h2>Bewertungen<\/h2>\n<p><strong>3,8\/5&nbsp; <\/strong><strong>(23 Bewertungen)<\/strong><\/p>\n<p dir=\"ltr\"><em>\u201eDas Schloss ist unglaublich und der Besuch hat sich absolut gelohnt. Im M\u00e4rz gab es keine Warteschlange \u2026 Der Audioguide war auch sehr hilfreich.\u201c<\/em> \u2013 Elise, M\u00e4rz 2025<\/p>\n<p dir=\"ltr\"><em>\u201eDer Palast hat mich nicht entt\u00e4uscht. Alle Bereiche waren fantastisch. Ich h\u00e4tte gern auch die Wohnung gesehen. Trotzdem einen Besuch wert.\u201c \u2013<\/em> Richard, April 2025<\/p>\n<p dir=\"ltr\"><em>\u201eDer K\u00f6nigspalast von Neapel war atemberaubend. Die Pracht war fast \u00fcberw\u00e4ltigend, man wusste gar nicht, wo man zuerst hinschauen sollte. Es gab so viel zu sehen, eins sch\u00f6ner als das andere. Ein wunderbarer Nachmittag!\u201c<\/em> \u2013 Clementina, Februar 2025 <a href=\"https:\/\/www.headout.com\/de\/palazzo-reale-neapel-tickets\/palazzo-reale-schnelleinlass-tickets-e-13596\/?affiliate_code=KXkQ69&amp;utm_campaign=itideroyalpalaceofnaplessp&amp;utm_content=link&amp;utm_medium=affiliate&amp;utm_source=most_amazing_places\" target=\"_blank\" rel=\"nofollow noopener\" data-lt-tmp-id=\"lt-355371\" spellcheck=\"false\" style=\"outline: none;\">&gt;&gt; Weitere Bewertungen ansehen \u2026<\/a><\/p>\n<h2>Weitere Aktivit\u00e4ten, die Ihnen gefallen k\u00f6nnten<\/h2>\n<p><span># <\/span><strong><span>2<\/span><\/strong><span># <\/span><strong><span>2<\/span><\/strong><span><img decoding=\"async\" alt=\"\" data-id=\"11581\" width=\"159\" data-init-width=\"1600\" height=\"99\" data-init-height=\"1000\" title=\"Kombi-Ticket (5 % sparen) \u2013 K\u00f6nigspalast von Neapel + Villa Pignatelli: Tickets ohne Anstehen\" loading=\"lazy\" src=\"https:\/\/italy-tourist-information.com\/wp-content\/uploads\/2025\/08\/Combo-Save-5-Royal-Palace-of-Naples-Villa-Pignatelli-Skip-The-Line-Tickets-ota.avif\" data-width=\"159\" data-height=\"99\" style=\"aspect-ratio: auto 1600 \/ 1000;\"><\/span><\/p>\n<table>\n<tbody>\n<tr>\n<td><a href=\"https:\/\/www.headout.com\/de\/palazzo-reale-neapel-tickets\/kombiticket-konigspalast-von-neapel-villa-pignatelli-schnelleinlass-tickets-e-27578\/?affiliate_code=KXkQ69&amp;utm_campaign=itideroyalpalaceofnaplessp2&amp;utm_content=link&amp;utm_medium=affiliate&amp;utm_source=most_amazing_places\" target=\"_blank\" rel=\"nofollow noopener\" style=\"outline: none;\" data-lt-tmp-id=\"lt-836263\" spellcheck=\"false\">Kombiticket: K\u00f6nigspalast von Neapel + Villa Pignatelli \u2013 Tickets ohne Anstehen<\/a><\/td>\n<\/tr>\n<\/tbody>\n<\/table>\n<p>Sichern Sie sich 5 % Rabatt auf ein fantastisches Kombiticket, mit dem Sie die Warteschlangen bei zwei der pr\u00e4chtigsten Sehensw\u00fcrdigkeiten Neapels umgehen k\u00f6nnen: dem K\u00f6nigspalast von Neapel und der exquisiten Villa Pignatelli.<\/p>\n<h3 style=\"\">Gesamtpreis<\/h3>\n<h3 style=\"\">Ihr Konto wird noch nicht belastet.<\/h3>\n<p><span><img decoding=\"async\" alt=\"\" data-id=\"6025\" width=\"159\" data-init-width=\"1600\" height=\"159\" data-init-height=\"1600\" title=\"Pompeji Express \u2013 Reservierter Eingang mit optionalem Audioguide 2\" loading=\"lazy\" src=\"https:\/\/italy-tourist-information.com\/wp-content\/uploads\/2024\/09\/Pompeii-Express-Reserved-Entrance-With-Optional-Audio-Guide-2.avif\" data-width=\"159\" data-height=\"159\" style=\"aspect-ratio: auto 1600 \/ 1600;\"><\/span><\/p>\n<table>\n<tbody>\n<tr>\n<td><a href=\"https:\/\/www.tiqets.com\/de\/pompeii-express-reserved-entry-herculaneum-entry-ticket-b1093\/?partner=italytouristinformation&amp;tq_campaign=RoyalPalaceofNaplesSp2\" target=\"_blank\" rel=\"nofollow noopener\" style=\"outline: none;\" data-lt-tmp-id=\"lt-573093\" spellcheck=\"false\">Pompeji Express: Reservierter Eintritt + Herculaneum: Eintrittskarte<\/a><\/td>\n<\/tr>\n<\/tbody>\n<\/table>\n<p>Begeben Sie sich auf eine Reise durch die Geschichte mit reserviertem Eintritt nach Pompeji und einer Eintrittskarte nach Herculaneum \u2013 zwei bemerkenswert gut erhaltene antike St\u00e4dte, die vom Vesuv versch\u00fcttet wurden.<\/p>\n<h3 style=\"\">Gesamtpreis<\/h3>\n<h3 style=\"\">Ihr Konto wird noch nicht belastet.<\/h3>\n<p><span># <\/span><strong><span>2<\/span><\/strong><span><img decoding=\"async\" alt=\"\" data-id=\"7179\" width=\"159\" data-init-width=\"1600\" height=\"159\" data-init-height=\"1600\" title=\"Naples Underground \u2013 Ticket ohne Anstehen + F\u00fchrung\" loading=\"lazy\" src=\"https:\/\/italy-tourist-information.com\/wp-content\/uploads\/2024\/09\/Naples-Underground-Skip-The-Line-Ticket-Guided-Tour-.avif\" data-width=\"159\" data-height=\"159\" style=\"aspect-ratio: auto 1600 \/ 1600;\"><\/span><\/p>\n<table>\n<tbody>\n<tr>\n<td><a href=\"https:\/\/megapass.com\/tours-tickets\/cappadocia-red-tour-with-goreme-museum-lunch-and-hotel-transfer-i2767?discountCode=ma-places\" target=\"_blank\" rel=\"nofollow noopener\" style=\"outline: none;\"><\/p>\n<table>\n<tbody>\n<tr>\n<td><strong><a href=\"https:\/\/www.tiqets.com\/de\/naples-attractions-c71720\/tickets-for-naples-underground-p974907\/?partner=italytouristinformation&amp;tq_campaign=RoyalPalaceofNaplesSp3\" rel=\"nofollow noopener\" spellcheck=\"false\" target=\"_blank\" style=\"outline: none;\">Naples Underground: Ticket ohne Anstehen + F\u00fchrung<\/a><\/strong><\/td>\n<\/tr>\n<\/tbody>\n<\/table>\n<p><strong><\/strong><\/a><\/td>\n<\/tr>\n<\/tbody>\n<\/table>\n<p>Steigen Sie mit einem Ticket ohne Anstehen und einem fachkundigen F\u00fchrer hinab unter die gesch\u00e4ftigen Stra\u00dfen Neapels und erkunden Sie ein faszinierendes unterirdisches Labyrinth.<\/p>\n<h3 style=\"\">Gesamtpreis<\/h3>\n<h3 style=\"\">Ihr Konto wird noch nicht belastet.<\/h3>\n<p><\/p>\n<h2><a href=\"https:\/\/www.headout.com\/de\/palazzo-reale-neapel-tickets\/palazzo-reale-schnelleinlass-tickets-e-13596\/?affiliate_code=KXkQ69&amp;utm_campaign=itideroyalpalaceofnaplessp&amp;utm_content=link&amp;utm_medium=affiliate&amp;utm_source=most_amazing_places\" target=\"_blank\" rel=\"nofollow noopener\" style=\"outline: none;\">Zur Buchung<\/a><\/h2>\n<p style=\"\"><a href=\"https:\/\/www.headout.com\/de\/palazzo-reale-neapel-tickets\/palazzo-reale-schnelleinlass-tickets-e-13596\/?affiliate_code=KXkQ69&amp;utm_campaign=itideroyalpalaceofnaplessp&amp;utm_content=link&amp;utm_medium=affiliate&amp;utm_source=most_amazing_places\" target=\"_blank\" rel=\"nofollow noopener\" style=\"outline: none;\">Preis ab<\/a><\/p>\n<h1><a href=\"https:\/\/www.headout.com\/de\/palazzo-reale-neapel-tickets\/palazzo-reale-schnelleinlass-tickets-e-13596\/?affiliate_code=KXkQ69&amp;utm_campaign=itideroyalpalaceofnaplessp&amp;utm_content=link&amp;utm_medium=affiliate&amp;utm_source=most_amazing_places\" target=\"_blank\" rel=\"nofollow noopener\" style=\"outline: none;\"><strong>23,50 \u20ac<\/strong><\/a><\/h1>\n<p style=\"\">Ihr Konto wird noch nicht belastet.<\/p>\n","protected":false},"excerpt":{"rendered":"<p>K\u00f6nigspalast von Neapel: Tickets ohne Anstehen mit digitalem Audioguide Zur Buchung Preis ab 23,50 \u20ac Tauchen Sie ein in die k\u00f6nigliche Vergangenheit Neapels mit bevorzugtem Einlass zum K\u00f6nigspalast Neapel. Erkunden Sie prunkvolle S\u00e4le, luxuri\u00f6se Interieurs und elegante G\u00e4rten und entdecken Sie jahrhundertealte k\u00f6nigliche Geschichte \u2013 ganz in Ihrem eigenen Tempo. Sorgf\u00e4ltig ausgew\u00e4hltes Ticket&nbsp; Mobiles Ticket&nbsp; [&hellip;]<\/p>\n","protected":false},"author":6,"featured_media":18401,"parent":0,"menu_order":0,"comment_status":"closed","ping_status":"closed","template":"","meta":{"footnotes":""},"categories":[141,128],"tags":[151,152,130],"class_list":["post-18400","page","type-page","status-publish","has-post-thumbnail","hentry","category-neapel","category-verkaufsseite","tag-neapel","tag-neapel-2","tag-verkaufsseite","post-wrapper","thrv_wrapper"],"_links":{"self":[{"href":"https:\/\/italy-tourist-information.com\/de\/wp-json\/wp\/v2\/pages\/18400","targetHints":{"allow":["GET"]}}],"collection":[{"href":"https:\/\/italy-tourist-information.com\/de\/wp-json\/wp\/v2\/pages"}],"about":[{"href":"https:\/\/italy-tourist-information.com\/de\/wp-json\/wp\/v2\/types\/page"}],"author":[{"embeddable":true,"href":"https:\/\/italy-tourist-information.com\/de\/wp-json\/wp\/v2\/users\/6"}],"replies":[{"embeddable":true,"href":"https:\/\/italy-tourist-information.com\/de\/wp-json\/wp\/v2\/comments?post=18400"}],"version-history":[{"count":7,"href":"https:\/\/italy-tourist-information.com\/de\/wp-json\/wp\/v2\/pages\/18400\/revisions"}],"predecessor-version":[{"id":19251,"href":"https:\/\/italy-tourist-information.com\/de\/wp-json\/wp\/v2\/pages\/18400\/revisions\/19251"}],"wp:featuredmedia":[{"embeddable":true,"href":"https:\/\/italy-tourist-information.com\/de\/wp-json\/wp\/v2\/media\/18401"}],"wp:attachment":[{"href":"https:\/\/italy-tourist-information.com\/de\/wp-json\/wp\/v2\/media?parent=18400"}],"wp:term":[{"taxonomy":"category","embeddable":true,"href":"https:\/\/italy-tourist-information.com\/de\/wp-json\/wp\/v2\/categories?post=18400"},{"taxonomy":"post_tag","embeddable":true,"href":"https:\/\/italy-tourist-information.com\/de\/wp-json\/wp\/v2\/tags?post=18400"}],"curies":[{"name":"wp","href":"https:\/\/api.w.org\/{rel}","templated":true}]}}