{"id":18410,"date":"2024-09-16T13:12:49","date_gmt":"2024-09-16T13:12:49","guid":{"rendered":"https:\/\/italy-tourist-information.com\/st-marks-basilica-skip-the-line-ticket"},"modified":"2026-04-15T12:38:17","modified_gmt":"2026-04-15T12:38:17","slug":"markusdom-tickets-ohne-anstehen","status":"publish","type":"page","link":"https:\/\/italy-tourist-information.com\/de\/markusdom-tickets-ohne-anstehen","title":{"rendered":"Markusdom Tickets ohne Anstehen"},"content":{"rendered":"<p><span><img decoding=\"async\" alt=\"\" data-id=\"6649\" width=\"1200\" height=\"750\" title=\"Tickets ohne Anstehen f\u00fcr den Markusdom\" src=\"https:\/\/italy-tourist-information.com\/wp-content\/uploads\/2024\/09\/St.-Marks-Basilica-Skip-the-Line-Tickets--1024x640.avif\" data-src=\"https:\/\/italy-tourist-information.com\/wp-content\/uploads\/2024\/09\/St.-Marks-Basilica-Skip-the-Line-Tickets--300x188.avif\" loading=\"lazy\" data-sizes=\"{&quot;thumbnail&quot;:{&quot;url&quot;:&quot;https:\/\/italy-tourist-information.com\/wp-content\/uploads\/2024\/09\/St.-Marks-Basilica-Skip-the-Line-Tickets--150x150.avif&quot;,&quot;height&quot;:150,&quot;width&quot;:150,&quot;orientation&quot;:&quot;landscape&quot;},&quot;medium&quot;:{&quot;url&quot;:&quot;https:\/\/italy-tourist-information.com\/wp-content\/uploads\/2024\/09\/St.-Marks-Basilica-Skip-the-Line-Tickets--300x188.avif&quot;,&quot;height&quot;:188,&quot;width&quot;:300,&quot;orientation&quot;:&quot;landscape&quot;},&quot;large&quot;:{&quot;url&quot;:&quot;https:\/\/italy-tourist-information.com\/wp-content\/uploads\/2024\/09\/St.-Marks-Basilica-Skip-the-Line-Tickets--1024x640.avif&quot;,&quot;height&quot;:640,&quot;width&quot;:1024,&quot;orientation&quot;:&quot;landscape&quot;},&quot;full&quot;:{&quot;url&quot;:&quot;https:\/\/italy-tourist-information.com\/wp-content\/uploads\/2024\/09\/St.-Marks-Basilica-Skip-the-Line-Tickets-.avif&quot;,&quot;height&quot;:750,&quot;width&quot;:1200,&quot;orientation&quot;:&quot;landscape&quot;}}\"><\/span><span><img decoding=\"async\" alt=\"\" data-id=\"6648\" width=\"1200\" height=\"750\" title=\"Tickets ohne Anstehen f\u00fcr den Markusdom 2\" src=\"https:\/\/italy-tourist-information.com\/wp-content\/uploads\/2024\/09\/St.-Marks-Basilica-Skip-the-Line-Tickets-2-1024x640.avif\" data-src=\"https:\/\/italy-tourist-information.com\/wp-content\/uploads\/2024\/09\/St.-Marks-Basilica-Skip-the-Line-Tickets-2-300x188.avif\" loading=\"lazy\" data-sizes=\"{&quot;thumbnail&quot;:{&quot;url&quot;:&quot;https:\/\/italy-tourist-information.com\/wp-content\/uploads\/2024\/09\/St.-Marks-Basilica-Skip-the-Line-Tickets-2-150x150.avif&quot;,&quot;height&quot;:150,&quot;width&quot;:150,&quot;orientation&quot;:&quot;landscape&quot;},&quot;medium&quot;:{&quot;url&quot;:&quot;https:\/\/italy-tourist-information.com\/wp-content\/uploads\/2024\/09\/St.-Marks-Basilica-Skip-the-Line-Tickets-2-300x188.avif&quot;,&quot;height&quot;:188,&quot;width&quot;:300,&quot;orientation&quot;:&quot;landscape&quot;},&quot;large&quot;:{&quot;url&quot;:&quot;https:\/\/italy-tourist-information.com\/wp-content\/uploads\/2024\/09\/St.-Marks-Basilica-Skip-the-Line-Tickets-2-1024x640.avif&quot;,&quot;height&quot;:640,&quot;width&quot;:1024,&quot;orientation&quot;:&quot;landscape&quot;},&quot;full&quot;:{&quot;url&quot;:&quot;https:\/\/italy-tourist-information.com\/wp-content\/uploads\/2024\/09\/St.-Marks-Basilica-Skip-the-Line-Tickets-2.avif&quot;,&quot;height&quot;:750,&quot;width&quot;:1200,&quot;orientation&quot;:&quot;landscape&quot;}}\"><\/span><span><img decoding=\"async\" alt=\"\" data-id=\"6647\" width=\"1200\" height=\"750\" title=\"Markusdom \u2013 Tickets ohne Anstehen 3\" src=\"https:\/\/italy-tourist-information.com\/wp-content\/uploads\/2024\/09\/St.-Marks-Basilica-Skip-the-Line-Tickets-3-1024x640.avif\" data-src=\"https:\/\/italy-tourist-information.com\/wp-content\/uploads\/2024\/09\/St.-Marks-Basilica-Skip-the-Line-Tickets-3-300x188.avif\" loading=\"lazy\" data-sizes=\"{&quot;thumbnail&quot;:{&quot;url&quot;:&quot;https:\/\/italy-tourist-information.com\/wp-content\/uploads\/2024\/09\/St.-Marks-Basilica-Skip-the-Line-Tickets-3-150x150.avif&quot;,&quot;height&quot;:150,&quot;width&quot;:150,&quot;orientation&quot;:&quot;landscape&quot;},&quot;medium&quot;:{&quot;url&quot;:&quot;https:\/\/italy-tourist-information.com\/wp-content\/uploads\/2024\/09\/St.-Marks-Basilica-Skip-the-Line-Tickets-3-300x188.avif&quot;,&quot;height&quot;:188,&quot;width&quot;:300,&quot;orientation&quot;:&quot;landscape&quot;},&quot;large&quot;:{&quot;url&quot;:&quot;https:\/\/italy-tourist-information.com\/wp-content\/uploads\/2024\/09\/St.-Marks-Basilica-Skip-the-Line-Tickets-3-1024x640.avif&quot;,&quot;height&quot;:640,&quot;width&quot;:1024,&quot;orientation&quot;:&quot;landscape&quot;},&quot;full&quot;:{&quot;url&quot;:&quot;https:\/\/italy-tourist-information.com\/wp-content\/uploads\/2024\/09\/St.-Marks-Basilica-Skip-the-Line-Tickets-3.avif&quot;,&quot;height&quot;:750,&quot;width&quot;:1200,&quot;orientation&quot;:&quot;landscape&quot;}}\"><\/span><span><img decoding=\"async\" alt=\"\" data-id=\"6646\" width=\"1200\" height=\"750\" title=\"Tickets ohne Anstehen f\u00fcr den Markusdom 4\" src=\"https:\/\/italy-tourist-information.com\/wp-content\/uploads\/2024\/09\/St.-Marks-Basilica-Skip-the-Line-Tickets-4-1024x640.avif\" data-src=\"https:\/\/italy-tourist-information.com\/wp-content\/uploads\/2024\/09\/St.-Marks-Basilica-Skip-the-Line-Tickets-4-300x188.avif\" loading=\"lazy\" data-sizes=\"{&quot;thumbnail&quot;:{&quot;url&quot;:&quot;https:\/\/italy-tourist-information.com\/wp-content\/uploads\/2024\/09\/St.-Marks-Basilica-Skip-the-Line-Tickets-4-150x150.avif&quot;,&quot;height&quot;:150,&quot;width&quot;:150,&quot;orientation&quot;:&quot;landscape&quot;},&quot;medium&quot;:{&quot;url&quot;:&quot;https:\/\/italy-tourist-information.com\/wp-content\/uploads\/2024\/09\/St.-Marks-Basilica-Skip-the-Line-Tickets-4-300x188.avif&quot;,&quot;height&quot;:188,&quot;width&quot;:300,&quot;orientation&quot;:&quot;landscape&quot;},&quot;large&quot;:{&quot;url&quot;:&quot;https:\/\/italy-tourist-information.com\/wp-content\/uploads\/2024\/09\/St.-Marks-Basilica-Skip-the-Line-Tickets-4-1024x640.avif&quot;,&quot;height&quot;:640,&quot;width&quot;:1024,&quot;orientation&quot;:&quot;landscape&quot;},&quot;full&quot;:{&quot;url&quot;:&quot;https:\/\/italy-tourist-information.com\/wp-content\/uploads\/2024\/09\/St.-Marks-Basilica-Skip-the-Line-Tickets-4.avif&quot;,&quot;height&quot;:750,&quot;width&quot;:1200,&quot;orientation&quot;:&quot;landscape&quot;}}\"><\/span><\/p>\n<h1>Markusdom: Tickets ohne Anstehen<\/h1>\n<h2><a href=\"https:\/\/www.tiqets.com\/en\/venice-attractions-c71510\/tickets-for-st-mark-s-basilica-skip-the-line-tickets-p1111368\/?partner=italytouristinformation&amp;tq_campaign=ITISanMarcoBasilicaGttd\" target=\"_blank\" rel=\"nofollow noopener\" style=\"outline: none;\" spellcheck=\"false\">Zur Buchung<\/a><\/h2>\n<p style=\"\"><a href=\"https:\/\/www.tiqets.com\/en\/venice-attractions-c71510\/tickets-for-st-mark-s-basilica-skip-the-line-tickets-p1111368\/?partner=italytouristinformation&amp;tq_campaign=ITISanMarcoBasilicaGttd\" target=\"_blank\" rel=\"nofollow noopener\" style=\"outline: none;\">Preis ab<\/a><\/p>\n<h1><a href=\"https:\/\/www.tiqets.com\/en\/venice-attractions-c71510\/tickets-for-st-mark-s-basilica-skip-the-line-tickets-p1111368\/?partner=italytouristinformation&amp;tq_campaign=ITISanMarcoBasilicaGttd\" target=\"_blank\" rel=\"nofollow noopener\" style=\"outline: none;\" spellcheck=\"false\"><strong>28,00 \u20ac<br \/><\/strong><\/a><\/h1>\n<p dir=\"ltr\">Umgehen Sie mit Ihrem Reiseleiter die langen Warteschlangen und entdecken Sie die Wunder von Venedigs ber\u00fchmtestem Wahrzeichen, dem Markusdom. Erkunden Sie die majest\u00e4tische byzantinische Architektur, die goldenen Mosaiken und die kunstvollen Details.<\/p>\n<ul>\n<li style=\"\"><span>Sorgf\u00e4ltig ausgew\u00e4hltes Ticket&nbsp;<\/span><\/li>\n<li style=\"\"><span>Warteschlange \u00fcberspringen<\/span><\/li>\n<li style=\"\"><span>Audioguide&nbsp;<\/span><\/li>\n<li style=\"\"><span>R\u00fcckerstattungsf\u00e4hige Optionen verf\u00fcgbar<\/span><\/li>\n<\/ul>\n<h2>Inbegriffen<\/h2>\n<ul>\n<li style=\"\">                    <span>Freier Eintritt in den Markusdom<\/span><\/li>\n<li style=\"\">                    <span>Zugang zum Erdgeschoss<\/span><\/li>\n<li style=\"\">                    <span>Digitaler Audioguide f\u00fcr den Markusdom<\/span><\/li>\n<li style=\"\">                    <span>Ticket ohne Anstehen f\u00fcr den Markusdom<\/span><\/li>\n<li style=\"\">                    <span>Zugang zur Basilika della Salute und zur Basilika Santa Maria Assunta<\/span><\/li>\n<\/ul>\n<h2>Optionen beim Bezahlvorgang<\/h2>\n<ul>\n<li style=\"\"><!--! Font Awesome Free 6.7.1 by @fontawesome - https:\/\/fontawesome.com License - https:\/\/fontawesome.com\/license\/free (Icons: CC BY 4.0, Fonts: SIL OFL 1.1, Code: MIT License) Copyright 2024 Fonticons, Inc. --><span>Markusdom: Kein Anstehen + Terrasse, Museum, Pala d&#8217;Oro &amp; Audioguide<br \/><\/span><\/li>\n<\/ul>\n<ul>\n<li style=\"\"><!--! Font Awesome Free 6.7.1 by @fontawesome - https:\/\/fontawesome.com License - https:\/\/fontawesome.com\/license\/free (Icons: CC BY 4.0, Fonts: SIL OFL 1.1, Code: MIT License) Copyright 2024 Fonticons, Inc. --><span>Markusdom: Ticket ohne Anstehen (nur Kathedrale)<\/span><\/li>\n<\/ul>\n<ul>\n<li style=\"\"><!--! Font Awesome Free 6.7.1 by @fontawesome - https:\/\/fontawesome.com License - https:\/\/fontawesome.com\/license\/free (Icons: CC BY 4.0, Fonts: SIL OFL 1.1, Code: MIT License) Copyright 2024 Fonticons, Inc. --><span>Markusdom: Ticket ohne Anstehen mit Pala d&#8217;Oro Access<\/span><\/li>\n<li style=\"\"><!--! Font Awesome Free 6.7.1 by @fontawesome - https:\/\/fontawesome.com License - https:\/\/fontawesome.com\/license\/free (Icons: CC BY 4.0, Fonts: SIL OFL 1.1, Code: MIT License) Copyright 2024 Fonticons, Inc. --><span>Markusdom: Ticket ohne Anstehen mit Terrasse<\/span><\/li>\n<\/ul>\n<h2>Wichtige Informationen<\/h2>\n<ul>\n<li style=\"\"><span>Zeigen Sie beim Einlass Ihr mobiles Ticket zusammen mit Ihrem g\u00fcltigen Lichtbildausweis vor.<\/span><\/li>\n<li style=\"\"><span>Strenge Kleiderordnung: Schultern und Knie m\u00fcssen bedeckt sein.<\/span><\/li>\n<li style=\"\"><span>Das Fotografieren im Inneren der Basilika ist nicht gestattet.<\/span><\/li>\n<li style=\"\"><span>Zug\u00e4nglichkeit f\u00fcr Rollstuhlfahrer und Kinderwagen \u00fcber Porta del Fiori m\u00f6glich.<\/span><\/li>\n<li style=\"\"><span>Das St. Mark&#8217;s Museum ist mit Aufz\u00fcgen und Treppenliften erreichbar.<\/span><\/li>\n<li style=\"\"><span>Der Zutritt ist nur in Begleitung des Gastgebers gestattet.&nbsp;<\/span><\/li>\n<li><span>Der Gastgeber ist kein Reisef\u00fchrer&nbsp;<\/span><\/li>\n<\/ul>\n<h2>Beschreibung:<\/h2>\n<p dir=\"ltr\"><strong>Umgehen Sie die Warteschlangen<\/strong> und betreten Sie den pr\u00e4chtigen <strong>Markusdom,<\/strong> Venedigs ber\u00fchmtestes Wahrzeichen. Bestaunen Sie die hoch aufragenden Kuppeln, die kunstvollen Mosaiken und die faszinierende religi\u00f6se Kunst. F\u00fcr ein noch intensiveres Erlebnis k\u00f6nnen Sie Ihr Ticket upgraden und so den strahlenden Altar der Pala d&#8217;Oro, die Terrasse des Doms und die historischen Sch\u00e4tze im Markusmuseum besichtigen.&nbsp;<\/p>\n<h2>Highlights:<\/h2>\n<ul>\n<li dir=\"ltr\">Umgehen Sie die langen Warteschlangen und erhalten Sie schnellen Zugang zum Markusdom.<\/li>\n<li dir=\"ltr\">Bewundern Sie das praktische Innere der Basilika.<\/li>\n<li dir=\"ltr\">Bewundern Sie die f\u00fcnf atemberaubenden Kuppeln und die biblischen Mosaiken.<\/li>\n<li dir=\"ltr\">Mit einem Upgrade erhalten Sie Zugang zur Pala d&#8217;Oro, einem mittelalterlichen Meisterwerk der Goldschmiedekunst, und zur Terrasse mit Panoramablick auf den gesch\u00e4ftlichen Markusplatz.<\/li>\n<\/ul>\n<h2>Markusdom<\/h2>\n<p>P.za San Marco, 328, 30100 Venezia VE, Italien<\/p>\n<h2>Stornierungsbedingungen<\/h2>\n<p>Bei einigen Ticketoptionen ist eine Stornierung m\u00f6glich.<\/p>\n<h2>Treffpunkt &amp; Anweisungen<\/h2>\n<p data-pm-slice=\"1 1 []\">Sie erhalten einen Gutschein per E-Mail. Legen Sie diese zusammen mit Ihrem g\u00fcltigen Lichtbildausweis am Treffpunkt dem Gastgeber vor, um Ihr offizielles Ticket zu erhalten.<\/p>\n<p>Bitte warten Sie 15 Minuten vor dem vereinbarten Treffpunkt, um Verz\u00f6gerungen zu vermeiden.<\/p>\n<h2>Bewertungen<\/h2>\n<p><strong>Neu!&nbsp;<\/strong><\/p>\n<p dir=\"ltr\">&nbsp;<a href=\"https:\/\/www.tiqets.com\/en\/venice-attractions-c71510\/tickets-for-st-mark-s-basilica-skip-the-line-tickets-p1111368\/?partner=italytouristinformation&amp;tq_campaign=ITISanMarcoBasilicaGttd\" target=\"_blank\" rel=\"nofollow noopener\" spellcheck=\"false\" style=\"outline: none;\">&gt;&gt; Mehr Informationen hier&#8230;<\/a><\/p>\n<p><span># <\/span><strong><span>2<\/span><\/strong><span><img decoding=\"async\" alt=\"\" data-id=\"11553\" width=\"159\" data-init-width=\"1600\" height=\"99\" data-init-height=\"1000\" title=\"Tickets ohne Anstehen f\u00fcr den Markusdom mit Audioguide\" loading=\"lazy\" src=\"https:\/\/italy-tourist-information.com\/wp-content\/uploads\/2025\/08\/St.-Marks-Basilica-Skip-the-Line-Tickets-with-Audio-Guide-ota.avif\" data-width=\"159\" data-height=\"99\" style=\"aspect-ratio: auto 1600 \/ 1000;\"><\/span><\/p>\n<table>\n<tbody>\n<tr>\n<td>\n<table>\n<tbody>\n<tr>\n<td><strong><a href=\"https:\/\/www.headout.com\/r\/most-amazing-placesrecommends-aoEzt\/\" rel=\"nofollow noopener\" spellcheck=\"false\" target=\"_blank\" style=\"outline: none;\">Tickets ohne Anstehen f\u00fcr den Markusdom inklusive Audioguide<\/a><\/strong><\/td>\n<\/tr>\n<\/tbody>\n<\/table>\n<p><strong><\/strong><\/td>\n<\/tr>\n<\/tbody>\n<\/table>\n<p>Betreten Sie die atemberaubende Markuskirche mit Tickets ohne Anstehen, sodass Sie die Warteschlangen umgehen und die beeindruckenden Mosaiken und die byzantinische Architektur mit einem hilfreichen Audioguide erkunden k\u00f6nnen.<\/p>\n<h3 style=\"\">Gesamtpreis<\/h3>\n<h3>Ihr Konto wird noch nicht belastet.<\/h3>\n<p><span># <\/span><strong><span>2<\/span><\/strong><span># <\/span><strong><span>2<\/span><\/strong><span># <\/span><strong><span>2<\/span><\/strong><span><img decoding=\"async\" alt=\"\" data-id=\"11554\" width=\"159\" data-init-width=\"1600\" height=\"99\" data-init-height=\"1000\" title=\"Venedigs Ikonen \u2013 Markusdom &amp; Dogenpalast: Gef\u00fchrte Tour ohne Anstehen\" loading=\"lazy\" src=\"https:\/\/italy-tourist-information.com\/wp-content\/uploads\/2025\/08\/Venice-Icons-St.-Marks-Basilica-Doges-Palace-Skip-the-Line-Guided-Tour-ota.avif\" data-width=\"159\" data-height=\"99\" style=\"aspect-ratio: auto 1600 \/ 1000;\"><\/span><\/p>\n<table>\n<tbody>\n<tr>\n<td>\n<table>\n<tbody>\n<tr>\n<td><strong><a href=\"https:\/\/www.headout.com\/r\/most-amazing-placesrecommends-ap5z8\/\" rel=\"nofollow noopener\" spellcheck=\"false\" target=\"_blank\" style=\"outline: none;\">Venedigs Wahrzeichen: Markusdom &amp; Dogenpalast \u2013 Gef\u00fchrte Tour ohne Anstehen<\/a><\/strong><\/td>\n<\/tr>\n<\/tbody>\n<\/table>\n<p><strong><\/strong><\/td>\n<\/tr>\n<\/tbody>\n<\/table>\n<p>Entdecken Sie die Highlights Venedigs mit einer 1,5- bis 3-st\u00fcndigen F\u00fchrung ohne Anstehen zu den ber\u00fchmtesten Sehensw\u00fcrdigkeiten, dem Markusdom und dem Dogenpalast.<\/p>\n<h3 style=\"\">Gesamtpreis<\/h3>\n<h3 style=\"\">Ihr Konto wird noch nicht belastet.<\/h3>\n<p><\/p>\n<h2><a href=\"https:\/\/www.tiqets.com\/en\/venice-attractions-c71510\/tickets-for-st-mark-s-basilica-skip-the-line-tickets-p1111368\/?partner=italytouristinformation&amp;tq_campaign=ITISanMarcoBasilicaGttd\" target=\"_blank\" rel=\"nofollow noopener\" style=\"outline: none;\">Zur Buchung<\/a><\/h2>\n<p style=\"\"><a href=\"https:\/\/www.tiqets.com\/en\/venice-attractions-c71510\/tickets-for-st-mark-s-basilica-skip-the-line-tickets-p1111368\/?partner=italytouristinformation&amp;tq_campaign=ITISanMarcoBasilicaGttd\" target=\"_blank\" rel=\"nofollow noopener\" style=\"outline: none;\">Preis ab<\/a><\/p>\n<h1><a href=\"https:\/\/www.tiqets.com\/en\/venice-attractions-c71510\/tickets-for-st-mark-s-basilica-skip-the-line-tickets-p1111368\/?partner=italytouristinformation&amp;tq_campaign=ITISanMarcoBasilicaGttd\" target=\"_blank\" rel=\"nofollow noopener\" style=\"outline: none;\"><strong>28,00 \u20ac<br \/><\/strong><\/a><\/h1>\n<h3>Ihr Konto wird noch nicht belastet.<\/h3>\n","protected":false},"excerpt":{"rendered":"<p>Markusdom: Tickets ohne Anstehen Zur Buchung Preis ab 28,00 \u20ac Umgehen Sie mit Ihrem Reiseleiter die langen Warteschlangen und entdecken Sie die Wunder von Venedigs ber\u00fchmtestem Wahrzeichen, dem Markusdom. Erkunden Sie die majest\u00e4tische byzantinische Architektur, die goldenen Mosaiken und die kunstvollen Details. Sorgf\u00e4ltig ausgew\u00e4hltes Ticket&nbsp; Warteschlange \u00fcberspringen Audioguide&nbsp; R\u00fcckerstattungsf\u00e4hige Optionen verf\u00fcgbar Inbegriffen Freier Eintritt in [&hellip;]<\/p>\n","protected":false},"author":6,"featured_media":18411,"parent":0,"menu_order":0,"comment_status":"closed","ping_status":"closed","template":"","meta":{"footnotes":""},"categories":[],"tags":[158,130],"class_list":["post-18410","page","type-page","status-publish","has-post-thumbnail","hentry","tag-venedig","tag-verkaufsseite","post-wrapper","thrv_wrapper"],"_links":{"self":[{"href":"https:\/\/italy-tourist-information.com\/de\/wp-json\/wp\/v2\/pages\/18410","targetHints":{"allow":["GET"]}}],"collection":[{"href":"https:\/\/italy-tourist-information.com\/de\/wp-json\/wp\/v2\/pages"}],"about":[{"href":"https:\/\/italy-tourist-information.com\/de\/wp-json\/wp\/v2\/types\/page"}],"author":[{"embeddable":true,"href":"https:\/\/italy-tourist-information.com\/de\/wp-json\/wp\/v2\/users\/6"}],"replies":[{"embeddable":true,"href":"https:\/\/italy-tourist-information.com\/de\/wp-json\/wp\/v2\/comments?post=18410"}],"version-history":[{"count":7,"href":"https:\/\/italy-tourist-information.com\/de\/wp-json\/wp\/v2\/pages\/18410\/revisions"}],"predecessor-version":[{"id":19395,"href":"https:\/\/italy-tourist-information.com\/de\/wp-json\/wp\/v2\/pages\/18410\/revisions\/19395"}],"wp:featuredmedia":[{"embeddable":true,"href":"https:\/\/italy-tourist-information.com\/de\/wp-json\/wp\/v2\/media\/18411"}],"wp:attachment":[{"href":"https:\/\/italy-tourist-information.com\/de\/wp-json\/wp\/v2\/media?parent=18410"}],"wp:term":[{"taxonomy":"category","embeddable":true,"href":"https:\/\/italy-tourist-information.com\/de\/wp-json\/wp\/v2\/categories?post=18410"},{"taxonomy":"post_tag","embeddable":true,"href":"https:\/\/italy-tourist-information.com\/de\/wp-json\/wp\/v2\/tags?post=18410"}],"curies":[{"name":"wp","href":"https:\/\/api.w.org\/{rel}","templated":true}]}}