{"id":18419,"date":"2025-05-14T13:03:40","date_gmt":"2025-05-14T13:03:40","guid":{"rendered":"https:\/\/italy-tourist-information.com\/st-peters-basilica-guided-tour"},"modified":"2026-05-05T10:32:01","modified_gmt":"2026-05-05T10:32:01","slug":"petersdom-fuehrung","status":"publish","type":"page","link":"https:\/\/italy-tourist-information.com\/de\/petersdom-fuehrung","title":{"rendered":"Petersdom F\u00fchrung + Zugang zur Kuppel und Vatikanischen Grotten"},"content":{"rendered":"<p><span><img decoding=\"async\" alt=\"\" data-id=\"10813\" width=\"2336\" height=\"1556\" title=\"Petersdom \u2013 F\u00fchrung + Zugang zur Kuppel und den Vatikanischen Grotten\" src=\"https:\/\/italy-tourist-information.com\/wp-content\/uploads\/2025\/05\/St.-Peters-Basilica-Guided-Tour-Dome-Vatican-Grottoes-Access-ota-1024x682.avif\" data-src=\"https:\/\/italy-tourist-information.com\/wp-content\/uploads\/2025\/05\/St.-Peters-Basilica-Guided-Tour-Dome-Vatican-Grottoes-Access-ota-300x200.avif\" loading=\"lazy\" data-sizes=\"{&quot;thumbnail&quot;:{&quot;url&quot;:&quot;https:\/\/italy-tourist-information.com\/wp-content\/uploads\/2025\/05\/St.-Peters-Basilica-Guided-Tour-Dome-Vatican-Grottoes-Access-ota-150x150.avif&quot;,&quot;height&quot;:150,&quot;width&quot;:150,&quot;orientation&quot;:&quot;landscape&quot;},&quot;medium&quot;:{&quot;url&quot;:&quot;https:\/\/italy-tourist-information.com\/wp-content\/uploads\/2025\/05\/St.-Peters-Basilica-Guided-Tour-Dome-Vatican-Grottoes-Access-ota-300x200.avif&quot;,&quot;height&quot;:200,&quot;width&quot;:300,&quot;orientation&quot;:&quot;landscape&quot;},&quot;large&quot;:{&quot;url&quot;:&quot;https:\/\/italy-tourist-information.com\/wp-content\/uploads\/2025\/05\/St.-Peters-Basilica-Guided-Tour-Dome-Vatican-Grottoes-Access-ota-1024x682.avif&quot;,&quot;height&quot;:682,&quot;width&quot;:1024,&quot;orientation&quot;:&quot;landscape&quot;},&quot;full&quot;:{&quot;url&quot;:&quot;https:\/\/italy-tourist-information.com\/wp-content\/uploads\/2025\/05\/St.-Peters-Basilica-Guided-Tour-Dome-Vatican-Grottoes-Access-ota.avif&quot;,&quot;height&quot;:1556,&quot;width&quot;:2336,&quot;orientation&quot;:&quot;landscape&quot;},&quot;1536x1536&quot;:{&quot;url&quot;:&quot;https:\/\/italy-tourist-information.com\/wp-content\/uploads\/2025\/05\/St.-Peters-Basilica-Guided-Tour-Dome-Vatican-Grottoes-Access-ota-1536x1023.avif&quot;,&quot;height&quot;:1023,&quot;width&quot;:1536,&quot;orientation&quot;:&quot;landscape&quot;},&quot;2048x2048&quot;:{&quot;url&quot;:&quot;https:\/\/italy-tourist-information.com\/wp-content\/uploads\/2025\/05\/St.-Peters-Basilica-Guided-Tour-Dome-Vatican-Grottoes-Access-ota-2048x1364.avif&quot;,&quot;height&quot;:1364,&quot;width&quot;:2048,&quot;orientation&quot;:&quot;landscape&quot;}}\"><\/span><span><img decoding=\"async\" alt=\"\" data-id=\"10812\" width=\"2335\" height=\"1556\" title=\"Petersdom \u2013 F\u00fchrung + Zugang zur Kuppel und den Vatikanischen Grotten (ota2)\" src=\"https:\/\/italy-tourist-information.com\/wp-content\/uploads\/2025\/05\/St.-Peters-Basilica-Guided-Tour-Dome-Vatican-Grottoes-Access-ota2-1024x682.avif\" data-src=\"https:\/\/italy-tourist-information.com\/wp-content\/uploads\/2025\/05\/St.-Peters-Basilica-Guided-Tour-Dome-Vatican-Grottoes-Access-ota2-300x200.avif\" loading=\"lazy\" data-sizes=\"{&quot;thumbnail&quot;:{&quot;url&quot;:&quot;https:\/\/italy-tourist-information.com\/wp-content\/uploads\/2025\/05\/St.-Peters-Basilica-Guided-Tour-Dome-Vatican-Grottoes-Access-ota2-150x150.avif&quot;,&quot;height&quot;:150,&quot;width&quot;:150,&quot;orientation&quot;:&quot;landscape&quot;},&quot;medium&quot;:{&quot;url&quot;:&quot;https:\/\/italy-tourist-information.com\/wp-content\/uploads\/2025\/05\/St.-Peters-Basilica-Guided-Tour-Dome-Vatican-Grottoes-Access-ota2-300x200.avif&quot;,&quot;height&quot;:200,&quot;width&quot;:300,&quot;orientation&quot;:&quot;landscape&quot;},&quot;large&quot;:{&quot;url&quot;:&quot;https:\/\/italy-tourist-information.com\/wp-content\/uploads\/2025\/05\/St.-Peters-Basilica-Guided-Tour-Dome-Vatican-Grottoes-Access-ota2-1024x682.avif&quot;,&quot;height&quot;:682,&quot;width&quot;:1024,&quot;orientation&quot;:&quot;landscape&quot;},&quot;full&quot;:{&quot;url&quot;:&quot;https:\/\/italy-tourist-information.com\/wp-content\/uploads\/2025\/05\/St.-Peters-Basilica-Guided-Tour-Dome-Vatican-Grottoes-Access-ota2.avif&quot;,&quot;height&quot;:1556,&quot;width&quot;:2335,&quot;orientation&quot;:&quot;landscape&quot;},&quot;1536x1536&quot;:{&quot;url&quot;:&quot;https:\/\/italy-tourist-information.com\/wp-content\/uploads\/2025\/05\/St.-Peters-Basilica-Guided-Tour-Dome-Vatican-Grottoes-Access-ota2-1536x1024.avif&quot;,&quot;height&quot;:1024,&quot;width&quot;:1536,&quot;orientation&quot;:&quot;landscape&quot;},&quot;2048x2048&quot;:{&quot;url&quot;:&quot;https:\/\/italy-tourist-information.com\/wp-content\/uploads\/2025\/05\/St.-Peters-Basilica-Guided-Tour-Dome-Vatican-Grottoes-Access-ota2-2048x1365.avif&quot;,&quot;height&quot;:1365,&quot;width&quot;:2048,&quot;orientation&quot;:&quot;landscape&quot;}}\"><\/span><span><img decoding=\"async\" alt=\"\" data-id=\"10809\" width=\"2333\" height=\"1556\" title=\"Petersdom \u2013 F\u00fchrung + Zugang zur Kuppel und den Vatikanischen Grotten (OTA5)\" src=\"https:\/\/italy-tourist-information.com\/wp-content\/uploads\/2025\/05\/St.-Peters-Basilica-Guided-Tour-Dome-Vatican-Grottoes-Access-ota5-1024x683.avif\" data-src=\"https:\/\/italy-tourist-information.com\/wp-content\/uploads\/2025\/05\/St.-Peters-Basilica-Guided-Tour-Dome-Vatican-Grottoes-Access-ota5-300x200.avif\" loading=\"lazy\" data-sizes=\"{&quot;thumbnail&quot;:{&quot;url&quot;:&quot;https:\/\/italy-tourist-information.com\/wp-content\/uploads\/2025\/05\/St.-Peters-Basilica-Guided-Tour-Dome-Vatican-Grottoes-Access-ota5-150x150.avif&quot;,&quot;height&quot;:150,&quot;width&quot;:150,&quot;orientation&quot;:&quot;landscape&quot;},&quot;medium&quot;:{&quot;url&quot;:&quot;https:\/\/italy-tourist-information.com\/wp-content\/uploads\/2025\/05\/St.-Peters-Basilica-Guided-Tour-Dome-Vatican-Grottoes-Access-ota5-300x200.avif&quot;,&quot;height&quot;:200,&quot;width&quot;:300,&quot;orientation&quot;:&quot;landscape&quot;},&quot;large&quot;:{&quot;url&quot;:&quot;https:\/\/italy-tourist-information.com\/wp-content\/uploads\/2025\/05\/St.-Peters-Basilica-Guided-Tour-Dome-Vatican-Grottoes-Access-ota5-1024x683.avif&quot;,&quot;height&quot;:683,&quot;width&quot;:1024,&quot;orientation&quot;:&quot;landscape&quot;},&quot;full&quot;:{&quot;url&quot;:&quot;https:\/\/italy-tourist-information.com\/wp-content\/uploads\/2025\/05\/St.-Peters-Basilica-Guided-Tour-Dome-Vatican-Grottoes-Access-ota5.avif&quot;,&quot;height&quot;:1556,&quot;width&quot;:2333,&quot;orientation&quot;:&quot;landscape&quot;},&quot;1536x1536&quot;:{&quot;url&quot;:&quot;https:\/\/italy-tourist-information.com\/wp-content\/uploads\/2025\/05\/St.-Peters-Basilica-Guided-Tour-Dome-Vatican-Grottoes-Access-ota5-1536x1024.avif&quot;,&quot;height&quot;:1024,&quot;width&quot;:1536,&quot;orientation&quot;:&quot;landscape&quot;},&quot;2048x2048&quot;:{&quot;url&quot;:&quot;https:\/\/italy-tourist-information.com\/wp-content\/uploads\/2025\/05\/St.-Peters-Basilica-Guided-Tour-Dome-Vatican-Grottoes-Access-ota5-2048x1366.avif&quot;,&quot;height&quot;:1366,&quot;width&quot;:2048,&quot;orientation&quot;:&quot;landscape&quot;}}\"><\/span><span><img decoding=\"async\" alt=\"\" data-id=\"10810\" width=\"2332\" height=\"1556\" title=\"Petersdom \u2013 F\u00fchrung + Zugang zur Kuppel und den Vatikanischen Grotten (ota4)\" src=\"https:\/\/italy-tourist-information.com\/wp-content\/uploads\/2025\/05\/St.-Peters-Basilica-Guided-Tour-Dome-Vatican-Grottoes-Access-ota4-1024x683.avif\" data-src=\"https:\/\/italy-tourist-information.com\/wp-content\/uploads\/2025\/05\/St.-Peters-Basilica-Guided-Tour-Dome-Vatican-Grottoes-Access-ota4-300x200.avif\" loading=\"lazy\" data-sizes=\"{&quot;thumbnail&quot;:{&quot;url&quot;:&quot;https:\/\/italy-tourist-information.com\/wp-content\/uploads\/2025\/05\/St.-Peters-Basilica-Guided-Tour-Dome-Vatican-Grottoes-Access-ota4-150x150.avif&quot;,&quot;height&quot;:150,&quot;width&quot;:150,&quot;orientation&quot;:&quot;landscape&quot;},&quot;medium&quot;:{&quot;url&quot;:&quot;https:\/\/italy-tourist-information.com\/wp-content\/uploads\/2025\/05\/St.-Peters-Basilica-Guided-Tour-Dome-Vatican-Grottoes-Access-ota4-300x200.avif&quot;,&quot;height&quot;:200,&quot;width&quot;:300,&quot;orientation&quot;:&quot;landscape&quot;},&quot;large&quot;:{&quot;url&quot;:&quot;https:\/\/italy-tourist-information.com\/wp-content\/uploads\/2025\/05\/St.-Peters-Basilica-Guided-Tour-Dome-Vatican-Grottoes-Access-ota4-1024x683.avif&quot;,&quot;height&quot;:683,&quot;width&quot;:1024,&quot;orientation&quot;:&quot;landscape&quot;},&quot;full&quot;:{&quot;url&quot;:&quot;https:\/\/italy-tourist-information.com\/wp-content\/uploads\/2025\/05\/St.-Peters-Basilica-Guided-Tour-Dome-Vatican-Grottoes-Access-ota4.avif&quot;,&quot;height&quot;:1556,&quot;width&quot;:2332,&quot;orientation&quot;:&quot;landscape&quot;},&quot;1536x1536&quot;:{&quot;url&quot;:&quot;https:\/\/italy-tourist-information.com\/wp-content\/uploads\/2025\/05\/St.-Peters-Basilica-Guided-Tour-Dome-Vatican-Grottoes-Access-ota4-1536x1025.avif&quot;,&quot;height&quot;:1025,&quot;width&quot;:1536,&quot;orientation&quot;:&quot;landscape&quot;},&quot;2048x2048&quot;:{&quot;url&quot;:&quot;https:\/\/italy-tourist-information.com\/wp-content\/uploads\/2025\/05\/St.-Peters-Basilica-Guided-Tour-Dome-Vatican-Grottoes-Access-ota4-2048x1367.avif&quot;,&quot;height&quot;:1367,&quot;width&quot;:2048,&quot;orientation&quot;:&quot;landscape&quot;}}\"><\/span><span><img decoding=\"async\" alt=\"\" data-id=\"10811\" width=\"2333\" height=\"1556\" title=\"Petersdom \u2013 F\u00fchrung + Zugang zur Kuppel und den Vatikanischen Grotten (ota3)\" src=\"https:\/\/italy-tourist-information.com\/wp-content\/uploads\/2025\/05\/St.-Peters-Basilica-Guided-Tour-Dome-Vatican-Grottoes-Access-ota3-1024x683.avif\" data-src=\"https:\/\/italy-tourist-information.com\/wp-content\/uploads\/2025\/05\/St.-Peters-Basilica-Guided-Tour-Dome-Vatican-Grottoes-Access-ota3-300x200.avif\" loading=\"lazy\" data-sizes=\"{&quot;thumbnail&quot;:{&quot;url&quot;:&quot;https:\/\/italy-tourist-information.com\/wp-content\/uploads\/2025\/05\/St.-Peters-Basilica-Guided-Tour-Dome-Vatican-Grottoes-Access-ota3-150x150.avif&quot;,&quot;height&quot;:150,&quot;width&quot;:150,&quot;orientation&quot;:&quot;landscape&quot;},&quot;medium&quot;:{&quot;url&quot;:&quot;https:\/\/italy-tourist-information.com\/wp-content\/uploads\/2025\/05\/St.-Peters-Basilica-Guided-Tour-Dome-Vatican-Grottoes-Access-ota3-300x200.avif&quot;,&quot;height&quot;:200,&quot;width&quot;:300,&quot;orientation&quot;:&quot;landscape&quot;},&quot;large&quot;:{&quot;url&quot;:&quot;https:\/\/italy-tourist-information.com\/wp-content\/uploads\/2025\/05\/St.-Peters-Basilica-Guided-Tour-Dome-Vatican-Grottoes-Access-ota3-1024x683.avif&quot;,&quot;height&quot;:683,&quot;width&quot;:1024,&quot;orientation&quot;:&quot;landscape&quot;},&quot;full&quot;:{&quot;url&quot;:&quot;https:\/\/italy-tourist-information.com\/wp-content\/uploads\/2025\/05\/St.-Peters-Basilica-Guided-Tour-Dome-Vatican-Grottoes-Access-ota3.avif&quot;,&quot;height&quot;:1556,&quot;width&quot;:2333,&quot;orientation&quot;:&quot;landscape&quot;},&quot;1536x1536&quot;:{&quot;url&quot;:&quot;https:\/\/italy-tourist-information.com\/wp-content\/uploads\/2025\/05\/St.-Peters-Basilica-Guided-Tour-Dome-Vatican-Grottoes-Access-ota3-1536x1024.avif&quot;,&quot;height&quot;:1024,&quot;width&quot;:1536,&quot;orientation&quot;:&quot;landscape&quot;},&quot;2048x2048&quot;:{&quot;url&quot;:&quot;https:\/\/italy-tourist-information.com\/wp-content\/uploads\/2025\/05\/St.-Peters-Basilica-Guided-Tour-Dome-Vatican-Grottoes-Access-ota3-2048x1366.avif&quot;,&quot;height&quot;:1366,&quot;width&quot;:2048,&quot;orientation&quot;:&quot;landscape&quot;}}\"><\/span><\/p>\n<h1>Petersdom: F\u00fchrung + Zugang zur Kuppel und den Vatikanischen Grotten<\/h1>\n<h2><a href=\"https:\/\/www.tiqets.com\/en\/rome-attractions-c71631\/tickets-for-st-peters-basilica-dome-vatican-grottoes-small-group-guided-tour-p1042929\/?partner=italytouristinformation&amp;tq_campaign=RomeStPeterBasilicaTourSP\" target=\"_blank\" rel=\"nofollow noopener\" style=\"outline: none;\">Zur Buchung<\/a><\/h2>\n<h1><a href=\"https:\/\/www.tiqets.com\/en\/rome-attractions-c71631\/tickets-for-st-peters-basilica-dome-vatican-grottoes-small-group-guided-tour-p1042929\/?partner=italytouristinformation&amp;tq_campaign=RomeStPeterBasilicaTourSP\" target=\"_blank\" rel=\"nofollow noopener\" style=\"outline: none;\" data-lt-tmp-id=\"lt-598204\" spellcheck=\"false\"><strong>Ab 54,00<\/strong> \u20ac<strong><\/strong><\/a><\/h1>\n<p dir=\"ltr\">Erleben Sie <strong>den Petersdom<\/strong> wie nie zuvor mit einer F\u00fchrung durch die <strong>Kuppel, die Vatikanischen Grotten und das Innere des Doms.<\/strong> Entdecken Sie ikonische Kunstwerke, atemberaubende Ausblicke und historische Gr\u00e4ber in weniger als zwei Stunden.<\/p>\n<ul>\n<li style=\"\"><span>Ausgew\u00e4hlte Tour<\/span><\/li>\n<li style=\"\"><!--! Font Awesome Free 6.7.1 by @fontawesome - https:\/\/fontawesome.com License - https:\/\/fontawesome.com\/license\/free (Icons: CC BY 4.0, Fonts: SIL OFL 1.1, Code: MIT License) Copyright 2024 Fonticons, Inc. --><span>Dauer: 1,45 Stunden<\/span><\/li>\n<li style=\"\"><!--! Font Awesome Free 6.7.1 by @fontawesome - https:\/\/fontawesome.com License - https:\/\/fontawesome.com\/license\/free (Icons: CC BY 4.0, Fonts: SIL OFL 1.1, Code: MIT License) Copyright 2024 Fonticons, Inc. --><span>Maximale Gruppengr\u00f6\u00dfe: 25<\/span><\/li>\n<li style=\"\"><span>Kostenlose Stornierung<\/span><\/li>\n<\/ul>\n<h2>Inbegriffen<\/h2>\n<ul>\n<li style=\"\">                    <span>Zugang zum Petersdom<\/span><\/li>\n<li style=\"\">                    <span>Eintrittskarte f\u00fcr die Peterskuppel<\/span><\/li>\n<li style=\"\">                    <span>Zugang zu den Vatikanischen Grotten<\/span><\/li>\n<li style=\"\">                    <span>Professioneller Live-Guide&nbsp;&nbsp;<\/span><\/li>\n<li style=\"\">                    <span>Headset<\/span><\/li>\n<li style=\"\">                    <span>F\u00fchrung<\/span><\/li>\n<\/ul>\n<h2>Nicht inbegriffen<\/h2>\n<ul>\n<li style=\"\"><span>Eintritt zu den Vatikanischen Museen und der Sixtinischen Kapelle<\/span><\/li>\n<li style=\"\"><span>Skip-the-Line-Service<\/span><\/li>\n<li style=\"\"><span>Gef\u00fchrte Besichtigung der Kuppel<\/span><\/li>\n<\/ul>\n<h2>Wichtige Informationen<\/h2>\n<ul>\n<li style=\"\"><span>Der Eintritt in den Petersdom ist frei. Im Sommer (Juni bis August) ist mit langen Warteschlangen zu rechnen.<\/span><\/li>\n<li><span>Bringen Sie Ihre eigenen kabelgebundenen Kopfh\u00f6rer f\u00fcr das Audiosystem mit.<\/span><\/li>\n<li style=\"\"><span>Die Tour ist nicht geeignet f\u00fcr Personen mit Klaustrophobie oder Schwindel.<\/span><\/li>\n<li style=\"\"><span>Bitte finden Sie sich 20 Minuten vor Treffpunkt ein.<\/span><\/li>\n<li style=\"\"><span>Der Reiseverlauf kann angepasst werden, falls einzelne Abschnitte (wie die Grotten) geschlossen sind.<\/span><\/li>\n<\/ul>\n<h2>Beschreibung:<\/h2>\n<p data-end=\"523\" data-start=\"186\">Beginnen Sie Ihre F\u00fchrung durch den Petersdom <strong>auf dem Petersplatz und<\/strong> fahren Sie dann hinauf zur <strong>Kuppel,<\/strong> um einen unvergleichlichen Blick \u00fcber Rom zu genie\u00dfen. Bewundern Sie die kunstvollen Mosaiken aus n\u00e4chster N\u00e4he und erleben Sie ein einzigartiges Panoramaerlebnis vom Balkon.<\/p>\n<p data-end=\"523\" data-start=\"186\">Setzen Sie Ihren Besuch <strong>im Inneren des Petersdoms<\/strong> fort und entdecken Sie die Meisterwerke von Bernini und Michelangelo, darunter die ber\u00fchmte Piet\u00e0. Begeben Sie sich unter die Erde zu den <strong>Vatikanischen Grotten,<\/strong> wo P\u00e4pste bestattet sind und \u00dcberreste des urspr\u00fcnglichen Petersdoms aus dem 4. Jahrhundert erhalten geblieben sind. Diese F\u00fchrung bietet Kunst, Architektur, Geschichte \u2013 und einen unvergesslichen Blick auf die Ewige Stadt.<\/p>\n<h2>Highlights:<\/h2>\n<ul>\n<li dir=\"ltr\">Erklimmen Sie den h\u00f6chsten Punkt der Vatikanstadt und genie\u00dfen Sie den <strong>360\u00b0-Panoramablick auf Rom.<\/strong><\/li>\n<li dir=\"ltr\"><strong>Besuchen Sie <\/strong><strong>Michelangelos Piet\u00e0<\/strong> und Berninis majest\u00e4tischen Altar aus n\u00e4chster N\u00e4he.<\/li>\n<li dir=\"ltr\"><strong>Besuchen Sie die Vatikanischen Grotten,<\/strong> einschlie\u00dflich des Grabes des heiligen Petrus.<\/li>\n<li dir=\"ltr\"><strong>Umgehen Sie die <\/strong><strong>Warteschlange in der <\/strong><strong>Hauptbasilika<\/strong>, indem Sie direkt hinter die Kuppel eintreten.<strong><\/strong><\/li>\n<li dir=\"ltr\"><strong>Genie\u00dfen Sie die abschlie\u00dfenden Kommentare<\/strong> eines professionellen, mehrsprachigen Reiseleiters.<\/li>\n<li dir=\"ltr\"><strong>Entdecken Sie <\/strong><strong>Meisterwerke der Renaissance und des Barock<\/strong> in einer der ber\u00fchmtesten Kirchen der Welt.<\/li>\n<li><strong>Besuchen Sie die urspr\u00fcnglichen Fundamente<\/strong> der Kirche Konstantins aus dem 4. Jahrhundert.<\/li>\n<\/ul>\n<h2>Stornierungsbedingungen<\/h2>\n<p>Kostenlose Stornierung bis zu 24 Stunden im Voraus mit voller R\u00fcckerstattung.<\/p>\n<h2>Treffpunkt &amp; Anweisungen<\/h2>\n<p data-pm-slice=\"1 1 []\">Treffen Sie Ihren Reiseleiter <strong>vor der Basilika am Largo del Colonnato 5,<\/strong> bevor Sie die Sicherheitskontrolle passieren. Achten Sie auf das gelbe TOURIKS-Schild.<\/p>\n<p data-pm-slice=\"1 1 []\">Bitte <strong>gehen Sie nicht<\/strong> durch die Metalldetektoren, bevor Sie Ihren Reiseleiter treffen. Erscheinen Sie 20 Minuten vor Ihrer vereinbarten Zeit und bringen Sie kabelgebundene Kopfh\u00f6rer f\u00fcr das Audiosystem der Tour mit.<\/p>\n<p><a href=\"https:\/\/www.google.com\/maps\/search\/?api=1&amp;query=Largo%20del%20Colonnato%205%2000193%20Rome\" target=\"_blank\" rel=\"nofollow noopener\" data-lt-tmp-id=\"lt-655004\" spellcheck=\"false\" style=\"outline: none;\">In Karten \u00f6ffnen<\/a><\/p>\n<h2>Bewertungen<\/h2>\n<p><strong>4,5\/5&nbsp; (<\/strong><strong>1122+ Bewertungen)<\/strong><\/p>\n<p dir=\"ltr\"><em>\u201eEin fantastischer Reisef\u00fchrer in einer fantastischen Stadt. Wir h\u00e4tten uns keine bessere Erfahrung vorstellen k\u00f6nnen.\u201c<\/em> \u2013 Bernie, M\u00e4rz 2025<\/p>\n<p dir=\"ltr\"><em>\u201eDer Reiseleiter war sehr freundlich und kompetent und hat uns sehr geholfen, die Geschichte dieser wunderbaren Orte zu verstehen. Die Tour war gut organisiert und die Gruppe war klein (6 Personen), was sehr angenehm war.\u201c<\/em> Francesco \u2013 M\u00e4rz 2024 <a href=\"https:\/\/www.tiqets.com\/de\/rom-sehenswuerdigkeiten-c71631\/tickets-fur-petersdom-fuhrung-zugang-zur-kuppel-und-zu-den-vatikanischen-grotten-p1042929\/?partner=italytouristinformation&amp;tq_campaign=ITIDeRomeStPeterBasilicaTourSP\" target=\"_blank\" rel=\"nofollow noopener\" spellcheck=\"false\" style=\"outline: none;\">&gt;&gt; Weitere Bewertungen ansehen \u2026<\/a><\/p>\n<p><span>#1<\/span><\/p>\n<h2>Weitere Aktivit\u00e4ten, die Ihnen gefallen k\u00f6nnten<\/h2>\n<p><\/p>\n<p><span><img decoding=\"async\" alt=\"\" data-id=\"10310\" width=\"159\" data-init-width=\"2338\" height=\"106\" data-init-height=\"1556\" title=\"Vatikanische Museen, Sixtinische Kapelle &amp; Petersdom \u2013 Gef\u00fchrte Tour\" loading=\"lazy\" src=\"https:\/\/italy-tourist-information.com\/wp-content\/uploads\/2025\/05\/Vatican-Museums-Sistine-Chapel-St.-Peters-Basilica-Guided-Tour-ota.avif\" data-width=\"159\" data-height=\"106\" style=\"aspect-ratio: auto 2338 \/ 1556;\"><\/span><\/p>\n<table>\n<tbody>\n<tr>\n<td>\n<table>\n<tbody>\n<tr>\n<td><strong><a data-lt-tmp-id=\"lt-640855\" href=\"https:\/\/www.tiqets.com\/de\/rome-attractions-c71631\/tickets-for-vatican-museums-sistine-chapel-st-peter-s-basilica-guided-tour-p1105898\/?partner=italytouristinformation&amp;tq_campaign=ITIDeRomeStPeterBasilicaTourSP2\" rel=\"nofollow noopener\" spellcheck=\"false\" target=\"_blank\" style=\"outline: none;\">Vatikanische Museen, Sixtinische Kapelle &amp; Petersdom: F\u00fchrung<\/a><\/strong><\/td>\n<\/tr>\n<\/tbody>\n<\/table>\n<p><strong><\/strong><\/td>\n<\/tr>\n<\/tbody>\n<\/table>\n<p>Erleben Sie die Wunder des Vatikans auf einer gef\u00fchrten Tour, die Sie durch die beeindruckenden Vatikanischen Museen, die atemberaubende Sixtinische Kapelle und den majest\u00e4tischen Petersdom f\u00fchrt \u2013 alles mit fachkundigen Einblicken!<\/p>\n<h3 style=\"\">Gesamtpreis<\/h3>\n<h3 style=\"\">Ihr Konto wird noch nicht belastet<\/h3>\n<p><span># <\/span><strong><span>2<\/span><\/strong><span><img decoding=\"async\" alt=\"\" data-id=\"10312\" width=\"159\" data-init-width=\"1556\" height=\"159\" data-init-height=\"1556\" title=\"Rom-Touristenkarte Ota\" loading=\"lazy\" src=\"https:\/\/italy-tourist-information.com\/wp-content\/uploads\/2025\/05\/Rome-Tourist-Card-Ota.avif\" data-width=\"159\" data-height=\"159\" style=\"aspect-ratio: auto 1556 \/ 1556;\"><\/span><\/p>\n<table>\n<tbody>\n<tr>\n<td>\n<table>\n<tbody>\n<tr>\n<td data-del-cell=\"true\"><a href=\"https:\/\/www.tiqets.com\/de\/rome-attractions-c71631\/rome-tourist-card-p1013153\/?partner=italytouristinformation&amp;tq_campaign=https:\/\/www.tiqets.com\/en\/rome-attractions-c71631\/tickets-for-vatican-museums-sistine-chapel-st-peter-s-basilica-guided-tour-p1105898\/?partner=italytouristinformation&amp;tq_campaign=ITIDeRomeStPeterBasilicaTourSP3\" target=\"_blank\" rel=\"nofollow noopener\" style=\"outline: none;\" data-lt-tmp-id=\"lt-747623\" spellcheck=\"false\"><strong>Rome Tourist Card<\/strong><\/a><\/td>\n<\/tr>\n<\/tbody>\n<\/table>\n<\/td>\n<\/tr>\n<\/tbody>\n<\/table>\n<p>Entdecken Sie Rom m\u00fchelos mit der Rome Tourist Card \u2013 genie\u00dfen Sie den Zugang zu ber\u00fchmten Sehensw\u00fcrdigkeiten wie dem Kolosseum, den Vatikanischen Museen und der Sixtinischen Kapelle sowie die M\u00f6glichkeit, eine dritte Sehensw\u00fcrdigkeit Ihrer Wahl zu besuchen.<\/p>\n<h3 style=\"\">Gesamtpreis<\/h3>\n<h3 style=\"\">Ihr Konto wird noch nicht belastet<\/h3>\n<p><span># <\/span><strong><span>2<\/span><\/strong><span># <\/span><strong><span>2<\/span><\/strong><\/p>\n<p><\/p>\n<h2><a href=\"https:\/\/www.tiqets.com\/de\/rom-sehenswuerdigkeiten-c71631\/tickets-fur-petersdom-fuhrung-zugang-zur-kuppel-und-zu-den-vatikanischen-grotten-p1042929\/?partner=italytouristinformation&amp;tq_campaign=ITIDeRomeStPeterBasilicaTourSP\" target=\"_blank\" rel=\"nofollow noopener\" style=\"outline: none;\" data-lt-tmp-id=\"lt-456217\" spellcheck=\"false\">Zur Buchung<\/a><\/h2>\n<h1><a href=\"https:\/\/www.tiqets.com\/de\/rom-sehenswuerdigkeiten-c71631\/tickets-fur-petersdom-fuhrung-zugang-zur-kuppel-und-zu-den-vatikanischen-grotten-p1042929\/?partner=italytouristinformation&amp;tq_campaign=ITIDeRomeStPeterBasilicaTourSP\" target=\"_blank\" rel=\"nofollow noopener\" style=\"outline: none;\" data-lt-tmp-id=\"lt-82678\" spellcheck=\"false\"><strong>Ab 54,00<\/strong> \u20ac<strong><\/strong><\/a><\/h1>\n<p style=\"\">Ihr Konto wird noch nicht belastet<\/p>\n","protected":false},"excerpt":{"rendered":"<p>Petersdom: F\u00fchrung + Zugang zur Kuppel und den Vatikanischen Grotten Zur Buchung Ab 54,00 \u20ac Erleben Sie den Petersdom wie nie zuvor mit einer F\u00fchrung durch die Kuppel, die Vatikanischen Grotten und das Innere des Doms. Entdecken Sie ikonische Kunstwerke, atemberaubende Ausblicke und historische Gr\u00e4ber in weniger als zwei Stunden. Ausgew\u00e4hlte Tour Dauer: 1,45 Stunden [&hellip;]<\/p>\n","protected":false},"author":6,"featured_media":18420,"parent":0,"menu_order":0,"comment_status":"closed","ping_status":"closed","template":"","meta":{"footnotes":"","tve_updated_post":"","tve_custom_css":"","tve_user_custom_css":"","tve_globals":{},"tcb2_ready":1,"tcb_editor_enabled":1,"tve_landing_page":"bd86f3fc67210fed5b2794ad4a56d3a9","_tve_header":"17144","_tve_footer":"17145"},"categories":[143,128],"tags":[155,130],"class_list":["post-18419","page","type-page","status-publish","has-post-thumbnail","hentry","category-rom","category-verkaufsseite","tag-rom","tag-verkaufsseite","post-wrapper","thrv_wrapper"],"_links":{"self":[{"href":"https:\/\/italy-tourist-information.com\/de\/wp-json\/wp\/v2\/pages\/18419","targetHints":{"allow":["GET"]}}],"collection":[{"href":"https:\/\/italy-tourist-information.com\/de\/wp-json\/wp\/v2\/pages"}],"about":[{"href":"https:\/\/italy-tourist-information.com\/de\/wp-json\/wp\/v2\/types\/page"}],"author":[{"embeddable":true,"href":"https:\/\/italy-tourist-information.com\/de\/wp-json\/wp\/v2\/users\/6"}],"replies":[{"embeddable":true,"href":"https:\/\/italy-tourist-information.com\/de\/wp-json\/wp\/v2\/comments?post=18419"}],"version-history":[{"count":8,"href":"https:\/\/italy-tourist-information.com\/de\/wp-json\/wp\/v2\/pages\/18419\/revisions"}],"predecessor-version":[{"id":20230,"href":"https:\/\/italy-tourist-information.com\/de\/wp-json\/wp\/v2\/pages\/18419\/revisions\/20230"}],"wp:featuredmedia":[{"embeddable":true,"href":"https:\/\/italy-tourist-information.com\/de\/wp-json\/wp\/v2\/media\/18420"}],"wp:attachment":[{"href":"https:\/\/italy-tourist-information.com\/de\/wp-json\/wp\/v2\/media?parent=18419"}],"wp:term":[{"taxonomy":"category","embeddable":true,"href":"https:\/\/italy-tourist-information.com\/de\/wp-json\/wp\/v2\/categories?post=18419"},{"taxonomy":"post_tag","embeddable":true,"href":"https:\/\/italy-tourist-information.com\/de\/wp-json\/wp\/v2\/tags?post=18419"}],"curies":[{"name":"wp","href":"https:\/\/api.w.org\/{rel}","templated":true}]}}