{"id":18429,"date":"2025-05-08T14:17:25","date_gmt":"2025-05-08T14:17:25","guid":{"rendered":"https:\/\/italy-tourist-information.com\/taormina-ancient-theatre-tickets"},"modified":"2026-04-22T14:56:06","modified_gmt":"2026-04-22T14:56:06","slug":"tickets-fuer-das-antike-theater-von-taormina","status":"publish","type":"page","link":"https:\/\/italy-tourist-information.com\/de\/tickets-fuer-das-antike-theater-von-taormina","title":{"rendered":"Tickets f\u00fcr das antike Theater von Taormina mit Audioguide"},"content":{"rendered":"<p><span><img decoding=\"async\" alt=\"\" data-id=\"10435\" width=\"1600\" height=\"1000\" title=\"Tickets f\u00fcr das antike Theater von Taormina mit Audioguide\" src=\"https:\/\/italy-tourist-information.com\/wp-content\/uploads\/2025\/05\/Taormina-Ancient-Theatre-Tickets-with-Audio-Guide-ota-1024x640.avif\" data-src=\"https:\/\/italy-tourist-information.com\/wp-content\/uploads\/2025\/05\/Taormina-Ancient-Theatre-Tickets-with-Audio-Guide-ota-300x188.avif\" loading=\"lazy\" data-sizes=\"{&quot;thumbnail&quot;:{&quot;url&quot;:&quot;https:\/\/italy-tourist-information.com\/wp-content\/uploads\/2025\/05\/Taormina-Ancient-Theatre-Tickets-with-Audio-Guide-ota-150x150.avif&quot;,&quot;height&quot;:150,&quot;width&quot;:150,&quot;orientation&quot;:&quot;landscape&quot;},&quot;medium&quot;:{&quot;url&quot;:&quot;https:\/\/italy-tourist-information.com\/wp-content\/uploads\/2025\/05\/Taormina-Ancient-Theatre-Tickets-with-Audio-Guide-ota-300x188.avif&quot;,&quot;height&quot;:188,&quot;width&quot;:300,&quot;orientation&quot;:&quot;landscape&quot;},&quot;large&quot;:{&quot;url&quot;:&quot;https:\/\/italy-tourist-information.com\/wp-content\/uploads\/2025\/05\/Taormina-Ancient-Theatre-Tickets-with-Audio-Guide-ota-1024x640.avif&quot;,&quot;height&quot;:640,&quot;width&quot;:1024,&quot;orientation&quot;:&quot;landscape&quot;},&quot;full&quot;:{&quot;url&quot;:&quot;https:\/\/italy-tourist-information.com\/wp-content\/uploads\/2025\/05\/Taormina-Ancient-Theatre-Tickets-with-Audio-Guide-ota.avif&quot;,&quot;height&quot;:1000,&quot;width&quot;:1600,&quot;orientation&quot;:&quot;landscape&quot;},&quot;1536x1536&quot;:{&quot;url&quot;:&quot;https:\/\/italy-tourist-information.com\/wp-content\/uploads\/2025\/05\/Taormina-Ancient-Theatre-Tickets-with-Audio-Guide-ota-1536x960.avif&quot;,&quot;height&quot;:960,&quot;width&quot;:1536,&quot;orientation&quot;:&quot;landscape&quot;}}\"><\/span><span><img decoding=\"async\" alt=\"\" data-id=\"10434\" width=\"1600\" height=\"1000\" title=\"Tickets f\u00fcr das antike Theater von Taormina mit Audioguide ota2\" src=\"https:\/\/italy-tourist-information.com\/wp-content\/uploads\/2025\/05\/Taormina-Ancient-Theatre-Tickets-with-Audio-Guide-ota2-1024x640.avif\" data-src=\"https:\/\/italy-tourist-information.com\/wp-content\/uploads\/2025\/05\/Taormina-Ancient-Theatre-Tickets-with-Audio-Guide-ota2-300x188.avif\" loading=\"lazy\" data-sizes=\"{&quot;thumbnail&quot;:{&quot;url&quot;:&quot;https:\/\/italy-tourist-information.com\/wp-content\/uploads\/2025\/05\/Taormina-Ancient-Theatre-Tickets-with-Audio-Guide-ota2-150x150.avif&quot;,&quot;height&quot;:150,&quot;width&quot;:150,&quot;orientation&quot;:&quot;landscape&quot;},&quot;medium&quot;:{&quot;url&quot;:&quot;https:\/\/italy-tourist-information.com\/wp-content\/uploads\/2025\/05\/Taormina-Ancient-Theatre-Tickets-with-Audio-Guide-ota2-300x188.avif&quot;,&quot;height&quot;:188,&quot;width&quot;:300,&quot;orientation&quot;:&quot;landscape&quot;},&quot;large&quot;:{&quot;url&quot;:&quot;https:\/\/italy-tourist-information.com\/wp-content\/uploads\/2025\/05\/Taormina-Ancient-Theatre-Tickets-with-Audio-Guide-ota2-1024x640.avif&quot;,&quot;height&quot;:640,&quot;width&quot;:1024,&quot;orientation&quot;:&quot;landscape&quot;},&quot;full&quot;:{&quot;url&quot;:&quot;https:\/\/italy-tourist-information.com\/wp-content\/uploads\/2025\/05\/Taormina-Ancient-Theatre-Tickets-with-Audio-Guide-ota2.avif&quot;,&quot;height&quot;:1000,&quot;width&quot;:1600,&quot;orientation&quot;:&quot;landscape&quot;},&quot;1536x1536&quot;:{&quot;url&quot;:&quot;https:\/\/italy-tourist-information.com\/wp-content\/uploads\/2025\/05\/Taormina-Ancient-Theatre-Tickets-with-Audio-Guide-ota2-1536x960.avif&quot;,&quot;height&quot;:960,&quot;width&quot;:1536,&quot;orientation&quot;:&quot;landscape&quot;}}\"><\/span><span><img decoding=\"async\" alt=\"\" data-id=\"10433\" width=\"1600\" height=\"1000\" title=\"Tickets f\u00fcr das antike Theater von Taormina mit Audioguide ota3\" src=\"https:\/\/italy-tourist-information.com\/wp-content\/uploads\/2025\/05\/Taormina-Ancient-Theatre-Tickets-with-Audio-Guide-ota3-1024x640.avif\" data-src=\"https:\/\/italy-tourist-information.com\/wp-content\/uploads\/2025\/05\/Taormina-Ancient-Theatre-Tickets-with-Audio-Guide-ota3-300x188.avif\" loading=\"lazy\" data-sizes=\"{&quot;thumbnail&quot;:{&quot;url&quot;:&quot;https:\/\/italy-tourist-information.com\/wp-content\/uploads\/2025\/05\/Taormina-Ancient-Theatre-Tickets-with-Audio-Guide-ota3-150x150.avif&quot;,&quot;height&quot;:150,&quot;width&quot;:150,&quot;orientation&quot;:&quot;landscape&quot;},&quot;medium&quot;:{&quot;url&quot;:&quot;https:\/\/italy-tourist-information.com\/wp-content\/uploads\/2025\/05\/Taormina-Ancient-Theatre-Tickets-with-Audio-Guide-ota3-300x188.avif&quot;,&quot;height&quot;:188,&quot;width&quot;:300,&quot;orientation&quot;:&quot;landscape&quot;},&quot;large&quot;:{&quot;url&quot;:&quot;https:\/\/italy-tourist-information.com\/wp-content\/uploads\/2025\/05\/Taormina-Ancient-Theatre-Tickets-with-Audio-Guide-ota3-1024x640.avif&quot;,&quot;height&quot;:640,&quot;width&quot;:1024,&quot;orientation&quot;:&quot;landscape&quot;},&quot;full&quot;:{&quot;url&quot;:&quot;https:\/\/italy-tourist-information.com\/wp-content\/uploads\/2025\/05\/Taormina-Ancient-Theatre-Tickets-with-Audio-Guide-ota3.avif&quot;,&quot;height&quot;:1000,&quot;width&quot;:1600,&quot;orientation&quot;:&quot;landscape&quot;},&quot;1536x1536&quot;:{&quot;url&quot;:&quot;https:\/\/italy-tourist-information.com\/wp-content\/uploads\/2025\/05\/Taormina-Ancient-Theatre-Tickets-with-Audio-Guide-ota3-1536x960.avif&quot;,&quot;height&quot;:960,&quot;width&quot;:1536,&quot;orientation&quot;:&quot;landscape&quot;}}\"><\/span><span><img decoding=\"async\" alt=\"\" data-id=\"10432\" width=\"1600\" height=\"1000\" title=\"Tickets f\u00fcr das antike Theater von Taormina mit Audioguide ota4\" src=\"https:\/\/italy-tourist-information.com\/wp-content\/uploads\/2025\/05\/Taormina-Ancient-Theatre-Tickets-with-Audio-Guide-ota4-1024x640.avif\" data-src=\"https:\/\/italy-tourist-information.com\/wp-content\/uploads\/2025\/05\/Taormina-Ancient-Theatre-Tickets-with-Audio-Guide-ota4-300x188.avif\" loading=\"lazy\" data-sizes=\"{&quot;thumbnail&quot;:{&quot;url&quot;:&quot;https:\/\/italy-tourist-information.com\/wp-content\/uploads\/2025\/05\/Taormina-Ancient-Theatre-Tickets-with-Audio-Guide-ota4-150x150.avif&quot;,&quot;height&quot;:150,&quot;width&quot;:150,&quot;orientation&quot;:&quot;landscape&quot;},&quot;medium&quot;:{&quot;url&quot;:&quot;https:\/\/italy-tourist-information.com\/wp-content\/uploads\/2025\/05\/Taormina-Ancient-Theatre-Tickets-with-Audio-Guide-ota4-300x188.avif&quot;,&quot;height&quot;:188,&quot;width&quot;:300,&quot;orientation&quot;:&quot;landscape&quot;},&quot;large&quot;:{&quot;url&quot;:&quot;https:\/\/italy-tourist-information.com\/wp-content\/uploads\/2025\/05\/Taormina-Ancient-Theatre-Tickets-with-Audio-Guide-ota4-1024x640.avif&quot;,&quot;height&quot;:640,&quot;width&quot;:1024,&quot;orientation&quot;:&quot;landscape&quot;},&quot;full&quot;:{&quot;url&quot;:&quot;https:\/\/italy-tourist-information.com\/wp-content\/uploads\/2025\/05\/Taormina-Ancient-Theatre-Tickets-with-Audio-Guide-ota4.avif&quot;,&quot;height&quot;:1000,&quot;width&quot;:1600,&quot;orientation&quot;:&quot;landscape&quot;},&quot;1536x1536&quot;:{&quot;url&quot;:&quot;https:\/\/italy-tourist-information.com\/wp-content\/uploads\/2025\/05\/Taormina-Ancient-Theatre-Tickets-with-Audio-Guide-ota4-1536x960.avif&quot;,&quot;height&quot;:960,&quot;width&quot;:1536,&quot;orientation&quot;:&quot;landscape&quot;}}\"><\/span><span><img decoding=\"async\" alt=\"\" data-id=\"10431\" width=\"1600\" height=\"1000\" title=\"Tickets f\u00fcr das antike Theater von Taormina mit Audioguide ota5\" src=\"https:\/\/italy-tourist-information.com\/wp-content\/uploads\/2025\/05\/Taormina-Ancient-Theatre-Tickets-with-Audio-Guide-ota5-1024x640.avif\" data-src=\"https:\/\/italy-tourist-information.com\/wp-content\/uploads\/2025\/05\/Taormina-Ancient-Theatre-Tickets-with-Audio-Guide-ota5-300x188.avif\" loading=\"lazy\" data-sizes=\"{&quot;thumbnail&quot;:{&quot;url&quot;:&quot;https:\/\/italy-tourist-information.com\/wp-content\/uploads\/2025\/05\/Taormina-Ancient-Theatre-Tickets-with-Audio-Guide-ota5-150x150.avif&quot;,&quot;height&quot;:150,&quot;width&quot;:150,&quot;orientation&quot;:&quot;landscape&quot;},&quot;medium&quot;:{&quot;url&quot;:&quot;https:\/\/italy-tourist-information.com\/wp-content\/uploads\/2025\/05\/Taormina-Ancient-Theatre-Tickets-with-Audio-Guide-ota5-300x188.avif&quot;,&quot;height&quot;:188,&quot;width&quot;:300,&quot;orientation&quot;:&quot;landscape&quot;},&quot;large&quot;:{&quot;url&quot;:&quot;https:\/\/italy-tourist-information.com\/wp-content\/uploads\/2025\/05\/Taormina-Ancient-Theatre-Tickets-with-Audio-Guide-ota5-1024x640.avif&quot;,&quot;height&quot;:640,&quot;width&quot;:1024,&quot;orientation&quot;:&quot;landscape&quot;},&quot;full&quot;:{&quot;url&quot;:&quot;https:\/\/italy-tourist-information.com\/wp-content\/uploads\/2025\/05\/Taormina-Ancient-Theatre-Tickets-with-Audio-Guide-ota5.avif&quot;,&quot;height&quot;:1000,&quot;width&quot;:1600,&quot;orientation&quot;:&quot;landscape&quot;},&quot;1536x1536&quot;:{&quot;url&quot;:&quot;https:\/\/italy-tourist-information.com\/wp-content\/uploads\/2025\/05\/Taormina-Ancient-Theatre-Tickets-with-Audio-Guide-ota5-1536x960.avif&quot;,&quot;height&quot;:960,&quot;width&quot;:1536,&quot;orientation&quot;:&quot;landscape&quot;}}\"><\/span><\/p>\n<h1>Tickets f\u00fcr das antike Theater von Taormina inklusive Audioguide<\/h1>\n<h2><a href=\"https:\/\/www.headout.com\/de\/taormina-antikes-theater\/taormina-antikes-theater-tickets-mit-optionalem-audioguide-e-25691\/?affiliate_code=KXkQ69&amp;utm_campaign=itidetaorminaancienttheatersp&amp;utm_content=link&amp;utm_medium=affiliate&amp;utm_source=most_amazing_places\" target=\"_blank\" rel=\"nofollow noopener\" style=\"outline: none;\" spellcheck=\"false\">Zur Buchung<\/a><\/h2>\n<p style=\"\"><a href=\"https:\/\/www.headout.com\/de\/taormina-antikes-theater\/taormina-antikes-theater-tickets-mit-optionalem-audioguide-e-25691\/?affiliate_code=KXkQ69&amp;utm_campaign=itidetaorminaancienttheatersp&amp;utm_content=link&amp;utm_medium=affiliate&amp;utm_source=most_amazing_places\" target=\"_blank\" rel=\"nofollow noopener\" style=\"outline: none;\">Preis ab<\/a><\/p>\n<h1><a href=\"https:\/\/www.headout.com\/de\/taormina-antikes-theater\/taormina-antikes-theater-tickets-mit-optionalem-audioguide-e-25691\/?affiliate_code=KXkQ69&amp;utm_campaign=itidetaorminaancienttheatersp&amp;utm_content=link&amp;utm_medium=affiliate&amp;utm_source=most_amazing_places\" target=\"_blank\" rel=\"nofollow noopener\" style=\"outline: none;\" spellcheck=\"false\"><strong>21,00 \u20ac<\/strong><\/a><\/h1>\n<p dir=\"ltr\"><strong>Begeben Sie sich mit Ihren Tickets f\u00fcr das antike Theater von Taormina<\/strong> auf eine Reise in die Vergangenheit. Erkunden Sie es in Ihrem eigenen Tempo mit einem informativen <strong>Audioguide<\/strong> und genie\u00dfen Sie den atemberaubenden Blick auf den \u00c4tna.<\/p>\n<ul>\n<li style=\"\"><span>Handverlesenes Ticket&nbsp;<\/span><\/li>\n<li style=\"\"><span>Mobiles Ticket&nbsp;<\/span><\/li>\n<li style=\"\"><span>Audioguide&nbsp;<\/span><\/li>\n<li style=\"\"><span>Nicht erstattungsf\u00e4hig<\/span><\/li>\n<\/ul>\n<h2>Inbegriffen<\/h2>\n<ul>\n<li style=\"\">                    <span>Eintrittskarte f\u00fcr das antike Theater von Taormina<\/span><\/li>\n<li style=\"\">                    <span>Audioguide in Englisch, Italienisch, Franz\u00f6sisch, Deutsch und Spanisch<\/span><\/li>\n<\/ul>\n<h2>Nicht inbegriffen<\/h2>\n<ul>\n<li style=\"\"><span>Live-Reisef\u00fchrer<\/span><\/li>\n<\/ul>\n<h2>Wichtige Informationen<\/h2>\n<ul>\n<li style=\"\"><span>Die Tickets sind nur f\u00fcr das bei der Buchung ausgew\u00e4hlte Datum und die ausgew\u00e4hlte Uhrzeit g\u00fcltig.<\/span><\/li>\n<li style=\"\"><span>Audioguide \u00fcber Smartphone verf\u00fcgbar \u2013 bitte stellen Sie sicher, dass Ihr Ger\u00e4t vollst\u00e4ndig aufgeladen ist.<\/span><\/li>\n<li style=\"\"><span>Bequeme Wanderschuhe werden empfohlen.<\/span><\/li>\n<li><span>Das Gel\u00e4nde ist rollstuhlgerecht.<\/span><\/li>\n<li><span>Am ersten Sonntag jedes Monats und am 4. November ist der Eintritt frei, allerdings nur an der Kasse vor Ort.<\/span><\/li>\n<\/ul>\n<h2>Beschreibung:<\/h2>\n<p dir=\"ltr\">Erleben Sie \u00fcber zwei Jahrtausende Geschichte mit <strong>Tickets f\u00fcr das antike griechisch-r\u00f6mische Amphitheater von Taormina.<\/strong> Urspr\u00fcnglich im 3. Jahrhundert v. Chr. Erbaut und sp\u00e4ter von den R\u00f6mern erweitert, bietet diese beeindruckende Anlage einen atemberaubenden Blick auf das Ionische Meer und den \u00c4tna.<\/p>\n<p dir=\"ltr\">Mit einem <strong>Audioguide in f\u00fcnf Sprachen <\/strong>k\u00f6nnen Sie durch die&nbsp;gut&nbsp;erhaltenen&nbsp;<strong>Ruinen<\/strong>&nbsp;schlendern, das&nbsp;<strong>Antiquarium-Museum<\/strong> entdecken und sich den Jubel der damaligen Zuschauer vorstellen. Von Gladiatorenk\u00e4mpfen bis hin zu modernen Konzerten \u2013 dieser Ort hat schon alles erlebt und ist damit ein absolutes Muss f\u00fcr jeden sizilianischen Besucher.<\/p>\n<h2>Highlights:<\/h2>\n<ul>\n<li dir=\"ltr\">Spazieren Sie durch eines der <strong>am besten erhaltenen antiken Theater<\/strong> der Welt.<\/li>\n<li dir=\"ltr\">Genie\u00dfen Sie den Panoramablick <strong>auf den \u00c4tna,&nbsp;<\/strong><strong>die Ionische K\u00fcste und die Bucht von Naxos.<\/strong><\/li>\n<li dir=\"ltr\"><strong>Entdecken Sie die faszinierende<\/strong> Mischung aus griechischer und r\u00f6mischer Architektur.<\/li>\n<li dir=\"ltr\">Besuchen Sie das <strong>Antiquarium-Museum mit seltenen Artefakten<\/strong> wie einem r\u00f6mischen Sarkophag.<\/li>\n<li dir=\"ltr\">Nutzen Sie den <strong>mehrsprachigen Audioguide,<\/strong> um die Umgebung in Ihrem eigenen Tempo zu erkunden.<\/li>\n<li dir=\"ltr\"><strong>Erfahren Sie mehr \u00fcber die Entwicklung des Theaters<\/strong> \u2013 von klassischen St\u00fccken bis zu Gladiatorenspielen.<strong><\/strong><\/li>\n<\/ul>\n<h2>Teatro Antico di Taormina<\/h2>\n<p>Via Teatro Greco, 1, 98039 Taormina ME, Italien<\/p>\n<h2>Stornierungsbedingungen<\/h2>\n<p dir=\"ltr\">Dieses Ticket ist nicht erstattungsf\u00e4hig und kann nach dem Kauf nicht mehr ge\u00e4ndert werden.<\/p>\n<h2>Treffpunkt &amp; Anweisungen<\/h2>\n<p dir=\"ltr\">Bitte kommen Sie 15 Minuten fr\u00fcher und zeigen Sie am Eingang Ihren mobilen Voucher und einen g\u00fcltigen Lichtbildausweis vor. Audioguide-Anweisungen erhalten Sie am Eingang.&nbsp;<\/p>\n<p><a href=\"https:\/\/www.google.com\/maps\/place\/Teatro+Antico+di+Taormina\/@37.8521565,15.2917898,19z\/data=!4m6!3m5!1s0x1314119f3380645d:0x1ddebd175908236!8m2!3d37.8523175!4d15.2921343!16s%2Fm%2F0fpgdhr?entry=tts\" data-lt-tmp-id=\"lt-224233\" spellcheck=\"false\" target=\"_blank\" rel=\"nofollow noopener\" style=\"outline: none;\">In Karten \u00f6ffnen<\/a><\/p>\n<h2>Bewertungen<\/h2>\n<p><strong>NEU!<\/strong><\/p>\n<p dir=\"ltr\"><a href=\"https:\/\/www.headout.com\/de\/taormina-antikes-theater\/taormina-antikes-theater-tickets-mit-optionalem-audioguide-e-25691\/?affiliate_code=KXkQ69&amp;utm_campaign=itidetaorminaancienttheatersp&amp;utm_content=link&amp;utm_medium=affiliate&amp;utm_source=most_amazing_places\" target=\"_blank\" rel=\"nofollow noopener\" data-lt-tmp-id=\"lt-789431\" spellcheck=\"false\" style=\"outline: none;\">&gt;&gt; Zu den Bewertungen&#8230;<\/a><\/p>\n<h2>Einige Aktivit\u00e4ten, die Ihnen gefallen k\u00f6nnten<\/h2>\n<p><span># <\/span><strong><span>2<\/span><\/strong><span># <\/span><strong><span>2<\/span><\/strong><span><img decoding=\"async\" alt=\"\" data-id=\"10427\" width=\"159\" data-init-width=\"960\" height=\"106\" data-init-height=\"639\" title=\"Sizilien \u2013 Ganztagestour zum \u00c4tna und zur Alc\u00e1ntara-Schlucht mit Mittagessen\" loading=\"lazy\" src=\"https:\/\/italy-tourist-information.com\/wp-content\/uploads\/2025\/05\/Sicily-Etna-and-Alcantara-Gorges-Full-Day-Tour-with-Lunch-ota.png\" data-width=\"159\" data-height=\"106\" style=\"aspect-ratio: auto 960 \/ 639;\"><\/span><\/p>\n<table>\n<tbody>\n<tr>\n<td><a href=\"https:\/\/www.getyourguide.com\/catania-l258\/etna-and-alcantara-gorges-full-day-tour-with-lunch-t632163\/?partner_id=NO9XIDE&amp;utm_medium=online_publisher&amp;cmp=ITIDeTaorminaAncientTheaterSP2\" target=\"_blank\" rel=\"nofollow noopener\" style=\"outline: none;\" data-lt-tmp-id=\"lt-218157\" spellcheck=\"false\">Sizilien: Ganztagestour zum \u00c4tna und zur Alc\u00e1ntara-Schlucht inklusive Mittagessen<\/a><\/td>\n<\/tr>\n<\/tbody>\n<\/table>\n<p>Erleben Sie die unber\u00fchrte Sch\u00f6nheit Siziliens auf einer Ganztagestour, die Sie durch die vulkanischen Landschaften des \u00c4tna und die atemberaubende Alcantara-Schlucht f\u00fchrt, inklusive eines k\u00f6stlichen Mittagessens aus der Region.<\/p>\n<p><\/p>\n<h3 style=\"\">Gesamtpreis<\/h3>\n<h3 style=\"\">Ihr Konto wird noch nicht belastet<\/h3>\n<p><span># <\/span><strong><span>2<\/span><\/strong><span><img decoding=\"async\" alt=\"\" data-id=\"10429\" width=\"159\" data-init-width=\"960\" height=\"89\" data-init-height=\"540\" title=\"Taormina \u2013 Bootstour mit Aperitif auf der Isola Bella ota\" loading=\"lazy\" src=\"https:\/\/italy-tourist-information.com\/wp-content\/uploads\/2025\/05\/Taormina-Boat-Tour-with-Aperitif-on-Isola-Bella-ota.jpg\" data-width=\"159\" data-height=\"89\" style=\"aspect-ratio: auto 960 \/ 540;\"><\/span><\/p>\n<table>\n<tbody>\n<tr>\n<td><a href=\"https:\/\/megapass.com\/tours-tickets\/cappadocia-red-tour-with-goreme-museum-lunch-and-hotel-transfer-i2767?discountCode=ma-places\" target=\"_blank\" rel=\"nofollow noopener\" style=\"outline: none;\"><\/p>\n<table>\n<tbody>\n<tr>\n<td><strong><a href=\"https:\/\/www.getyourguide.com\/messina-l424\/taormina-tour-in-barca-con-aperitivo-all-isola-bella-t466922\/?partner_id=NO9XIDE&amp;utm_medium=online_publisher&amp;cmp=ITIDeTaorminaAncientTheaterSP3\" rel=\"nofollow noopener\" spellcheck=\"false\" target=\"_blank\" style=\"outline: none;\">Taormina: Bootstour mit Aperitif auf der Isola Bella<\/a><\/strong><\/td>\n<\/tr>\n<\/tbody>\n<\/table>\n<p><strong><\/strong><\/a><\/td>\n<\/tr>\n<\/tbody>\n<\/table>\n<p>Gleiten Sie auf dieser unvergesslichen Bootstour durch das t\u00fcrkisfarbene Wasser von Taormina, bestaunen Sie die Sch\u00f6nheit der Isola Bella und genie\u00dfen Sie einen k\u00f6stlichen Aperitif.<\/p>\n<h3 style=\"\">Gesamtpreis<\/h3>\n<h3>Ihr Konto wird noch nicht belastet<\/h3>\n<p><\/p>\n<h2><a href=\"https:\/\/www.headout.com\/de\/taormina-antikes-theater\/taormina-antikes-theater-tickets-mit-optionalem-audioguide-e-25691\/?affiliate_code=KXkQ69&amp;utm_campaign=itidetaorminaancienttheatersp&amp;utm_content=link&amp;utm_medium=affiliate&amp;utm_source=most_amazing_places\" target=\"_blank\" rel=\"nofollow noopener\">Zur Buchung<\/a><\/h2>\n<p style=\"\"><a href=\"https:\/\/www.headout.com\/de\/taormina-antikes-theater\/taormina-antikes-theater-tickets-mit-optionalem-audioguide-e-25691\/?affiliate_code=KXkQ69&amp;utm_campaign=itidetaorminaancienttheatersp&amp;utm_content=link&amp;utm_medium=affiliate&amp;utm_source=most_amazing_places\" target=\"_blank\" rel=\"nofollow noopener\" style=\"outline: none;\">Preis ab<\/a><\/p>\n<h1><a href=\"https:\/\/www.headout.com\/de\/taormina-antikes-theater\/taormina-antikes-theater-tickets-mit-optionalem-audioguide-e-25691\/?affiliate_code=KXkQ69&amp;utm_campaign=itidetaorminaancienttheatersp&amp;utm_content=link&amp;utm_medium=affiliate&amp;utm_source=most_amazing_places\" target=\"_blank\" rel=\"nofollow noopener\" style=\"outline: none;\"><strong>21,00 \u20ac<\/strong><\/a><\/h1>\n<h3>Ihr Konto wird noch nicht belastet<\/h3>\n","protected":false},"excerpt":{"rendered":"<p>Tickets f\u00fcr das antike Theater von Taormina inklusive Audioguide Zur Buchung Preis ab 21,00 \u20ac Begeben Sie sich mit Ihren Tickets f\u00fcr das antike Theater von Taormina auf eine Reise in die Vergangenheit. Erkunden Sie es in Ihrem eigenen Tempo mit einem informativen Audioguide und genie\u00dfen Sie den atemberaubenden Blick auf den \u00c4tna. Handverlesenes Ticket&nbsp; [&hellip;]<\/p>\n","protected":false},"author":6,"featured_media":18430,"parent":0,"menu_order":0,"comment_status":"closed","ping_status":"closed","template":"","meta":{"footnotes":""},"categories":[129,128],"tags":[131,130],"class_list":["post-18429","page","type-page","status-publish","has-post-thumbnail","hentry","category-sizilien","category-verkaufsseite","tag-sizilien","tag-verkaufsseite","post-wrapper","thrv_wrapper"],"_links":{"self":[{"href":"https:\/\/italy-tourist-information.com\/de\/wp-json\/wp\/v2\/pages\/18429","targetHints":{"allow":["GET"]}}],"collection":[{"href":"https:\/\/italy-tourist-information.com\/de\/wp-json\/wp\/v2\/pages"}],"about":[{"href":"https:\/\/italy-tourist-information.com\/de\/wp-json\/wp\/v2\/types\/page"}],"author":[{"embeddable":true,"href":"https:\/\/italy-tourist-information.com\/de\/wp-json\/wp\/v2\/users\/6"}],"replies":[{"embeddable":true,"href":"https:\/\/italy-tourist-information.com\/de\/wp-json\/wp\/v2\/comments?post=18429"}],"version-history":[{"count":7,"href":"https:\/\/italy-tourist-information.com\/de\/wp-json\/wp\/v2\/pages\/18429\/revisions"}],"predecessor-version":[{"id":20096,"href":"https:\/\/italy-tourist-information.com\/de\/wp-json\/wp\/v2\/pages\/18429\/revisions\/20096"}],"wp:featuredmedia":[{"embeddable":true,"href":"https:\/\/italy-tourist-information.com\/de\/wp-json\/wp\/v2\/media\/18430"}],"wp:attachment":[{"href":"https:\/\/italy-tourist-information.com\/de\/wp-json\/wp\/v2\/media?parent=18429"}],"wp:term":[{"taxonomy":"category","embeddable":true,"href":"https:\/\/italy-tourist-information.com\/de\/wp-json\/wp\/v2\/categories?post=18429"},{"taxonomy":"post_tag","embeddable":true,"href":"https:\/\/italy-tourist-information.com\/de\/wp-json\/wp\/v2\/tags?post=18429"}],"curies":[{"name":"wp","href":"https:\/\/api.w.org\/{rel}","templated":true}]}}