{"id":18439,"date":"2025-04-18T13:14:12","date_gmt":"2025-04-18T13:14:12","guid":{"rendered":"https:\/\/italy-tourist-information.com\/national-archaeological-museum-of-naples-entry-ticket"},"modified":"2026-04-14T14:05:40","modified_gmt":"2026-04-14T14:05:40","slug":"archaeologisches-nationalmuseum-neapel-tickets","status":"publish","type":"page","link":"https:\/\/italy-tourist-information.com\/de\/archaeologisches-nationalmuseum-neapel-tickets","title":{"rendered":"Arch\u00e4ologisches Nationalmuseum Neapel Tickets"},"content":{"rendered":"<p><span><img decoding=\"async\" alt=\"\" data-id=\"10071\" width=\"2335\" height=\"1556\" title=\"Nationales Arch\u00e4ologisches Museum von Neapel - Eintrittskarte\" src=\"https:\/\/italy-tourist-information.com\/wp-content\/uploads\/2025\/04\/The-National-Archaeological-Museum-of-Naples-Entry-Ticket-ota-1024x682.avif\" data-src=\"https:\/\/italy-tourist-information.com\/wp-content\/uploads\/2025\/04\/The-National-Archaeological-Museum-of-Naples-Entry-Ticket-ota-300x200.avif\" loading=\"lazy\" data-sizes=\"{&quot;thumbnail&quot;:{&quot;url&quot;:&quot;https:\/\/italy-tourist-information.com\/wp-content\/uploads\/2025\/04\/The-National-Archaeological-Museum-of-Naples-Entry-Ticket-ota-150x150.avif&quot;,&quot;height&quot;:150,&quot;width&quot;:150,&quot;orientation&quot;:&quot;landscape&quot;},&quot;medium&quot;:{&quot;url&quot;:&quot;https:\/\/italy-tourist-information.com\/wp-content\/uploads\/2025\/04\/The-National-Archaeological-Museum-of-Naples-Entry-Ticket-ota-300x200.avif&quot;,&quot;height&quot;:200,&quot;width&quot;:300,&quot;orientation&quot;:&quot;landscape&quot;},&quot;large&quot;:{&quot;url&quot;:&quot;https:\/\/italy-tourist-information.com\/wp-content\/uploads\/2025\/04\/The-National-Archaeological-Museum-of-Naples-Entry-Ticket-ota-1024x682.avif&quot;,&quot;height&quot;:682,&quot;width&quot;:1024,&quot;orientation&quot;:&quot;landscape&quot;},&quot;full&quot;:{&quot;url&quot;:&quot;https:\/\/italy-tourist-information.com\/wp-content\/uploads\/2025\/04\/The-National-Archaeological-Museum-of-Naples-Entry-Ticket-ota.avif&quot;,&quot;height&quot;:1556,&quot;width&quot;:2335,&quot;orientation&quot;:&quot;landscape&quot;},&quot;1536x1536&quot;:{&quot;url&quot;:&quot;https:\/\/italy-tourist-information.com\/wp-content\/uploads\/2025\/04\/The-National-Archaeological-Museum-of-Naples-Entry-Ticket-ota-1536x1024.avif&quot;,&quot;height&quot;:1024,&quot;width&quot;:1536,&quot;orientation&quot;:&quot;landscape&quot;},&quot;2048x2048&quot;:{&quot;url&quot;:&quot;https:\/\/italy-tourist-information.com\/wp-content\/uploads\/2025\/04\/The-National-Archaeological-Museum-of-Naples-Entry-Ticket-ota-2048x1365.avif&quot;,&quot;height&quot;:1365,&quot;width&quot;:2048,&quot;orientation&quot;:&quot;landscape&quot;}}\"><\/span><span><img decoding=\"async\" alt=\"\" data-id=\"10070\" width=\"2075\" height=\"1556\" title=\"Nationales Arch\u00e4ologisches Museum von Neapel \u2013 Eintrittskarte ota2\" src=\"https:\/\/italy-tourist-information.com\/wp-content\/uploads\/2025\/04\/The-National-Archaeological-Museum-of-Naples-Entry-Ticket-ota2-1024x768.avif\" data-src=\"https:\/\/italy-tourist-information.com\/wp-content\/uploads\/2025\/04\/The-National-Archaeological-Museum-of-Naples-Entry-Ticket-ota2-300x225.avif\" loading=\"lazy\" data-sizes=\"{&quot;thumbnail&quot;:{&quot;url&quot;:&quot;https:\/\/italy-tourist-information.com\/wp-content\/uploads\/2025\/04\/The-National-Archaeological-Museum-of-Naples-Entry-Ticket-ota2-150x150.avif&quot;,&quot;height&quot;:150,&quot;width&quot;:150,&quot;orientation&quot;:&quot;landscape&quot;},&quot;medium&quot;:{&quot;url&quot;:&quot;https:\/\/italy-tourist-information.com\/wp-content\/uploads\/2025\/04\/The-National-Archaeological-Museum-of-Naples-Entry-Ticket-ota2-300x225.avif&quot;,&quot;height&quot;:225,&quot;width&quot;:300,&quot;orientation&quot;:&quot;landscape&quot;},&quot;large&quot;:{&quot;url&quot;:&quot;https:\/\/italy-tourist-information.com\/wp-content\/uploads\/2025\/04\/The-National-Archaeological-Museum-of-Naples-Entry-Ticket-ota2-1024x768.avif&quot;,&quot;height&quot;:768,&quot;width&quot;:1024,&quot;orientation&quot;:&quot;landscape&quot;},&quot;full&quot;:{&quot;url&quot;:&quot;https:\/\/italy-tourist-information.com\/wp-content\/uploads\/2025\/04\/The-National-Archaeological-Museum-of-Naples-Entry-Ticket-ota2.avif&quot;,&quot;height&quot;:1556,&quot;width&quot;:2075,&quot;orientation&quot;:&quot;landscape&quot;},&quot;1536x1536&quot;:{&quot;url&quot;:&quot;https:\/\/italy-tourist-information.com\/wp-content\/uploads\/2025\/04\/The-National-Archaeological-Museum-of-Naples-Entry-Ticket-ota2-1536x1152.avif&quot;,&quot;height&quot;:1152,&quot;width&quot;:1536,&quot;orientation&quot;:&quot;landscape&quot;},&quot;2048x2048&quot;:{&quot;url&quot;:&quot;https:\/\/italy-tourist-information.com\/wp-content\/uploads\/2025\/04\/The-National-Archaeological-Museum-of-Naples-Entry-Ticket-ota2-2048x1536.avif&quot;,&quot;height&quot;:1536,&quot;width&quot;:2048,&quot;orientation&quot;:&quot;landscape&quot;}}\"><\/span><span><img decoding=\"async\" alt=\"\" data-id=\"10069\" width=\"2075\" height=\"1556\" title=\"Nationales Arch\u00e4ologisches Museum von Neapel \u2013 Eintrittskarte ota4\" src=\"https:\/\/italy-tourist-information.com\/wp-content\/uploads\/2025\/04\/The-National-Archaeological-Museum-of-Naples-Entry-Ticket-ota4-1024x768.avif\" data-src=\"https:\/\/italy-tourist-information.com\/wp-content\/uploads\/2025\/04\/The-National-Archaeological-Museum-of-Naples-Entry-Ticket-ota4-300x225.avif\" loading=\"lazy\" data-sizes=\"{&quot;thumbnail&quot;:{&quot;url&quot;:&quot;https:\/\/italy-tourist-information.com\/wp-content\/uploads\/2025\/04\/The-National-Archaeological-Museum-of-Naples-Entry-Ticket-ota4-150x150.avif&quot;,&quot;height&quot;:150,&quot;width&quot;:150,&quot;orientation&quot;:&quot;landscape&quot;},&quot;medium&quot;:{&quot;url&quot;:&quot;https:\/\/italy-tourist-information.com\/wp-content\/uploads\/2025\/04\/The-National-Archaeological-Museum-of-Naples-Entry-Ticket-ota4-300x225.avif&quot;,&quot;height&quot;:225,&quot;width&quot;:300,&quot;orientation&quot;:&quot;landscape&quot;},&quot;large&quot;:{&quot;url&quot;:&quot;https:\/\/italy-tourist-information.com\/wp-content\/uploads\/2025\/04\/The-National-Archaeological-Museum-of-Naples-Entry-Ticket-ota4-1024x768.avif&quot;,&quot;height&quot;:768,&quot;width&quot;:1024,&quot;orientation&quot;:&quot;landscape&quot;},&quot;full&quot;:{&quot;url&quot;:&quot;https:\/\/italy-tourist-information.com\/wp-content\/uploads\/2025\/04\/The-National-Archaeological-Museum-of-Naples-Entry-Ticket-ota4.avif&quot;,&quot;height&quot;:1556,&quot;width&quot;:2075,&quot;orientation&quot;:&quot;landscape&quot;},&quot;1536x1536&quot;:{&quot;url&quot;:&quot;https:\/\/italy-tourist-information.com\/wp-content\/uploads\/2025\/04\/The-National-Archaeological-Museum-of-Naples-Entry-Ticket-ota4-1536x1152.avif&quot;,&quot;height&quot;:1152,&quot;width&quot;:1536,&quot;orientation&quot;:&quot;landscape&quot;},&quot;2048x2048&quot;:{&quot;url&quot;:&quot;https:\/\/italy-tourist-information.com\/wp-content\/uploads\/2025\/04\/The-National-Archaeological-Museum-of-Naples-Entry-Ticket-ota4-2048x1536.avif&quot;,&quot;height&quot;:1536,&quot;width&quot;:2048,&quot;orientation&quot;:&quot;landscape&quot;}}\"><\/span><span><img decoding=\"async\" alt=\"\" data-id=\"10068\" width=\"2336\" height=\"1556\" title=\"Nationales Arch\u00e4ologisches Museum von Neapel \u2013 Eintrittskarte ota5\" src=\"https:\/\/italy-tourist-information.com\/wp-content\/uploads\/2025\/04\/The-National-Archaeological-Museum-of-Naples-Entry-Ticket-ota5-1024x682.avif\" data-src=\"https:\/\/italy-tourist-information.com\/wp-content\/uploads\/2025\/04\/The-National-Archaeological-Museum-of-Naples-Entry-Ticket-ota5-300x200.avif\" loading=\"lazy\" data-sizes=\"{&quot;thumbnail&quot;:{&quot;url&quot;:&quot;https:\/\/italy-tourist-information.com\/wp-content\/uploads\/2025\/04\/The-National-Archaeological-Museum-of-Naples-Entry-Ticket-ota5-150x150.avif&quot;,&quot;height&quot;:150,&quot;width&quot;:150,&quot;orientation&quot;:&quot;landscape&quot;},&quot;medium&quot;:{&quot;url&quot;:&quot;https:\/\/italy-tourist-information.com\/wp-content\/uploads\/2025\/04\/The-National-Archaeological-Museum-of-Naples-Entry-Ticket-ota5-300x200.avif&quot;,&quot;height&quot;:200,&quot;width&quot;:300,&quot;orientation&quot;:&quot;landscape&quot;},&quot;large&quot;:{&quot;url&quot;:&quot;https:\/\/italy-tourist-information.com\/wp-content\/uploads\/2025\/04\/The-National-Archaeological-Museum-of-Naples-Entry-Ticket-ota5-1024x682.avif&quot;,&quot;height&quot;:682,&quot;width&quot;:1024,&quot;orientation&quot;:&quot;landscape&quot;},&quot;full&quot;:{&quot;url&quot;:&quot;https:\/\/italy-tourist-information.com\/wp-content\/uploads\/2025\/04\/The-National-Archaeological-Museum-of-Naples-Entry-Ticket-ota5.avif&quot;,&quot;height&quot;:1556,&quot;width&quot;:2336,&quot;orientation&quot;:&quot;landscape&quot;},&quot;1536x1536&quot;:{&quot;url&quot;:&quot;https:\/\/italy-tourist-information.com\/wp-content\/uploads\/2025\/04\/The-National-Archaeological-Museum-of-Naples-Entry-Ticket-ota5-1536x1023.avif&quot;,&quot;height&quot;:1023,&quot;width&quot;:1536,&quot;orientation&quot;:&quot;landscape&quot;},&quot;2048x2048&quot;:{&quot;url&quot;:&quot;https:\/\/italy-tourist-information.com\/wp-content\/uploads\/2025\/04\/The-National-Archaeological-Museum-of-Naples-Entry-Ticket-ota5-2048x1364.avif&quot;,&quot;height&quot;:1364,&quot;width&quot;:2048,&quot;orientation&quot;:&quot;landscape&quot;}}\"><\/span><\/p>\n<h1>Nationales Arch\u00e4ologisches Museum von Neapel:Eintrittskarte<\/h1>\n<h2><a href=\"https:\/\/www.tiqets.com\/en\/naples-attractions-c71720\/tickets-for-the-national-archaeological-museum-of-naples-p977506?partner=italytouristinformation&amp;tq_campaign=ArchaeoMuseumNaplesGttd\" target=\"_blank\" rel=\"nofollow noopener\" style=\"outline: none;\" data-lt-tmp-id=\"lt-504874\" spellcheck=\"false\">Zur Buchung<\/a><\/h2>\n<p style=\"\"><a href=\"https:\/\/www.tiqets.com\/en\/naples-attractions-c71720\/tickets-for-the-national-archaeological-museum-of-naples-p977506?partner=italytouristinformation&amp;tq_campaign=ArchaeoMuseumNaplesGttd\" target=\"_blank\" rel=\"nofollow noopener\" style=\"outline: none;\">Preis ab<\/a><\/p>\n<h1><a href=\"https:\/\/www.tiqets.com\/en\/naples-attractions-c71720\/tickets-for-the-national-archaeological-museum-of-naples-p977506?partner=italytouristinformation&amp;tq_campaign=ArchaeoMuseumNaplesGttd\" target=\"_blank\" rel=\"nofollow noopener\" style=\"outline: none;\" data-lt-tmp-id=\"lt-595487\" spellcheck=\"false\"><strong>24,00 \u20ac<\/strong><\/a><\/h1>\n<p data-end=\"479\" data-start=\"280\">Besuchen Sie eine der weltweit gr\u00f6\u00dften Sammlungen klassischer Kunst im <strong>Nationalen Arch\u00e4ologischen Museum von Neapel.<\/strong> Dort finden Sie auch Wechselausstellungen und einen herunterladbaren Audioguide, mit dem Sie Neapel erkunden k\u00f6nnen.<\/p>\n<ul>\n<li style=\"\"><span>Sorgf\u00e4ltig ausgew\u00e4hltes Ticket&nbsp;<\/span><\/li>\n<li style=\"\"><span>Mobiles Ticket&nbsp;<\/span><\/li>\n<li style=\"\"><span>Audioguide&nbsp;<\/span><\/li>\n<li style=\"\"><span>Kostenlose Stornierung<\/span><\/li>\n<\/ul>\n<h2>Inbegriffen<\/h2>\n<ul>\n<li style=\"\">                    <span>Eintrittskarte f\u00fcr das Nationale Arch\u00e4ologische Museum von Neapel<\/span><\/li>\n<li style=\"\">                    <span>Zugang zur Sonderausstellung<\/span><\/li>\n<li style=\"\">                    <span>Herunterladbarer digitaler Audio-Reisef\u00fchrer f\u00fcr Neapel (Englisch, Franz\u00f6sisch, Italienisch, Deutsch)<\/span><\/li>\n<\/ul>\n<h2>Nicht inbegriffen<\/h2>\n<ul>\n<li style=\"\"><span>Zugang zur Magnae Graecia Sammlung<\/span><\/li>\n<\/ul>\n<h2>Wichtige Informationen<\/h2>\n<ul>\n<li style=\"\"><span>Das Museum ist jeden Tag geschlossen (oder mittwochs, wenn Dienstag ein Feiertag ist).<\/span><\/li>\n<li style=\"\"><span>Der Einlass erfolgt zum n\u00e4chstm\u00f6glichen Zeitfenster bei Ankunft.<\/span><\/li>\n<li style=\"\"><span>Sie erhalten eine separate E-Mail mit einem Link zum Herunterladen Ihres Audioguides.<\/span><\/li>\n<li style=\"\"><span>Das Smartphone-Ticket muss am Eingang angezeigt werden.<\/span><\/li>\n<li><span>Das Museum ist rollstuhlgerecht.<\/span><\/li>\n<\/ul>\n<h2>Beschreibung:<\/h2>\n<p dir=\"ltr\">Begeben Sie sich auf eine Reise durch antike Zivilisationen im Nationalen Arch\u00e4ologischen Museum von Neapel, das&nbsp;<strong>eine der weltweit reichsten Sammlungen griechisch-r\u00f6mischer Artefakte verwaltet.<\/strong><\/p>\n<p dir=\"ltr\">Bestaunen Sie die erhaltenen <strong>Skulpturen aus Pompeji<\/strong>, den kolossalen Farnesischen Herkules und den himmlischen Farnesischen Atlas. Von farbenpr\u00e4chtigen&nbsp;<strong>Mosaiken<\/strong> und Fresken bis hin zu geheimnisvollen <strong>\u00e4gyptischen <\/strong><strong>Reliquien<\/strong> und <strong>vulkanischen \u00dcberresten des Vesuvs \u2013<\/strong> jede Ausstellung enth\u00fcllt eine faszinierende Geschichte der Antike.<\/p>\n<p dir=\"ltr\">Dank des mitgelieferten <strong>digitalen Audioguides f\u00fcr die Stadt<\/strong> erweitert sich Ihr kulturelles Abenteuer \u00fcber das Museum hinaus bis ins Herz von Neapel.<\/p>\n<h2>Highlights:<\/h2>\n<ul>\n<li ltr\"\"=\"\">Bewundern Sie den <strong>Farnese-Herkules und den Farnese-Atlas,<\/strong> antike Symbole der St\u00e4rke und Mythologie<\/li>\n<li ltr\"\"=\"\">Entdecken Sie atemberaubende Fresken, Statuen und <strong>Mosaiken aus Pompeji und Herculaneum.<\/strong><\/li>\n<li ltr\"\"=\"\">Sehen Sie die <strong>\u00e4lteste bekannte Himmelskugel,<\/strong> die jemals geformt wurde.<\/li>\n<li ltr\"\"=\"\">Besuchen Sie Wechselausstellungen mit <strong>wechselnden arch\u00e4ologischen Sch\u00e4tzen.<\/strong><\/li>\n<li ltr\"\"=\"\">Entdecken Sie <strong>Relikte aus dem Alten \u00c4gypten<\/strong>\u200b, Rom und dem klassischen Griechenland.<\/li>\n<li ltr\"\"=\"\">Erleben Sie Neapel intensiver mit einem <strong>herunterladbaren Audio-Stadtf\u00fchrer.<\/strong><\/li>\n<\/ul>\n<h2>Nationales Arch\u00e4ologisches Museum von Neapel<\/h2>\n<p>Piazza Museo, 19, 80135 Napoli NA, Italien<\/p>\n<h2>Stornierungsbedingungen<\/h2>\n<p>Kostenlose Stornierung bis 23:59 Uhr am Vortag Ihres geplanten Besuchs m\u00f6glich.<\/p>\n<h2>Treffpunkt &amp; Anweisungen<\/h2>\n<p dir=\"ltr\">Zeigen Sie Ihr Smartphone-Ticket an der Kasse des Nationalen Arch\u00e4ologischen Museums von Neapel vor. <strong>Der Eintritt wird Ihnen im n\u00e4chstm\u00f6glichen Zeitfenster gew\u00e4hrt.<\/strong><\/p>\n<p dir=\"ltr\">Sie erhalten eine separate E-Mail mit einem Link und Anweisungen zum Herunterladen Ihrer digitalen Audioguide-App.<\/p>\n<p><a href=\"https:\/\/www.google.com\/maps\/place\/Arch%C3%A4ologisches+Nationalmuseum+Neapel\/@40.8490551,14.2486477,14z\/data=!4m15!1m8!3m7!1s0x133b0867e2c94023:0xb48ecf1589057c98!2sArch%C3%A4ologisches+Nationalmuseum+Neapel!8m2!3d40.8535985!4d14.2505254!10e8!16zL20vMDRfNWsy!3m5!1s0x133b0867e2c94023:0xb48ecf1589057c98!8m2!3d40.8535985!4d14.2505254!16zL20vMDRfNWsy?entry=ttu&amp;g_ep=EgoyMDI1MDQxNC4xIKXMDSoASAFQAw%3D%3D\" data-lt-tmp-id=\"lt-224233\" spellcheck=\"false\" target=\"_blank\" rel=\"nofollow noopener\" style=\"outline: none;\">In Karten \u00f6ffnen<\/a><\/p>\n<h2>Bewertungen<\/h2>\n<p><strong>4,5\/5&nbsp; <\/strong><strong>(333 Bewertungen)<\/strong><\/p>\n<p dir=\"ltr\">\u201eWas f\u00fcr ein fantastisches Museum! Wir haben zweieinhalb Stunden dort verbracht und trotzdem nicht die gesamte Sammlung gesehen. Es gibt Artefakte aus Pompeji, Herkulaneum und vielen anderen Orten. Wenn Sie in Neapel sind, m\u00fcssen Sie dieses Museum unbedingt besuchen.\u201c David, Mai 2024 <a href=\"https:\/\/www.tiqets.com\/en\/naples-attractions-c71720\/tickets-for-the-national-archaeological-museum-of-naples-p977506\/?partner=italytouristinformation&amp;tq_campaign=ArchaeoMuseumNaplesGttd\" target=\"_blank\" rel=\"nofollow noopener\" data-lt-tmp-id=\"lt-175475\" spellcheck=\"false\" style=\"outline: none;\">&gt;&gt; Weitere Bewertungen ansehen \u2026<\/a><\/p>\n<h2>Weitere Aktivit\u00e4ten, die Ihnen gefallen k\u00f6nnten<\/h2>\n<p><span># <\/span><strong><span>2<\/span><\/strong><span># <\/span><strong><span>2<\/span><\/strong><span><img decoding=\"async\" alt=\"\" data-id=\"6025\" width=\"159\" data-init-width=\"1600\" height=\"159\" data-init-height=\"1600\" title=\"Pompeji Express \u2013 Reservierter Eingang mit optionalem Audioguide 2\" loading=\"lazy\" src=\"https:\/\/italy-tourist-information.com\/wp-content\/uploads\/2024\/09\/Pompeii-Express-Reserved-Entrance-With-Optional-Audio-Guide-2.avif\" data-width=\"159\" data-height=\"159\" style=\"aspect-ratio: auto 1600 \/ 1600;\"><\/span><\/p>\n<table>\n<tbody>\n<tr>\n<td><a href=\"https:\/\/www.tiqets.com\/en\/pompeii-express-reserved-entry-herculaneum-entry-ticket-b1093\/?partner=italytouristinformation&amp;tq_campaign=ArchaeoMuseumNaplesGttd2\" target=\"_blank\" rel=\"nofollow noopener\" style=\"outline: none;\" data-lt-tmp-id=\"lt-573093\" spellcheck=\"false\">Pompeji Express: Reservierter Eintritt + Herculaneum: Eintrittskarte<\/a><\/td>\n<\/tr>\n<\/tbody>\n<\/table>\n<p>Begeben Sie sich auf eine Reise durch die Geschichte mit reserviertem Eintritt nach Pompeji und einer Eintrittskarte nach Herculaneum \u2013 zwei bemerkenswert gut erhaltene antike St\u00e4dte, die vom Vesuv versch\u00fcttet wurden.<\/p>\n<h3 style=\"\">Gesamtpreis<\/h3>\n<h3>Ihr Konto wird noch nicht belastet.<\/h3>\n<p><span># <\/span><strong><span>2<\/span><\/strong><span><img decoding=\"async\" alt=\"\" data-id=\"7179\" width=\"159\" data-init-width=\"1600\" height=\"159\" data-init-height=\"1600\" title=\"Naples Underground \u2013 Ticket ohne Anstehen + F\u00fchrung\" loading=\"lazy\" src=\"https:\/\/italy-tourist-information.com\/wp-content\/uploads\/2024\/09\/Naples-Underground-Skip-The-Line-Ticket-Guided-Tour-.avif\" data-width=\"159\" data-height=\"159\" style=\"aspect-ratio: auto 1600 \/ 1600;\"><\/span><\/p>\n<table>\n<tbody>\n<tr>\n<td><a href=\"https:\/\/megapass.com\/tours-tickets\/cappadocia-red-tour-with-goreme-museum-lunch-and-hotel-transfer-i2767?discountCode=ma-places\" target=\"_blank\" rel=\"nofollow noopener\" style=\"outline: none;\"><\/p>\n<table>\n<tbody>\n<tr>\n<td><strong><a data-lt-tmp-id=\"lt-163467\" href=\"https:\/\/www.tiqets.com\/en\/naples-attractions-c71720\/tickets-for-naples-underground-p974907\/?partner=italytouristinformation&amp;tq_campaign=ArchaeoMuseumNaplesGttd3\" rel=\"nofollow noopener\" spellcheck=\"false\" target=\"_blank\" style=\"outline: none;\">Naples Underground: Ticket ohne Anstehen + F\u00fchrung<\/a><\/strong><\/td>\n<\/tr>\n<\/tbody>\n<\/table>\n<p><strong><\/strong><\/a><\/td>\n<\/tr>\n<\/tbody>\n<\/table>\n<p>Steigen Sie mit einem Ticket ohne Anstehen und einem fachkundigen F\u00fchrer hinab unter die gesch\u00e4ftigen Stra\u00dfen Neapels und erkunden Sie ein faszinierendes unterirdisches Labyrinth.<\/p>\n<h3 style=\"\">Gesamtpreis<\/h3>\n<h3 style=\"\">Ihr Konto wird noch nicht belastet.<\/h3>\n<p><\/p>\n<h2><a href=\"https:\/\/www.tiqets.com\/en\/naples-attractions-c71720\/tickets-for-the-national-archaeological-museum-of-naples-p977506?partner=italytouristinformation&amp;tq_campaign=ArchaeoMuseumNaplesGttd\" target=\"_blank\" rel=\"nofollow noopener\" style=\"outline: none;\">Zur Buchung<\/a><\/h2>\n<p style=\"\"><a href=\"https:\/\/www.tiqets.com\/en\/naples-attractions-c71720\/tickets-for-the-national-archaeological-museum-of-naples-p977506?partner=italytouristinformation&amp;tq_campaign=ArchaeoMuseumNaplesGttd\" target=\"_blank\" rel=\"nofollow noopener\" style=\"outline: none;\">Preis ab<\/a><\/p>\n<h1><a href=\"https:\/\/www.tiqets.com\/en\/naples-attractions-c71720\/tickets-for-the-national-archaeological-museum-of-naples-p977506?partner=italytouristinformation&amp;tq_campaign=ArchaeoMuseumNaplesGttd\" target=\"_blank\" rel=\"nofollow noopener\" style=\"outline: none;\"><strong>24,00 \u20ac<\/strong><\/a><\/h1>\n<h3>Ihr Konto wird noch nicht belastet.<\/h3>\n","protected":false},"excerpt":{"rendered":"<p>Nationales Arch\u00e4ologisches Museum von Neapel:Eintrittskarte Zur Buchung Preis ab 24,00 \u20ac Besuchen Sie eine der weltweit gr\u00f6\u00dften Sammlungen klassischer Kunst im Nationalen Arch\u00e4ologischen Museum von Neapel. Dort finden Sie auch Wechselausstellungen und einen herunterladbaren Audioguide, mit dem Sie Neapel erkunden k\u00f6nnen. Sorgf\u00e4ltig ausgew\u00e4hltes Ticket&nbsp; Mobiles Ticket&nbsp; Audioguide&nbsp; Kostenlose Stornierung Inbegriffen Eintrittskarte f\u00fcr das Nationale Arch\u00e4ologische [&hellip;]<\/p>\n","protected":false},"author":6,"featured_media":18440,"parent":0,"menu_order":0,"comment_status":"closed","ping_status":"closed","template":"","meta":{"footnotes":""},"categories":[141,128],"tags":[152,130],"class_list":["post-18439","page","type-page","status-publish","has-post-thumbnail","hentry","category-neapel","category-verkaufsseite","tag-neapel-2","tag-verkaufsseite","post-wrapper","thrv_wrapper"],"_links":{"self":[{"href":"https:\/\/italy-tourist-information.com\/de\/wp-json\/wp\/v2\/pages\/18439","targetHints":{"allow":["GET"]}}],"collection":[{"href":"https:\/\/italy-tourist-information.com\/de\/wp-json\/wp\/v2\/pages"}],"about":[{"href":"https:\/\/italy-tourist-information.com\/de\/wp-json\/wp\/v2\/types\/page"}],"author":[{"embeddable":true,"href":"https:\/\/italy-tourist-information.com\/de\/wp-json\/wp\/v2\/users\/6"}],"replies":[{"embeddable":true,"href":"https:\/\/italy-tourist-information.com\/de\/wp-json\/wp\/v2\/comments?post=18439"}],"version-history":[{"count":10,"href":"https:\/\/italy-tourist-information.com\/de\/wp-json\/wp\/v2\/pages\/18439\/revisions"}],"predecessor-version":[{"id":19247,"href":"https:\/\/italy-tourist-information.com\/de\/wp-json\/wp\/v2\/pages\/18439\/revisions\/19247"}],"wp:featuredmedia":[{"embeddable":true,"href":"https:\/\/italy-tourist-information.com\/de\/wp-json\/wp\/v2\/media\/18440"}],"wp:attachment":[{"href":"https:\/\/italy-tourist-information.com\/de\/wp-json\/wp\/v2\/media?parent=18439"}],"wp:term":[{"taxonomy":"category","embeddable":true,"href":"https:\/\/italy-tourist-information.com\/de\/wp-json\/wp\/v2\/categories?post=18439"},{"taxonomy":"post_tag","embeddable":true,"href":"https:\/\/italy-tourist-information.com\/de\/wp-json\/wp\/v2\/tags?post=18439"}],"curies":[{"name":"wp","href":"https:\/\/api.w.org\/{rel}","templated":true}]}}