{"id":18446,"date":"2024-09-25T11:28:35","date_gmt":"2024-09-25T11:28:35","guid":{"rendered":"https:\/\/italy-tourist-information.com\/ticket-for-parco-giardino-sigurta"},"modified":"2026-04-14T15:06:09","modified_gmt":"2026-04-14T15:06:09","slug":"tickets-fuer-parco-siardino-sigurta","status":"publish","type":"page","link":"https:\/\/italy-tourist-information.com\/de\/tickets-fuer-parco-siardino-sigurta","title":{"rendered":"Tickets f\u00fcr Parco Giardino Sigurt\u00e0: Ticket mit freiem Datum"},"content":{"rendered":"<p><span><img decoding=\"async\" alt=\"\" data-id=\"7691\" width=\"1600\" height=\"1600\" title=\"Parco Giardino Sigurt\u00e0 \u2013 Ticket mit offenem Datum\" src=\"https:\/\/italy-tourist-information.com\/wp-content\/uploads\/2024\/09\/Parco-Giardino-Sigurta-Open-Date-Ticket--1024x1024.avif\" data-src=\"https:\/\/italy-tourist-information.com\/wp-content\/uploads\/2024\/09\/Parco-Giardino-Sigurta-Open-Date-Ticket--300x300.avif\" data-sizes=\"{&quot;thumbnail&quot;:{&quot;url&quot;:&quot;https:\/\/italy-tourist-information.com\/wp-content\/uploads\/2024\/09\/Parco-Giardino-Sigurta-Open-Date-Ticket--150x150.avif&quot;,&quot;height&quot;:150,&quot;width&quot;:150,&quot;orientation&quot;:&quot;landscape&quot;},&quot;medium&quot;:{&quot;url&quot;:&quot;https:\/\/italy-tourist-information.com\/wp-content\/uploads\/2024\/09\/Parco-Giardino-Sigurta-Open-Date-Ticket--300x300.avif&quot;,&quot;height&quot;:300,&quot;width&quot;:300,&quot;orientation&quot;:&quot;landscape&quot;},&quot;large&quot;:{&quot;url&quot;:&quot;https:\/\/italy-tourist-information.com\/wp-content\/uploads\/2024\/09\/Parco-Giardino-Sigurta-Open-Date-Ticket--1024x1024.avif&quot;,&quot;height&quot;:1024,&quot;width&quot;:1024,&quot;orientation&quot;:&quot;landscape&quot;},&quot;full&quot;:{&quot;url&quot;:&quot;https:\/\/italy-tourist-information.com\/wp-content\/uploads\/2024\/09\/Parco-Giardino-Sigurta-Open-Date-Ticket-.avif&quot;,&quot;height&quot;:1600,&quot;width&quot;:1600,&quot;orientation&quot;:&quot;landscape&quot;},&quot;1536x1536&quot;:{&quot;url&quot;:&quot;https:\/\/italy-tourist-information.com\/wp-content\/uploads\/2024\/09\/Parco-Giardino-Sigurta-Open-Date-Ticket--1536x1536.avif&quot;,&quot;height&quot;:1536,&quot;width&quot;:1536,&quot;orientation&quot;:&quot;landscape&quot;}}\" style=\"\" loading=\"lazy\"><\/span><span><img decoding=\"async\" alt=\"\" data-id=\"7690\" width=\"1600\" height=\"1600\" title=\"Parco Giardino Sigurt\u00e0 \u2013 Ticket mit offenem Datum 2\" src=\"https:\/\/italy-tourist-information.com\/wp-content\/uploads\/2024\/09\/Parco-Giardino-Sigurta-Open-Date-Ticket-2-1024x1024.avif\" data-src=\"https:\/\/italy-tourist-information.com\/wp-content\/uploads\/2024\/09\/Parco-Giardino-Sigurta-Open-Date-Ticket-2-300x300.avif\" data-sizes=\"{&quot;thumbnail&quot;:{&quot;url&quot;:&quot;https:\/\/italy-tourist-information.com\/wp-content\/uploads\/2024\/09\/Parco-Giardino-Sigurta-Open-Date-Ticket-2-150x150.avif&quot;,&quot;height&quot;:150,&quot;width&quot;:150,&quot;orientation&quot;:&quot;landscape&quot;},&quot;medium&quot;:{&quot;url&quot;:&quot;https:\/\/italy-tourist-information.com\/wp-content\/uploads\/2024\/09\/Parco-Giardino-Sigurta-Open-Date-Ticket-2-300x300.avif&quot;,&quot;height&quot;:300,&quot;width&quot;:300,&quot;orientation&quot;:&quot;landscape&quot;},&quot;large&quot;:{&quot;url&quot;:&quot;https:\/\/italy-tourist-information.com\/wp-content\/uploads\/2024\/09\/Parco-Giardino-Sigurta-Open-Date-Ticket-2-1024x1024.avif&quot;,&quot;height&quot;:1024,&quot;width&quot;:1024,&quot;orientation&quot;:&quot;landscape&quot;},&quot;full&quot;:{&quot;url&quot;:&quot;https:\/\/italy-tourist-information.com\/wp-content\/uploads\/2024\/09\/Parco-Giardino-Sigurta-Open-Date-Ticket-2.avif&quot;,&quot;height&quot;:1600,&quot;width&quot;:1600,&quot;orientation&quot;:&quot;landscape&quot;},&quot;1536x1536&quot;:{&quot;url&quot;:&quot;https:\/\/italy-tourist-information.com\/wp-content\/uploads\/2024\/09\/Parco-Giardino-Sigurta-Open-Date-Ticket-2-1536x1536.avif&quot;,&quot;height&quot;:1536,&quot;width&quot;:1536,&quot;orientation&quot;:&quot;landscape&quot;}}\" style=\"\" loading=\"lazy\"><\/span><span><img decoding=\"async\" alt=\"\" data-id=\"7689\" width=\"1600\" height=\"1600\" title=\"Parco Giardino Sigurt\u00e0 \u2013 Ticket mit offenem Datum 3\" src=\"https:\/\/italy-tourist-information.com\/wp-content\/uploads\/2024\/09\/Parco-Giardino-Sigurta-Open-Date-Ticket-3-1024x1024.avif\" data-src=\"https:\/\/italy-tourist-information.com\/wp-content\/uploads\/2024\/09\/Parco-Giardino-Sigurta-Open-Date-Ticket-3-300x300.avif\" data-sizes=\"{&quot;thumbnail&quot;:{&quot;url&quot;:&quot;https:\/\/italy-tourist-information.com\/wp-content\/uploads\/2024\/09\/Parco-Giardino-Sigurta-Open-Date-Ticket-3-150x150.avif&quot;,&quot;height&quot;:150,&quot;width&quot;:150,&quot;orientation&quot;:&quot;landscape&quot;},&quot;medium&quot;:{&quot;url&quot;:&quot;https:\/\/italy-tourist-information.com\/wp-content\/uploads\/2024\/09\/Parco-Giardino-Sigurta-Open-Date-Ticket-3-300x300.avif&quot;,&quot;height&quot;:300,&quot;width&quot;:300,&quot;orientation&quot;:&quot;landscape&quot;},&quot;large&quot;:{&quot;url&quot;:&quot;https:\/\/italy-tourist-information.com\/wp-content\/uploads\/2024\/09\/Parco-Giardino-Sigurta-Open-Date-Ticket-3-1024x1024.avif&quot;,&quot;height&quot;:1024,&quot;width&quot;:1024,&quot;orientation&quot;:&quot;landscape&quot;},&quot;full&quot;:{&quot;url&quot;:&quot;https:\/\/italy-tourist-information.com\/wp-content\/uploads\/2024\/09\/Parco-Giardino-Sigurta-Open-Date-Ticket-3.avif&quot;,&quot;height&quot;:1600,&quot;width&quot;:1600,&quot;orientation&quot;:&quot;landscape&quot;},&quot;1536x1536&quot;:{&quot;url&quot;:&quot;https:\/\/italy-tourist-information.com\/wp-content\/uploads\/2024\/09\/Parco-Giardino-Sigurta-Open-Date-Ticket-3-1536x1536.avif&quot;,&quot;height&quot;:1536,&quot;width&quot;:1536,&quot;orientation&quot;:&quot;landscape&quot;}}\" style=\"\" loading=\"lazy\"><\/span><span><img decoding=\"async\" alt=\"\" data-id=\"7688\" width=\"1600\" height=\"1600\" title=\"Parco Giardino Sigurt\u00e0 \u2013 Ticket mit offenem Datum 4\" src=\"https:\/\/italy-tourist-information.com\/wp-content\/uploads\/2024\/09\/Parco-Giardino-Sigurta-Open-Date-Ticket-4-1024x1024.avif\" data-src=\"https:\/\/italy-tourist-information.com\/wp-content\/uploads\/2024\/09\/Parco-Giardino-Sigurta-Open-Date-Ticket-4-300x300.avif\" data-sizes=\"{&quot;thumbnail&quot;:{&quot;url&quot;:&quot;https:\/\/italy-tourist-information.com\/wp-content\/uploads\/2024\/09\/Parco-Giardino-Sigurta-Open-Date-Ticket-4-150x150.avif&quot;,&quot;height&quot;:150,&quot;width&quot;:150,&quot;orientation&quot;:&quot;landscape&quot;},&quot;medium&quot;:{&quot;url&quot;:&quot;https:\/\/italy-tourist-information.com\/wp-content\/uploads\/2024\/09\/Parco-Giardino-Sigurta-Open-Date-Ticket-4-300x300.avif&quot;,&quot;height&quot;:300,&quot;width&quot;:300,&quot;orientation&quot;:&quot;landscape&quot;},&quot;large&quot;:{&quot;url&quot;:&quot;https:\/\/italy-tourist-information.com\/wp-content\/uploads\/2024\/09\/Parco-Giardino-Sigurta-Open-Date-Ticket-4-1024x1024.avif&quot;,&quot;height&quot;:1024,&quot;width&quot;:1024,&quot;orientation&quot;:&quot;landscape&quot;},&quot;full&quot;:{&quot;url&quot;:&quot;https:\/\/italy-tourist-information.com\/wp-content\/uploads\/2024\/09\/Parco-Giardino-Sigurta-Open-Date-Ticket-4.avif&quot;,&quot;height&quot;:1600,&quot;width&quot;:1600,&quot;orientation&quot;:&quot;landscape&quot;},&quot;1536x1536&quot;:{&quot;url&quot;:&quot;https:\/\/italy-tourist-information.com\/wp-content\/uploads\/2024\/09\/Parco-Giardino-Sigurta-Open-Date-Ticket-4-1536x1536.avif&quot;,&quot;height&quot;:1536,&quot;width&quot;:1536,&quot;orientation&quot;:&quot;landscape&quot;}}\" style=\"\" loading=\"lazy\"><\/span><\/p>\n<h1 dir=\"ltr\">Parco Giardino Sigurt\u00e0: Ticket mit offenem Datum<\/h1>\n<h2><a href=\"https:\/\/www.tiqets.com\/de\/valeggio-sul-mincio-sehenswuerdigkeiten-c104617\/tickets-fur-parco-giardino-sigurta-open-date-ticket-p979168\/?partner=italytouristinformation&amp;tq_campaign=ITIDeParcoGiardinoSigurtaSP\" target=\"_blank\" rel=\"nofollow noopener\" style=\"outline: none;\">Zur Buchung<\/a><\/h2>\n<p style=\"\"><a href=\"https:\/\/www.tiqets.com\/de\/valeggio-sul-mincio-sehenswuerdigkeiten-c104617\/tickets-fur-parco-giardino-sigurta-open-date-ticket-p979168\/?partner=italytouristinformation&amp;tq_campaign=ITIDeParcoGiardinoSigurtaSP\" target=\"_blank\" rel=\"nofollow noopener\" style=\"outline: none;\">Preis ab<\/a><\/p>\n<h1><a href=\"https:\/\/www.tiqets.com\/de\/valeggio-sul-mincio-sehenswuerdigkeiten-c104617\/tickets-fur-parco-giardino-sigurta-open-date-ticket-p979168\/?partner=italytouristinformation&amp;tq_campaign=ITIDeParcoGiardinoSigurtaSP\" target=\"_blank\" rel=\"nofollow noopener\" style=\"outline: none;\" spellcheck=\"false\"><strong>16,00 \u20ac<\/strong><\/a><\/h1>\n<p dir=\"ltr\">Erkunden Sie den bezaubernden Parco Giardino Sigurt\u00e0 mit einem Ticket ohne festes Datum. Schlendern Sie durch preisgekr\u00f6nte Tulpenfelder, spazieren Sie an idyllischen Seen entlang und besuchen Sie die atemberaubenden G\u00e4rten \u2013 ganz nach Ihrem Geschmack.<\/p>\n<ul>\n<li style=\"\"><span>Handverlesens Ticket&nbsp;<\/span><\/li>\n<li style=\"\"><span>Sofortige Best\u00e4tigung<\/span><\/li>\n<li style=\"\"><span>Stornierbare Tickets erh\u00e4ltlich<\/span><\/li>\n<\/ul>\n<h2>Inbegriffen<\/h2>\n<ul>\n<li style=\"\">                    <span>Eingang zum Parco Giardino Sigurt\u00e0<\/span><\/li>\n<li style=\"\">                    <span>Ticket mit offenem Datum \u2013 Besuch an einem beliebigen g\u00fcltigen Datum innerhalb des Jahres 2026<\/span><\/li>\n<li style=\"\">                    <span>Kostenlose Parkpl\u00e4tze au\u00dferhalb der G\u00e4rten<\/span><\/li>\n<\/ul>\n<h2>Nicht inbegriffen<\/h2>\n<ul>\n<li style=\"\"><span>Eingang zur Villa Sigurt\u00e0<\/span><\/li>\n<li style=\"\"><span>Fahrradverleih, gef\u00fchrte Tour oder Fahrt mit der Parkbahn (gegen Aufpreis)<\/span><\/li>\n<\/ul>\n<h2>Wichtige Informationen<\/h2>\n<ul>\n<li style=\"\"><span>Das Ticket mit offenem Datum ist einmalig an einem beliebigen g\u00fcltigen Datum im Jahr 2026 g\u00fcltig (nicht g\u00fcltig am 21. und 25. April sowie am 1. Mai).<\/span><\/li>\n<li style=\"\"><span>Der spezielle Rosa-Gutschein ist nur an Werktagen erh\u00e4ltlich, Wochenenden und Feiertage werden angenommen.<\/span><\/li>\n<li style=\"\"><span>Letzter Einlass ist eine Stunde vor Schlie\u00dfung des Parks m\u00f6glich.<\/span><\/li>\n<li style=\"\"><span>Haustiere sind im Park nicht gestattet, ausgenommen Blindenhunde f\u00fcr Sehbehinderte.<\/span><\/li>\n<\/ul>\n<h2>Beschreibung:<\/h2>\n<p dir=\"ltr\">Erleben Sie die Ruhe des <strong>Parco Giardino Sigurt\u00e0,<\/strong> einer malerischen Oase in Verona, die f\u00fcr ihre farbenpr\u00e4chtige Tulpenbl\u00fcte und atemberaubende Landschaft bekannt ist. Schlendern Sie zwischen <strong>30.000 bl\u00fchenden Rosen,<\/strong> entspannen Sie sich an einem idyllischen Seen und erkunden Sie das <strong>verschlungene Labyrinth.<\/strong> Entdecken Sie, warum dieser Garten mit seiner nat\u00fcrlichen Sch\u00f6nheit und <strong>friedvollen Atmosph\u00e4re unz\u00e4hlige K\u00fcnstler inspiriert hat.<\/strong><\/p>\n<h2>Highlights:<\/h2>\n<p ltr\"\"=\"\">\n<ul>\n<li dir=\"ltr\">Schlendern Sie entlang der Viale delle Rose, wo jeden Fr\u00fchling 30.000 Rosen bl\u00fchen.<\/li>\n<li dir=\"ltr\">Erkunden Sie die faszinierenden Wasserg\u00e4rten, die vielen impressionistischen Malern als Inspirationsquelle dienen.<\/li>\n<li dir=\"ltr\">Genie\u00dfen Sie einen flexiblen Besuch mit Tickets ohne festes Datum \u2013 perfekt f\u00fcr spontane Reisende.<\/li>\n<li dir=\"ltr\">Schlendern Sie durch das bezaubernde Labyrinth des Parks.<\/li>\n<li dir=\"ltr\">Entdecken Sie die vielf\u00e4ltige Flora, darunter Seerosen, Hibiskus und japanische Koi-Karpfen.<\/li>\n<li dir=\"ltr\">Nutzen Sie die kostenlosen Parkpl\u00e4tze des Parks und die Annehmlichkeiten vor Ort, wie zum Beispiel Caf\u00e9s, die k\u00f6stliche Erfrischungen servieren.<\/li>\n<\/ul>\n<h2>Parco Giardino Sigurt\u00e0<\/h2>\n<p>Via Cavour, 1, 37067 Valeggio sul Mincio VR, Italien<\/p>\n<h2>Stornierungsbedingungen<\/h2>\n<p>Tickets sind nicht stornierbar, es sei denn, beim Bezahlvorgang wird eine erstattungsf\u00e4hige Option ausgew\u00e4hlt.<\/p>\n<h2>Treffpunkt &amp; Anweisungen<\/h2>\n<p>Betreten Sie den Park direkt mit Ihrer Eintrittskarte. F\u00fcr Sonderangebote und Services wie Fahrradverleih oder Zugfahrten erwerben Sie bitte zus\u00e4tzliche Tickets vor Ort an den daf\u00fcr vorgesehenen Verkaufsstellen.<\/p>\n<p><a href=\"https:\/\/www.google.com\/maps\/place\/Parco+Giardino+Sigurt%C3%A0\/@45.3602441,10.7327947,17z\/data=!4m15!1m8!3m7!1s0x4781c2dec6c46a0d:0xedef2543b598263e!2sParco+Giardino+Sigurt%C3%A0!8m2!3d45.3602441!4d10.7327947!10e8!16s%2Fg%2F1229dj26!3m5!1s0x4781c2dec6c46a0d:0xedef2543b598263e!8m2!3d45.3602441!4d10.7327947!16s%2Fg%2F1229dj26?entry=ttu&amp;g_ep=EgoyMDI0MDkyMi4wIKXMDSoASAFQAw%3D%3D\" target=\"_blank\" rel=\"nofollow noopener\" data-lt-tmp-id=\"lt-735461\" spellcheck=\"false\" style=\"outline: none;\">In Karten \u00f6ffnen<\/a><\/p>\n<h2>Bewertungen<\/h2>\n<p><strong>4,7\/5&nbsp; <\/strong><strong>(2675 Bewertungen)<\/strong><\/p>\n<p dir=\"ltr\"><em>\u201eSch\u00f6ner Park mit viel Gr\u00fcnfl\u00e4che zum Entspannen. Der Park ist riesig. Wir sind mit der Parkbahn gefahren, um das ganze Gel\u00e4nde zu sehen, aber wir hatten uns mehr Blumeng\u00e4rten gew\u00fcnscht.\u201c<\/em> \u2013 Anonym, Mai 2025<\/p>\n<p dir=\"ltr\"><em>\u201eWundersch\u00f6ner Park, friedlich, ein toller Ort f\u00fcr Ausfl\u00fcge mit Familie und Freunden, eine herrliche Auswahl an Blumen, ein St\u00fcck Paradies!\u201c&nbsp;<\/em> \u2013 Irina, April 2025<em>&nbsp;<\/em>&nbsp;&nbsp;<a href=\"https:\/\/www.tiqets.com\/de\/valeggio-sul-mincio-sehenswuerdigkeiten-c104617\/tickets-fur-parco-giardino-sigurta-open-date-ticket-p979168\/?partner=italytouristinformation&amp;tq_campaign=ITIDeParcoGiardinoSigurtaSP\" target=\"_blank\" rel=\"nofollow noopener\" spellcheck=\"false\" style=\"outline: none;\">&gt;&gt; Weitere Bewertungen ansehen \u2026<\/a><\/p>\n<p><span># <\/span><strong><span>2<\/span><\/strong><span># <\/span><strong><span>2<\/span><\/strong><\/p>\n<p><\/p>\n<h2><a href=\"https:\/\/www.tiqets.com\/de\/valeggio-sul-mincio-sehenswuerdigkeiten-c104617\/tickets-fur-parco-giardino-sigurta-open-date-ticket-p979168\/?partner=italytouristinformation&amp;tq_campaign=ITIDeParcoGiardinoSigurtaSP\" target=\"_blank\" rel=\"nofollow noopener\">Zur Buchung<\/a><\/h2>\n<p style=\"\"><a href=\"https:\/\/www.tiqets.com\/de\/valeggio-sul-mincio-sehenswuerdigkeiten-c104617\/tickets-fur-parco-giardino-sigurta-open-date-ticket-p979168\/?partner=italytouristinformation&amp;tq_campaign=ITIDeParcoGiardinoSigurtaSP\" target=\"_blank\" rel=\"nofollow noopener\" style=\"outline: none;\">Preis ab<\/a><\/p>\n<h1><a href=\"https:\/\/www.tiqets.com\/de\/valeggio-sul-mincio-sehenswuerdigkeiten-c104617\/tickets-fur-parco-giardino-sigurta-open-date-ticket-p979168\/?partner=italytouristinformation&amp;tq_campaign=ITIDeParcoGiardinoSigurtaSP\" target=\"_blank\" rel=\"nofollow noopener\" style=\"outline: none;\" spellcheck=\"false\"><strong>16,00 \u20ac<\/strong><\/a><\/h1>\n<p style=\"\">Ihr Konto wird noch nicht belastet.<\/p>\n","protected":false},"excerpt":{"rendered":"<p>Parco Giardino Sigurt\u00e0: Ticket mit offenem Datum Zur Buchung Preis ab 16,00 \u20ac Erkunden Sie den bezaubernden Parco Giardino Sigurt\u00e0 mit einem Ticket ohne festes Datum. Schlendern Sie durch preisgekr\u00f6nte Tulpenfelder, spazieren Sie an idyllischen Seen entlang und besuchen Sie die atemberaubenden G\u00e4rten \u2013 ganz nach Ihrem Geschmack. Handverlesens Ticket&nbsp; Sofortige Best\u00e4tigung Stornierbare Tickets erh\u00e4ltlich [&hellip;]<\/p>\n","protected":false},"author":6,"featured_media":18447,"parent":0,"menu_order":0,"comment_status":"closed","ping_status":"closed","template":"","meta":{"footnotes":""},"categories":[128],"tags":[130,159],"class_list":["post-18446","page","type-page","status-publish","has-post-thumbnail","hentry","category-verkaufsseite","tag-verkaufsseite","tag-verona-de","post-wrapper","thrv_wrapper"],"_links":{"self":[{"href":"https:\/\/italy-tourist-information.com\/de\/wp-json\/wp\/v2\/pages\/18446","targetHints":{"allow":["GET"]}}],"collection":[{"href":"https:\/\/italy-tourist-information.com\/de\/wp-json\/wp\/v2\/pages"}],"about":[{"href":"https:\/\/italy-tourist-information.com\/de\/wp-json\/wp\/v2\/types\/page"}],"author":[{"embeddable":true,"href":"https:\/\/italy-tourist-information.com\/de\/wp-json\/wp\/v2\/users\/6"}],"replies":[{"embeddable":true,"href":"https:\/\/italy-tourist-information.com\/de\/wp-json\/wp\/v2\/comments?post=18446"}],"version-history":[{"count":6,"href":"https:\/\/italy-tourist-information.com\/de\/wp-json\/wp\/v2\/pages\/18446\/revisions"}],"predecessor-version":[{"id":19271,"href":"https:\/\/italy-tourist-information.com\/de\/wp-json\/wp\/v2\/pages\/18446\/revisions\/19271"}],"wp:featuredmedia":[{"embeddable":true,"href":"https:\/\/italy-tourist-information.com\/de\/wp-json\/wp\/v2\/media\/18447"}],"wp:attachment":[{"href":"https:\/\/italy-tourist-information.com\/de\/wp-json\/wp\/v2\/media?parent=18446"}],"wp:term":[{"taxonomy":"category","embeddable":true,"href":"https:\/\/italy-tourist-information.com\/de\/wp-json\/wp\/v2\/categories?post=18446"},{"taxonomy":"post_tag","embeddable":true,"href":"https:\/\/italy-tourist-information.com\/de\/wp-json\/wp\/v2\/tags?post=18446"}],"curies":[{"name":"wp","href":"https:\/\/api.w.org\/{rel}","templated":true}]}}