{"id":18453,"date":"2025-05-13T14:37:42","date_gmt":"2025-05-13T14:37:42","guid":{"rendered":"https:\/\/italy-tourist-information.com\/tickets-for-a-classic-gondola-ride-in-venice"},"modified":"2026-05-05T08:10:20","modified_gmt":"2026-05-05T08:10:20","slug":"tickets-fuer-gondelfahrt-venedig","status":"publish","type":"page","link":"https:\/\/italy-tourist-information.com\/de\/tickets-fuer-gondelfahrt-venedig","title":{"rendered":"Tickets f\u00fcr Gondelfahrt in Venedig"},"content":{"rendered":"<p><span><img decoding=\"async\" alt=\"\" data-id=\"10757\" width=\"2335\" height=\"1556\" title=\"Venedig - Klassische Gondelfahrt\" src=\"https:\/\/italy-tourist-information.com\/wp-content\/uploads\/2025\/05\/Venice-Classic-Gondola-Ride-ota-1024x682.avif\" data-src=\"https:\/\/italy-tourist-information.com\/wp-content\/uploads\/2025\/05\/Venice-Classic-Gondola-Ride-ota-300x200.avif\" loading=\"lazy\" data-sizes=\"{&quot;thumbnail&quot;:{&quot;url&quot;:&quot;https:\/\/italy-tourist-information.com\/wp-content\/uploads\/2025\/05\/Venice-Classic-Gondola-Ride-ota-150x150.avif&quot;,&quot;height&quot;:150,&quot;width&quot;:150,&quot;orientation&quot;:&quot;landscape&quot;},&quot;medium&quot;:{&quot;url&quot;:&quot;https:\/\/italy-tourist-information.com\/wp-content\/uploads\/2025\/05\/Venice-Classic-Gondola-Ride-ota-300x200.avif&quot;,&quot;height&quot;:200,&quot;width&quot;:300,&quot;orientation&quot;:&quot;landscape&quot;},&quot;large&quot;:{&quot;url&quot;:&quot;https:\/\/italy-tourist-information.com\/wp-content\/uploads\/2025\/05\/Venice-Classic-Gondola-Ride-ota-1024x682.avif&quot;,&quot;height&quot;:682,&quot;width&quot;:1024,&quot;orientation&quot;:&quot;landscape&quot;},&quot;full&quot;:{&quot;url&quot;:&quot;https:\/\/italy-tourist-information.com\/wp-content\/uploads\/2025\/05\/Venice-Classic-Gondola-Ride-ota.avif&quot;,&quot;height&quot;:1556,&quot;width&quot;:2335,&quot;orientation&quot;:&quot;landscape&quot;},&quot;1536x1536&quot;:{&quot;url&quot;:&quot;https:\/\/italy-tourist-information.com\/wp-content\/uploads\/2025\/05\/Venice-Classic-Gondola-Ride-ota-1536x1024.avif&quot;,&quot;height&quot;:1024,&quot;width&quot;:1536,&quot;orientation&quot;:&quot;landscape&quot;},&quot;2048x2048&quot;:{&quot;url&quot;:&quot;https:\/\/italy-tourist-information.com\/wp-content\/uploads\/2025\/05\/Venice-Classic-Gondola-Ride-ota-2048x1365.avif&quot;,&quot;height&quot;:1365,&quot;width&quot;:2048,&quot;orientation&quot;:&quot;landscape&quot;}}\"><\/span><span><img decoding=\"async\" alt=\"\" data-id=\"10755\" width=\"2338\" height=\"1556\" title=\"Venedig \u2013 Klassische Gondelfahrt ota3\" src=\"https:\/\/italy-tourist-information.com\/wp-content\/uploads\/2025\/05\/Venice-Classic-Gondola-Ride-ota3-1024x681.avif\" data-src=\"https:\/\/italy-tourist-information.com\/wp-content\/uploads\/2025\/05\/Venice-Classic-Gondola-Ride-ota3-300x200.avif\" loading=\"lazy\" data-sizes=\"{&quot;thumbnail&quot;:{&quot;url&quot;:&quot;https:\/\/italy-tourist-information.com\/wp-content\/uploads\/2025\/05\/Venice-Classic-Gondola-Ride-ota3-150x150.avif&quot;,&quot;height&quot;:150,&quot;width&quot;:150,&quot;orientation&quot;:&quot;landscape&quot;},&quot;medium&quot;:{&quot;url&quot;:&quot;https:\/\/italy-tourist-information.com\/wp-content\/uploads\/2025\/05\/Venice-Classic-Gondola-Ride-ota3-300x200.avif&quot;,&quot;height&quot;:200,&quot;width&quot;:300,&quot;orientation&quot;:&quot;landscape&quot;},&quot;large&quot;:{&quot;url&quot;:&quot;https:\/\/italy-tourist-information.com\/wp-content\/uploads\/2025\/05\/Venice-Classic-Gondola-Ride-ota3-1024x681.avif&quot;,&quot;height&quot;:681,&quot;width&quot;:1024,&quot;orientation&quot;:&quot;landscape&quot;},&quot;full&quot;:{&quot;url&quot;:&quot;https:\/\/italy-tourist-information.com\/wp-content\/uploads\/2025\/05\/Venice-Classic-Gondola-Ride-ota3.avif&quot;,&quot;height&quot;:1556,&quot;width&quot;:2338,&quot;orientation&quot;:&quot;landscape&quot;},&quot;1536x1536&quot;:{&quot;url&quot;:&quot;https:\/\/italy-tourist-information.com\/wp-content\/uploads\/2025\/05\/Venice-Classic-Gondola-Ride-ota3-1536x1022.avif&quot;,&quot;height&quot;:1022,&quot;width&quot;:1536,&quot;orientation&quot;:&quot;landscape&quot;},&quot;2048x2048&quot;:{&quot;url&quot;:&quot;https:\/\/italy-tourist-information.com\/wp-content\/uploads\/2025\/05\/Venice-Classic-Gondola-Ride-ota3-2048x1363.avif&quot;,&quot;height&quot;:1363,&quot;width&quot;:2048,&quot;orientation&quot;:&quot;landscape&quot;}}\"><\/span><span><img decoding=\"async\" alt=\"\" data-id=\"10754\" width=\"2331\" height=\"1556\" title=\"Venedig \u2013 Klassische Gondelfahrt ota4\" src=\"https:\/\/italy-tourist-information.com\/wp-content\/uploads\/2025\/05\/Venice-Classic-Gondola-Ride-ota4-1024x684.avif\" data-src=\"https:\/\/italy-tourist-information.com\/wp-content\/uploads\/2025\/05\/Venice-Classic-Gondola-Ride-ota4-300x200.avif\" loading=\"lazy\" data-sizes=\"{&quot;thumbnail&quot;:{&quot;url&quot;:&quot;https:\/\/italy-tourist-information.com\/wp-content\/uploads\/2025\/05\/Venice-Classic-Gondola-Ride-ota4-150x150.avif&quot;,&quot;height&quot;:150,&quot;width&quot;:150,&quot;orientation&quot;:&quot;landscape&quot;},&quot;medium&quot;:{&quot;url&quot;:&quot;https:\/\/italy-tourist-information.com\/wp-content\/uploads\/2025\/05\/Venice-Classic-Gondola-Ride-ota4-300x200.avif&quot;,&quot;height&quot;:200,&quot;width&quot;:300,&quot;orientation&quot;:&quot;landscape&quot;},&quot;large&quot;:{&quot;url&quot;:&quot;https:\/\/italy-tourist-information.com\/wp-content\/uploads\/2025\/05\/Venice-Classic-Gondola-Ride-ota4-1024x684.avif&quot;,&quot;height&quot;:684,&quot;width&quot;:1024,&quot;orientation&quot;:&quot;landscape&quot;},&quot;full&quot;:{&quot;url&quot;:&quot;https:\/\/italy-tourist-information.com\/wp-content\/uploads\/2025\/05\/Venice-Classic-Gondola-Ride-ota4.avif&quot;,&quot;height&quot;:1556,&quot;width&quot;:2331,&quot;orientation&quot;:&quot;landscape&quot;},&quot;1536x1536&quot;:{&quot;url&quot;:&quot;https:\/\/italy-tourist-information.com\/wp-content\/uploads\/2025\/05\/Venice-Classic-Gondola-Ride-ota4-1536x1025.avif&quot;,&quot;height&quot;:1025,&quot;width&quot;:1536,&quot;orientation&quot;:&quot;landscape&quot;},&quot;2048x2048&quot;:{&quot;url&quot;:&quot;https:\/\/italy-tourist-information.com\/wp-content\/uploads\/2025\/05\/Venice-Classic-Gondola-Ride-ota4-2048x1367.avif&quot;,&quot;height&quot;:1367,&quot;width&quot;:2048,&quot;orientation&quot;:&quot;landscape&quot;}}\"><\/span><span><img decoding=\"async\" alt=\"\" data-id=\"10756\" width=\"2246\" height=\"1556\" title=\"Venedig \u2013 Klassische Gondelfahrt ota2\" src=\"https:\/\/italy-tourist-information.com\/wp-content\/uploads\/2025\/05\/Venice-Classic-Gondola-Ride-ota2-1024x709.avif\" data-src=\"https:\/\/italy-tourist-information.com\/wp-content\/uploads\/2025\/05\/Venice-Classic-Gondola-Ride-ota2-300x208.avif\" loading=\"lazy\" data-sizes=\"{&quot;thumbnail&quot;:{&quot;url&quot;:&quot;https:\/\/italy-tourist-information.com\/wp-content\/uploads\/2025\/05\/Venice-Classic-Gondola-Ride-ota2-150x150.avif&quot;,&quot;height&quot;:150,&quot;width&quot;:150,&quot;orientation&quot;:&quot;landscape&quot;},&quot;medium&quot;:{&quot;url&quot;:&quot;https:\/\/italy-tourist-information.com\/wp-content\/uploads\/2025\/05\/Venice-Classic-Gondola-Ride-ota2-300x208.avif&quot;,&quot;height&quot;:208,&quot;width&quot;:300,&quot;orientation&quot;:&quot;landscape&quot;},&quot;large&quot;:{&quot;url&quot;:&quot;https:\/\/italy-tourist-information.com\/wp-content\/uploads\/2025\/05\/Venice-Classic-Gondola-Ride-ota2-1024x709.avif&quot;,&quot;height&quot;:709,&quot;width&quot;:1024,&quot;orientation&quot;:&quot;landscape&quot;},&quot;full&quot;:{&quot;url&quot;:&quot;https:\/\/italy-tourist-information.com\/wp-content\/uploads\/2025\/05\/Venice-Classic-Gondola-Ride-ota2.avif&quot;,&quot;height&quot;:1556,&quot;width&quot;:2246,&quot;orientation&quot;:&quot;landscape&quot;},&quot;1536x1536&quot;:{&quot;url&quot;:&quot;https:\/\/italy-tourist-information.com\/wp-content\/uploads\/2025\/05\/Venice-Classic-Gondola-Ride-ota2-1536x1064.avif&quot;,&quot;height&quot;:1064,&quot;width&quot;:1536,&quot;orientation&quot;:&quot;landscape&quot;},&quot;2048x2048&quot;:{&quot;url&quot;:&quot;https:\/\/italy-tourist-information.com\/wp-content\/uploads\/2025\/05\/Venice-Classic-Gondola-Ride-ota2-2048x1419.avif&quot;,&quot;height&quot;:1419,&quot;width&quot;:2048,&quot;orientation&quot;:&quot;landscape&quot;}}\"><\/span><\/p>\n<h1>Venedig: Gondelfahrt<\/h1>\n<h2><a href=\"https:\/\/www.tiqets.com\/de\/attraktionen-und-aktivitaten-in-venedig-c71510\/tickets-fur-venedig-gondelfahrt-p974328\/?partner=italytouristinformation&amp;tq_campaign=ITIDeVeniceGondolaSP\" target=\"_blank\" rel=\"nofollow noopener\" style=\"outline: none;\">Zur Buchung<\/a><\/h2>\n<h1><a href=\"https:\/\/www.tiqets.com\/de\/attraktionen-und-aktivitaten-in-venedig-c71510\/tickets-fur-venedig-gondelfahrt-p974328\/?partner=italytouristinformation&amp;tq_campaign=ITIDeVeniceGondolaSP\" target=\"_blank\" rel=\"nofollow noopener\" style=\"outline: none;\" spellcheck=\"false\">Ab <strong>39 \u20ac<\/strong><\/a><\/h1>\n<p dir=\"ltr\"><strong>Gleiten Sie in einer 30-min\u00fctigen Gondelfahrt<\/strong> durch die bezaubernden Kan\u00e4le Venedigs \u2013 inklusive Audioguide und Einf\u00fchrung. Entdecken Sie verborgene Sch\u00e4tze und historische Pal\u00e4ste <strong>entlang des ber\u00fchmten Canal Grande.<\/strong><\/p>\n<ul>\n<li style=\"\"><span>Handverlesenes Ticket&nbsp;<\/span><\/li>\n<li style=\"\"><span>Mobiles Ticket&nbsp;<\/span><\/li>\n<li style=\"\"><!--! Font Awesome Free 6.7.1 by @fontawesome - https:\/\/fontawesome.com License - https:\/\/fontawesome.com\/license\/free (Icons: CC BY 4.0, Fonts: SIL OFL 1.1, Code: MIT License) Copyright 2024 Fonticons, Inc. --><span>Dauer: 50 Minuten.<\/span><\/li>\n<li style=\"\"><span>Kostenlose Stornierung<\/span><\/li>\n<\/ul>\n<h2>Inbegriffen<\/h2>\n<ul>\n<li style=\"\">                    <span>30-min\u00fctige Gondelfahrt in einer Gruppe (maximal 5 Fahrg\u00e4ste)<\/span><\/li>\n<li style=\"\">                    <span>20-min\u00fctige Einf\u00fchrung in das Gondelerlebnis vor der Fahrt<\/span><\/li>\n<li style=\"\">                    <span>Mehrsprachige Unterst\u00fctzung am Einschiffungsort<\/span><\/li>\n<li><span>Audiokommentar zur Gondelfahrt per App (in 9 Sprachen)<\/span><\/li>\n<li style=\"\">                    <span>Zugang zur Ausstellung \u201eGondelgalerie\u201c<\/span><\/li>\n<\/ul>\n<h2>Nicht inbegriffen<\/h2>\n<ul>\n<li style=\"\"><span>F\u00fchrung<\/span><\/li>\n<li style=\"\"><span>Trinkgelder (optional)<\/span><\/li>\n<\/ul>\n<h2>Wichtige Informationen<\/h2>\n<ul>\n<li style=\"\"><span><strong>Wichtig<\/strong>: Versp\u00e4tete Ank\u00fcnfte k\u00f6nnen nicht ber\u00fccksichtigt werden. Bitte erscheinen Sie daher mindestens 10 Minuten vor Ihrer geplanten Ankunftszeit.<\/span><\/li>\n<li style=\"\"><span>Die Gondelfahrt wird mit bis zu 4 anderen G\u00e4sten <strong>geteilt.<\/strong><\/span><\/li>\n<li style=\"\"><span>Das Erlebnis kann aufgrund von Wind oder widrigen Wetterbedingungen ge\u00e4ndert oder abgesagt werden.<\/span><\/li>\n<li style=\"\"><span>Der Kommentar wird \u00fcber eine mobile App bereitgestellt (Smartphone\/Tablet erforderlich).<br \/><\/span><\/li>\n<li><span>Die Ticketpreise gelten <strong>pro Person,<\/strong> nicht pro Boot\/Paar.<\/span><\/li>\n<li><span>Die Abfahrts- und Ankunftspunkte der Gondelbahnen sind die gleichen.<\/span><\/li>\n<\/ul>\n<h2>Beschreibung:<\/h2>\n<p dir=\"ltr\">Erleben Sie ein <strong>klassisches venezianisches Abenteuer<\/strong> mit diesem Ticket f\u00fcr eine traditionelle Gondelfahrt durch die Kan\u00e4le der Stadt und den majest\u00e4tischen <strong>Canal Grande.<\/strong>&nbsp;<\/p>\n<p dir=\"ltr\">Ihre Reise beginnt mit <strong>einer 20-min\u00fctigen Einf\u00fchrung, die<\/strong> Ihnen die reiche kulturelle Bedeutung der Gondel n\u00e4her bringt, gefolgt von einer <strong>entspannten 30-min\u00fctigen Gondelfahrt in der Gruppe<\/strong> vorbei an historischen Pal\u00e4sten und bezaubernden Br\u00fccken.<\/p>\n<p dir=\"ltr\">Mit <strong>Audiokommentaren in mehreren Sprachen<\/strong> erhalten Sie faszinierende Einblicke in die Sehensw\u00fcrdigkeiten Venedigs. Zum Abschluss besuchen Sie die <strong>Gondelgalerie,<\/strong> wo Sie traditionelle Handwerkskunst entdecken und eine virtuelle Reise durch Jahrhunderte Gondelgeschichte unternehmen k\u00f6nnen.<\/p>\n<h2>Highlights:<\/h2>\n<ul>\n<li dir=\"ltr\"><strong>Genie\u00dfen Sie eine ruhige 30-min\u00fctige Gondelfahrt<\/strong> durch die Kan\u00e4le von Venedig.<\/li>\n<li dir=\"ltr\"><strong>Beginnen Sie mit einer 20-min\u00fctigen Einf\u00fchrung<\/strong> in die Traditionen und Geschichte der Gondelbahn.<\/li>\n<li dir=\"ltr\"><strong>Bewundern Sie ikonische Sehensw\u00fcrdigkeiten<\/strong> wie die Peggy Guggenheim Collection und die Salute Church.<\/li>\n<li dir=\"ltr\"><strong>Profitieren Sie vom Audiokommentar<\/strong> in 9 Sprachen \u00fcber die mobile App.<\/li>\n<li dir=\"ltr\"><strong>Erhalten Sie Zugang zur Gondelgalerie<\/strong> mit 3D-Exponaten und historischen Werkzeugen<\/li>\n<\/ul>\n<h2>Stornierungsbedingungen<\/h2>\n<p>Eine Stornierung ist bis 23:59 Uhr am Vortag Ihres Besuchs m\u00f6glich.<\/p>\n<h2>Treffpunkt &amp; Anweisungen<\/h2>\n<p dir=\"ltr\">Treffpunkt ist: <strong>Venice Tours Assistance Point \u2013 Calle Larga Ascensione 1257, Markusplatz, Venedig<\/strong><\/p>\n<p dir=\"ltr\">Halten Sie Ausschau nach einem Mitarbeiter mit einem Schild \u201eGondelfahrt\u201c und einem T-Shirt mit dem Logo \u201eStadtrundfahrt Venedig\u201c. Bitte erscheinen Sie 10 Minuten vor Ihrem gebuchten Zeitfenster.<\/p>\n<p><a href=\"https:\/\/www.google.com\/maps\/search\/?api=1&amp;query=Calle%20Larga%20Ascensione%2C%201257%20Venice\" data-lt-tmp-id=\"lt-652841\" spellcheck=\"false\" target=\"_blank\" rel=\"nofollow noopener\" style=\"outline: none;\">In Karten \u00f6ffnen<\/a><\/p>\n<h2>Bewertungen<\/h2>\n<p><strong>4,2\/5&nbsp; <\/strong><strong>(1320+ Bewertungen)<\/strong><\/p>\n<p dir=\"ltr\">\u201eEin wirklich sch\u00f6nes Erlebnis, auch dank des Tons. Ich war sehr \u00e4ngstlich und nerv\u00f6s, da ich schwerh\u00f6rig bin. Aber alles war laut und deutlich zu verstehen. Die Gondelfahrer haben das Gewicht gut ausbalanciert. Ich bin froh, dass ich meine \u00c4ngstewunden \u00fcber habe. Venedig vom Wasser aus zu sehen, war eine ganz andere Erfahrung. Sehr empfehlenswert.\u201c Anne, November 2024&nbsp; <a href=\"https:\/\/www.tiqets.com\/de\/attraktionen-und-aktivitaten-in-venedig-c71510\/tickets-fur-venedig-gondelfahrt-p974328\/?partner=italytouristinformation&amp;tq_campaign=ITIDeVeniceGondolaSP\" target=\"_blank\" rel=\"nofollow noopener\" style=\"outline: none;\" data-lt-tmp-id=\"lt-202242\" spellcheck=\"false\">&gt;&gt; Weitere Bewertungen ansehen \u2026<\/a><\/p>\n<h2>Weitere Aktivit\u00e4ten, die Ihnen gefallen k\u00f6nnten<\/h2>\n<p><span># <\/span><strong><span>2<\/span><\/strong><span># <\/span><strong><span>2<\/span><\/strong><span><img decoding=\"async\" alt=\"\" data-id=\"10750\" width=\"159\" data-init-width=\"896\" height=\"114\" data-init-height=\"640\" title=\"Venedig \u2013 Gondelfahrt auf dem Canal Grande mit Live-Kommentar (OTA)\" loading=\"lazy\" src=\"https:\/\/italy-tourist-information.com\/wp-content\/uploads\/2025\/05\/Venice-Grand-Canal-by-Gondola-with-Live-Commentary-ota.jpg\" data-width=\"159\" data-height=\"114\" style=\"aspect-ratio: auto 896 \/ 640;\"><\/span><\/p>\n<table>\n<tbody>\n<tr>\n<td>\n<table>\n<tbody>\n<tr>\n<td><strong><a href=\"https:\/\/www.getyourguide.com\/venice-l35\/romantic-waterways-35-minute-gondola-ride-of-venice-t48463\/?partner_id=NO9XIDE&amp;utm_medium=online_publisher&amp;cmp=ITIDeVeniceGondolaSP2\" target=\"_blank\" rel=\"nofollow noopener\" style=\"outline: none;\" data-lt-tmp-id=\"lt-211342\" spellcheck=\"false\">Venedig: Gondelfahrt auf dem Canal Grande mit Live-Kommentar<\/a><\/strong><\/td>\n<\/tr>\n<\/tbody>\n<\/table>\n<\/td>\n<\/tr>\n<\/tbody>\n<\/table>\n<p data-pm-slice=\"1 1 []\">Genie\u00dfen Sie eine romantische 30- bis 50-min\u00fctige Gondelfahrt auf dem Canal Grande in Venedig und durch bezaubernde, versteckte Wasserwege, komplett mit mehrsprachigem Live-Kommentar.<\/p>\n<h3 style=\"\">Gesamtpreis<\/h3>\n<h3 style=\"\">Ihr Konto wird noch nicht belastet<\/h3>\n<p><span># <\/span><strong><span>2<\/span><\/strong><span><img decoding=\"async\" alt=\"\" data-id=\"10760\" width=\"159\" data-init-width=\"1556\" height=\"159\" data-init-height=\"1556\" title=\"Venice Pass ota\" loading=\"lazy\" src=\"https:\/\/italy-tourist-information.com\/wp-content\/uploads\/2025\/05\/Venice-Pass-ota.avif\" data-width=\"159\" data-height=\"159\" style=\"aspect-ratio: auto 1556 \/ 1556;\"><\/span><\/p>\n<table>\n<tbody>\n<tr>\n<td><a href=\"https:\/\/www.tiqets.com\/de\/venice-attractions-c71510\/the-venice-pass-p1013980\/?partner=italytouristinformation&amp;tq_campaign=ITIDeVeniceGondolaSP3\" target=\"_blank\" rel=\"nofollow noopener\" style=\"outline: none;\" data-lt-tmp-id=\"lt-734785\" spellcheck=\"false\">Der Venedig-Pass<\/a><\/td>\n<\/tr>\n<\/tbody>\n<\/table>\n<p>Sparen Sie Zeit und Geld mit dem Venice Pass, der Ihnen <strong>bevorzugten Zugang zu Top-Attraktionen<\/strong> wie dem Dogenpalast und dem Markusdom sowie einer <strong>klassischen Gondelfahrt<\/strong> oder einer Inseltour nach Murano und Burano bietet \u2013 alles individuell anpassbar f\u00fcr Ihr perfektes Venedig-Erlebnis.<\/p>\n<h3 style=\"\">Gesamtpreis<\/h3>\n<h3>Ihr Konto wird noch nicht belastet<\/h3>\n<p><\/p>\n<h2><a href=\"https:\/\/www.tiqets.com\/de\/attraktionen-und-aktivitaten-in-venedig-c71510\/tickets-fur-venedig-gondelfahrt-p974328\/?partner=italytouristinformation&amp;tq_campaign=ITIDeVeniceGondolaSP\" target=\"_blank\" rel=\"nofollow noopener\" style=\"outline: none;\" spellcheck=\"false\">Zur Buchung<\/a><\/h2>\n<h1><a href=\"https:\/\/www.tiqets.com\/de\/attraktionen-und-aktivitaten-in-venedig-c71510\/tickets-fur-venedig-gondelfahrt-p974328\/?partner=italytouristinformation&amp;tq_campaign=ITIDeVeniceGondolaSP\" target=\"_blank\" rel=\"nofollow noopener\" style=\"outline: none;\">Ab <strong>39 \u20ac<\/strong><\/a><\/h1>\n<p style=\"\">Ihr Konto wird noch nicht belastet<\/p>\n","protected":false},"excerpt":{"rendered":"<p>Venedig: Gondelfahrt Zur Buchung Ab 39 \u20ac Gleiten Sie in einer 30-min\u00fctigen Gondelfahrt durch die bezaubernden Kan\u00e4le Venedigs \u2013 inklusive Audioguide und Einf\u00fchrung. Entdecken Sie verborgene Sch\u00e4tze und historische Pal\u00e4ste entlang des ber\u00fchmten Canal Grande. Handverlesenes Ticket&nbsp; Mobiles Ticket&nbsp; Dauer: 50 Minuten. Kostenlose Stornierung Inbegriffen 30-min\u00fctige Gondelfahrt in einer Gruppe (maximal 5 Fahrg\u00e4ste) 20-min\u00fctige Einf\u00fchrung [&hellip;]<\/p>\n","protected":false},"author":6,"featured_media":18454,"parent":0,"menu_order":0,"comment_status":"closed","ping_status":"closed","template":"","meta":{"footnotes":"","tve_updated_post":"","tve_custom_css":"","tve_user_custom_css":"","tve_globals":{},"tcb2_ready":1,"tcb_editor_enabled":1,"tve_landing_page":"bd86f3fc67210fed5b2794ad4a56d3a9","_tve_header":"17144","_tve_footer":"17145"},"categories":[144,128],"tags":[158,130],"class_list":["post-18453","page","type-page","status-publish","has-post-thumbnail","hentry","category-venedig","category-verkaufsseite","tag-venedig","tag-verkaufsseite","post-wrapper","thrv_wrapper"],"_links":{"self":[{"href":"https:\/\/italy-tourist-information.com\/de\/wp-json\/wp\/v2\/pages\/18453","targetHints":{"allow":["GET"]}}],"collection":[{"href":"https:\/\/italy-tourist-information.com\/de\/wp-json\/wp\/v2\/pages"}],"about":[{"href":"https:\/\/italy-tourist-information.com\/de\/wp-json\/wp\/v2\/types\/page"}],"author":[{"embeddable":true,"href":"https:\/\/italy-tourist-information.com\/de\/wp-json\/wp\/v2\/users\/6"}],"replies":[{"embeddable":true,"href":"https:\/\/italy-tourist-information.com\/de\/wp-json\/wp\/v2\/comments?post=18453"}],"version-history":[{"count":6,"href":"https:\/\/italy-tourist-information.com\/de\/wp-json\/wp\/v2\/pages\/18453\/revisions"}],"predecessor-version":[{"id":20220,"href":"https:\/\/italy-tourist-information.com\/de\/wp-json\/wp\/v2\/pages\/18453\/revisions\/20220"}],"wp:featuredmedia":[{"embeddable":true,"href":"https:\/\/italy-tourist-information.com\/de\/wp-json\/wp\/v2\/media\/18454"}],"wp:attachment":[{"href":"https:\/\/italy-tourist-information.com\/de\/wp-json\/wp\/v2\/media?parent=18453"}],"wp:term":[{"taxonomy":"category","embeddable":true,"href":"https:\/\/italy-tourist-information.com\/de\/wp-json\/wp\/v2\/categories?post=18453"},{"taxonomy":"post_tag","embeddable":true,"href":"https:\/\/italy-tourist-information.com\/de\/wp-json\/wp\/v2\/tags?post=18453"}],"curies":[{"name":"wp","href":"https:\/\/api.w.org\/{rel}","templated":true}]}}