{"id":18461,"date":"2024-09-19T14:09:12","date_gmt":"2024-09-19T14:09:12","guid":{"rendered":"https:\/\/italy-tourist-information.com\/tickets-for-mount-vesuvius-national-park"},"modified":"2026-04-14T13:56:33","modified_gmt":"2026-04-14T13:56:33","slug":"tickets-fuer-den-nationalpark-vesuv","status":"publish","type":"page","link":"https:\/\/italy-tourist-information.com\/de\/tickets-fuer-den-nationalpark-vesuv","title":{"rendered":"Tickets f\u00fcr den Nationalpark Vesuv"},"content":{"rendered":"<p><span><img decoding=\"async\" alt=\"\" data-id=\"7113\" width=\"1600\" height=\"1600\" title=\"Vesuv-Eintrittskarte\" src=\"https:\/\/italy-tourist-information.com\/wp-content\/uploads\/2024\/09\/Mount-Vesuvius-Entry-Ticket--1024x1024.avif\" data-src=\"https:\/\/italy-tourist-information.com\/wp-content\/uploads\/2024\/09\/Mount-Vesuvius-Entry-Ticket--300x300.avif\" loading=\"lazy\" data-sizes=\"{&quot;thumbnail&quot;:{&quot;url&quot;:&quot;https:\/\/italy-tourist-information.com\/wp-content\/uploads\/2024\/09\/Mount-Vesuvius-Entry-Ticket--150x150.avif&quot;,&quot;height&quot;:150,&quot;width&quot;:150,&quot;orientation&quot;:&quot;landscape&quot;},&quot;medium&quot;:{&quot;url&quot;:&quot;https:\/\/italy-tourist-information.com\/wp-content\/uploads\/2024\/09\/Mount-Vesuvius-Entry-Ticket--300x300.avif&quot;,&quot;height&quot;:300,&quot;width&quot;:300,&quot;orientation&quot;:&quot;landscape&quot;},&quot;large&quot;:{&quot;url&quot;:&quot;https:\/\/italy-tourist-information.com\/wp-content\/uploads\/2024\/09\/Mount-Vesuvius-Entry-Ticket--1024x1024.avif&quot;,&quot;height&quot;:1024,&quot;width&quot;:1024,&quot;orientation&quot;:&quot;landscape&quot;},&quot;full&quot;:{&quot;url&quot;:&quot;https:\/\/italy-tourist-information.com\/wp-content\/uploads\/2024\/09\/Mount-Vesuvius-Entry-Ticket-.avif&quot;,&quot;height&quot;:1600,&quot;width&quot;:1600,&quot;orientation&quot;:&quot;landscape&quot;},&quot;1536x1536&quot;:{&quot;url&quot;:&quot;https:\/\/italy-tourist-information.com\/wp-content\/uploads\/2024\/09\/Mount-Vesuvius-Entry-Ticket--1536x1536.avif&quot;,&quot;height&quot;:1536,&quot;width&quot;:1536,&quot;orientation&quot;:&quot;landscape&quot;}}\"><\/span><span><img decoding=\"async\" alt=\"\" data-id=\"7112\" width=\"1600\" height=\"1600\" title=\"Vesuv - Eintrittskarte 2\" src=\"https:\/\/italy-tourist-information.com\/wp-content\/uploads\/2024\/09\/Mount-Vesuvius-Entry-Ticket-2-1024x1024.avif\" data-src=\"https:\/\/italy-tourist-information.com\/wp-content\/uploads\/2024\/09\/Mount-Vesuvius-Entry-Ticket-2-300x300.avif\" loading=\"lazy\" data-sizes=\"{&quot;thumbnail&quot;:{&quot;url&quot;:&quot;https:\/\/italy-tourist-information.com\/wp-content\/uploads\/2024\/09\/Mount-Vesuvius-Entry-Ticket-2-150x150.avif&quot;,&quot;height&quot;:150,&quot;width&quot;:150,&quot;orientation&quot;:&quot;landscape&quot;},&quot;medium&quot;:{&quot;url&quot;:&quot;https:\/\/italy-tourist-information.com\/wp-content\/uploads\/2024\/09\/Mount-Vesuvius-Entry-Ticket-2-300x300.avif&quot;,&quot;height&quot;:300,&quot;width&quot;:300,&quot;orientation&quot;:&quot;landscape&quot;},&quot;large&quot;:{&quot;url&quot;:&quot;https:\/\/italy-tourist-information.com\/wp-content\/uploads\/2024\/09\/Mount-Vesuvius-Entry-Ticket-2-1024x1024.avif&quot;,&quot;height&quot;:1024,&quot;width&quot;:1024,&quot;orientation&quot;:&quot;landscape&quot;},&quot;full&quot;:{&quot;url&quot;:&quot;https:\/\/italy-tourist-information.com\/wp-content\/uploads\/2024\/09\/Mount-Vesuvius-Entry-Ticket-2.avif&quot;,&quot;height&quot;:1600,&quot;width&quot;:1600,&quot;orientation&quot;:&quot;landscape&quot;},&quot;1536x1536&quot;:{&quot;url&quot;:&quot;https:\/\/italy-tourist-information.com\/wp-content\/uploads\/2024\/09\/Mount-Vesuvius-Entry-Ticket-2-1536x1536.avif&quot;,&quot;height&quot;:1536,&quot;width&quot;:1536,&quot;orientation&quot;:&quot;landscape&quot;}}\"><\/span><span><img decoding=\"async\" alt=\"\" data-id=\"7111\" width=\"1600\" height=\"1600\" title=\"Vesuv - Eintrittskarte 3\" src=\"https:\/\/italy-tourist-information.com\/wp-content\/uploads\/2024\/09\/Mount-Vesuvius-Entry-Ticket-3-1024x1024.avif\" data-src=\"https:\/\/italy-tourist-information.com\/wp-content\/uploads\/2024\/09\/Mount-Vesuvius-Entry-Ticket-3-300x300.avif\" loading=\"lazy\" data-sizes=\"{&quot;thumbnail&quot;:{&quot;url&quot;:&quot;https:\/\/italy-tourist-information.com\/wp-content\/uploads\/2024\/09\/Mount-Vesuvius-Entry-Ticket-3-150x150.avif&quot;,&quot;height&quot;:150,&quot;width&quot;:150,&quot;orientation&quot;:&quot;landscape&quot;},&quot;medium&quot;:{&quot;url&quot;:&quot;https:\/\/italy-tourist-information.com\/wp-content\/uploads\/2024\/09\/Mount-Vesuvius-Entry-Ticket-3-300x300.avif&quot;,&quot;height&quot;:300,&quot;width&quot;:300,&quot;orientation&quot;:&quot;landscape&quot;},&quot;large&quot;:{&quot;url&quot;:&quot;https:\/\/italy-tourist-information.com\/wp-content\/uploads\/2024\/09\/Mount-Vesuvius-Entry-Ticket-3-1024x1024.avif&quot;,&quot;height&quot;:1024,&quot;width&quot;:1024,&quot;orientation&quot;:&quot;landscape&quot;},&quot;full&quot;:{&quot;url&quot;:&quot;https:\/\/italy-tourist-information.com\/wp-content\/uploads\/2024\/09\/Mount-Vesuvius-Entry-Ticket-3.avif&quot;,&quot;height&quot;:1600,&quot;width&quot;:1600,&quot;orientation&quot;:&quot;landscape&quot;},&quot;1536x1536&quot;:{&quot;url&quot;:&quot;https:\/\/italy-tourist-information.com\/wp-content\/uploads\/2024\/09\/Mount-Vesuvius-Entry-Ticket-3-1536x1536.avif&quot;,&quot;height&quot;:1536,&quot;width&quot;:1536,&quot;orientation&quot;:&quot;landscape&quot;}}\"><\/span><span><img decoding=\"async\" alt=\"\" data-id=\"7110\" width=\"1600\" height=\"1600\" title=\"Vesuv - Eintrittskarte 4\" src=\"https:\/\/italy-tourist-information.com\/wp-content\/uploads\/2024\/09\/Mount-Vesuvius-Entry-Ticket-4-1024x1024.avif\" data-src=\"https:\/\/italy-tourist-information.com\/wp-content\/uploads\/2024\/09\/Mount-Vesuvius-Entry-Ticket-4-300x300.avif\" loading=\"lazy\" data-sizes=\"{&quot;thumbnail&quot;:{&quot;url&quot;:&quot;https:\/\/italy-tourist-information.com\/wp-content\/uploads\/2024\/09\/Mount-Vesuvius-Entry-Ticket-4-150x150.avif&quot;,&quot;height&quot;:150,&quot;width&quot;:150,&quot;orientation&quot;:&quot;landscape&quot;},&quot;medium&quot;:{&quot;url&quot;:&quot;https:\/\/italy-tourist-information.com\/wp-content\/uploads\/2024\/09\/Mount-Vesuvius-Entry-Ticket-4-300x300.avif&quot;,&quot;height&quot;:300,&quot;width&quot;:300,&quot;orientation&quot;:&quot;landscape&quot;},&quot;large&quot;:{&quot;url&quot;:&quot;https:\/\/italy-tourist-information.com\/wp-content\/uploads\/2024\/09\/Mount-Vesuvius-Entry-Ticket-4-1024x1024.avif&quot;,&quot;height&quot;:1024,&quot;width&quot;:1024,&quot;orientation&quot;:&quot;landscape&quot;},&quot;full&quot;:{&quot;url&quot;:&quot;https:\/\/italy-tourist-information.com\/wp-content\/uploads\/2024\/09\/Mount-Vesuvius-Entry-Ticket-4.avif&quot;,&quot;height&quot;:1600,&quot;width&quot;:1600,&quot;orientation&quot;:&quot;landscape&quot;},&quot;1536x1536&quot;:{&quot;url&quot;:&quot;https:\/\/italy-tourist-information.com\/wp-content\/uploads\/2024\/09\/Mount-Vesuvius-Entry-Ticket-4-1536x1536.avif&quot;,&quot;height&quot;:1536,&quot;width&quot;:1536,&quot;orientation&quot;:&quot;landscape&quot;}}\"><\/span><\/p>\n<h1 dir=\"ltr\">Nationalpark Vesuv: Ticket Ohne Anstehen + Audio Guide<\/h1>\n<h2><a href=\"https:\/\/www.tiqets.com\/en\/ercolano-attractions-c71869\/tickets-for-mount-vesuvius-skip-the-line-ticket-digital-audio-guide-p1112891\/?partner=italytouristinformation&amp;tq_campaign=VesuviusParkGttd\" target=\"_blank\" rel=\"nofollow noopener\" style=\"outline: none;\">Zur Buchung<\/a><\/h2>\n<p style=\"\"><a href=\"https:\/\/www.tiqets.com\/en\/ercolano-attractions-c71869\/tickets-for-mount-vesuvius-skip-the-line-ticket-digital-audio-guide-p1112891\/?partner=italytouristinformation&amp;tq_campaign=VesuviusParkGttd\" target=\"_blank\" rel=\"nofollow noopener\" style=\"outline: none;\">Preis ab<\/a><\/p>\n<h1><a href=\"https:\/\/www.tiqets.com\/en\/ercolano-attractions-c71869\/tickets-for-mount-vesuvius-skip-the-line-ticket-digital-audio-guide-p1112891\/?partner=italytouristinformation&amp;tq_campaign=VesuviusParkGttd\" target=\"_blank\" rel=\"nofollow noopener\" style=\"outline: none;\" spellcheck=\"false\"><strong>24,00 \u20ac<\/strong><\/a><\/h1>\n<p dir=\"ltr\">Gehen Sie zum Gipfel des Vesuvs, wo Sie die <strong>Aussicht auf den Golf von Neapel <\/strong>genie\u00dfen und den <strong>legend\u00e4ren Vulkan<\/strong>, der das Schicksal von Pompeji f\u00fcr immer ver\u00e4ndert hat. Dieses Ticket garantiert reservierten Zugang und ein immersives Audioguide-Erlebnis.<\/p>\n<ul>\n<li style=\"\"><span>Handverlesens Ticket<\/span><\/li>\n<li style=\"\"><span>Sofortige Best\u00e4tigung<\/span><\/li>\n<li style=\"\"><span>Reservierter Eingang<\/span><\/li>\n<li style=\"\"><span>Audioguide<\/span><\/li>\n<\/ul>\n<h2>Inbegriffen<\/h2>\n<ul>\n<li style=\"\">                    <span>Zugang ohne Anstehen zum Nationalpark Vesuv<\/span><\/li>\n<li style=\"\">                    <span>Digitaler Audioguide<\/span><\/li>\n<\/ul>\n<h2>Nicht inbegriffen<\/h2>\n<ul>\n<li style=\"\"><span>Gef\u00fchrte Tour<\/span><\/li>\n<li style=\"\"><span>Transport<\/span><\/li>\n<li style=\"\"><span>Parkgeb\u00fchren<\/span><\/li>\n<li style=\"\"><span>Speisen und Getr\u00e4nke (erh\u00e4ltlich auf dem Gipfel)<\/span><\/li>\n<\/ul>\n<h2>Wichtige Informationen<\/h2>\n<ul>\n<li style=\"\"><span>Stellen Sie sicher, dass Sie zu Ihrem geplanten Zeitfenster ankommen.<br \/><\/span><\/li>\n<li><span>Bringen Sie Ihren g\u00fcltigen Lichtbildausweis\/Reisepass mit.<\/span><\/li>\n<li><span>Laden Sie den Audioguide vor Ihrer Ankunft herunter, da der Internetzugang auf der Website eingeschr\u00e4nkt ist.<\/span><\/li>\n<li><span>Die Zeit des letzten Eintrags variiert je nach Jahreszeit. Achten Sie darauf, den Zeitplan zu \u00fcberpr\u00fcfen und entsprechend anzukommen.<\/span><\/li>\n<li><span>Diese Erfahrung ist nicht f\u00fcr Personen mit eingeschr\u00e4nkter Mobilit\u00e4t geeignet.<\/span><\/li>\n<\/ul>\n<h2>Beschreibung:<\/h2>\n<p dir=\"ltr\">Entdecken Sie die majest\u00e4tische <strong>Sch\u00f6nheit des Vesuvs<\/strong>, w\u00e4hrend Sie seine H\u00e4nge wandern und am Rande seiner legend\u00e4ren <strong>Krater <\/strong>stehen. Mit diesem Ticket erleben Sie den Nervenkitzel, <strong>einen lebenden Vulkan <\/strong>zu <strong>erkunden <\/strong>und gleichzeitig einen Panoramablick auf die umliegende Landschaft zu genie\u00dfen.<\/p>\n<p dir=\"ltr\">Sp\u00fcren Sie wie der Boden unter Ihnen mit der Kraft der Natur vibriert und <strong>atmen Sie die frische, vulkanische Luft ein.<\/strong> Dies ist eine einzigartige Gelegenheit, dorthin zu gehen, wo Geschichte gemacht wurde.<\/p>\n<h2>H\u00f6hepunkt:<\/h2>\n<ul>\n<li dir=\"ltr\">Erleben Sie eine aufregende Wanderung zum Gipfel des Vesuvs, einem der ber\u00fchmtesten Vulkane der Welt.<\/li>\n<li dir=\"ltr\">Sie sind die atemberaubende Aussicht auf den Golf von Neapel und die umliegenden Regionen von oben.<\/li>\n<li dir=\"ltr\">Sie sind die einzigartige mond\u00e4hnliche Landschaft, die durch alte vulkanische Aktivit\u00e4t geschaffen wurde.<\/li>\n<li dir=\"ltr\">Erfahren Sie mehr \u00fcber die faszinierende Geschichte und Geologie der Vesuvs durch einen herunterladbaren Audioguide.<\/li>\n<li dir=\"ltr\">Machen Sie Ihre unvergesslichen Fotos am Rande des Kraters, wo die zerst\u00f6rerische Kraft der Natur voll zur Geltung gestellt wird.<\/li>\n<\/ul>\n<h2>Vesuv-Nationalpark<\/h2>\n<p dir=\"ltr\">Nationalpark Vesuvio, Sentiero del Gran Cono, 80056 Ercolano NA, Italien<\/p>\n<h2>Stornierungsrichtlinien<\/h2>\n<p>Dieses Ticket ist nicht stornierbar und kann nicht verschoben werden.<\/p>\n<h2>Treffpunkt &amp; Anleitung<\/h2>\n<p dir=\"ltr\">Informationen zum Zugang zum Veranstaltungsort finden Sie auf Ihrem Gutschein.<\/p>\n<p><a href=\"https:\/\/www.google.com\/maps\/place\/Nationalpark+Vesuv\/@40.8281708,14.4209819,17z\/data=!3m1!4b1!4m6!3m5!1s0x133ba5a88df693a1:0x1f053535459784cf!8m2!3d40.8281709!4d14.4258528!16zL20vMDlxNmx4?entry=ttu&amp;g_ep=EgoyMDI0MDkxNi4wIKXMDSoASAFQAw%3D%3D\" target=\"_blank\" rel=\"nofollow noopener\" style=\"outline: currentcolor;\">In Karten \u00f6ffnen<\/a><\/p>\n<h2>Bewertungen<\/h2>\n<p><strong>3,9\/ 5 <\/strong><strong>(1831 Bewertungen)<\/strong><\/p>\n<p dir=\"ltr\"><em>&#8222;Es war einfach zu kaufen. Es ist etwas, f\u00fcr das Sie keinen Reiseleiter ben\u00f6tigen, damit Sie in Ihrem eigenen Tempo spazieren gehen und Fotos machen k\u00f6nnen. Es war atemberaubend. Es war eine fantastische Erfahrung, die ich jedem empfehle, mindestens einmal in seinem Leben zu machen.&#8220; Lisa &#8211; Vereinigte Staaten, Juli 2024<\/em><a href=\"https:\/\/www.tiqets.com\/de\/ercolano-sehenswuerdigkeiten-c71869\/tickets-fur-mount-vesuvius-skip-the-line-ticket-audio-guide-p1112891\/?partner=italytouristinformation&amp;tq_campaign=DeVesuviusParkSp\" target=\"_blank\" rel=\"nofollow noopener\" data-lt-tmp-id=\"lt-552474\" spellcheck=\"false\" style=\"outline: none;\">&gt;&gt; Weitere Bewertungen anzeigen&#8230;<\/a><\/p>\n<p><span>#2<\/span><span>#2<\/span><\/p>\n<p><\/p>\n<h2><a href=\"https:\/\/www.tiqets.com\/de\/ercolano-sehenswuerdigkeiten-c71869\/tickets-fur-mount-vesuvius-skip-the-line-ticket-audio-guide-p1112891\/?partner=italytouristinformation&amp;tq_campaign=DeVesuviusParkSp\" target=\"_blank\" rel=\"nofollow noopener\" style=\"outline: none;\" data-lt-tmp-id=\"lt-42697\" spellcheck=\"false\">Zur Buchung<\/a><\/h2>\n<p style=\"\"><a href=\"https:\/\/www.tiqets.com\/de\/ercolano-sehenswuerdigkeiten-c71869\/tickets-fur-mount-vesuvius-skip-the-line-ticket-audio-guide-p1112891\/?partner=italytouristinformation&amp;tq_campaign=DeVesuviusParkSp\" target=\"_blank\" rel=\"nofollow noopener\" style=\"outline: none;\" data-lt-tmp-id=\"lt-310066\" spellcheck=\"false\">Preis ab<\/a><\/p>\n<h1><a href=\"https:\/\/www.tiqets.com\/de\/ercolano-sehenswuerdigkeiten-c71869\/tickets-fur-mount-vesuvius-skip-the-line-ticket-audio-guide-p1112891\/?partner=italytouristinformation&amp;tq_campaign=DeVesuviusParkSp\" target=\"_blank\" rel=\"nofollow noopener\" style=\"outline: none;\" data-lt-tmp-id=\"lt-334940\" spellcheck=\"false\"><strong>24,00 \u20ac<\/strong><\/a><\/h1>\n<p style=\"\">Ihr Konto wird noch nicht belastet.<\/p>\n","protected":false},"excerpt":{"rendered":"<p>Nationalpark Vesuv: Ticket Ohne Anstehen + Audio Guide Zur Buchung Preis ab 24,00 \u20ac Gehen Sie zum Gipfel des Vesuvs, wo Sie die Aussicht auf den Golf von Neapel genie\u00dfen und den legend\u00e4ren Vulkan, der das Schicksal von Pompeji f\u00fcr immer ver\u00e4ndert hat. Dieses Ticket garantiert reservierten Zugang und ein immersives Audioguide-Erlebnis. Handverlesens Ticket Sofortige [&hellip;]<\/p>\n","protected":false},"author":6,"featured_media":18462,"parent":0,"menu_order":0,"comment_status":"closed","ping_status":"closed","template":"","meta":{"footnotes":""},"categories":[141,128],"tags":[152,130],"class_list":["post-18461","page","type-page","status-publish","has-post-thumbnail","hentry","category-neapel","category-verkaufsseite","tag-neapel-2","tag-verkaufsseite","post-wrapper","thrv_wrapper"],"_links":{"self":[{"href":"https:\/\/italy-tourist-information.com\/de\/wp-json\/wp\/v2\/pages\/18461","targetHints":{"allow":["GET"]}}],"collection":[{"href":"https:\/\/italy-tourist-information.com\/de\/wp-json\/wp\/v2\/pages"}],"about":[{"href":"https:\/\/italy-tourist-information.com\/de\/wp-json\/wp\/v2\/types\/page"}],"author":[{"embeddable":true,"href":"https:\/\/italy-tourist-information.com\/de\/wp-json\/wp\/v2\/users\/6"}],"replies":[{"embeddable":true,"href":"https:\/\/italy-tourist-information.com\/de\/wp-json\/wp\/v2\/comments?post=18461"}],"version-history":[{"count":9,"href":"https:\/\/italy-tourist-information.com\/de\/wp-json\/wp\/v2\/pages\/18461\/revisions"}],"predecessor-version":[{"id":19239,"href":"https:\/\/italy-tourist-information.com\/de\/wp-json\/wp\/v2\/pages\/18461\/revisions\/19239"}],"wp:featuredmedia":[{"embeddable":true,"href":"https:\/\/italy-tourist-information.com\/de\/wp-json\/wp\/v2\/media\/18462"}],"wp:attachment":[{"href":"https:\/\/italy-tourist-information.com\/de\/wp-json\/wp\/v2\/media?parent=18461"}],"wp:term":[{"taxonomy":"category","embeddable":true,"href":"https:\/\/italy-tourist-information.com\/de\/wp-json\/wp\/v2\/categories?post=18461"},{"taxonomy":"post_tag","embeddable":true,"href":"https:\/\/italy-tourist-information.com\/de\/wp-json\/wp\/v2\/tags?post=18461"}],"curies":[{"name":"wp","href":"https:\/\/api.w.org\/{rel}","templated":true}]}}