{"id":18470,"date":"2024-09-25T12:03:56","date_gmt":"2024-09-25T12:03:56","guid":{"rendered":"https:\/\/italy-tourist-information.com\/tickets-for-parco-natura-viva"},"modified":"2026-05-05T08:49:41","modified_gmt":"2026-05-05T08:49:41","slug":"tickets-fuer-parco-natura-viva","status":"publish","type":"page","link":"https:\/\/italy-tourist-information.com\/de\/tickets-fuer-parco-natura-viva","title":{"rendered":"Parco Natura Viva Tickets: Flexibler Eintritt"},"content":{"rendered":"<p><span><img decoding=\"async\" alt=\"\" data-id=\"7713\" width=\"1600\" height=\"1600\" title=\"Parco Natura Viva- Flexible Date Entry\" src=\"https:\/\/italy-tourist-information.com\/wp-content\/uploads\/2024\/09\/Parco-Natura-Viva-Flexible-Date-Entry--1024x1024.avif\" data-src=\"https:\/\/italy-tourist-information.com\/wp-content\/uploads\/2024\/09\/Parco-Natura-Viva-Flexible-Date-Entry--300x300.avif\" loading=\"lazy\" data-sizes=\"{&quot;thumbnail&quot;:{&quot;url&quot;:&quot;https:\/\/italy-tourist-information.com\/wp-content\/uploads\/2024\/09\/Parco-Natura-Viva-Flexible-Date-Entry--150x150.avif&quot;,&quot;height&quot;:150,&quot;width&quot;:150,&quot;orientation&quot;:&quot;landscape&quot;},&quot;medium&quot;:{&quot;url&quot;:&quot;https:\/\/italy-tourist-information.com\/wp-content\/uploads\/2024\/09\/Parco-Natura-Viva-Flexible-Date-Entry--300x300.avif&quot;,&quot;height&quot;:300,&quot;width&quot;:300,&quot;orientation&quot;:&quot;landscape&quot;},&quot;large&quot;:{&quot;url&quot;:&quot;https:\/\/italy-tourist-information.com\/wp-content\/uploads\/2024\/09\/Parco-Natura-Viva-Flexible-Date-Entry--1024x1024.avif&quot;,&quot;height&quot;:1024,&quot;width&quot;:1024,&quot;orientation&quot;:&quot;landscape&quot;},&quot;full&quot;:{&quot;url&quot;:&quot;https:\/\/italy-tourist-information.com\/wp-content\/uploads\/2024\/09\/Parco-Natura-Viva-Flexible-Date-Entry-.avif&quot;,&quot;height&quot;:1600,&quot;width&quot;:1600,&quot;orientation&quot;:&quot;landscape&quot;},&quot;1536x1536&quot;:{&quot;url&quot;:&quot;https:\/\/italy-tourist-information.com\/wp-content\/uploads\/2024\/09\/Parco-Natura-Viva-Flexible-Date-Entry--1536x1536.avif&quot;,&quot;height&quot;:1536,&quot;width&quot;:1536,&quot;orientation&quot;:&quot;landscape&quot;}}\" style=\"\"><\/span><span><img decoding=\"async\" alt=\"\" data-id=\"7712\" width=\"1600\" height=\"1600\" title=\"Parco Natura Viva- Flexible Date Entry 2\" src=\"https:\/\/italy-tourist-information.com\/wp-content\/uploads\/2024\/09\/Parco-Natura-Viva-Flexible-Date-Entry-2-1024x1024.avif\" data-src=\"https:\/\/italy-tourist-information.com\/wp-content\/uploads\/2024\/09\/Parco-Natura-Viva-Flexible-Date-Entry-2-300x300.avif\" loading=\"lazy\" data-sizes=\"{&quot;thumbnail&quot;:{&quot;url&quot;:&quot;https:\/\/italy-tourist-information.com\/wp-content\/uploads\/2024\/09\/Parco-Natura-Viva-Flexible-Date-Entry-2-150x150.avif&quot;,&quot;height&quot;:150,&quot;width&quot;:150,&quot;orientation&quot;:&quot;landscape&quot;},&quot;medium&quot;:{&quot;url&quot;:&quot;https:\/\/italy-tourist-information.com\/wp-content\/uploads\/2024\/09\/Parco-Natura-Viva-Flexible-Date-Entry-2-300x300.avif&quot;,&quot;height&quot;:300,&quot;width&quot;:300,&quot;orientation&quot;:&quot;landscape&quot;},&quot;large&quot;:{&quot;url&quot;:&quot;https:\/\/italy-tourist-information.com\/wp-content\/uploads\/2024\/09\/Parco-Natura-Viva-Flexible-Date-Entry-2-1024x1024.avif&quot;,&quot;height&quot;:1024,&quot;width&quot;:1024,&quot;orientation&quot;:&quot;landscape&quot;},&quot;full&quot;:{&quot;url&quot;:&quot;https:\/\/italy-tourist-information.com\/wp-content\/uploads\/2024\/09\/Parco-Natura-Viva-Flexible-Date-Entry-2.avif&quot;,&quot;height&quot;:1600,&quot;width&quot;:1600,&quot;orientation&quot;:&quot;landscape&quot;},&quot;1536x1536&quot;:{&quot;url&quot;:&quot;https:\/\/italy-tourist-information.com\/wp-content\/uploads\/2024\/09\/Parco-Natura-Viva-Flexible-Date-Entry-2-1536x1536.avif&quot;,&quot;height&quot;:1536,&quot;width&quot;:1536,&quot;orientation&quot;:&quot;landscape&quot;}}\" style=\"\"><\/span><span><img decoding=\"async\" alt=\"\" data-id=\"7711\" width=\"1600\" height=\"1600\" title=\"Parco Natura Viva- Flexible Date Entry 3\" src=\"https:\/\/italy-tourist-information.com\/wp-content\/uploads\/2024\/09\/Parco-Natura-Viva-Flexible-Date-Entry-3-1024x1024.avif\" data-src=\"https:\/\/italy-tourist-information.com\/wp-content\/uploads\/2024\/09\/Parco-Natura-Viva-Flexible-Date-Entry-3-300x300.avif\" loading=\"lazy\" data-sizes=\"{&quot;thumbnail&quot;:{&quot;url&quot;:&quot;https:\/\/italy-tourist-information.com\/wp-content\/uploads\/2024\/09\/Parco-Natura-Viva-Flexible-Date-Entry-3-150x150.avif&quot;,&quot;height&quot;:150,&quot;width&quot;:150,&quot;orientation&quot;:&quot;landscape&quot;},&quot;medium&quot;:{&quot;url&quot;:&quot;https:\/\/italy-tourist-information.com\/wp-content\/uploads\/2024\/09\/Parco-Natura-Viva-Flexible-Date-Entry-3-300x300.avif&quot;,&quot;height&quot;:300,&quot;width&quot;:300,&quot;orientation&quot;:&quot;landscape&quot;},&quot;large&quot;:{&quot;url&quot;:&quot;https:\/\/italy-tourist-information.com\/wp-content\/uploads\/2024\/09\/Parco-Natura-Viva-Flexible-Date-Entry-3-1024x1024.avif&quot;,&quot;height&quot;:1024,&quot;width&quot;:1024,&quot;orientation&quot;:&quot;landscape&quot;},&quot;full&quot;:{&quot;url&quot;:&quot;https:\/\/italy-tourist-information.com\/wp-content\/uploads\/2024\/09\/Parco-Natura-Viva-Flexible-Date-Entry-3.avif&quot;,&quot;height&quot;:1600,&quot;width&quot;:1600,&quot;orientation&quot;:&quot;landscape&quot;},&quot;1536x1536&quot;:{&quot;url&quot;:&quot;https:\/\/italy-tourist-information.com\/wp-content\/uploads\/2024\/09\/Parco-Natura-Viva-Flexible-Date-Entry-3-1536x1536.avif&quot;,&quot;height&quot;:1536,&quot;width&quot;:1536,&quot;orientation&quot;:&quot;landscape&quot;}}\" style=\"\"><\/span><span><img decoding=\"async\" alt=\"\" data-id=\"7710\" width=\"1600\" height=\"1600\" title=\"Parco Natura Viva- Flexible Date Entry 4\" src=\"https:\/\/italy-tourist-information.com\/wp-content\/uploads\/2024\/09\/Parco-Natura-Viva-Flexible-Date-Entry-4-1024x1024.avif\" data-src=\"https:\/\/italy-tourist-information.com\/wp-content\/uploads\/2024\/09\/Parco-Natura-Viva-Flexible-Date-Entry-4-300x300.avif\" loading=\"lazy\" data-sizes=\"{&quot;thumbnail&quot;:{&quot;url&quot;:&quot;https:\/\/italy-tourist-information.com\/wp-content\/uploads\/2024\/09\/Parco-Natura-Viva-Flexible-Date-Entry-4-150x150.avif&quot;,&quot;height&quot;:150,&quot;width&quot;:150,&quot;orientation&quot;:&quot;landscape&quot;},&quot;medium&quot;:{&quot;url&quot;:&quot;https:\/\/italy-tourist-information.com\/wp-content\/uploads\/2024\/09\/Parco-Natura-Viva-Flexible-Date-Entry-4-300x300.avif&quot;,&quot;height&quot;:300,&quot;width&quot;:300,&quot;orientation&quot;:&quot;landscape&quot;},&quot;large&quot;:{&quot;url&quot;:&quot;https:\/\/italy-tourist-information.com\/wp-content\/uploads\/2024\/09\/Parco-Natura-Viva-Flexible-Date-Entry-4-1024x1024.avif&quot;,&quot;height&quot;:1024,&quot;width&quot;:1024,&quot;orientation&quot;:&quot;landscape&quot;},&quot;full&quot;:{&quot;url&quot;:&quot;https:\/\/italy-tourist-information.com\/wp-content\/uploads\/2024\/09\/Parco-Natura-Viva-Flexible-Date-Entry-4.avif&quot;,&quot;height&quot;:1600,&quot;width&quot;:1600,&quot;orientation&quot;:&quot;landscape&quot;},&quot;1536x1536&quot;:{&quot;url&quot;:&quot;https:\/\/italy-tourist-information.com\/wp-content\/uploads\/2024\/09\/Parco-Natura-Viva-Flexible-Date-Entry-4-1536x1536.avif&quot;,&quot;height&quot;:1536,&quot;width&quot;:1536,&quot;orientation&quot;:&quot;landscape&quot;}}\" style=\"\"><\/span><\/p>\n<h1 dir=\"ltr\">Parco Natura Viva: Open Date Ticket<\/h1>\n<h2><a href=\"https:\/\/www.tiqets.com\/de\/bussolengo-sehenswuerdigkeiten-c71971\/tickets-fur-parco-natura-viva-open-date-ticket-p975531\/?partner=italytouristinformation&amp;tq_campaign=ITIDeParcoNaturaVivaSP\" target=\"_blank\" rel=\"nofollow noopener\">Zur Buchung<\/a><\/h2>\n<p style=\"\"><a href=\"https:\/\/www.tiqets.com\/de\/bussolengo-sehenswuerdigkeiten-c71971\/tickets-fur-parco-natura-viva-open-date-ticket-p975531\/?partner=italytouristinformation&amp;tq_campaign=ITIDeParcoNaturaVivaSP\" target=\"_blank\" rel=\"nofollow noopener\" style=\"outline: none;\">Preis ab<\/a><\/p>\n<h1><a href=\"https:\/\/www.tiqets.com\/de\/bussolengo-sehenswuerdigkeiten-c71971\/tickets-fur-parco-natura-viva-open-date-ticket-p975531\/?partner=italytouristinformation&amp;tq_campaign=ITIDeParcoNaturaVivaSP\" target=\"_blank\" rel=\"nofollow noopener\" style=\"outline: none;\" spellcheck=\"false\"><strong>20,00 \u20ac<\/strong><\/a><\/h1>\n<p dir=\"ltr\">Begeben Sie sich auf eine fesselnde Reise durch den Parco Natura Viva, wo die Wunder des Tierreichs auf Sie warten. Erkunden Sie den Safari Park in Ihrem eigenen Fahrzeug (falls ausgew\u00e4hlt) und schlendern Sie durch den immersiven Fauna Park. Perfekt f\u00fcr Naturliebhaber!<\/p>\n<ul>\n<li style=\"\"><span>Handverlesenes Ticket<\/span><\/li>\n<li style=\"\"><span>Sofortige Best\u00e4tigung<\/span><\/li>\n<li style=\"\"><span>Erstattungsf\u00e4hige Tickets verf\u00fcgbar<\/span><\/li>\n<\/ul>\n<h2>Inbegriffen<\/h2>\n<ul>\n<li style=\"\">                    <span>Flexibler Eintritt ohne Anstehen in den Faunapark (Wanderpark)<\/span><\/li>\n<li style=\"\">                    <span>Zugang zum Safaripark (wenn &#8222;Kombiticket: Regul\u00e4res Ticket + Zugang zum Safaripark&#8220; gew\u00e4hlt wird)<\/span><\/li>\n<\/ul>\n<h2>Nicht inbegriffen<\/h2>\n<ul>\n<li style=\"\"><span>Essen und Erfrischungen<\/span><\/li>\n<\/ul>\n<h2>Wichtige Informationen<\/h2>\n<ul>\n<li style=\"\"><span>Tickets sind datumsunabh\u00e4ngig. Sie k\u00f6nnen den Park an Ihrem bevorzugten Tag bis zum 6. Januar 2027 besuchen.<\/span><\/li>\n<li><span><strong>Wichtig<\/strong>: Der Eintritt in den Safari Park ist nicht inbegriffen; Tickets k\u00f6nnen vor Ort erworben werden, je nach Verf\u00fcgbarkeit.<\/span><\/li>\n<li style=\"\"><span>Rollstuhlfahrer ben\u00f6tigen in einigen Bereichen des Parks m\u00f6glicherweise Hilfe. Reservierte Picknickpl\u00e4tze und ausgewiesene Parkpl\u00e4tze stehen Ihnen zur Verf\u00fcgung.<\/span><\/li>\n<li style=\"\"><span>Der letzte Einlass ist eine Stunde vor Schlie\u00dfung des Parks.<\/span><\/li>\n<li style=\"\"><span>Bitte \u00fcberpr\u00fcfen Sie vor dem Besuch die \u00d6ffnungszeiten des Safari-Parks auf der offiziellen Website.<\/span><\/li>\n<\/ul>\n<h2>Beschreibung:<\/h2>\n<p dir=\"ltr\">Tauchen Sie ein in ein Tierabenteuer wie kein anderes im <strong>Parco Natura Viva!<\/strong> Genie\u00dfen Sie einen gem\u00fctlichen Spaziergang durch den <strong>Faunapark<\/strong>, wo Faultiere, Flamingos und Wallabys umherstreifen. Entdecken Sie faszinierende pr\u00e4historische Kreaturen im <strong>Extinction Park <\/strong>f\u00fcr einen unvergesslichen Tag.<\/p>\n<h2>H\u00f6hepunkte:<\/h2>\n<ul>\n<li dir=\"ltr\">Schlendern Sie durch den Faunapark und treffen Sie Faultiere, Wallabys und Schimpansen aus n\u00e4chster N\u00e4he.<\/li>\n<li dir=\"ltr\">Erleben Sie den einzigartigen Extinction Park und lernen Sie die von der Zeit verlorenen Arten kennen.<\/li>\n<li dir=\"ltr\">Flexible Datumstickets bedeuten, dass Sie Ihren Besuch nach Belieben planen k\u00f6nnen.<\/li>\n<li dir=\"ltr\">Perfekt f\u00fcr Familien und Wildtierliebhaber, die einen Tag voller Abenteuer suchen.<\/li>\n<\/ul>\n<h2>Parco Natura Viva<\/h2>\n<p>Localit\u00e0 Quercia, 37012 Bussolengo VR, Italien<\/p>\n<h2>Stornierungsrichtlinien<\/h2>\n<p>Tickets sind nicht erstattungsf\u00e4hig, es sei denn, an der Kasse wird eine erstattungsf\u00e4hige Option ausgew\u00e4hlt.<\/p>\n<h2>Treffpunkt &amp; Anleitung<\/h2>\n<p>Legen Sie Ihr Smartphone-Ticket am Tag Ihres Besuchs am Eingang vor.<\/p>\n<p><a href=\"https:\/\/www.google.com\/maps\/place\/Parco+Natura+Viva\/@45.4800923,10.7954174,17z\/data=!4m15!1m8!3m7!1s0x4781ef5758a10a25:0xacdf842c39daaffc!2sParco+Natura+Viva!8m2!3d45.4800923!4d10.7979923!10e8!16s%2Fg%2F122yh5rb!3m5!1s0x4781ef5758a10a25:0xacdf842c39daaffc!8m2!3d45.4800923!4d10.7979923!16s%2Fg%2F122yh5rb?entry=ttu&amp;g_ep=EgoyMDI0MDkyMi4wIKXMDSoASAFQAw%3D%3D\" target=\"_blank\" rel=\"nofollow noopener\" data-lt-tmp-id=\"lt-735461\" spellcheck=\"false\">In Karten \u00f6ffnen<\/a><\/p>\n<h2>Bewertung<\/h2>\n<p><strong>4,6\/ 5 <\/strong><strong>(2750 Bewertungen)<\/strong><\/p>\n<p dir=\"ltr\"><em>&#8222;Dies ist das zweite Mal, dass ich es benutze, ich hatte eine tolle Zeit. Soforttickets. M\u00f6glichkeit, aus verschiedenen Optionen zu w\u00e4hlen, und ich habe auch festgestellt, dass ich im Vergleich zum &#8222;direkt im Park kaufen&#8220; einen kleinen Geldbetrag gespart habe.<\/em> Francesca, September 2024 <a href=\"https:\/\/www.tiqets.com\/de\/bussolengo-sehenswuerdigkeiten-c71971\/tickets-fur-parco-natura-viva-open-date-ticket-p975531\/?partner=italytouristinformation&amp;tq_campaign=ITIDeParcoNaturaVivaSP\" target=\"_blank\" rel=\"nofollow noopener\" data-lt-tmp-id=\"lt-774104\" spellcheck=\"false\" style=\"outline: none;\">&gt;&gt; Weitere Bewertungen anzeigen&#8230;<\/a><\/p>\n<p><span>#2<\/span><span>#2<\/span><\/p>\n<p><\/p>\n<h2><a href=\"https:\/\/www.tiqets.com\/de\/bussolengo-sehenswuerdigkeiten-c71971\/tickets-fur-parco-natura-viva-open-date-ticket-p975531\/?partner=italytouristinformation&amp;tq_campaign=ITIDeParcoNaturaVivaSP\" target=\"_blank\" rel=\"nofollow noopener\" style=\"outline: none;\">Zur Buchung<\/a><\/h2>\n<p style=\"\"><a href=\"https:\/\/www.tiqets.com\/de\/bussolengo-sehenswuerdigkeiten-c71971\/tickets-fur-parco-natura-viva-open-date-ticket-p975531\/?partner=italytouristinformation&amp;tq_campaign=ITIDeParcoNaturaVivaSP\" target=\"_blank\" rel=\"nofollow noopener\" style=\"outline: none;\">Preis ab<\/a><\/p>\n<h1><a href=\"https:\/\/www.tiqets.com\/de\/bussolengo-sehenswuerdigkeiten-c71971\/tickets-fur-parco-natura-viva-open-date-ticket-p975531\/?partner=italytouristinformation&amp;tq_campaign=ITIDeParcoNaturaVivaSP\" target=\"_blank\" rel=\"nofollow noopener\" style=\"outline: none;\"><strong>20,00 \u20ac<\/strong><\/a><\/h1>\n<p style=\"\">Ihr Konto wird noch nicht belastet<\/p>\n","protected":false},"excerpt":{"rendered":"<p>Parco Natura Viva: Open Date Ticket Zur Buchung Preis ab 20,00 \u20ac Begeben Sie sich auf eine fesselnde Reise durch den Parco Natura Viva, wo die Wunder des Tierreichs auf Sie warten. Erkunden Sie den Safari Park in Ihrem eigenen Fahrzeug (falls ausgew\u00e4hlt) und schlendern Sie durch den immersiven Fauna Park. Perfekt f\u00fcr Naturliebhaber! Handverlesenes [&hellip;]<\/p>\n","protected":false},"author":6,"featured_media":17601,"parent":0,"menu_order":0,"comment_status":"closed","ping_status":"closed","template":"","meta":{"footnotes":"","tve_updated_post":"","tve_custom_css":"","tve_user_custom_css":"","tve_globals":{},"tcb2_ready":1,"tcb_editor_enabled":1,"tve_landing_page":"bd86f3fc67210fed5b2794ad4a56d3a9","_tve_header":"17144","_tve_footer":"17145"},"categories":[128],"tags":[130,159],"class_list":["post-18470","page","type-page","status-publish","has-post-thumbnail","hentry","category-verkaufsseite","tag-verkaufsseite","tag-verona-de","post-wrapper","thrv_wrapper"],"_links":{"self":[{"href":"https:\/\/italy-tourist-information.com\/de\/wp-json\/wp\/v2\/pages\/18470","targetHints":{"allow":["GET"]}}],"collection":[{"href":"https:\/\/italy-tourist-information.com\/de\/wp-json\/wp\/v2\/pages"}],"about":[{"href":"https:\/\/italy-tourist-information.com\/de\/wp-json\/wp\/v2\/types\/page"}],"author":[{"embeddable":true,"href":"https:\/\/italy-tourist-information.com\/de\/wp-json\/wp\/v2\/users\/6"}],"replies":[{"embeddable":true,"href":"https:\/\/italy-tourist-information.com\/de\/wp-json\/wp\/v2\/comments?post=18470"}],"version-history":[{"count":9,"href":"https:\/\/italy-tourist-information.com\/de\/wp-json\/wp\/v2\/pages\/18470\/revisions"}],"predecessor-version":[{"id":20226,"href":"https:\/\/italy-tourist-information.com\/de\/wp-json\/wp\/v2\/pages\/18470\/revisions\/20226"}],"wp:featuredmedia":[{"embeddable":true,"href":"https:\/\/italy-tourist-information.com\/de\/wp-json\/wp\/v2\/media\/17601"}],"wp:attachment":[{"href":"https:\/\/italy-tourist-information.com\/de\/wp-json\/wp\/v2\/media?parent=18470"}],"wp:term":[{"taxonomy":"category","embeddable":true,"href":"https:\/\/italy-tourist-information.com\/de\/wp-json\/wp\/v2\/categories?post=18470"},{"taxonomy":"post_tag","embeddable":true,"href":"https:\/\/italy-tourist-information.com\/de\/wp-json\/wp\/v2\/tags?post=18470"}],"curies":[{"name":"wp","href":"https:\/\/api.w.org\/{rel}","templated":true}]}}