{"id":18476,"date":"2024-09-05T12:27:11","date_gmt":"2024-09-05T12:27:11","guid":{"rendered":"https:\/\/italy-tourist-information.com\/tickets-for-pompeii-reserved-entrance"},"modified":"2026-04-14T13:36:14","modified_gmt":"2026-04-14T13:36:14","slug":"tickets-fuer-pompeji","status":"publish","type":"page","link":"https:\/\/italy-tourist-information.com\/de\/tickets-fuer-pompeji","title":{"rendered":"Tickets f\u00fcr Pompeji: Eintritt mit optionalem Audioguide"},"content":{"rendered":"<p><span><img decoding=\"async\" alt=\"\" data-id=\"6032\" width=\"1600\" height=\"1600\" title=\"Pompeji Express \u2013 Reservierter Eingang mit optionalem Audioguide\" src=\"https:\/\/italy-tourist-information.com\/wp-content\/uploads\/2024\/09\/Pompeii-Express-Reserved-Entrance-With-Optional-Audio-Guide--1024x1024.avif\" data-src=\"https:\/\/italy-tourist-information.com\/wp-content\/uploads\/2024\/09\/Pompeii-Express-Reserved-Entrance-With-Optional-Audio-Guide--300x300.avif\" data-sizes=\"{&quot;thumbnail&quot;:{&quot;url&quot;:&quot;https:\/\/italy-tourist-information.com\/wp-content\/uploads\/2024\/09\/Pompeii-Express-Reserved-Entrance-With-Optional-Audio-Guide--150x150.avif&quot;,&quot;height&quot;:150,&quot;width&quot;:150,&quot;orientation&quot;:&quot;landscape&quot;},&quot;medium&quot;:{&quot;url&quot;:&quot;https:\/\/italy-tourist-information.com\/wp-content\/uploads\/2024\/09\/Pompeii-Express-Reserved-Entrance-With-Optional-Audio-Guide--300x300.avif&quot;,&quot;height&quot;:300,&quot;width&quot;:300,&quot;orientation&quot;:&quot;landscape&quot;},&quot;large&quot;:{&quot;url&quot;:&quot;https:\/\/italy-tourist-information.com\/wp-content\/uploads\/2024\/09\/Pompeii-Express-Reserved-Entrance-With-Optional-Audio-Guide--1024x1024.avif&quot;,&quot;height&quot;:1024,&quot;width&quot;:1024,&quot;orientation&quot;:&quot;landscape&quot;},&quot;full&quot;:{&quot;url&quot;:&quot;https:\/\/italy-tourist-information.com\/wp-content\/uploads\/2024\/09\/Pompeii-Express-Reserved-Entrance-With-Optional-Audio-Guide-.avif&quot;,&quot;height&quot;:1600,&quot;width&quot;:1600,&quot;orientation&quot;:&quot;landscape&quot;},&quot;1536x1536&quot;:{&quot;url&quot;:&quot;https:\/\/italy-tourist-information.com\/wp-content\/uploads\/2024\/09\/Pompeii-Express-Reserved-Entrance-With-Optional-Audio-Guide--1536x1536.avif&quot;,&quot;height&quot;:1536,&quot;width&quot;:1536,&quot;orientation&quot;:&quot;landscape&quot;}}\" loading=\"lazy\"><\/span><span><img decoding=\"async\" alt=\"\" data-id=\"6024\" width=\"1600\" height=\"1600\" title=\"Pompeji Express \u2013 Reservierter Eingang mit optionalem Audioguide 3\" src=\"https:\/\/italy-tourist-information.com\/wp-content\/uploads\/2024\/09\/Pompeii-Express-Reserved-Entrance-With-Optional-Audio-Guide-3-1024x1024.avif\" data-src=\"https:\/\/italy-tourist-information.com\/wp-content\/uploads\/2024\/09\/Pompeii-Express-Reserved-Entrance-With-Optional-Audio-Guide-3-300x300.avif\" data-sizes=\"{&quot;thumbnail&quot;:{&quot;url&quot;:&quot;https:\/\/italy-tourist-information.com\/wp-content\/uploads\/2024\/09\/Pompeii-Express-Reserved-Entrance-With-Optional-Audio-Guide-3-150x150.avif&quot;,&quot;height&quot;:150,&quot;width&quot;:150,&quot;orientation&quot;:&quot;landscape&quot;},&quot;medium&quot;:{&quot;url&quot;:&quot;https:\/\/italy-tourist-information.com\/wp-content\/uploads\/2024\/09\/Pompeii-Express-Reserved-Entrance-With-Optional-Audio-Guide-3-300x300.avif&quot;,&quot;height&quot;:300,&quot;width&quot;:300,&quot;orientation&quot;:&quot;landscape&quot;},&quot;large&quot;:{&quot;url&quot;:&quot;https:\/\/italy-tourist-information.com\/wp-content\/uploads\/2024\/09\/Pompeii-Express-Reserved-Entrance-With-Optional-Audio-Guide-3-1024x1024.avif&quot;,&quot;height&quot;:1024,&quot;width&quot;:1024,&quot;orientation&quot;:&quot;landscape&quot;},&quot;full&quot;:{&quot;url&quot;:&quot;https:\/\/italy-tourist-information.com\/wp-content\/uploads\/2024\/09\/Pompeii-Express-Reserved-Entrance-With-Optional-Audio-Guide-3.avif&quot;,&quot;height&quot;:1600,&quot;width&quot;:1600,&quot;orientation&quot;:&quot;landscape&quot;},&quot;1536x1536&quot;:{&quot;url&quot;:&quot;https:\/\/italy-tourist-information.com\/wp-content\/uploads\/2024\/09\/Pompeii-Express-Reserved-Entrance-With-Optional-Audio-Guide-3-1536x1536.avif&quot;,&quot;height&quot;:1536,&quot;width&quot;:1536,&quot;orientation&quot;:&quot;landscape&quot;}}\" loading=\"lazy\"><\/span><span><img decoding=\"async\" alt=\"\" data-id=\"6025\" width=\"1600\" height=\"1600\" title=\"Pompeji Express \u2013 Reservierter Eingang mit optionalem Audioguide 2\" src=\"https:\/\/italy-tourist-information.com\/wp-content\/uploads\/2024\/09\/Pompeii-Express-Reserved-Entrance-With-Optional-Audio-Guide-2-1024x1024.avif\" data-src=\"https:\/\/italy-tourist-information.com\/wp-content\/uploads\/2024\/09\/Pompeii-Express-Reserved-Entrance-With-Optional-Audio-Guide-2-300x300.avif\" data-sizes=\"{&quot;thumbnail&quot;:{&quot;url&quot;:&quot;https:\/\/italy-tourist-information.com\/wp-content\/uploads\/2024\/09\/Pompeii-Express-Reserved-Entrance-With-Optional-Audio-Guide-2-150x150.avif&quot;,&quot;height&quot;:150,&quot;width&quot;:150,&quot;orientation&quot;:&quot;landscape&quot;},&quot;medium&quot;:{&quot;url&quot;:&quot;https:\/\/italy-tourist-information.com\/wp-content\/uploads\/2024\/09\/Pompeii-Express-Reserved-Entrance-With-Optional-Audio-Guide-2-300x300.avif&quot;,&quot;height&quot;:300,&quot;width&quot;:300,&quot;orientation&quot;:&quot;landscape&quot;},&quot;large&quot;:{&quot;url&quot;:&quot;https:\/\/italy-tourist-information.com\/wp-content\/uploads\/2024\/09\/Pompeii-Express-Reserved-Entrance-With-Optional-Audio-Guide-2-1024x1024.avif&quot;,&quot;height&quot;:1024,&quot;width&quot;:1024,&quot;orientation&quot;:&quot;landscape&quot;},&quot;full&quot;:{&quot;url&quot;:&quot;https:\/\/italy-tourist-information.com\/wp-content\/uploads\/2024\/09\/Pompeii-Express-Reserved-Entrance-With-Optional-Audio-Guide-2.avif&quot;,&quot;height&quot;:1600,&quot;width&quot;:1600,&quot;orientation&quot;:&quot;landscape&quot;},&quot;1536x1536&quot;:{&quot;url&quot;:&quot;https:\/\/italy-tourist-information.com\/wp-content\/uploads\/2024\/09\/Pompeii-Express-Reserved-Entrance-With-Optional-Audio-Guide-2-1536x1536.avif&quot;,&quot;height&quot;:1536,&quot;width&quot;:1536,&quot;orientation&quot;:&quot;landscape&quot;}}\" loading=\"lazy\"><\/span><span><img decoding=\"async\" alt=\"\" data-id=\"6026\" width=\"1600\" height=\"1600\" title=\"Pompeji Express \u2013 Reservierter Eingang mit optionalem Audioguide 1\" src=\"https:\/\/italy-tourist-information.com\/wp-content\/uploads\/2024\/09\/Pompeii-Express-Reserved-Entrance-With-Optional-Audio-Guide-1-1024x1024.avif\" data-src=\"https:\/\/italy-tourist-information.com\/wp-content\/uploads\/2024\/09\/Pompeii-Express-Reserved-Entrance-With-Optional-Audio-Guide-1-300x300.avif\" data-sizes=\"{&quot;thumbnail&quot;:{&quot;url&quot;:&quot;https:\/\/italy-tourist-information.com\/wp-content\/uploads\/2024\/09\/Pompeii-Express-Reserved-Entrance-With-Optional-Audio-Guide-1-150x150.avif&quot;,&quot;height&quot;:150,&quot;width&quot;:150,&quot;orientation&quot;:&quot;landscape&quot;},&quot;medium&quot;:{&quot;url&quot;:&quot;https:\/\/italy-tourist-information.com\/wp-content\/uploads\/2024\/09\/Pompeii-Express-Reserved-Entrance-With-Optional-Audio-Guide-1-300x300.avif&quot;,&quot;height&quot;:300,&quot;width&quot;:300,&quot;orientation&quot;:&quot;landscape&quot;},&quot;large&quot;:{&quot;url&quot;:&quot;https:\/\/italy-tourist-information.com\/wp-content\/uploads\/2024\/09\/Pompeii-Express-Reserved-Entrance-With-Optional-Audio-Guide-1-1024x1024.avif&quot;,&quot;height&quot;:1024,&quot;width&quot;:1024,&quot;orientation&quot;:&quot;landscape&quot;},&quot;full&quot;:{&quot;url&quot;:&quot;https:\/\/italy-tourist-information.com\/wp-content\/uploads\/2024\/09\/Pompeii-Express-Reserved-Entrance-With-Optional-Audio-Guide-1.avif&quot;,&quot;height&quot;:1600,&quot;width&quot;:1600,&quot;orientation&quot;:&quot;landscape&quot;},&quot;1536x1536&quot;:{&quot;url&quot;:&quot;https:\/\/italy-tourist-information.com\/wp-content\/uploads\/2024\/09\/Pompeii-Express-Reserved-Entrance-With-Optional-Audio-Guide-1-1536x1536.avif&quot;,&quot;height&quot;:1536,&quot;width&quot;:1536,&quot;orientation&quot;:&quot;landscape&quot;}}\" loading=\"lazy\"><\/span><span><img decoding=\"async\" alt=\"\" data-id=\"6023\" width=\"1600\" height=\"1600\" title=\"Pompeji Express \u2013 Reservierter Eingang mit optionalem Audioguide 4\" src=\"https:\/\/italy-tourist-information.com\/wp-content\/uploads\/2024\/09\/Pompeii-Express-Reserved-Entrance-With-Optional-Audio-Guide-4-1024x1024.avif\" data-src=\"https:\/\/italy-tourist-information.com\/wp-content\/uploads\/2024\/09\/Pompeii-Express-Reserved-Entrance-With-Optional-Audio-Guide-4-300x300.avif\" data-sizes=\"{&quot;thumbnail&quot;:{&quot;url&quot;:&quot;https:\/\/italy-tourist-information.com\/wp-content\/uploads\/2024\/09\/Pompeii-Express-Reserved-Entrance-With-Optional-Audio-Guide-4-150x150.avif&quot;,&quot;height&quot;:150,&quot;width&quot;:150,&quot;orientation&quot;:&quot;landscape&quot;},&quot;medium&quot;:{&quot;url&quot;:&quot;https:\/\/italy-tourist-information.com\/wp-content\/uploads\/2024\/09\/Pompeii-Express-Reserved-Entrance-With-Optional-Audio-Guide-4-300x300.avif&quot;,&quot;height&quot;:300,&quot;width&quot;:300,&quot;orientation&quot;:&quot;landscape&quot;},&quot;large&quot;:{&quot;url&quot;:&quot;https:\/\/italy-tourist-information.com\/wp-content\/uploads\/2024\/09\/Pompeii-Express-Reserved-Entrance-With-Optional-Audio-Guide-4-1024x1024.avif&quot;,&quot;height&quot;:1024,&quot;width&quot;:1024,&quot;orientation&quot;:&quot;landscape&quot;},&quot;full&quot;:{&quot;url&quot;:&quot;https:\/\/italy-tourist-information.com\/wp-content\/uploads\/2024\/09\/Pompeii-Express-Reserved-Entrance-With-Optional-Audio-Guide-4.avif&quot;,&quot;height&quot;:1600,&quot;width&quot;:1600,&quot;orientation&quot;:&quot;landscape&quot;},&quot;1536x1536&quot;:{&quot;url&quot;:&quot;https:\/\/italy-tourist-information.com\/wp-content\/uploads\/2024\/09\/Pompeii-Express-Reserved-Entrance-With-Optional-Audio-Guide-4-1536x1536.avif&quot;,&quot;height&quot;:1536,&quot;width&quot;:1536,&quot;orientation&quot;:&quot;landscape&quot;}}\" loading=\"lazy\"><\/span><\/p>\n<h1>Eintrittskarten f\u00fcr Pompeji<\/h1>\n<h2><a href=\"https:\/\/www.headout.com\/de\/pompeji-touren-von-neapel\/pompeji-eintrittsticket-e-8869\/?affiliate_code=KXkQ69&amp;utm_campaign=itidepompeiisp&amp;utm_content=link&amp;utm_medium=affiliate&amp;utm_source=most_amazing_places\" target=\"_blank\" rel=\"nofollow noopener\" style=\"outline: none;\">Zur Buchung<\/a><\/h2>\n<h1><a href=\"https:\/\/www.headout.com\/de\/pompeji-touren-von-neapel\/pompeji-eintrittsticket-e-8869\/?affiliate_code=KXkQ69&amp;utm_campaign=itidepompeiisp&amp;utm_content=link&amp;utm_medium=affiliate&amp;utm_source=most_amazing_places\" target=\"_blank\" rel=\"nofollow noopener\" style=\"outline: none;\" spellcheck=\"false\"><strong>Ab 26,80<\/strong> \u20ac<strong><\/strong><\/a><\/h1>\n<p dir=\"ltr\">Erkunden Sie mit Ihrem Ticket f\u00fcr Pompeji\u200b eine der faszinierendsten arch\u00e4ologischen St\u00e4tten der Welt.<\/p>\n<ul>\n<li style=\"\"><span>Handverlesenes Ticket&nbsp;<\/span><\/li>\n<li style=\"\"><span>Mobiles Ticket<\/span><\/li>\n<li style=\"\"><span>Jetzt buchen, sp\u00e4ter bezahlen<\/span><\/li>\n<li style=\"\"><span>Kostenlose Stornierung<\/span><\/li>\n<\/ul>\n<h2>Inbegriffen<\/h2>\n<ul>\n<li style=\"\">                    <span>Eintritt zu Pompeji<\/span><\/li>\n<li style=\"\">                    <span>Direkter Einlass zu Pompeji ohne Anstehen (falls ausgew\u00e4hlt)<\/span><\/li>\n<li style=\"\">                    <span>Eintritt zur Villa der Mysterien, zur Villa des Diomedes und zur Villa Regina in Boscoreale, einschlie\u00dflich des Antiquariums (je nach gew\u00e4hlter Option)<br \/><\/span><\/li>\n<li><span>Physischer Audioguide in 13 Sprachen: Italienisch, Englisch, Franz\u00f6sisch, Spanisch, Deutsch, Niederl\u00e4ndisch, Portugiesisch, Chinesisch, Russisch, Hebr\u00e4isch, Polnisch, Tschechisch, Ungarisch (falls ausgew\u00e4hlt)<br \/><\/span><\/li>\n<li><span>Digitaler Audioguide in Italienisch, Englisch, Franz\u00f6sisch, Spanisch und Deutsch (falls ausgew\u00e4hlt)<\/span><\/li>\n<\/ul>\n<h2>Nicht inbegriffen<\/h2>\n<ul>\n<li style=\"\"><span>F\u00fchrung<br \/><\/span><\/li>\n<li style=\"\"><span>Transport<\/span><\/li>\n<li style=\"\"><span>Pers\u00f6nliche Ausgaben<\/span><\/li>\n<\/ul>\n<h2>Wichtige Informationen<\/h2>\n<ul>\n<li style=\"\"><span>Die Eintrittskarte berechtigt nur am Tag Ihres Besuchs zu einem einmaligen Eintritt.<\/span><\/li>\n<li style=\"\"><span>F\u00fcr Buchungen in Pompeji ist der vollst\u00e4ndige Name erforderlich. Bitte \u00fcberpr\u00fcfen Sie die Angaben beim Bezahlvorgang und bringen Sie einen g\u00fcltigen Lichtbildausweis mit.<\/span><\/li>\n<li><span>Bringen Sie Ihren g\u00fcltigen Ausweis und Kopfh\u00f6rer mit.<\/span><\/li>\n<li style=\"\"><span>Gro\u00dfe Taschen und Koffer sind nicht erlaubt; Schlie\u00dff\u00e4cher stehen vor Ort zur Verf\u00fcgung.<\/span><\/li>\n<li style=\"\"><span>Zu Sto\u00dfzeiten kann es zu l\u00e4ngeren Wartezeiten kommen.<\/span><\/li>\n<li style=\"\"><span>Es gilt eine strenge Kleiderordnung: Respektlose Kleidung oder das Tragen von Kleidung ohne Oberteil ist im Arch\u00e4ologischen Park von Pompeji nicht gestattet.<br \/><\/span><\/li>\n<li><span>Diese Aktivit\u00e4t beinhaltet einiges an Fu\u00dfweg, daher tragen Sie bitte bequeme Schuhe, da das Gel\u00e4nde uneben sein kann.<\/span><\/li>\n<li><span>Nur kleine Hunde an der Leine (oder Assistenzhunde mit Zertifikat) sind im Inneren erlaubt.<br \/><\/span><\/li>\n<\/ul>\n<h2>Beschreibung:<\/h2>\n<p dir=\"ltr\">Entdecken Sie die Geheimnisse der Vergangenheit mit einem Ticket f\u00fcr Pompeji, das Ihnen den reservierten Eintritt zu&nbsp;<strong>einem der ber\u00fchmtesten arch\u00e4ologischen Wunder der Welt garantiert.<\/strong> <\/p>\n<p dir=\"ltr\">Schlendern Sie durch die perfekt&nbsp;<strong>erhaltenen Stra\u00dfen Pompejis,<\/strong> einer UNESCO-Welterbest\u00e4tte, wo die r\u00f6mische Geschichte nach Jahrhunderten unter der Asche des Vesuvs wieder zum Leben erwacht.<\/p>\n<p dir=\"ltr\">Mit Ihrem Pompeji-Ticket bewundern Sie <strong>pr\u00e4chtige Villen, gesch\u00e4ftige Marktpl\u00e4tze<\/strong> und atemberaubende <strong>Fresken,<\/strong>&nbsp;die Kunstfertigkeit und den Lebensstil des antiken Roms. Sehen Sie die eindringlichen Gipsabdr\u00fccke der Bewohner \u2013 eine d\u00fcstere Erinnerung an das tragische Ende der Stadt.<\/p>\n<h2>Highlights:<\/h2>\n<ul>\n<li dir=\"ltr\">Bestaunen Sie die bemerkenswert gut erhaltenen Ruinen von Pompeji, einem UNESCO-Weltkulturerbe.<\/li>\n<li dir=\"ltr\">Erleben Sie die eindringlichen Gipsabdr\u00fccke der Bewohner Pompejis, die durch den Ausbruch in der Zeit eingefroren wurden.<\/li>\n<li dir=\"ltr\">Schlendern Sie durch antike Stra\u00dfen, H\u00e4user und \u00f6ffentliche Pl\u00e4tze, die Einblicke in den r\u00f6mischen Alltag.<\/li>\n<li dir=\"ltr\">Entdecken Sie einzigartige Artefakte und Kunstwerke, darunter Fresken, Statuen und Inschriften.<\/li>\n<\/ul>\n<h2>Pompeji (Parco Archeologico di Pompei)<\/h2>\n<p>Via Villa dei Misteri 2, 80045 Pompei, Metropole Neapel, Italien<\/p>\n<h2>Stornierungsbedingungen<\/h2>\n<p>Stornieren Sie kostenlos bis 24 Stunden vor Ihrem Besuch und erhalten Sie eine volle R\u00fcckerstattung.<\/p>\n<h2>Treffpunkt &amp; Anweisungen<\/h2>\n<p data-pm-slice=\"1 1 []\">Zeigen Sie Ihren mobilen Voucher zusammen mit Ihrem Lichtbildausweis vor. Auf Ihrem Gutschein finden Sie den genauen Treffpunkt und weitere Anweisungen.<\/p>\n<p><a href=\"https:\/\/www.google.com\/maps\/search\/?api=1&amp;query=Via%20Roma%2C%20123%2080045%20Pompeii\" style=\"outline: none;\" data-lt-tmp-id=\"lt-507305\" spellcheck=\"false\" target=\"_blank\" rel=\"nofollow noopener\">In Karten \u00f6ffnen<\/a><\/p>\n<h2>Bewertungen<\/h2>\n<p><strong>4,4\/5&nbsp; <\/strong><strong>(28.025 Bewertungen)<\/strong><\/p>\n<p><em>\u201e<\/em>Die Buchung war unkompliziert. Die Tickets werden am Eingang von Pompeji eingel\u00f6st. Ich dachte erst, es w\u00e4re ein Drittanbieter-Shop, aber es war der offizielle Eingang von Pompeji. Super! Es war hei\u00df, aber da kann man ja nichts machen. 10 von 10 Punkten&nbsp;<em>.\u201c \u2013&nbsp;<\/em> Andrew, August 2025<\/p>\n<p><a href=\"https:\/\/www.headout.com\/de\/pompeji-touren-von-neapel\/pompeji-eintrittsticket-e-8869\/?affiliate_code=KXkQ69&amp;utm_campaign=itidepompeiisp&amp;utm_content=link&amp;utm_medium=affiliate&amp;utm_source=most_amazing_places\" target=\"_blank\" rel=\"nofollow noopener\" spellcheck=\"false\" style=\"outline: none;\">&gt;&gt; Weitere Rezensionen ansehen&#8230;<\/a><\/p>\n<h2>Weitere Aktivit\u00e4ten, die Ihnen gefallen k\u00f6nnten<\/h2>\n<p><span># <\/span><strong><span>2<\/span><\/strong><span># <\/span><strong><span>2<\/span><\/strong><span><img decoding=\"async\" alt=\"\" data-id=\"6020\" width=\"159\" data-init-width=\"1185\" height=\"83\" data-init-height=\"616\" title=\"Pompeji \u2013 Eintrittskarte und F\u00fchrung mit einem Arch\u00e4ologen\" src=\"https:\/\/italy-tourist-information.com\/wp-content\/uploads\/2024\/09\/Pompeii-Entry-Ticket-and-Guided-Tour-with-an-Archaeologist-.jpg\" data-width=\"159\" data-height=\"83\" style=\"aspect-ratio: auto 1185 \/ 616;\" loading=\"lazy\"><\/span><\/p>\n<table>\n<tbody>\n<tr>\n<td><a href=\"https:\/\/www.getyourguide.com\/s?partner_id=NO9XIDE&amp;cmp=ITDeIPompeiiSp2-short-url&amp;et=161715&amp;lc=156880\" target=\"_blank\" rel=\"nofollow noopener\" style=\"outline: none;\" data-lt-tmp-id=\"lt-979868\" spellcheck=\"false\">Pompeji: Eintrittskarte und F\u00fchrung mit einem Arch\u00e4ologen<\/a><\/td>\n<\/tr>\n<\/tbody>\n<\/table>\n<p>Entdecken Sie die Geheimnisse Pompejis bei einer zweist\u00fcndigen F\u00fchrung mit einem erfahrenen Arch\u00e4ologen. Erkunden Sie wichtige Sehensw\u00fcrdigkeiten wie den Jupitertempel, das Faunohaus und das Haus des Menander.<\/p>\n<h3 style=\"\">Gesamtpreis<\/h3>\n<h3>Ihr Konto wird noch nicht belastet.<\/h3>\n<p><span># <\/span><strong><span>2<\/span><\/strong><span><img decoding=\"async\" alt=\"\" data-id=\"6027\" width=\"159\" data-init-width=\"1200\" height=\"99\" data-init-height=\"750\" title=\"Pompeji-Tickets + Campania Express Neapel nach\/von Pompeji\" src=\"https:\/\/italy-tourist-information.com\/wp-content\/uploads\/2024\/09\/Pompeii-Tickets-Campania-Express-Naples-tofrom-Pompeii.avif\" data-width=\"159\" data-height=\"99\" style=\"aspect-ratio: auto 1200 \/ 750;\" loading=\"lazy\"><\/span><\/p>\n<table>\n<tbody>\n<tr>\n<td><a href=\"https:\/\/megapass.com\/tours-tickets\/cappadocia-red-tour-with-goreme-museum-lunch-and-hotel-transfer-i2767?discountCode=ma-places\" target=\"_blank\" rel=\"nofollow noopener\" style=\"outline: none;\"><\/p>\n<table>\n<tbody>\n<tr>\n<td><strong><a href=\"https:\/\/www.headout.com\/de\/pompeji-touren-von-neapel\/kombi-eintrittskarten-fur-pompeji-campania-express-one-way-tickets-neapel-nachvon-pompei-e-25707\/?affiliate_code=KXkQ69&amp;utm_campaign=itidepompeiisp3&amp;utm_content=link&amp;utm_medium=affiliate&amp;utm_source=most_amazing_places\" rel=\"nofollow noopener\" spellcheck=\"false\" target=\"_blank\" style=\"outline: none;\">Pompeji-Tickets + Campania Express Neapel nach\/von Pompeji<\/a><\/strong><\/td>\n<\/tr>\n<\/tbody>\n<\/table>\n<p><strong><\/strong><\/a><\/td>\n<\/tr>\n<\/tbody>\n<\/table>\n<p>Sichern Sie sich Ersparnisse mit diesem Kombi-Paket, das eine Eintrittskarte f\u00fcr Pompeji und einen direkten Transfer (einfache Fahrt) vom Bahnhof Naples Porta Nolana zum Bahnhof Pompei Scavi beinhaltet.<\/p>\n<h3 style=\"\">Gesamtpreis<\/h3>\n<h3>Ihr Konto wird noch nicht belastet.<\/h3>\n<p><\/p>\n<p><span><img decoding=\"async\" alt=\"\" data-id=\"11563\" width=\"159\" data-init-width=\"1600\" height=\"99\" data-init-height=\"1000\" title=\"Private Pompeji-F\u00fchrung mit Arch\u00e4ologe Ota\" src=\"https:\/\/italy-tourist-information.com\/wp-content\/uploads\/2025\/08\/Pompeii-Private-Guided-Tour-with-Archaeologist-ota.avif\" data-width=\"159\" data-height=\"99\" style=\"aspect-ratio: auto 1600 \/ 1000;\" loading=\"lazy\"><\/span><\/p>\n<table>\n<tbody>\n<tr>\n<td><a href=\"https:\/\/megapass.com\/tours-tickets\/cappadocia-red-tour-with-goreme-museum-lunch-and-hotel-transfer-i2767?discountCode=ma-places\" target=\"_blank\" rel=\"nofollow noopener\" style=\"outline: none;\"><\/p>\n<table>\n<tbody>\n<tr>\n<td><strong><a href=\"https:\/\/www.headout.com\/de\/pompeji-touren-von-neapel\/2-stundige-private-gefuhrte-tour-durch-pompeji-e-25499\/?affiliate_code=KXkQ69&amp;utm_campaign=itidepompeiisp4&amp;utm_content=link&amp;utm_medium=affiliate&amp;utm_source=most_amazing_places\" rel=\"nofollow noopener\" spellcheck=\"false\" target=\"_blank\" style=\"outline: none;\">Private Pompeji-F\u00fchrung mit Arch\u00e4ologe<\/a><\/strong><\/td>\n<\/tr>\n<\/tbody>\n<\/table>\n<p><strong><\/strong><\/a><\/td>\n<\/tr>\n<\/tbody>\n<\/table>\n<p>Begeben Sie sich auf eine Zeitreise mit einer privaten F\u00fchrung durch Pompeji, geleitet von einem Arch\u00e4ologen, der Ihnen die antike Stadt in einem pers\u00f6nlichen und detaillierten 2-st\u00fcndigen Erlebnis zum Leben erweckt.<\/p>\n<h3 style=\"\">Gesamtpreis<\/h3>\n<h3 style=\"\">Ihr Konto wird noch nicht belastet.<\/h3>\n<p><\/p>\n<h2><a href=\"https:\/\/www.headout.com\/de\/pompeji-touren-von-neapel\/pompeji-eintrittsticket-e-8869\/?affiliate_code=KXkQ69&amp;utm_campaign=itidepompeiisp&amp;utm_content=link&amp;utm_medium=affiliate&amp;utm_source=most_amazing_places\" target=\"_blank\" rel=\"nofollow noopener\" style=\"outline: none;\">Zur Buchung<\/a><\/h2>\n<h1><a href=\"https:\/\/www.headout.com\/de\/pompeji-touren-von-neapel\/pompeji-eintrittsticket-e-8869\/?affiliate_code=KXkQ69&amp;utm_campaign=itidepompeiisp&amp;utm_content=link&amp;utm_medium=affiliate&amp;utm_source=most_amazing_places\" target=\"_blank\" rel=\"nofollow noopener\" style=\"outline: none;\" spellcheck=\"false\"><strong>Ab 26,80<\/strong> \u20ac<strong><\/strong><\/a><\/h1>\n<h3>Ihr Konto wird noch nicht belastet.<\/h3>\n","protected":false},"excerpt":{"rendered":"<p>Eintrittskarten f\u00fcr Pompeji Zur Buchung Ab 26,80 \u20ac Erkunden Sie mit Ihrem Ticket f\u00fcr Pompeji\u200b eine der faszinierendsten arch\u00e4ologischen St\u00e4tten der Welt. Handverlesenes Ticket&nbsp; Mobiles Ticket Jetzt buchen, sp\u00e4ter bezahlen Kostenlose Stornierung Inbegriffen Eintritt zu Pompeji Direkter Einlass zu Pompeji ohne Anstehen (falls ausgew\u00e4hlt) Eintritt zur Villa der Mysterien, zur Villa des Diomedes und zur [&hellip;]<\/p>\n","protected":false},"author":6,"featured_media":18407,"parent":0,"menu_order":0,"comment_status":"closed","ping_status":"closed","template":"","meta":{"footnotes":""},"categories":[141,128],"tags":[152,130],"class_list":["post-18476","page","type-page","status-publish","has-post-thumbnail","hentry","category-neapel","category-verkaufsseite","tag-neapel-2","tag-verkaufsseite","post-wrapper","thrv_wrapper"],"_links":{"self":[{"href":"https:\/\/italy-tourist-information.com\/de\/wp-json\/wp\/v2\/pages\/18476","targetHints":{"allow":["GET"]}}],"collection":[{"href":"https:\/\/italy-tourist-information.com\/de\/wp-json\/wp\/v2\/pages"}],"about":[{"href":"https:\/\/italy-tourist-information.com\/de\/wp-json\/wp\/v2\/types\/page"}],"author":[{"embeddable":true,"href":"https:\/\/italy-tourist-information.com\/de\/wp-json\/wp\/v2\/users\/6"}],"replies":[{"embeddable":true,"href":"https:\/\/italy-tourist-information.com\/de\/wp-json\/wp\/v2\/comments?post=18476"}],"version-history":[{"count":5,"href":"https:\/\/italy-tourist-information.com\/de\/wp-json\/wp\/v2\/pages\/18476\/revisions"}],"predecessor-version":[{"id":19230,"href":"https:\/\/italy-tourist-information.com\/de\/wp-json\/wp\/v2\/pages\/18476\/revisions\/19230"}],"wp:featuredmedia":[{"embeddable":true,"href":"https:\/\/italy-tourist-information.com\/de\/wp-json\/wp\/v2\/media\/18407"}],"wp:attachment":[{"href":"https:\/\/italy-tourist-information.com\/de\/wp-json\/wp\/v2\/media?parent=18476"}],"wp:term":[{"taxonomy":"category","embeddable":true,"href":"https:\/\/italy-tourist-information.com\/de\/wp-json\/wp\/v2\/categories?post=18476"},{"taxonomy":"post_tag","embeddable":true,"href":"https:\/\/italy-tourist-information.com\/de\/wp-json\/wp\/v2\/tags?post=18476"}],"curies":[{"name":"wp","href":"https:\/\/api.w.org\/{rel}","templated":true}]}}