{"id":18486,"date":"2025-04-21T11:00:34","date_gmt":"2025-04-21T11:00:34","guid":{"rendered":"https:\/\/italy-tourist-information.com\/tickets-for-the-capitoline-museums"},"modified":"2026-04-20T14:40:19","modified_gmt":"2026-04-20T14:40:19","slug":"kapitolinische-museen-tickets","status":"publish","type":"page","link":"https:\/\/italy-tourist-information.com\/de\/kapitolinische-museen-tickets","title":{"rendered":"Kapitolinische Museen Tickets"},"content":{"rendered":"<p><span><img decoding=\"async\" alt=\"\" data-id=\"10130\" width=\"2242\" height=\"1556\" title=\"Kapitolinische Museen - Eintrittskarte\" src=\"https:\/\/italy-tourist-information.com\/wp-content\/uploads\/2025\/04\/Capitoline-Museums-Entry-Ticket-ota-1024x711.avif\" data-src=\"https:\/\/italy-tourist-information.com\/wp-content\/uploads\/2025\/04\/Capitoline-Museums-Entry-Ticket-ota-300x208.avif\" loading=\"lazy\" data-sizes=\"{&quot;thumbnail&quot;:{&quot;url&quot;:&quot;https:\/\/italy-tourist-information.com\/wp-content\/uploads\/2025\/04\/Capitoline-Museums-Entry-Ticket-ota-150x150.avif&quot;,&quot;height&quot;:150,&quot;width&quot;:150,&quot;orientation&quot;:&quot;landscape&quot;},&quot;medium&quot;:{&quot;url&quot;:&quot;https:\/\/italy-tourist-information.com\/wp-content\/uploads\/2025\/04\/Capitoline-Museums-Entry-Ticket-ota-300x208.avif&quot;,&quot;height&quot;:208,&quot;width&quot;:300,&quot;orientation&quot;:&quot;landscape&quot;},&quot;large&quot;:{&quot;url&quot;:&quot;https:\/\/italy-tourist-information.com\/wp-content\/uploads\/2025\/04\/Capitoline-Museums-Entry-Ticket-ota-1024x711.avif&quot;,&quot;height&quot;:711,&quot;width&quot;:1024,&quot;orientation&quot;:&quot;landscape&quot;},&quot;full&quot;:{&quot;url&quot;:&quot;https:\/\/italy-tourist-information.com\/wp-content\/uploads\/2025\/04\/Capitoline-Museums-Entry-Ticket-ota.avif&quot;,&quot;height&quot;:1556,&quot;width&quot;:2242,&quot;orientation&quot;:&quot;landscape&quot;},&quot;1536x1536&quot;:{&quot;url&quot;:&quot;https:\/\/italy-tourist-information.com\/wp-content\/uploads\/2025\/04\/Capitoline-Museums-Entry-Ticket-ota-1536x1066.avif&quot;,&quot;height&quot;:1066,&quot;width&quot;:1536,&quot;orientation&quot;:&quot;landscape&quot;},&quot;2048x2048&quot;:{&quot;url&quot;:&quot;https:\/\/italy-tourist-information.com\/wp-content\/uploads\/2025\/04\/Capitoline-Museums-Entry-Ticket-ota-2048x1421.avif&quot;,&quot;height&quot;:1421,&quot;width&quot;:2048,&quot;orientation&quot;:&quot;landscape&quot;}}\"><\/span><span><img decoding=\"async\" alt=\"\" data-id=\"10129\" width=\"2075\" height=\"1556\" title=\"Kapitolinische Museen \u2013 Eintrittskarte ota2\" src=\"https:\/\/italy-tourist-information.com\/wp-content\/uploads\/2025\/04\/Capitoline-Museums-Entry-Ticket-ota2-1024x768.avif\" data-src=\"https:\/\/italy-tourist-information.com\/wp-content\/uploads\/2025\/04\/Capitoline-Museums-Entry-Ticket-ota2-300x225.avif\" loading=\"lazy\" data-sizes=\"{&quot;thumbnail&quot;:{&quot;url&quot;:&quot;https:\/\/italy-tourist-information.com\/wp-content\/uploads\/2025\/04\/Capitoline-Museums-Entry-Ticket-ota2-150x150.avif&quot;,&quot;height&quot;:150,&quot;width&quot;:150,&quot;orientation&quot;:&quot;landscape&quot;},&quot;medium&quot;:{&quot;url&quot;:&quot;https:\/\/italy-tourist-information.com\/wp-content\/uploads\/2025\/04\/Capitoline-Museums-Entry-Ticket-ota2-300x225.avif&quot;,&quot;height&quot;:225,&quot;width&quot;:300,&quot;orientation&quot;:&quot;landscape&quot;},&quot;large&quot;:{&quot;url&quot;:&quot;https:\/\/italy-tourist-information.com\/wp-content\/uploads\/2025\/04\/Capitoline-Museums-Entry-Ticket-ota2-1024x768.avif&quot;,&quot;height&quot;:768,&quot;width&quot;:1024,&quot;orientation&quot;:&quot;landscape&quot;},&quot;full&quot;:{&quot;url&quot;:&quot;https:\/\/italy-tourist-information.com\/wp-content\/uploads\/2025\/04\/Capitoline-Museums-Entry-Ticket-ota2.avif&quot;,&quot;height&quot;:1556,&quot;width&quot;:2075,&quot;orientation&quot;:&quot;landscape&quot;},&quot;1536x1536&quot;:{&quot;url&quot;:&quot;https:\/\/italy-tourist-information.com\/wp-content\/uploads\/2025\/04\/Capitoline-Museums-Entry-Ticket-ota2-1536x1152.avif&quot;,&quot;height&quot;:1152,&quot;width&quot;:1536,&quot;orientation&quot;:&quot;landscape&quot;},&quot;2048x2048&quot;:{&quot;url&quot;:&quot;https:\/\/italy-tourist-information.com\/wp-content\/uploads\/2025\/04\/Capitoline-Museums-Entry-Ticket-ota2-2048x1536.avif&quot;,&quot;height&quot;:1536,&quot;width&quot;:2048,&quot;orientation&quot;:&quot;landscape&quot;}}\"><\/span><span><img decoding=\"async\" alt=\"\" data-id=\"10128\" width=\"2343\" height=\"1556\" title=\"Kapitolinische Museen \u2013 Eintrittskarte ota3\" src=\"https:\/\/italy-tourist-information.com\/wp-content\/uploads\/2025\/04\/Capitoline-Museums-Entry-Ticket-ota3-1024x680.avif\" data-src=\"https:\/\/italy-tourist-information.com\/wp-content\/uploads\/2025\/04\/Capitoline-Museums-Entry-Ticket-ota3-300x199.avif\" loading=\"lazy\" data-sizes=\"{&quot;thumbnail&quot;:{&quot;url&quot;:&quot;https:\/\/italy-tourist-information.com\/wp-content\/uploads\/2025\/04\/Capitoline-Museums-Entry-Ticket-ota3-150x150.avif&quot;,&quot;height&quot;:150,&quot;width&quot;:150,&quot;orientation&quot;:&quot;landscape&quot;},&quot;medium&quot;:{&quot;url&quot;:&quot;https:\/\/italy-tourist-information.com\/wp-content\/uploads\/2025\/04\/Capitoline-Museums-Entry-Ticket-ota3-300x199.avif&quot;,&quot;height&quot;:199,&quot;width&quot;:300,&quot;orientation&quot;:&quot;landscape&quot;},&quot;large&quot;:{&quot;url&quot;:&quot;https:\/\/italy-tourist-information.com\/wp-content\/uploads\/2025\/04\/Capitoline-Museums-Entry-Ticket-ota3-1024x680.avif&quot;,&quot;height&quot;:680,&quot;width&quot;:1024,&quot;orientation&quot;:&quot;landscape&quot;},&quot;full&quot;:{&quot;url&quot;:&quot;https:\/\/italy-tourist-information.com\/wp-content\/uploads\/2025\/04\/Capitoline-Museums-Entry-Ticket-ota3.avif&quot;,&quot;height&quot;:1556,&quot;width&quot;:2343,&quot;orientation&quot;:&quot;landscape&quot;},&quot;1536x1536&quot;:{&quot;url&quot;:&quot;https:\/\/italy-tourist-information.com\/wp-content\/uploads\/2025\/04\/Capitoline-Museums-Entry-Ticket-ota3-1536x1020.avif&quot;,&quot;height&quot;:1020,&quot;width&quot;:1536,&quot;orientation&quot;:&quot;landscape&quot;},&quot;2048x2048&quot;:{&quot;url&quot;:&quot;https:\/\/italy-tourist-information.com\/wp-content\/uploads\/2025\/04\/Capitoline-Museums-Entry-Ticket-ota3-2048x1360.avif&quot;,&quot;height&quot;:1360,&quot;width&quot;:2048,&quot;orientation&quot;:&quot;landscape&quot;}}\"><\/span><span><img decoding=\"async\" alt=\"\" data-id=\"10127\" width=\"2170\" height=\"1556\" title=\"Kapitolinische Museen \u2013 Eintrittskarte ota4\" src=\"https:\/\/italy-tourist-information.com\/wp-content\/uploads\/2025\/04\/Capitoline-Museums-Entry-Ticket-ota4-1024x734.avif\" data-src=\"https:\/\/italy-tourist-information.com\/wp-content\/uploads\/2025\/04\/Capitoline-Museums-Entry-Ticket-ota4-300x215.avif\" loading=\"lazy\" data-sizes=\"{&quot;thumbnail&quot;:{&quot;url&quot;:&quot;https:\/\/italy-tourist-information.com\/wp-content\/uploads\/2025\/04\/Capitoline-Museums-Entry-Ticket-ota4-150x150.avif&quot;,&quot;height&quot;:150,&quot;width&quot;:150,&quot;orientation&quot;:&quot;landscape&quot;},&quot;medium&quot;:{&quot;url&quot;:&quot;https:\/\/italy-tourist-information.com\/wp-content\/uploads\/2025\/04\/Capitoline-Museums-Entry-Ticket-ota4-300x215.avif&quot;,&quot;height&quot;:215,&quot;width&quot;:300,&quot;orientation&quot;:&quot;landscape&quot;},&quot;large&quot;:{&quot;url&quot;:&quot;https:\/\/italy-tourist-information.com\/wp-content\/uploads\/2025\/04\/Capitoline-Museums-Entry-Ticket-ota4-1024x734.avif&quot;,&quot;height&quot;:734,&quot;width&quot;:1024,&quot;orientation&quot;:&quot;landscape&quot;},&quot;full&quot;:{&quot;url&quot;:&quot;https:\/\/italy-tourist-information.com\/wp-content\/uploads\/2025\/04\/Capitoline-Museums-Entry-Ticket-ota4.avif&quot;,&quot;height&quot;:1556,&quot;width&quot;:2170,&quot;orientation&quot;:&quot;landscape&quot;},&quot;1536x1536&quot;:{&quot;url&quot;:&quot;https:\/\/italy-tourist-information.com\/wp-content\/uploads\/2025\/04\/Capitoline-Museums-Entry-Ticket-ota4-1536x1101.avif&quot;,&quot;height&quot;:1101,&quot;width&quot;:1536,&quot;orientation&quot;:&quot;landscape&quot;},&quot;2048x2048&quot;:{&quot;url&quot;:&quot;https:\/\/italy-tourist-information.com\/wp-content\/uploads\/2025\/04\/Capitoline-Museums-Entry-Ticket-ota4-2048x1469.avif&quot;,&quot;height&quot;:1469,&quot;width&quot;:2048,&quot;orientation&quot;:&quot;landscape&quot;}}\"><\/span><\/p>\n<h1 dir=\"ltr\">Kapitolinische Museen: Eintrittskarte<\/h1>\n<h2><a href=\"https:\/\/www.tiqets.com\/de\/rom-sehenswuerdigkeiten-c71631\/tickets-fur-kapitolinische-museen-eintrittskarte-p974364\/?partner=italytouristinformation&amp;tq_campaign=ITIDeCapitolineMuseumsSP\" target=\"_blank\" rel=\"nofollow noopener\" style=\"outline: none;\">Zur Buchung<\/a><\/h2>\n<p style=\"\"><a href=\"https:\/\/www.tiqets.com\/de\/rom-sehenswuerdigkeiten-c71631\/tickets-fur-kapitolinische-museen-eintrittskarte-p974364\/?partner=italytouristinformation&amp;tq_campaign=ITIDeCapitolineMuseumsSP\" target=\"_blank\" rel=\"nofollow noopener\" style=\"outline: none;\">Preis ab<\/a><\/p>\n<h1><a href=\"https:\/\/www.tiqets.com\/de\/rom-sehenswuerdigkeiten-c71631\/tickets-fur-kapitolinische-museen-eintrittskarte-p974364\/?partner=italytouristinformation&amp;tq_campaign=ITIDeCapitolineMuseumsSP\" target=\"_blank\" rel=\"nofollow noopener\" style=\"outline: none;\" spellcheck=\"false\"><strong>20,50 \u20ac<\/strong><\/a><\/h1>\n<p dir=\"ltr\">Besuchen Sie das weltweit erste \u00f6ffentliche Museum und entdecken Sie <strong>die Sch\u00e4tze des antiken Roms.<\/strong>&nbsp;Mit Ihrem Eintritt in die<strong>&nbsp;Kapitolinischen Museen<\/strong> erhalten Sie Zugang zu unsch\u00e4tzbaren Skulpturen, Artefakten und zeitloser Kunst in vier historischen Geb\u00e4uden.<\/p>\n<ul>\n<li style=\"\"><span>Handverlesenes Ticket&nbsp;<\/span><\/li>\n<li style=\"\"><span>Sofortige Best\u00e4tigung<\/span><\/li>\n<li style=\"\"><!--! Font Awesome Free 6.7.1 by @fontawesome - https:\/\/fontawesome.com License - https:\/\/fontawesome.com\/license\/free (Icons: CC BY 4.0, Fonts: SIL OFL 1.1, Code: MIT License) Copyright 2024 Fonticons, Inc. --><span>Mobiles Ticket<\/span><\/li>\n<li style=\"\"><span>R\u00fcckerstattungsf\u00e4hige Tickets erh\u00e4ltlich<\/span><\/li>\n<\/ul>\n<h2>Inbegriffen<\/h2>\n<ul>\n<li style=\"\">                    <span>Eintrittskarte f\u00fcr die Kapitolinischen Museen<\/span><\/li>\n<\/ul>\n<h2>Nicht inbegriffen<\/h2>\n<ul>\n<li style=\"\"><span>F\u00fchrung<\/span><\/li>\n<\/ul>\n<h2>Wichtige Informationen<\/h2>\n<ul>\n<li style=\"\"><span>Nur kleine Taschen erlaubt<\/span><\/li>\n<li style=\"\"><span>Im Inneren sind weder Speisen, Getr\u00e4nke noch Haustiere erlaubt.<\/span><\/li>\n<li style=\"\"><span>Rollstuhlgerecht<\/span><\/li>\n<li style=\"\"><span>Kinder unter 6 Jahren haben freien Eintritt mit einer Freikarte, die an der Kasse erh\u00e4ltlich ist.<\/span><\/li>\n<\/ul>\n<h2>Beschreibung:<\/h2>\n<p dir=\"ltr\">Die Kapitolinischen Museen, hoch oben auf dem Kapitolsh\u00fcgel mit Blick auf das Forum Romanum gelegen, beherbergen <strong>eine der bedeutendsten Sammlungen r\u00f6mischer Geschichte und Kunst.<\/strong> Sie wurden 1734 von Papst Clemens XII. gegr\u00fcndet und waren das weltweit erste \u00f6ffentlich zug\u00e4ngliche Museum.<\/p>\n<p dir=\"ltr\">Entdecken Sie jahrhundertealte Skulpturen, <strong>Meisterwerke der Renaissance<\/strong> und legend\u00e4re Symbole Roms wie die Kapitolinische W\u00f6lfin. Mit <strong>Zugang zu vier eleganten Pal\u00e4sten<\/strong> ist dies ein absolutes Muss f\u00fcr jeden, der die Seele und Geschichte des antiken Roms verstehen m\u00f6chte.<\/p>\n<h2>Highlights:<\/h2>\n<ul>\n<li dir=\"ltr\">Entdecken Sie die&nbsp;<strong>Kapitolinische Wolfsstatue<\/strong> mit Romulus und Remus.<\/li>\n<li dir=\"ltr\">Bewundern Sie <strong>antike r\u00f6mische Skulpturen,<\/strong> B\u00fcsten und Inschriften.<\/li>\n<li dir=\"ltr\">Spazieren Sie durch vier beeindruckende <strong>Geb\u00e4ude auf dem Kapitolh\u00fcgel<\/strong><\/li>\n<li dir=\"ltr\">Von der Museumsterrasse aus <strong>hat man einen herrlichen Blick auf das Forum Romanum.<\/strong><\/li>\n<li dir=\"ltr\">Sehen Sie Originalwerke von K\u00fcnstlern wie <strong>Caravaggio und Bernini.<\/strong><\/li>\n<li dir=\"ltr\">Erfahren Sie mehr \u00fcber die <strong>Urspr\u00fcnge Roms<\/strong>&nbsp;anhand einer sorgf\u00e4ltig zusammengestellten Sammlung von Reliquien.<\/li>\n<\/ul>\n<h2>Kapitolinische Museen<\/h2>\n<p dir=\"ltr\">Piazza del Campidoglio, 1, 00186 Roma RM, Italien<\/p>\n<h2>Stornierungsbedingungen<\/h2>\n<p dir=\"ltr\">Diese Kapitolinische Museen Tickets sind nicht erstattungsf\u00e4hig, es sei denn, Sie w\u00e4hlen beim Bezahlvorgang eine erstattungsf\u00e4hige Option. Erstattungsf\u00e4hige Tickets k\u00f6nnen bis 23:59 Uhr am Vortag Ihres Besuchs storniert werden.<\/p>\n<h2>Treffpunkt &amp; Anweisungen<\/h2>\n<p dir=\"ltr\">Zeigen Sie Ihr Smartphone-Ticket am Eingang der Kapitolinischen Museen vor. Kinder unter 6 Jahren erhalten ein kostenloses Ticket an der Kasse.<\/p>\n<p><a href=\"https:\/\/www.google.com\/maps\/place\/Piazza+del+Campidoglio,+1,+00186+Roma+RM,+Italien\/@41.8926399,12.4821955,18.87z\/data=!4m6!3m5!1s0x132f604b6646959b:0x6d20a0e108e3c9ac!8m2!3d41.892843!4d12.4823981!16s%2Fg%2F11bw3g8hwr?entry=ttu&amp;g_ep=EgoyMDI1MDQxNi4xIKXMDSoASAFQAw%3D%3D\" data-lt-tmp-id=\"lt-320454\" spellcheck=\"false\" target=\"_blank\" rel=\"nofollow noopener\" style=\"outline: none;\">In Karten \u00f6ffnen&nbsp;<\/a><\/p>\n<h2>Bewertungen<\/h2>\n<p><strong>4,5 \/ 5&nbsp; <\/strong><strong>(1122 Bewertungen)<\/strong><\/p>\n<p dir=\"ltr\"><em>\u201eEin wirklich fesselndes Museum mit vielen interessanten Skulpturen. Ich glaube, ein paar Kinder haben die Informationstafeln durcheinandergebracht, da einige an den falschen Stellen h\u00e4ngen und sich auf Objekte bezogen, die woanders stehen (lustig).\u201c<\/em> Mark, Februar 2025 <a href=\"https:\/\/www.tiqets.com\/de\/rom-sehenswuerdigkeiten-c71631\/tickets-fur-kapitolinische-museen-eintrittskarte-p974364\/?partner=italytouristinformation&amp;tq_campaign=ITIDeCapitolineMuseumsSP\" target=\"_blank\" rel=\"nofollow noopener\" data-lt-tmp-id=\"lt-795238\" spellcheck=\"false\" style=\"outline: none;\">&gt;&gt; Weitere Rezensionen ansehen \u2026<\/a><\/p>\n<p><span># <\/span><strong><span>2<\/span><\/strong><span># <\/span><strong><span>2<\/span><\/strong><\/p>\n<h2>Weitere Aktivit\u00e4ten, die Ihnen gefallen k\u00f6nnten<\/h2>\n<p><\/p>\n<p><span>#1<\/span><span><img decoding=\"async\" alt=\"\" data-id=\"10122\" width=\"159\" data-init-width=\"1185\" height=\"83\" data-init-height=\"616\" title=\"Rom \u2013 Kapitolinische Museen: Multimedia-Videoerlebnis\" src=\"https:\/\/italy-tourist-information.com\/wp-content\/uploads\/2025\/04\/Rome-Capitoline-Museums-Experience-with-Multimedia-Video-ota.jpg\" data-width=\"159\" data-height=\"83\" style=\"aspect-ratio: auto 1185 \/ 616;\" loading=\"lazy\"><\/span><\/p>\n<table>\n<tbody>\n<tr>\n<td>\n<table>\n<tbody>\n<tr>\n<td><strong><a href=\"https:\/\/www.getyourguide.com\/rome-l33\/rome-empire-roman-museum-with-hosted-entry-t214890\/?partner_id=NO9XIDE&amp;utm_medium=online_publisher&amp;cmp=ITIDeCapitolineMuseumsSP2\" target=\"_blank\" rel=\"nofollow noopener\" style=\"outline: none;\" data-lt-tmp-id=\"lt-107505\" spellcheck=\"false\">Rom: Kapitolinische Museen \u2013 ein Erlebnis mit Multimedia-Video<\/a><\/strong><\/td>\n<\/tr>\n<\/tbody>\n<\/table>\n<\/td>\n<\/tr>\n<\/tbody>\n<\/table>\n<p data-pm-slice=\"1 1 []\">Betreten Sie das Herz des antiken Roms in den Kapitolinischen Museen, wo ein fesselndes 25-min\u00fctiges Multimedia-Video und ein Audioguide ikonische Artefakte wie den Kapitolinischen Wolf zum Leben erwecken.<\/p>\n<h3 style=\"\">Gesamtpreis<\/h3>\n<h3>Ihr Konto wird noch nicht belastet.<\/h3>\n<p><span><img decoding=\"async\" alt=\"\" data-id=\"10124\" width=\"159\" data-init-width=\"2335\" height=\"106\" data-init-height=\"1556\" title=\"Roma Pass \u2013 72 Stunden Zugang zu \u00f6ffentlichen Verkehrsmitteln + Eintritt zu 1 oder 2 Attraktionen\" src=\"https:\/\/italy-tourist-information.com\/wp-content\/uploads\/2025\/04\/Roma-Pass-72-Hr-Public-Transport-Access-Entry-to-1-or-2-Attractions-ota.avif\" data-width=\"159\" data-height=\"106\" style=\"aspect-ratio: auto 2335 \/ 1556;\" loading=\"lazy\"><\/span><\/p>\n<table>\n<tbody>\n<tr>\n<td>\n<table>\n<tbody>\n<tr>\n<td><a href=\"https:\/\/www.tiqets.com\/de\/rome-attractions-c71631\/tickets-for-roma-pass-p974091\/?partner=italytouristinformation&amp;tq_campaign=ITIDeCapitolineMuseumsSP3\" target=\"_blank\" rel=\"nofollow noopener\" style=\"outline: none;\" data-lt-tmp-id=\"lt-743906\" spellcheck=\"false\">Roma Pass: 72 Stunden Nutzung des \u00f6ffentlichen Nahverkehrs + Eintritt zu 1 oder 2 Sehensw\u00fcrdigkeiten<\/a><\/td>\n<\/tr>\n<\/tbody>\n<\/table>\n<\/td>\n<\/tr>\n<\/tbody>\n<\/table>\n<p data-pm-slice=\"1 1 []\">Erleben Sie Rom m\u00fchelos mit dem Roma Pass 72-Stunden-Ticket, das Ihnen unbegrenzten Zugang zu den \u00f6ffentlichen Verkehrsmitteln und freien Eintritt zu Ihren ersten ein oder zwei Top-Attraktionen bietet.&nbsp;<\/p>\n<h3 style=\"\">Gesamtpreis<\/h3>\n<h3 style=\"\">Ihr Konto wird noch nicht belastet.<\/h3>\n<p><\/p>\n<h2><a href=\"https:\/\/www.tiqets.com\/de\/rom-sehenswuerdigkeiten-c71631\/tickets-fur-kapitolinische-museen-eintrittskarte-p974364\/?partner=italytouristinformation&amp;tq_campaign=ITIDeCapitolineMuseumsSP\" target=\"_blank\" rel=\"nofollow noopener\" style=\"outline: none;\">Zur Buchung<\/a><\/h2>\n<p style=\"\"><a href=\"https:\/\/www.tiqets.com\/de\/rom-sehenswuerdigkeiten-c71631\/tickets-fur-kapitolinische-museen-eintrittskarte-p974364\/?partner=italytouristinformation&amp;tq_campaign=ITIDeCapitolineMuseumsSP\" target=\"_blank\" rel=\"nofollow noopener\" style=\"outline: none;\">Preis ab<\/a><\/p>\n<h1><a href=\"https:\/\/www.tiqets.com\/de\/rom-sehenswuerdigkeiten-c71631\/tickets-fur-kapitolinische-museen-eintrittskarte-p974364\/?partner=italytouristinformation&amp;tq_campaign=ITIDeCapitolineMuseumsSP\" target=\"_blank\" rel=\"nofollow noopener\" style=\"outline: none;\"><strong>20,50 \u20ac<\/strong><\/a><\/h1>\n<h3>Ihr Konto wird noch nicht belastet.<\/h3>\n","protected":false},"excerpt":{"rendered":"<p>Kapitolinische Museen: Eintrittskarte Zur Buchung Preis ab 20,50 \u20ac Besuchen Sie das weltweit erste \u00f6ffentliche Museum und entdecken Sie die Sch\u00e4tze des antiken Roms.&nbsp;Mit Ihrem Eintritt in die&nbsp;Kapitolinischen Museen erhalten Sie Zugang zu unsch\u00e4tzbaren Skulpturen, Artefakten und zeitloser Kunst in vier historischen Geb\u00e4uden. Handverlesenes Ticket&nbsp; Sofortige Best\u00e4tigung Mobiles Ticket R\u00fcckerstattungsf\u00e4hige Tickets erh\u00e4ltlich Inbegriffen Eintrittskarte f\u00fcr [&hellip;]<\/p>\n","protected":false},"author":6,"featured_media":18487,"parent":0,"menu_order":0,"comment_status":"closed","ping_status":"closed","template":"","meta":{"footnotes":""},"categories":[143,128],"tags":[155,130],"class_list":["post-18486","page","type-page","status-publish","has-post-thumbnail","hentry","category-rom","category-verkaufsseite","tag-rom","tag-verkaufsseite","post-wrapper","thrv_wrapper"],"_links":{"self":[{"href":"https:\/\/italy-tourist-information.com\/de\/wp-json\/wp\/v2\/pages\/18486","targetHints":{"allow":["GET"]}}],"collection":[{"href":"https:\/\/italy-tourist-information.com\/de\/wp-json\/wp\/v2\/pages"}],"about":[{"href":"https:\/\/italy-tourist-information.com\/de\/wp-json\/wp\/v2\/types\/page"}],"author":[{"embeddable":true,"href":"https:\/\/italy-tourist-information.com\/de\/wp-json\/wp\/v2\/users\/6"}],"replies":[{"embeddable":true,"href":"https:\/\/italy-tourist-information.com\/de\/wp-json\/wp\/v2\/comments?post=18486"}],"version-history":[{"count":7,"href":"https:\/\/italy-tourist-information.com\/de\/wp-json\/wp\/v2\/pages\/18486\/revisions"}],"predecessor-version":[{"id":19836,"href":"https:\/\/italy-tourist-information.com\/de\/wp-json\/wp\/v2\/pages\/18486\/revisions\/19836"}],"wp:featuredmedia":[{"embeddable":true,"href":"https:\/\/italy-tourist-information.com\/de\/wp-json\/wp\/v2\/media\/18487"}],"wp:attachment":[{"href":"https:\/\/italy-tourist-information.com\/de\/wp-json\/wp\/v2\/media?parent=18486"}],"wp:term":[{"taxonomy":"category","embeddable":true,"href":"https:\/\/italy-tourist-information.com\/de\/wp-json\/wp\/v2\/categories?post=18486"},{"taxonomy":"post_tag","embeddable":true,"href":"https:\/\/italy-tourist-information.com\/de\/wp-json\/wp\/v2\/tags?post=18486"}],"curies":[{"name":"wp","href":"https:\/\/api.w.org\/{rel}","templated":true}]}}