{"id":18494,"date":"2024-09-25T13:35:42","date_gmt":"2024-09-25T13:35:42","guid":{"rendered":"https:\/\/italy-tourist-information.com\/tickets-for-the-doria-pamphilj-gallery"},"modified":"2026-04-15T14:42:53","modified_gmt":"2026-04-15T14:42:53","slug":"tickets-fuer-die-galerie-doria-pamphilj","status":"publish","type":"page","link":"https:\/\/italy-tourist-information.com\/de\/tickets-fuer-die-galerie-doria-pamphilj","title":{"rendered":"Tickets f\u00fcr die Galerie Doria Pamphilj"},"content":{"rendered":"<p><span><img decoding=\"async\" alt=\"\" data-id=\"7732\" width=\"1600\" height=\"1600\" title=\"Palazzo Doria Pamphilj \u2013 Eintrittskarte\" src=\"https:\/\/italy-tourist-information.com\/wp-content\/uploads\/2024\/09\/Palazzo-Doria-Pamphilj-Entry-Ticket--1024x1024.avif\" data-src=\"https:\/\/italy-tourist-information.com\/wp-content\/uploads\/2024\/09\/Palazzo-Doria-Pamphilj-Entry-Ticket--300x300.avif\" data-sizes=\"{&quot;thumbnail&quot;:{&quot;url&quot;:&quot;https:\/\/italy-tourist-information.com\/wp-content\/uploads\/2024\/09\/Palazzo-Doria-Pamphilj-Entry-Ticket--150x150.avif&quot;,&quot;height&quot;:150,&quot;width&quot;:150,&quot;orientation&quot;:&quot;landscape&quot;},&quot;medium&quot;:{&quot;url&quot;:&quot;https:\/\/italy-tourist-information.com\/wp-content\/uploads\/2024\/09\/Palazzo-Doria-Pamphilj-Entry-Ticket--300x300.avif&quot;,&quot;height&quot;:300,&quot;width&quot;:300,&quot;orientation&quot;:&quot;landscape&quot;},&quot;large&quot;:{&quot;url&quot;:&quot;https:\/\/italy-tourist-information.com\/wp-content\/uploads\/2024\/09\/Palazzo-Doria-Pamphilj-Entry-Ticket--1024x1024.avif&quot;,&quot;height&quot;:1024,&quot;width&quot;:1024,&quot;orientation&quot;:&quot;landscape&quot;},&quot;full&quot;:{&quot;url&quot;:&quot;https:\/\/italy-tourist-information.com\/wp-content\/uploads\/2024\/09\/Palazzo-Doria-Pamphilj-Entry-Ticket-.avif&quot;,&quot;height&quot;:1600,&quot;width&quot;:1600,&quot;orientation&quot;:&quot;landscape&quot;},&quot;1536x1536&quot;:{&quot;url&quot;:&quot;https:\/\/italy-tourist-information.com\/wp-content\/uploads\/2024\/09\/Palazzo-Doria-Pamphilj-Entry-Ticket--1536x1536.avif&quot;,&quot;height&quot;:1536,&quot;width&quot;:1536,&quot;orientation&quot;:&quot;landscape&quot;}}\" style=\"\" loading=\"lazy\"><\/span><span><img decoding=\"async\" alt=\"\" data-id=\"7731\" width=\"1600\" height=\"1600\" title=\"Palazzo Doria Pamphilj \u2013 Eintrittskarte 2\" src=\"https:\/\/italy-tourist-information.com\/wp-content\/uploads\/2024\/09\/Palazzo-Doria-Pamphilj-Entry-Ticket-2-1024x1024.avif\" data-src=\"https:\/\/italy-tourist-information.com\/wp-content\/uploads\/2024\/09\/Palazzo-Doria-Pamphilj-Entry-Ticket-2-300x300.avif\" data-sizes=\"{&quot;thumbnail&quot;:{&quot;url&quot;:&quot;https:\/\/italy-tourist-information.com\/wp-content\/uploads\/2024\/09\/Palazzo-Doria-Pamphilj-Entry-Ticket-2-150x150.avif&quot;,&quot;height&quot;:150,&quot;width&quot;:150,&quot;orientation&quot;:&quot;landscape&quot;},&quot;medium&quot;:{&quot;url&quot;:&quot;https:\/\/italy-tourist-information.com\/wp-content\/uploads\/2024\/09\/Palazzo-Doria-Pamphilj-Entry-Ticket-2-300x300.avif&quot;,&quot;height&quot;:300,&quot;width&quot;:300,&quot;orientation&quot;:&quot;landscape&quot;},&quot;large&quot;:{&quot;url&quot;:&quot;https:\/\/italy-tourist-information.com\/wp-content\/uploads\/2024\/09\/Palazzo-Doria-Pamphilj-Entry-Ticket-2-1024x1024.avif&quot;,&quot;height&quot;:1024,&quot;width&quot;:1024,&quot;orientation&quot;:&quot;landscape&quot;},&quot;full&quot;:{&quot;url&quot;:&quot;https:\/\/italy-tourist-information.com\/wp-content\/uploads\/2024\/09\/Palazzo-Doria-Pamphilj-Entry-Ticket-2.avif&quot;,&quot;height&quot;:1600,&quot;width&quot;:1600,&quot;orientation&quot;:&quot;landscape&quot;},&quot;1536x1536&quot;:{&quot;url&quot;:&quot;https:\/\/italy-tourist-information.com\/wp-content\/uploads\/2024\/09\/Palazzo-Doria-Pamphilj-Entry-Ticket-2-1536x1536.avif&quot;,&quot;height&quot;:1536,&quot;width&quot;:1536,&quot;orientation&quot;:&quot;landscape&quot;}}\" style=\"\" loading=\"lazy\"><\/span><span><img decoding=\"async\" alt=\"\" data-id=\"7730\" width=\"1600\" height=\"1600\" title=\"Palazzo Doria Pamphilj \u2013 Eintrittskarte 3\" src=\"https:\/\/italy-tourist-information.com\/wp-content\/uploads\/2024\/09\/Palazzo-Doria-Pamphilj-Entry-Ticket-3-1024x1024.avif\" data-src=\"https:\/\/italy-tourist-information.com\/wp-content\/uploads\/2024\/09\/Palazzo-Doria-Pamphilj-Entry-Ticket-3-300x300.avif\" data-sizes=\"{&quot;thumbnail&quot;:{&quot;url&quot;:&quot;https:\/\/italy-tourist-information.com\/wp-content\/uploads\/2024\/09\/Palazzo-Doria-Pamphilj-Entry-Ticket-3-150x150.avif&quot;,&quot;height&quot;:150,&quot;width&quot;:150,&quot;orientation&quot;:&quot;landscape&quot;},&quot;medium&quot;:{&quot;url&quot;:&quot;https:\/\/italy-tourist-information.com\/wp-content\/uploads\/2024\/09\/Palazzo-Doria-Pamphilj-Entry-Ticket-3-300x300.avif&quot;,&quot;height&quot;:300,&quot;width&quot;:300,&quot;orientation&quot;:&quot;landscape&quot;},&quot;large&quot;:{&quot;url&quot;:&quot;https:\/\/italy-tourist-information.com\/wp-content\/uploads\/2024\/09\/Palazzo-Doria-Pamphilj-Entry-Ticket-3-1024x1024.avif&quot;,&quot;height&quot;:1024,&quot;width&quot;:1024,&quot;orientation&quot;:&quot;landscape&quot;},&quot;full&quot;:{&quot;url&quot;:&quot;https:\/\/italy-tourist-information.com\/wp-content\/uploads\/2024\/09\/Palazzo-Doria-Pamphilj-Entry-Ticket-3.avif&quot;,&quot;height&quot;:1600,&quot;width&quot;:1600,&quot;orientation&quot;:&quot;landscape&quot;},&quot;1536x1536&quot;:{&quot;url&quot;:&quot;https:\/\/italy-tourist-information.com\/wp-content\/uploads\/2024\/09\/Palazzo-Doria-Pamphilj-Entry-Ticket-3-1536x1536.avif&quot;,&quot;height&quot;:1536,&quot;width&quot;:1536,&quot;orientation&quot;:&quot;landscape&quot;}}\" style=\"\" loading=\"lazy\"><\/span><span><img decoding=\"async\" alt=\"\" data-id=\"7729\" width=\"1600\" height=\"1600\" title=\"Palazzo Doria Pamphilj \u2013 Eintrittskarte 4\" src=\"https:\/\/italy-tourist-information.com\/wp-content\/uploads\/2024\/09\/Palazzo-Doria-Pamphilj-Entry-Ticket-4-1024x1024.avif\" data-src=\"https:\/\/italy-tourist-information.com\/wp-content\/uploads\/2024\/09\/Palazzo-Doria-Pamphilj-Entry-Ticket-4-300x300.avif\" data-sizes=\"{&quot;thumbnail&quot;:{&quot;url&quot;:&quot;https:\/\/italy-tourist-information.com\/wp-content\/uploads\/2024\/09\/Palazzo-Doria-Pamphilj-Entry-Ticket-4-150x150.avif&quot;,&quot;height&quot;:150,&quot;width&quot;:150,&quot;orientation&quot;:&quot;landscape&quot;},&quot;medium&quot;:{&quot;url&quot;:&quot;https:\/\/italy-tourist-information.com\/wp-content\/uploads\/2024\/09\/Palazzo-Doria-Pamphilj-Entry-Ticket-4-300x300.avif&quot;,&quot;height&quot;:300,&quot;width&quot;:300,&quot;orientation&quot;:&quot;landscape&quot;},&quot;large&quot;:{&quot;url&quot;:&quot;https:\/\/italy-tourist-information.com\/wp-content\/uploads\/2024\/09\/Palazzo-Doria-Pamphilj-Entry-Ticket-4-1024x1024.avif&quot;,&quot;height&quot;:1024,&quot;width&quot;:1024,&quot;orientation&quot;:&quot;landscape&quot;},&quot;full&quot;:{&quot;url&quot;:&quot;https:\/\/italy-tourist-information.com\/wp-content\/uploads\/2024\/09\/Palazzo-Doria-Pamphilj-Entry-Ticket-4.avif&quot;,&quot;height&quot;:1600,&quot;width&quot;:1600,&quot;orientation&quot;:&quot;landscape&quot;},&quot;1536x1536&quot;:{&quot;url&quot;:&quot;https:\/\/italy-tourist-information.com\/wp-content\/uploads\/2024\/09\/Palazzo-Doria-Pamphilj-Entry-Ticket-4-1536x1536.avif&quot;,&quot;height&quot;:1536,&quot;width&quot;:1536,&quot;orientation&quot;:&quot;landscape&quot;}}\" style=\"\" loading=\"lazy\"><\/span><\/p>\n<h1 data-qa-marker=\"product-name\">Palazzo Doria Pamphilj: Eintritt ohne Anstehen<\/h1>\n<h2><a href=\"https:\/\/www.tiqets.com\/de\/rom-sehenswuerdigkeiten-c71631\/tickets-fur-palazzo-doria-pamphilj-eintritt-ohne-anstehen-p978571\/?partner=italytouristinformation&amp;tq_campaign=DeGalleriaDoriaPamphiljSP\" target=\"_blank\" rel=\"nofollow noopener\" style=\"outline: none;\" spellcheck=\"false\">Zur Buchung<\/a><\/h2>\n<p style=\"\"><a href=\"https:\/\/www.tiqets.com\/de\/rom-sehenswuerdigkeiten-c71631\/tickets-fur-palazzo-doria-pamphilj-eintritt-ohne-anstehen-p978571\/?partner=italytouristinformation&amp;tq_campaign=DeGalleriaDoriaPamphiljSP\" target=\"_blank\" rel=\"nofollow noopener\" style=\"outline: none;\">Preis ab<\/a><\/p>\n<h1><a href=\"https:\/\/www.tiqets.com\/de\/rom-sehenswuerdigkeiten-c71631\/tickets-fur-palazzo-doria-pamphilj-eintritt-ohne-anstehen-p978571\/?partner=italytouristinformation&amp;tq_campaign=DeGalleriaDoriaPamphiljSP\" target=\"_blank\" rel=\"nofollow noopener\" style=\"outline: none;\" spellcheck=\"false\"><strong>29,00 \u20ac<\/strong><\/a><\/h1>\n<p dir=\"ltr\">Tauchen Sie in der Galleria Doria Pamphilj in einer der erlesensten Kunstsammlungen Roms ein. Dank reserviertem Eintritt k\u00f6nnen Sie in einem historischen, aristokratischen Ambiente die opulente Sch\u00f6nheit von Meisterwerken Raffaels, Caravaggios und anderen K\u00fcnstlern erleben.<\/p>\n<ul>\n<li style=\"\"><span>Handverlesenes Ticket&nbsp;<\/span><\/li>\n<li style=\"\"><span>Audioguide&nbsp;<\/span><\/li>\n<li style=\"\"><span>Sofortige Best\u00e4tigung<\/span><\/li>\n<li style=\"\"><span>Kostenlose Stornierung<\/span><\/li>\n<\/ul>\n<h2>Inbegriffen<\/h2>\n<ul>\n<li style=\"\">                    <span>Ticket ohne Anstehen f\u00fcr die Doria Pamphilj Galerie<\/span><\/li>\n<li style=\"\">                    <span>Herunterladbare Audio-Reisef\u00fchrer-App f\u00fcr Rom<\/span><\/li>\n<\/ul>\n<h2>Nicht inbegriffen<\/h2>\n<ul>\n<li style=\"\"><span>Gef\u00fchrte Tour durch die Galerie<\/span><\/li>\n<li style=\"\"><span>Audioguide f\u00fcr die Doria-Pamphilj-Galerie<\/span><\/li>\n<li style=\"\"><span>Zugang zu Privatzimmern<\/span><\/li>\n<\/ul>\n<h2>Wichtige Informationen<\/h2>\n<ul>\n<li style=\"\"><span>Bitte kommen Sie p\u00fcnktlich zu Ihrem gew\u00e4hlten Zeitfenster, da versp\u00e4tete Ank\u00fcnfte nicht ber\u00fccksichtigt werden k\u00f6nnen.<\/span><\/li>\n<li style=\"\"><span>Besuchern wird empfohlen, mindestens 15 Minuten vor ihrer geplanten Einlasszeit einzutreffen.<br \/><\/span><\/li>\n<li><span><span data-sheets-root=\"1\">Der Audioguide f\u00fcr Rom ist \u00fcber die Rom-City-App verf\u00fcgbar, die Sie auf Ihrem Smartphone herunterladen k\u00f6nnen.<\/span><\/span><\/li>\n<li><span>Fotografieren ist erlaubt, Blitzlicht und Stative sind jedoch verboten.<\/span><\/li>\n<li><span>Gro\u00dfe Taschen und Rucks\u00e4cke m\u00fcssen in der kostenlosen Gep\u00e4ckaufbewahrung abgegeben werden.<\/span><\/li>\n<\/ul>\n<h2>Beschreibung:<\/h2>\n<p dir=\"ltr\">Tauchen Sie ein in die Welt des italienischen Adels in der atemberaubenden Galleria Doria Pamphilj, die einst nur wohlhabenden Aristokraten vorbehalten war. Bestaunen Sie die luxuri\u00f6sen Innenr\u00e4ume, die mit der bedeutendsten Kunstsammlung der Stadt geschm\u00fcckt sind. Bewundern Sie&nbsp;<strong>Werke von Meistern wie Raffael, Tizian und Caravaggio.<\/strong>&nbsp;<\/p>\n<p dir=\"ltr\">Mit einem <strong>Ticket ohne Anstehen<\/strong> k\u00f6nnen Sie dieses versteckte Juwel, das sich hinter einer schlichten Fassade im Herzen Roms verbirgt, in aller Ruhe erkunden. Nutzen Sie den <strong>kostenlosen Audioguide f\u00fcr Rom,&nbsp;<\/strong>um noch tiefer in die Sch\u00e4tze der Ewigen Stadt einzutauchen.<\/p>\n<h2>Highlights:<\/h2>\n<ul>\n<li dir=\"ltr\">Bewundern Sie eine umfangreiche Sammlung barocker und Renaissancekunst mit Werken von Meistern wie Vel\u00e1zquez und Tintoretto.<\/li>\n<li dir=\"ltr\">Schlendern Sie durch prachtvolle, vergoldete R\u00e4ume, die mit raumhohen Meisterwerken geschm\u00fcckt sind.<\/li>\n<li dir=\"ltr\">Genie\u00dfen Sie ungest\u00f6rten Zugang mit einem reservierten Eingang und vermeiden Sie die \u00fcblichen Menschenmassen.<\/li>\n<li dir=\"ltr\">Tauchen Sie mit einem informativen Audioguide tief in die Geschichte Roms ein.<\/li>\n<li dir=\"ltr\">Profitieren Sie von den kostenlosen Serviceleistungen wie WLAN und Gep\u00e4ckaufbewahrung im nahegelegenen Touristation-B\u00fcro.<\/li>\n<\/ul>\n<h2>&nbsp;Galleria Doria Pamphilj<\/h2>\n<p>Via del Corso, 305, 00186 Roma RM, Italien<\/p>\n<h2>Stornierungsbedingungen<\/h2>\n<p>Diese Tickets k\u00f6nnen bis 24 Stunden vor Ihrem Besuch kostenlos storniert werden und Sie erhalten eine vollst\u00e4ndige R\u00fcckerstattung.<\/p>\n<h2>Treffpunkt &amp; Anweisungen<\/h2>\n<p>Zeigen Sie Ihr Smartphone-Ticket am Ticketschalter der Doria Pamphilj Gallery vor.<\/p>\n<p><a href=\"https:\/\/www.google.com\/maps\/place\/Galleria+Doria+Pamphilj\/@41.8979782,12.4789993,17z\/data=!3m1!5s0x132f604d75c4a7f9:0x92347bb544c072b!4m15!1m8!3m7!1s0x132f604d7b1b4a17:0xc690f450b64792d0!2sGalleria+Doria+Pamphilj!8m2!3d41.8979782!4d12.4815742!10e8!16zL20vMDVzOG5y!3m5!1s0x132f604d7b1b4a17:0xc690f450b64792d0!8m2!3d41.8979782!4d12.4815742!16zL20vMDVzOG5y?entry=ttu&amp;g_ep=EgoyMDI0MDkyMi4wIKXMDSoASAFQAw%3D%3D\" target=\"_blank\" rel=\"nofollow noopener\" data-lt-tmp-id=\"lt-735461\" spellcheck=\"false\" style=\"outline: none;\">In Karten \u00f6ffnen<\/a><\/p>\n<h2>Bewertungen<\/h2>\n<p><strong>4,5\/5 (471 Bewertungen)<\/strong><\/p>\n<p dir=\"ltr\"><em>\u201eIch hatte eine tolle Erfahrung mit der Tiqets-App! Alles hat reibungslos funktioniert und ich konnte alle Museen und Galerien problemlos besuchen. Der Besuch war schnell, einfach und sehr bequem. Absolut empfehlenswert f\u00fcr alle, die unkompliziert auf Entdeckungstour gehen m\u00f6chten!\u201c<\/em> \u2013 Cagatay, April 2025<em>&nbsp;<\/em><\/p>\n<p><em>\u201eWundersch\u00f6ner Palazzo. Sch\u00f6n ruhig!\u201c&nbsp;<\/em> Jos\u00e9 <em>,<\/em> Oktober 2024 <a href=\"https:\/\/www.tiqets.com\/de\/rom-sehenswuerdigkeiten-c71631\/tickets-fur-palazzo-doria-pamphilj-eintritt-ohne-anstehen-p978571\/?partner=italytouristinformation&amp;tq_campaign=DeGalleriaDoriaPamphiljSP\" target=\"_blank\" rel=\"nofollow noopener\" spellcheck=\"false\" style=\"outline: none;\">&gt;&gt; Weitere Bewertungen \u2026<\/a><\/p>\n<p><span># <\/span><strong><span>2<\/span><\/strong><span># <\/span><strong><span>2<\/span><\/strong><\/p>\n<p><\/p>\n<h2><a href=\"https:\/\/www.tiqets.com\/de\/rom-sehenswuerdigkeiten-c71631\/tickets-fur-palazzo-doria-pamphilj-eintritt-ohne-anstehen-p978571\/?partner=italytouristinformation&amp;tq_campaign=DeGalleriaDoriaPamphiljSP\" target=\"_blank\" rel=\"nofollow noopener\" style=\"outline: none;\">Zur Buchung<\/a><\/h2>\n<p style=\"\"><a href=\"https:\/\/www.tiqets.com\/de\/rom-sehenswuerdigkeiten-c71631\/tickets-fur-palazzo-doria-pamphilj-eintritt-ohne-anstehen-p978571\/?partner=italytouristinformation&amp;tq_campaign=DeGalleriaDoriaPamphiljSP\" target=\"_blank\" rel=\"nofollow noopener\" style=\"outline: none;\">Preis ab<\/a><\/p>\n<h1><a href=\"https:\/\/www.tiqets.com\/de\/rom-sehenswuerdigkeiten-c71631\/tickets-fur-palazzo-doria-pamphilj-eintritt-ohne-anstehen-p978571\/?partner=italytouristinformation&amp;tq_campaign=DeGalleriaDoriaPamphiljSP\" target=\"_blank\" rel=\"nofollow noopener\" style=\"outline: none;\"><strong>29,00 \u20ac<\/strong><\/a><\/h1>\n<p style=\"\">Ihr Konto wird noch nicht belastet.<\/p>\n","protected":false},"excerpt":{"rendered":"<p>Palazzo Doria Pamphilj: Eintritt ohne Anstehen Zur Buchung Preis ab 29,00 \u20ac Tauchen Sie in der Galleria Doria Pamphilj in einer der erlesensten Kunstsammlungen Roms ein. Dank reserviertem Eintritt k\u00f6nnen Sie in einem historischen, aristokratischen Ambiente die opulente Sch\u00f6nheit von Meisterwerken Raffaels, Caravaggios und anderen K\u00fcnstlern erleben. Handverlesenes Ticket&nbsp; Audioguide&nbsp; Sofortige Best\u00e4tigung Kostenlose Stornierung Inbegriffen [&hellip;]<\/p>\n","protected":false},"author":6,"featured_media":18495,"parent":0,"menu_order":0,"comment_status":"closed","ping_status":"closed","template":"","meta":{"footnotes":""},"categories":[143,128],"tags":[155,130],"class_list":["post-18494","page","type-page","status-publish","has-post-thumbnail","hentry","category-rom","category-verkaufsseite","tag-rom","tag-verkaufsseite","post-wrapper","thrv_wrapper"],"_links":{"self":[{"href":"https:\/\/italy-tourist-information.com\/de\/wp-json\/wp\/v2\/pages\/18494","targetHints":{"allow":["GET"]}}],"collection":[{"href":"https:\/\/italy-tourist-information.com\/de\/wp-json\/wp\/v2\/pages"}],"about":[{"href":"https:\/\/italy-tourist-information.com\/de\/wp-json\/wp\/v2\/types\/page"}],"author":[{"embeddable":true,"href":"https:\/\/italy-tourist-information.com\/de\/wp-json\/wp\/v2\/users\/6"}],"replies":[{"embeddable":true,"href":"https:\/\/italy-tourist-information.com\/de\/wp-json\/wp\/v2\/comments?post=18494"}],"version-history":[{"count":6,"href":"https:\/\/italy-tourist-information.com\/de\/wp-json\/wp\/v2\/pages\/18494\/revisions"}],"predecessor-version":[{"id":19436,"href":"https:\/\/italy-tourist-information.com\/de\/wp-json\/wp\/v2\/pages\/18494\/revisions\/19436"}],"wp:featuredmedia":[{"embeddable":true,"href":"https:\/\/italy-tourist-information.com\/de\/wp-json\/wp\/v2\/media\/18495"}],"wp:attachment":[{"href":"https:\/\/italy-tourist-information.com\/de\/wp-json\/wp\/v2\/media?parent=18494"}],"wp:term":[{"taxonomy":"category","embeddable":true,"href":"https:\/\/italy-tourist-information.com\/de\/wp-json\/wp\/v2\/categories?post=18494"},{"taxonomy":"post_tag","embeddable":true,"href":"https:\/\/italy-tourist-information.com\/de\/wp-json\/wp\/v2\/tags?post=18494"}],"curies":[{"name":"wp","href":"https:\/\/api.w.org\/{rel}","templated":true}]}}