{"id":18501,"date":"2024-09-17T13:37:17","date_gmt":"2024-09-17T13:37:17","guid":{"rendered":"https:\/\/italy-tourist-information.com\/tickets-for-the-duomo-di-milano-and-museum"},"modified":"2026-04-22T10:23:38","modified_gmt":"2026-04-22T10:23:38","slug":"mailaender-dom-tickets","status":"publish","type":"page","link":"https:\/\/italy-tourist-information.com\/de\/mailaender-dom-tickets","title":{"rendered":"Mail\u00e4nder Dom Tickets und Eintritt ins Museum"},"content":{"rendered":"<p><span><img decoding=\"async\" alt=\"\" data-id=\"6769\" width=\"1600\" height=\"1600\" title=\"Eintrittskarte f\u00fcr den Mail\u00e4nder Dom und das Museum\" src=\"https:\/\/italy-tourist-information.com\/wp-content\/uploads\/2024\/09\/Duomo-di-Milano-Museum-Entry-Ticket--1024x1024.avif\" data-src=\"https:\/\/italy-tourist-information.com\/wp-content\/uploads\/2024\/09\/Duomo-di-Milano-Museum-Entry-Ticket--300x300.avif\" data-sizes=\"{&quot;thumbnail&quot;:{&quot;url&quot;:&quot;https:\/\/italy-tourist-information.com\/wp-content\/uploads\/2024\/09\/Duomo-di-Milano-Museum-Entry-Ticket--150x150.avif&quot;,&quot;height&quot;:150,&quot;width&quot;:150,&quot;orientation&quot;:&quot;landscape&quot;},&quot;medium&quot;:{&quot;url&quot;:&quot;https:\/\/italy-tourist-information.com\/wp-content\/uploads\/2024\/09\/Duomo-di-Milano-Museum-Entry-Ticket--300x300.avif&quot;,&quot;height&quot;:300,&quot;width&quot;:300,&quot;orientation&quot;:&quot;landscape&quot;},&quot;large&quot;:{&quot;url&quot;:&quot;https:\/\/italy-tourist-information.com\/wp-content\/uploads\/2024\/09\/Duomo-di-Milano-Museum-Entry-Ticket--1024x1024.avif&quot;,&quot;height&quot;:1024,&quot;width&quot;:1024,&quot;orientation&quot;:&quot;landscape&quot;},&quot;full&quot;:{&quot;url&quot;:&quot;https:\/\/italy-tourist-information.com\/wp-content\/uploads\/2024\/09\/Duomo-di-Milano-Museum-Entry-Ticket-.avif&quot;,&quot;height&quot;:1600,&quot;width&quot;:1600,&quot;orientation&quot;:&quot;landscape&quot;},&quot;1536x1536&quot;:{&quot;url&quot;:&quot;https:\/\/italy-tourist-information.com\/wp-content\/uploads\/2024\/09\/Duomo-di-Milano-Museum-Entry-Ticket--1536x1536.avif&quot;,&quot;height&quot;:1536,&quot;width&quot;:1536,&quot;orientation&quot;:&quot;landscape&quot;}}\" loading=\"lazy\"><\/span><span><img decoding=\"async\" alt=\"\" data-id=\"6768\" width=\"1600\" height=\"1600\" title=\"Duomo di Milano &amp; Museum \u2013 Eintrittskarte 2\" src=\"https:\/\/italy-tourist-information.com\/wp-content\/uploads\/2024\/09\/Duomo-di-Milano-Museum-Entry-Ticket-2-1024x1024.avif\" data-src=\"https:\/\/italy-tourist-information.com\/wp-content\/uploads\/2024\/09\/Duomo-di-Milano-Museum-Entry-Ticket-2-300x300.avif\" data-sizes=\"{&quot;thumbnail&quot;:{&quot;url&quot;:&quot;https:\/\/italy-tourist-information.com\/wp-content\/uploads\/2024\/09\/Duomo-di-Milano-Museum-Entry-Ticket-2-150x150.avif&quot;,&quot;height&quot;:150,&quot;width&quot;:150,&quot;orientation&quot;:&quot;landscape&quot;},&quot;medium&quot;:{&quot;url&quot;:&quot;https:\/\/italy-tourist-information.com\/wp-content\/uploads\/2024\/09\/Duomo-di-Milano-Museum-Entry-Ticket-2-300x300.avif&quot;,&quot;height&quot;:300,&quot;width&quot;:300,&quot;orientation&quot;:&quot;landscape&quot;},&quot;large&quot;:{&quot;url&quot;:&quot;https:\/\/italy-tourist-information.com\/wp-content\/uploads\/2024\/09\/Duomo-di-Milano-Museum-Entry-Ticket-2-1024x1024.avif&quot;,&quot;height&quot;:1024,&quot;width&quot;:1024,&quot;orientation&quot;:&quot;landscape&quot;},&quot;full&quot;:{&quot;url&quot;:&quot;https:\/\/italy-tourist-information.com\/wp-content\/uploads\/2024\/09\/Duomo-di-Milano-Museum-Entry-Ticket-2.avif&quot;,&quot;height&quot;:1600,&quot;width&quot;:1600,&quot;orientation&quot;:&quot;landscape&quot;},&quot;1536x1536&quot;:{&quot;url&quot;:&quot;https:\/\/italy-tourist-information.com\/wp-content\/uploads\/2024\/09\/Duomo-di-Milano-Museum-Entry-Ticket-2-1536x1536.avif&quot;,&quot;height&quot;:1536,&quot;width&quot;:1536,&quot;orientation&quot;:&quot;landscape&quot;}}\" loading=\"lazy\"><\/span><span><img decoding=\"async\" alt=\"\" data-id=\"6767\" width=\"1600\" height=\"1600\" title=\"Duomo di Milano &amp; Museum \u2013 Eintrittskarte 3\" src=\"https:\/\/italy-tourist-information.com\/wp-content\/uploads\/2024\/09\/Duomo-di-Milano-Museum-Entry-Ticket-3-1024x1024.avif\" data-src=\"https:\/\/italy-tourist-information.com\/wp-content\/uploads\/2024\/09\/Duomo-di-Milano-Museum-Entry-Ticket-3-300x300.avif\" data-sizes=\"{&quot;thumbnail&quot;:{&quot;url&quot;:&quot;https:\/\/italy-tourist-information.com\/wp-content\/uploads\/2024\/09\/Duomo-di-Milano-Museum-Entry-Ticket-3-150x150.avif&quot;,&quot;height&quot;:150,&quot;width&quot;:150,&quot;orientation&quot;:&quot;landscape&quot;},&quot;medium&quot;:{&quot;url&quot;:&quot;https:\/\/italy-tourist-information.com\/wp-content\/uploads\/2024\/09\/Duomo-di-Milano-Museum-Entry-Ticket-3-300x300.avif&quot;,&quot;height&quot;:300,&quot;width&quot;:300,&quot;orientation&quot;:&quot;landscape&quot;},&quot;large&quot;:{&quot;url&quot;:&quot;https:\/\/italy-tourist-information.com\/wp-content\/uploads\/2024\/09\/Duomo-di-Milano-Museum-Entry-Ticket-3-1024x1024.avif&quot;,&quot;height&quot;:1024,&quot;width&quot;:1024,&quot;orientation&quot;:&quot;landscape&quot;},&quot;full&quot;:{&quot;url&quot;:&quot;https:\/\/italy-tourist-information.com\/wp-content\/uploads\/2024\/09\/Duomo-di-Milano-Museum-Entry-Ticket-3.avif&quot;,&quot;height&quot;:1600,&quot;width&quot;:1600,&quot;orientation&quot;:&quot;landscape&quot;},&quot;1536x1536&quot;:{&quot;url&quot;:&quot;https:\/\/italy-tourist-information.com\/wp-content\/uploads\/2024\/09\/Duomo-di-Milano-Museum-Entry-Ticket-3-1536x1536.avif&quot;,&quot;height&quot;:1536,&quot;width&quot;:1536,&quot;orientation&quot;:&quot;landscape&quot;}}\" loading=\"lazy\"><\/span><\/p>\n<h1>Mail\u00e4nder Dom: Eintrittskarte<\/h1>\n<h2><a href=\"https:\/\/www.tiqets.com\/de\/mailand-sehenswuerdigkeiten-c71749\/tickets-fur-mailander-dom-eintrittskarte-p1023884\/?partner=italytouristinformation&amp;tq_campaign=ITIDeMilanCathedralSP\" target=\"_blank\" rel=\"nofollow noopener\" style=\"outline: none;\">Zur Buchung<\/a><\/h2>\n<h1><a href=\"https:\/\/www.tiqets.com\/de\/mailand-sehenswuerdigkeiten-c71749\/tickets-fur-mailander-dom-eintrittskarte-p1023884\/?partner=italytouristinformation&amp;tq_campaign=ITIDeMilanCathedralSP\" target=\"_blank\" rel=\"nofollow noopener\" style=\"outline: none;\" spellcheck=\"false\"><strong>Ab 11,50<\/strong> \u20ac<strong><\/strong><\/a><\/h1>\n<p dir=\"ltr\">Betreten Sie Mailands ber\u00fchmtestes Wahrzeichen, den Mail\u00e4nder Dom, und entdecken Sie seine gotischen Wunder. Mit diesem Ticket erhalten Sie Zugang zum beeindruckenden Inneren der Kathedrale sowie zum Dommuseum.<\/p>\n<ul>\n<li style=\"\"><span>Handverlesenes Ticket&nbsp;<\/span><\/li>\n<li style=\"\"><span>Mobiles Ticket<\/span><\/li>\n<li style=\"\"><span>Kostenlose Stornierung<\/span><\/li>\n<\/ul>\n<h2>Inbegriffen<\/h2>\n<ul>\n<li style=\"\">                    <span>Eingang zum Mail\u00e4nder Dom<\/span><\/li>\n<li style=\"\">                    <span>Zugang zum Dommuseum<\/span><\/li>\n<li style=\"\">                    <span>Eingang zur Kirche San Gottardo<\/span><\/li>\n<\/ul>\n<h2>Nicht inbegriffen<\/h2>\n<ul>\n<li style=\"\"><span>Zugang zu den Terrassen des Mail\u00e4nder Doms<\/span><\/li>\n<li style=\"\"><span>Eingang zum Arch\u00e4ologischen Park<\/span><\/li>\n<li style=\"\"><span>Audioguide<\/span><\/li>\n<\/ul>\n<h2>Wichtige Informationen<\/h2>\n<ul>\n<li style=\"\"><span>Schultern und Knie m\u00fcssen beim Betreten des Geb\u00e4udes bedeckt sein.<\/span><\/li>\n<li style=\"\"><span>Besucher m\u00fcssen eine Sicherheitskontrolle wie am Flughafen durchlaufen.<\/span><\/li>\n<li style=\"\"><span>Das Museum und die Kirche San Gottardo sind mittwochs geschlossen.<\/span><\/li>\n<li style=\"\"><span>Gegenst\u00e4nde wie Kinderwagen, Regenschirme, gro\u00dfe Taschen und Gep\u00e4ckst\u00fccke sind im Inneren nicht erlaubt.<\/span><\/li>\n<li style=\"\"><span>Bringen Sie einen g\u00fcltigen Ausweis mit.<\/span><\/li>\n<li style=\"\"><span>Die Tickets berechtigen zum einmaligen Eintritt in jeden Bereich.<\/span><\/li>\n<li style=\"\"><span>Letzter Einlass ist eine Stunde vor Schlie\u00dfung.<\/span><\/li>\n<\/ul>\n<h2>Beschreibung:<\/h2>\n<p dir=\"ltr\">Erleben Sie die Praxis des <strong>gr\u00f6\u00dften gotischen Doms Europas<\/strong> mit diesem Ticket f\u00fcr den Mail\u00e4nder Dom. Bestaunen Sie die filigranen Details der <strong>Architektur des Mail\u00e4nder Doms,<\/strong> von seinen imposanten Schiffen bis hin zu seinen kunstvollen Glasfenstern.<\/p>\n<h2>Highlights:<\/h2>\n<ul>\n<li dir=\"ltr\">Tauchen Sie ein in die reiche Geschichte des Mail\u00e4nder Doms, einem wahren gotischen Meisterwerk.<\/li>\n<li dir=\"ltr\">Bewundern Sie die atemberaubenden Buntglasfenster, die historischen Sarkophage und die kunstvollen Alt\u00e4re.<\/li>\n<li dir=\"ltr\">Im Dommuseum erhalten Sie faszinierende Einblicke in die Entstehung der Kathedrale.<\/li>\n<li dir=\"ltr\">Lernen Sie den Heiligen Nagel kennen, der als Reliquie von der Kreuzigung Jesu Christi gilt.<\/li>\n<li dir=\"ltr\"><span data-sheets-root=\"1\">Erkunden Sie die Kirche San Gottardo, die im 14. Jahrhundert vom Herrn von Mailand erbaut wurde.<\/span><\/li>\n<\/ul>\n<h2>Mail\u00e4nder Dom<\/h2>\n<p dir=\"ltr\">Duomo di Milano, P.za del Duomo, 20122 Milano MI, Italien<\/p>\n<h2>Stornierungsbedingungen<\/h2>\n<p>Eine Stornierung ist bis zum Zeitpunkt Ihres gew\u00e4hlten Zeitfensters m\u00f6glich.<\/p>\n<h2>Treffpunkt &amp; Anweisungen<\/h2>\n<p data-pm-slice=\"1 1 []\">Gehen Sie direkt zum Eingang und zeigen Sie Ihren mobilen Voucher vor.<\/p>\n<p><a href=\"https:\/\/www.google.com\/maps\/place\/Mail%C3%A4nder+Dom\/@45.4640976,9.1919265,17z\/data=!4m14!1m7!3m6!1s0x4786c6aec34636a1:0xab7f4e27101a2e13!2sMail%C3%A4nder+Dom!8m2!3d45.4640976!4d9.1919265!16zL20vMDFnZ3M4!3m5!1s0x4786c6aec34636a1:0xab7f4e27101a2e13!8m2!3d45.4640976!4d9.1919265!16zL20vMDFnZ3M4?entry=ttu&amp;g_ep=EgoyMDI0MDkxNS4wIKXMDSoASAFQAw%3D%3D\" data-lt-tmp-id=\"lt-709961\" spellcheck=\"false\" target=\"_blank\" rel=\"nofollow noopener\" style=\"outline: none;\">In Karten \u00f6ffnen<\/a><\/p>\n<h2>Bewertungen<\/h2>\n<p><strong>4,4\/5&nbsp; <\/strong><strong>(2535 Bewertungen)<\/strong><\/p>\n<p dir=\"ltr\">\u201eSehr effizient, die Tickets sind den ganzen Tag \u00fcber g\u00fcltig.\u201c Molly, Januar 2025 <a href=\"https:\/\/www.tiqets.com\/de\/mailand-sehenswuerdigkeiten-c71749\/tickets-fur-mailander-dom-eintrittskarte-p1023884\/?partner=italytouristinformation&amp;tq_campaign=ITIDeMilanCathedralSP\" target=\"_blank\" rel=\"nofollow noopener\" data-lt-tmp-id=\"lt-954632\" spellcheck=\"false\" style=\"outline: none;\">&gt;&gt; Weitere Bewertungen ansehen \u2026<\/a><\/p>\n<p><span># <\/span><strong><span>2<\/span><\/strong><\/p>\n<h2>Einige Aktivit\u00e4ten, die Ihnen gefallen k\u00f6nnten<\/h2>\n<p><span># <\/span><strong><span>2<\/span><\/strong><span><img decoding=\"async\" alt=\"\" data-id=\"11560\" width=\"159\" data-init-width=\"1600\" height=\"99\" data-init-height=\"1000\" title=\"Tickets f\u00fcr den Mail\u00e4nder Dom, das Museum und die Terrassen\" loading=\"lazy\" src=\"https:\/\/italy-tourist-information.com\/wp-content\/uploads\/2025\/08\/Milan-Cathedral-Museum-Terraces-Tickets-ota.avif\" data-width=\"159\" data-height=\"99\" style=\"aspect-ratio: auto 1600 \/ 1000;\"><\/span><\/p>\n<table>\n<tbody>\n<tr>\n<td>\n<table>\n<tbody>\n<tr>\n<td><strong><a href=\"https:\/\/www.headout.com\/duomo-milan-tickets\/duomo-milan-cathedral-museum-and-rooftop-access-tickets-e-11290\/?affiliate_code=KXkQ69&amp;utm_campaign=itidemilancathedralsp2&amp;utm_content=link&amp;utm_medium=affiliate&amp;utm_source=most_amazing_places\" rel=\"nofollow noopener\" spellcheck=\"false\" target=\"_blank\" style=\"outline: none;\">Tickets f\u00fcr Mail\u00e4nder Dom, Museum &amp; Terrassen<\/a><\/strong><\/td>\n<\/tr>\n<\/tbody>\n<\/table>\n<p><strong><\/strong><\/td>\n<\/tr>\n<\/tbody>\n<\/table>\n<p>Entdecken Sie die ganze Praxis des Mail\u00e4nder Doms und seine Geschichte mit einem einzigen Ticket, das Ihnen <strong>Zugang zum pr\u00e4chtigen Dom,<\/strong> seinem faszinierenden <strong>Museum<\/strong> und den atemberaubenden <strong>Dachterrassen gew\u00e4hrt.<\/strong><\/p>\n<h3 style=\"\">Gesamtpreis<\/h3>\n<h3 style=\"\">Ihr Konto wird noch nicht belastet&nbsp;<\/h3>\n<p><span># <\/span><strong><span>2<\/span><\/strong><\/p>\n<p><\/p>\n<p><span><img decoding=\"async\" alt=\"\" data-id=\"11561\" width=\"159\" data-init-width=\"1600\" height=\"99\" data-init-height=\"1000\" title=\"Mail\u00e4nder Dom und Terrassen \u2013 Gef\u00fchrte Tour ohne Anstehen\" loading=\"lazy\" src=\"https:\/\/italy-tourist-information.com\/wp-content\/uploads\/2025\/08\/Milan-Cathedral-and-Terraces-Skip-the-Line-Guided-Tour-ota.avif\" data-width=\"159\" data-height=\"99\" style=\"aspect-ratio: auto 1600 \/ 1000;\"><\/span><\/p>\n<table>\n<tbody>\n<tr>\n<td>\n<table>\n<tbody>\n<tr>\n<td><strong><a href=\"https:\/\/www.headout.com\/duomo-milan-tickets\/fast-track-duomo-milan-cathedral-and-terraces-guided-tour-e-11291\/?affiliate_code=KXkQ69&amp;utm_campaign=itidemilancathedralsp3&amp;utm_content=link&amp;utm_medium=affiliate&amp;utm_source=most_amazing_places\" rel=\"nofollow noopener\" spellcheck=\"false\" target=\"_blank\" style=\"outline: none;\">Mail\u00e4nder Dom und Terrassen \u2013 Gef\u00fchrte Tour ohne Anstehen<\/a><\/strong><\/td>\n<\/tr>\n<\/tbody>\n<\/table>\n<p><strong><\/strong><\/td>\n<\/tr>\n<\/tbody>\n<\/table>\n<p>Entdecken Sie die Geschichte und Sch\u00f6nheit des Mail\u00e4nder Doms bei einer <strong>gef\u00fchrten Tour ohne Anstehen<\/strong>, die Sie durch die pr\u00e4chtige Kathedrale und hinauf zu ihren atemberaubenden Dachterrassen f\u00fchrt.<\/p>\n<h3 style=\"\">Gesamtpreis<\/h3>\n<h3 style=\"\">Ihr Konto wird noch nicht belastet&nbsp;<\/h3>\n<p><span># <\/span><strong><span>2<\/span><\/strong><\/p>\n<p><\/p>\n<h2><a href=\"https:\/\/www.tiqets.com\/de\/mailand-sehenswuerdigkeiten-c71749\/tickets-fur-mailander-dom-eintrittskarte-p1023884\/?partner=italytouristinformation&amp;tq_campaign=ITIDeMilanCathedralSP\" target=\"_blank\" rel=\"nofollow noopener\" style=\"outline: none;\" spellcheck=\"false\">Zur Buchung<\/a><\/h2>\n<h1><a href=\"https:\/\/www.tiqets.com\/de\/mailand-sehenswuerdigkeiten-c71749\/tickets-fur-mailander-dom-eintrittskarte-p1023884\/?partner=italytouristinformation&amp;tq_campaign=ITIDeMilanCathedralSP\" target=\"_blank\" rel=\"nofollow noopener\" style=\"outline: none;\" spellcheck=\"false\">Ab <strong>11,50 \u20ac<\/strong><\/a><\/h1>\n<p style=\"\">Ihr Konto wird noch nicht belastet&nbsp;<\/p>\n","protected":false},"excerpt":{"rendered":"<p>Mail\u00e4nder Dom: Eintrittskarte Zur Buchung Ab 11,50 \u20ac Betreten Sie Mailands ber\u00fchmtestes Wahrzeichen, den Mail\u00e4nder Dom, und entdecken Sie seine gotischen Wunder. Mit diesem Ticket erhalten Sie Zugang zum beeindruckenden Inneren der Kathedrale sowie zum Dommuseum. Handverlesenes Ticket&nbsp; Mobiles Ticket Kostenlose Stornierung Inbegriffen Eingang zum Mail\u00e4nder Dom Zugang zum Dommuseum Eingang zur Kirche San Gottardo [&hellip;]<\/p>\n","protected":false},"author":6,"featured_media":18502,"parent":0,"menu_order":0,"comment_status":"closed","ping_status":"closed","template":"","meta":{"footnotes":""},"categories":[133,128],"tags":[135,130],"class_list":["post-18501","page","type-page","status-publish","has-post-thumbnail","hentry","category-mailand","category-verkaufsseite","tag-milan","tag-verkaufsseite","post-wrapper","thrv_wrapper"],"_links":{"self":[{"href":"https:\/\/italy-tourist-information.com\/de\/wp-json\/wp\/v2\/pages\/18501","targetHints":{"allow":["GET"]}}],"collection":[{"href":"https:\/\/italy-tourist-information.com\/de\/wp-json\/wp\/v2\/pages"}],"about":[{"href":"https:\/\/italy-tourist-information.com\/de\/wp-json\/wp\/v2\/types\/page"}],"author":[{"embeddable":true,"href":"https:\/\/italy-tourist-information.com\/de\/wp-json\/wp\/v2\/users\/6"}],"replies":[{"embeddable":true,"href":"https:\/\/italy-tourist-information.com\/de\/wp-json\/wp\/v2\/comments?post=18501"}],"version-history":[{"count":7,"href":"https:\/\/italy-tourist-information.com\/de\/wp-json\/wp\/v2\/pages\/18501\/revisions"}],"predecessor-version":[{"id":20013,"href":"https:\/\/italy-tourist-information.com\/de\/wp-json\/wp\/v2\/pages\/18501\/revisions\/20013"}],"wp:featuredmedia":[{"embeddable":true,"href":"https:\/\/italy-tourist-information.com\/de\/wp-json\/wp\/v2\/media\/18502"}],"wp:attachment":[{"href":"https:\/\/italy-tourist-information.com\/de\/wp-json\/wp\/v2\/media?parent=18501"}],"wp:term":[{"taxonomy":"category","embeddable":true,"href":"https:\/\/italy-tourist-information.com\/de\/wp-json\/wp\/v2\/categories?post=18501"},{"taxonomy":"post_tag","embeddable":true,"href":"https:\/\/italy-tourist-information.com\/de\/wp-json\/wp\/v2\/tags?post=18501"}],"curies":[{"name":"wp","href":"https:\/\/api.w.org\/{rel}","templated":true}]}}