{"id":18509,"date":"2024-09-25T14:33:25","date_gmt":"2024-09-25T14:33:25","guid":{"rendered":"https:\/\/italy-tourist-information.com\/tickets-for-the-museum-of-illusions-milan"},"modified":"2026-04-22T10:43:46","modified_gmt":"2026-04-22T10:43:46","slug":"tickets-fuer-museum-der-illusionen-mailand","status":"publish","type":"page","link":"https:\/\/italy-tourist-information.com\/de\/tickets-fuer-museum-der-illusionen-mailand","title":{"rendered":"Tickets f\u00fcr Museum der Illusionen Mailand"},"content":{"rendered":"<p><span><img decoding=\"async\" alt=\"\" data-id=\"7748\" width=\"1600\" height=\"1600\" title=\"Museum der Illusionen Mailand\" src=\"https:\/\/italy-tourist-information.com\/wp-content\/uploads\/2024\/09\/Museum-of-Illusions-Milan--1024x1024.avif\" data-src=\"https:\/\/italy-tourist-information.com\/wp-content\/uploads\/2024\/09\/Museum-of-Illusions-Milan--300x300.avif\" loading=\"lazy\" data-sizes=\"{&quot;thumbnail&quot;:{&quot;url&quot;:&quot;https:\/\/italy-tourist-information.com\/wp-content\/uploads\/2024\/09\/Museum-of-Illusions-Milan--150x150.avif&quot;,&quot;height&quot;:150,&quot;width&quot;:150,&quot;orientation&quot;:&quot;landscape&quot;},&quot;medium&quot;:{&quot;url&quot;:&quot;https:\/\/italy-tourist-information.com\/wp-content\/uploads\/2024\/09\/Museum-of-Illusions-Milan--300x300.avif&quot;,&quot;height&quot;:300,&quot;width&quot;:300,&quot;orientation&quot;:&quot;landscape&quot;},&quot;large&quot;:{&quot;url&quot;:&quot;https:\/\/italy-tourist-information.com\/wp-content\/uploads\/2024\/09\/Museum-of-Illusions-Milan--1024x1024.avif&quot;,&quot;height&quot;:1024,&quot;width&quot;:1024,&quot;orientation&quot;:&quot;landscape&quot;},&quot;full&quot;:{&quot;url&quot;:&quot;https:\/\/italy-tourist-information.com\/wp-content\/uploads\/2024\/09\/Museum-of-Illusions-Milan-.avif&quot;,&quot;height&quot;:1600,&quot;width&quot;:1600,&quot;orientation&quot;:&quot;landscape&quot;},&quot;1536x1536&quot;:{&quot;url&quot;:&quot;https:\/\/italy-tourist-information.com\/wp-content\/uploads\/2024\/09\/Museum-of-Illusions-Milan--1536x1536.avif&quot;,&quot;height&quot;:1536,&quot;width&quot;:1536,&quot;orientation&quot;:&quot;landscape&quot;}}\"><\/span><span><img decoding=\"async\" alt=\"\" data-id=\"7747\" width=\"1600\" height=\"1600\" title=\"Museum der Illusionen Mailand 2\" src=\"https:\/\/italy-tourist-information.com\/wp-content\/uploads\/2024\/09\/Museum-of-Illusions-Milan-2-1024x1024.avif\" data-src=\"https:\/\/italy-tourist-information.com\/wp-content\/uploads\/2024\/09\/Museum-of-Illusions-Milan-2-300x300.avif\" loading=\"lazy\" data-sizes=\"{&quot;thumbnail&quot;:{&quot;url&quot;:&quot;https:\/\/italy-tourist-information.com\/wp-content\/uploads\/2024\/09\/Museum-of-Illusions-Milan-2-150x150.avif&quot;,&quot;height&quot;:150,&quot;width&quot;:150,&quot;orientation&quot;:&quot;landscape&quot;},&quot;medium&quot;:{&quot;url&quot;:&quot;https:\/\/italy-tourist-information.com\/wp-content\/uploads\/2024\/09\/Museum-of-Illusions-Milan-2-300x300.avif&quot;,&quot;height&quot;:300,&quot;width&quot;:300,&quot;orientation&quot;:&quot;landscape&quot;},&quot;large&quot;:{&quot;url&quot;:&quot;https:\/\/italy-tourist-information.com\/wp-content\/uploads\/2024\/09\/Museum-of-Illusions-Milan-2-1024x1024.avif&quot;,&quot;height&quot;:1024,&quot;width&quot;:1024,&quot;orientation&quot;:&quot;landscape&quot;},&quot;full&quot;:{&quot;url&quot;:&quot;https:\/\/italy-tourist-information.com\/wp-content\/uploads\/2024\/09\/Museum-of-Illusions-Milan-2.avif&quot;,&quot;height&quot;:1600,&quot;width&quot;:1600,&quot;orientation&quot;:&quot;landscape&quot;},&quot;1536x1536&quot;:{&quot;url&quot;:&quot;https:\/\/italy-tourist-information.com\/wp-content\/uploads\/2024\/09\/Museum-of-Illusions-Milan-2-1536x1536.avif&quot;,&quot;height&quot;:1536,&quot;width&quot;:1536,&quot;orientation&quot;:&quot;landscape&quot;}}\"><\/span><span><img decoding=\"async\" alt=\"\" data-id=\"7746\" width=\"1600\" height=\"1600\" title=\"Museum der Illusionen Mailand 3\" src=\"https:\/\/italy-tourist-information.com\/wp-content\/uploads\/2024\/09\/Museum-of-Illusions-Milan-3-1024x1024.avif\" data-src=\"https:\/\/italy-tourist-information.com\/wp-content\/uploads\/2024\/09\/Museum-of-Illusions-Milan-3-300x300.avif\" loading=\"lazy\" data-sizes=\"{&quot;thumbnail&quot;:{&quot;url&quot;:&quot;https:\/\/italy-tourist-information.com\/wp-content\/uploads\/2024\/09\/Museum-of-Illusions-Milan-3-150x150.avif&quot;,&quot;height&quot;:150,&quot;width&quot;:150,&quot;orientation&quot;:&quot;landscape&quot;},&quot;medium&quot;:{&quot;url&quot;:&quot;https:\/\/italy-tourist-information.com\/wp-content\/uploads\/2024\/09\/Museum-of-Illusions-Milan-3-300x300.avif&quot;,&quot;height&quot;:300,&quot;width&quot;:300,&quot;orientation&quot;:&quot;landscape&quot;},&quot;large&quot;:{&quot;url&quot;:&quot;https:\/\/italy-tourist-information.com\/wp-content\/uploads\/2024\/09\/Museum-of-Illusions-Milan-3-1024x1024.avif&quot;,&quot;height&quot;:1024,&quot;width&quot;:1024,&quot;orientation&quot;:&quot;landscape&quot;},&quot;full&quot;:{&quot;url&quot;:&quot;https:\/\/italy-tourist-information.com\/wp-content\/uploads\/2024\/09\/Museum-of-Illusions-Milan-3.avif&quot;,&quot;height&quot;:1600,&quot;width&quot;:1600,&quot;orientation&quot;:&quot;landscape&quot;},&quot;1536x1536&quot;:{&quot;url&quot;:&quot;https:\/\/italy-tourist-information.com\/wp-content\/uploads\/2024\/09\/Museum-of-Illusions-Milan-3-1536x1536.avif&quot;,&quot;height&quot;:1536,&quot;width&quot;:1536,&quot;orientation&quot;:&quot;landscape&quot;}}\"><\/span><span><img decoding=\"async\" alt=\"\" data-id=\"7745\" width=\"1600\" height=\"1600\" title=\"Museum der Illusionen Mailand 4\" src=\"https:\/\/italy-tourist-information.com\/wp-content\/uploads\/2024\/09\/Museum-of-Illusions-Milan-4-1024x1024.avif\" data-src=\"https:\/\/italy-tourist-information.com\/wp-content\/uploads\/2024\/09\/Museum-of-Illusions-Milan-4-300x300.avif\" loading=\"lazy\" data-sizes=\"{&quot;thumbnail&quot;:{&quot;url&quot;:&quot;https:\/\/italy-tourist-information.com\/wp-content\/uploads\/2024\/09\/Museum-of-Illusions-Milan-4-150x150.avif&quot;,&quot;height&quot;:150,&quot;width&quot;:150,&quot;orientation&quot;:&quot;landscape&quot;},&quot;medium&quot;:{&quot;url&quot;:&quot;https:\/\/italy-tourist-information.com\/wp-content\/uploads\/2024\/09\/Museum-of-Illusions-Milan-4-300x300.avif&quot;,&quot;height&quot;:300,&quot;width&quot;:300,&quot;orientation&quot;:&quot;landscape&quot;},&quot;large&quot;:{&quot;url&quot;:&quot;https:\/\/italy-tourist-information.com\/wp-content\/uploads\/2024\/09\/Museum-of-Illusions-Milan-4-1024x1024.avif&quot;,&quot;height&quot;:1024,&quot;width&quot;:1024,&quot;orientation&quot;:&quot;landscape&quot;},&quot;full&quot;:{&quot;url&quot;:&quot;https:\/\/italy-tourist-information.com\/wp-content\/uploads\/2024\/09\/Museum-of-Illusions-Milan-4.avif&quot;,&quot;height&quot;:1600,&quot;width&quot;:1600,&quot;orientation&quot;:&quot;landscape&quot;},&quot;1536x1536&quot;:{&quot;url&quot;:&quot;https:\/\/italy-tourist-information.com\/wp-content\/uploads\/2024\/09\/Museum-of-Illusions-Milan-4-1536x1536.avif&quot;,&quot;height&quot;:1536,&quot;width&quot;:1536,&quot;orientation&quot;:&quot;landscape&quot;}}\"><\/span><\/p>\n<h1>Museum der Illusionen Mailand<\/h1>\n<h2><a href=\"https:\/\/www.tiqets.com\/de\/mailand-sehenswuerdigkeiten-c71749\/tickets-fur-museum-der-illusionen-mailand-p1015876\/?partner=italytouristinformation&amp;tq_campaign=ITIDeMuseumIllusionsMilanSP\" target=\"_blank\" rel=\"nofollow noopener\" style=\"outline: none;\">Zur Buchung<\/a><\/h2>\n<p style=\"\"><a href=\"https:\/\/www.tiqets.com\/de\/mailand-sehenswuerdigkeiten-c71749\/tickets-fur-museum-der-illusionen-mailand-p1015876\/?partner=italytouristinformation&amp;tq_campaign=ITIDeMuseumIllusionsMilanSP\" target=\"_blank\" rel=\"nofollow noopener\" style=\"outline: none;\">Preis ab<\/a><\/p>\n<h1><a href=\"https:\/\/www.tiqets.com\/de\/mailand-sehenswuerdigkeiten-c71749\/tickets-fur-museum-der-illusionen-mailand-p1015876\/?partner=italytouristinformation&amp;tq_campaign=ITIDeMuseumIllusionsMilanSP\" target=\"_blank\" rel=\"nofollow noopener\" style=\"outline: none;\" spellcheck=\"false\"><strong>21,00 \u20ac<\/strong><\/a><\/h1>\n<p dir=\"ltr\">Tauchen Sie im Museum der Illusionen in Mailand ein in die faszinierende Welt optischer T\u00e4uschungen und interaktiver Exponate. Diese einzigartige Attraktion ist f\u00fcr alle Altersgruppen geeignet und vereint Wissenschaft, Psychologie und Kunst zu einem unvergesslichen, verbl\u00fcffenden Erlebnis.<\/p>\n<ul>\n<li style=\"\"><span>Handverlesenes Ticket&nbsp;<\/span><\/li>\n<li style=\"\">                    <span>Sofortige Best\u00e4tigung<\/span><\/li>\n<li style=\"\"><span>Mobiles Ticket<\/span><\/li>\n<li style=\"\"><span>Kostenlose Stornierung<\/span><\/li>\n<\/ul>\n<h2>Inbegriffen<\/h2>\n<ul>\n<li style=\"\">                    <span>Eintritt ins Museum der Illusionen Mailand<\/span><\/li>\n<\/ul>\n<h2>Nicht inbegriffen<\/h2>\n<ul>\n<li style=\"\"><span>Hotelabholung und -r\u00fccktransfer<\/span><\/li>\n<li style=\"\"><span>Speisen und Getr\u00e4nke<\/span><\/li>\n<\/ul>\n<h2>Wichtige Informationen<\/h2>\n<ul>\n<li style=\"\"><span>Besuchsdauer: Begrenzt auf eine Stunde.<\/span><\/li>\n<li style=\"\"><span>Barrierefreiheit: Das Museum ist rollstuhlgerecht.<\/span><\/li>\n<li style=\"\"><span>Altersvoraussetzung: Geeignet f\u00fcr alle Altersgruppen, Kinder unter 15 Jahren m\u00fcssen jedoch von einem Erwachsenen begleitet werden.<\/span><\/li>\n<li style=\"\"><span>Besuchern wird empfohlen, mindestens 10 Minuten vor ihrer geplanten Einlasszeit einzutreffen.<\/span><\/li>\n<\/ul>\n<h2>Beschreibung:<\/h2>\n<p dir=\"ltr\">Entdecken Sie das Unerwartete im Museum der Illusionen in Mailand, wo nichts so ist, wie es scheint! Tauchen Sie ein in eine Welt visueller und sinnlicher \u00dcberraschungen mit Exponaten, die Ihre Wahrnehmung spielerisch herausfordern. Von verbl\u00fcffenden Spiegeln bis hin zu R\u00e4umen, die die Schwerkraft scheinbar aufheben \u2013 jede Ecke bietet ein perfektes Fotomotiv!<\/p>\n<h2>Highlights:<\/h2>\n<ul>\n<li dir=\"ltr\">Entdecken Sie verbl\u00fcffende Exponate, die Ihre Wahrnehmung herausfordern.<\/li>\n<li dir=\"ltr\">Machen Sie unvergessliche Fotos in R\u00e4umen, die die Schwerkraft aufheben und Spiegelillusionen erzeugen.<\/li>\n<li dir=\"ltr\">Erfahren Sie anhand interaktiver Ausstellungen aus den Bereichen Psychologie, Mathematik und Naturwissenschaften, wie Illusionen Ihr Gehirn t\u00e4uschen k\u00f6nnen.<\/li>\n<li dir=\"ltr\">Eine perfekte Mischung aus Spa\u00df und Bildung f\u00fcr Familien, Freunde und Alleinreisende.<\/li>\n<li dir=\"ltr\">Im Herzen Mailands gelegen, ist es eine ideale Erg\u00e4nzung zu Ihrem St\u00e4dtetrip.<\/li>\n<\/ul>\n<h2>Museum der Illusionen Mailand<\/h2>\n<p>Via Luigi Settembrini, 11, 20124 Milano MI, Italien<\/p>\n<h2>Stornierungsbedingungen<\/h2>\n<p>Kostenlose Stornierung bis 23:59 Uhr am Vortag Ihres geplanten Besuchs.<\/p>\n<h2>Treffpunkt &amp; Anweisungen<\/h2>\n<p>Zeigen Sie Ihr digitales Ticket am Museumseingang vor, um direkten Zutritt zu erhalten. Bitte warten Sie 10 Minuten vor Ihrem geplanten Besuch.<\/p>\n<p><a href=\"https:\/\/www.google.com\/maps\/place\/Museo+delle+illusioni\/@45.4811167,9.202399,17z\/data=!4m15!1m8!3m7!1s0x4786c70b566556b9:0xde6f2721046abf02!2sMuseo+delle+illusioni!8m2!3d45.4811167!4d9.2049739!10e8!16s%2Fg%2F11pfsbyg3g!3m5!1s0x4786c70b566556b9:0xde6f2721046abf02!8m2!3d45.4811167!4d9.2049739!16s%2Fg%2F11pfsbyg3g?entry=ttu&amp;g_ep=EgoyMDI0MDkyMi4wIKXMDSoASAFQAw%3D%3D\" target=\"_blank\" rel=\"nofollow noopener\" data-lt-tmp-id=\"lt-735461\" spellcheck=\"false\" style=\"outline: none;\">In Karten \u00f6ffnen<\/a><\/p>\n<h2>Bewertungen<\/h2>\n<p><strong>4,2\/5&nbsp; <\/strong><strong>(10754 Bewertungen)<\/strong><\/p>\n<p dir=\"ltr\"><em>\u201eIch habe das Museum der Illusionen sehr genossen! Es ist haupts\u00e4chlich f\u00fcr Kinder gedacht, aber auch f\u00fcr Erwachsene faszinierend und sehr unterhaltsam.\u201c<\/em> Gaia, September 2024 <a href=\"https:\/\/www.tiqets.com\/de\/mailand-sehenswuerdigkeiten-c71749\/tickets-fur-museum-der-illusionen-mailand-p1015876\/?partner=italytouristinformation&amp;tq_campaign=ITIDeMuseumIllusionsMilanSP\" target=\"_blank\" rel=\"nofollow noopener\" data-lt-tmp-id=\"lt-176922\" spellcheck=\"false\" style=\"outline: none;\">&gt;&gt; Weitere Bewertungen ansehen \u2026<\/a><\/p>\n<p><span># <\/span><strong><span>2<\/span><\/strong><span># <\/span><strong><span>2<\/span><\/strong><\/p>\n<p><\/p>\n<h2><a href=\"https:\/\/www.tiqets.com\/de\/mailand-sehenswuerdigkeiten-c71749\/tickets-fur-museum-der-illusionen-mailand-p1015876\/?partner=italytouristinformation&amp;tq_campaign=ITIDeMuseumIllusionsMilanSP\" target=\"_blank\" rel=\"nofollow noopener\">Zur Buchung<\/a><\/h2>\n<p style=\"\"><a href=\"https:\/\/www.tiqets.com\/de\/mailand-sehenswuerdigkeiten-c71749\/tickets-fur-museum-der-illusionen-mailand-p1015876\/?partner=italytouristinformation&amp;tq_campaign=ITIDeMuseumIllusionsMilanSP\" target=\"_blank\" rel=\"nofollow noopener\" style=\"outline: none;\">Preis ab<\/a><\/p>\n<h1><a href=\"https:\/\/www.tiqets.com\/de\/mailand-sehenswuerdigkeiten-c71749\/tickets-fur-museum-der-illusionen-mailand-p1015876\/?partner=italytouristinformation&amp;tq_campaign=ITIDeMuseumIllusionsMilanSP\" target=\"_blank\" rel=\"nofollow noopener\" style=\"outline: none;\"><strong>21,00 \u20ac<\/strong><\/a><\/h1>\n<p style=\"\">Ihr Konto wird noch nicht belastet<\/p>\n","protected":false},"excerpt":{"rendered":"<p>Museum der Illusionen Mailand Zur Buchung Preis ab 21,00 \u20ac Tauchen Sie im Museum der Illusionen in Mailand ein in die faszinierende Welt optischer T\u00e4uschungen und interaktiver Exponate. Diese einzigartige Attraktion ist f\u00fcr alle Altersgruppen geeignet und vereint Wissenschaft, Psychologie und Kunst zu einem unvergesslichen, verbl\u00fcffenden Erlebnis. Handverlesenes Ticket&nbsp; Sofortige Best\u00e4tigung Mobiles Ticket Kostenlose Stornierung [&hellip;]<\/p>\n","protected":false},"author":6,"featured_media":18510,"parent":0,"menu_order":0,"comment_status":"closed","ping_status":"closed","template":"","meta":{"footnotes":""},"categories":[133,128],"tags":[135,130],"class_list":["post-18509","page","type-page","status-publish","has-post-thumbnail","hentry","category-mailand","category-verkaufsseite","tag-milan","tag-verkaufsseite","post-wrapper","thrv_wrapper"],"_links":{"self":[{"href":"https:\/\/italy-tourist-information.com\/de\/wp-json\/wp\/v2\/pages\/18509","targetHints":{"allow":["GET"]}}],"collection":[{"href":"https:\/\/italy-tourist-information.com\/de\/wp-json\/wp\/v2\/pages"}],"about":[{"href":"https:\/\/italy-tourist-information.com\/de\/wp-json\/wp\/v2\/types\/page"}],"author":[{"embeddable":true,"href":"https:\/\/italy-tourist-information.com\/de\/wp-json\/wp\/v2\/users\/6"}],"replies":[{"embeddable":true,"href":"https:\/\/italy-tourist-information.com\/de\/wp-json\/wp\/v2\/comments?post=18509"}],"version-history":[{"count":6,"href":"https:\/\/italy-tourist-information.com\/de\/wp-json\/wp\/v2\/pages\/18509\/revisions"}],"predecessor-version":[{"id":20016,"href":"https:\/\/italy-tourist-information.com\/de\/wp-json\/wp\/v2\/pages\/18509\/revisions\/20016"}],"wp:featuredmedia":[{"embeddable":true,"href":"https:\/\/italy-tourist-information.com\/de\/wp-json\/wp\/v2\/media\/18510"}],"wp:attachment":[{"href":"https:\/\/italy-tourist-information.com\/de\/wp-json\/wp\/v2\/media?parent=18509"}],"wp:term":[{"taxonomy":"category","embeddable":true,"href":"https:\/\/italy-tourist-information.com\/de\/wp-json\/wp\/v2\/categories?post=18509"},{"taxonomy":"post_tag","embeddable":true,"href":"https:\/\/italy-tourist-information.com\/de\/wp-json\/wp\/v2\/tags?post=18509"}],"curies":[{"name":"wp","href":"https:\/\/api.w.org\/{rel}","templated":true}]}}