{"id":18516,"date":"2025-04-25T12:56:58","date_gmt":"2025-04-25T12:56:58","guid":{"rendered":"https:\/\/italy-tourist-information.com\/tickets-to-pinacoteca-ambrosiana"},"modified":"2026-04-22T12:08:48","modified_gmt":"2026-04-22T12:08:48","slug":"tickets-fuer-pinacoteca-ambrosiana","status":"publish","type":"page","link":"https:\/\/italy-tourist-information.com\/de\/tickets-fuer-pinacoteca-ambrosiana","title":{"rendered":"Tickets f\u00fcr Pinacoteca Ambrosiana"},"content":{"rendered":"<p><span><img decoding=\"async\" alt=\"\" data-id=\"10241\" width=\"2334\" height=\"1556\" title=\"Tickets f\u00fcr die Pinacoteca Ambrosiana ota4\" src=\"https:\/\/italy-tourist-information.com\/wp-content\/uploads\/2025\/04\/Tickets-to-Pinacoteca-Ambrosiana-ota4-1024x683.avif\" data-src=\"https:\/\/italy-tourist-information.com\/wp-content\/uploads\/2025\/04\/Tickets-to-Pinacoteca-Ambrosiana-ota4-300x200.avif\" loading=\"lazy\" data-sizes=\"{&quot;thumbnail&quot;:{&quot;url&quot;:&quot;https:\/\/italy-tourist-information.com\/wp-content\/uploads\/2025\/04\/Tickets-to-Pinacoteca-Ambrosiana-ota4-150x150.avif&quot;,&quot;height&quot;:150,&quot;width&quot;:150,&quot;orientation&quot;:&quot;landscape&quot;},&quot;medium&quot;:{&quot;url&quot;:&quot;https:\/\/italy-tourist-information.com\/wp-content\/uploads\/2025\/04\/Tickets-to-Pinacoteca-Ambrosiana-ota4-300x200.avif&quot;,&quot;height&quot;:200,&quot;width&quot;:300,&quot;orientation&quot;:&quot;landscape&quot;},&quot;large&quot;:{&quot;url&quot;:&quot;https:\/\/italy-tourist-information.com\/wp-content\/uploads\/2025\/04\/Tickets-to-Pinacoteca-Ambrosiana-ota4-1024x683.avif&quot;,&quot;height&quot;:683,&quot;width&quot;:1024,&quot;orientation&quot;:&quot;landscape&quot;},&quot;full&quot;:{&quot;url&quot;:&quot;https:\/\/italy-tourist-information.com\/wp-content\/uploads\/2025\/04\/Tickets-to-Pinacoteca-Ambrosiana-ota4.avif&quot;,&quot;height&quot;:1556,&quot;width&quot;:2334,&quot;orientation&quot;:&quot;landscape&quot;},&quot;1536x1536&quot;:{&quot;url&quot;:&quot;https:\/\/italy-tourist-information.com\/wp-content\/uploads\/2025\/04\/Tickets-to-Pinacoteca-Ambrosiana-ota4-1536x1024.avif&quot;,&quot;height&quot;:1024,&quot;width&quot;:1536,&quot;orientation&quot;:&quot;landscape&quot;},&quot;2048x2048&quot;:{&quot;url&quot;:&quot;https:\/\/italy-tourist-information.com\/wp-content\/uploads\/2025\/04\/Tickets-to-Pinacoteca-Ambrosiana-ota4-2048x1365.avif&quot;,&quot;height&quot;:1365,&quot;width&quot;:2048,&quot;orientation&quot;:&quot;landscape&quot;}}\"><\/span><span><img decoding=\"async\" alt=\"\" data-id=\"10242\" width=\"2179\" height=\"1556\" title=\"Tickets f\u00fcr die Pinacoteca Ambrosiana ota3\" src=\"https:\/\/italy-tourist-information.com\/wp-content\/uploads\/2025\/04\/Tickets-to-Pinacoteca-Ambrosiana-ota3-1024x731.avif\" data-src=\"https:\/\/italy-tourist-information.com\/wp-content\/uploads\/2025\/04\/Tickets-to-Pinacoteca-Ambrosiana-ota3-300x214.avif\" loading=\"lazy\" data-sizes=\"{&quot;thumbnail&quot;:{&quot;url&quot;:&quot;https:\/\/italy-tourist-information.com\/wp-content\/uploads\/2025\/04\/Tickets-to-Pinacoteca-Ambrosiana-ota3-150x150.avif&quot;,&quot;height&quot;:150,&quot;width&quot;:150,&quot;orientation&quot;:&quot;landscape&quot;},&quot;medium&quot;:{&quot;url&quot;:&quot;https:\/\/italy-tourist-information.com\/wp-content\/uploads\/2025\/04\/Tickets-to-Pinacoteca-Ambrosiana-ota3-300x214.avif&quot;,&quot;height&quot;:214,&quot;width&quot;:300,&quot;orientation&quot;:&quot;landscape&quot;},&quot;large&quot;:{&quot;url&quot;:&quot;https:\/\/italy-tourist-information.com\/wp-content\/uploads\/2025\/04\/Tickets-to-Pinacoteca-Ambrosiana-ota3-1024x731.avif&quot;,&quot;height&quot;:731,&quot;width&quot;:1024,&quot;orientation&quot;:&quot;landscape&quot;},&quot;full&quot;:{&quot;url&quot;:&quot;https:\/\/italy-tourist-information.com\/wp-content\/uploads\/2025\/04\/Tickets-to-Pinacoteca-Ambrosiana-ota3.avif&quot;,&quot;height&quot;:1556,&quot;width&quot;:2179,&quot;orientation&quot;:&quot;landscape&quot;},&quot;1536x1536&quot;:{&quot;url&quot;:&quot;https:\/\/italy-tourist-information.com\/wp-content\/uploads\/2025\/04\/Tickets-to-Pinacoteca-Ambrosiana-ota3-1536x1097.avif&quot;,&quot;height&quot;:1097,&quot;width&quot;:1536,&quot;orientation&quot;:&quot;landscape&quot;},&quot;2048x2048&quot;:{&quot;url&quot;:&quot;https:\/\/italy-tourist-information.com\/wp-content\/uploads\/2025\/04\/Tickets-to-Pinacoteca-Ambrosiana-ota3-2048x1462.avif&quot;,&quot;height&quot;:1462,&quot;width&quot;:2048,&quot;orientation&quot;:&quot;landscape&quot;}}\"><\/span><span><img decoding=\"async\" alt=\"\" data-id=\"10243\" width=\"2363\" height=\"1556\" title=\"Tickets f\u00fcr die Pinacoteca Ambrosiana ota2\" src=\"https:\/\/italy-tourist-information.com\/wp-content\/uploads\/2025\/04\/Tickets-to-Pinacoteca-Ambrosiana-ota2-1024x674.avif\" data-src=\"https:\/\/italy-tourist-information.com\/wp-content\/uploads\/2025\/04\/Tickets-to-Pinacoteca-Ambrosiana-ota2-300x198.avif\" loading=\"lazy\" data-sizes=\"{&quot;thumbnail&quot;:{&quot;url&quot;:&quot;https:\/\/italy-tourist-information.com\/wp-content\/uploads\/2025\/04\/Tickets-to-Pinacoteca-Ambrosiana-ota2-150x150.avif&quot;,&quot;height&quot;:150,&quot;width&quot;:150,&quot;orientation&quot;:&quot;landscape&quot;},&quot;medium&quot;:{&quot;url&quot;:&quot;https:\/\/italy-tourist-information.com\/wp-content\/uploads\/2025\/04\/Tickets-to-Pinacoteca-Ambrosiana-ota2-300x198.avif&quot;,&quot;height&quot;:198,&quot;width&quot;:300,&quot;orientation&quot;:&quot;landscape&quot;},&quot;large&quot;:{&quot;url&quot;:&quot;https:\/\/italy-tourist-information.com\/wp-content\/uploads\/2025\/04\/Tickets-to-Pinacoteca-Ambrosiana-ota2-1024x674.avif&quot;,&quot;height&quot;:674,&quot;width&quot;:1024,&quot;orientation&quot;:&quot;landscape&quot;},&quot;full&quot;:{&quot;url&quot;:&quot;https:\/\/italy-tourist-information.com\/wp-content\/uploads\/2025\/04\/Tickets-to-Pinacoteca-Ambrosiana-ota2.avif&quot;,&quot;height&quot;:1556,&quot;width&quot;:2363,&quot;orientation&quot;:&quot;landscape&quot;},&quot;1536x1536&quot;:{&quot;url&quot;:&quot;https:\/\/italy-tourist-information.com\/wp-content\/uploads\/2025\/04\/Tickets-to-Pinacoteca-Ambrosiana-ota2-1536x1011.avif&quot;,&quot;height&quot;:1011,&quot;width&quot;:1536,&quot;orientation&quot;:&quot;landscape&quot;},&quot;2048x2048&quot;:{&quot;url&quot;:&quot;https:\/\/italy-tourist-information.com\/wp-content\/uploads\/2025\/04\/Tickets-to-Pinacoteca-Ambrosiana-ota2-2048x1349.avif&quot;,&quot;height&quot;:1349,&quot;width&quot;:2048,&quot;orientation&quot;:&quot;landscape&quot;}}\"><\/span><span><img decoding=\"async\" alt=\"\" data-id=\"10244\" width=\"2364\" height=\"1556\" title=\"Tickets f\u00fcr die Pinacoteca Ambrosiana ota\" src=\"https:\/\/italy-tourist-information.com\/wp-content\/uploads\/2025\/04\/Tickets-to-Pinacoteca-Ambrosiana-ota-1024x674.avif\" data-src=\"https:\/\/italy-tourist-information.com\/wp-content\/uploads\/2025\/04\/Tickets-to-Pinacoteca-Ambrosiana-ota-300x197.avif\" loading=\"lazy\" data-sizes=\"{&quot;thumbnail&quot;:{&quot;url&quot;:&quot;https:\/\/italy-tourist-information.com\/wp-content\/uploads\/2025\/04\/Tickets-to-Pinacoteca-Ambrosiana-ota-150x150.avif&quot;,&quot;height&quot;:150,&quot;width&quot;:150,&quot;orientation&quot;:&quot;landscape&quot;},&quot;medium&quot;:{&quot;url&quot;:&quot;https:\/\/italy-tourist-information.com\/wp-content\/uploads\/2025\/04\/Tickets-to-Pinacoteca-Ambrosiana-ota-300x197.avif&quot;,&quot;height&quot;:197,&quot;width&quot;:300,&quot;orientation&quot;:&quot;landscape&quot;},&quot;large&quot;:{&quot;url&quot;:&quot;https:\/\/italy-tourist-information.com\/wp-content\/uploads\/2025\/04\/Tickets-to-Pinacoteca-Ambrosiana-ota-1024x674.avif&quot;,&quot;height&quot;:674,&quot;width&quot;:1024,&quot;orientation&quot;:&quot;landscape&quot;},&quot;full&quot;:{&quot;url&quot;:&quot;https:\/\/italy-tourist-information.com\/wp-content\/uploads\/2025\/04\/Tickets-to-Pinacoteca-Ambrosiana-ota.avif&quot;,&quot;height&quot;:1556,&quot;width&quot;:2364,&quot;orientation&quot;:&quot;landscape&quot;},&quot;1536x1536&quot;:{&quot;url&quot;:&quot;https:\/\/italy-tourist-information.com\/wp-content\/uploads\/2025\/04\/Tickets-to-Pinacoteca-Ambrosiana-ota-1536x1011.avif&quot;,&quot;height&quot;:1011,&quot;width&quot;:1536,&quot;orientation&quot;:&quot;landscape&quot;},&quot;2048x2048&quot;:{&quot;url&quot;:&quot;https:\/\/italy-tourist-information.com\/wp-content\/uploads\/2025\/04\/Tickets-to-Pinacoteca-Ambrosiana-ota-2048x1348.avif&quot;,&quot;height&quot;:1348,&quot;width&quot;:2048,&quot;orientation&quot;:&quot;landscape&quot;}}\"><\/span><\/p>\n<h1 dir=\"ltr\">Tickets f\u00fcr Pinacoteca Ambrosiana<\/h1>\n<h2><a href=\"https:\/\/www.tiqets.com\/de\/mailand-sehenswuerdigkeiten-c71749\/tickets-fur-pinacoteca-ambrosiana-p975851\/?partner=italytouristinformation&amp;tq_campaign=ITIDeBibliotecaAmbrosiaSp\" target=\"_blank\" rel=\"nofollow noopener\">Zur Buchung<\/a><\/h2>\n<h1><a href=\"https:\/\/www.tiqets.com\/de\/mailand-sehenswuerdigkeiten-c71749\/tickets-fur-pinacoteca-ambrosiana-p975851\/?partner=italytouristinformation&amp;tq_campaign=ITIDeBibliotecaAmbrosiaSp\" target=\"_blank\" rel=\"nofollow noopener\" style=\"outline: none;\"><strong>Ab 18,50<\/strong> \u20ac<strong><\/strong><\/a><\/h1>\n<p dir=\"ltr\">Tauchen Sie ein in das Herz der italienischen Renaissance mit Tickets f\u00fcr die Pinacoteca Ambrosiana, Mailands historischer Kunstgalerie, die Meisterwerke von Leonardo da Vinci, Raffael, Botticelli und anderen legend\u00e4ren K\u00fcnstlern pr\u00e4sentiert.<\/p>\n<ul>\n<li style=\"\"><span>Handverlesenes Ticket<\/span><\/li>\n<li style=\"\"><span>Sofortige Best\u00e4tigung<\/span><\/li>\n<li style=\"\"><span>Mobiles Ticket<\/span><\/li>\n<li style=\"\"><span>Kostenlose Stornierung<\/span><\/li>\n<\/ul>\n<h2>Inbegriffen<\/h2>\n<ul>\n<li style=\"\">                    <span>Eintritt in die Pinacoteca Ambrosiana<\/span><\/li>\n<\/ul>\n<h2>Nicht inbegriffen<\/h2>\n<ul>\n<li style=\"\"><span>Zugang zur Krypta von San Sepolcro<\/span><\/li>\n<\/ul>\n<h2>Wichtige Informationen<\/h2>\n<ul>\n<li><span>Zeigen Sie Ihr Smartphone-Ticket am Ticketschalter der Buchhandlung vor.<\/span><\/li>\n<li><span>Erm\u00e4\u00dfigte Tickets unterliegen bestimmten Zulassungsvoraussetzungen.<\/span><\/li>\n<li><span>Beim Kauf einer erm\u00e4\u00dfigten Eintrittskarte ist ein g\u00fcltiger Personalausweis oder Studentenausweis erforderlich.<\/span><\/li>\n<\/ul>\n<h2>Beschreibung:<\/h2>\n<p dir=\"ltr\">Erleben Sie Mailands kulturelles Juwel bei einem Besuch der Pinacoteca Ambrosiana, <strong>einer der \u00e4ltesten \u00f6ffentlichen Kunstgalerien der Welt.<\/strong> Bestaunen Sie zeitlose Meisterwerke wie <strong>Leonardo da Vincis \u201ePortr\u00e4t eines Musikers\u201c<\/strong> und entdecken Sie die faszinierenden Seiten des <strong>Codex Atlanticus.<\/strong><\/p>\n<p dir=\"ltr\">Schlendern Sie durch R\u00e4ume voller Renaissance-Pracht und bewundern Sie Werke von <strong>Raffael, Caravaggio, Tizian und Botticelli.<\/strong> Ob Kunstliebhaber oder neugieriger Reisender \u2013 diese Reise in Ihrem eigenen Tempo bietet einen faszinierenden Einblick in Italiens k\u00fcnstlerisches und intellektuelles Goldenes Zeitalter.<\/p>\n<h2>Highlights:<\/h2>\n<p ltr\"\"=\"\">\n<ul>\n<li dir=\"ltr\"><strong>Bewundern Sie Leonardo da Vincis Portr\u00e4t eines Musikers<\/strong>, eines von nur 15 seiner Gem\u00e4lde, die heute noch existieren.<\/li>\n<li dir=\"ltr\"><strong>Erkunden Sie den Codex Atlanticus<\/strong>, eine au\u00dfergew\u00f6hnliche Sammlung von da Vincis Originalnotizen und Zeichnungen.<\/li>\n<li dir=\"ltr\"><strong>Siehe Raffaels vorbereitende Karikatur<\/strong> zu Die Schule von Athen<\/li>\n<li dir=\"ltr\"><strong>Entdecken Sie Botticellis Madonna <\/strong><strong>im Pavillon<\/strong> und Tizians Anbetung der Heiligen Drei K\u00f6nige<\/li>\n<li dir=\"ltr\"><strong>Lassen Sie sich von Caravaggios Fr\u00fcchtekorb,<\/strong> einem Meisterwerk barocker Stilllebenkunst, verzaubern.<\/li>\n<li dir=\"ltr\"><strong>Tauchen Sie ein in die Kunst,<\/strong> Ingenieurskunst, Anatomie und Wissenschaft der Renaissance anhand einzigartiger Sammlungen.<\/li>\n<\/ul>\n<h2>Biblioteca Ambrosiana<\/h2>\n<p>Piazza Pio XI, 2, 20123 Milano MI, Italien<\/p>\n<h2>Stornierungsbedingungen<\/h2>\n<p>Eine Stornierung ist bis 23:59 Uhr am Vortag Ihres geplanten Besuchs m\u00f6glich.<\/p>\n<h2>Treffpunkt &amp; Anweisungen<\/h2>\n<p data-pm-slice=\"1 1 []\">Zeigen Sie Ihr Smartphone-Ticket am Ticketschalter der Buchhandlung vor. Bitte kommen Sie einige Minuten fr\u00fcher, um einen reibungslosen Einlass zu gew\u00e4hrleisten.<\/p>\n<p><a href=\"https:\/\/www.google.com\/maps\/search\/?api=1&amp;query=Piazza%20Pio%20XI%2C%202%2020123%20Milan\" data-lt-tmp-id=\"lt-827772\" spellcheck=\"false\" target=\"_blank\" rel=\"nofollow noopener\" style=\"outline: none;\">In Karten \u00f6ffnen<\/a><\/p>\n<h2>Bewertungen<\/h2>\n<p><strong>4,7\/5 (3<\/strong><strong>94 Bewertungen)<\/strong><\/p>\n<p><em>\u201e<\/em>Ein absolutes Muss in Mailand. Zahlreiche sehr alte Dokumente, darunter auch welche von Leonardo da Vinci. Viele Artikel, unter anderem \u00fcber Napoleon. Und Bilder der besten K\u00fcnstler der Renaissance und des Barock. Ein himmlisches Kulturerlebnis.\u201c Amir, Juli 2024&nbsp;<a href=\"https:\/\/www.tiqets.com\/de\/mailand-sehenswuerdigkeiten-c71749\/tickets-fur-pinacoteca-ambrosiana-p975851\/?partner=italytouristinformation&amp;tq_campaign=ITIDeBibliotecaAmbrosiaSp\" target=\"_blank\" rel=\"nofollow noopener\" data-lt-tmp-id=\"lt-356130\" spellcheck=\"false\" style=\"outline: none;\">&nbsp;&gt;&gt; Weitere Bewertungen ansehen \u2026<\/a><\/p>\n<h2>Einige Aktivit\u00e4ten, die Ihnen gefallen k\u00f6nnten<\/h2>\n<p><span># <\/span><strong><span>2<\/span><\/strong><span># <\/span><strong><span>2<\/span><\/strong><span><img decoding=\"async\" alt=\"\" data-id=\"10223\" width=\"159\" data-init-width=\"800\" height=\"159\" data-init-height=\"800\" title=\"Das letzte Abendmahl \u2013 Ticket ohne Anstehen + F\u00fchrung Das letzte Abendmahl \u2013 Ticket ohne Anstehen + F\u00fchrung\" loading=\"lazy\" src=\"https:\/\/italy-tourist-information.com\/wp-content\/uploads\/2025\/04\/The-Last-Supper-Skip-The-Line-Ticket-Guided-Tour-The-Last-Supper-Skip-The-Line-Ticket-Guided-Tour-ota.avif\" data-width=\"159\" data-height=\"159\" style=\"aspect-ratio: auto 800 \/ 800;\"><\/span><\/p>\n<table>\n<tbody>\n<tr>\n<td><a href=\"https:\/\/www.tiqets.com\/de\/milan-attractions-c71749\/tickets-for-the-last-supper-skip-the-line-guided-tour-p1109340\/?partner=italytouristinformation&amp;tq_campaign=ITIdeBibliotecaAmbrosiaSP2\" target=\"_blank\" rel=\"nofollow noopener\" style=\"outline: none;\" data-lt-tmp-id=\"lt-762111\" spellcheck=\"false\">Das letzte Abendmahl: Ticket ohne Anstehen + F\u00fchrung<\/a><\/td>\n<\/tr>\n<\/tbody>\n<\/table>\n<p dir=\"ltr\">Tauchen Sie ein in Mailands reiche Geschichte mit einer F\u00fchrung, die Ihnen den bevorzugten Einlass zu Leonardo da Vincis \u201eLetztem Abendmahl\u201c erm\u00f6glicht.<\/p>\n<h3 style=\"\">Gesamtpreis<\/h3>\n<h3>Ihr Konto wird noch nicht belastet<\/h3>\n<p><span># <\/span><strong><span>2<\/span><\/strong><span><img decoding=\"async\" alt=\"\" data-id=\"10106\" width=\"159\" data-init-width=\"800\" height=\"159\" data-init-height=\"800\" title=\"Stadtrundfahrt Mailand \u2013 Hop-on-Hop-off-Bus\" loading=\"lazy\" src=\"https:\/\/italy-tourist-information.com\/wp-content\/uploads\/2025\/04\/City-Sightseeing-Milan-Hop-on-Hop-off-Bus-ota.avif\" data-width=\"159\" data-height=\"159\" style=\"aspect-ratio: auto 800 \/ 800;\"><\/span><\/p>\n<table>\n<tbody>\n<tr>\n<td><a href=\"https:\/\/www.tiqets.com\/de\/milan-attractions-c71749\/tickets-for-hop-on-hop-off-bus-milan-p975062\/?partner=italytouristinformation&amp;tq_campaign=ITIDeBibliotecaAmbrosiaSP3\" target=\"_blank\" rel=\"nofollow noopener\" style=\"outline: none;\" spellcheck=\"false\">Stadtrundfahrt Mailand: Hop-on-Hop-off-Bus<\/a><\/td>\n<\/tr>\n<\/tbody>\n<\/table>\n<p data-pm-slice=\"1 1 []\">Erkunden Sie Mailand in Ihrem eigenen Tempo mit einer Hop-On Hop-Off-Bustour inklusive mehrsprachigem Audioguide!<\/p>\n<h3 style=\"\">Gesamtpreis<\/h3>\n<h3 style=\"\">Ihr Konto wird noch nicht belastet<\/h3>\n<p><\/p>\n<h2><a href=\"https:\/\/www.tiqets.com\/de\/mailand-sehenswuerdigkeiten-c71749\/tickets-fur-pinacoteca-ambrosiana-p975851\/?partner=italytouristinformation&amp;tq_campaign=ITIDeBibliotecaAmbrosiaSp\" target=\"_blank\" rel=\"nofollow noopener\" style=\"outline: none;\">Zur Buchung<\/a><\/h2>\n<h1><a href=\"https:\/\/www.tiqets.com\/de\/mailand-sehenswuerdigkeiten-c71749\/tickets-fur-pinacoteca-ambrosiana-p975851\/?partner=italytouristinformation&amp;tq_campaign=ITIDeBibliotecaAmbrosiaSp\" target=\"_blank\" rel=\"nofollow noopener\" style=\"outline: none;\"><strong>Ab <\/strong><strong>18,50<\/strong> \u20ac<strong><\/strong><\/a><\/h1>\n<p style=\"\">&nbsp;<strong><\/strong>Ihr Konto wird noch nicht belastet<\/p>\n","protected":false},"excerpt":{"rendered":"<p>Tickets f\u00fcr Pinacoteca Ambrosiana Zur Buchung Ab 18,50 \u20ac Tauchen Sie ein in das Herz der italienischen Renaissance mit Tickets f\u00fcr die Pinacoteca Ambrosiana, Mailands historischer Kunstgalerie, die Meisterwerke von Leonardo da Vinci, Raffael, Botticelli und anderen legend\u00e4ren K\u00fcnstlern pr\u00e4sentiert. Handverlesenes Ticket Sofortige Best\u00e4tigung Mobiles Ticket Kostenlose Stornierung Inbegriffen Eintritt in die Pinacoteca Ambrosiana Nicht [&hellip;]<\/p>\n","protected":false},"author":6,"featured_media":18517,"parent":0,"menu_order":0,"comment_status":"closed","ping_status":"closed","template":"","meta":{"footnotes":""},"categories":[133,128],"tags":[135,130],"class_list":["post-18516","page","type-page","status-publish","has-post-thumbnail","hentry","category-mailand","category-verkaufsseite","tag-milan","tag-verkaufsseite","post-wrapper","thrv_wrapper"],"_links":{"self":[{"href":"https:\/\/italy-tourist-information.com\/de\/wp-json\/wp\/v2\/pages\/18516","targetHints":{"allow":["GET"]}}],"collection":[{"href":"https:\/\/italy-tourist-information.com\/de\/wp-json\/wp\/v2\/pages"}],"about":[{"href":"https:\/\/italy-tourist-information.com\/de\/wp-json\/wp\/v2\/types\/page"}],"author":[{"embeddable":true,"href":"https:\/\/italy-tourist-information.com\/de\/wp-json\/wp\/v2\/users\/6"}],"replies":[{"embeddable":true,"href":"https:\/\/italy-tourist-information.com\/de\/wp-json\/wp\/v2\/comments?post=18516"}],"version-history":[{"count":7,"href":"https:\/\/italy-tourist-information.com\/de\/wp-json\/wp\/v2\/pages\/18516\/revisions"}],"predecessor-version":[{"id":20030,"href":"https:\/\/italy-tourist-information.com\/de\/wp-json\/wp\/v2\/pages\/18516\/revisions\/20030"}],"wp:featuredmedia":[{"embeddable":true,"href":"https:\/\/italy-tourist-information.com\/de\/wp-json\/wp\/v2\/media\/18517"}],"wp:attachment":[{"href":"https:\/\/italy-tourist-information.com\/de\/wp-json\/wp\/v2\/media?parent=18516"}],"wp:term":[{"taxonomy":"category","embeddable":true,"href":"https:\/\/italy-tourist-information.com\/de\/wp-json\/wp\/v2\/categories?post=18516"},{"taxonomy":"post_tag","embeddable":true,"href":"https:\/\/italy-tourist-information.com\/de\/wp-json\/wp\/v2\/tags?post=18516"}],"curies":[{"name":"wp","href":"https:\/\/api.w.org\/{rel}","templated":true}]}}