{"id":18524,"date":"2025-04-25T12:08:31","date_gmt":"2025-04-25T12:08:31","guid":{"rendered":"https:\/\/italy-tourist-information.com\/tickets-to-sforza-castle"},"modified":"2026-04-22T12:02:59","modified_gmt":"2026-04-22T12:02:59","slug":"tickets-fuer-castello-sforzesco","status":"publish","type":"page","link":"https:\/\/italy-tourist-information.com\/de\/tickets-fuer-castello-sforzesco","title":{"rendered":"Tickets f\u00fcr Castello Sforzesco und Rondaninis Piet\u00e0 mit Audioguide"},"content":{"rendered":"<p><span><img decoding=\"async\" alt=\"\" data-id=\"10229\" width=\"1600\" height=\"1000\" title=\"Tickets f\u00fcr das Castello Sforzesco und Rondaninis Piet\u00e0 mit Audioguide\" src=\"https:\/\/italy-tourist-information.com\/wp-content\/uploads\/2025\/04\/Tickets-to-Sforza-Castle-Rondaninis-Pieta-with-Audio-Guide-ota-1024x640.avif\" data-src=\"https:\/\/italy-tourist-information.com\/wp-content\/uploads\/2025\/04\/Tickets-to-Sforza-Castle-Rondaninis-Pieta-with-Audio-Guide-ota-300x188.avif\" loading=\"lazy\" data-sizes=\"{&quot;thumbnail&quot;:{&quot;url&quot;:&quot;https:\/\/italy-tourist-information.com\/wp-content\/uploads\/2025\/04\/Tickets-to-Sforza-Castle-Rondaninis-Pieta-with-Audio-Guide-ota-150x150.avif&quot;,&quot;height&quot;:150,&quot;width&quot;:150,&quot;orientation&quot;:&quot;landscape&quot;},&quot;medium&quot;:{&quot;url&quot;:&quot;https:\/\/italy-tourist-information.com\/wp-content\/uploads\/2025\/04\/Tickets-to-Sforza-Castle-Rondaninis-Pieta-with-Audio-Guide-ota-300x188.avif&quot;,&quot;height&quot;:188,&quot;width&quot;:300,&quot;orientation&quot;:&quot;landscape&quot;},&quot;large&quot;:{&quot;url&quot;:&quot;https:\/\/italy-tourist-information.com\/wp-content\/uploads\/2025\/04\/Tickets-to-Sforza-Castle-Rondaninis-Pieta-with-Audio-Guide-ota-1024x640.avif&quot;,&quot;height&quot;:640,&quot;width&quot;:1024,&quot;orientation&quot;:&quot;landscape&quot;},&quot;full&quot;:{&quot;url&quot;:&quot;https:\/\/italy-tourist-information.com\/wp-content\/uploads\/2025\/04\/Tickets-to-Sforza-Castle-Rondaninis-Pieta-with-Audio-Guide-ota.avif&quot;,&quot;height&quot;:1000,&quot;width&quot;:1600,&quot;orientation&quot;:&quot;landscape&quot;},&quot;1536x1536&quot;:{&quot;url&quot;:&quot;https:\/\/italy-tourist-information.com\/wp-content\/uploads\/2025\/04\/Tickets-to-Sforza-Castle-Rondaninis-Pieta-with-Audio-Guide-ota-1536x960.avif&quot;,&quot;height&quot;:960,&quot;width&quot;:1536,&quot;orientation&quot;:&quot;landscape&quot;}}\"><\/span><span><img decoding=\"async\" alt=\"\" data-id=\"10228\" width=\"1600\" height=\"1000\" title=\"Tickets f\u00fcr das Castello Sforzesco und Rondaninis Piet\u00e0 mit Audioguide ota2\" src=\"https:\/\/italy-tourist-information.com\/wp-content\/uploads\/2025\/04\/Tickets-to-Sforza-Castle-Rondaninis-Pieta-with-Audio-Guide-ota2-1024x640.avif\" data-src=\"https:\/\/italy-tourist-information.com\/wp-content\/uploads\/2025\/04\/Tickets-to-Sforza-Castle-Rondaninis-Pieta-with-Audio-Guide-ota2-300x188.avif\" loading=\"lazy\" data-sizes=\"{&quot;thumbnail&quot;:{&quot;url&quot;:&quot;https:\/\/italy-tourist-information.com\/wp-content\/uploads\/2025\/04\/Tickets-to-Sforza-Castle-Rondaninis-Pieta-with-Audio-Guide-ota2-150x150.avif&quot;,&quot;height&quot;:150,&quot;width&quot;:150,&quot;orientation&quot;:&quot;landscape&quot;},&quot;medium&quot;:{&quot;url&quot;:&quot;https:\/\/italy-tourist-information.com\/wp-content\/uploads\/2025\/04\/Tickets-to-Sforza-Castle-Rondaninis-Pieta-with-Audio-Guide-ota2-300x188.avif&quot;,&quot;height&quot;:188,&quot;width&quot;:300,&quot;orientation&quot;:&quot;landscape&quot;},&quot;large&quot;:{&quot;url&quot;:&quot;https:\/\/italy-tourist-information.com\/wp-content\/uploads\/2025\/04\/Tickets-to-Sforza-Castle-Rondaninis-Pieta-with-Audio-Guide-ota2-1024x640.avif&quot;,&quot;height&quot;:640,&quot;width&quot;:1024,&quot;orientation&quot;:&quot;landscape&quot;},&quot;full&quot;:{&quot;url&quot;:&quot;https:\/\/italy-tourist-information.com\/wp-content\/uploads\/2025\/04\/Tickets-to-Sforza-Castle-Rondaninis-Pieta-with-Audio-Guide-ota2.avif&quot;,&quot;height&quot;:1000,&quot;width&quot;:1600,&quot;orientation&quot;:&quot;landscape&quot;},&quot;1536x1536&quot;:{&quot;url&quot;:&quot;https:\/\/italy-tourist-information.com\/wp-content\/uploads\/2025\/04\/Tickets-to-Sforza-Castle-Rondaninis-Pieta-with-Audio-Guide-ota2-1536x960.avif&quot;,&quot;height&quot;:960,&quot;width&quot;:1536,&quot;orientation&quot;:&quot;landscape&quot;}}\"><\/span><span><img decoding=\"async\" alt=\"\" data-id=\"10227\" width=\"1600\" height=\"1000\" title=\"Tickets f\u00fcr das Castello Sforzesco und Rondaninis Piet\u00e0 mit Audioguide ota3\" src=\"https:\/\/italy-tourist-information.com\/wp-content\/uploads\/2025\/04\/Tickets-to-Sforza-Castle-Rondaninis-Pieta-with-Audio-Guide-ota3-1024x640.avif\" data-src=\"https:\/\/italy-tourist-information.com\/wp-content\/uploads\/2025\/04\/Tickets-to-Sforza-Castle-Rondaninis-Pieta-with-Audio-Guide-ota3-300x188.avif\" loading=\"lazy\" data-sizes=\"{&quot;thumbnail&quot;:{&quot;url&quot;:&quot;https:\/\/italy-tourist-information.com\/wp-content\/uploads\/2025\/04\/Tickets-to-Sforza-Castle-Rondaninis-Pieta-with-Audio-Guide-ota3-150x150.avif&quot;,&quot;height&quot;:150,&quot;width&quot;:150,&quot;orientation&quot;:&quot;landscape&quot;},&quot;medium&quot;:{&quot;url&quot;:&quot;https:\/\/italy-tourist-information.com\/wp-content\/uploads\/2025\/04\/Tickets-to-Sforza-Castle-Rondaninis-Pieta-with-Audio-Guide-ota3-300x188.avif&quot;,&quot;height&quot;:188,&quot;width&quot;:300,&quot;orientation&quot;:&quot;landscape&quot;},&quot;large&quot;:{&quot;url&quot;:&quot;https:\/\/italy-tourist-information.com\/wp-content\/uploads\/2025\/04\/Tickets-to-Sforza-Castle-Rondaninis-Pieta-with-Audio-Guide-ota3-1024x640.avif&quot;,&quot;height&quot;:640,&quot;width&quot;:1024,&quot;orientation&quot;:&quot;landscape&quot;},&quot;full&quot;:{&quot;url&quot;:&quot;https:\/\/italy-tourist-information.com\/wp-content\/uploads\/2025\/04\/Tickets-to-Sforza-Castle-Rondaninis-Pieta-with-Audio-Guide-ota3.avif&quot;,&quot;height&quot;:1000,&quot;width&quot;:1600,&quot;orientation&quot;:&quot;landscape&quot;},&quot;1536x1536&quot;:{&quot;url&quot;:&quot;https:\/\/italy-tourist-information.com\/wp-content\/uploads\/2025\/04\/Tickets-to-Sforza-Castle-Rondaninis-Pieta-with-Audio-Guide-ota3-1536x960.avif&quot;,&quot;height&quot;:960,&quot;width&quot;:1536,&quot;orientation&quot;:&quot;landscape&quot;}}\"><\/span><span><img decoding=\"async\" alt=\"\" data-id=\"10226\" width=\"1600\" height=\"1000\" title=\"Tickets f\u00fcr das Castello Sforzesco und Rondaninis Piet\u00e0 mit Audioguide ota4\" src=\"https:\/\/italy-tourist-information.com\/wp-content\/uploads\/2025\/04\/Tickets-to-Sforza-Castle-Rondaninis-Pieta-with-Audio-Guide-ota4-1024x640.avif\" data-src=\"https:\/\/italy-tourist-information.com\/wp-content\/uploads\/2025\/04\/Tickets-to-Sforza-Castle-Rondaninis-Pieta-with-Audio-Guide-ota4-300x188.avif\" loading=\"lazy\" data-sizes=\"{&quot;thumbnail&quot;:{&quot;url&quot;:&quot;https:\/\/italy-tourist-information.com\/wp-content\/uploads\/2025\/04\/Tickets-to-Sforza-Castle-Rondaninis-Pieta-with-Audio-Guide-ota4-150x150.avif&quot;,&quot;height&quot;:150,&quot;width&quot;:150,&quot;orientation&quot;:&quot;landscape&quot;},&quot;medium&quot;:{&quot;url&quot;:&quot;https:\/\/italy-tourist-information.com\/wp-content\/uploads\/2025\/04\/Tickets-to-Sforza-Castle-Rondaninis-Pieta-with-Audio-Guide-ota4-300x188.avif&quot;,&quot;height&quot;:188,&quot;width&quot;:300,&quot;orientation&quot;:&quot;landscape&quot;},&quot;large&quot;:{&quot;url&quot;:&quot;https:\/\/italy-tourist-information.com\/wp-content\/uploads\/2025\/04\/Tickets-to-Sforza-Castle-Rondaninis-Pieta-with-Audio-Guide-ota4-1024x640.avif&quot;,&quot;height&quot;:640,&quot;width&quot;:1024,&quot;orientation&quot;:&quot;landscape&quot;},&quot;full&quot;:{&quot;url&quot;:&quot;https:\/\/italy-tourist-information.com\/wp-content\/uploads\/2025\/04\/Tickets-to-Sforza-Castle-Rondaninis-Pieta-with-Audio-Guide-ota4.avif&quot;,&quot;height&quot;:1000,&quot;width&quot;:1600,&quot;orientation&quot;:&quot;landscape&quot;},&quot;1536x1536&quot;:{&quot;url&quot;:&quot;https:\/\/italy-tourist-information.com\/wp-content\/uploads\/2025\/04\/Tickets-to-Sforza-Castle-Rondaninis-Pieta-with-Audio-Guide-ota4-1536x960.avif&quot;,&quot;height&quot;:960,&quot;width&quot;:1536,&quot;orientation&quot;:&quot;landscape&quot;}}\"><\/span><\/p>\n<h1 data-qa-marker=\"product-name\">Tickets f\u00fcr Schloss Sforza &amp; Rondaninis Piet\u00e0 mit Audioguide<\/h1>\n<h2><a href=\"https:\/\/www.headout.com\/de\/castello-sforzesco\/tickets-fur-schloss-sforza-rondaninis-pieta-mit-audioguide-e-16791\/?affiliate_code=KXkQ69&amp;utm_campaign=itidesforzacastlesp&amp;utm_content=link&amp;utm_medium=affiliate&amp;utm_source=most_amazing_places\" target=\"_blank\" rel=\"nofollow noopener\" style=\"outline: none;\">Zur Buchung<\/a><\/h2>\n<h1><a href=\"https:\/\/www.headout.com\/de\/castello-sforzesco\/tickets-fur-schloss-sforza-rondaninis-pieta-mit-audioguide-e-16791\/?affiliate_code=KXkQ69&amp;utm_campaign=itidesforzacastlesp&amp;utm_content=link&amp;utm_medium=affiliate&amp;utm_source=most_amazing_places\" target=\"_blank\" rel=\"nofollow noopener\" style=\"outline: none;\" spellcheck=\"false\">Ab <strong>15 \u20ac<\/strong><\/a><\/h1>\n<p dir=\"ltr\">Entdecken Sie <strong>das Castello Sforzesco und Mailands kulturelle H\u00f6hepunkte<\/strong>&nbsp;in Ihrem eigenen Tempo mit Tickets und digitalem Audioguide, inklusive reserviertem Zugang zu bedeutenden Sammlungen und ber\u00fchmten Sehensw\u00fcrdigkeiten der Stadt.<\/p>\n<ul>\n<li style=\"\"><span>Handverlesenes Ticket<\/span><\/li>\n<li style=\"\"><span>Reservierter Eingang<\/span><\/li>\n<li style=\"\"><span>Audioguide enthalten<\/span><\/li>\n<li style=\"\"><span>Kostenlose Stornierung<\/span><\/li>\n<\/ul>\n<h2>Inbegriffen<\/h2>\n<ul>\n<li style=\"\">                    <span>Reservierte Eintrittskarte f\u00fcr das Castello Sforzesco<\/span><\/li>\n<li style=\"\">                    <span>App f\u00fcr digitale Audioguides<\/span><\/li>\n<li><span>Digitale Audioguide-Tour durch Mailand<\/span><\/li>\n<li><span>Mehrsprachiger Audiokommentar (Englisch, Franz\u00f6sisch, Deutsch, Italienisch, Spanisch, Mandarin)<\/span><\/li>\n<\/ul>\n<h2>Nicht inbegriffen<\/h2>\n<ul>\n<li style=\"\"><span>Mobilger\u00e4t<\/span><\/li>\n<\/ul>\n<ul>\n<li style=\"\"><span>Kopfh\u00f6rer<\/span><\/li>\n<li style=\"\"><span>Fahrkarten f\u00fcr \u00f6ffentliche Verkehrsmittel<\/span><\/li>\n<\/ul>\n<h2>Wichtige Informationen<\/h2>\n<ul>\n<li><span>Ihr mobiler Voucher muss am Treffpunkt gegen eine Eintrittskarte eingetauscht werden.<\/span><\/li>\n<li><span>Bringen Sie Ihren g\u00fcltigen Lichtbildausweis (und ggf. Ihren Studentenausweis) mit.<\/span><\/li>\n<li><span>Bitte kommen Sie 15 Minuten fr\u00fcher, um einen reibungslosen Einlass zu gew\u00e4hrleisten.<\/span><\/li>\n<li><span>Dies ist nicht der offizielle Audioguide vor Ort, sondern ein digitales Produkt von VOX.<\/span><\/li>\n<li><span>Der Zutritt und die Nutzung unterliegen den \u00d6ffnungszeiten von Schloss Sforza.<\/span><\/li>\n<li><span>Die Tour beinhaltet Navigationsfunktionen und empfohlene Spazierwege f\u00fcr Mailand.<\/span><\/li>\n<\/ul>\n<h2>Beschreibung:<\/h2>\n<p data-end=\"303\" data-start=\"0\">Entdecken Sie Mailands historischen Charme mit einem <strong>vorab gebuchten Ticket f\u00fcr Castello Sforzesco<\/strong> und einem digitalen Audioguide. Erkunden Sie eine der gr\u00f6\u00dften mittelalterlichen und Renaissance-Festungen Europas in Ihrem eigenen Tempo und entdecken Sie ihre Museen, Innenh\u00f6fe und Kunstsammlungen mithilfe eines App-basierten Guides.<\/p>\n<p data-end=\"598\" data-is-last-node=\"\" data-is-only-node=\"\" data-start=\"305\">Nach Ihrem Besuch k\u00f6nnen Sie Ihre Erkundungstour mit speziell zusammengestellten Audio-Spazierg\u00e4ngen fortsetzen, die Sie durch <strong>Mailands historisches Zentrum und nahegelegene Sehensw\u00fcrdigkeiten<\/strong> f\u00fchren und so ein zusammenh\u00e4ngendes Kulturerlebnis erm\u00f6glichen.<\/p>\n<h2>Highlights:<\/h2>\n<ul>\n<li ltr\"\"=\"\"><strong>Genie\u00dfen Sie den bevorzugten Zugang<\/strong> zu einem der ber\u00fchmtesten Schl\u00f6sser Mailands.<\/li>\n<li dir=\"ltr\"><strong>Sehen Sie sich die Piet\u00e0 Rondanini an<\/strong>, Michelangelos letzte Skulptur<\/li>\n<li dir=\"ltr\"><strong>Entdecken Sie Mailands Sehensw\u00fcrdigkeiten,<\/strong>&nbsp;darunter den Dom und die St\u00e4tten Leonardo da Vincis, mit Ihrem digitalen Audioguide.<\/li>\n<li dir=\"ltr\"><strong>Mehrsprachiger Audiokommentar,<\/strong> speziell f\u00fcr Individualreisende<\/li>\n<li dir=\"ltr\"><strong>Empfohlene Wanderrouten<\/strong> und kulturelle Einblicke durch eine benutzerfreundliche App<\/li>\n<\/ul>\n<h2>Schloss Sforza<\/h2>\n<p>Piazza Castello, 20121 Milano MI, Italien<\/p>\n<h2>Stornierungsbedingungen<\/h2>\n<p>Volle R\u00fcckerstattung bei Stornierungen bis zu 24 Stunden vor dem Erlebnis.<\/p>\n<h2>Treffpunkt &amp; Anweisungen<\/h2>\n<p data-pm-slice=\"1 1 []\"><strong>Treffpunkt:<\/strong> Vor dem Torre del Filarete (Haupteingang) an der Piazza Castello 1, 20121 Mailand MI, Italien \u2013 neben dem zentralen Brunnen. <br \/><strong>Halten Sie Ausschau nach:<\/strong> Einem Gastgeber in blauer VOX-Jacke, der eine Mappe mit der Aufschrift \u201eVOX\u201c h\u00e4lt, in der N\u00e4he der gro\u00dfen Flaggen am Eingang.<\/p>\n<p><a href=\"https:\/\/www.google.com\/maps\/place\/8FQFF59J%2BR7\/@45.4695662,9.1784988,17z\/data=!3m1!4b1!4m5!3m4!1s0x0:0xd9712fb12fd0ada2!8m2!3d45.4695625!4d9.1806875\" data-lt-tmp-id=\"lt-827772\" spellcheck=\"false\" target=\"_blank\" rel=\"nofollow noopener\" style=\"outline: none;\">In Karten \u00f6ffnen<\/a><\/p>\n<h2>Bewertungen<\/h2>\n<p><strong>4,3\/5 (97&nbsp;<\/strong><strong>&nbsp;Bewertungen)<\/strong><\/p>\n<p><em>\u201e<\/em>Der Besuch des Castello Sforzesco in Mailand war absolut gro\u00dfartig. Majest\u00e4tisch und geschichtstr\u00e4chtig, zieht das Schloss mit seiner prachtvollen Architektur und lebendigen Atmosph\u00e4re alle Blicke auf sich. Der H\u00f6hepunkt des Besuchs war Michelangelos Piet\u00e0 Rondanini \u2013 sein letztes und bewegendstes Werk\u2026\u201c Prihoi, Nov. 2025 &nbsp;<a href=\"https:\/\/www.headout.com\/de\/castello-sforzesco\/tickets-fur-schloss-sforza-rondaninis-pieta-mit-audioguide-e-16791\/?affiliate_code=KXkQ69&amp;utm_campaign=itidesforzacastlesp&amp;utm_content=link&amp;utm_medium=affiliate&amp;utm_source=most_amazing_places\" target=\"_blank\" rel=\"nofollow noopener\" data-lt-tmp-id=\"lt-873882\" spellcheck=\"false\" style=\"outline: none;\">&nbsp;&gt;&gt; Weitere Bewertungen ansehen\u2026<\/a><\/p>\n<h2>Einige Aktivit\u00e4ten, die Ihnen gefallen k\u00f6nnten<\/h2>\n<p><span># <\/span><strong><span>2<\/span><\/strong><span># <\/span><strong><span>2<\/span><\/strong><span><img decoding=\"async\" alt=\"\" data-id=\"10223\" width=\"159\" data-init-width=\"800\" height=\"159\" data-init-height=\"800\" title=\"Das letzte Abendmahl \u2013 Ticket ohne Anstehen + F\u00fchrung Das letzte Abendmahl \u2013 Ticket ohne Anstehen + F\u00fchrung\" loading=\"lazy\" src=\"https:\/\/italy-tourist-information.com\/wp-content\/uploads\/2025\/04\/The-Last-Supper-Skip-The-Line-Ticket-Guided-Tour-The-Last-Supper-Skip-The-Line-Ticket-Guided-Tour-ota.avif\" data-width=\"159\" data-height=\"159\" style=\"aspect-ratio: auto 800 \/ 800;\"><\/span><\/p>\n<table>\n<tbody>\n<tr>\n<td><a href=\"https:\/\/www.tiqets.com\/de\/milan-attractions-c71749\/tickets-for-the-last-supper-skip-the-line-guided-tour-p1109340\/?partner=italytouristinformation&amp;tq_campaign=ITIDeSforzaCastleSP2\" target=\"_blank\" rel=\"nofollow noopener\" style=\"outline: none;\" spellcheck=\"false\">Das letzte Abendmahl: Ticket ohne Anstehen + F\u00fchrung<\/a><\/td>\n<\/tr>\n<\/tbody>\n<\/table>\n<p dir=\"ltr\">Tauchen Sie ein in Mailands reiche Geschichte mit einer F\u00fchrung, die Ihnen den bevorzugten Einlass zu Leonardo da Vincis \u201eLetztem Abendmahl\u201c erm\u00f6glicht.<\/p>\n<h3 style=\"\">Gesamtpreis<\/h3>\n<h3 style=\"\">Ihr Konto wird noch nicht belastet<\/h3>\n<p><span># <\/span><strong><span>2<\/span><\/strong><span><img decoding=\"async\" alt=\"\" data-id=\"10106\" width=\"159\" data-init-width=\"800\" height=\"159\" data-init-height=\"800\" title=\"Stadtrundfahrt Mailand \u2013 Hop-on-Hop-off-Bus\" loading=\"lazy\" src=\"https:\/\/italy-tourist-information.com\/wp-content\/uploads\/2025\/04\/City-Sightseeing-Milan-Hop-on-Hop-off-Bus-ota.avif\" data-width=\"159\" data-height=\"159\" style=\"aspect-ratio: auto 800 \/ 800;\"><\/span><\/p>\n<table>\n<tbody>\n<tr>\n<td><a href=\"https:\/\/www.tiqets.com\/de\/milan-attractions-c71749\/tickets-for-hop-on-hop-off-bus-milan-p975062\/?partner=italytouristinformation&amp;tq_campaign=ITIDeSforzaCastleSP3\" target=\"_blank\" rel=\"nofollow noopener\" style=\"outline: none;\" data-lt-tmp-id=\"lt-458086\" spellcheck=\"false\">Stadtrundfahrt Mailand: Hop-on-Hop-off-Bus<\/a><\/td>\n<\/tr>\n<\/tbody>\n<\/table>\n<p data-pm-slice=\"1 1 []\">Erkunden Sie Mailand in Ihrem eigenen Tempo mit einer Hop-On Hop-Off-Bustour inklusive mehrsprachigem Audioguide!<\/p>\n<h3 style=\"\">Gesamtpreis<\/h3>\n<h3>Ihr Konto wird noch nicht belastet<\/h3>\n<p><\/p>\n<h2><a href=\"https:\/\/www.headout.com\/de\/castello-sforzesco\/tickets-fur-schloss-sforza-rondaninis-pieta-mit-audioguide-e-16791\/?affiliate_code=KXkQ69&amp;utm_campaign=itidesforzacastlesp&amp;utm_content=link&amp;utm_medium=affiliate&amp;utm_source=most_amazing_places\" target=\"_blank\" rel=\"nofollow noopener\" style=\"outline: none;\">Zur Buchung<\/a><\/h2>\n<h1><a href=\"https:\/\/www.headout.com\/de\/castello-sforzesco\/tickets-fur-schloss-sforza-rondaninis-pieta-mit-audioguide-e-16791\/?affiliate_code=KXkQ69&amp;utm_campaign=itidesforzacastlesp&amp;utm_content=link&amp;utm_medium=affiliate&amp;utm_source=most_amazing_places\" target=\"_blank\" rel=\"nofollow noopener\" style=\"outline: none;\">Ab <strong>15 \u20ac<\/strong><\/a><\/h1>\n<h3>Ihr Konto wird noch nicht belastet<\/h3>\n","protected":false},"excerpt":{"rendered":"<p>Tickets f\u00fcr Schloss Sforza &amp; Rondaninis Piet\u00e0 mit Audioguide Zur Buchung Ab 15 \u20ac Entdecken Sie das Castello Sforzesco und Mailands kulturelle H\u00f6hepunkte&nbsp;in Ihrem eigenen Tempo mit Tickets und digitalem Audioguide, inklusive reserviertem Zugang zu bedeutenden Sammlungen und ber\u00fchmten Sehensw\u00fcrdigkeiten der Stadt. Handverlesenes Ticket Reservierter Eingang Audioguide enthalten Kostenlose Stornierung Inbegriffen Reservierte Eintrittskarte f\u00fcr das [&hellip;]<\/p>\n","protected":false},"author":6,"featured_media":18518,"parent":0,"menu_order":0,"comment_status":"closed","ping_status":"closed","template":"","meta":{"footnotes":""},"categories":[133,128],"tags":[135,130],"class_list":["post-18524","page","type-page","status-publish","has-post-thumbnail","hentry","category-mailand","category-verkaufsseite","tag-milan","tag-verkaufsseite","post-wrapper","thrv_wrapper"],"_links":{"self":[{"href":"https:\/\/italy-tourist-information.com\/de\/wp-json\/wp\/v2\/pages\/18524","targetHints":{"allow":["GET"]}}],"collection":[{"href":"https:\/\/italy-tourist-information.com\/de\/wp-json\/wp\/v2\/pages"}],"about":[{"href":"https:\/\/italy-tourist-information.com\/de\/wp-json\/wp\/v2\/types\/page"}],"author":[{"embeddable":true,"href":"https:\/\/italy-tourist-information.com\/de\/wp-json\/wp\/v2\/users\/6"}],"replies":[{"embeddable":true,"href":"https:\/\/italy-tourist-information.com\/de\/wp-json\/wp\/v2\/comments?post=18524"}],"version-history":[{"count":7,"href":"https:\/\/italy-tourist-information.com\/de\/wp-json\/wp\/v2\/pages\/18524\/revisions"}],"predecessor-version":[{"id":20027,"href":"https:\/\/italy-tourist-information.com\/de\/wp-json\/wp\/v2\/pages\/18524\/revisions\/20027"}],"wp:featuredmedia":[{"embeddable":true,"href":"https:\/\/italy-tourist-information.com\/de\/wp-json\/wp\/v2\/media\/18518"}],"wp:attachment":[{"href":"https:\/\/italy-tourist-information.com\/de\/wp-json\/wp\/v2\/media?parent=18524"}],"wp:term":[{"taxonomy":"category","embeddable":true,"href":"https:\/\/italy-tourist-information.com\/de\/wp-json\/wp\/v2\/categories?post=18524"},{"taxonomy":"post_tag","embeddable":true,"href":"https:\/\/italy-tourist-information.com\/de\/wp-json\/wp\/v2\/tags?post=18524"}],"curies":[{"name":"wp","href":"https:\/\/api.w.org\/{rel}","templated":true}]}}