{"id":18527,"date":"2024-09-17T12:32:03","date_gmt":"2024-09-17T12:32:03","guid":{"rendered":"https:\/\/italy-tourist-information.com\/tickets-to-siena-cathedral"},"modified":"2026-04-21T15:01:28","modified_gmt":"2026-04-21T15:01:28","slug":"tickets-fuer-dom-von-siena","status":"publish","type":"page","link":"https:\/\/italy-tourist-information.com\/de\/tickets-fuer-dom-von-siena","title":{"rendered":"Tickets f\u00fcr Dom von Siena und die Piccolomini-Bibliothek mit Audioguide"},"content":{"rendered":"<p><span><img decoding=\"async\" alt=\"\" data-id=\"6749\" width=\"1200\" height=\"750\" title=\"Tickets f\u00fcr den Dom von Siena und die Piccolomini-Bibliothek inklusive Audioguide\" src=\"https:\/\/italy-tourist-information.com\/wp-content\/uploads\/2024\/09\/Siena-Cathedral-Piccolomini-Library-Tickets-with-Audio-Guide--1024x640.avif\" data-src=\"https:\/\/italy-tourist-information.com\/wp-content\/uploads\/2024\/09\/Siena-Cathedral-Piccolomini-Library-Tickets-with-Audio-Guide--300x188.avif\" data-sizes=\"{&quot;thumbnail&quot;:{&quot;url&quot;:&quot;https:\/\/italy-tourist-information.com\/wp-content\/uploads\/2024\/09\/Siena-Cathedral-Piccolomini-Library-Tickets-with-Audio-Guide--150x150.avif&quot;,&quot;height&quot;:150,&quot;width&quot;:150,&quot;orientation&quot;:&quot;landscape&quot;},&quot;medium&quot;:{&quot;url&quot;:&quot;https:\/\/italy-tourist-information.com\/wp-content\/uploads\/2024\/09\/Siena-Cathedral-Piccolomini-Library-Tickets-with-Audio-Guide--300x188.avif&quot;,&quot;height&quot;:188,&quot;width&quot;:300,&quot;orientation&quot;:&quot;landscape&quot;},&quot;large&quot;:{&quot;url&quot;:&quot;https:\/\/italy-tourist-information.com\/wp-content\/uploads\/2024\/09\/Siena-Cathedral-Piccolomini-Library-Tickets-with-Audio-Guide--1024x640.avif&quot;,&quot;height&quot;:640,&quot;width&quot;:1024,&quot;orientation&quot;:&quot;landscape&quot;},&quot;full&quot;:{&quot;url&quot;:&quot;https:\/\/italy-tourist-information.com\/wp-content\/uploads\/2024\/09\/Siena-Cathedral-Piccolomini-Library-Tickets-with-Audio-Guide-.avif&quot;,&quot;height&quot;:750,&quot;width&quot;:1200,&quot;orientation&quot;:&quot;landscape&quot;}}\" loading=\"lazy\"><\/span><span><img decoding=\"async\" alt=\"\" data-id=\"6748\" width=\"1200\" height=\"750\" title=\"Tickets f\u00fcr den Dom von Siena und die Piccolomini-Bibliothek mit Audioguide 2\" src=\"https:\/\/italy-tourist-information.com\/wp-content\/uploads\/2024\/09\/Siena-Cathedral-Piccolomini-Library-Tickets-with-Audio-Guide-2-1024x640.avif\" data-src=\"https:\/\/italy-tourist-information.com\/wp-content\/uploads\/2024\/09\/Siena-Cathedral-Piccolomini-Library-Tickets-with-Audio-Guide-2-300x188.avif\" data-sizes=\"{&quot;thumbnail&quot;:{&quot;url&quot;:&quot;https:\/\/italy-tourist-information.com\/wp-content\/uploads\/2024\/09\/Siena-Cathedral-Piccolomini-Library-Tickets-with-Audio-Guide-2-150x150.avif&quot;,&quot;height&quot;:150,&quot;width&quot;:150,&quot;orientation&quot;:&quot;landscape&quot;},&quot;medium&quot;:{&quot;url&quot;:&quot;https:\/\/italy-tourist-information.com\/wp-content\/uploads\/2024\/09\/Siena-Cathedral-Piccolomini-Library-Tickets-with-Audio-Guide-2-300x188.avif&quot;,&quot;height&quot;:188,&quot;width&quot;:300,&quot;orientation&quot;:&quot;landscape&quot;},&quot;large&quot;:{&quot;url&quot;:&quot;https:\/\/italy-tourist-information.com\/wp-content\/uploads\/2024\/09\/Siena-Cathedral-Piccolomini-Library-Tickets-with-Audio-Guide-2-1024x640.avif&quot;,&quot;height&quot;:640,&quot;width&quot;:1024,&quot;orientation&quot;:&quot;landscape&quot;},&quot;full&quot;:{&quot;url&quot;:&quot;https:\/\/italy-tourist-information.com\/wp-content\/uploads\/2024\/09\/Siena-Cathedral-Piccolomini-Library-Tickets-with-Audio-Guide-2.avif&quot;,&quot;height&quot;:750,&quot;width&quot;:1200,&quot;orientation&quot;:&quot;landscape&quot;}}\" loading=\"lazy\"><\/span><span><img decoding=\"async\" alt=\"\" data-id=\"6747\" width=\"1200\" height=\"750\" title=\"Tickets f\u00fcr den Dom von Siena und die Piccolomini-Bibliothek mit Audioguide 3\" src=\"https:\/\/italy-tourist-information.com\/wp-content\/uploads\/2024\/09\/Siena-Cathedral-Piccolomini-Library-Tickets-with-Audio-Guide-3-1024x640.avif\" data-src=\"https:\/\/italy-tourist-information.com\/wp-content\/uploads\/2024\/09\/Siena-Cathedral-Piccolomini-Library-Tickets-with-Audio-Guide-3-300x188.avif\" data-sizes=\"{&quot;thumbnail&quot;:{&quot;url&quot;:&quot;https:\/\/italy-tourist-information.com\/wp-content\/uploads\/2024\/09\/Siena-Cathedral-Piccolomini-Library-Tickets-with-Audio-Guide-3-150x150.avif&quot;,&quot;height&quot;:150,&quot;width&quot;:150,&quot;orientation&quot;:&quot;landscape&quot;},&quot;medium&quot;:{&quot;url&quot;:&quot;https:\/\/italy-tourist-information.com\/wp-content\/uploads\/2024\/09\/Siena-Cathedral-Piccolomini-Library-Tickets-with-Audio-Guide-3-300x188.avif&quot;,&quot;height&quot;:188,&quot;width&quot;:300,&quot;orientation&quot;:&quot;landscape&quot;},&quot;large&quot;:{&quot;url&quot;:&quot;https:\/\/italy-tourist-information.com\/wp-content\/uploads\/2024\/09\/Siena-Cathedral-Piccolomini-Library-Tickets-with-Audio-Guide-3-1024x640.avif&quot;,&quot;height&quot;:640,&quot;width&quot;:1024,&quot;orientation&quot;:&quot;landscape&quot;},&quot;full&quot;:{&quot;url&quot;:&quot;https:\/\/italy-tourist-information.com\/wp-content\/uploads\/2024\/09\/Siena-Cathedral-Piccolomini-Library-Tickets-with-Audio-Guide-3.avif&quot;,&quot;height&quot;:750,&quot;width&quot;:1200,&quot;orientation&quot;:&quot;landscape&quot;}}\" loading=\"lazy\"><\/span><span><img decoding=\"async\" alt=\"\" data-id=\"6746\" width=\"1200\" height=\"750\" title=\"Tickets f\u00fcr den Dom von Siena und die Piccolomini-Bibliothek mit Audioguide 4\" src=\"https:\/\/italy-tourist-information.com\/wp-content\/uploads\/2024\/09\/Siena-Cathedral-Piccolomini-Library-Tickets-with-Audio-Guide-4-1024x640.avif\" data-src=\"https:\/\/italy-tourist-information.com\/wp-content\/uploads\/2024\/09\/Siena-Cathedral-Piccolomini-Library-Tickets-with-Audio-Guide-4-300x188.avif\" data-sizes=\"{&quot;thumbnail&quot;:{&quot;url&quot;:&quot;https:\/\/italy-tourist-information.com\/wp-content\/uploads\/2024\/09\/Siena-Cathedral-Piccolomini-Library-Tickets-with-Audio-Guide-4-150x150.avif&quot;,&quot;height&quot;:150,&quot;width&quot;:150,&quot;orientation&quot;:&quot;landscape&quot;},&quot;medium&quot;:{&quot;url&quot;:&quot;https:\/\/italy-tourist-information.com\/wp-content\/uploads\/2024\/09\/Siena-Cathedral-Piccolomini-Library-Tickets-with-Audio-Guide-4-300x188.avif&quot;,&quot;height&quot;:188,&quot;width&quot;:300,&quot;orientation&quot;:&quot;landscape&quot;},&quot;large&quot;:{&quot;url&quot;:&quot;https:\/\/italy-tourist-information.com\/wp-content\/uploads\/2024\/09\/Siena-Cathedral-Piccolomini-Library-Tickets-with-Audio-Guide-4-1024x640.avif&quot;,&quot;height&quot;:640,&quot;width&quot;:1024,&quot;orientation&quot;:&quot;landscape&quot;},&quot;full&quot;:{&quot;url&quot;:&quot;https:\/\/italy-tourist-information.com\/wp-content\/uploads\/2024\/09\/Siena-Cathedral-Piccolomini-Library-Tickets-with-Audio-Guide-4.avif&quot;,&quot;height&quot;:750,&quot;width&quot;:1200,&quot;orientation&quot;:&quot;landscape&quot;}}\" loading=\"lazy\"><\/span><span><img decoding=\"async\" alt=\"\" data-id=\"6744\" width=\"1200\" height=\"750\" title=\"Tickets f\u00fcr den Dom von Siena und die Piccolomini-Bibliothek mit Audioguide 5\" src=\"https:\/\/italy-tourist-information.com\/wp-content\/uploads\/2024\/09\/Siena-Cathedral-Piccolomini-Library-Tickets-with-Audio-Guide-5-1024x640.avif\" data-src=\"https:\/\/italy-tourist-information.com\/wp-content\/uploads\/2024\/09\/Siena-Cathedral-Piccolomini-Library-Tickets-with-Audio-Guide-5-300x188.avif\" data-sizes=\"{&quot;thumbnail&quot;:{&quot;url&quot;:&quot;https:\/\/italy-tourist-information.com\/wp-content\/uploads\/2024\/09\/Siena-Cathedral-Piccolomini-Library-Tickets-with-Audio-Guide-5-150x150.avif&quot;,&quot;height&quot;:150,&quot;width&quot;:150,&quot;orientation&quot;:&quot;landscape&quot;},&quot;medium&quot;:{&quot;url&quot;:&quot;https:\/\/italy-tourist-information.com\/wp-content\/uploads\/2024\/09\/Siena-Cathedral-Piccolomini-Library-Tickets-with-Audio-Guide-5-300x188.avif&quot;,&quot;height&quot;:188,&quot;width&quot;:300,&quot;orientation&quot;:&quot;landscape&quot;},&quot;large&quot;:{&quot;url&quot;:&quot;https:\/\/italy-tourist-information.com\/wp-content\/uploads\/2024\/09\/Siena-Cathedral-Piccolomini-Library-Tickets-with-Audio-Guide-5-1024x640.avif&quot;,&quot;height&quot;:640,&quot;width&quot;:1024,&quot;orientation&quot;:&quot;landscape&quot;},&quot;full&quot;:{&quot;url&quot;:&quot;https:\/\/italy-tourist-information.com\/wp-content\/uploads\/2024\/09\/Siena-Cathedral-Piccolomini-Library-Tickets-with-Audio-Guide-5.avif&quot;,&quot;height&quot;:750,&quot;width&quot;:1200,&quot;orientation&quot;:&quot;landscape&quot;}}\" loading=\"lazy\"><\/span><\/p>\n<h1>Dom von Siena &amp; Piccolomini-Bibliothek: Eintrittskarte<\/h1>\n<h2><a href=\"https:\/\/www.tiqets.com\/en\/siena-attractions-c71558\/tickets-for-cathedral-of-siena-skip-the-line-p974664\/?partner=italytouristinformation&amp;tq_campaign=ITISienaCathedralGttd\" target=\"_blank\" rel=\"nofollow noopener\" style=\"outline: none;\"><\/a>Zur Buchung<\/h2>\n<h1><a href=\"https:\/\/www.tiqets.com\/en\/siena-attractions-c71558\/tickets-for-cathedral-of-siena-skip-the-line-p974664\/?partner=italytouristinformation&amp;tq_campaign=ITISienaCathedralGttd\" target=\"_blank\" rel=\"nofollow noopener\" style=\"outline: none;\" spellcheck=\"false\"><strong>Ab 11,50<\/strong> \u20ac<strong><\/strong><\/a><\/h1>\n<p dir=\"ltr\">Entdecken Sie den pr\u00e4chtigen <strong>Dom von Siena<\/strong> und die Biblioteca Piccolomini mit einem informativen Audioguide. Bestaunen Sie atemberaubende Renaissancekunst, erkunden Sie historische Sch\u00e4tze und genie\u00dfen Sie unvergleichliche Ausblicke auf die toskanische Landschaft.<\/p>\n<ul>\n<li style=\"\"><span>Handverlesenes Ticket&nbsp;<\/span><\/li>\n<li style=\"\"><span>Mobiles Ticket<\/span><\/li>\n<li style=\"\"><span>Audioguide<\/span><\/li>\n<li style=\"\"><span>R\u00fcckerstattungsf\u00e4hige Tickets erh\u00e4ltlich<\/span><\/li>\n<\/ul>\n<h2>Inbegriffen<\/h2>\n<ul>\n<li style=\"\">                    <span>Eingang zum Dom von Siena<\/span><\/li>\n<li style=\"\">                    <span>Zugang zur Piccolomini-Bibliothek (sofern verf\u00fcgbar)&nbsp;<\/span><\/li>\n<li style=\"\">                    <span>Digitaler Audioguide auf Ihrem Smartphone (Englisch, Italienisch, Franz\u00f6sisch, Deutsch und Spanisch)<br \/><\/span><\/li>\n<li><span>Buchungs- und Bearbeitungskosten<\/span><\/li>\n<\/ul>\n<h2>Nicht inbegriffen<\/h2>\n<ul>\n<li style=\"\"><span>F\u00fchrung<\/span><\/li>\n<li style=\"\"><span>Zugang zum Museo dell&#8217;Opera, Panorama, Krypta und Baptisterium<\/span><\/li>\n<\/ul>\n<h2>Wichtige Informationen<\/h2>\n<ul>\n<li style=\"\"><span><span data-sheets-root=\"1\">Sie m\u00fcssen Ihren Gutschein vor dem Einlass an der Kasse gegen eine Eintrittskarte einl\u00f6sen.<\/span><\/span><\/li>\n<li><span>Bitte beachten Sie, dass der letzte Einlass in den Dom von Siena 30 Minuten vor Schlie\u00dfung ist.<\/span><\/li>\n<li><span>Die Tickets gelten ausschlie\u00dflich f\u00fcr das gew\u00e4hlte Datum.<\/span><\/li>\n<li><span>Einzelheiten zum Zugriff auf den digitalen Audioguide finden Sie auf Ihrer Eintrittskarte.<\/span><\/li>\n<li><span>Bringen Sie einen g\u00fcltigen Lichtbildausweis mit.<\/span><\/li>\n<li><span>Der Fu\u00dfboden der Kathedrale wird w\u00e4hrend zweier besonderer Zeitr\u00e4ume vollst\u00e4ndig freigelegt und gut sichtbar sein: vom 27. Juni bis 31. Juli 2026 und erneut vom 19. August bis 15. Oktober 2026.<\/span><\/li>\n<li style=\"\"><span>Es gibt strenge Regeln. \u00c4rmellose Oberteile und unbedeckte Schultern oder Knie sind im Dom von Siena nicht erlaubt.<\/span><\/li>\n<\/ul>\n<h2>Beschreibung:<\/h2>\n<p dir=\"ltr\">Entdecken Sie die Sch\u00f6nheit von Sienas gotischem Meisterwerk, <strong>dem <\/strong><strong>Dom von Siena<\/strong> und der prachtvollen <strong>Biblioteca Piccolomini<\/strong> mit einem fesselnden Audioguide. Dieser Besuch bietet eine Reise durch Jahrhunderte Renaissancekunst und stellt Werke von Michelangelo, Donatello und Pinturicchio in den Mittelpunkt. Genie\u00dfen Sie zus\u00e4tzlich den Panoramablick auf die toskanische Landschaft von der <strong>malerischen Terrasse des Doms.<\/strong><\/p>\n<h2>Highlights:<\/h2>\n<ul>\n<li dir=\"ltr\">Besuchen Sie den Dom von Siena, ein Wunderwerk gotischer Architektur, die Meisterwerke von Michelangelo, Bernini und anderen Beh\u00f6rden.<\/li>\n<li dir=\"ltr\">Betreten Sie die Piccolomini-Bibliothek und bewundern Sie die farbenpr\u00e4chtigen Fresken von Pinturicchio, die Szenen aus dem Leben von Papst Pius II. darstellen.<\/li>\n<li dir=\"ltr\">Tauchen Sie ein in das Geheimnis der Fresken aus dem 13. Jahrhundert, die unter der Kathedrale verborgen liegen.<\/li>\n<li dir=\"ltr\">Runden Sie Ihren Besuch mit einem atemberaubenden Blick auf Siena und die umliegenden toskanischen H\u00fcgel ab.<\/li>\n<\/ul>\n<h2>Kathedrale von Siena<\/h2>\n<p dir=\"ltr\">Piazza del Duomo, 8, 53100 Siena SI, Italien<\/p>\n<h2>Stornierungsbedingungen<\/h2>\n<p data-v-75df3edd=\"\">Wenn Sie beim Bezahlvorgang ein erstattungsf\u00e4higes Ticket w\u00e4hlen, k\u00f6nnen Sie bis 23:59 Uhr am Vortag Ihres Besuchs stornieren und erhalten eine volle R\u00fcckerstattung. Eine Umbuchung ist f\u00fcr dieses Ticket jedoch nicht m\u00f6glich.<\/p>\n<h2>Treffpunkt &amp; Anweisungen<\/h2>\n<p data-pm-slice=\"1 1 []\">Tauschen Sie Ihren Gutschein vor dem Eintritt in die Cripta del Duomo di Siena an der offiziellen Kasse gegen eine Eintrittskarte ein. Informationen zum Zugriff auf den digitalen Audioguide finden Sie auf Ihrer Eintrittskarte.<\/p>\n<p data-pm-slice=\"1 1 []\"><a href=\"https:\/\/www.google.com\/maps\/place\/Via+di+Citt%C3%A0,+48,+53100+Siena+SI,+Italy\/@43.3184337,11.3279582,17z\/data=!3m1!4b1!4m6!3m5!1s0x132a2cba1e31c7d3:0x6d094fa60118670a!8m2!3d43.3184298!4d11.3305331!16s\/g\/11cs983d9b?entry=ttu\" data-lt-tmp-id=\"lt-709961\" spellcheck=\"false\" target=\"_blank\" rel=\"nofollow noopener\" style=\"font-weight: var(--g-regular-weight, normal); background-color: rgb(255, 255, 255); outline: none;\">In Karten \u00f6ffnen<\/a><\/p>\n<h2>Bewertungen<\/h2>\n<p><strong>4,5\/5&nbsp; <\/strong><strong>(970 Bewertungen)<\/strong><\/p>\n<p dir=\"ltr\">\u201eDank des Online-Ticketkaufs konnten wir die lange Warteschlange umgehen. Wir konnten die Tickets abholen und die Kathedrale innerhalb der vorgesehenen Zeit besichtigen. Die Kathedrale war fantastisch und den Besuch sowie den Eintrittspreis absolut wert.\u201c Bj\u00f8rn, Mai 2024 <a href=\"https:\/\/www.tiqets.com\/en\/siena-sehenswuerdigkeiten-c71558\/tickets-fur-dom-von-siena-eintritt-p974664\/?partner=italytouristinformation&amp;tq_campaign=ITISienaCathedralGttd\" target=\"_blank\" rel=\"nofollow noopener\" spellcheck=\"false\" style=\"outline: none;\">&gt;&gt; Weitere Bewertungen ansehen&#8230;<\/a><\/p>\n<p><span># <\/span><strong><span>2<\/span><\/strong><span># <\/span><strong><span>2<\/span><\/strong><\/p>\n<h2>Einige Aktivit\u00e4ten, die Ihnen gefallen k\u00f6nnten<\/h2>\n<p><span># <\/span><strong><span>1<\/span><\/strong><span><img decoding=\"async\" alt=\"\" data-id=\"8889\" width=\"159\" data-init-width=\"1200\" height=\"99\" data-init-height=\"750\" title=\"Siena Cathedral Complex OPA SI Pass mit Audioguide\" src=\"https:\/\/italy-tourist-information.com\/wp-content\/uploads\/2024\/11\/Siena-Cathedral-Complex-OPA-SI-Pass-with-Audio-Guide-.avif\" data-width=\"159\" data-height=\"99\" style=\"aspect-ratio: auto 1200 \/ 750;\" loading=\"lazy\"><\/span><\/p>\n<table>\n<tbody>\n<tr>\n<td>\n<table>\n<tbody>\n<tr>\n<td data-del-cell=\"true\"><strong><strong><a data-lt-tmp-id=\"lt-162501\" href=\"https:\/\/www.headout.com\/r\/most-amazing-placesrecommends-FQFLV\/\" rel=\"nofollow noopener\" spellcheck=\"false\" target=\"_blank\" style=\"outline: none;\">Siena Cathedral Complex OPA SI Pass mit Audioguide<\/a><\/strong><\/strong><\/td>\n<\/tr>\n<\/tbody>\n<\/table>\n<\/td>\n<\/tr>\n<\/tbody>\n<\/table>\n<p>Erleben Sie drei Tage voller Entdeckungen mit dem OPA SI Pass und tauchen Sie mit einem informativen Audioguide in die Kunst und Geschichte des Domkomplexes von Siena ein.<\/p>\n<h3 style=\"\">Gesamtpreis<\/h3>\n<h3 style=\"\">Ihr Konto wird noch nicht belastet<\/h3>\n<p><\/p>\n<p><span><img decoding=\"async\" alt=\"\" data-id=\"8885\" width=\"159\" data-init-width=\"1200\" height=\"99\" data-init-height=\"750\" title=\"Kombi-Tickets: Eintrittskarten f\u00fcr die Kathedrale von Siena + Museumspass f\u00fcr San Gimignano\" src=\"https:\/\/italy-tourist-information.com\/wp-content\/uploads\/2024\/11\/Combo-Siena-Cathedral-Tickets-San-Gimignano-Museum-Pass-.avif\" data-width=\"159\" data-height=\"99\" style=\"aspect-ratio: auto 1200 \/ 750;\" loading=\"lazy\"><\/span><\/p>\n<table>\n<tbody>\n<tr>\n<td>\n<table>\n<tbody>\n<tr>\n<td data-del-cell=\"true\"><strong><a data-lt-tmp-id=\"lt-683377\" href=\"https:\/\/www.headout.com\/r\/most-amazing-placesrecommends-FPZ1C\/\" rel=\"nofollow noopener\" spellcheck=\"false\" target=\"_blank\" style=\"outline: none;\">Kombi-Angebot: Eintrittskarten f\u00fcr den Dom von Siena + Museumspass f\u00fcr San Gimignano<\/a><\/strong><\/td>\n<\/tr>\n<\/tbody>\n<\/table>\n<\/td>\n<\/tr>\n<\/tbody>\n<\/table>\n<p>Entdecken Sie die Sch\u00e4tze der Toskana mit einem Kombiticket f\u00fcr den Dom von Siena und die Museen von San Gimignano, wo Kunst, Geschichte und atemberaubende Architektur auf Sie warten.<\/p>\n<h3 style=\"\">Gesamtpreis<\/h3>\n<h3 style=\"\">Ihr Konto wird noch nicht belastet<\/h3>\n<p><\/p>\n<h2><a href=\"https:\/\/www.tiqets.com\/en\/siena-attractions-c71558\/tickets-for-cathedral-of-siena-skip-the-line-p974664\/?partner=italytouristinformation&amp;tq_campaign=ITISienaCathedralGttd\" target=\"_blank\" rel=\"nofollow noopener\" style=\"outline: none;\" data-lt-tmp-id=\"lt-60356\" spellcheck=\"false\"><\/a>Zur Buchung<\/h2>\n<p style=\"\"><a href=\"https:\/\/www.tiqets.com\/en\/siena-attractions-c71558\/tickets-for-cathedral-of-siena-skip-the-line-p974664\/?partner=italytouristinformation&amp;tq_campaign=ITISienaCathedralGttd\" target=\"_blank\" rel=\"nofollow noopener\" style=\"outline: none;\">Preis ab<\/a><\/p>\n<h1><a href=\"https:\/\/www.tiqets.com\/en\/siena-attractions-c71558\/tickets-for-cathedral-of-siena-skip-the-line-p974664\/?partner=italytouristinformation&amp;tq_campaign=ITISienaCathedralGttd\" target=\"_blank\" rel=\"nofollow noopener\" style=\"outline: none;\" data-lt-tmp-id=\"lt-373405\" spellcheck=\"false\"><strong>11,50 \u20ac<\/strong><\/a><\/h1>\n<p style=\"\">Ihr Konto wird noch nicht belastet<\/p>\n","protected":false},"excerpt":{"rendered":"<p>Dom von Siena &amp; Piccolomini-Bibliothek: Eintrittskarte Zur Buchung Ab 11,50 \u20ac Entdecken Sie den pr\u00e4chtigen Dom von Siena und die Biblioteca Piccolomini mit einem informativen Audioguide. Bestaunen Sie atemberaubende Renaissancekunst, erkunden Sie historische Sch\u00e4tze und genie\u00dfen Sie unvergleichliche Ausblicke auf die toskanische Landschaft. Handverlesenes Ticket&nbsp; Mobiles Ticket Audioguide R\u00fcckerstattungsf\u00e4hige Tickets erh\u00e4ltlich Inbegriffen Eingang zum Dom [&hellip;]<\/p>\n","protected":false},"author":6,"featured_media":18528,"parent":0,"menu_order":0,"comment_status":"closed","ping_status":"closed","template":"","meta":{"footnotes":""},"categories":[128],"tags":[156,130],"class_list":["post-18527","page","type-page","status-publish","has-post-thumbnail","hentry","category-verkaufsseite","tag-siena-de","tag-verkaufsseite","post-wrapper","thrv_wrapper"],"_links":{"self":[{"href":"https:\/\/italy-tourist-information.com\/de\/wp-json\/wp\/v2\/pages\/18527","targetHints":{"allow":["GET"]}}],"collection":[{"href":"https:\/\/italy-tourist-information.com\/de\/wp-json\/wp\/v2\/pages"}],"about":[{"href":"https:\/\/italy-tourist-information.com\/de\/wp-json\/wp\/v2\/types\/page"}],"author":[{"embeddable":true,"href":"https:\/\/italy-tourist-information.com\/de\/wp-json\/wp\/v2\/users\/6"}],"replies":[{"embeddable":true,"href":"https:\/\/italy-tourist-information.com\/de\/wp-json\/wp\/v2\/comments?post=18527"}],"version-history":[{"count":9,"href":"https:\/\/italy-tourist-information.com\/de\/wp-json\/wp\/v2\/pages\/18527\/revisions"}],"predecessor-version":[{"id":19969,"href":"https:\/\/italy-tourist-information.com\/de\/wp-json\/wp\/v2\/pages\/18527\/revisions\/19969"}],"wp:featuredmedia":[{"embeddable":true,"href":"https:\/\/italy-tourist-information.com\/de\/wp-json\/wp\/v2\/media\/18528"}],"wp:attachment":[{"href":"https:\/\/italy-tourist-information.com\/de\/wp-json\/wp\/v2\/media?parent=18527"}],"wp:term":[{"taxonomy":"category","embeddable":true,"href":"https:\/\/italy-tourist-information.com\/de\/wp-json\/wp\/v2\/categories?post=18527"},{"taxonomy":"post_tag","embeddable":true,"href":"https:\/\/italy-tourist-information.com\/de\/wp-json\/wp\/v2\/tags?post=18527"}],"curies":[{"name":"wp","href":"https:\/\/api.w.org\/{rel}","templated":true}]}}