{"id":18537,"date":"2024-09-12T12:36:15","date_gmt":"2024-09-12T12:36:15","guid":{"rendered":"https:\/\/italy-tourist-information.com\/tickets-to-st-marks-bell-tower-in-venice"},"modified":"2026-04-15T12:46:58","modified_gmt":"2026-04-15T12:46:58","slug":"campanile-markusturm-tickets","status":"publish","type":"page","link":"https:\/\/italy-tourist-information.com\/de\/campanile-markusturm-tickets","title":{"rendered":"Campanile Markusturm Tickets + Audioguide"},"content":{"rendered":"<p><span><img decoding=\"async\" alt=\"\" data-id=\"6332\" width=\"1200\" height=\"750\" title=\"Eintrittskarten f\u00fcr den Glockenturm von St. Markus\" src=\"https:\/\/italy-tourist-information.com\/wp-content\/uploads\/2024\/09\/Tickets-to-St.-Marks-Bell-Tower-1024x640.avif\" data-src=\"https:\/\/italy-tourist-information.com\/wp-content\/uploads\/2024\/09\/Tickets-to-St.-Marks-Bell-Tower-300x188.avif\" loading=\"lazy\" data-sizes=\"{&quot;thumbnail&quot;:{&quot;url&quot;:&quot;https:\/\/italy-tourist-information.com\/wp-content\/uploads\/2024\/09\/Tickets-to-St.-Marks-Bell-Tower-150x150.avif&quot;,&quot;height&quot;:150,&quot;width&quot;:150,&quot;orientation&quot;:&quot;landscape&quot;},&quot;medium&quot;:{&quot;url&quot;:&quot;https:\/\/italy-tourist-information.com\/wp-content\/uploads\/2024\/09\/Tickets-to-St.-Marks-Bell-Tower-300x188.avif&quot;,&quot;height&quot;:188,&quot;width&quot;:300,&quot;orientation&quot;:&quot;landscape&quot;},&quot;large&quot;:{&quot;url&quot;:&quot;https:\/\/italy-tourist-information.com\/wp-content\/uploads\/2024\/09\/Tickets-to-St.-Marks-Bell-Tower-1024x640.avif&quot;,&quot;height&quot;:640,&quot;width&quot;:1024,&quot;orientation&quot;:&quot;landscape&quot;},&quot;full&quot;:{&quot;url&quot;:&quot;https:\/\/italy-tourist-information.com\/wp-content\/uploads\/2024\/09\/Tickets-to-St.-Marks-Bell-Tower.avif&quot;,&quot;height&quot;:750,&quot;width&quot;:1200,&quot;orientation&quot;:&quot;landscape&quot;}}\"><\/span><span><img decoding=\"async\" alt=\"\" data-id=\"6331\" width=\"1200\" height=\"750\" title=\"Tickets f\u00fcr den Glockenturm St. Markus 2\" src=\"https:\/\/italy-tourist-information.com\/wp-content\/uploads\/2024\/09\/Tickets-to-St.-Marks-Bell-Tower-2-1024x640.avif\" data-src=\"https:\/\/italy-tourist-information.com\/wp-content\/uploads\/2024\/09\/Tickets-to-St.-Marks-Bell-Tower-2-300x188.avif\" loading=\"lazy\" data-sizes=\"{&quot;thumbnail&quot;:{&quot;url&quot;:&quot;https:\/\/italy-tourist-information.com\/wp-content\/uploads\/2024\/09\/Tickets-to-St.-Marks-Bell-Tower-2-150x150.avif&quot;,&quot;height&quot;:150,&quot;width&quot;:150,&quot;orientation&quot;:&quot;landscape&quot;},&quot;medium&quot;:{&quot;url&quot;:&quot;https:\/\/italy-tourist-information.com\/wp-content\/uploads\/2024\/09\/Tickets-to-St.-Marks-Bell-Tower-2-300x188.avif&quot;,&quot;height&quot;:188,&quot;width&quot;:300,&quot;orientation&quot;:&quot;landscape&quot;},&quot;large&quot;:{&quot;url&quot;:&quot;https:\/\/italy-tourist-information.com\/wp-content\/uploads\/2024\/09\/Tickets-to-St.-Marks-Bell-Tower-2-1024x640.avif&quot;,&quot;height&quot;:640,&quot;width&quot;:1024,&quot;orientation&quot;:&quot;landscape&quot;},&quot;full&quot;:{&quot;url&quot;:&quot;https:\/\/italy-tourist-information.com\/wp-content\/uploads\/2024\/09\/Tickets-to-St.-Marks-Bell-Tower-2.avif&quot;,&quot;height&quot;:750,&quot;width&quot;:1200,&quot;orientation&quot;:&quot;landscape&quot;}}\"><\/span><span><img decoding=\"async\" alt=\"\" data-id=\"6330\" width=\"1200\" height=\"750\" title=\"Tickets f\u00fcr den Glockenturm von St. Markus 3\" src=\"https:\/\/italy-tourist-information.com\/wp-content\/uploads\/2024\/09\/Tickets-to-St.-Marks-Bell-Tower-3-1024x640.avif\" data-src=\"https:\/\/italy-tourist-information.com\/wp-content\/uploads\/2024\/09\/Tickets-to-St.-Marks-Bell-Tower-3-300x188.avif\" loading=\"lazy\" data-sizes=\"{&quot;thumbnail&quot;:{&quot;url&quot;:&quot;https:\/\/italy-tourist-information.com\/wp-content\/uploads\/2024\/09\/Tickets-to-St.-Marks-Bell-Tower-3-150x150.avif&quot;,&quot;height&quot;:150,&quot;width&quot;:150,&quot;orientation&quot;:&quot;landscape&quot;},&quot;medium&quot;:{&quot;url&quot;:&quot;https:\/\/italy-tourist-information.com\/wp-content\/uploads\/2024\/09\/Tickets-to-St.-Marks-Bell-Tower-3-300x188.avif&quot;,&quot;height&quot;:188,&quot;width&quot;:300,&quot;orientation&quot;:&quot;landscape&quot;},&quot;large&quot;:{&quot;url&quot;:&quot;https:\/\/italy-tourist-information.com\/wp-content\/uploads\/2024\/09\/Tickets-to-St.-Marks-Bell-Tower-3-1024x640.avif&quot;,&quot;height&quot;:640,&quot;width&quot;:1024,&quot;orientation&quot;:&quot;landscape&quot;},&quot;full&quot;:{&quot;url&quot;:&quot;https:\/\/italy-tourist-information.com\/wp-content\/uploads\/2024\/09\/Tickets-to-St.-Marks-Bell-Tower-3.avif&quot;,&quot;height&quot;:750,&quot;width&quot;:1200,&quot;orientation&quot;:&quot;landscape&quot;}}\"><\/span><\/p>\n<h1 data-test-id=\"activity-title\" data-track=\"activity-title\" data-v-ca4424d9=\"\">Campanile Markusturm: Skip The Line Ticket + Audioguide<\/h1>\n<h2><a href=\"https:\/\/www.tiqets.com\/de\/attraktionen-und-aktivitaten-in-venedig-c71510\/tickets-fur-campanile-st-markus-skip-the-line-ticket-audioguide-p1117535\/?partner=italytouristinformation&amp;tq_campaign=ITIDeStMarksBellTowerSp\" target=\"_blank\" rel=\"nofollow noopener\" style=\"outline: none;\">Zur Buchung<\/a><\/h2>\n<p style=\"\"><a href=\"https:\/\/www.tiqets.com\/de\/attraktionen-und-aktivitaten-in-venedig-c71510\/tickets-fur-campanile-st-markus-skip-the-line-ticket-audioguide-p1117535\/?partner=italytouristinformation&amp;tq_campaign=ITIDeStMarksBellTowerSp\" target=\"_blank\" rel=\"nofollow noopener\" style=\"outline: none;\">Preis ab<\/a><\/p>\n<h1><a href=\"https:\/\/www.tiqets.com\/de\/attraktionen-und-aktivitaten-in-venedig-c71510\/tickets-fur-campanile-st-markus-skip-the-line-ticket-audioguide-p1117535\/?partner=italytouristinformation&amp;tq_campaign=ITIDeStMarksBellTowerSp\" target=\"_blank\" rel=\"nofollow noopener\" style=\"outline: none;\" spellcheck=\"false\"><strong>25,00 \u20ac<\/strong><\/a><\/h1>\n<p dir=\"ltr\">Erleben Sie die historische Pracht des h\u00f6chsten Bauwerks Venedigs, des Markusturms. Mit Ihren&nbsp;<strong>Tickets ohne Anstehen<\/strong> k\u00f6nnen Sie den ikonischen 99 Meter hohen Turm erklimmen und atemberaubende Ausblicke auf Venedig genie\u00dfen sowie die faszinierende Geschichte dieses ber\u00fchmten Wahrzeichens entdecken.<\/p>\n<ul>\n<li style=\"\"><span>Sorgf\u00e4ltig ausgew\u00e4hltes Ticket&nbsp;<\/span><\/li>\n<li style=\"\"><span>Mobiles Ticket&nbsp;<\/span><\/li>\n<li style=\"\"><span>Sofortige Best\u00e4tigung<\/span><\/li>\n<li style=\"\"><span>Nicht stornierbar<\/span><\/li>\n<\/ul>\n<h2>Inbegriffen<\/h2>\n<ul>\n<li style=\"\">                    <span>Eintrittskarte ohne Anstehen f\u00fcr den Markusturm<\/span><\/li>\n<\/ul>\n<ul>\n<li style=\"\">                    <span>Digitaler Audioguide<\/span><\/li>\n<\/ul>\n<h2>Nicht inbegriffen<\/h2>\n<ul>\n<li style=\"\"><span>Kopfh\u00f6rer<\/span><\/li>\n<li style=\"\"><span>Mobilger\u00e4t<\/span><\/li>\n<\/ul>\n<h2>Wichtige Informationen<\/h2>\n<ul>\n<li style=\"\"><span>Der Tiqets-Gutschein ist nicht Ihre Eintrittskarte. Ihr offizielles Ticket ist innerhalb von 24 Stunden \u00fcber den QR-Code verf\u00fcgbar \u2013 scannen Sie ihn oder klicken Sie auf den untenstehenden Link, um einzuchecken und wichtige Informationen zu erhalten.<br \/><\/span><\/li>\n<li><span>Sie erhalten einen Link zum Herunterladen des digitalen Audioguides.<\/span><\/li>\n<li style=\"\"><span>Das Gel\u00e4nde ist nicht rollstuhlgerecht.<\/span><\/li>\n<li style=\"\"><span>Bringen Sie einen g\u00fcltigen Lichtbildausweis mit.<\/span><\/li>\n<li style=\"\"><span>Minderj\u00e4hrige m\u00fcssen von einem Erwachsenen begleitet werden<\/span><\/li>\n<li style=\"\"><span>Bitte warten Sie 15 Minuten vor Ihrem geplanten Besuch.<\/span><\/li>\n<\/ul>\n<h2>Beschreibung:<\/h2>\n<p dir=\"ltr\"><strong>Umgehen Sie die langen Warteschlangen an den Kassen<\/strong> und genie\u00dfen Sie vom Markusturm aus einen unvergleichlichen <strong>360-Grad-Panoramablick auf Venedigs bezaubernde Stadtkulisse und die glitzernden Lagunen.<\/strong><\/p>\n<p dir=\"ltr\">Erkunden Sie den majest\u00e4tischen Campanile, ein <strong>Symbol f\u00fcr Venedigs reiches Erbe.<\/strong> Der 99 Meter hohe Turm im r\u00f6misch-byzantinischen Stil bietet einen atemberaubenden Blick auf die Piazza und die Lagune. Erfahren Sie mehr \u00fcber seine Geschichte und bewundern Sie die ber\u00fchmten f\u00fcnf Glocken, die einst wichtige Ereignisse in der Stadt markieren.<\/p>\n<h2>Highlights:<\/h2>\n<ul>\n<li dir=\"ltr\">Umgehen Sie die Warteschlangen und besteigen Sie Venedigs h\u00f6chstes Geb\u00e4ude, um die sich drehende goldene Statue des Erzengels Gabriel an der Spitze zu bestaunen.<\/li>\n<li dir=\"ltr\">Genie\u00dfen Sie den 360\u00b0-Panoramablick auf den gesch\u00e4ftlichen Markusplatz und die umliegenden Lagunen.<\/li>\n<li dir=\"ltr\">Entdecken Sie die f\u00fcnf ikonischen Glocken des Markusdoms und ihre historische Bedeutung.<\/li>\n<li dir=\"ltr\">Erkunden Sie den wundersch\u00f6nen Sockel, die Loggetta von San Sovino, die mit Statuen r\u00f6mischer G\u00f6tter wie Apollo und Venus geschm\u00fcckt ist.<\/li>\n<li dir=\"ltr\">Erfahren Sie mehr \u00fcber Galileis Verbindung zu dem Turm, wo er 1609 sein Teleskop vorf\u00fchrte.<\/li>\n<\/ul>\n<h2>Markusturm<\/h2>\n<p>Campanile di San Marco, P.za San Marco, 30124 Venezia VE, Italien<\/p>\n<h2>Stornierungsbedingungen<\/h2>\n<p>Tickets sind nicht stornierbar und k\u00f6nnen nicht umgebucht werden, es sei denn, Sie w\u00e4hlen beim Bezahlvorgang ein erstattungsf\u00e4higes Ticket.<\/p>\n<h2>Treffpunkt &amp; Anweisungen<\/h2>\n<p data-pm-slice=\"1 1 []\">Der Tiqets-Gutschein ist nicht Ihre Eintrittskarte. Ihr offizielles Ticket ist innerhalb von 24 Stunden \u00fcber den QR-Code verf\u00fcgbar \u2013 scannen Sie ihn oder klicken Sie auf den untenstehenden Link, um einzuchecken und wichtige Informationen zu erhalten.<\/p>\n<p>Zeigen Sie Ihr offizielles Ticket am Eingang des Markusturms vor.<\/p>\n<p><a href=\"https:\/\/www.google.com\/maps\/search\/?api=1&amp;query=P.za%20San%20Marco%2C%20328%2C%2030100%20Venezia%2C%20VE%2C%20Italy%2030100%20Venice\" style=\"outline: none;\" data-lt-tmp-id=\"lt-427725\" spellcheck=\"false\" target=\"_blank\" rel=\"nofollow noopener\">In Karten \u00f6ffnen<\/a><\/p>\n<h2>Bewertungen<\/h2>\n<p><strong>3,8\/5&nbsp; <\/strong><strong>(288 Bewertungen)<\/strong><\/p>\n<p dir=\"ltr\"><em>\u201eDie Option, die Warteschlange zu \u00fcberspringen, war super. Wir mussten nur wenige Minuten auf den Aufzug warten. Der Aussichtsbereich war etwas voll, aber okay, wir hatten ja um 17:30 Uhr gebucht. Die Aussicht von oben war spektakul\u00e4r, unbedingt einen Blick nach oben werfen und die pr\u00e4chtigen Glocken bewundern!\u201c<\/em> \u2013 Deb, Mai 2025<\/p>\n<p dir=\"ltr\"><em>\u201eEin fantastisches Erlebnis! Ein Aufzug bringt einen ganz nach oben! Nach so viel Laufen ist das eine wahre Wohltat. Die Aussicht ist atemberaubend. Kommen Sie unbedingt kurz vor Sonnenuntergang. Meiner Meinung nach ist das die beste Zeit f\u00fcr einen Besuch.\u201c<\/em> \u2013 Anonym, April 2025<\/p>\n<p dir=\"ltr\">\u201eSuper! Wir waren im n\u00e4chsten Aufzug. Die Aussicht war herrlich, und sie waren so nett, uns noch schnell mitzunehmen, weil wir ein Baby dabei hatten und es kalt und windig war.\u201c \u2013 Christine, M\u00e4rz 2025 <a href=\"https:\/\/www.tiqets.com\/de\/attraktionen-und-aktivitaten-in-venedig-c71510\/tickets-fur-campanile-st-markus-skip-the-line-ticket-audioguide-p1117535\/?partner=italytouristinformation&amp;tq_campaign=ITIDeStMarksBellTowerSp\" target=\"_blank\" rel=\"nofollow noopener\" data-lt-tmp-id=\"lt-733296\" spellcheck=\"false\" style=\"outline: none;\">&gt;&gt; Weitere Bewertungen ansehen \u2026<\/a><\/p>\n<p><span># <\/span><strong><span>2<\/span><\/strong><span># <\/span><strong><span>2<\/span><\/strong><\/p>\n<p><\/p>\n<h2><a href=\"https:\/\/www.tiqets.com\/de\/attraktionen-und-aktivitaten-in-venedig-c71510\/tickets-fur-campanile-st-markus-skip-the-line-ticket-audioguide-p1117535\/?partner=italytouristinformation&amp;tq_campaign=ITIDeStMarksBellTowerSp\" target=\"_blank\" rel=\"nofollow noopener\" style=\"outline: none;\" spellcheck=\"false\">Zur Buchung<\/a><\/h2>\n<p style=\"\"><a href=\"https:\/\/www.tiqets.com\/de\/attraktionen-und-aktivitaten-in-venedig-c71510\/tickets-fur-campanile-st-markus-skip-the-line-ticket-audioguide-p1117535\/?partner=italytouristinformation&amp;tq_campaign=ITIDeStMarksBellTowerSp\" target=\"_blank\" rel=\"nofollow noopener\" style=\"outline: none;\">Preis ab<\/a><\/p>\n<h1><a href=\"https:\/\/www.tiqets.com\/de\/attraktionen-und-aktivitaten-in-venedig-c71510\/tickets-fur-campanile-st-markus-skip-the-line-ticket-audioguide-p1117535\/?partner=italytouristinformation&amp;tq_campaign=ITIDeStMarksBellTowerSp\" target=\"_blank\" rel=\"nofollow noopener\" style=\"outline: none;\"><strong>25,00 \u20ac<\/strong><\/a><\/h1>\n<p style=\"\">Ihr Konto wird noch nicht belastet.<\/p>\n","protected":false},"excerpt":{"rendered":"<p>Campanile Markusturm: Skip The Line Ticket + Audioguide Zur Buchung Preis ab 25,00 \u20ac Erleben Sie die historische Pracht des h\u00f6chsten Bauwerks Venedigs, des Markusturms. Mit Ihren&nbsp;Tickets ohne Anstehen k\u00f6nnen Sie den ikonischen 99 Meter hohen Turm erklimmen und atemberaubende Ausblicke auf Venedig genie\u00dfen sowie die faszinierende Geschichte dieses ber\u00fchmten Wahrzeichens entdecken. Sorgf\u00e4ltig ausgew\u00e4hltes Ticket&nbsp; [&hellip;]<\/p>\n","protected":false},"author":6,"featured_media":18538,"parent":0,"menu_order":0,"comment_status":"closed","ping_status":"closed","template":"","meta":{"footnotes":""},"categories":[144,128],"tags":[158,130],"class_list":["post-18537","page","type-page","status-publish","has-post-thumbnail","hentry","category-venedig","category-verkaufsseite","tag-venedig","tag-verkaufsseite","post-wrapper","thrv_wrapper"],"_links":{"self":[{"href":"https:\/\/italy-tourist-information.com\/de\/wp-json\/wp\/v2\/pages\/18537","targetHints":{"allow":["GET"]}}],"collection":[{"href":"https:\/\/italy-tourist-information.com\/de\/wp-json\/wp\/v2\/pages"}],"about":[{"href":"https:\/\/italy-tourist-information.com\/de\/wp-json\/wp\/v2\/types\/page"}],"author":[{"embeddable":true,"href":"https:\/\/italy-tourist-information.com\/de\/wp-json\/wp\/v2\/users\/6"}],"replies":[{"embeddable":true,"href":"https:\/\/italy-tourist-information.com\/de\/wp-json\/wp\/v2\/comments?post=18537"}],"version-history":[{"count":8,"href":"https:\/\/italy-tourist-information.com\/de\/wp-json\/wp\/v2\/pages\/18537\/revisions"}],"predecessor-version":[{"id":19400,"href":"https:\/\/italy-tourist-information.com\/de\/wp-json\/wp\/v2\/pages\/18537\/revisions\/19400"}],"wp:featuredmedia":[{"embeddable":true,"href":"https:\/\/italy-tourist-information.com\/de\/wp-json\/wp\/v2\/media\/18538"}],"wp:attachment":[{"href":"https:\/\/italy-tourist-information.com\/de\/wp-json\/wp\/v2\/media?parent=18537"}],"wp:term":[{"taxonomy":"category","embeddable":true,"href":"https:\/\/italy-tourist-information.com\/de\/wp-json\/wp\/v2\/categories?post=18537"},{"taxonomy":"post_tag","embeddable":true,"href":"https:\/\/italy-tourist-information.com\/de\/wp-json\/wp\/v2\/tags?post=18537"}],"curies":[{"name":"wp","href":"https:\/\/api.w.org\/{rel}","templated":true}]}}