{"id":18543,"date":"2024-09-12T13:16:05","date_gmt":"2024-09-12T13:16:05","guid":{"rendered":"https:\/\/italy-tourist-information.com\/skip-the-line-tickets-to-teatro-la-fenice"},"modified":"2026-05-04T14:23:43","modified_gmt":"2026-05-04T14:23:43","slug":"eintritt-fuer-das-teatro-la-fenice","status":"publish","type":"page","link":"https:\/\/italy-tourist-information.com\/de\/eintritt-fuer-das-teatro-la-fenice","title":{"rendered":"Eintritt f\u00fcr das Teatro La Fenice"},"content":{"rendered":"<p><span><img decoding=\"async\" alt=\"\" data-id=\"6346\" width=\"1200\" height=\"750\" title=\"Tickets f\u00fcr das Teatro La Fenice mit Audioguide \u2013 Anstehen \u00fcberspringen 2\" src=\"https:\/\/italy-tourist-information.com\/wp-content\/uploads\/2024\/09\/Tickets-to-Teatro-La-Fenice-with-Audioguide-Skip-The-Line-2-1024x640.avif\" data-src=\"https:\/\/italy-tourist-information.com\/wp-content\/uploads\/2024\/09\/Tickets-to-Teatro-La-Fenice-with-Audioguide-Skip-The-Line-2-300x188.avif\" loading=\"lazy\" data-sizes=\"{&quot;thumbnail&quot;:{&quot;url&quot;:&quot;https:\/\/italy-tourist-information.com\/wp-content\/uploads\/2024\/09\/Tickets-to-Teatro-La-Fenice-with-Audioguide-Skip-The-Line-2-150x150.avif&quot;,&quot;height&quot;:150,&quot;width&quot;:150,&quot;orientation&quot;:&quot;landscape&quot;},&quot;medium&quot;:{&quot;url&quot;:&quot;https:\/\/italy-tourist-information.com\/wp-content\/uploads\/2024\/09\/Tickets-to-Teatro-La-Fenice-with-Audioguide-Skip-The-Line-2-300x188.avif&quot;,&quot;height&quot;:188,&quot;width&quot;:300,&quot;orientation&quot;:&quot;landscape&quot;},&quot;large&quot;:{&quot;url&quot;:&quot;https:\/\/italy-tourist-information.com\/wp-content\/uploads\/2024\/09\/Tickets-to-Teatro-La-Fenice-with-Audioguide-Skip-The-Line-2-1024x640.avif&quot;,&quot;height&quot;:640,&quot;width&quot;:1024,&quot;orientation&quot;:&quot;landscape&quot;},&quot;full&quot;:{&quot;url&quot;:&quot;https:\/\/italy-tourist-information.com\/wp-content\/uploads\/2024\/09\/Tickets-to-Teatro-La-Fenice-with-Audioguide-Skip-The-Line-2.avif&quot;,&quot;height&quot;:750,&quot;width&quot;:1200,&quot;orientation&quot;:&quot;landscape&quot;}}\"><\/span><span><img decoding=\"async\" alt=\"\" data-id=\"6345\" width=\"930\" height=\"581\" title=\"Tickets f\u00fcr das Teatro La Fenice mit Audioguide \u2013 ohne Anstehen\" src=\"https:\/\/italy-tourist-information.com\/wp-content\/uploads\/2024\/09\/Tickets-to-Teatro-La-Fenice-with-Audioguide-Skip-The-Line-.avif\" data-src=\"https:\/\/italy-tourist-information.com\/wp-content\/uploads\/2024\/09\/Tickets-to-Teatro-La-Fenice-with-Audioguide-Skip-The-Line--300x187.avif\" loading=\"lazy\" data-sizes=\"{&quot;thumbnail&quot;:{&quot;url&quot;:&quot;https:\/\/italy-tourist-information.com\/wp-content\/uploads\/2024\/09\/Tickets-to-Teatro-La-Fenice-with-Audioguide-Skip-The-Line--150x150.avif&quot;,&quot;height&quot;:150,&quot;width&quot;:150,&quot;orientation&quot;:&quot;landscape&quot;},&quot;medium&quot;:{&quot;url&quot;:&quot;https:\/\/italy-tourist-information.com\/wp-content\/uploads\/2024\/09\/Tickets-to-Teatro-La-Fenice-with-Audioguide-Skip-The-Line--300x187.avif&quot;,&quot;height&quot;:187,&quot;width&quot;:300,&quot;orientation&quot;:&quot;landscape&quot;},&quot;full&quot;:{&quot;url&quot;:&quot;https:\/\/italy-tourist-information.com\/wp-content\/uploads\/2024\/09\/Tickets-to-Teatro-La-Fenice-with-Audioguide-Skip-The-Line-.avif&quot;,&quot;height&quot;:581,&quot;width&quot;:930,&quot;orientation&quot;:&quot;landscape&quot;}}\"><\/span><span><img decoding=\"async\" alt=\"\" data-id=\"6347\" width=\"1544\" height=\"954\" title=\"Tickets f\u00fcr das Teatro La Fenice mit Audioguide \u2013 Anstehen \u00fcberspringen 3\" src=\"https:\/\/italy-tourist-information.com\/wp-content\/uploads\/2024\/09\/Bildschirmfoto-2024-09-12-um-16.12.24-1024x633.png\" data-src=\"https:\/\/italy-tourist-information.com\/wp-content\/uploads\/2024\/09\/Bildschirmfoto-2024-09-12-um-16.12.24-300x185.png\" loading=\"lazy\" data-sizes=\"{&quot;thumbnail&quot;:{&quot;url&quot;:&quot;https:\/\/italy-tourist-information.com\/wp-content\/uploads\/2024\/09\/Bildschirmfoto-2024-09-12-um-16.12.24-150x150.png&quot;,&quot;height&quot;:150,&quot;width&quot;:150,&quot;orientation&quot;:&quot;landscape&quot;},&quot;medium&quot;:{&quot;url&quot;:&quot;https:\/\/italy-tourist-information.com\/wp-content\/uploads\/2024\/09\/Bildschirmfoto-2024-09-12-um-16.12.24-300x185.png&quot;,&quot;height&quot;:185,&quot;width&quot;:300,&quot;orientation&quot;:&quot;landscape&quot;},&quot;large&quot;:{&quot;url&quot;:&quot;https:\/\/italy-tourist-information.com\/wp-content\/uploads\/2024\/09\/Bildschirmfoto-2024-09-12-um-16.12.24-1024x633.png&quot;,&quot;height&quot;:633,&quot;width&quot;:1024,&quot;orientation&quot;:&quot;landscape&quot;},&quot;full&quot;:{&quot;url&quot;:&quot;https:\/\/italy-tourist-information.com\/wp-content\/uploads\/2024\/09\/Bildschirmfoto-2024-09-12-um-16.12.24.png&quot;,&quot;height&quot;:954,&quot;width&quot;:1544,&quot;orientation&quot;:&quot;landscape&quot;},&quot;1536x1536&quot;:{&quot;url&quot;:&quot;https:\/\/italy-tourist-information.com\/wp-content\/uploads\/2024\/09\/Bildschirmfoto-2024-09-12-um-16.12.24-1536x949.png&quot;,&quot;height&quot;:949,&quot;width&quot;:1536,&quot;orientation&quot;:&quot;landscape&quot;}}\"><\/span><\/p>\n<h1 data-test-id=\"activity-title\" data-track=\"activity-title\" data-v-c050e4d7=\"\">Venedig: Eintritt f\u00fcr die Oper La Fenice mit Audioguide<\/h1>\n<h2><a href=\"https:\/\/www.getyourguide.com\/venice-l35\/la-fenice-entry-ticket-with-audio-guide-t451262\/?partner_id=NO9XIDE&amp;utm_medium=online_publisher&amp;cmp=ITIDeLaFeniceSP\" target=\"_blank\" rel=\"nofollow noopener\" style=\"outline: none;\">Zur Buchung<\/a><\/h2>\n<h1><a href=\"https:\/\/www.getyourguide.com\/venice-l35\/la-fenice-entry-ticket-with-audio-guide-t451262\/?partner_id=NO9XIDE&amp;utm_medium=online_publisher&amp;cmp=ITIDeLaFeniceSP\" target=\"_blank\" rel=\"nofollow noopener\" style=\"outline: none;\" spellcheck=\"false\">Ab 12,00 \u20ac<\/a><\/h1>\n<p dir=\"ltr\">Tauchen Sie ein in die Pracht von Venedigs ber\u00fchmtestem Opernhaus, dem Teatro La Fenice, mit einem Ticket ohne Anstehen und einem informativen Audioguide.<\/p>\n<ul>\n<li style=\"\"><span>Handverlesenes Ticket&nbsp;<\/span><\/li>\n<li style=\"\"><span>Mobiles Ticket&nbsp;<\/span><\/li>\n<li style=\"\"><span>Sofortige Best\u00e4tigung<\/span><\/li>\n<li style=\"\"><span>Audioguide enthalten<\/span><\/li>\n<\/ul>\n<h2>Inbegriffen<\/h2>\n<ul>\n<li style=\"\">                    <span>Zugang ohne Anstehen zum Teatro La Fenice<\/span><\/li>\n<li style=\"\">                    <span>Audioguide verf\u00fcgbar in Italienisch, Englisch, Deutsch, Franz\u00f6sisch und Spanisch<\/span><\/li>\n<\/ul>\n<h2>Nicht inbegriffen<\/h2>\n<ul>\n<li style=\"\"><span>Live-Reisef\u00fchrer<\/span><\/li>\n<li style=\"\"><span>Opernkarten<\/span><\/li>\n<\/ul>\n<h2>Wichtige Informationen<\/h2>\n<ul>\n<li style=\"\"><span>Audioguides sind in mehreren Sprachen verf\u00fcgbar (Englisch, Deutsch, Italienisch, Franz\u00f6sisch und Spanisch).<\/span><\/li>\n<li style=\"\"><span>Ein typischer Besuch dauert etwa 1 bis 2 Stunden.<\/span><\/li>\n<li style=\"\"><span>T\u00e4glich von 9:30 bis 18:00 Uhr ge\u00f6ffnet (\u00c4nderungen vorbehalten).<\/span><\/li>\n<li style=\"\"><span>Kinder unter 6 Jahren haben freien Eintritt.<br \/><\/span><\/li>\n<li><span>F\u00fcr die Aufkl\u00e4rung des Opernhauses werden bequeme Schuhe empfohlen.<\/span><\/li>\n<li><span>Die Eintrittskarte ist ab Kaufdatum 6 Monate lang g\u00fcltig.<\/span><\/li>\n<\/ul>\n<h2>Beschreibung:<\/h2>\n<p dir=\"ltr\">Entdecken Sie das reiche kulturelle Erbe des Teatro La Fenice, Venedigs ber\u00fchmtestem Opernhaus, mit einem praktischen Ticket ohne Anstehen. W\u00e4hrend Sie durch die prachtvollen S\u00e4le und die kunstvolle Barockarchitektur schlendern, erz\u00e4hlt Ihnen Ihr Audioguide die bewegenden Geschichten hinter der Best\u00e4ndigkeit des Geb\u00e4udes und seinen legend\u00e4ren Auff\u00fchrungen.<\/p>\n<h2>Highlights:<\/h2>\n<ul>\n<li ltr\"\"=\"\">Umgehen Sie die Warteschlange und sparen Sie Zeit bei der Erkundung des pr\u00e4chtigen Teatro La Fenice.<\/li>\n<li ltr\"\"=\"\">Schlendern Sie in aller Ruhe durch das Foyer, die k\u00f6nigliche Loge, den Theatersaal und die Apollonischen S\u00e4le.<\/li>\n<li dir=\"ltr\">Bewundern Sie die opulente Barockgestaltung mit vergoldeten Balkonen und kunstvollen Decken.<\/li>\n<li dir=\"ltr\">Erfahren Sie mehr \u00fcber die bewegte Geschichte des Opernhauses, von verheerenden Br\u00e4nden bis hin zu aufwendigen Wiederaufbauten.<\/li>\n<li>Lauschen Sie fesselnden Geschichten weltber\u00fchmter Meister wie Verdi, Pavarotti und Bellini.<\/li>\n<\/ul>\n<h2>Teatro la Fenice<\/h2>\n<p>Campo S. Fantin, 1965, 30124 Venezia VE, Italien<\/p>\n<h2>Stornierungsbedingungen<\/h2>\n<p>Bitte beachten Sie, dass Tickets nicht storniert oder umgebucht werden k\u00f6nnen.<\/p>\n<h2>Treffpunkt &amp; Anweisungen<\/h2>\n<p>Zeigen Sie Ihren mobilen Voucher am Eingang am Campo S. Fantin, 1965, 30124 Venedig vor. Sie k\u00f6nnen die Warteschlangen an der Kasse umgehen, indem Sie einfach den Barcode Ihres mobilen Vouchers an das Leseger\u00e4t in der N\u00e4he des Eingangs halten.<\/p>\n<p><a href=\"https:\/\/www.google.com\/maps\/place\/Teatro+la+Fenice\/@45.4336376,12.3337579,17z\/data=!3m2!4b1!5s0x477eb1c5f64b4f71:0x2f6c84121427715f!4m6!3m5!1s0x477eb1d0e9326eaf:0x28a2198c3f49261a!8m2!3d45.4336376!4d12.3337579!16zL20vMDIxNzNr?entry=ttu&amp;g_ep=EgoyMDI0MDkwNC4wIKXMDSoASAFQAw%3D%3D\" style=\"outline: none;\" data-lt-tmp-id=\"lt-436497\" spellcheck=\"false\" target=\"_blank\" rel=\"nofollow noopener\">In Karten \u00f6ffnen<\/a><\/p>\n<h2>Bewertungen<\/h2>\n<p><strong>4,6\/5&nbsp; <\/strong><strong>(12127 Bewertungen)<\/strong><\/p>\n<p dir=\"ltr\">\u201eIch habe den Besuch dieses wundersch\u00f6nen Theaters sehr genossen. Der hervorragende Audioguide hat mir viele historische Informationen \u00fcber das Theater selbst vermittelt. Ich konnte es ganz in meinem eigenen Tempo erkunden und habe es sehr genossen!\u201c Paola, M\u00e4rz 2024 <a href=\"https:\/\/www.getyourguide.com\/venice-l35\/la-fenice-entry-ticket-with-audio-guide-t451262\/?partner_id=NO9XIDE&amp;utm_medium=online_publisher&amp;cmp=ITIDeLaFeniceSP\" target=\"_blank\" rel=\"nofollow noopener\" data-lt-tmp-id=\"lt-838427\" spellcheck=\"false\" style=\"outline: none;\">&gt;&gt; Weitere Bewertungen ansehen \u2026<\/a><\/p>\n<p><span># <\/span><strong><span>2<\/span><\/strong><span># <\/span><strong><span>2<\/span><\/strong><\/p>\n<p><\/p>\n<h2><a href=\"https:\/\/www.getyourguide.com\/venice-l35\/la-fenice-entry-ticket-with-audio-guide-t451262\/?partner_id=NO9XIDE&amp;utm_medium=online_publisher&amp;cmp=ITIDeLaFeniceSP\" target=\"_blank\" rel=\"nofollow noopener\" style=\"outline: none;\" spellcheck=\"false\">Zur Buchung<\/a><\/h2>\n<h1><a href=\"https:\/\/www.getyourguide.com\/venice-l35\/la-fenice-entry-ticket-with-audio-guide-t451262\/?partner_id=NO9XIDE&amp;utm_medium=online_publisher&amp;cmp=ITIDeLaFeniceSP\" target=\"_blank\" rel=\"nofollow noopener\" style=\"outline: none;\" spellcheck=\"false\">Ab 12,00 \u20ac<\/a><\/h1>\n<p style=\"\">Ihr Konto wird noch nicht belastet<\/p>\n","protected":false},"excerpt":{"rendered":"<p>Venedig: Eintritt f\u00fcr die Oper La Fenice mit Audioguide Zur Buchung Ab 12,00 \u20ac Tauchen Sie ein in die Pracht von Venedigs ber\u00fchmtestem Opernhaus, dem Teatro La Fenice, mit einem Ticket ohne Anstehen und einem informativen Audioguide. Handverlesenes Ticket&nbsp; Mobiles Ticket&nbsp; Sofortige Best\u00e4tigung Audioguide enthalten Inbegriffen Zugang ohne Anstehen zum Teatro La Fenice Audioguide verf\u00fcgbar [&hellip;]<\/p>\n","protected":false},"author":6,"featured_media":18544,"parent":0,"menu_order":0,"comment_status":"closed","ping_status":"closed","template":"","meta":{"footnotes":"","tve_updated_post":"","tve_custom_css":"","tve_user_custom_css":"","tve_globals":{},"tcb2_ready":1,"tcb_editor_enabled":1,"tve_landing_page":"bd86f3fc67210fed5b2794ad4a56d3a9","_tve_header":"17144","_tve_footer":"17145"},"categories":[144,128],"tags":[158,130],"class_list":["post-18543","page","type-page","status-publish","has-post-thumbnail","hentry","category-venedig","category-verkaufsseite","tag-venedig","tag-verkaufsseite","post-wrapper","thrv_wrapper"],"_links":{"self":[{"href":"https:\/\/italy-tourist-information.com\/de\/wp-json\/wp\/v2\/pages\/18543","targetHints":{"allow":["GET"]}}],"collection":[{"href":"https:\/\/italy-tourist-information.com\/de\/wp-json\/wp\/v2\/pages"}],"about":[{"href":"https:\/\/italy-tourist-information.com\/de\/wp-json\/wp\/v2\/types\/page"}],"author":[{"embeddable":true,"href":"https:\/\/italy-tourist-information.com\/de\/wp-json\/wp\/v2\/users\/6"}],"replies":[{"embeddable":true,"href":"https:\/\/italy-tourist-information.com\/de\/wp-json\/wp\/v2\/comments?post=18543"}],"version-history":[{"count":7,"href":"https:\/\/italy-tourist-information.com\/de\/wp-json\/wp\/v2\/pages\/18543\/revisions"}],"predecessor-version":[{"id":20189,"href":"https:\/\/italy-tourist-information.com\/de\/wp-json\/wp\/v2\/pages\/18543\/revisions\/20189"}],"wp:featuredmedia":[{"embeddable":true,"href":"https:\/\/italy-tourist-information.com\/de\/wp-json\/wp\/v2\/media\/18544"}],"wp:attachment":[{"href":"https:\/\/italy-tourist-information.com\/de\/wp-json\/wp\/v2\/media?parent=18543"}],"wp:term":[{"taxonomy":"category","embeddable":true,"href":"https:\/\/italy-tourist-information.com\/de\/wp-json\/wp\/v2\/categories?post=18543"},{"taxonomy":"post_tag","embeddable":true,"href":"https:\/\/italy-tourist-information.com\/de\/wp-json\/wp\/v2\/tags?post=18543"}],"curies":[{"name":"wp","href":"https:\/\/api.w.org\/{rel}","templated":true}]}}