{"id":18549,"date":"2023-05-08T09:24:33","date_gmt":"2023-05-08T09:24:33","guid":{"rendered":"https:\/\/italy-tourist-information.com\/tours-and-tickets"},"modified":"2026-04-09T13:24:56","modified_gmt":"2026-04-09T13:24:56","slug":"touren-und-tickets","status":"publish","type":"page","link":"https:\/\/italy-tourist-information.com\/de\/touren-und-tickets","title":{"rendered":"Touren und Tickets f\u00fcr Italien"},"content":{"rendered":"<ul>\n<li><span style=\"\">Bestseller-Ticketshop in Italien<\/span><\/li>\n<\/ul>\n<p style=\"text-align: center;\">Die beliebtesten Aktivit\u00e4ten und Tickets f\u00fcr Ihre Italienreise, von unseren Teammitgliedern pers\u00f6nlich zusammengestellt:<\/p>\n<h4><strong>Rom Top-Tickets<\/strong><\/h4>\n<p>Hier sind die beliebtesten Tickets, die Besucher vor ihrer Ankunft in Rom gekauft haben:<\/p>\n<p> <a href=\"https:\/\/italy-tourist-information.com\/de\/touren-und-tickets\" dynamic-postlink=\"tcb_post_the_permalink\" data-shortcode-id=\"6385\" tabindex=\"0\">   <\/a>   <\/p>\n<h3 style=\"text-align: center; padding-top: 0px !important; margin-top: 0px !important;\"><span data-attr-link=\"1\" data-attr-rel=\"0\" data-attr-target=\"0\" data-extra_key=\"\" data-option-inline=\"1\" data-shortcode=\"tcb_post_title\" data-shortcode-name=\"Post title\" data-attr-css=\"\" data-attr-static-link=\"{&quot;className&quot;:&quot;&quot;,&quot;href&quot;:&quot;#&quot;,&quot;title&quot;:&quot;Tours &amp; Tickets in Italy DE&quot;,&quot;class&quot;:&quot;&quot;}\" style=\"\"><a href=\"https:\/\/italy-tourist-information.com\/de\/touren-und-tickets\" title=\"Tours &amp; Tickets in Italy DE\" data-css=\"\">Tours &amp; Tickets in Italy DE<\/a><\/span><\/h3>\n<p> <a href=\"https:\/\/italy-tourist-information.com\/de\/touren-und-tickets\" style=\"\" tabindex=\"0\"> <span style=\"\"><span style=\"\">Siehe das Ticket<\/span><\/span> <\/a>                 <\/p>\n<h4><strong>Top-Tickets f\u00fcr Venedig<\/strong><\/h4>\n<p>Hier sind die beliebtesten Tickets, die Besucher vor ihrer Ankunft in Venedig gekauft haben:<\/p>\n<p>  <a href=\"https:\/\/italy-tourist-information.com\/de\/touren-und-tickets\" dynamic-postlink=\"tcb_post_the_permalink\" data-shortcode-id=\"6078\" tabindex=\"0\">   <\/a>   <\/p>\n<h3 style=\"text-align: center; padding-top: 0px !important; margin-top: 0px !important;\"><span data-attr-link=\"1\" data-attr-rel=\"0\" data-attr-target=\"0\" data-extra_key=\"\" data-option-inline=\"1\" data-shortcode=\"tcb_post_title\" data-shortcode-name=\"Post title\" data-attr-css=\"\" data-attr-static-link=\"{&quot;className&quot;:&quot;&quot;,&quot;href&quot;:&quot;#&quot;,&quot;title&quot;:&quot;Tours &amp; Tickets in Italy DE&quot;,&quot;class&quot;:&quot;&quot;}\" style=\"\"><a href=\"https:\/\/italy-tourist-information.com\/de\/touren-und-tickets\" title=\"Tours &amp; Tickets in Italy DE\" data-css=\"\">Tours &amp; Tickets in Italy DE<\/a><\/span><\/h3>\n<p> <a href=\"https:\/\/italy-tourist-information.com\/de\/touren-und-tickets\" style=\"\" tabindex=\"0\"> <span style=\"\"><span style=\"\">Siehe das Ticket<\/span><\/span> <\/a>                <\/p>\n<h4><strong>Florenz Top-Tickets<\/strong><\/h4>\n<p>Hier sind die beliebtesten Tickets, die Besucher vor ihrer Ankunft in Venedig gekauft haben:<\/p>\n<p> <a href=\"https:\/\/italy-tourist-information.com\/de\/touren-und-tickets\" dynamic-postlink=\"tcb_post_the_permalink\" data-shortcode-id=\"6914\" tabindex=\"0\">   <\/a>   <\/p>\n<h3 style=\"text-align: center; padding-top: 0px !important; margin-top: 0px !important;\"><span data-attr-link=\"1\" data-attr-rel=\"0\" data-attr-target=\"0\" data-extra_key=\"\" data-option-inline=\"1\" data-shortcode=\"tcb_post_title\" data-shortcode-name=\"Post title\" data-attr-css=\"\" data-attr-static-link=\"{&quot;className&quot;:&quot;&quot;,&quot;href&quot;:&quot;#&quot;,&quot;title&quot;:&quot;Tours &amp; Tickets in Italy DE&quot;,&quot;class&quot;:&quot;&quot;}\" style=\"\"><a href=\"https:\/\/italy-tourist-information.com\/de\/touren-und-tickets\" title=\"Tours &amp; Tickets in Italy DE\" data-css=\"\">Tours &amp; Tickets in Italy DE<\/a><\/span><\/h3>\n<p> <a href=\"https:\/\/italy-tourist-information.com\/de\/touren-und-tickets\" style=\"\" tabindex=\"0\"> <span style=\"\"><span style=\"\">Siehe das Ticket<\/span><\/span> <\/a>                <\/p>\n<h4><strong>Top-Tickets f\u00fcr Mailand<\/strong><\/h4>\n<p>Dies sind die beliebtesten Tickets, die Besucher vor ihrer Ankunft in Mailand gekauft haben:<\/p>\n<p> <a href=\"https:\/\/italy-tourist-information.com\/de\/touren-und-tickets\" dynamic-postlink=\"tcb_post_the_permalink\" data-shortcode-id=\"6758\" tabindex=\"0\">   <\/a>   <\/p>\n<h3 style=\"text-align: center; padding-top: 0px !important; margin-top: 0px !important;\"><span data-attr-link=\"1\" data-attr-rel=\"0\" data-attr-target=\"0\" data-extra_key=\"\" data-option-inline=\"1\" data-shortcode=\"tcb_post_title\" data-shortcode-name=\"Post title\" data-attr-css=\"\" data-attr-static-link=\"{&quot;className&quot;:&quot;&quot;,&quot;href&quot;:&quot;#&quot;,&quot;title&quot;:&quot;Tours &amp; Tickets in Italy DE&quot;,&quot;class&quot;:&quot;&quot;}\" style=\"\"><a href=\"https:\/\/italy-tourist-information.com\/de\/touren-und-tickets\" title=\"Tours &amp; Tickets in Italy DE\" data-css=\"\">Tours &amp; Tickets in Italy DE<\/a><\/span><\/h3>\n<p> <a href=\"https:\/\/italy-tourist-information.com\/de\/touren-und-tickets\" style=\"\" tabindex=\"0\"> <span style=\"\"><span style=\"\">Siehe das Ticket<\/span><\/span> <\/a>                <\/p>\n<h4><strong>Andere Tickets<\/strong><\/h4>\n<p>Hier sind die von Besuchern am h\u00e4ufigsten gekauften Tickets f\u00fcr andere italienische St\u00e4dte:<\/p>\n<p> <a href=\"https:\/\/italy-tourist-information.com\/de\/touren-und-tickets\" dynamic-postlink=\"tcb_post_the_permalink\" data-shortcode-id=\"6110\" tabindex=\"0\">   <\/a>   <\/p>\n<h3 style=\"text-align: center; padding-top: 0px !important; margin-top: 0px !important;\"><span data-attr-link=\"1\" data-attr-rel=\"0\" data-attr-target=\"0\" data-extra_key=\"\" data-option-inline=\"1\" data-shortcode=\"tcb_post_title\" data-shortcode-name=\"Post title\" data-attr-css=\"\" data-attr-static-link=\"{&quot;className&quot;:&quot;&quot;,&quot;href&quot;:&quot;#&quot;,&quot;title&quot;:&quot;Tours &amp; Tickets in Italy DE&quot;,&quot;class&quot;:&quot;&quot;}\" style=\"\"><a href=\"https:\/\/italy-tourist-information.com\/de\/touren-und-tickets\" title=\"Tours &amp; Tickets in Italy DE\" data-css=\"\">Tours &amp; Tickets in Italy DE<\/a><\/span><\/h3>\n<p> <a href=\"https:\/\/italy-tourist-information.com\/de\/touren-und-tickets\" style=\"\" tabindex=\"0\"> <span style=\"\"><span style=\"\">Siehe das Ticket<\/span><\/span> <\/a>         <\/p>\n<p style=\"text-align: center;\">Die beliebtesten Tagesausfl\u00fcge in Italien<\/p>\n<p><a href=\"https:\/\/italy-tourist-information.com\/de\/touren-und-tickets\" dynamic-postlink=\"tcb_post_the_permalink\" data-shortcode-id=\"10763\"><\/a><\/p>\n<p style=\"text-align: center;\"><span data-attr-date-format=\"F j, Y\" data-attr-date-format-select=\"F j, Y\" data-attr-show-time=\"0\" data-attr-time-format=\"\" data-attr-time-format-select=\"g:i a\" data-attr-type=\"published\" data-extra_key=\"\" data-option-inline=\"1\" data-shortcode=\"tcb_post_published_date\" data-shortcode-name=\"Post date\">May 8, 2023 <\/span><\/p>\n<h3 style=\"text-align: center; padding-top: 0px !important; margin-top: 0px !important;\"><span data-attr-link=\"1\" data-attr-rel=\"0\" data-attr-target=\"0\" data-extra_key=\"\" data-option-inline=\"1\" data-shortcode=\"tcb_post_title\" data-shortcode-name=\"Post title\" data-attr-css=\"\" data-attr-static-link=\"{&quot;className&quot;:&quot;&quot;,&quot;href&quot;:&quot;#&quot;,&quot;title&quot;:&quot;Tours &amp; Tickets in Italy DE&quot;,&quot;class&quot;:&quot;&quot;}\" style=\"\"><a href=\"https:\/\/italy-tourist-information.com\/de\/touren-und-tickets\" title=\"Tours &amp; Tickets in Italy DE\" data-css=\"\">Tours &amp; Tickets in Italy DE<\/a><\/span><\/h3>\n<p>Bestseller-Ticketshop in Italien Die beliebtesten Aktivit\u00e4ten und Tickets f\u00fcr Ihre Italienreise, von <a href=\"https:\/\/italy-tourist-information.com\/de\/touren-und-tickets#more-18549\">&#8230;<\/a><\/p>\n<p><a href=\"https:\/\/italy-tourist-information.com\/de\/touren-und-tickets\" style=\"\"><span style=\"\"><span style=\"\">Siehe das Ticket<\/span><\/span><\/a><a href=\"javascript:void(0)\"><span style=\"\"><span style=\"\">Mehr laden<\/span><\/span><\/a><\/p>\n","protected":false},"excerpt":{"rendered":"<p>Bestseller-Ticketshop in Italien Die beliebtesten Aktivit\u00e4ten und Tickets f\u00fcr Ihre Italienreise, von unseren Teammitgliedern pers\u00f6nlich zusammengestellt: Rom Top-Tickets Hier sind die beliebtesten Tickets, die Besucher vor ihrer Ankunft in Rom gekauft haben: Tours &amp; Tickets in Italy DE Siehe das Ticket Top-Tickets f\u00fcr Venedig Hier sind die beliebtesten Tickets, die Besucher vor ihrer Ankunft in [&hellip;]<\/p>\n","protected":false},"author":17,"featured_media":17427,"parent":0,"menu_order":0,"comment_status":"closed","ping_status":"closed","template":"","meta":{"footnotes":""},"categories":[],"tags":[],"class_list":["post-18549","page","type-page","status-publish","has-post-thumbnail","hentry","post-wrapper","thrv_wrapper"],"_links":{"self":[{"href":"https:\/\/italy-tourist-information.com\/de\/wp-json\/wp\/v2\/pages\/18549","targetHints":{"allow":["GET"]}}],"collection":[{"href":"https:\/\/italy-tourist-information.com\/de\/wp-json\/wp\/v2\/pages"}],"about":[{"href":"https:\/\/italy-tourist-information.com\/de\/wp-json\/wp\/v2\/types\/page"}],"author":[{"embeddable":true,"href":"https:\/\/italy-tourist-information.com\/de\/wp-json\/wp\/v2\/users\/17"}],"replies":[{"embeddable":true,"href":"https:\/\/italy-tourist-information.com\/de\/wp-json\/wp\/v2\/comments?post=18549"}],"version-history":[{"count":9,"href":"https:\/\/italy-tourist-information.com\/de\/wp-json\/wp\/v2\/pages\/18549\/revisions"}],"predecessor-version":[{"id":18990,"href":"https:\/\/italy-tourist-information.com\/de\/wp-json\/wp\/v2\/pages\/18549\/revisions\/18990"}],"wp:featuredmedia":[{"embeddable":true,"href":"https:\/\/italy-tourist-information.com\/de\/wp-json\/wp\/v2\/media\/17427"}],"wp:attachment":[{"href":"https:\/\/italy-tourist-information.com\/de\/wp-json\/wp\/v2\/media?parent=18549"}],"wp:term":[{"taxonomy":"category","embeddable":true,"href":"https:\/\/italy-tourist-information.com\/de\/wp-json\/wp\/v2\/categories?post=18549"},{"taxonomy":"post_tag","embeddable":true,"href":"https:\/\/italy-tourist-information.com\/de\/wp-json\/wp\/v2\/tags?post=18549"}],"curies":[{"name":"wp","href":"https:\/\/api.w.org\/{rel}","templated":true}]}}