{"id":18552,"date":"2026-02-02T10:52:41","date_gmt":"2026-02-02T10:52:41","guid":{"rendered":"https:\/\/italy-tourist-information.com\/trevi-fountain-tickets"},"modified":"2026-04-21T14:45:28","modified_gmt":"2026-04-21T14:45:28","slug":"trevi-brunnen-tickets","status":"publish","type":"page","link":"https:\/\/italy-tourist-information.com\/de\/trevi-brunnen-tickets","title":{"rendered":"Trevi-Brunnen Tickets"},"content":{"rendered":"<p><span><img decoding=\"async\" alt=\"Tickets f\u00fcr den Trevi-Brunnen\" data-id=\"16758\" width=\"2335\" height=\"1556\" title=\"Trevi-Brunnen-Tickets ota\" src=\"https:\/\/italy-tourist-information.com\/wp-content\/uploads\/2026\/02\/Trevi-Fountain-Tickets-ota-1024x682.avif\" data-src=\"https:\/\/italy-tourist-information.com\/wp-content\/uploads\/2026\/02\/Trevi-Fountain-Tickets-ota-300x200.avif\" loading=\"lazy\" data-sizes=\"{&quot;thumbnail&quot;:{&quot;height&quot;:150,&quot;width&quot;:150,&quot;url&quot;:&quot;https:\/\/italy-tourist-information.com\/wp-content\/uploads\/2026\/02\/Trevi-Fountain-Tickets-ota-150x150.avif&quot;,&quot;orientation&quot;:&quot;landscape&quot;},&quot;medium&quot;:{&quot;height&quot;:200,&quot;width&quot;:300,&quot;url&quot;:&quot;https:\/\/italy-tourist-information.com\/wp-content\/uploads\/2026\/02\/Trevi-Fountain-Tickets-ota-300x200.avif&quot;,&quot;orientation&quot;:&quot;landscape&quot;},&quot;large&quot;:{&quot;height&quot;:682,&quot;width&quot;:1024,&quot;url&quot;:&quot;https:\/\/italy-tourist-information.com\/wp-content\/uploads\/2026\/02\/Trevi-Fountain-Tickets-ota-1024x682.avif&quot;,&quot;orientation&quot;:&quot;landscape&quot;},&quot;full&quot;:{&quot;url&quot;:&quot;https:\/\/italy-tourist-information.com\/wp-content\/uploads\/2026\/02\/Trevi-Fountain-Tickets-ota.avif&quot;,&quot;height&quot;:1556,&quot;width&quot;:2335,&quot;orientation&quot;:&quot;landscape&quot;}}\"><\/span><span><img decoding=\"async\" alt=\"\" data-id=\"16757\" width=\"2333\" height=\"1556\" title=\"Trevi-Brunnen-Tickets ota2\" src=\"https:\/\/italy-tourist-information.com\/wp-content\/uploads\/2026\/02\/Trevi-Fountain-Tickets-ota2-1024x683.avif\" data-src=\"https:\/\/italy-tourist-information.com\/wp-content\/uploads\/2026\/02\/Trevi-Fountain-Tickets-ota2-300x200.avif\" loading=\"lazy\" data-sizes=\"{&quot;thumbnail&quot;:{&quot;height&quot;:150,&quot;width&quot;:150,&quot;url&quot;:&quot;https:\/\/italy-tourist-information.com\/wp-content\/uploads\/2026\/02\/Trevi-Fountain-Tickets-ota2-150x150.avif&quot;,&quot;orientation&quot;:&quot;landscape&quot;},&quot;medium&quot;:{&quot;height&quot;:200,&quot;width&quot;:300,&quot;url&quot;:&quot;https:\/\/italy-tourist-information.com\/wp-content\/uploads\/2026\/02\/Trevi-Fountain-Tickets-ota2-300x200.avif&quot;,&quot;orientation&quot;:&quot;landscape&quot;},&quot;large&quot;:{&quot;height&quot;:683,&quot;width&quot;:1024,&quot;url&quot;:&quot;https:\/\/italy-tourist-information.com\/wp-content\/uploads\/2026\/02\/Trevi-Fountain-Tickets-ota2-1024x683.avif&quot;,&quot;orientation&quot;:&quot;landscape&quot;},&quot;full&quot;:{&quot;url&quot;:&quot;https:\/\/italy-tourist-information.com\/wp-content\/uploads\/2026\/02\/Trevi-Fountain-Tickets-ota2.avif&quot;,&quot;height&quot;:1556,&quot;width&quot;:2333,&quot;orientation&quot;:&quot;landscape&quot;}}\"><\/span><span><img decoding=\"async\" alt=\"\" data-id=\"16755\" width=\"2332\" height=\"1556\" title=\"Trevi-Brunnen-Tickets ota 4\" src=\"https:\/\/italy-tourist-information.com\/wp-content\/uploads\/2026\/02\/Trevi-Fountain-Tickets-ota-4-1024x683.avif\" data-src=\"https:\/\/italy-tourist-information.com\/wp-content\/uploads\/2026\/02\/Trevi-Fountain-Tickets-ota-4-300x200.avif\" loading=\"lazy\" data-sizes=\"{&quot;thumbnail&quot;:{&quot;height&quot;:150,&quot;width&quot;:150,&quot;url&quot;:&quot;https:\/\/italy-tourist-information.com\/wp-content\/uploads\/2026\/02\/Trevi-Fountain-Tickets-ota-4-150x150.avif&quot;,&quot;orientation&quot;:&quot;landscape&quot;},&quot;medium&quot;:{&quot;height&quot;:200,&quot;width&quot;:300,&quot;url&quot;:&quot;https:\/\/italy-tourist-information.com\/wp-content\/uploads\/2026\/02\/Trevi-Fountain-Tickets-ota-4-300x200.avif&quot;,&quot;orientation&quot;:&quot;landscape&quot;},&quot;large&quot;:{&quot;height&quot;:683,&quot;width&quot;:1024,&quot;url&quot;:&quot;https:\/\/italy-tourist-information.com\/wp-content\/uploads\/2026\/02\/Trevi-Fountain-Tickets-ota-4-1024x683.avif&quot;,&quot;orientation&quot;:&quot;landscape&quot;},&quot;full&quot;:{&quot;url&quot;:&quot;https:\/\/italy-tourist-information.com\/wp-content\/uploads\/2026\/02\/Trevi-Fountain-Tickets-ota-4.avif&quot;,&quot;height&quot;:1556,&quot;width&quot;:2332,&quot;orientation&quot;:&quot;landscape&quot;}}\"><\/span><span><img decoding=\"async\" alt=\"\" data-id=\"16756\" width=\"2337\" height=\"1556\" title=\"Trevi-Brunnen-Tickets ota3\" src=\"https:\/\/italy-tourist-information.com\/wp-content\/uploads\/2026\/02\/Trevi-Fountain-Tickets-ota3-1024x682.avif\" data-src=\"https:\/\/italy-tourist-information.com\/wp-content\/uploads\/2026\/02\/Trevi-Fountain-Tickets-ota3-300x200.avif\" loading=\"lazy\" data-sizes=\"{&quot;thumbnail&quot;:{&quot;height&quot;:150,&quot;width&quot;:150,&quot;url&quot;:&quot;https:\/\/italy-tourist-information.com\/wp-content\/uploads\/2026\/02\/Trevi-Fountain-Tickets-ota3-150x150.avif&quot;,&quot;orientation&quot;:&quot;landscape&quot;},&quot;medium&quot;:{&quot;height&quot;:200,&quot;width&quot;:300,&quot;url&quot;:&quot;https:\/\/italy-tourist-information.com\/wp-content\/uploads\/2026\/02\/Trevi-Fountain-Tickets-ota3-300x200.avif&quot;,&quot;orientation&quot;:&quot;landscape&quot;},&quot;large&quot;:{&quot;height&quot;:682,&quot;width&quot;:1024,&quot;url&quot;:&quot;https:\/\/italy-tourist-information.com\/wp-content\/uploads\/2026\/02\/Trevi-Fountain-Tickets-ota3-1024x682.avif&quot;,&quot;orientation&quot;:&quot;landscape&quot;},&quot;full&quot;:{&quot;url&quot;:&quot;https:\/\/italy-tourist-information.com\/wp-content\/uploads\/2026\/02\/Trevi-Fountain-Tickets-ota3.avif&quot;,&quot;height&quot;:1556,&quot;width&quot;:2337,&quot;orientation&quot;:&quot;landscape&quot;}}\"><\/span><\/p>\n<h1>Trevi-Brunnen Rom: Eintrittskarte<\/h1>\n<h2><a href=\"https:\/\/www.tiqets.com\/rome-attractions-c71631\/tickets-for-trevi-fountain-rome-entry-p1126440\/?partner=italytouristinformation&amp;tq_campaign=ITITreviFountainGttd\" target=\"_blank\" rel=\"nofollow noopener\" style=\"outline: none;\">Zur Buchung&nbsp;<\/a><\/h2>\n<h1><a href=\"https:\/\/www.tiqets.com\/rome-attractions-c71631\/tickets-for-trevi-fountain-rome-entry-p1126440\/?partner=italytouristinformation&amp;tq_campaign=ITITreviFountainGttd\" target=\"_blank\" rel=\"nofollow noopener\" style=\"outline: none;\" spellcheck=\"false\">Ab <strong>10 \u20ac<\/strong><\/a><\/h1>\n<p data-pm-slice=\"1 1 []\">Mit den Trevi-Brunnen-Tickets erhalten Sie reservierten Zugang zu Roms ber\u00fchmtestem Brunnen <strong>inklusive pers\u00f6nlicher F\u00fchrung.<\/strong> Erfahren Sie mehr \u00fcber seine Geschichte, entdecken Sie lokale Traditionen und nehmen Sie am ber\u00fchmten M\u00fcnzwurf teil \u2013 bei einem entspannten und gut betreuten Besuch.<\/p>\n<ul>\n<li style=\"\"><span>Handverlesenes Ticket<\/span><\/li>\n<li style=\"\"><!--! Font Awesome Free 6.7.1 by @fontawesome - https:\/\/fontawesome.com License - https:\/\/fontawesome.com\/license\/free (Icons: CC BY 4.0, Fonts: SIL OFL 1.1, Code: MIT License) Copyright 2024 Fonticons, Inc. --><span>Sofortige Ticketzustellung<\/span><\/li>\n<li style=\"\"><span>Gastgeber<\/span><\/li>\n<li style=\"\"><span>Kostenlose Stornierung<\/span><\/li>\n<\/ul>\n<h2>Inbegriffen<\/h2>\n<ul>\n<li style=\"\">                    <span>Eintrittskarte f\u00fcr den Trevi-Brunnen<\/span><\/li>\n<li style=\"\">                    <span>Unterst\u00fctzung durch eine Hostess vor Ort<\/span><\/li>\n<\/ul>\n<h2>Nicht inbegriffen<\/h2>\n<ul>\n<li style=\"\"><span>Live-Reisef\u00fchrer<\/span><\/li>\n<\/ul>\n<h2>Wichtige Informationen<\/h2>\n<ul>\n<li style=\"\"><span>Bitte finden Sie sich mindestens 10 Minuten vor Treffpunkt ein.<\/span><\/li>\n<li><span>Mobile Gutscheine werden akzeptiert<\/span><\/li>\n<li style=\"\"><span>Das Erlebnis beinhaltet begleitete Unterst\u00fctzung, jedoch keinen lizenzierten Reisef\u00fchrer.<\/span><\/li>\n<li style=\"\"><span>Die Gastgeberin erwartet Sie am Treffpunkt mit einer Karte mit Ihren Ausweisen und steht Ihnen w\u00e4hrend des gesamten Erlebnisses zur Seite.<\/span><\/li>\n<\/ul>\n<h2>Beschreibung:<\/h2>\n<p dir=\"ltr\">Erleben Sie die Magie des Trevi-Brunnens mit <strong>reserviertem Eintritt<\/strong> und <strong>fachkundiger Begleitung.<\/strong> Entdecken Sie die Legenden, die Geschichte und die Traditionen dieses barocken Meisterwerks und genie\u00dfen Sie einen entspannten Besuch.<\/p>\n<p dir=\"ltr\">Vervollst\u00e4ndigen Sie Ihr Erlebnis, indem Sie eine M\u00fcnze in den Brunnen werfen \u2013 ein zeitloses r\u00f6misches Ritual, von dem man glaubte, dass es Ihre R\u00fcckkehr in die Ewige Stadt sichert.<\/p>\n<h2>Highlights:<\/h2>\n<p ltr\"\"=\"\">\n<ul>\n<li dir=\"ltr\">Treffen Sie die Gastgeberin am vereinbarten Treffpunkt.<\/li>\n<li dir=\"ltr\">Zugang zum inneren Zugangsbereich des Trevi-Brunnens<\/li>\n<li dir=\"ltr\">Einf\u00fchrung in die Geschichte und Traditionen des Brunnens<\/li>\n<li dir=\"ltr\">Zeit zur freien Verf\u00fcgung, um den Brunnen zu bewundern und eine M\u00fcnze zu werfen.<\/li>\n<\/ul>\n<h2>Trevi-Brunnen Rom<\/h2>\n<p>Piazza di Trevi, 00187 Roma RM<\/p>\n<h2>Stornierungsbedingungen<\/h2>\n<p>Stornieren Sie bis zu 48 Stunden im Voraus und Sie erhalten eine volle R\u00fcckerstattung.<\/p>\n<h2>Treffpunkt &amp; Anweisungen<\/h2>\n<p data-pm-slice=\"1 1 []\">&nbsp;Treffpunkt: Piazza Accademia di San Luca, 00187 Rom ( <a href=\"https:\/\/www.google.com\/maps\/search\/?api=1&amp;query=Piazza%20Accademia%20di%20San%20Luca%2000187%20Rome\" target=\"_blank\" rel=\"nofollow noopener\" style=\"outline: none;\">siehe auf Google Maps<\/a> )<\/p>\n<p data-pm-slice=\"1 1 []\">Halten Sie Ausschau nach der Gastgeberin, die eine Ausweismappe bei sich tr\u00e4gt.<\/p>\n<h2>Bewertungen<\/h2>\n<p><strong>Neu!<\/strong><\/p>\n<p dir=\"ltr\">&nbsp;<a href=\"https:\/\/www.tiqets.com\/rome-attractions-c71631\/tickets-for-trevi-fountain-rome-entry-p1126440\/?partner=italytouristinformation&amp;tq_campaign=ITITreviFountainGttd\" target=\"_blank\" rel=\"nofollow noopener\" data-lt-tmp-id=\"lt-768347\" spellcheck=\"false\" style=\"outline: none;\">&gt;&gt; Weitere Rezensionen ansehen&#8230;<\/a><\/p>\n<p><span>#1<\/span><\/p>\n<h2>Einige Aktivit\u00e4ten, die Ihnen gefallen k\u00f6nnten<\/h2>\n<p><\/p>\n<p><span><img decoding=\"async\" alt=\"\" data-id=\"10918\" width=\"159\" data-init-width=\"960\" height=\"106\" data-init-height=\"639\" title=\"Rom-Hop-On Hop-Off Panorama-Busticket (3 Runden x 1 ota)\" loading=\"lazy\" src=\"https:\/\/italy-tourist-information.com\/wp-content\/uploads\/2025\/05\/Rome-Hop-On-Hop-Off-Panoramic-Open-Bus-Ticket-3-Circuits-x-1-ota.jpg\" data-width=\"159\" data-height=\"106\" style=\"aspect-ratio: auto 960 \/ 639;\"><\/span><\/p>\n<table>\n<tbody>\n<tr>\n<td>\n<table>\n<tbody>\n<tr>\n<td><strong><a data-lt-tmp-id=\"lt-163467\" href=\"https:\/\/www.getyourguide.com\/rome-l33\/romehop-on-hop-off-panoramic-open-bus-ticket-3-circuits-x-1-t30720\/?partner_id=NO9XIDE&amp;utm_medium=online_publisher&amp;cmp=ITITreviFountainGttd2\" rel=\"nofollow noopener\" spellcheck=\"false\" target=\"_blank\" style=\"outline: none;\">Rom: Hop-On Hop-Off Panorama-Busticket (3 Runden) x 1<\/a><\/strong><\/td>\n<\/tr>\n<\/tbody>\n<\/table>\n<p><strong><\/strong><\/td>\n<\/tr>\n<\/tbody>\n<\/table>\n<p>Erkunden Sie Rom in Ihrem eigenen Tempo mit einem flexiblen Hop-On Hop-Off Panorama-Busticket, das auf 3 malerischen Routen alle wichtigen Sehensw\u00fcrdigkeiten abdeckt.<\/p>\n<h3 style=\"\">Gesamtpreis<\/h3>\n<h3 style=\"\">Ihr Konto wird noch nicht belastet<\/h3>\n<p><span># <\/span><strong><span>2<\/span><\/strong><span><img decoding=\"async\" alt=\"\" data-id=\"10312\" width=\"159\" data-init-width=\"1556\" height=\"159\" data-init-height=\"1556\" title=\"Rom-Touristenkarte Ota\" loading=\"lazy\" src=\"https:\/\/italy-tourist-information.com\/wp-content\/uploads\/2025\/05\/Rome-Tourist-Card-Ota.avif\" data-width=\"159\" data-height=\"159\" style=\"aspect-ratio: auto 1556 \/ 1556;\"><\/span><\/p>\n<table>\n<tbody>\n<tr>\n<td>\n<table>\n<tbody>\n<tr>\n<td data-del-cell=\"true\"><a href=\"https:\/\/www.tiqets.com\/en\/rome-attractions-c71631\/rome-tourist-card-p1013153\/?partner=italytouristinformation&amp;tq_campaign=https:\/\/www.tiqets.com\/en\/rome-attractions-c71631\/tickets-for-vatican-museums-sistine-chapel-st-peter-s-basilica-guided-tour-p1105898\/?partner=italytouristinformation&amp;tq_campaign=ITITreviFountainGttd3\" target=\"_blank\" rel=\"nofollow noopener\" style=\"outline: none;\" spellcheck=\"false\"><strong>Rom-Touristenkarte<\/strong><\/a><\/td>\n<\/tr>\n<\/tbody>\n<\/table>\n<\/td>\n<\/tr>\n<\/tbody>\n<\/table>\n<p>Entdecken Sie Rom m\u00fchelos mit der Rome Tourist Card \u2013 genie\u00dfen Sie den Zugang zu ber\u00fchmten Sehensw\u00fcrdigkeiten wie dem Kolosseum, den Vatikanischen Museen und der Sixtinischen Kapelle sowie die M\u00f6glichkeit, eine dritte Sehensw\u00fcrdigkeit Ihrer Wahl zu besuchen.<\/p>\n<h3 style=\"\">Gesamtpreis<\/h3>\n<h3 style=\"\">Ihr Konto wird noch nicht belastet<\/h3>\n<p><span># <\/span><strong><span>2<\/span><\/strong><span># <\/span><strong><span>2<\/span><\/strong><\/p>\n<p><\/p>\n<h2><a href=\"https:\/\/www.tiqets.com\/rome-attractions-c71631\/tickets-for-trevi-fountain-rome-entry-p1126440\/?partner=italytouristinformation&amp;tq_campaign=ITITreviFountainGttd\" target=\"_blank\" rel=\"nofollow noopener\" style=\"outline: none;\" data-lt-tmp-id=\"lt-670868\" spellcheck=\"false\">Zur Buchung<\/a><\/h2>\n<h1><a href=\"https:\/\/www.tiqets.com\/rome-attractions-c71631\/tickets-for-trevi-fountain-rome-entry-p1126440\/?partner=italytouristinformation&amp;tq_campaign=ITITreviFountainGttd\" target=\"_blank\" rel=\"nofollow noopener\" style=\"outline: none;\" spellcheck=\"false\">Ab <strong>10 \u20ac<\/strong><\/a><\/h1>\n<p style=\"\">Ihr Konto wird noch nicht belastet<\/p>\n","protected":false},"excerpt":{"rendered":"<p>Trevi-Brunnen Rom: Eintrittskarte Zur Buchung&nbsp; Ab 10 \u20ac Mit den Trevi-Brunnen-Tickets erhalten Sie reservierten Zugang zu Roms ber\u00fchmtestem Brunnen inklusive pers\u00f6nlicher F\u00fchrung. Erfahren Sie mehr \u00fcber seine Geschichte, entdecken Sie lokale Traditionen und nehmen Sie am ber\u00fchmten M\u00fcnzwurf teil \u2013 bei einem entspannten und gut betreuten Besuch. Handverlesenes Ticket Sofortige Ticketzustellung Gastgeber Kostenlose Stornierung Inbegriffen [&hellip;]<\/p>\n","protected":false},"author":6,"featured_media":18554,"parent":0,"menu_order":0,"comment_status":"closed","ping_status":"closed","template":"","meta":{"footnotes":""},"categories":[143,128],"tags":[155,130],"class_list":["post-18552","page","type-page","status-publish","has-post-thumbnail","hentry","category-rom","category-verkaufsseite","tag-rom","tag-verkaufsseite","post-wrapper","thrv_wrapper"],"_links":{"self":[{"href":"https:\/\/italy-tourist-information.com\/de\/wp-json\/wp\/v2\/pages\/18552","targetHints":{"allow":["GET"]}}],"collection":[{"href":"https:\/\/italy-tourist-information.com\/de\/wp-json\/wp\/v2\/pages"}],"about":[{"href":"https:\/\/italy-tourist-information.com\/de\/wp-json\/wp\/v2\/types\/page"}],"author":[{"embeddable":true,"href":"https:\/\/italy-tourist-information.com\/de\/wp-json\/wp\/v2\/users\/6"}],"replies":[{"embeddable":true,"href":"https:\/\/italy-tourist-information.com\/de\/wp-json\/wp\/v2\/comments?post=18552"}],"version-history":[{"count":9,"href":"https:\/\/italy-tourist-information.com\/de\/wp-json\/wp\/v2\/pages\/18552\/revisions"}],"predecessor-version":[{"id":19958,"href":"https:\/\/italy-tourist-information.com\/de\/wp-json\/wp\/v2\/pages\/18552\/revisions\/19958"}],"wp:featuredmedia":[{"embeddable":true,"href":"https:\/\/italy-tourist-information.com\/de\/wp-json\/wp\/v2\/media\/18554"}],"wp:attachment":[{"href":"https:\/\/italy-tourist-information.com\/de\/wp-json\/wp\/v2\/media?parent=18552"}],"wp:term":[{"taxonomy":"category","embeddable":true,"href":"https:\/\/italy-tourist-information.com\/de\/wp-json\/wp\/v2\/categories?post=18552"},{"taxonomy":"post_tag","embeddable":true,"href":"https:\/\/italy-tourist-information.com\/de\/wp-json\/wp\/v2\/tags?post=18552"}],"curies":[{"name":"wp","href":"https:\/\/api.w.org\/{rel}","templated":true}]}}