{"id":18559,"date":"2025-05-13T11:45:08","date_gmt":"2025-05-13T11:45:08","guid":{"rendered":"https:\/\/italy-tourist-information.com\/tuscany-day-trip-from-florence-pisa-siena-and-san-gimignano"},"modified":"2026-05-06T07:01:36","modified_gmt":"2026-05-06T07:01:36","slug":"tagesausflug-in-die-toskana-ab-florenz","status":"publish","type":"page","link":"https:\/\/italy-tourist-information.com\/de\/tagesausflug-in-die-toskana-ab-florenz","title":{"rendered":"Tagesausflug in die Toskana ab Florenz: Pisa, Siena und San Gimignano"},"content":{"rendered":"<p><span><img decoding=\"async\" alt=\"\" data-id=\"10736\" width=\"960\" height=\"640\" title=\"Tagesausflug Florenz \u2013 Pisa, Siena und San Gimignano mit Mittagessen\" src=\"https:\/\/italy-tourist-information.com\/wp-content\/uploads\/2025\/05\/Florence-Pisa-Siena-and-San-Gimignano-Day-Trip-with-Lunch-ota.jpg\" data-src=\"https:\/\/italy-tourist-information.com\/wp-content\/uploads\/2025\/05\/Florence-Pisa-Siena-and-San-Gimignano-Day-Trip-with-Lunch-ota-300x200.jpg\" loading=\"lazy\" data-sizes=\"{&quot;thumbnail&quot;:{&quot;url&quot;:&quot;https:\/\/italy-tourist-information.com\/wp-content\/uploads\/2025\/05\/Florence-Pisa-Siena-and-San-Gimignano-Day-Trip-with-Lunch-ota-150x150.jpg&quot;,&quot;height&quot;:150,&quot;width&quot;:150,&quot;orientation&quot;:&quot;landscape&quot;},&quot;medium&quot;:{&quot;url&quot;:&quot;https:\/\/italy-tourist-information.com\/wp-content\/uploads\/2025\/05\/Florence-Pisa-Siena-and-San-Gimignano-Day-Trip-with-Lunch-ota-300x200.jpg&quot;,&quot;height&quot;:200,&quot;width&quot;:300,&quot;orientation&quot;:&quot;landscape&quot;},&quot;full&quot;:{&quot;url&quot;:&quot;https:\/\/italy-tourist-information.com\/wp-content\/uploads\/2025\/05\/Florence-Pisa-Siena-and-San-Gimignano-Day-Trip-with-Lunch-ota.jpg&quot;,&quot;height&quot;:640,&quot;width&quot;:960,&quot;orientation&quot;:&quot;landscape&quot;}}\"><\/span><span><img decoding=\"async\" alt=\"\" data-id=\"10735\" width=\"960\" height=\"639\" title=\"Tagesausflug Florenz \u2013 Pisa, Siena und San Gimignano mit Mittagessen ota2\" src=\"https:\/\/italy-tourist-information.com\/wp-content\/uploads\/2025\/05\/Florence-Pisa-Siena-and-San-Gimignano-Day-Trip-with-Lunch-ota2.jpg\" data-src=\"https:\/\/italy-tourist-information.com\/wp-content\/uploads\/2025\/05\/Florence-Pisa-Siena-and-San-Gimignano-Day-Trip-with-Lunch-ota2-300x200.jpg\" loading=\"lazy\" data-sizes=\"{&quot;thumbnail&quot;:{&quot;url&quot;:&quot;https:\/\/italy-tourist-information.com\/wp-content\/uploads\/2025\/05\/Florence-Pisa-Siena-and-San-Gimignano-Day-Trip-with-Lunch-ota2-150x150.jpg&quot;,&quot;height&quot;:150,&quot;width&quot;:150,&quot;orientation&quot;:&quot;landscape&quot;},&quot;medium&quot;:{&quot;url&quot;:&quot;https:\/\/italy-tourist-information.com\/wp-content\/uploads\/2025\/05\/Florence-Pisa-Siena-and-San-Gimignano-Day-Trip-with-Lunch-ota2-300x200.jpg&quot;,&quot;height&quot;:200,&quot;width&quot;:300,&quot;orientation&quot;:&quot;landscape&quot;},&quot;full&quot;:{&quot;url&quot;:&quot;https:\/\/italy-tourist-information.com\/wp-content\/uploads\/2025\/05\/Florence-Pisa-Siena-and-San-Gimignano-Day-Trip-with-Lunch-ota2.jpg&quot;,&quot;height&quot;:639,&quot;width&quot;:960,&quot;orientation&quot;:&quot;landscape&quot;}}\"><\/span><span><img decoding=\"async\" alt=\"\" data-id=\"10734\" width=\"853\" height=\"640\" title=\"Tagesausflug Florenz \u2013 Pisa, Siena und San Gimignano mit Mittagessen ota3\" src=\"https:\/\/italy-tourist-information.com\/wp-content\/uploads\/2025\/05\/Florence-Pisa-Siena-and-San-Gimignano-Day-Trip-with-Lunch-ota3.jpg\" data-src=\"https:\/\/italy-tourist-information.com\/wp-content\/uploads\/2025\/05\/Florence-Pisa-Siena-and-San-Gimignano-Day-Trip-with-Lunch-ota3-300x225.jpg\" loading=\"lazy\" data-sizes=\"{&quot;thumbnail&quot;:{&quot;url&quot;:&quot;https:\/\/italy-tourist-information.com\/wp-content\/uploads\/2025\/05\/Florence-Pisa-Siena-and-San-Gimignano-Day-Trip-with-Lunch-ota3-150x150.jpg&quot;,&quot;height&quot;:150,&quot;width&quot;:150,&quot;orientation&quot;:&quot;landscape&quot;},&quot;medium&quot;:{&quot;url&quot;:&quot;https:\/\/italy-tourist-information.com\/wp-content\/uploads\/2025\/05\/Florence-Pisa-Siena-and-San-Gimignano-Day-Trip-with-Lunch-ota3-300x225.jpg&quot;,&quot;height&quot;:225,&quot;width&quot;:300,&quot;orientation&quot;:&quot;landscape&quot;},&quot;full&quot;:{&quot;url&quot;:&quot;https:\/\/italy-tourist-information.com\/wp-content\/uploads\/2025\/05\/Florence-Pisa-Siena-and-San-Gimignano-Day-Trip-with-Lunch-ota3.jpg&quot;,&quot;height&quot;:640,&quot;width&quot;:853,&quot;orientation&quot;:&quot;landscape&quot;}}\"><\/span><span><img decoding=\"async\" alt=\"\" data-id=\"10733\" width=\"960\" height=\"640\" title=\"Tagesausflug Florenz \u2013 Pisa, Siena und San Gimignano mit Mittagessen ota4\" src=\"https:\/\/italy-tourist-information.com\/wp-content\/uploads\/2025\/05\/Florence-Pisa-Siena-and-San-Gimignano-Day-Trip-with-Lunch-ota4.jpg\" data-src=\"https:\/\/italy-tourist-information.com\/wp-content\/uploads\/2025\/05\/Florence-Pisa-Siena-and-San-Gimignano-Day-Trip-with-Lunch-ota4-300x200.jpg\" loading=\"lazy\" data-sizes=\"{&quot;thumbnail&quot;:{&quot;url&quot;:&quot;https:\/\/italy-tourist-information.com\/wp-content\/uploads\/2025\/05\/Florence-Pisa-Siena-and-San-Gimignano-Day-Trip-with-Lunch-ota4-150x150.jpg&quot;,&quot;height&quot;:150,&quot;width&quot;:150,&quot;orientation&quot;:&quot;landscape&quot;},&quot;medium&quot;:{&quot;url&quot;:&quot;https:\/\/italy-tourist-information.com\/wp-content\/uploads\/2025\/05\/Florence-Pisa-Siena-and-San-Gimignano-Day-Trip-with-Lunch-ota4-300x200.jpg&quot;,&quot;height&quot;:200,&quot;width&quot;:300,&quot;orientation&quot;:&quot;landscape&quot;},&quot;full&quot;:{&quot;url&quot;:&quot;https:\/\/italy-tourist-information.com\/wp-content\/uploads\/2025\/05\/Florence-Pisa-Siena-and-San-Gimignano-Day-Trip-with-Lunch-ota4.jpg&quot;,&quot;height&quot;:640,&quot;width&quot;:960,&quot;orientation&quot;:&quot;landscape&quot;}}\"><\/span><span><img decoding=\"async\" alt=\"\" data-id=\"10732\" width=\"960\" height=\"639\" title=\"Tagesausflug Florenz \u2013 Pisa, Siena und San Gimignano mit Mittagessen ota5\" src=\"https:\/\/italy-tourist-information.com\/wp-content\/uploads\/2025\/05\/Florence-Pisa-Siena-and-San-Gimignano-Day-Trip-with-Lunch-ota5.jpg\" data-src=\"https:\/\/italy-tourist-information.com\/wp-content\/uploads\/2025\/05\/Florence-Pisa-Siena-and-San-Gimignano-Day-Trip-with-Lunch-ota5-300x200.jpg\" loading=\"lazy\" data-sizes=\"{&quot;thumbnail&quot;:{&quot;url&quot;:&quot;https:\/\/italy-tourist-information.com\/wp-content\/uploads\/2025\/05\/Florence-Pisa-Siena-and-San-Gimignano-Day-Trip-with-Lunch-ota5-150x150.jpg&quot;,&quot;height&quot;:150,&quot;width&quot;:150,&quot;orientation&quot;:&quot;landscape&quot;},&quot;medium&quot;:{&quot;url&quot;:&quot;https:\/\/italy-tourist-information.com\/wp-content\/uploads\/2025\/05\/Florence-Pisa-Siena-and-San-Gimignano-Day-Trip-with-Lunch-ota5-300x200.jpg&quot;,&quot;height&quot;:200,&quot;width&quot;:300,&quot;orientation&quot;:&quot;landscape&quot;},&quot;full&quot;:{&quot;url&quot;:&quot;https:\/\/italy-tourist-information.com\/wp-content\/uploads\/2025\/05\/Florence-Pisa-Siena-and-San-Gimignano-Day-Trip-with-Lunch-ota5.jpg&quot;,&quot;height&quot;:639,&quot;width&quot;:960,&quot;orientation&quot;:&quot;landscape&quot;}}\"><\/span><span><img decoding=\"async\" alt=\"\" data-id=\"10731\" width=\"960\" height=\"640\" title=\"Tagesausflug Florenz \u2013 Pisa, Siena und San Gimignano mit Mittagessen ota6\" src=\"https:\/\/italy-tourist-information.com\/wp-content\/uploads\/2025\/05\/Florence-Pisa-Siena-and-San-Gimignano-Day-Trip-with-Lunch-ota6.jpg\" data-src=\"https:\/\/italy-tourist-information.com\/wp-content\/uploads\/2025\/05\/Florence-Pisa-Siena-and-San-Gimignano-Day-Trip-with-Lunch-ota6-300x200.jpg\" loading=\"lazy\" data-sizes=\"{&quot;thumbnail&quot;:{&quot;url&quot;:&quot;https:\/\/italy-tourist-information.com\/wp-content\/uploads\/2025\/05\/Florence-Pisa-Siena-and-San-Gimignano-Day-Trip-with-Lunch-ota6-150x150.jpg&quot;,&quot;height&quot;:150,&quot;width&quot;:150,&quot;orientation&quot;:&quot;landscape&quot;},&quot;medium&quot;:{&quot;url&quot;:&quot;https:\/\/italy-tourist-information.com\/wp-content\/uploads\/2025\/05\/Florence-Pisa-Siena-and-San-Gimignano-Day-Trip-with-Lunch-ota6-300x200.jpg&quot;,&quot;height&quot;:200,&quot;width&quot;:300,&quot;orientation&quot;:&quot;landscape&quot;},&quot;full&quot;:{&quot;url&quot;:&quot;https:\/\/italy-tourist-information.com\/wp-content\/uploads\/2025\/05\/Florence-Pisa-Siena-and-San-Gimignano-Day-Trip-with-Lunch-ota6.jpg&quot;,&quot;height&quot;:640,&quot;width&quot;:960,&quot;orientation&quot;:&quot;landscape&quot;}}\"><\/span><span><img decoding=\"async\" alt=\"\" data-id=\"10730\" width=\"960\" height=\"639\" title=\"Tagesausflug Florenz \u2013 Pisa, Siena und San Gimignano mit Mittagessen ota7\" src=\"https:\/\/italy-tourist-information.com\/wp-content\/uploads\/2025\/05\/Florence-Pisa-Siena-and-San-Gimignano-Day-Trip-with-Lunch-ota7.jpg\" data-src=\"https:\/\/italy-tourist-information.com\/wp-content\/uploads\/2025\/05\/Florence-Pisa-Siena-and-San-Gimignano-Day-Trip-with-Lunch-ota7-300x200.jpg\" loading=\"lazy\" data-sizes=\"{&quot;thumbnail&quot;:{&quot;url&quot;:&quot;https:\/\/italy-tourist-information.com\/wp-content\/uploads\/2025\/05\/Florence-Pisa-Siena-and-San-Gimignano-Day-Trip-with-Lunch-ota7-150x150.jpg&quot;,&quot;height&quot;:150,&quot;width&quot;:150,&quot;orientation&quot;:&quot;landscape&quot;},&quot;medium&quot;:{&quot;url&quot;:&quot;https:\/\/italy-tourist-information.com\/wp-content\/uploads\/2025\/05\/Florence-Pisa-Siena-and-San-Gimignano-Day-Trip-with-Lunch-ota7-300x200.jpg&quot;,&quot;height&quot;:200,&quot;width&quot;:300,&quot;orientation&quot;:&quot;landscape&quot;},&quot;full&quot;:{&quot;url&quot;:&quot;https:\/\/italy-tourist-information.com\/wp-content\/uploads\/2025\/05\/Florence-Pisa-Siena-and-San-Gimignano-Day-Trip-with-Lunch-ota7.jpg&quot;,&quot;height&quot;:639,&quot;width&quot;:960,&quot;orientation&quot;:&quot;landscape&quot;}}\"><\/span><span><img decoding=\"async\" alt=\"\" data-id=\"10729\" width=\"960\" height=\"639\" title=\"Tagesausflug Florenz \u2013 Pisa, Siena und San Gimignano mit Mittagessen ota8\" src=\"https:\/\/italy-tourist-information.com\/wp-content\/uploads\/2025\/05\/Florence-Pisa-Siena-and-San-Gimignano-Day-Trip-with-Lunch-ota8.jpg\" data-src=\"https:\/\/italy-tourist-information.com\/wp-content\/uploads\/2025\/05\/Florence-Pisa-Siena-and-San-Gimignano-Day-Trip-with-Lunch-ota8-300x200.jpg\" loading=\"lazy\" data-sizes=\"{&quot;thumbnail&quot;:{&quot;url&quot;:&quot;https:\/\/italy-tourist-information.com\/wp-content\/uploads\/2025\/05\/Florence-Pisa-Siena-and-San-Gimignano-Day-Trip-with-Lunch-ota8-150x150.jpg&quot;,&quot;height&quot;:150,&quot;width&quot;:150,&quot;orientation&quot;:&quot;landscape&quot;},&quot;medium&quot;:{&quot;url&quot;:&quot;https:\/\/italy-tourist-information.com\/wp-content\/uploads\/2025\/05\/Florence-Pisa-Siena-and-San-Gimignano-Day-Trip-with-Lunch-ota8-300x200.jpg&quot;,&quot;height&quot;:200,&quot;width&quot;:300,&quot;orientation&quot;:&quot;landscape&quot;},&quot;full&quot;:{&quot;url&quot;:&quot;https:\/\/italy-tourist-information.com\/wp-content\/uploads\/2025\/05\/Florence-Pisa-Siena-and-San-Gimignano-Day-Trip-with-Lunch-ota8.jpg&quot;,&quot;height&quot;:639,&quot;width&quot;:960,&quot;orientation&quot;:&quot;landscape&quot;}}\"><\/span><\/p>\n<h1 dir=\"ltr\">Ab Florenz: Tagesausflug nach Pisa, Siena und San Gimignano mit Mittagessen<\/h1>\n<h2><a href=\"https:\/\/www.getyourguide.com\/florence-l32\/from-florence-day-trip-pisa-siena-san-gimignano-w-lunch-t44592\/?partner_id=NO9XIDE&amp;utm_medium=online_publisher&amp;cmp=ITIDeTuscanyDayTripSP\" target=\"_blank\" rel=\"nofollow noopener\" style=\"outline: none;\" spellcheck=\"false\">Zur Buchung<\/a><\/h2>\n<p style=\"\"><a href=\"https:\/\/www.getyourguide.com\/florence-l32\/from-florence-day-trip-pisa-siena-san-gimignano-w-lunch-t44592\/?partner_id=NO9XIDE&amp;utm_medium=online_publisher&amp;cmp=ITIDeTuscanyDayTripSP\" target=\"_blank\" rel=\"nofollow noopener\" style=\"outline: none;\">Preis ab<\/a><\/p>\n<h1><a href=\"https:\/\/www.getyourguide.com\/florence-l32\/from-florence-day-trip-pisa-siena-san-gimignano-w-lunch-t44592\/?partner_id=NO9XIDE&amp;utm_medium=online_publisher&amp;cmp=ITIDeTuscanyDayTripSP\" target=\"_blank\" rel=\"nofollow noopener\" style=\"outline: none;\" spellcheck=\"false\"><strong>49 \u20ac<\/strong><\/a><\/h1>\n<p dir=\"ltr\">Erleben Sie einen unvergesslichen Tagesausflug in die Toskana ab Florenz mit Besuchen in <strong>Pisa, Siena und San Gimignano.<\/strong> Genie\u00dfen Sie gef\u00fchrte Touren, ein toskanisches Mittagessen, Weinproben und ber\u00fchmte Sehensw\u00fcrdigkeiten \u2013 alles auf einer unvergesslichen Reise.<\/p>\n<ul>\n<li style=\"\"><span>Handverlesenes Ticket&nbsp;<\/span><\/li>\n<li style=\"\"><span>Jetzt reservieren &amp; sp\u00e4ter bezahlen<\/span><\/li>\n<li style=\"\"><span>Dauer: 12 &#8211; 12,5 Stunden<\/span><\/li>\n<li style=\"\"><span>Kostenlose Stornierung<\/span><\/li>\n<\/ul>\n<h2>Inbegriffen<\/h2>\n<ul>\n<li style=\"\">                    <span>Transport mit dem Bus&nbsp;<\/span><\/li>\n<li style=\"\">                    <span>Tour in ausgew\u00e4hlter(n) Sprache(n)<\/span><\/li>\n<li style=\"\">                    <span>Besuch eines Chianti-Weinguts mit Weinprobe<\/span><\/li>\n<li style=\"\">                    <span>Freizeit in Pisa und San Gimignano<\/span><\/li>\n<li style=\"\">                    <span>Traditionelles toskanisches Mittagessen (je nach gew\u00e4hlter Option)<\/span><\/li>\n<li style=\"\">                    <span>Englischsprachige Stadtf\u00fchrung durch Siena (je nach gew\u00e4hlter Option)<\/span><\/li>\n<li><span>Eintrittskarte f\u00fcr den Dom von Siena mit englischsprachiger F\u00fchrung (falls ausgew\u00e4hlt)<\/span><\/li>\n<\/ul>\n<h2>Nicht inbegriffen<\/h2>\n<ul>\n<li style=\"\"><span>Hotelabholung und -r\u00fccktransfer<\/span><\/li>\n<li style=\"\"><span>Mittagessen (je nach gew\u00e4hlter Option)<\/span><\/li>\n<li style=\"\"><span>Eintrittskarte f\u00fcr den Dom von Siena mit ausschlie\u00dflich englischsprachigem, autorisiertem Reiseleiter (je nach gew\u00e4hlter Option).<\/span><\/li>\n<li style=\"\"><span>Englischsprachige Stadtf\u00fchrung durch Siena (je nach gew\u00e4hlter Option)<\/span><\/li>\n<\/ul>\n<h2>Wichtige Informationen<\/h2>\n<ul>\n<li style=\"\"><span>Der Dom von Siena und die F\u00fchrung sind nur auf Englisch verf\u00fcgbar.<\/span><\/li>\n<li style=\"\"><span>F\u00fcr die Sprachoptionen Franz\u00f6sisch, Portugiesisch und Chinesisch sind mindestens 4 Teilnehmer erforderlich.<\/span><\/li>\n<li style=\"\"><span>Rechnen Sie im Laufe des Tages mit m\u00e4\u00dfigem Gehen und Treppensteigen.<\/span><\/li>\n<li><span>Der Reiseverlauf kann sich aufgrund von Ereignissen oder Wetterbedingungen \u00e4ndern, aber alle Haltestellen werden angefahren.<\/span><\/li>\n<li><span>Die Tour ist nicht geeignet f\u00fcr Rollstuhlfahrer oder Personen mit eingeschr\u00e4nkter Mobilit\u00e4t.<\/span><\/li>\n<li><span>Kleintiere sind nicht erlaubt<\/span><\/li>\n<li><span>Die Stra\u00dfenbahnfahrt zum Treffpunkt kostet 1,50 \u20ac und die Fahrkarten k\u00f6nnen an den Automaten in der N\u00e4he der Haltestellen erworben werden.<\/span><\/li>\n<\/ul>\n<h2>Beschreibung:<\/h2>\n<p dir=\"ltr\">Dieser Tagesausflug von Florenz in die Toskana vereint die sch\u00f6nsten Sehensw\u00fcrdigkeiten der Region. Beginnen Sie in <strong>Pisa<\/strong> und bestaunen Sie den Schiefen Turm und die Piazza dei Miracoli.<\/p>\n<p dir=\"ltr\">Weiter geht es in der <strong>Chianti-Landschaft<\/strong> zu einem k\u00f6stlichen toskanischen Mittagessen mit Weinprobe. In <strong>Siena<\/strong> erkunden Sie mittelalterliche Gassen und k\u00f6nnen optional an einer F\u00fchrung durch die beeindruckende Kathedrale teilnehmen.<\/p>\n<p dir=\"ltr\">Lassen Sie Ihren Tag in <strong>San Gimignano ausklingen,<\/strong> das f\u00fcr seine alten T\u00fcrme und atemberaubenden Ausblicke bekannt ist. Ein perfekter Ausflug in die toskanische Kultur, K\u00fcche und Landschaft \u2013 <strong>alles an einem einzigen Tag.<\/strong><\/p>\n<h2>Highlights:<\/h2>\n<ul>\n<li ltr\"\"=\"\"><strong>Erkunden Sie drei ikonische toskanische St\u00e4dte<\/strong> an einem Tag von Florenz aus<\/li>\n<li ltr\"\"=\"\">Probieren Sie lokale Weine in einem <strong>Chianti-Weingut<\/strong><\/li>\n<li ltr\"\"=\"\">Genie\u00dfen Sie ein <strong>traditionelles toskanisches Mittagessen<\/strong> (falls diese Option gew\u00e4hlt wurde).<\/li>\n<li ltr\"\"=\"\">Besuchen Sie den <strong>atemberaubenden Dom von Siena<\/strong> mit fachkundiger Erl\u00e4uterung (falls diese Option gew\u00e4hlt wurde).<\/li>\n<li ltr\"\"=\"\">Entdecken Sie die <strong>UNESCO-gesch\u00fctzte Stadt San Gimignano<\/strong> , bekannt f\u00fcr ihre T\u00fcrme und Safranfelder.<\/li>\n<li ltr\"\"=\"\"><strong>Besichtigen Sie den Schiefen Turm von Pisa<\/strong> und die umliegenden Denkm\u00e4ler.<\/li>\n<li ltr\"\"=\"\"><strong>Reisen Sie komfortabel und stressfrei&nbsp;<\/strong>mit Hin- und R\u00fccktransfer im Reisebus und mehrsprachigem Reiseleiter.<\/li>\n<\/ul>\n<h2>Stornierungsbedingungen<\/h2>\n<p dir=\"ltr\">Kostenlose Stornierung bis zu 24 Stunden im Voraus mit voller R\u00fcckerstattung.<\/p>\n<h2>Treffpunkt &amp; Anweisungen<\/h2>\n<p dir=\"ltr\">Treffen Sie die Mitarbeiter, die gr\u00fcnen Hemden oder wei\u00dfen Hemden mit einem gr\u00fcnen Foulard und dem myTour-Logo tragen, am <strong>Busbahnhof Florenz \u2013 Villa Costanza<\/strong> (vor dem Caf\u00e9 The Florence Gate).<\/p>\n<p dir=\"ltr\">Erreichbar mit der Stra\u00dfenbahnlinie T1 bis zur Endhaltestelle Villa Costanza (ca. 20 Minuten vom Stadtzentrum entfernt). Fahrkarten kosten 1,50 \u20ac und sind an den Automaten in der N\u00e4he der Haltestellen erh\u00e4ltlich.<\/p>\n<p dir=\"ltr\"><a href=\"https:\/\/www.google.com\/maps?q=@43.75517654418945,11.174111366271973\" target=\"_blank\" rel=\"nofollow noopener\" data-lt-tmp-id=\"lt-469471\" spellcheck=\"false\" style=\"outline: none;\">In Google Maps \u00f6ffnen<\/a><\/p>\n<h2>Bewertungen<\/h2>\n<p><strong>4,5\/5&nbsp; <\/strong><strong>(10111 Bewertungen)<\/strong><\/p>\n<p dir=\"ltr\"><em>\u201eWir waren von dieser Tour begeistert! Sie war perfekt. Wir haben die Tour auf Spanisch gemacht und unser Reiseleiter war super freundlich und hat uns viele Informationen und Tipps gegeben. Die Tour ist sehr gut organisiert, mit gen\u00fcgend Zeit in jeder Stadt, um sie zu erkunden. Ich w\u00fcrde die Option mit Mittagessen und Weinprobe empfehlen, da das auch ein tolles Erlebnis war. Wir haben uns in San Gimignano verliebt und w\u00fcrden auf jeden Fall wieder hinfahren.\u201c&nbsp;<\/em> \u2013 Luli, Mai 2025 <a href=\"https:\/\/www.getyourguide.com\/florence-l32\/from-florence-day-trip-pisa-siena-san-gimignano-w-lunch-t44592\/?partner_id=NO9XIDE&amp;utm_medium=online_publisher&amp;cmp=ITIDeTuscanyDayTripSP\" target=\"_blank\" rel=\"nofollow noopener\" spellcheck=\"false\" style=\"outline: none;\">&gt;&gt; Weitere Bewertungen ansehen \u2026<\/a><\/p>\n<h2>Weitere Aktivit\u00e4ten, die Ihnen gefallen k\u00f6nnten<\/h2>\n<p><span># <\/span><strong><span>2<\/span><\/strong><span># <\/span><strong><span>2<\/span><\/strong><span><img decoding=\"async\" alt=\"\" data-id=\"10649\" width=\"159\" data-init-width=\"960\" height=\"105\" data-init-height=\"635\" title=\"Tagesausflug von Florenz nach Cinque Terre und Pisa\" loading=\"lazy\" src=\"https:\/\/italy-tourist-information.com\/wp-content\/uploads\/2025\/05\/From-Florence-Cinque-Terre-and-Pisa-Day-Trip-ota.jpg\" data-width=\"159\" data-height=\"105\" style=\"aspect-ratio: auto 960 \/ 635;\"><\/span><\/p>\n<table>\n<tbody>\n<tr>\n<td><a href=\"https:\/\/www.getyourguide.com\/florence-l32\/from-florence-cinque-terre-pisa-day-trip-w-optional-hike-t57210\/?partner_id=NO9XIDE&amp;utm_medium=online_publisher&amp;cmp=ITIDeTuscanyDayTripSP2\" target=\"_blank\" rel=\"nofollow noopener\" style=\"outline: none;\" data-lt-tmp-id=\"lt-573093\" spellcheck=\"false\">Ab Florenz: Tagesausflug nach Cinque Terre und Pisa<\/a><\/td>\n<\/tr>\n<\/tbody>\n<\/table>\n<p>Entdecken Sie auf diesem Ganztagesausflug nach Florenz zwei der bekanntesten Reiseziele Italiens: einen <strong>90-min\u00fctigen Besuch des Schiefen Turms von Pisa<\/strong> und eine gef\u00fchrte Tour durch die malerischen <strong>D\u00f6rfer der Cinque Terre.<\/strong><\/p>\n<h3 style=\"\">Gesamtpreis<\/h3>\n<h3 style=\"\">Ihr Konto wird noch nicht belastet<\/h3>\n<p><span># <\/span><strong><span>2<\/span><\/strong><span><img decoding=\"async\" alt=\"\" data-id=\"10646\" width=\"159\" data-init-width=\"1600\" height=\"99\" data-init-height=\"1000\" title=\"Gef\u00fchrte Tour von Florenz nach Cinque Terre\" loading=\"lazy\" src=\"https:\/\/italy-tourist-information.com\/wp-content\/uploads\/2025\/05\/From-Florence-Cinque-Terre-Guided-Tour-ota.avif\" data-width=\"159\" data-height=\"99\" style=\"aspect-ratio: auto 1600 \/ 1000;\"><\/span><\/p>\n<table>\n<tbody>\n<tr>\n<td><a href=\"https:\/\/www.headout.com\/de\/touren-von-florenz-nach-cinque-terre\/ganztagige-tour-durch-die-cinque-terre-ab-florenz-mit-reisefuhrer-e-15838\/?affiliate_code=KXkQ69&amp;utm_campaign=itideflorencecinqueterredaytripsp3&amp;utm_content=link&amp;utm_medium=affiliate&amp;utm_source=most_amazing_places\" target=\"_blank\" rel=\"nofollow noopener\" style=\"outline: none;\" data-lt-tmp-id=\"lt-853170\" spellcheck=\"false\">Von Florenz aus: Gef\u00fchrte Tour durch die Cinque Terre<\/a><\/td>\n<\/tr>\n<\/tbody>\n<\/table>\n<p dir=\"ltr\">Entdecken Sie die atemberaubenden Florenz Cinque Terre auf einer ganzt\u00e4gigen gef\u00fchrten Tour ab mit komfortablem Bustransfer, fachkundigen Erl\u00e4uterungen und freier Zeit, um die farbenfrohen K\u00fcstend\u00f6rfer in Ihrem eigenen Tempo zu erkunden.<\/p>\n<h3 style=\"\">Gesamtpreis<\/h3>\n<h3 style=\"\">Ihr Konto wird noch nicht belastet<\/h3>\n<p><\/p>\n<h2><a href=\"https:\/\/www.getyourguide.com\/florence-l32\/from-florence-day-trip-pisa-siena-san-gimignano-w-lunch-t44592\/?partner_id=NO9XIDE&amp;utm_medium=online_publisher&amp;cmp=ITIDeTuscanyDayTripSP\" target=\"_blank\" rel=\"nofollow noopener\" style=\"outline: none;\" spellcheck=\"false\">Zur Buchung<\/a><\/h2>\n<p style=\"\"><a href=\"https:\/\/www.getyourguide.com\/florence-l32\/from-florence-day-trip-pisa-siena-san-gimignano-w-lunch-t44592\/?partner_id=NO9XIDE&amp;utm_medium=online_publisher&amp;cmp=ITIDeTuscanyDayTripSP\" target=\"_blank\" rel=\"nofollow noopener\" style=\"outline: none;\" spellcheck=\"false\">Preis ab<\/a><\/p>\n<h1><a href=\"https:\/\/www.getyourguide.com\/florence-l32\/from-florence-day-trip-pisa-siena-san-gimignano-w-lunch-t44592\/?partner_id=NO9XIDE&amp;utm_medium=online_publisher&amp;cmp=ITIDeTuscanyDayTripSP\" target=\"_blank\" rel=\"nofollow noopener\" style=\"outline: none;\" spellcheck=\"false\"><strong>49 \u20ac<\/strong><\/a><\/h1>\n<p style=\"\">Ihr Konto wird noch nicht belastet<\/p>\n","protected":false},"excerpt":{"rendered":"<p>Ab Florenz: Tagesausflug nach Pisa, Siena und San Gimignano mit Mittagessen Zur Buchung Preis ab 49 \u20ac Erleben Sie einen unvergesslichen Tagesausflug in die Toskana ab Florenz mit Besuchen in Pisa, Siena und San Gimignano. Genie\u00dfen Sie gef\u00fchrte Touren, ein toskanisches Mittagessen, Weinproben und ber\u00fchmte Sehensw\u00fcrdigkeiten \u2013 alles auf einer unvergesslichen Reise. Handverlesenes Ticket&nbsp; Jetzt [&hellip;]<\/p>\n","protected":false},"author":6,"featured_media":18560,"parent":0,"menu_order":0,"comment_status":"closed","ping_status":"closed","template":"","meta":{"footnotes":"","tve_updated_post":"","tve_custom_css":"","tve_user_custom_css":"","tve_globals":{},"tcb2_ready":1,"tcb_editor_enabled":1,"tve_landing_page":"bd86f3fc67210fed5b2794ad4a56d3a9","_tve_header":"17144","_tve_footer":"17145"},"categories":[138,132,128],"tags":[147,134,130],"class_list":["post-18559","page","type-page","status-publish","has-post-thumbnail","hentry","category-florenz","category-fuhrung","category-verkaufsseite","tag-florenz","tag-fuhrung","tag-verkaufsseite","post-wrapper","thrv_wrapper"],"_links":{"self":[{"href":"https:\/\/italy-tourist-information.com\/de\/wp-json\/wp\/v2\/pages\/18559","targetHints":{"allow":["GET"]}}],"collection":[{"href":"https:\/\/italy-tourist-information.com\/de\/wp-json\/wp\/v2\/pages"}],"about":[{"href":"https:\/\/italy-tourist-information.com\/de\/wp-json\/wp\/v2\/types\/page"}],"author":[{"embeddable":true,"href":"https:\/\/italy-tourist-information.com\/de\/wp-json\/wp\/v2\/users\/6"}],"replies":[{"embeddable":true,"href":"https:\/\/italy-tourist-information.com\/de\/wp-json\/wp\/v2\/comments?post=18559"}],"version-history":[{"count":7,"href":"https:\/\/italy-tourist-information.com\/de\/wp-json\/wp\/v2\/pages\/18559\/revisions"}],"predecessor-version":[{"id":20287,"href":"https:\/\/italy-tourist-information.com\/de\/wp-json\/wp\/v2\/pages\/18559\/revisions\/20287"}],"wp:featuredmedia":[{"embeddable":true,"href":"https:\/\/italy-tourist-information.com\/de\/wp-json\/wp\/v2\/media\/18560"}],"wp:attachment":[{"href":"https:\/\/italy-tourist-information.com\/de\/wp-json\/wp\/v2\/media?parent=18559"}],"wp:term":[{"taxonomy":"category","embeddable":true,"href":"https:\/\/italy-tourist-information.com\/de\/wp-json\/wp\/v2\/categories?post=18559"},{"taxonomy":"post_tag","embeddable":true,"href":"https:\/\/italy-tourist-information.com\/de\/wp-json\/wp\/v2\/tags?post=18559"}],"curies":[{"name":"wp","href":"https:\/\/api.w.org\/{rel}","templated":true}]}}