{"id":18570,"date":"2024-09-13T07:19:21","date_gmt":"2024-09-13T07:19:21","guid":{"rendered":"https:\/\/italy-tourist-information.com\/vatican-museums-sistine-chapel-ticket"},"modified":"2026-04-15T13:04:48","modified_gmt":"2026-04-15T13:04:48","slug":"tickets-fuer-die-vatikanische-museen","status":"publish","type":"page","link":"https:\/\/italy-tourist-information.com\/de\/tickets-fuer-die-vatikanische-museen","title":{"rendered":"Tickets f\u00fcr die Vatikanischen Museen und die Sixtinische Kapelle\u00a0"},"content":{"rendered":"<p><span><img decoding=\"async\" alt=\"\" data-id=\"6399\" width=\"1200\" height=\"750\" title=\"Tickets f\u00fcr die Vatikanischen Museen und die Sixtinische Kapelle\" src=\"https:\/\/italy-tourist-information.com\/wp-content\/uploads\/2024\/09\/Vatican-Museums-Sistine-Chapel-Tickets--1024x640.avif\" data-src=\"https:\/\/italy-tourist-information.com\/wp-content\/uploads\/2024\/09\/Vatican-Museums-Sistine-Chapel-Tickets--300x188.avif\" data-sizes=\"{&quot;thumbnail&quot;:{&quot;url&quot;:&quot;https:\/\/italy-tourist-information.com\/wp-content\/uploads\/2024\/09\/Vatican-Museums-Sistine-Chapel-Tickets--150x150.avif&quot;,&quot;height&quot;:150,&quot;width&quot;:150,&quot;orientation&quot;:&quot;landscape&quot;},&quot;medium&quot;:{&quot;url&quot;:&quot;https:\/\/italy-tourist-information.com\/wp-content\/uploads\/2024\/09\/Vatican-Museums-Sistine-Chapel-Tickets--300x188.avif&quot;,&quot;height&quot;:188,&quot;width&quot;:300,&quot;orientation&quot;:&quot;landscape&quot;},&quot;large&quot;:{&quot;url&quot;:&quot;https:\/\/italy-tourist-information.com\/wp-content\/uploads\/2024\/09\/Vatican-Museums-Sistine-Chapel-Tickets--1024x640.avif&quot;,&quot;height&quot;:640,&quot;width&quot;:1024,&quot;orientation&quot;:&quot;landscape&quot;},&quot;full&quot;:{&quot;url&quot;:&quot;https:\/\/italy-tourist-information.com\/wp-content\/uploads\/2024\/09\/Vatican-Museums-Sistine-Chapel-Tickets-.avif&quot;,&quot;height&quot;:750,&quot;width&quot;:1200,&quot;orientation&quot;:&quot;landscape&quot;}}\" style=\"\" loading=\"lazy\"><\/span><span><img decoding=\"async\" alt=\"\" data-id=\"6398\" width=\"1200\" height=\"750\" title=\"Tickets f\u00fcr die Vatikanischen Museen und die Sixtinische Kapelle (2)\" src=\"https:\/\/italy-tourist-information.com\/wp-content\/uploads\/2024\/09\/Vatican-Museums-Sistine-Chapel-Tickets-2-1024x640.avif\" data-src=\"https:\/\/italy-tourist-information.com\/wp-content\/uploads\/2024\/09\/Vatican-Museums-Sistine-Chapel-Tickets-2-300x188.avif\" data-sizes=\"{&quot;thumbnail&quot;:{&quot;url&quot;:&quot;https:\/\/italy-tourist-information.com\/wp-content\/uploads\/2024\/09\/Vatican-Museums-Sistine-Chapel-Tickets-2-150x150.avif&quot;,&quot;height&quot;:150,&quot;width&quot;:150,&quot;orientation&quot;:&quot;landscape&quot;},&quot;medium&quot;:{&quot;url&quot;:&quot;https:\/\/italy-tourist-information.com\/wp-content\/uploads\/2024\/09\/Vatican-Museums-Sistine-Chapel-Tickets-2-300x188.avif&quot;,&quot;height&quot;:188,&quot;width&quot;:300,&quot;orientation&quot;:&quot;landscape&quot;},&quot;large&quot;:{&quot;url&quot;:&quot;https:\/\/italy-tourist-information.com\/wp-content\/uploads\/2024\/09\/Vatican-Museums-Sistine-Chapel-Tickets-2-1024x640.avif&quot;,&quot;height&quot;:640,&quot;width&quot;:1024,&quot;orientation&quot;:&quot;landscape&quot;},&quot;full&quot;:{&quot;url&quot;:&quot;https:\/\/italy-tourist-information.com\/wp-content\/uploads\/2024\/09\/Vatican-Museums-Sistine-Chapel-Tickets-2.avif&quot;,&quot;height&quot;:750,&quot;width&quot;:1200,&quot;orientation&quot;:&quot;landscape&quot;}}\" style=\"\" loading=\"lazy\"><\/span><span><img decoding=\"async\" alt=\"\" data-id=\"6397\" width=\"1200\" height=\"750\" title=\"Tickets f\u00fcr die Vatikanischen Museen und die Sixtinische Kapelle (3)\" src=\"https:\/\/italy-tourist-information.com\/wp-content\/uploads\/2024\/09\/Vatican-Museums-Sistine-Chapel-Tickets-3-1024x640.avif\" data-src=\"https:\/\/italy-tourist-information.com\/wp-content\/uploads\/2024\/09\/Vatican-Museums-Sistine-Chapel-Tickets-3-300x188.avif\" data-sizes=\"{&quot;thumbnail&quot;:{&quot;url&quot;:&quot;https:\/\/italy-tourist-information.com\/wp-content\/uploads\/2024\/09\/Vatican-Museums-Sistine-Chapel-Tickets-3-150x150.avif&quot;,&quot;height&quot;:150,&quot;width&quot;:150,&quot;orientation&quot;:&quot;landscape&quot;},&quot;medium&quot;:{&quot;url&quot;:&quot;https:\/\/italy-tourist-information.com\/wp-content\/uploads\/2024\/09\/Vatican-Museums-Sistine-Chapel-Tickets-3-300x188.avif&quot;,&quot;height&quot;:188,&quot;width&quot;:300,&quot;orientation&quot;:&quot;landscape&quot;},&quot;large&quot;:{&quot;url&quot;:&quot;https:\/\/italy-tourist-information.com\/wp-content\/uploads\/2024\/09\/Vatican-Museums-Sistine-Chapel-Tickets-3-1024x640.avif&quot;,&quot;height&quot;:640,&quot;width&quot;:1024,&quot;orientation&quot;:&quot;landscape&quot;},&quot;full&quot;:{&quot;url&quot;:&quot;https:\/\/italy-tourist-information.com\/wp-content\/uploads\/2024\/09\/Vatican-Museums-Sistine-Chapel-Tickets-3.avif&quot;,&quot;height&quot;:750,&quot;width&quot;:1200,&quot;orientation&quot;:&quot;landscape&quot;}}\" style=\"\" loading=\"lazy\"><\/span><span><img decoding=\"async\" alt=\"\" data-id=\"6396\" width=\"1200\" height=\"750\" title=\"Tickets f\u00fcr die Vatikanischen Museen und die Sixtinische Kapelle (4)\" src=\"https:\/\/italy-tourist-information.com\/wp-content\/uploads\/2024\/09\/Vatican-Museums-Sistine-Chapel-Tickets-4-1024x640.avif\" data-src=\"https:\/\/italy-tourist-information.com\/wp-content\/uploads\/2024\/09\/Vatican-Museums-Sistine-Chapel-Tickets-4-300x188.avif\" data-sizes=\"{&quot;thumbnail&quot;:{&quot;url&quot;:&quot;https:\/\/italy-tourist-information.com\/wp-content\/uploads\/2024\/09\/Vatican-Museums-Sistine-Chapel-Tickets-4-150x150.avif&quot;,&quot;height&quot;:150,&quot;width&quot;:150,&quot;orientation&quot;:&quot;landscape&quot;},&quot;medium&quot;:{&quot;url&quot;:&quot;https:\/\/italy-tourist-information.com\/wp-content\/uploads\/2024\/09\/Vatican-Museums-Sistine-Chapel-Tickets-4-300x188.avif&quot;,&quot;height&quot;:188,&quot;width&quot;:300,&quot;orientation&quot;:&quot;landscape&quot;},&quot;large&quot;:{&quot;url&quot;:&quot;https:\/\/italy-tourist-information.com\/wp-content\/uploads\/2024\/09\/Vatican-Museums-Sistine-Chapel-Tickets-4-1024x640.avif&quot;,&quot;height&quot;:640,&quot;width&quot;:1024,&quot;orientation&quot;:&quot;landscape&quot;},&quot;full&quot;:{&quot;url&quot;:&quot;https:\/\/italy-tourist-information.com\/wp-content\/uploads\/2024\/09\/Vatican-Museums-Sistine-Chapel-Tickets-4.avif&quot;,&quot;height&quot;:750,&quot;width&quot;:1200,&quot;orientation&quot;:&quot;landscape&quot;}}\" style=\"\" loading=\"lazy\"><\/span><span><img decoding=\"async\" alt=\"\" data-id=\"6395\" width=\"240\" height=\"150\" title=\"Tickets f\u00fcr die Vatikanischen Museen und die Sixtinische Kapelle 5\" src=\"https:\/\/italy-tourist-information.com\/wp-content\/uploads\/2024\/09\/Vatican-Museums-Sistine-Chapel-Tickets-5.avif\" data-src=\"https:\/\/italy-tourist-information.com\/wp-content\/uploads\/2024\/09\/Vatican-Museums-Sistine-Chapel-Tickets-5.avif\" data-sizes=\"{&quot;thumbnail&quot;:{&quot;url&quot;:&quot;https:\/\/italy-tourist-information.com\/wp-content\/uploads\/2024\/09\/Vatican-Museums-Sistine-Chapel-Tickets-5-150x150.avif&quot;,&quot;height&quot;:150,&quot;width&quot;:150,&quot;orientation&quot;:&quot;landscape&quot;},&quot;full&quot;:{&quot;url&quot;:&quot;https:\/\/italy-tourist-information.com\/wp-content\/uploads\/2024\/09\/Vatican-Museums-Sistine-Chapel-Tickets-5.avif&quot;,&quot;height&quot;:150,&quot;width&quot;:240,&quot;orientation&quot;:&quot;landscape&quot;}}\" style=\"\" loading=\"lazy\"><\/span><\/p>\n<h1 data-qa-marker=\"product-name\">Vatikanische Museen + Sixtinische Kapelle Schnelleinlass-Tickets<\/h1>\n<h2><a href=\"https:\/\/www.headout.com\/de\/vatikan-tickets\/vatikanische-museen-sixtinische-kapelle-eintrittsticket-e-6732\/?affiliate_code=KXkQ69&amp;utm_campaign=itidevaticansp&amp;utm_content=link&amp;utm_medium=affiliate&amp;utm_source=most_amazing_places\" target=\"_blank\" rel=\"nofollow noopener\">Zur Buchung<\/a><\/h2>\n<h1><a href=\"https:\/\/www.headout.com\/de\/vatikan-tickets\/vatikanische-museen-sixtinische-kapelle-eintrittsticket-e-6732\/?affiliate_code=KXkQ69&amp;utm_campaign=itidevaticansp&amp;utm_content=link&amp;utm_medium=affiliate&amp;utm_source=most_amazing_places\" target=\"_blank\" rel=\"nofollow noopener\" style=\"outline: none;\" spellcheck=\"false\"><strong>Ab 31,84<\/strong> \u20ac<strong><\/strong><\/a><\/h1>\n<p dir=\"ltr\">Entdecken Sie die <strong>gr\u00f6\u00dften Sch\u00e4tze des Vatikans<\/strong>&nbsp;und tauchen Sie ein in Meisterwerke der Renaissance, darunter Michelangelos atemberaubende Sixtinische Kapelle.&nbsp;<strong>Dank flexibler Eintrittsoptionen<\/strong> verspricht dieses Erlebnis eine unvergessliche Reise durch Kunst und Geschichte.<\/p>\n<ul>\n<li style=\"\"><span>Handverlesenes Ticket&nbsp;<\/span><\/li>\n<li style=\"\"><span>Eintrittskarte<\/span><\/li>\n<li style=\"\"><span>Sofortige Best\u00e4tigung<\/span><\/li>\n<li style=\"\"><span>Nicht stornierbar<\/span><\/li>\n<\/ul>\n<h2>Inbegriffen<\/h2>\n<ul>\n<li style=\"\">                    <span>\u00dcberspringen Sie die Warteschlange beim Eintritt in die Vatikanischen Museen und die Sixtinische Kapelle.<\/span><\/li>\n<li style=\"\">                    <span>Inklusive bevorzugtem Einlass in die Vatikanischen Museen bei Einl\u00f6sung des Tickets (gem\u00e4\u00df der gew\u00e4hlten Option).<\/span><\/li>\n<li style=\"\">                    <span>Offene Bustour durch die G\u00e4rten des Vatikans (je nach gew\u00e4hlter Option)<\/span><\/li>\n<li style=\"\">                    <span>Gef\u00fchrte Tour durch die Vatikanischen Museen und die Sixtinische Kapelle (je nach gew\u00e4hlter Option)<\/span><\/li>\n<li style=\"\">                    <span>Buchungs- und Servicegeb\u00fchren<\/span><\/li>\n<\/ul>\n<h2>Nicht inbegriffen<\/h2>\n<ul>\n<li style=\"\"><span>Eintritt in den Petersdom (frei)<\/span><\/li>\n<li style=\"\"><span>Trinkgelder<\/span><\/li>\n<\/ul>\n<h2>Wichtige Informationen<\/h2>\n<ul>\n<li><span>Es gilt eine strenge Kleiderordnung; Schultern, Knie und R\u00fccken m\u00fcssen bedeckt sein.<\/span><\/li>\n<li style=\"\"><span>Die Tickets sind nur f\u00fcr das ausgew\u00e4hlte Datum und den ausgew\u00e4hlten Zeitabschnitt g\u00fcltig, bitte seien Sie entsprechend anwesend.&nbsp;<\/span><\/li>\n<li style=\"\"><span>Bringen Sie einen g\u00fcltigen Lichtbildausweis mit.<\/span><\/li>\n<li style=\"\"><span>Alle Besucher m\u00fcssen eine Sicherheitskontrolle wie am Flughafen durchlaufen, die in der Hauptsaison \u00fcber 30 Minuten dauern kann.<\/span><\/li>\n<li style=\"\"><span>In der Sixtinischen Kapelle herrscht absolute Stille; Sprechen, Telefonieren und Fotografieren sind verboten.<\/span><\/li>\n<li style=\"\"><span>Gep\u00e4ck und gro\u00dfe Taschen sind im Inneren nicht gestattet; Eine kostenlose Garderobe ist vorhanden.<\/span><\/li>\n<li style=\"\"><span>Nicht geeignet f\u00fcr Kinder unter 7 Jahren<\/span><\/li>\n<li style=\"\"><span>Haustiere sind im Veranstaltungsort nicht gestattet.<\/span><\/li>\n<li><span>Barrierefreier Zugang f\u00fcr Rollstuhlfahrer und Kinderwagen. Kostenloser Rollstuhlverleih und freier Eintritt f\u00fcr Besucher mit Mobilit\u00e4tseinschr\u00e4nkungen (74 % oder mehr).<\/span><\/li>\n<\/ul>\n<h2>Beschreibung:<\/h2>\n<p data-end=\"523\" data-start=\"186\">Betreten Sie die&nbsp;<strong>Vatikanischen Museen<\/strong> und erkunden Sie die riesige Sammlung in Ihrem eigenen Tempo. Schlendern Sie durch <strong>die Kartengalerie,<\/strong>&nbsp;<strong>die Stanzen des Raffael<\/strong>&nbsp;und andere beeindruckende S\u00e4le voller antiker Skulpturen, kunstvoller Wandteppiche und Meisterwerke der Renaissance. Bestaunen Sie&nbsp;<strong>Michelangelos Sixtinische Kapelle<\/strong>, deren atemberaubende Decke mit \u00fcber&nbsp;<strong>300 Figuren<\/strong> geschm\u00fcckt ist.<\/p>\n<p data-pm-slice=\"1 1 []\">Entscheiden Sie sich f\u00fcr <strong>den Direkteinlass,<\/strong>&nbsp;um Ihren Gutschein zu scannen und sofort einzutreten, oder&nbsp;<strong>w\u00e4hlen Sie den Begleitservice<\/strong> f\u00fcr pers\u00f6nliche Tickethilfe und begleiteten Zugang zum Museum.<\/p>\n<h2>Highlights:<\/h2>\n<ul>\n<li dir=\"ltr\">Erleben Sie eines der wichtigsten Museen der Welt stressfrei mit Tickets mit Zeitfenster.<\/li>\n<li dir=\"ltr\">Bestaunen Sie die ber\u00fchmten Fresken der Sixtinischen Kapelle, darunter Michelangelos atemberaubendes Gem\u00e4lde \u201e <em>Die Erschaffung Adams\u201c.<\/em><\/li>\n<li dir=\"ltr\">Erkunden Sie die Stanzen des Raffael, die Kartengalerie und weitere praktische R\u00e4ume in den Vatikanischen Museen.<\/li>\n<li dir=\"ltr\">Entdecken Sie seltene Meisterwerke, darunter Werke von Caravaggio, Leonardo da Vinci und Van Gogh.<\/li>\n<\/ul>\n<h2>Vatikanische Museen und Sixtinische Kapelle<\/h2>\n<p>00120 Vatikanstadt<\/p>\n<h2>Stornierungsbedingungen<\/h2>\n<p>Diese Tickets f\u00fcr die Vatkanischen Museen k\u00f6nnen weder storniert noch umgebucht werden.<\/p>\n<h2>Treffpunkt &amp; Anweisungen<\/h2>\n<p data-pm-slice=\"1 1 []\">Der Museumseintritt ist zeitgebunden, w\u00e4hlen Sie daher bei der Buchung Ihre Startzeit. Kommen Sie 15 Minuten fr\u00fcher mit einem g\u00fcltigen Ausweis, um Verz\u00f6gerungen zu vermeiden, und \u00fcberpr\u00fcfen Sie Ihren Gutschein auf Einl\u00f6sedetails.&nbsp;<\/p>\n<p><a href=\"https:\/\/www.google.com\/maps?q=@41.90648651123047,12.453640937805176\" target=\"_blank\" rel=\"nofollow noopener\" style=\"outline: none;\" data-lt-tmp-id=\"lt-655004\" spellcheck=\"false\">In Karten \u00f6ffnen<\/a><\/p>\n<h2>Bewertungen<\/h2>\n<p><strong>4,3\/5&nbsp; <\/strong><strong>(47.279 Bewertungen)<\/strong><\/p>\n<p dir=\"ltr\"><em>\u201eDer Besuch war sehr gut, wir konnten schnell alle Warteschlangen umgehen, und die Reiseleiterin Brigida war w\u00e4hrend der gesamten Tour sehr nett, freundlich und hilfsbereit und gab hervorragende Erkl\u00e4rungen.\u201c<\/em> \u2013 Matteo, April 2025<\/p>\n<p dir=\"ltr\"><em>\u201eEin gro\u00dfartiges Erlebnis. Der Besuch der erhabenen G\u00e4rten war fantastisch. Das Museum ist ein wahrer Augenschmaus, Gem\u00e4lde, Skulpturen \u2013 wow! Und die Sixtinische Kapelle \ud83e\udd29\ud83d\ude0d Was f\u00fcr ein Gl\u00fcck! ROM IST EINE WUNDERBARE STADT!\u201c<\/em> Sonnard, April 2025<\/p>\n<p dir=\"ltr\"><em>\u201eMir hat alles gefallen, denn das Museum und die Sixtinische Kapelle sind wirklich wunderbar. Es war sehr voll, und man sollte sich darauf einstellen, dass jeden Tag viele Besucher da sind. Ich empfehle, die Tour m\u00f6glichst fr\u00fch am Morgen zu beginnen.\u201c<\/em> Ana \u2013 September 2024 <a href=\"https:\/\/www.headout.com\/de\/vatikan-tickets\/vatikanische-museen-sixtinische-kapelle-eintrittsticket-e-6732\/?affiliate_code=KXkQ69&amp;utm_campaign=itidevaticansp&amp;utm_content=link&amp;utm_medium=affiliate&amp;utm_source=most_amazing_places\" target=\"_blank\" rel=\"nofollow noopener\" data-lt-tmp-id=\"lt-923353\" spellcheck=\"false\" style=\"outline: none;\">&gt;&gt; Weitere Bewertungen ansehen \u2026<\/a><\/p>\n<p><span>#1<\/span><\/p>\n<h2>Weitere Aktivit\u00e4ten, die Ihnen gefallen k\u00f6nnten<\/h2>\n<p><\/p>\n<p><span><img decoding=\"async\" alt=\"\" data-id=\"10310\" width=\"159\" data-init-width=\"2338\" height=\"106\" data-init-height=\"1556\" title=\"Vatikanische Museen, Sixtinische Kapelle &amp; Petersdom \u2013 Gef\u00fchrte Tour\" loading=\"lazy\" src=\"https:\/\/italy-tourist-information.com\/wp-content\/uploads\/2025\/05\/Vatican-Museums-Sistine-Chapel-St.-Peters-Basilica-Guided-Tour-ota.avif\" data-width=\"159\" data-height=\"106\" style=\"aspect-ratio: auto 2338 \/ 1556;\"><\/span><\/p>\n<table>\n<tbody>\n<tr>\n<td>\n<table>\n<tbody>\n<tr>\n<td><strong><a href=\"https:\/\/www.tiqets.com\/de\/rome-attractions-c71631\/tickets-for-vatican-museums-sistine-chapel-st-peter-s-basilica-guided-tour-p1105898\/?partner=italytouristinformation&amp;tq_campaign=DEVaticanSP2\" rel=\"nofollow noopener\" spellcheck=\"false\" target=\"_blank\" style=\"outline: none;\">Vatikanische Museen, Sixtinische Kapelle &amp; Petersdom: F\u00fchrung<\/a><\/strong><\/td>\n<\/tr>\n<\/tbody>\n<\/table>\n<p><strong><\/strong><\/td>\n<\/tr>\n<\/tbody>\n<\/table>\n<p>Erleben Sie die Wunder des Vatikans auf einer gef\u00fchrten Tour, die Sie durch die beeindruckenden Vatikanischen Museen, die atemberaubende Sixtinische Kapelle und den majest\u00e4tischen Petersdom f\u00fchrt \u2013 alles mit fachkundigen Einblicken!<\/p>\n<h3 style=\"\">Gesamtpreis<\/h3>\n<h3 style=\"\">Ihr Konto wird noch nicht belastet.<\/h3>\n<p><span># <\/span><strong><span>2<\/span><\/strong><span><img decoding=\"async\" alt=\"\" data-id=\"10312\" width=\"159\" data-init-width=\"1556\" height=\"159\" data-init-height=\"1556\" title=\"Rom-Touristenkarte Ota\" loading=\"lazy\" src=\"https:\/\/italy-tourist-information.com\/wp-content\/uploads\/2025\/05\/Rome-Tourist-Card-Ota.avif\" data-width=\"159\" data-height=\"159\" style=\"aspect-ratio: auto 1556 \/ 1556;\"><\/span><\/p>\n<table>\n<tbody>\n<tr>\n<td>\n<table>\n<tbody>\n<tr>\n<td data-del-cell=\"true\"><a href=\"https:\/\/www.tiqets.com\/de\/rome-attractions-c71631\/rome-tourist-card-p1013153\/?partner=italytouristinformation&amp;tq_campaign=DeVaticanSP3\" target=\"_blank\" rel=\"nofollow noopener\" style=\"outline: none;\" data-lt-tmp-id=\"lt-840718\" spellcheck=\"false\"><strong>Rom Tourist Card<\/strong><\/a><\/td>\n<\/tr>\n<\/tbody>\n<\/table>\n<\/td>\n<\/tr>\n<\/tbody>\n<\/table>\n<p>Entdecken Sie Rom m\u00fchelos mit der Rome Tourist Card \u2013 genie\u00dfen Sie den Zugang zu ber\u00fchmten Sehensw\u00fcrdigkeiten wie dem Kolosseum, den Vatikanischen Museen und der Sixtinischen Kapelle sowie die M\u00f6glichkeit, eine dritte Sehensw\u00fcrdigkeit Ihrer Wahl zu besuchen.<\/p>\n<h3 style=\"\">Gesamtpreis<\/h3>\n<h3>Ihr Konto wird noch nicht belastet.<\/h3>\n<p><span># <\/span><strong><span>2<\/span><\/strong><span># <\/span><strong><span>2<\/span><\/strong><\/p>\n<p><\/p>\n<h2><a href=\"https:\/\/www.headout.com\/de\/vatikan-tickets\/vatikanische-museen-sixtinische-kapelle-eintrittsticket-e-6732\/?affiliate_code=KXkQ69&amp;utm_campaign=itidevaticansp&amp;utm_content=link&amp;utm_medium=affiliate&amp;utm_source=most_amazing_places\" target=\"_blank\" rel=\"nofollow noopener\" style=\"outline: none;\" spellcheck=\"false\">Zur Buchug<\/a><\/h2>\n<h1><a href=\"https:\/\/www.headout.com\/de\/vatikan-tickets\/vatikanische-museen-sixtinische-kapelle-eintrittsticket-e-6732\/?affiliate_code=KXkQ69&amp;utm_campaign=itidevaticansp&amp;utm_content=link&amp;utm_medium=affiliate&amp;utm_source=most_amazing_places\" target=\"_blank\" rel=\"nofollow noopener\" style=\"outline: none;\" spellcheck=\"false\"><strong>Ab 31,84<\/strong> \u20ac<strong><\/strong><\/a><\/h1>\n<p style=\"\">Ihr Konto wird noch nicht belastet.<\/p>\n","protected":false},"excerpt":{"rendered":"<p>Vatikanische Museen + Sixtinische Kapelle Schnelleinlass-Tickets Zur Buchung Ab 31,84 \u20ac Entdecken Sie die gr\u00f6\u00dften Sch\u00e4tze des Vatikans&nbsp;und tauchen Sie ein in Meisterwerke der Renaissance, darunter Michelangelos atemberaubende Sixtinische Kapelle.&nbsp;Dank flexibler Eintrittsoptionen verspricht dieses Erlebnis eine unvergessliche Reise durch Kunst und Geschichte. Handverlesenes Ticket&nbsp; Eintrittskarte Sofortige Best\u00e4tigung Nicht stornierbar Inbegriffen \u00dcberspringen Sie die Warteschlange beim [&hellip;]<\/p>\n","protected":false},"author":6,"featured_media":18421,"parent":0,"menu_order":0,"comment_status":"closed","ping_status":"closed","template":"","meta":{"footnotes":""},"categories":[143,128],"tags":[155,130],"class_list":["post-18570","page","type-page","status-publish","has-post-thumbnail","hentry","category-rom","category-verkaufsseite","tag-rom","tag-verkaufsseite","post-wrapper","thrv_wrapper"],"_links":{"self":[{"href":"https:\/\/italy-tourist-information.com\/de\/wp-json\/wp\/v2\/pages\/18570","targetHints":{"allow":["GET"]}}],"collection":[{"href":"https:\/\/italy-tourist-information.com\/de\/wp-json\/wp\/v2\/pages"}],"about":[{"href":"https:\/\/italy-tourist-information.com\/de\/wp-json\/wp\/v2\/types\/page"}],"author":[{"embeddable":true,"href":"https:\/\/italy-tourist-information.com\/de\/wp-json\/wp\/v2\/users\/6"}],"replies":[{"embeddable":true,"href":"https:\/\/italy-tourist-information.com\/de\/wp-json\/wp\/v2\/comments?post=18570"}],"version-history":[{"count":8,"href":"https:\/\/italy-tourist-information.com\/de\/wp-json\/wp\/v2\/pages\/18570\/revisions"}],"predecessor-version":[{"id":19405,"href":"https:\/\/italy-tourist-information.com\/de\/wp-json\/wp\/v2\/pages\/18570\/revisions\/19405"}],"wp:featuredmedia":[{"embeddable":true,"href":"https:\/\/italy-tourist-information.com\/de\/wp-json\/wp\/v2\/media\/18421"}],"wp:attachment":[{"href":"https:\/\/italy-tourist-information.com\/de\/wp-json\/wp\/v2\/media?parent=18570"}],"wp:term":[{"taxonomy":"category","embeddable":true,"href":"https:\/\/italy-tourist-information.com\/de\/wp-json\/wp\/v2\/categories?post=18570"},{"taxonomy":"post_tag","embeddable":true,"href":"https:\/\/italy-tourist-information.com\/de\/wp-json\/wp\/v2\/tags?post=18570"}],"curies":[{"name":"wp","href":"https:\/\/api.w.org\/{rel}","templated":true}]}}