{"id":18573,"date":"2025-05-14T13:58:11","date_gmt":"2025-05-14T13:58:11","guid":{"rendered":"https:\/\/italy-tourist-information.com\/vatican-museums-fast-track-ticket-sightseeing-bus-tour"},"modified":"2026-05-05T10:37:50","modified_gmt":"2026-05-05T10:37:50","slug":"vatikanische-museen-ticket-sightseeing-bus","status":"publish","type":"page","link":"https:\/\/italy-tourist-information.com\/de\/vatikanische-museen-ticket-sightseeing-bus","title":{"rendered":"Vatikanische Museen Ticket + Sightseeing-Bus"},"content":{"rendered":"<p><span><img decoding=\"async\" alt=\"\" data-id=\"10839\" width=\"2335\" height=\"1556\" title=\"Vatikanische Museen \u2013 Fast-Track-Ticket + Sightseeing-Bustour\" src=\"https:\/\/italy-tourist-information.com\/wp-content\/uploads\/2025\/05\/Vatican-Museums-Fast-Track-Ticket-Sightseeing-Bus-Tour-ota-1024x682.avif\" data-src=\"https:\/\/italy-tourist-information.com\/wp-content\/uploads\/2025\/05\/Vatican-Museums-Fast-Track-Ticket-Sightseeing-Bus-Tour-ota-300x200.avif\" loading=\"lazy\" data-sizes=\"{&quot;thumbnail&quot;:{&quot;url&quot;:&quot;https:\/\/italy-tourist-information.com\/wp-content\/uploads\/2025\/05\/Vatican-Museums-Fast-Track-Ticket-Sightseeing-Bus-Tour-ota-150x150.avif&quot;,&quot;height&quot;:150,&quot;width&quot;:150,&quot;orientation&quot;:&quot;landscape&quot;},&quot;medium&quot;:{&quot;url&quot;:&quot;https:\/\/italy-tourist-information.com\/wp-content\/uploads\/2025\/05\/Vatican-Museums-Fast-Track-Ticket-Sightseeing-Bus-Tour-ota-300x200.avif&quot;,&quot;height&quot;:200,&quot;width&quot;:300,&quot;orientation&quot;:&quot;landscape&quot;},&quot;large&quot;:{&quot;url&quot;:&quot;https:\/\/italy-tourist-information.com\/wp-content\/uploads\/2025\/05\/Vatican-Museums-Fast-Track-Ticket-Sightseeing-Bus-Tour-ota-1024x682.avif&quot;,&quot;height&quot;:682,&quot;width&quot;:1024,&quot;orientation&quot;:&quot;landscape&quot;},&quot;full&quot;:{&quot;url&quot;:&quot;https:\/\/italy-tourist-information.com\/wp-content\/uploads\/2025\/05\/Vatican-Museums-Fast-Track-Ticket-Sightseeing-Bus-Tour-ota.avif&quot;,&quot;height&quot;:1556,&quot;width&quot;:2335,&quot;orientation&quot;:&quot;landscape&quot;},&quot;1536x1536&quot;:{&quot;url&quot;:&quot;https:\/\/italy-tourist-information.com\/wp-content\/uploads\/2025\/05\/Vatican-Museums-Fast-Track-Ticket-Sightseeing-Bus-Tour-ota-1536x1024.avif&quot;,&quot;height&quot;:1024,&quot;width&quot;:1536,&quot;orientation&quot;:&quot;landscape&quot;},&quot;2048x2048&quot;:{&quot;url&quot;:&quot;https:\/\/italy-tourist-information.com\/wp-content\/uploads\/2025\/05\/Vatican-Museums-Fast-Track-Ticket-Sightseeing-Bus-Tour-ota-2048x1365.avif&quot;,&quot;height&quot;:1365,&quot;width&quot;:2048,&quot;orientation&quot;:&quot;landscape&quot;}}\"><\/span><span><img decoding=\"async\" alt=\"\" data-id=\"10838\" width=\"2334\" height=\"1556\" title=\"Vatikanische Museen \u2013 Fast-Track-Ticket + Sightseeing-Bustour ota2\" src=\"https:\/\/italy-tourist-information.com\/wp-content\/uploads\/2025\/05\/Vatican-Museums-Fast-Track-Ticket-Sightseeing-Bus-Tour-ota2-1024x683.avif\" data-src=\"https:\/\/italy-tourist-information.com\/wp-content\/uploads\/2025\/05\/Vatican-Museums-Fast-Track-Ticket-Sightseeing-Bus-Tour-ota2-300x200.avif\" loading=\"lazy\" data-sizes=\"{&quot;thumbnail&quot;:{&quot;url&quot;:&quot;https:\/\/italy-tourist-information.com\/wp-content\/uploads\/2025\/05\/Vatican-Museums-Fast-Track-Ticket-Sightseeing-Bus-Tour-ota2-150x150.avif&quot;,&quot;height&quot;:150,&quot;width&quot;:150,&quot;orientation&quot;:&quot;landscape&quot;},&quot;medium&quot;:{&quot;url&quot;:&quot;https:\/\/italy-tourist-information.com\/wp-content\/uploads\/2025\/05\/Vatican-Museums-Fast-Track-Ticket-Sightseeing-Bus-Tour-ota2-300x200.avif&quot;,&quot;height&quot;:200,&quot;width&quot;:300,&quot;orientation&quot;:&quot;landscape&quot;},&quot;large&quot;:{&quot;url&quot;:&quot;https:\/\/italy-tourist-information.com\/wp-content\/uploads\/2025\/05\/Vatican-Museums-Fast-Track-Ticket-Sightseeing-Bus-Tour-ota2-1024x683.avif&quot;,&quot;height&quot;:683,&quot;width&quot;:1024,&quot;orientation&quot;:&quot;landscape&quot;},&quot;full&quot;:{&quot;url&quot;:&quot;https:\/\/italy-tourist-information.com\/wp-content\/uploads\/2025\/05\/Vatican-Museums-Fast-Track-Ticket-Sightseeing-Bus-Tour-ota2.avif&quot;,&quot;height&quot;:1556,&quot;width&quot;:2334,&quot;orientation&quot;:&quot;landscape&quot;},&quot;1536x1536&quot;:{&quot;url&quot;:&quot;https:\/\/italy-tourist-information.com\/wp-content\/uploads\/2025\/05\/Vatican-Museums-Fast-Track-Ticket-Sightseeing-Bus-Tour-ota2-1536x1024.avif&quot;,&quot;height&quot;:1024,&quot;width&quot;:1536,&quot;orientation&quot;:&quot;landscape&quot;},&quot;2048x2048&quot;:{&quot;url&quot;:&quot;https:\/\/italy-tourist-information.com\/wp-content\/uploads\/2025\/05\/Vatican-Museums-Fast-Track-Ticket-Sightseeing-Bus-Tour-ota2-2048x1365.avif&quot;,&quot;height&quot;:1365,&quot;width&quot;:2048,&quot;orientation&quot;:&quot;landscape&quot;}}\"><\/span><span><img decoding=\"async\" alt=\"\" data-id=\"10837\" width=\"2334\" height=\"1556\" title=\"Vatikanische Museen \u2013 Fast-Track-Ticket + Sightseeing-Bustour ota3\" src=\"https:\/\/italy-tourist-information.com\/wp-content\/uploads\/2025\/05\/Vatican-Museums-Fast-Track-Ticket-Sightseeing-Bus-Tour-ota3-1024x683.avif\" data-src=\"https:\/\/italy-tourist-information.com\/wp-content\/uploads\/2025\/05\/Vatican-Museums-Fast-Track-Ticket-Sightseeing-Bus-Tour-ota3-300x200.avif\" loading=\"lazy\" data-sizes=\"{&quot;thumbnail&quot;:{&quot;url&quot;:&quot;https:\/\/italy-tourist-information.com\/wp-content\/uploads\/2025\/05\/Vatican-Museums-Fast-Track-Ticket-Sightseeing-Bus-Tour-ota3-150x150.avif&quot;,&quot;height&quot;:150,&quot;width&quot;:150,&quot;orientation&quot;:&quot;landscape&quot;},&quot;medium&quot;:{&quot;url&quot;:&quot;https:\/\/italy-tourist-information.com\/wp-content\/uploads\/2025\/05\/Vatican-Museums-Fast-Track-Ticket-Sightseeing-Bus-Tour-ota3-300x200.avif&quot;,&quot;height&quot;:200,&quot;width&quot;:300,&quot;orientation&quot;:&quot;landscape&quot;},&quot;large&quot;:{&quot;url&quot;:&quot;https:\/\/italy-tourist-information.com\/wp-content\/uploads\/2025\/05\/Vatican-Museums-Fast-Track-Ticket-Sightseeing-Bus-Tour-ota3-1024x683.avif&quot;,&quot;height&quot;:683,&quot;width&quot;:1024,&quot;orientation&quot;:&quot;landscape&quot;},&quot;full&quot;:{&quot;url&quot;:&quot;https:\/\/italy-tourist-information.com\/wp-content\/uploads\/2025\/05\/Vatican-Museums-Fast-Track-Ticket-Sightseeing-Bus-Tour-ota3.avif&quot;,&quot;height&quot;:1556,&quot;width&quot;:2334,&quot;orientation&quot;:&quot;landscape&quot;},&quot;1536x1536&quot;:{&quot;url&quot;:&quot;https:\/\/italy-tourist-information.com\/wp-content\/uploads\/2025\/05\/Vatican-Museums-Fast-Track-Ticket-Sightseeing-Bus-Tour-ota3-1536x1024.avif&quot;,&quot;height&quot;:1024,&quot;width&quot;:1536,&quot;orientation&quot;:&quot;landscape&quot;},&quot;2048x2048&quot;:{&quot;url&quot;:&quot;https:\/\/italy-tourist-information.com\/wp-content\/uploads\/2025\/05\/Vatican-Museums-Fast-Track-Ticket-Sightseeing-Bus-Tour-ota3-2048x1365.avif&quot;,&quot;height&quot;:1365,&quot;width&quot;:2048,&quot;orientation&quot;:&quot;landscape&quot;}}\"><\/span><\/p>\n<h1>Vatikanische Museen: Fast-Track-Ticket + Sightseeing-Bus<\/h1>\n<h2><a href=\"https:\/\/www.tiqets.com\/de\/rom-sehenswuerdigkeiten-c71631\/tickets-fur-vatikanische-museen-fast-track-sightseeing-bus-p1072649\/?partner=italytouristinformation&amp;tq_campaign=ITIDeComboVaticanHopOffTourSP\" target=\"_blank\" rel=\"nofollow noopener\" style=\"outline: none;\">Zur Buchung<\/a><\/h2>\n<h1><a href=\"https:\/\/www.tiqets.com\/de\/rom-sehenswuerdigkeiten-c71631\/tickets-fur-vatikanische-museen-fast-track-sightseeing-bus-p1072649\/?partner=italytouristinformation&amp;tq_campaign=ITIDeComboVaticanHopOffTourSP\" target=\"_blank\" rel=\"nofollow noopener\" style=\"outline: none;\" spellcheck=\"false\"><strong>Ab 66,00<\/strong> \u20ac<strong><\/strong><\/a><\/h1>\n<p data-end=\"420\" data-start=\"207\">Nutzen Sie Ihre Zeit in Rom optimal mit diesem <strong data-end=\"314\" data-start=\"252\">Fast-Track-Ticket f\u00fcr die Vatikanischen Museen und der Stadtrundfahrt mit dem Bus<\/strong>. Entdecken Sie die Sch\u00e4tze des Vatikans und erkunden Sie Rom anschlie\u00dfend bequem in Ihrem eigenen Tempo mit dem Hop-on-Hop-off-Bus.<\/p>\n<ul>\n<li style=\"\"><span>Handverlesenes Ticket<\/span><\/li>\n<li style=\"\"><span>Kombiticket<\/span><\/li>\n<li style=\"\"><span>Schnelleinlass<\/span><\/li>\n<li style=\"\"><span>Nicht erstattungsf\u00e4hig<\/span><\/li>\n<\/ul>\n<h2>Inbegriffen<\/h2>\n<ul>\n<li style=\"\">                    <span>Fast-Track-Eintritt in die Vatikanischen Museen<\/span><\/li>\n<li style=\"\">                    <span>Fast-Track-Eintritt in die Sixtinische Kapelle<\/span><\/li>\n<li style=\"\">                    <span>Tagesticket f\u00fcr eine Stadtrundfahrt mit dem Sightseeing-Bus durch Rom<\/span><\/li>\n<li><span>WLAN<br \/><\/span><\/li>\n<\/ul>\n<h2>Nicht inbegriffen<\/h2>\n<ul>\n<li style=\"\"><span>F\u00fchrung<\/span><\/li>\n<\/ul>\n<h2>Wichtige Informationen<\/h2>\n<ul>\n<li style=\"\"><span>Der Zutritt zu den Vatikanischen Museen ist nur im gew\u00e4hlten Zeitfenster m\u00f6glich. Versp\u00e4tete Besucher k\u00f6nnen nicht eingelassen werden.<\/span><\/li>\n<li><span>Bringen Sie Ihren g\u00fcltigen Ausweis mit.<\/span><\/li>\n<li style=\"\"><span>Das Fotografieren und Filmen in der Sixtinischen Kapelle ist strengstens verboten.<\/span><\/li>\n<li style=\"\"><span>Gro\u00dfe Taschen und Koffer sind nicht erlaubt (Schlie\u00dff\u00e4cher sind vor Ort vorhanden).<\/span><\/li>\n<li style=\"\"><span>Freier Eintritt f\u00fcr Kinder unter 7 Jahren und Besucher mit Behinderung (74 %+) in Begleitung einer Betreuungsperson.<br \/><\/span><\/li>\n<li><span>Der Vatikan kann Bereiche ohne vorherige Ank\u00fcndigung schlie\u00dfen; R\u00fcckerstattungen werden nicht garantiert.<\/span><\/li>\n<li><span>Sie erhalten eine zweite E-Mail mit Anweisungen f\u00fcr den Sightseeing-Bus.<\/span><\/li>\n<\/ul>\n<h2>Beschreibung:<\/h2>\n<p data-end=\"1896\" data-start=\"1402\">Dieses <strong data-end=\"1469\" data-start=\"1407\">Fast-Track-Ticket f\u00fcr die Vatikanischen Museen und die Stadtrundfahrt mit dem Bus<\/strong> bieten die perfekte Kombination aus Kunst, Geschichte und Komfort. Betreten Sie die <strong>Vatikanischen Museen ohne Wartezeit<\/strong> und bestaunen Sie Meisterwerke wie die Stanzen des Raffael und die <strong>Sixtinische Kapelle.<\/strong>&nbsp;<\/p>\n<p data-end=\"1896\" data-start=\"1402\">Setzen Sie Ihr Rom-Abenteuer anschlie\u00dfend mit einem Panoramabus fort, der&nbsp;an den wichtigsten Sehensw\u00fcrdigkeiten der Stadt h\u00e4lt. So erleben Sie Rom&nbsp;<strong>in einem Tag auf entspannte und effiziente Weise \u2013 ein umfassendes Kultur- und Sightseeing-Erlebnis.<\/strong><\/p>\n<h2>Highlights:<\/h2>\n<ul>\n<li><strong>Genie\u00dfen Sie <\/strong><strong>den bevorzugten <\/strong><strong data-end=\"1997\" data-start=\"1977\">Einlass<\/strong> in die weltber\u00fchmten Vatikanischen Museen.&nbsp;<\/li>\n<li data-end=\"2122\" data-start=\"2050\">Bewundern Sie <strong>Michelangelos \u201e <em data-end=\"2096\" data-start=\"2074\">Die Erschaffung Adams\u201c<\/em> <\/strong> und <em data-end=\"2120\" data-start=\"2101\">\u201eDas J\u00fcngste Gericht\u201c.<\/em><\/li>\n<li data-end=\"2185\" data-start=\"2123\">Besuchen Sie die <strong data-end=\"2152\" data-start=\"2135\">Stanzen des Raffael<\/strong>,&nbsp;<strong data-end=\"2173\" data-start=\"2154\">die Kartengalerie<\/strong> und vieles mehr.<\/li>\n<li data-end=\"2260\" data-start=\"2186\">Tageskarte <strong data-end=\"2223\" data-start=\"2194\">f\u00fcr den Hop-on-Hop-off-Bus<\/strong> mit Haltestellen in der N\u00e4he der wichtigsten Sehensw\u00fcrdigkeiten Roms.<\/li>\n<li data-end=\"2330\" data-start=\"2261\">Nahtlose Verbindung von <strong data-end=\"2330\" data-start=\"2287\">kultureller Entdeckung und Stadterkundung<\/strong><\/li>\n<\/ul>\n<h2>Stornierungsbedingungen<\/h2>\n<p>Dieses Ticket ist nicht erstattungsf\u00e4hig.<\/p>\n<h2>Treffpunkt &amp; Anweisungen<\/h2>\n<p dir=\"ltr\"><strong>Vatikanische Museen<\/strong><\/p>\n<ul>\n<li dir=\"ltr\">Zeigen Sie Ihr Smartphone-Ticket am Museumseingang dem Sicherheitspersonal vor. Gehen Sie durch die Sicherheitskontrolle und scannen Sie anschlie\u00dfend Ihr Ticket an den Drehkreuzen.<\/li>\n<\/ul>\n<p dir=\"ltr\"><strong>Sightseeing-Bustour:<\/strong><\/p>\n<ul>\n<li dir=\"ltr\">Zeigen Sie Ihren Busvoucher an einer Haltestelle vor (Sie erhalten eine separate E-Mail mit allen Anweisungen). Steigen Sie an einer horizontalen Haltestelle ein.<\/li>\n<\/ul>\n<h2>Bewertungen<\/h2>\n<p><strong>4,3\/5&nbsp; <\/strong><strong>(3274 Bewertungen)<\/strong><\/p>\n<p dir=\"ltr\"><em>\u201eVatikanische Museen: Fast-Track-Ticket: Hervorragende Erfahrung! Wir haben Tickets f\u00fcr die Vatikanischen Museen gekauft, die lange Warteschlange umgangen und konnte p\u00fcnktlich eintreten.\u201c<\/em> \u2013 Antonija, April 2025<em>&nbsp;<\/em><\/p>\n<p dir=\"ltr\"><em>\u201eEinfach und zuverl\u00e4ssig. Die Tickets gab es in der App. Ich war 10 Minuten vor Beginn da und musste kaum warten. Die Schlange war kurz.\u201c<\/em> Tanya \u2013 April 2025 <a href=\"https:\/\/www.tiqets.com\/de\/rom-sehenswuerdigkeiten-c71631\/tickets-fur-vatikanische-museen-fast-track-sightseeing-bus-p1072649\/?partner=italytouristinformation&amp;tq_campaign=ITIDeComboVaticanHopOffTourSP\" target=\"_blank\" rel=\"nofollow noopener\" data-lt-tmp-id=\"lt-659830\" spellcheck=\"false\" style=\"outline: none;\">&gt;&gt; Weitere Bewertungen ansehen \u2026<\/a><em>&nbsp;<\/em><\/p>\n<p><span>#1<\/span><\/p>\n<h2>Weitere Aktivit\u00e4ten, die Ihnen gefallen k\u00f6nnten<\/h2>\n<p><\/p>\n<p><span><img decoding=\"async\" alt=\"\" data-id=\"10310\" width=\"159\" data-init-width=\"2338\" height=\"106\" data-init-height=\"1556\" title=\"Vatikanische Museen, Sixtinische Kapelle &amp; Petersdom \u2013 Gef\u00fchrte Tour\" loading=\"lazy\" src=\"https:\/\/italy-tourist-information.com\/wp-content\/uploads\/2025\/05\/Vatican-Museums-Sistine-Chapel-St.-Peters-Basilica-Guided-Tour-ota.avif\" data-width=\"159\" data-height=\"106\" style=\"aspect-ratio: auto 2338 \/ 1556;\"><\/span><\/p>\n<table>\n<tbody>\n<tr>\n<td>\n<table>\n<tbody>\n<tr>\n<td><strong><a data-lt-tmp-id=\"lt-874610\" href=\"https:\/\/www.tiqets.com\/de\/rome-attractions-c71631\/tickets-for-vatican-museums-sistine-chapel-st-peter-s-basilica-guided-tour-p1105898\/?partner=italytouristinformation&amp;tq_campaign=ITIDeComboVaticanHopOffTourSP2\" rel=\"nofollow noopener\" spellcheck=\"false\" target=\"_blank\" style=\"outline: none;\">Vatikanische Museen, Sixtinische Kapelle &amp; Petersdom: F\u00fchrung<\/a><\/strong><\/td>\n<\/tr>\n<\/tbody>\n<\/table>\n<p><strong><\/strong><\/td>\n<\/tr>\n<\/tbody>\n<\/table>\n<p>Erleben Sie die Wunder des Vatikans auf einer gef\u00fchrten Tour, die Sie durch die beeindruckenden Vatikanischen Museen, die atemberaubende Sixtinische Kapelle und den majest\u00e4tischen Petersdom f\u00fchrt \u2013 alles mit fachkundigen Einblicken!<\/p>\n<h3 style=\"\">Gesamtpreis<\/h3>\n<h3>Ihr Konto wird noch nicht belastet<\/h3>\n<p><span># <\/span><strong><span>2<\/span><\/strong><span><img decoding=\"async\" alt=\"\" data-id=\"10312\" width=\"159\" data-init-width=\"1556\" height=\"159\" data-init-height=\"1556\" title=\"Rom-Touristenkarte Ota\" loading=\"lazy\" src=\"https:\/\/italy-tourist-information.com\/wp-content\/uploads\/2025\/05\/Rome-Tourist-Card-Ota.avif\" data-width=\"159\" data-height=\"159\" style=\"aspect-ratio: auto 1556 \/ 1556;\"><\/span><\/p>\n<table>\n<tbody>\n<tr>\n<td>\n<table>\n<tbody>\n<tr>\n<td data-del-cell=\"true\"><a href=\"https:\/\/www.tiqets.com\/de\/rome-attractions-c71631\/rome-tourist-card-p1013153\/?partner=italytouristinformation&amp;tq_campaign=https:\/\/www.tiqets.com\/en\/rome-attractions-c71631\/tickets-for-vatican-museums-sistine-chapel-st-peter-s-basilica-guided-tour-p1105898\/?partner=italytouristinformation&amp;tq_campaign=ITIDEComboVaticanHopOffTourSP3\" target=\"_blank\" rel=\"nofollow noopener\" style=\"outline: none;\" spellcheck=\"false\"><strong>Rome Tourist Card<\/strong><\/a><\/td>\n<\/tr>\n<\/tbody>\n<\/table>\n<\/td>\n<\/tr>\n<\/tbody>\n<\/table>\n<p>Entdecken Sie Rom m\u00fchelos mit der Rome Tourist Card \u2013 genie\u00dfen Sie den Zugang zu ber\u00fchmten Sehensw\u00fcrdigkeiten wie dem Kolosseum, den Vatikanischen Museen und der Sixtinischen Kapelle sowie die M\u00f6glichkeit, eine dritte Sehensw\u00fcrdigkeit Ihrer Wahl zu besuchen.<\/p>\n<h3 style=\"\">Gesamtpreis<\/h3>\n<h3 style=\"\">Ihr Konto wird noch nicht belastet<\/h3>\n<p><span># <\/span><strong><span>2<\/span><\/strong><span># <\/span><strong><span>2<\/span><\/strong><\/p>\n<p><\/p>\n<h2><a href=\"https:\/\/www.tiqets.com\/de\/rom-sehenswuerdigkeiten-c71631\/tickets-fur-vatikanische-museen-fast-track-sightseeing-bus-p1072649\/?partner=italytouristinformation&amp;tq_campaign=ITIDeComboVaticanHopOffTourSP\" target=\"_blank\" rel=\"nofollow noopener\" style=\"outline: none;\" spellcheck=\"false\">Zur Buchung<\/a><\/h2>\n<h1><a href=\"https:\/\/www.tiqets.com\/de\/rom-sehenswuerdigkeiten-c71631\/tickets-fur-vatikanische-museen-fast-track-sightseeing-bus-p1072649\/?partner=italytouristinformation&amp;tq_campaign=ITIDeComboVaticanHopOffTourSP\" target=\"_blank\" rel=\"nofollow noopener\" style=\"outline: none;\" spellcheck=\"false\"><strong>Ab 66,00<\/strong> \u20ac<\/a><\/h1>\n<p style=\"\">Ihr Konto wird noch nicht belastet<\/p>\n","protected":false},"excerpt":{"rendered":"<p>Vatikanische Museen: Fast-Track-Ticket + Sightseeing-Bus Zur Buchung Ab 66,00 \u20ac Nutzen Sie Ihre Zeit in Rom optimal mit diesem Fast-Track-Ticket f\u00fcr die Vatikanischen Museen und der Stadtrundfahrt mit dem Bus. Entdecken Sie die Sch\u00e4tze des Vatikans und erkunden Sie Rom anschlie\u00dfend bequem in Ihrem eigenen Tempo mit dem Hop-on-Hop-off-Bus. Handverlesenes Ticket Kombiticket Schnelleinlass Nicht erstattungsf\u00e4hig [&hellip;]<\/p>\n","protected":false},"author":6,"featured_media":18574,"parent":0,"menu_order":0,"comment_status":"closed","ping_status":"closed","template":"","meta":{"footnotes":"","tve_updated_post":"","tve_custom_css":"","tve_user_custom_css":"","tve_globals":{},"tcb2_ready":1,"tcb_editor_enabled":1,"tve_landing_page":"bd86f3fc67210fed5b2794ad4a56d3a9","_tve_header":"17144","_tve_footer":"17145"},"categories":[143,128],"tags":[155,130],"class_list":["post-18573","page","type-page","status-publish","has-post-thumbnail","hentry","category-rom","category-verkaufsseite","tag-rom","tag-verkaufsseite","post-wrapper","thrv_wrapper"],"_links":{"self":[{"href":"https:\/\/italy-tourist-information.com\/de\/wp-json\/wp\/v2\/pages\/18573","targetHints":{"allow":["GET"]}}],"collection":[{"href":"https:\/\/italy-tourist-information.com\/de\/wp-json\/wp\/v2\/pages"}],"about":[{"href":"https:\/\/italy-tourist-information.com\/de\/wp-json\/wp\/v2\/types\/page"}],"author":[{"embeddable":true,"href":"https:\/\/italy-tourist-information.com\/de\/wp-json\/wp\/v2\/users\/6"}],"replies":[{"embeddable":true,"href":"https:\/\/italy-tourist-information.com\/de\/wp-json\/wp\/v2\/comments?post=18573"}],"version-history":[{"count":8,"href":"https:\/\/italy-tourist-information.com\/de\/wp-json\/wp\/v2\/pages\/18573\/revisions"}],"predecessor-version":[{"id":20235,"href":"https:\/\/italy-tourist-information.com\/de\/wp-json\/wp\/v2\/pages\/18573\/revisions\/20235"}],"wp:featuredmedia":[{"embeddable":true,"href":"https:\/\/italy-tourist-information.com\/de\/wp-json\/wp\/v2\/media\/18574"}],"wp:attachment":[{"href":"https:\/\/italy-tourist-information.com\/de\/wp-json\/wp\/v2\/media?parent=18573"}],"wp:term":[{"taxonomy":"category","embeddable":true,"href":"https:\/\/italy-tourist-information.com\/de\/wp-json\/wp\/v2\/categories?post=18573"},{"taxonomy":"post_tag","embeddable":true,"href":"https:\/\/italy-tourist-information.com\/de\/wp-json\/wp\/v2\/tags?post=18573"}],"curies":[{"name":"wp","href":"https:\/\/api.w.org\/{rel}","templated":true}]}}