{"id":18579,"date":"2025-05-14T14:58:17","date_gmt":"2025-05-14T14:58:17","guid":{"rendered":"https:\/\/italy-tourist-information.com\/vatican-museums-sistine-chapel-st-peters-basilica-guided-tour"},"modified":"2026-05-05T10:42:43","modified_gmt":"2026-05-05T10:42:43","slug":"vatikanische-museen-sixtinische-kapelle-petersdom-fuehrung","status":"publish","type":"page","link":"https:\/\/italy-tourist-information.com\/de\/vatikanische-museen-sixtinische-kapelle-petersdom-fuehrung","title":{"rendered":"Vatikanische Museen, Sixtinische Kapelle &amp; Petersdom F\u00fchrung"},"content":{"rendered":"<p><span><img decoding=\"async\" alt=\"\" data-id=\"10871\" width=\"2338\" height=\"1556\" title=\"F\u00fchrung durch die Vatikanischen Museen, die Sixtinische Kapelle und den Petersdom\" src=\"https:\/\/italy-tourist-information.com\/wp-content\/uploads\/2025\/05\/Vatican-Museums-Sistine-Chapel-St.-Peters-Basilica-Guided-Tour-ota-1-1024x681.avif\" data-src=\"https:\/\/italy-tourist-information.com\/wp-content\/uploads\/2025\/05\/Vatican-Museums-Sistine-Chapel-St.-Peters-Basilica-Guided-Tour-ota-1-300x200.avif\" loading=\"lazy\" data-sizes=\"{&quot;thumbnail&quot;:{&quot;url&quot;:&quot;https:\/\/italy-tourist-information.com\/wp-content\/uploads\/2025\/05\/Vatican-Museums-Sistine-Chapel-St.-Peters-Basilica-Guided-Tour-ota-1-150x150.avif&quot;,&quot;height&quot;:150,&quot;width&quot;:150,&quot;orientation&quot;:&quot;landscape&quot;},&quot;medium&quot;:{&quot;url&quot;:&quot;https:\/\/italy-tourist-information.com\/wp-content\/uploads\/2025\/05\/Vatican-Museums-Sistine-Chapel-St.-Peters-Basilica-Guided-Tour-ota-1-300x200.avif&quot;,&quot;height&quot;:200,&quot;width&quot;:300,&quot;orientation&quot;:&quot;landscape&quot;},&quot;large&quot;:{&quot;url&quot;:&quot;https:\/\/italy-tourist-information.com\/wp-content\/uploads\/2025\/05\/Vatican-Museums-Sistine-Chapel-St.-Peters-Basilica-Guided-Tour-ota-1-1024x681.avif&quot;,&quot;height&quot;:681,&quot;width&quot;:1024,&quot;orientation&quot;:&quot;landscape&quot;},&quot;full&quot;:{&quot;url&quot;:&quot;https:\/\/italy-tourist-information.com\/wp-content\/uploads\/2025\/05\/Vatican-Museums-Sistine-Chapel-St.-Peters-Basilica-Guided-Tour-ota-1.avif&quot;,&quot;height&quot;:1556,&quot;width&quot;:2338,&quot;orientation&quot;:&quot;landscape&quot;},&quot;1536x1536&quot;:{&quot;url&quot;:&quot;https:\/\/italy-tourist-information.com\/wp-content\/uploads\/2025\/05\/Vatican-Museums-Sistine-Chapel-St.-Peters-Basilica-Guided-Tour-ota-1-1536x1022.avif&quot;,&quot;height&quot;:1022,&quot;width&quot;:1536,&quot;orientation&quot;:&quot;landscape&quot;},&quot;2048x2048&quot;:{&quot;url&quot;:&quot;https:\/\/italy-tourist-information.com\/wp-content\/uploads\/2025\/05\/Vatican-Museums-Sistine-Chapel-St.-Peters-Basilica-Guided-Tour-ota-1-2048x1363.avif&quot;,&quot;height&quot;:1363,&quot;width&quot;:2048,&quot;orientation&quot;:&quot;landscape&quot;}}\"><\/span><span><img decoding=\"async\" alt=\"\" data-id=\"10870\" width=\"2334\" height=\"1556\" title=\"F\u00fchrung durch die Vatikanischen Museen, die Sixtinische Kapelle und den Petersdom (ota2)\" src=\"https:\/\/italy-tourist-information.com\/wp-content\/uploads\/2025\/05\/Vatican-Museums-Sistine-Chapel-St.-Peters-Basilica-Guided-Tour-ota2-1024x683.avif\" data-src=\"https:\/\/italy-tourist-information.com\/wp-content\/uploads\/2025\/05\/Vatican-Museums-Sistine-Chapel-St.-Peters-Basilica-Guided-Tour-ota2-300x200.avif\" loading=\"lazy\" data-sizes=\"{&quot;thumbnail&quot;:{&quot;url&quot;:&quot;https:\/\/italy-tourist-information.com\/wp-content\/uploads\/2025\/05\/Vatican-Museums-Sistine-Chapel-St.-Peters-Basilica-Guided-Tour-ota2-150x150.avif&quot;,&quot;height&quot;:150,&quot;width&quot;:150,&quot;orientation&quot;:&quot;landscape&quot;},&quot;medium&quot;:{&quot;url&quot;:&quot;https:\/\/italy-tourist-information.com\/wp-content\/uploads\/2025\/05\/Vatican-Museums-Sistine-Chapel-St.-Peters-Basilica-Guided-Tour-ota2-300x200.avif&quot;,&quot;height&quot;:200,&quot;width&quot;:300,&quot;orientation&quot;:&quot;landscape&quot;},&quot;large&quot;:{&quot;url&quot;:&quot;https:\/\/italy-tourist-information.com\/wp-content\/uploads\/2025\/05\/Vatican-Museums-Sistine-Chapel-St.-Peters-Basilica-Guided-Tour-ota2-1024x683.avif&quot;,&quot;height&quot;:683,&quot;width&quot;:1024,&quot;orientation&quot;:&quot;landscape&quot;},&quot;full&quot;:{&quot;url&quot;:&quot;https:\/\/italy-tourist-information.com\/wp-content\/uploads\/2025\/05\/Vatican-Museums-Sistine-Chapel-St.-Peters-Basilica-Guided-Tour-ota2.avif&quot;,&quot;height&quot;:1556,&quot;width&quot;:2334,&quot;orientation&quot;:&quot;landscape&quot;},&quot;1536x1536&quot;:{&quot;url&quot;:&quot;https:\/\/italy-tourist-information.com\/wp-content\/uploads\/2025\/05\/Vatican-Museums-Sistine-Chapel-St.-Peters-Basilica-Guided-Tour-ota2-1536x1024.avif&quot;,&quot;height&quot;:1024,&quot;width&quot;:1536,&quot;orientation&quot;:&quot;landscape&quot;},&quot;2048x2048&quot;:{&quot;url&quot;:&quot;https:\/\/italy-tourist-information.com\/wp-content\/uploads\/2025\/05\/Vatican-Museums-Sistine-Chapel-St.-Peters-Basilica-Guided-Tour-ota2-2048x1365.avif&quot;,&quot;height&quot;:1365,&quot;width&quot;:2048,&quot;orientation&quot;:&quot;landscape&quot;}}\"><\/span><span><img decoding=\"async\" alt=\"\" data-id=\"10869\" width=\"2334\" height=\"1556\" title=\"F\u00fchrung durch die Vatikanischen Museen, die Sixtinische Kapelle und den Petersdom (ota3)\" src=\"https:\/\/italy-tourist-information.com\/wp-content\/uploads\/2025\/05\/Vatican-Museums-Sistine-Chapel-St.-Peters-Basilica-Guided-Tour-ota3-1024x683.avif\" data-src=\"https:\/\/italy-tourist-information.com\/wp-content\/uploads\/2025\/05\/Vatican-Museums-Sistine-Chapel-St.-Peters-Basilica-Guided-Tour-ota3-300x200.avif\" loading=\"lazy\" data-sizes=\"{&quot;thumbnail&quot;:{&quot;url&quot;:&quot;https:\/\/italy-tourist-information.com\/wp-content\/uploads\/2025\/05\/Vatican-Museums-Sistine-Chapel-St.-Peters-Basilica-Guided-Tour-ota3-150x150.avif&quot;,&quot;height&quot;:150,&quot;width&quot;:150,&quot;orientation&quot;:&quot;landscape&quot;},&quot;medium&quot;:{&quot;url&quot;:&quot;https:\/\/italy-tourist-information.com\/wp-content\/uploads\/2025\/05\/Vatican-Museums-Sistine-Chapel-St.-Peters-Basilica-Guided-Tour-ota3-300x200.avif&quot;,&quot;height&quot;:200,&quot;width&quot;:300,&quot;orientation&quot;:&quot;landscape&quot;},&quot;large&quot;:{&quot;url&quot;:&quot;https:\/\/italy-tourist-information.com\/wp-content\/uploads\/2025\/05\/Vatican-Museums-Sistine-Chapel-St.-Peters-Basilica-Guided-Tour-ota3-1024x683.avif&quot;,&quot;height&quot;:683,&quot;width&quot;:1024,&quot;orientation&quot;:&quot;landscape&quot;},&quot;full&quot;:{&quot;url&quot;:&quot;https:\/\/italy-tourist-information.com\/wp-content\/uploads\/2025\/05\/Vatican-Museums-Sistine-Chapel-St.-Peters-Basilica-Guided-Tour-ota3.avif&quot;,&quot;height&quot;:1556,&quot;width&quot;:2334,&quot;orientation&quot;:&quot;landscape&quot;},&quot;1536x1536&quot;:{&quot;url&quot;:&quot;https:\/\/italy-tourist-information.com\/wp-content\/uploads\/2025\/05\/Vatican-Museums-Sistine-Chapel-St.-Peters-Basilica-Guided-Tour-ota3-1536x1024.avif&quot;,&quot;height&quot;:1024,&quot;width&quot;:1536,&quot;orientation&quot;:&quot;landscape&quot;},&quot;2048x2048&quot;:{&quot;url&quot;:&quot;https:\/\/italy-tourist-information.com\/wp-content\/uploads\/2025\/05\/Vatican-Museums-Sistine-Chapel-St.-Peters-Basilica-Guided-Tour-ota3-2048x1365.avif&quot;,&quot;height&quot;:1365,&quot;width&quot;:2048,&quot;orientation&quot;:&quot;landscape&quot;}}\"><\/span><span><img decoding=\"async\" alt=\"\" data-id=\"10868\" width=\"2334\" height=\"1556\" title=\"F\u00fchrung durch die Vatikanischen Museen, die Sixtinische Kapelle und den Petersdom (ota4)\" src=\"https:\/\/italy-tourist-information.com\/wp-content\/uploads\/2025\/05\/Vatican-Museums-Sistine-Chapel-St.-Peters-Basilica-Guided-Tour-ota4-1024x683.avif\" data-src=\"https:\/\/italy-tourist-information.com\/wp-content\/uploads\/2025\/05\/Vatican-Museums-Sistine-Chapel-St.-Peters-Basilica-Guided-Tour-ota4-300x200.avif\" loading=\"lazy\" data-sizes=\"{&quot;thumbnail&quot;:{&quot;url&quot;:&quot;https:\/\/italy-tourist-information.com\/wp-content\/uploads\/2025\/05\/Vatican-Museums-Sistine-Chapel-St.-Peters-Basilica-Guided-Tour-ota4-150x150.avif&quot;,&quot;height&quot;:150,&quot;width&quot;:150,&quot;orientation&quot;:&quot;landscape&quot;},&quot;medium&quot;:{&quot;url&quot;:&quot;https:\/\/italy-tourist-information.com\/wp-content\/uploads\/2025\/05\/Vatican-Museums-Sistine-Chapel-St.-Peters-Basilica-Guided-Tour-ota4-300x200.avif&quot;,&quot;height&quot;:200,&quot;width&quot;:300,&quot;orientation&quot;:&quot;landscape&quot;},&quot;large&quot;:{&quot;url&quot;:&quot;https:\/\/italy-tourist-information.com\/wp-content\/uploads\/2025\/05\/Vatican-Museums-Sistine-Chapel-St.-Peters-Basilica-Guided-Tour-ota4-1024x683.avif&quot;,&quot;height&quot;:683,&quot;width&quot;:1024,&quot;orientation&quot;:&quot;landscape&quot;},&quot;full&quot;:{&quot;url&quot;:&quot;https:\/\/italy-tourist-information.com\/wp-content\/uploads\/2025\/05\/Vatican-Museums-Sistine-Chapel-St.-Peters-Basilica-Guided-Tour-ota4.avif&quot;,&quot;height&quot;:1556,&quot;width&quot;:2334,&quot;orientation&quot;:&quot;landscape&quot;},&quot;1536x1536&quot;:{&quot;url&quot;:&quot;https:\/\/italy-tourist-information.com\/wp-content\/uploads\/2025\/05\/Vatican-Museums-Sistine-Chapel-St.-Peters-Basilica-Guided-Tour-ota4-1536x1024.avif&quot;,&quot;height&quot;:1024,&quot;width&quot;:1536,&quot;orientation&quot;:&quot;landscape&quot;},&quot;2048x2048&quot;:{&quot;url&quot;:&quot;https:\/\/italy-tourist-information.com\/wp-content\/uploads\/2025\/05\/Vatican-Museums-Sistine-Chapel-St.-Peters-Basilica-Guided-Tour-ota4-2048x1365.avif&quot;,&quot;height&quot;:1365,&quot;width&quot;:2048,&quot;orientation&quot;:&quot;landscape&quot;}}\"><\/span><span><img decoding=\"async\" alt=\"\" data-id=\"10867\" width=\"2335\" height=\"1556\" title=\"F\u00fchrung durch die Vatikanischen Museen, die Sixtinische Kapelle und den Petersdom (ota5)\" src=\"https:\/\/italy-tourist-information.com\/wp-content\/uploads\/2025\/05\/Vatican-Museums-Sistine-Chapel-St.-Peters-Basilica-Guided-Tour-ota5-1024x682.avif\" data-src=\"https:\/\/italy-tourist-information.com\/wp-content\/uploads\/2025\/05\/Vatican-Museums-Sistine-Chapel-St.-Peters-Basilica-Guided-Tour-ota5-300x200.avif\" loading=\"lazy\" data-sizes=\"{&quot;thumbnail&quot;:{&quot;url&quot;:&quot;https:\/\/italy-tourist-information.com\/wp-content\/uploads\/2025\/05\/Vatican-Museums-Sistine-Chapel-St.-Peters-Basilica-Guided-Tour-ota5-150x150.avif&quot;,&quot;height&quot;:150,&quot;width&quot;:150,&quot;orientation&quot;:&quot;landscape&quot;},&quot;medium&quot;:{&quot;url&quot;:&quot;https:\/\/italy-tourist-information.com\/wp-content\/uploads\/2025\/05\/Vatican-Museums-Sistine-Chapel-St.-Peters-Basilica-Guided-Tour-ota5-300x200.avif&quot;,&quot;height&quot;:200,&quot;width&quot;:300,&quot;orientation&quot;:&quot;landscape&quot;},&quot;large&quot;:{&quot;url&quot;:&quot;https:\/\/italy-tourist-information.com\/wp-content\/uploads\/2025\/05\/Vatican-Museums-Sistine-Chapel-St.-Peters-Basilica-Guided-Tour-ota5-1024x682.avif&quot;,&quot;height&quot;:682,&quot;width&quot;:1024,&quot;orientation&quot;:&quot;landscape&quot;},&quot;full&quot;:{&quot;url&quot;:&quot;https:\/\/italy-tourist-information.com\/wp-content\/uploads\/2025\/05\/Vatican-Museums-Sistine-Chapel-St.-Peters-Basilica-Guided-Tour-ota5.avif&quot;,&quot;height&quot;:1556,&quot;width&quot;:2335,&quot;orientation&quot;:&quot;landscape&quot;},&quot;1536x1536&quot;:{&quot;url&quot;:&quot;https:\/\/italy-tourist-information.com\/wp-content\/uploads\/2025\/05\/Vatican-Museums-Sistine-Chapel-St.-Peters-Basilica-Guided-Tour-ota5-1536x1024.avif&quot;,&quot;height&quot;:1024,&quot;width&quot;:1536,&quot;orientation&quot;:&quot;landscape&quot;},&quot;2048x2048&quot;:{&quot;url&quot;:&quot;https:\/\/italy-tourist-information.com\/wp-content\/uploads\/2025\/05\/Vatican-Museums-Sistine-Chapel-St.-Peters-Basilica-Guided-Tour-ota5-2048x1365.avif&quot;,&quot;height&quot;:1365,&quot;width&quot;:2048,&quot;orientation&quot;:&quot;landscape&quot;}}\"><\/span><\/p>\n<h1>F\u00fchrung durch die Vatikanischen Museen, die Sixtinische Kapelle und den Petersdom<\/h1>\n<h2><a href=\"https:\/\/www.tiqets.com\/de\/rom-sehenswuerdigkeiten-c71631\/tickets-fur-vatikanische-museen-sixtinische-kapelle-petersdom-fuhrung-p1105898\/?partner=italytouristinformation&amp;tq_campaign=ITIDEVaticanStPeterTourSp\" target=\"_blank\" rel=\"nofollow noopener\" style=\"outline: none;\">Zur Buchung<\/a><\/h2>\n<h1><a href=\"https:\/\/www.tiqets.com\/de\/rom-sehenswuerdigkeiten-c71631\/tickets-fur-vatikanische-museen-sixtinische-kapelle-petersdom-fuhrung-p1105898\/?partner=italytouristinformation&amp;tq_campaign=ITIDEVaticanStPeterTourSp\" target=\"_blank\" rel=\"nofollow noopener\" style=\"outline: none;\" spellcheck=\"false\">Ab 95<strong>&nbsp;<\/strong>\u20ac<\/a><\/h1>\n<p dir=\"ltr\">Entdecken Sie die Sch\u00e4tze des Vatikans mit dieser <strong>fachkundig gef\u00fchrten Tour,<\/strong> die unter anderem einen bevorzugten Einlass in die <strong>Vatikanischen Museen und die Sixtinische Kapelle<\/strong> sowie <strong>einen VIP-Zugang zum Petersdom beinhaltet.<\/strong><\/p>\n<ul>\n<li style=\"\"><span>Handverlesenes Ticket<\/span><\/li>\n<li style=\"\"><!--! Font Awesome Free 6.7.1 by @fontawesome - https:\/\/fontawesome.com License - https:\/\/fontawesome.com\/license\/free (Icons: CC BY 4.0, Fonts: SIL OFL 1.1, Code: MIT License) Copyright 2024 Fonticons, Inc. --><span>Dauer: 3 Stunden<\/span><\/li>\n<li style=\"\"><!--! Font Awesome Free 6.7.1 by @fontawesome - https:\/\/fontawesome.com License - https:\/\/fontawesome.com\/license\/free (Icons: CC BY 4.0, Fonts: SIL OFL 1.1, Code: MIT License) Copyright 2024 Fonticons, Inc. --><span>Maximale Gruppengr\u00f6\u00dfe: 20<\/span><\/li>\n<li style=\"\"><span>Nicht erstattungsf\u00e4hig<\/span><\/li>\n<\/ul>\n<h2>Inbegriffen<\/h2>\n<ul>\n<li style=\"\">                    <span>Schnelleinlass in die Vatikanischen Museen und die Sixtinische Kapelle<\/span><\/li>\n<li style=\"\">                    <span>VIP-Eintritt zum Petersdom<\/span><\/li>\n<li style=\"\">                    <span>Gef\u00fchrte Tour durch die Vatikanischen Museen und die Sixtinische Kapelle<\/span><\/li>\n<li style=\"\">                    <span>Gef\u00fchrte Tour durch den Petersdom<\/span><\/li>\n<li style=\"\">                    <span>Audio-Headset, damit Sie Ihren Reiseleiter klar h\u00f6ren k\u00f6nnen.&nbsp;<\/span><\/li>\n<\/ul>\n<h2>Nicht inbegriffen<\/h2>\n<ul>\n<li style=\"\"><span>Pers\u00f6nliche Ausgaben<\/span><\/li>\n<\/ul>\n<h2>Wichtige Informationen<\/h2>\n<ul>\n<li style=\"\"><span>Treffen Sie Ihren Reiseleiter <strong>vor<\/strong> dem Eingang der Vatikanischen Museen (Details finden Sie auf Ihrem Voucher).<\/span><\/li>\n<li><span>Bitte erscheinen Sie 30 Minuten vor dem geplanten Beginn.<\/span><\/li>\n<li style=\"\"><span>Bitte bringen Sie f\u00fcr alle Teilnehmer, einschlie\u00dflich Kinder, einen g\u00fcltigen Ausweis mit.<\/span><\/li>\n<li style=\"\"><span>Bitte stellen Sie bei der Buchung sicher, dass Ihr vollst\u00e4ndiger Name mit dem Namen auf Ihrem Ausweis \u00fcbereinstimmt.<\/span><\/li>\n<li style=\"\"><span>Die Vatikanischen Museen k\u00f6nnen Teile des Gel\u00e4ndes, einschlie\u00dflich der Sixtinischen Kapelle, ohne vorherige Ank\u00fcndigung schlie\u00dfen; in solchen F\u00e4llen erfolgt keine R\u00fcckerstattung.<\/span><\/li>\n<\/ul>\n<h2>Beschreibung:<\/h2>\n<p data-end=\"523\" data-start=\"186\">Entdecken Sie die k\u00fcnstlerischen Wunder und das sakrale Erbe des Vatikans auf dieser umfassenden, <strong>dreist\u00fcndigen F\u00fchrung.<\/strong><\/p>\n<p data-end=\"523\" data-start=\"186\">Genie\u00dfen Sie <strong>den bevorzugten Zugang zu den Vatikanischen Museen<\/strong> und bestaunen Sie die Meisterwerke, darunter die Stanzen des Raffael und antike Skulpturen. Bewundern Sie Michelangelos beeindruckende Decke in der <strong>Sixtinischen Kapelle<\/strong>, bevor Sie&nbsp;<strong>den Petersdom als VIP betraten<\/strong>.<\/p>\n<p data-end=\"523\" data-start=\"186\">Erkunden Sie ber\u00fchmte Sehensw\u00fcrdigkeiten wie <strong>die Piet\u00e0<\/strong> und Berninis Baldachin und erhalten Sie dabei wertvolle Einblicke von einem <strong>professionellen Reiseleiter.<\/strong><\/p>\n<h2>Highlights:<\/h2>\n<ul>\n<li dir=\"ltr\"><strong>Profitieren Sie vom beschleunigten Zugang<\/strong> zu den Vatikanischen Museen.<\/li>\n<li dir=\"ltr\"><strong>Genie\u00dfen Sie den VIP-Eintritt<\/strong> zum Petersdom \u00fcber einen speziellen Zugang.<\/li>\n<li dir=\"ltr\">Bewundern Sie Michelangelos ikonische <strong>Fresken in der <\/strong><strong>Sixtinischen <\/strong><strong>Kapelle<\/strong><\/li>\n<li dir=\"ltr\"><strong>Siehe La Piet\u00e0,<\/strong> die Michelangelo im Alter von 24 Jahren schuf.<\/li>\n<li dir=\"ltr\"><strong>Entdecken Sie Berninis Baldachin,<\/strong> den prachtvollen Bronzebaldachin im Inneren der Basilika.<\/li>\n<li dir=\"ltr\">Kleingruppenerlebnis mit einem professionellen, mehrsprachigen Reiseleiter<\/li>\n<\/ul>\n<h2>Stornierungsbedingungen<\/h2>\n<p>Diese Tour ist nicht erstattungsf\u00e4hig.<\/p>\n<h2>Treffpunkt &amp; Anweisungen<\/h2>\n<p data-pm-slice=\"1 1 []\">Ihr Reiseleiter erwartet Sie <strong>vor<\/strong> dem Eingang der Vatikanischen Museen. Genaue Details finden Sie auf Ihrem Buchungsbeleg. Bitte warten Sie mindestens 30 Minuten vor Beginn, um einen reibungslosen Check-in und die Ausgabe der Headsets zu gew\u00e4hrleisten.<\/p>\n<h2>Bewertungen<\/h2>\n<p><strong>4,4\/5&nbsp; <\/strong><strong>(4520 Bewertungen)<\/strong><\/p>\n<p dir=\"ltr\"><em>\u201eUnser Reiseleiter war sehr kompetent und hatte einen guten Sinn f\u00fcr Humor. Wenn Sie nicht gerne laufen, ist diese Tour nichts f\u00fcr Sie. Wir sind sch\u00e4tzungsweise f\u00fcnf Kilometer gelaufen. Es gibt nur wenige Sitzgelegenheiten.\u201c<\/em> \u2013 Pamela, April 2025<\/p>\n<p dir=\"ltr\"><em>\u201eDies ist ein ganz besonderer Ort, und es w\u00e4re leicht gewesen, von der F\u00fclle an wunderbarer Kunst \u00fcberw\u00e4ltigt zu werden. Doch dank der hervorragenden F\u00fchrerin Ila, die einen erstklassigen Service bot, wurde der Besuch sehr interessant und fesselnd gestaltet.\u201c<\/em> \u2013 John \u2013 M\u00e4rz 2024 <a href=\"https:\/\/www.tiqets.com\/de\/rom-sehenswuerdigkeiten-c71631\/tickets-fur-vatikanische-museen-sixtinische-kapelle-petersdom-fuhrung-p1105898\/?partner=italytouristinformation&amp;tq_campaign=ITIDEVaticanStPeterTourSp\" target=\"_blank\" rel=\"nofollow noopener\" data-lt-tmp-id=\"lt-273795\" spellcheck=\"false\" style=\"outline: none;\">&gt;&gt; Weitere Bewertungen ansehen \u2026<\/a><em>&nbsp;<\/em><\/p>\n<p><span>#1<\/span><\/p>\n<h2>Weitere Aktivit\u00e4ten, die Ihnen gefallen k\u00f6nnten<\/h2>\n<p><\/p>\n<p><span><img decoding=\"async\" alt=\"\" data-id=\"10863\" width=\"159\" data-init-width=\"2336\" height=\"106\" data-init-height=\"1556\" title=\"Vatikanische Museen &amp; Sixtinische Kapelle - Gef\u00fchrte Tour\" loading=\"lazy\" src=\"https:\/\/italy-tourist-information.com\/wp-content\/uploads\/2025\/05\/Vatican-Museums-Sistine-Chapel-Guided-Tour-ota.avif\" data-width=\"159\" data-height=\"106\" style=\"aspect-ratio: auto 2336 \/ 1556;\"><\/span><\/p>\n<table>\n<tbody>\n<tr>\n<td>\n<table>\n<tbody>\n<tr>\n<td><strong><a data-lt-tmp-id=\"lt-181768\" href=\"https:\/\/www.tiqets.com\/de\/rome-attractions-c71631\/tickets-for-vatican-museums-sistine-chapel-guided-tour-p1111379\/?partner=italytouristinformation&amp;tq_campaign=DeVaticanStPeterTourSp2\" rel=\"nofollow noopener\" spellcheck=\"false\" target=\"_blank\" style=\"outline: none;\">Vatikanische Museen &amp; Sixtinische Kapelle: F\u00fchrung<\/a><\/strong><\/td>\n<\/tr>\n<\/tbody>\n<\/table>\n<p><strong><\/strong><\/td>\n<\/tr>\n<\/tbody>\n<\/table>\n<p>Erkunden Sie die Vatikanischen Museen und die Sixtinische Kapelle mit einem fachkundigen Reisef\u00fchrer und genie\u00dfen Sie detaillierte Erl\u00e4uterungen und atemberaubende Kunstwerke, darunter Michelangelos Meisterwerk.&nbsp;<\/p>\n<h3 style=\"\">Gesamtpreis<\/h3>\n<h3>Ihr Konto wird noch nicht belastet<\/h3>\n<p><span># <\/span><strong><span>2<\/span><\/strong><span><img decoding=\"async\" alt=\"\" data-id=\"10312\" width=\"159\" data-init-width=\"1556\" height=\"159\" data-init-height=\"1556\" title=\"Rom-Touristenkarte Ota\" loading=\"lazy\" src=\"https:\/\/italy-tourist-information.com\/wp-content\/uploads\/2025\/05\/Rome-Tourist-Card-Ota.avif\" data-width=\"159\" data-height=\"159\" style=\"aspect-ratio: auto 1556 \/ 1556;\"><\/span><\/p>\n<table>\n<tbody>\n<tr>\n<td>\n<table>\n<tbody>\n<tr>\n<td data-del-cell=\"true\"><a href=\"https:\/\/www.tiqets.com\/en\/rome-attractions-c71631\/rome-tourist-card-p1013153\/?partner=italytouristinformation&amp;tq_campaign=https:\/\/www.tiqets.com\/en\/rome-attractions-c71631\/tickets-for-vatican-museums-sistine-chapel-st-peter-s-basilica-guided-tour-p1105898\/?partner=italytouristinformation&amp;tq_campaign=ITIDeVaticanStPeterTourSP3\" target=\"_blank\" rel=\"nofollow noopener\" style=\"outline: none;\" data-lt-tmp-id=\"lt-895686\" spellcheck=\"false\"><strong>Rome Tourist Card<\/strong><\/a><\/td>\n<\/tr>\n<\/tbody>\n<\/table>\n<\/td>\n<\/tr>\n<\/tbody>\n<\/table>\n<p>Entdecken Sie Rom m\u00fchelos mit der Rome Tourist Card \u2013 genie\u00dfen Sie den Zugang zu ber\u00fchmten Sehensw\u00fcrdigkeiten wie dem Kolosseum, den Vatikanischen Museen und der Sixtinischen Kapelle sowie die M\u00f6glichkeit, eine dritte Sehensw\u00fcrdigkeit Ihrer Wahl zu besuchen.<\/p>\n<h3 style=\"\">Gesamtpreis<\/h3>\n<h3 style=\"\">Ihr Konto wird noch nicht belastet<\/h3>\n<p><span># <\/span><strong><span>2<\/span><\/strong><span># <\/span><strong><span>2<\/span><\/strong><\/p>\n<p><\/p>\n<h2><a href=\"https:\/\/www.tiqets.com\/de\/rom-sehenswuerdigkeiten-c71631\/tickets-fur-vatikanische-museen-sixtinische-kapelle-petersdom-fuhrung-p1105898\/?partner=italytouristinformation&amp;tq_campaign=ITIDEVaticanStPeterTourSp\" target=\"_blank\" rel=\"nofollow noopener\" style=\"outline: none;\" data-lt-tmp-id=\"lt-670868\" spellcheck=\"false\">Zur Buchung<\/a><\/h2>\n<h1><a href=\"https:\/\/www.tiqets.com\/de\/rom-sehenswuerdigkeiten-c71631\/tickets-fur-vatikanische-museen-sixtinische-kapelle-petersdom-fuhrung-p1105898\/?partner=italytouristinformation&amp;tq_campaign=ITIDEVaticanStPeterTourSp\" target=\"_blank\" rel=\"nofollow noopener\" style=\"outline: none;\" spellcheck=\"false\">Ab 95<strong>&nbsp;<\/strong>\u20ac<\/a><\/h1>\n<h3>Ihr Konto wird noch nicht belastet<\/h3>\n","protected":false},"excerpt":{"rendered":"<p>F\u00fchrung durch die Vatikanischen Museen, die Sixtinische Kapelle und den Petersdom Zur Buchung Ab 95&nbsp;\u20ac Entdecken Sie die Sch\u00e4tze des Vatikans mit dieser fachkundig gef\u00fchrten Tour, die unter anderem einen bevorzugten Einlass in die Vatikanischen Museen und die Sixtinische Kapelle sowie einen VIP-Zugang zum Petersdom beinhaltet. Handverlesenes Ticket Dauer: 3 Stunden Maximale Gruppengr\u00f6\u00dfe: 20 Nicht [&hellip;]<\/p>\n","protected":false},"author":6,"featured_media":18580,"parent":0,"menu_order":0,"comment_status":"closed","ping_status":"closed","template":"","meta":{"footnotes":"","tve_updated_post":"","tve_custom_css":"","tve_user_custom_css":"","tve_globals":{},"tcb2_ready":1,"tcb_editor_enabled":1,"tve_landing_page":"bd86f3fc67210fed5b2794ad4a56d3a9","_tve_header":"17144","_tve_footer":"17145"},"categories":[143,128],"tags":[155,130],"class_list":["post-18579","page","type-page","status-publish","has-post-thumbnail","hentry","category-rom","category-verkaufsseite","tag-rom","tag-verkaufsseite","post-wrapper","thrv_wrapper"],"_links":{"self":[{"href":"https:\/\/italy-tourist-information.com\/de\/wp-json\/wp\/v2\/pages\/18579","targetHints":{"allow":["GET"]}}],"collection":[{"href":"https:\/\/italy-tourist-information.com\/de\/wp-json\/wp\/v2\/pages"}],"about":[{"href":"https:\/\/italy-tourist-information.com\/de\/wp-json\/wp\/v2\/types\/page"}],"author":[{"embeddable":true,"href":"https:\/\/italy-tourist-information.com\/de\/wp-json\/wp\/v2\/users\/6"}],"replies":[{"embeddable":true,"href":"https:\/\/italy-tourist-information.com\/de\/wp-json\/wp\/v2\/comments?post=18579"}],"version-history":[{"count":7,"href":"https:\/\/italy-tourist-information.com\/de\/wp-json\/wp\/v2\/pages\/18579\/revisions"}],"predecessor-version":[{"id":20239,"href":"https:\/\/italy-tourist-information.com\/de\/wp-json\/wp\/v2\/pages\/18579\/revisions\/20239"}],"wp:featuredmedia":[{"embeddable":true,"href":"https:\/\/italy-tourist-information.com\/de\/wp-json\/wp\/v2\/media\/18580"}],"wp:attachment":[{"href":"https:\/\/italy-tourist-information.com\/de\/wp-json\/wp\/v2\/media?parent=18579"}],"wp:term":[{"taxonomy":"category","embeddable":true,"href":"https:\/\/italy-tourist-information.com\/de\/wp-json\/wp\/v2\/categories?post=18579"},{"taxonomy":"post_tag","embeddable":true,"href":"https:\/\/italy-tourist-information.com\/de\/wp-json\/wp\/v2\/tags?post=18579"}],"curies":[{"name":"wp","href":"https:\/\/api.w.org\/{rel}","templated":true}]}}