{"id":18749,"date":"2024-10-10T15:32:13","date_gmt":"2024-10-10T15:32:13","guid":{"rendered":"https:\/\/italy-tourist-information.com\/venice\/hotels"},"modified":"2026-05-13T13:44:56","modified_gmt":"2026-05-13T13:44:56","slug":"hotels","status":"publish","type":"page","link":"https:\/\/italy-tourist-information.com\/de\/venedig\/hotels","title":{"rendered":"Hotels in Venedig: Wo \u00fcbernachten? Die besten Empfehlungen nach Lage &amp; Budget"},"content":{"rendered":"<h1 style=\"\">Wo Sie w\u00e4hrend Ihres Aufenthalts \u00fcbernachten k\u00f6nnen: Empfohlene Hotels in Venedig, Italien<\/h1>\n<p data-pm-slice=\"1 1 []\">Durchst\u00f6bern Sie alle Hotelkategorien und nutzen Sie unseren praktischen Buchungsservice.<\/p>\n<ul>\n<li style=\"\"><span>support@italy-tourist-information.com<\/span><\/li>\n<\/ul>\n<p style=\"text-align: center;\">Empfohlene Hotels in Venedig<\/p>\n<p style=\"text-align: center;\">Zentral gelegene Hotels mit 3 bis 5 Sternen<\/p>\n<p><a href=\"https:\/\/italy-tourist-information.com\/de\/venedig\/hotels\" dynamic-postlink=\"tcb_post_the_permalink\" data-shortcode-id=\"8238\"><\/a><\/p>\n<h3 style=\"text-align: center; padding-top: 0px !important; margin-top: 0px !important;\"><span data-attr-link=\"1\" data-attr-rel=\"0\" data-attr-target=\"0\" data-extra_key=\"\" data-option-inline=\"1\" data-shortcode=\"tcb_post_title\" data-shortcode-name=\"Post title\" data-attr-css=\"\" data-attr-static-link=\"{&quot;className&quot;:&quot;&quot;,&quot;href&quot;:&quot;#&quot;,&quot;title&quot;:&quot;Where to Stay: List of Recommended Hotels in Venice DE&quot;,&quot;class&quot;:&quot;&quot;}\"><a href=\"https:\/\/italy-tourist-information.com\/de\/venedig\/hotels\" title=\"Where to Stay: List of Recommended Hotels in Venice DE\" data-css=\"\">Where to Stay: List of Recommended Hotels in Venice DE<\/a><\/span><\/h3>\n<p><a href=\"https:\/\/italy-tourist-information.com\/de\/venedig\/hotels\"><span style=\"\"><span style=\"\">Read More<\/span><\/span><\/a><a href=\"javascript:void(0)\"><span style=\"\"><span style=\"\">Load More<\/span><\/span><\/a><\/p>\n<h2 style=\"\">Buchungsservice<\/h2>\n<p>Buchen Sie Ihr Hotel online \u00fcber die italienische Touristeninformation oder \u00fcber unser Kontaktformular.<\/p>\n<ul>\n<li style=\"\"><span>support@italy-tourist-information.com<\/span><\/li>\n<li style=\"\"><span><span data-attr-id=\"17\" data-extra_key=\"1\" data-option-inline=\"1\" data-shortcode=\"thrive_global_fields\" data-shortcode-name=\"[Company] Support Telephone\"><\/span><\/span><\/li>\n<\/ul>\n<p style=\"text-align: center;\">Gruppenreise nach Italien<\/p>\n<p style=\"text-align: center;\">Konferenzhotelbuchung<\/p>\n<h3 style=\"\"><span data-attr-css=\"tve-u-6707ed817ddab4\" data-attr-link=\"1\" data-attr-rel=\"0\" data-attr-target=\"0\" data-extra_key=\"\" data-option-inline=\"1\" data-shortcode=\"tcb_post_title\" data-shortcode-name=\"Post title\" style=\"\" data-attr-static-link=\"{&quot;className&quot;:&quot;&quot;,&quot;href&quot;:&quot;#&quot;,&quot;title&quot;:&quot;Where to Stay: List of Recommended Hotels in Venice DE&quot;,&quot;data-css&quot;:&quot;tve-u-6707ed817ddab4&quot;,&quot;class&quot;:&quot;&quot;}\"><a href=\"https:\/\/italy-tourist-information.com\/de\/venedig\/hotels\" title=\"Where to Stay: List of Recommended Hotels in Venice DE\">Where to Stay: List of Recommended Hotels in Venice DE<\/a><\/span><\/h3>\n<p><a href=\"https:\/\/italy-tourist-information.com\/de\/venedig\/hotels\"><span style=\"\"><span style=\"\">Read More<\/span><\/span><\/a><a href=\"javascript:void(0)\"><span style=\"\"><span style=\"\">Load More<\/span><\/span><\/a><\/p>\n<h2 style=\"text-align: center;\">Buchen Sie ein Hotel in Venedig, Italien<\/h2>\n<p style=\"text-align: center;\">Wir besprechen gerne Ihre Erwartungen mit Ihnen. Sie erreichen uns telefonisch unter der [Firma] MICE-Telefonnummer, per E-Mail unter <em>support@italy-tourist-information.com<\/em> oder \u00fcber unser Kontaktformular.<\/p>\n","protected":false},"excerpt":{"rendered":"<p>Wo Sie w\u00e4hrend Ihres Aufenthalts \u00fcbernachten k\u00f6nnen: Empfohlene Hotels in Venedig, Italien Durchst\u00f6bern Sie alle Hotelkategorien und nutzen Sie unseren praktischen Buchungsservice. support@italy-tourist-information.com Empfohlene Hotels in Venedig Zentral gelegene Hotels mit 3 bis 5 Sternen Where to Stay: List of Recommended Hotels in Venice DE Read MoreLoad More Buchungsservice Buchen Sie Ihr Hotel online \u00fcber [&hellip;]<\/p>\n","protected":false},"author":6,"featured_media":18750,"parent":18588,"menu_order":0,"comment_status":"closed","ping_status":"closed","template":"","meta":{"footnotes":"","tve_updated_post":"","tve_custom_css":"","tve_user_custom_css":"","tve_globals":{},"tcb2_ready":1,"tcb_editor_enabled":1,"tve_landing_page":"tcb2-blank-page","_tve_header":"17144","_tve_footer":"17145"},"categories":[140,144],"tags":[158],"class_list":["post-18749","page","type-page","status-publish","has-post-thumbnail","hentry","category-hotels","category-venedig","tag-venedig","post-wrapper","thrv_wrapper"],"_links":{"self":[{"href":"https:\/\/italy-tourist-information.com\/de\/wp-json\/wp\/v2\/pages\/18749","targetHints":{"allow":["GET"]}}],"collection":[{"href":"https:\/\/italy-tourist-information.com\/de\/wp-json\/wp\/v2\/pages"}],"about":[{"href":"https:\/\/italy-tourist-information.com\/de\/wp-json\/wp\/v2\/types\/page"}],"author":[{"embeddable":true,"href":"https:\/\/italy-tourist-information.com\/de\/wp-json\/wp\/v2\/users\/6"}],"replies":[{"embeddable":true,"href":"https:\/\/italy-tourist-information.com\/de\/wp-json\/wp\/v2\/comments?post=18749"}],"version-history":[{"count":6,"href":"https:\/\/italy-tourist-information.com\/de\/wp-json\/wp\/v2\/pages\/18749\/revisions"}],"predecessor-version":[{"id":20588,"href":"https:\/\/italy-tourist-information.com\/de\/wp-json\/wp\/v2\/pages\/18749\/revisions\/20588"}],"up":[{"embeddable":true,"href":"https:\/\/italy-tourist-information.com\/de\/wp-json\/wp\/v2\/pages\/18588"}],"wp:featuredmedia":[{"embeddable":true,"href":"https:\/\/italy-tourist-information.com\/de\/wp-json\/wp\/v2\/media\/18750"}],"wp:attachment":[{"href":"https:\/\/italy-tourist-information.com\/de\/wp-json\/wp\/v2\/media?parent=18749"}],"wp:term":[{"taxonomy":"category","embeddable":true,"href":"https:\/\/italy-tourist-information.com\/de\/wp-json\/wp\/v2\/categories?post=18749"},{"taxonomy":"post_tag","embeddable":true,"href":"https:\/\/italy-tourist-information.com\/de\/wp-json\/wp\/v2\/tags?post=18749"}],"curies":[{"name":"wp","href":"https:\/\/api.w.org\/{rel}","templated":true}]}}