{"id":18800,"date":"2024-09-06T14:13:56","date_gmt":"2024-09-06T14:13:56","guid":{"rendered":"https:\/\/italy-tourist-information.com\/verona-card-with-verona-arena-priority-entrance"},"modified":"2026-04-14T14:33:25","modified_gmt":"2026-04-14T14:33:25","slug":"verona-card","status":"publish","type":"page","link":"https:\/\/italy-tourist-information.com\/de\/verona-card","title":{"rendered":"Verona Card mit bevorzugtem Einlass in die Arena von Verona"},"content":{"rendered":"<p><span><img decoding=\"async\" alt=\"\" data-id=\"6126\" width=\"1600\" height=\"1600\" title=\"Verona-Karte mit Priorit\u00e4tseingang Arena 3\" src=\"https:\/\/italy-tourist-information.com\/wp-content\/uploads\/2024\/09\/Verona-Card-with-Arena-Priority-Entrance-3-1024x1024.avif\" data-src=\"https:\/\/italy-tourist-information.com\/wp-content\/uploads\/2024\/09\/Verona-Card-with-Arena-Priority-Entrance-3-300x300.avif\" loading=\"lazy\" data-sizes=\"{&quot;thumbnail&quot;:{&quot;url&quot;:&quot;https:\/\/italy-tourist-information.com\/wp-content\/uploads\/2024\/09\/Verona-Card-with-Arena-Priority-Entrance-3-150x150.avif&quot;,&quot;height&quot;:150,&quot;width&quot;:150,&quot;orientation&quot;:&quot;landscape&quot;},&quot;medium&quot;:{&quot;url&quot;:&quot;https:\/\/italy-tourist-information.com\/wp-content\/uploads\/2024\/09\/Verona-Card-with-Arena-Priority-Entrance-3-300x300.avif&quot;,&quot;height&quot;:300,&quot;width&quot;:300,&quot;orientation&quot;:&quot;landscape&quot;},&quot;large&quot;:{&quot;url&quot;:&quot;https:\/\/italy-tourist-information.com\/wp-content\/uploads\/2024\/09\/Verona-Card-with-Arena-Priority-Entrance-3-1024x1024.avif&quot;,&quot;height&quot;:1024,&quot;width&quot;:1024,&quot;orientation&quot;:&quot;landscape&quot;},&quot;full&quot;:{&quot;url&quot;:&quot;https:\/\/italy-tourist-information.com\/wp-content\/uploads\/2024\/09\/Verona-Card-with-Arena-Priority-Entrance-3.avif&quot;,&quot;height&quot;:1600,&quot;width&quot;:1600,&quot;orientation&quot;:&quot;landscape&quot;},&quot;1536x1536&quot;:{&quot;url&quot;:&quot;https:\/\/italy-tourist-information.com\/wp-content\/uploads\/2024\/09\/Verona-Card-with-Arena-Priority-Entrance-3-1536x1536.avif&quot;,&quot;height&quot;:1536,&quot;width&quot;:1536,&quot;orientation&quot;:&quot;landscape&quot;}}\"><\/span><span><img decoding=\"async\" alt=\"\" data-id=\"6127\" width=\"1600\" height=\"1600\" title=\"Verona-Karte mit Priorit\u00e4tseingang Arena 2\" src=\"https:\/\/italy-tourist-information.com\/wp-content\/uploads\/2024\/09\/Verona-Card-with-Arena-Priority-Entrance-2-1024x1024.avif\" data-src=\"https:\/\/italy-tourist-information.com\/wp-content\/uploads\/2024\/09\/Verona-Card-with-Arena-Priority-Entrance-2-300x300.avif\" loading=\"lazy\" data-sizes=\"{&quot;thumbnail&quot;:{&quot;url&quot;:&quot;https:\/\/italy-tourist-information.com\/wp-content\/uploads\/2024\/09\/Verona-Card-with-Arena-Priority-Entrance-2-150x150.avif&quot;,&quot;height&quot;:150,&quot;width&quot;:150,&quot;orientation&quot;:&quot;landscape&quot;},&quot;medium&quot;:{&quot;url&quot;:&quot;https:\/\/italy-tourist-information.com\/wp-content\/uploads\/2024\/09\/Verona-Card-with-Arena-Priority-Entrance-2-300x300.avif&quot;,&quot;height&quot;:300,&quot;width&quot;:300,&quot;orientation&quot;:&quot;landscape&quot;},&quot;large&quot;:{&quot;url&quot;:&quot;https:\/\/italy-tourist-information.com\/wp-content\/uploads\/2024\/09\/Verona-Card-with-Arena-Priority-Entrance-2-1024x1024.avif&quot;,&quot;height&quot;:1024,&quot;width&quot;:1024,&quot;orientation&quot;:&quot;landscape&quot;},&quot;full&quot;:{&quot;url&quot;:&quot;https:\/\/italy-tourist-information.com\/wp-content\/uploads\/2024\/09\/Verona-Card-with-Arena-Priority-Entrance-2.avif&quot;,&quot;height&quot;:1600,&quot;width&quot;:1600,&quot;orientation&quot;:&quot;landscape&quot;},&quot;1536x1536&quot;:{&quot;url&quot;:&quot;https:\/\/italy-tourist-information.com\/wp-content\/uploads\/2024\/09\/Verona-Card-with-Arena-Priority-Entrance-2-1536x1536.avif&quot;,&quot;height&quot;:1536,&quot;width&quot;:1536,&quot;orientation&quot;:&quot;landscape&quot;}}\"><\/span><span><img decoding=\"async\" alt=\"\" data-id=\"6131\" width=\"1600\" height=\"1600\" title=\"Verona-Karte mit Priorit\u00e4tseingang Arena 4\" src=\"https:\/\/italy-tourist-information.com\/wp-content\/uploads\/2024\/09\/Verona-Card-with-Arena-Priority-Entrance-4-1024x1024.avif\" data-src=\"https:\/\/italy-tourist-information.com\/wp-content\/uploads\/2024\/09\/Verona-Card-with-Arena-Priority-Entrance-4-300x300.avif\" loading=\"lazy\" data-sizes=\"{&quot;thumbnail&quot;:{&quot;url&quot;:&quot;https:\/\/italy-tourist-information.com\/wp-content\/uploads\/2024\/09\/Verona-Card-with-Arena-Priority-Entrance-4-150x150.avif&quot;,&quot;height&quot;:150,&quot;width&quot;:150,&quot;orientation&quot;:&quot;landscape&quot;},&quot;medium&quot;:{&quot;url&quot;:&quot;https:\/\/italy-tourist-information.com\/wp-content\/uploads\/2024\/09\/Verona-Card-with-Arena-Priority-Entrance-4-300x300.avif&quot;,&quot;height&quot;:300,&quot;width&quot;:300,&quot;orientation&quot;:&quot;landscape&quot;},&quot;large&quot;:{&quot;url&quot;:&quot;https:\/\/italy-tourist-information.com\/wp-content\/uploads\/2024\/09\/Verona-Card-with-Arena-Priority-Entrance-4-1024x1024.avif&quot;,&quot;height&quot;:1024,&quot;width&quot;:1024,&quot;orientation&quot;:&quot;landscape&quot;},&quot;full&quot;:{&quot;url&quot;:&quot;https:\/\/italy-tourist-information.com\/wp-content\/uploads\/2024\/09\/Verona-Card-with-Arena-Priority-Entrance-4.avif&quot;,&quot;height&quot;:1600,&quot;width&quot;:1600,&quot;orientation&quot;:&quot;landscape&quot;},&quot;1536x1536&quot;:{&quot;url&quot;:&quot;https:\/\/italy-tourist-information.com\/wp-content\/uploads\/2024\/09\/Verona-Card-with-Arena-Priority-Entrance-4-1536x1536.avif&quot;,&quot;height&quot;:1536,&quot;width&quot;:1536,&quot;orientation&quot;:&quot;landscape&quot;}}\"><\/span><span><img decoding=\"async\" alt=\"\" data-id=\"6130\" width=\"1534\" height=\"1016\" title=\"Verona-Karte mit Priorit\u00e4tseingang zur Arena 1\" src=\"https:\/\/italy-tourist-information.com\/wp-content\/uploads\/2024\/09\/Verona-Card-with-Arena-Priority-Entrance-1-1024x678.png\" data-src=\"https:\/\/italy-tourist-information.com\/wp-content\/uploads\/2024\/09\/Verona-Card-with-Arena-Priority-Entrance-1-300x199.png\" loading=\"lazy\" data-sizes=\"{&quot;thumbnail&quot;:{&quot;url&quot;:&quot;https:\/\/italy-tourist-information.com\/wp-content\/uploads\/2024\/09\/Verona-Card-with-Arena-Priority-Entrance-1-150x150.png&quot;,&quot;height&quot;:150,&quot;width&quot;:150,&quot;orientation&quot;:&quot;landscape&quot;},&quot;medium&quot;:{&quot;url&quot;:&quot;https:\/\/italy-tourist-information.com\/wp-content\/uploads\/2024\/09\/Verona-Card-with-Arena-Priority-Entrance-1-300x199.png&quot;,&quot;height&quot;:199,&quot;width&quot;:300,&quot;orientation&quot;:&quot;landscape&quot;},&quot;large&quot;:{&quot;url&quot;:&quot;https:\/\/italy-tourist-information.com\/wp-content\/uploads\/2024\/09\/Verona-Card-with-Arena-Priority-Entrance-1-1024x678.png&quot;,&quot;height&quot;:678,&quot;width&quot;:1024,&quot;orientation&quot;:&quot;landscape&quot;},&quot;full&quot;:{&quot;url&quot;:&quot;https:\/\/italy-tourist-information.com\/wp-content\/uploads\/2024\/09\/Verona-Card-with-Arena-Priority-Entrance-1.png&quot;,&quot;height&quot;:1016,&quot;width&quot;:1534,&quot;orientation&quot;:&quot;landscape&quot;}}\"><\/span><\/p>\n<h1 data-test-id=\"activity-title\" data-track=\"activity-title\" data-v-ca4424d9=\"\">Verona Card mit Arena Schnelleinlass-Tickets: 24\/48 Stunden-Pass<\/h1>\n<h2><a href=\"https:\/\/www.headout.com\/de\/city-pass\/veronacard-mit-bevorzugtem-eintritt-in-die-arena-e-17866\/?affiliate_code=KXkQ69&amp;utm_campaign=itideveronaarenasp&amp;utm_content=link&amp;utm_medium=affiliate&amp;utm_source=most_amazing_places\" target=\"_blank\" rel=\"nofollow noopener\" style=\"outline: none;\">Zur Buchung<\/a><\/h2>\n<p style=\"\"><a href=\"https:\/\/www.headout.com\/de\/city-pass\/veronacard-mit-bevorzugtem-eintritt-in-die-arena-e-17866\/?affiliate_code=KXkQ69&amp;utm_campaign=itideveronaarenasp&amp;utm_content=link&amp;utm_medium=affiliate&amp;utm_source=most_amazing_places\" target=\"_blank\" rel=\"nofollow noopener\" style=\"outline: none;\">Preis ab<\/a><\/p>\n<h1><a href=\"https:\/\/www.headout.com\/de\/city-pass\/veronacard-mit-bevorzugtem-eintritt-in-die-arena-e-17866\/?affiliate_code=KXkQ69&amp;utm_campaign=itideveronaarenasp&amp;utm_content=link&amp;utm_medium=affiliate&amp;utm_source=most_amazing_places\" target=\"_blank\" rel=\"nofollow noopener\" style=\"outline: none;\"><strong>27 \u20ac<\/strong><\/a><\/h1>\n<p dir=\"ltr\">Erleben Sie Verona in seiner ganzen Praxis mit der Verona Card! Genie\u00dfen Sie&nbsp;<strong>24 oder 48 Stunden lang <\/strong><strong>bevorzugten Einlass zur Arena von Verona,&nbsp;<\/strong>unbegrenzte Nutzung&nbsp;<strong>der \u00f6ffentlichen Verkehrsmittel<\/strong>&nbsp;und freien Eintritt zu den wichtigsten Museen, Kirchen und Denkm\u00e4lern.&nbsp;Entdecken Sie die reiche Geschichte und Kultur dieser UNESCO-Welterbestadt ganz einfach und bequem.<strong><\/strong><\/p>\n<ul>\n<li style=\"\"><span>Handverlesenes Ticket&nbsp;<\/span><\/li>\n<li style=\"\"><span>Sofortige Best\u00e4tigung<\/span><\/li>\n<li style=\"\"><span>\u00dcberspringen Sie die Warteschlange<\/span><\/li>\n<li style=\"\"><span>Unbegrenzter \u00f6ffentlicher Nahverkehr<\/span><\/li>\n<\/ul>\n<h2>Inbegriffen<\/h2>\n<ul>\n<li style=\"\">                    <span>Zugang ohne Anstehen zur Arena von Verona<\/span><\/li>\n<li style=\"\">                    <span>Verona Card f\u00fcr 24 oder 48 Stunden (je nach gew\u00e4hlter Option)<\/span><\/li>\n<li><span>Unbegrenzte Nutzung des \u00f6ffentlichen Nahverkehrs (ATV) f\u00fcr 24 oder 48 Stunden<\/span><\/li>\n<li><span>Erm\u00e4\u00dfigter Eintritt zu 4 ausgew\u00e4hlten Veranstaltungsorten<\/span><\/li>\n<li><span>Freier Eintritt zu \u00fcber 15 Attraktionen<\/span><\/li>\n<\/ul>\n<h2>Nicht inbegriffen<\/h2>\n<ul>\n<li style=\"\"><span>Aerobus-Transfer vom Flughafen Verona<\/span><\/li>\n<li style=\"\"><span>Gef\u00fchrte Touren<\/span><\/li>\n<\/ul>\n<h2>Wichtige Informationen<\/h2>\n<ul>\n<li style=\"\"><span>Die Verona Card wird bei der ersten Benutzung in einem Museum oder an einem Denkmal aktiviert. Nach der Aktivierung k\u00f6nnen sie an verschiedenen Orten und im \u00f6ffentlichen Nahverkehr genutzt werden.<\/span><\/li>\n<li style=\"\"><span>St\u00e4dtische Museen und Denkm\u00e4ler, darunter das Juliahaus und die Arena von Verona, sind montags geschlossen.<\/span><\/li>\n<li style=\"\"><span>F\u00fcr Casa di Giulietta ist eine Zeitfensterreservierung erforderlich; weitere Details finden Sie auf dem Voucher.<\/span><\/li>\n<li style=\"\"><span>G\u00fcltig f\u00fcr die uneingeschr\u00e4nkte Nutzung des \u00f6ffentlichen Nahverkehrs in Verona.<\/span><\/li>\n<li style=\"\"><span>Freier Eintritt f\u00fcr Besucher unter 18 Jahren in alle st\u00e4dtischen Museen.<\/span><\/li>\n<\/ul>\n<h2>Beschreibung:<\/h2>\n<p dir=\"ltr\">Entdecken Sie die Top-Sehensw\u00fcrdigkeiten Veronas mit der&nbsp;<strong>Verona Card<\/strong>, Ihrem Ticket zu den ber\u00fchmtesten Sehensw\u00fcrdigkeiten der Stadt. <\/p>\n<p dir=\"ltr\">Dank des&nbsp;<strong>bevorzugten Einlasses in die Arena von Verona<\/strong> umgehen Sie die Warteschlangen. Erkunden Sie <strong>Julias Haus und Balkon<\/strong> und bestaunen Sie historische St\u00e4tten wie den <strong>Lamberti-Turm.<\/strong> Genie\u00dfen Sie au\u00dferdem die unbegrenzte Nutzung des \u00f6ffentlichen Nahverkehrs und exklusive Rabatte in zahlreichen Lokalen.<\/p>\n<h2>Highlights:<\/h2>\n<ul>\n<li dir=\"ltr\">Profitieren Sie vom bevorzugten Einlass in die atemberaubende Arena von Verona.<\/li>\n<li dir=\"ltr\">Erhalten Sie Zugang zu Top-Attraktionen wie dem Haus und Balkon der Julia, dem Torre dei Lamberti und vielem mehr.<\/li>\n<li dir=\"ltr\">Erkunden Sie zahlreiche Museen, Denkm\u00e4ler und Kirchen in der ganzen Stadt.<\/li>\n<li dir=\"ltr\">Genie\u00dfen Sie den uneingeschr\u00e4nkten Zugang zum \u00f6ffentlichen Verkehrsnetz von Verona.<\/li>\n<li dir=\"ltr\">Profitieren Sie von attraktiven Rabatten in ausgew\u00e4hlten Gesch\u00e4ften und Museen der Stadt.<\/li>\n<\/ul>\n<h2>Verona Arena<\/h2>\n<p>Arena di Verona, P.za Br\u00e0, 1, 37121 Verona VR, Italien<\/p>\n<h2>Stornierungsbedingungen<\/h2>\n<p>Diese Tickets sind nicht stornierbar.<\/p>\n<h2>Treffpunkt &amp; Anweisungen<\/h2>\n<p>Tauschen Sie Ihren Smartphone-Gutschein gegen die Verona Card am Info Point IAT in der <strong>Via Leoncino 61<\/strong> (Palazzo Barbieri), Verona. Der Info Point IAT ist sonntags von 10:00 bis 18:00 Uhr ge\u00f6ffnet. Die Verona Card kann nach der Aktivierung in verschiedenen Lokalen und im \u00f6ffentlichen Nahverkehr genutzt werden.<\/p>\n<p><a href=\"https:\/\/www.google.com\/maps\/search\/?api=1&amp;query=Via%20Leoncino%2C%2061%2037121%20Verona\" target=\"_blank\" rel=\"nofollow noopener\" style=\"outline: none;\" data-lt-tmp-id=\"lt-17451\" spellcheck=\"false\">In Karten \u00f6ffnen<\/a><\/p>\n<h2>Bewertungen<\/h2>\n<p><strong>4,5\/5&nbsp; <\/strong><strong>(1623 Bewertungen)<\/strong><\/p>\n<p><em>\u201eDie Verona Card ist super praktisch. Mit dem Ticket ohne Anstehen f\u00fcr die Arena haben wir viel Zeit gespart. Fast alle Attraktionen sind inklusive, und bei anderen gibt es Erm\u00e4\u00dfigungen. <\/em><em>\u2013 Laura, Nov. 2025 <\/em><a href=\"https:\/\/www.headout.com\/de\/city-pass\/veronacard-mit-bevorzugtem-eintritt-in-die-arena-e-17866\/?affiliate_code=KXkQ69&amp;utm_campaign=itideveronaarenasp&amp;utm_content=link&amp;utm_medium=affiliate&amp;utm_source=most_amazing_places\" target=\"_blank\" rel=\"nofollow noopener\" spellcheck=\"false\" style=\"outline: none;\">&nbsp;&gt;&gt; Weitere Bewertungen ansehen \u2026<\/a><\/p>\n<h2>Weitere Aktivit\u00e4ten, die Ihnen gefallen k\u00f6nnten<\/h2>\n<p><span># <\/span><strong><span>2<\/span><\/strong><span># <\/span><strong><span>2<\/span><\/strong><span><img decoding=\"async\" alt=\"\" data-id=\"6121\" width=\"159\" data-init-width=\"1185\" height=\"83\" data-init-height=\"616\" title=\"Verona \u2013 Gef\u00fchrte Tour durch die Arena mit bevorzugtem Zugang\" loading=\"lazy\" src=\"https:\/\/italy-tourist-information.com\/wp-content\/uploads\/2024\/09\/Verona-Priority-Access-Arena-Guided-Tour.jpg\" data-width=\"159\" data-height=\"83\" style=\"aspect-ratio: auto 1185 \/ 616;\"><\/span><\/p>\n<table>\n<tbody>\n<tr>\n<td><a href=\"https:\/\/www.getyourguide.com\/verona-l389\/verona-arena-1-hour-skip-the-line-tour-t93747\/?partner_id=NO9XIDE&amp;utm_medium=online_publisher&amp;cmp=ITIDeVeronaArenaSP2\" target=\"_blank\" rel=\"nofollow noopener\" style=\"outline: none;\" data-lt-tmp-id=\"lt-732594\" spellcheck=\"false\">Verona: F\u00fchrung durch die Arena mit bevorzugtem Zugang<\/a><\/td>\n<\/tr>\n<\/tbody>\n<\/table>\n<p>Erleben Sie die Pracht der antiken Arena von Verona mit bevorzugtem Zugang im Rahmen einer 30-min\u00fctigen F\u00fchrung.&nbsp;<\/p>\n<h3 style=\"\">Gesamtpreis<\/h3>\n<h3 style=\"\">Ihr Konto wird noch nicht belastet.<\/h3>\n<p><span># <\/span><strong><span>2<\/span><\/strong><span><img decoding=\"async\" alt=\"\" data-id=\"6123\" width=\"159\" data-init-width=\"1185\" height=\"83\" data-init-height=\"616\" title=\"Verona \u2013 Hop-on-Hop-off-Tour (24- oder 48-Stunden-Ticket)\" loading=\"lazy\" src=\"https:\/\/italy-tourist-information.com\/wp-content\/uploads\/2024\/09\/Verona-Hop-on-Hop-off-Tour-24-or-48-Hour-Ticket.jpg\" data-width=\"159\" data-height=\"83\" style=\"aspect-ratio: auto 1185 \/ 616;\"><\/span><\/p>\n<table>\n<tbody>\n<tr>\n<td><a href=\"https:\/\/megapass.com\/tours-tickets\/cappadocia-red-tour-with-goreme-museum-lunch-and-hotel-transfer-i2767?discountCode=ma-places\" target=\"_blank\" rel=\"nofollow noopener\" style=\"outline: none;\"><\/p>\n<table>\n<tbody>\n<tr>\n<td><strong><a data-lt-tmp-id=\"lt-73460\" href=\"https:\/\/www.getyourguide.com\/verona-l389\/verona-hop-on-hop-off-tour-24h-ticket-t50729\/?partner_id=NO9XIDE&amp;utm_medium=online_publisher&amp;cmp=ITIDeVeronaArenaSP3\" rel=\"nofollow noopener\" spellcheck=\"false\" target=\"_blank\" style=\"outline: none;\">Verona: Hop-on-Hop-off-Tour \u2013 24- oder 48-Stunden-Ticket<\/a><\/strong><\/td>\n<\/tr>\n<\/tbody>\n<\/table>\n<p><strong><\/strong><\/a><\/td>\n<\/tr>\n<\/tbody>\n<\/table>\n<p>Erkunden Sie Verona in Ihrem eigenen Tempo mit einem 24- oder 48-Stunden-Ticket f\u00fcr die Hop-on\/Hop-off-Stadtrundfahrt. Entdecken Sie die Top-Sehensw\u00fcrdigkeiten der Stadt ganz flexibel.<\/p>\n<h3 style=\"\">Gesamtpreis<\/h3>\n<h3 style=\"\">Ihr Konto wird noch nicht belastet.<\/h3>\n<p><\/p>\n<h2><a href=\"https:\/\/www.headout.com\/de\/city-pass\/veronacard-mit-bevorzugtem-eintritt-in-die-arena-e-17866\/?affiliate_code=KXkQ69&amp;utm_campaign=itideveronaarenasp&amp;utm_content=link&amp;utm_medium=affiliate&amp;utm_source=most_amazing_places\" target=\"_blank\" rel=\"nofollow noopener\">Zur Buchung<\/a><\/h2>\n<p style=\"\"><a href=\"https:\/\/www.headout.com\/de\/city-pass\/veronacard-mit-bevorzugtem-eintritt-in-die-arena-e-17866\/?affiliate_code=KXkQ69&amp;utm_campaign=itideveronaarenasp&amp;utm_content=link&amp;utm_medium=affiliate&amp;utm_source=most_amazing_places\" target=\"_blank\" rel=\"nofollow noopener\" style=\"outline: none;\">Preis ab<\/a><\/p>\n<h1><a href=\"https:\/\/www.headout.com\/de\/city-pass\/veronacard-mit-bevorzugtem-eintritt-in-die-arena-e-17866\/?affiliate_code=KXkQ69&amp;utm_campaign=itideveronaarenasp&amp;utm_content=link&amp;utm_medium=affiliate&amp;utm_source=most_amazing_places\" target=\"_blank\" rel=\"nofollow noopener\" style=\"outline: none;\"><strong>27 \u20ac<\/strong><\/a><\/h1>\n<p style=\"\">Ihr Konto wird noch nicht belastet.<\/p>\n","protected":false},"excerpt":{"rendered":"<p>Verona Card mit Arena Schnelleinlass-Tickets: 24\/48 Stunden-Pass Zur Buchung Preis ab 27 \u20ac Erleben Sie Verona in seiner ganzen Praxis mit der Verona Card! Genie\u00dfen Sie&nbsp;24 oder 48 Stunden lang bevorzugten Einlass zur Arena von Verona,&nbsp;unbegrenzte Nutzung&nbsp;der \u00f6ffentlichen Verkehrsmittel&nbsp;und freien Eintritt zu den wichtigsten Museen, Kirchen und Denkm\u00e4lern.&nbsp;Entdecken Sie die reiche Geschichte und Kultur dieser [&hellip;]<\/p>\n","protected":false},"author":6,"featured_media":18801,"parent":0,"menu_order":0,"comment_status":"closed","ping_status":"closed","template":"","meta":{"footnotes":""},"categories":[128],"tags":[130,159],"class_list":["post-18800","page","type-page","status-publish","has-post-thumbnail","hentry","category-verkaufsseite","tag-verkaufsseite","tag-verona-de","post-wrapper","thrv_wrapper"],"_links":{"self":[{"href":"https:\/\/italy-tourist-information.com\/de\/wp-json\/wp\/v2\/pages\/18800","targetHints":{"allow":["GET"]}}],"collection":[{"href":"https:\/\/italy-tourist-information.com\/de\/wp-json\/wp\/v2\/pages"}],"about":[{"href":"https:\/\/italy-tourist-information.com\/de\/wp-json\/wp\/v2\/types\/page"}],"author":[{"embeddable":true,"href":"https:\/\/italy-tourist-information.com\/de\/wp-json\/wp\/v2\/users\/6"}],"replies":[{"embeddable":true,"href":"https:\/\/italy-tourist-information.com\/de\/wp-json\/wp\/v2\/comments?post=18800"}],"version-history":[{"count":6,"href":"https:\/\/italy-tourist-information.com\/de\/wp-json\/wp\/v2\/pages\/18800\/revisions"}],"predecessor-version":[{"id":19254,"href":"https:\/\/italy-tourist-information.com\/de\/wp-json\/wp\/v2\/pages\/18800\/revisions\/19254"}],"wp:featuredmedia":[{"embeddable":true,"href":"https:\/\/italy-tourist-information.com\/de\/wp-json\/wp\/v2\/media\/18801"}],"wp:attachment":[{"href":"https:\/\/italy-tourist-information.com\/de\/wp-json\/wp\/v2\/media?parent=18800"}],"wp:term":[{"taxonomy":"category","embeddable":true,"href":"https:\/\/italy-tourist-information.com\/de\/wp-json\/wp\/v2\/categories?post=18800"},{"taxonomy":"post_tag","embeddable":true,"href":"https:\/\/italy-tourist-information.com\/de\/wp-json\/wp\/v2\/tags?post=18800"}],"curies":[{"name":"wp","href":"https:\/\/api.w.org\/{rel}","templated":true}]}}