{"id":18809,"date":"2025-04-22T14:52:43","date_gmt":"2025-04-22T14:52:43","guid":{"rendered":"https:\/\/italy-tourist-information.com\/villa-deste-tickets"},"modified":"2026-04-20T14:46:16","modified_gmt":"2026-04-20T14:46:16","slug":"tickets-fuer-die-villa-deste","status":"publish","type":"page","link":"https:\/\/italy-tourist-information.com\/de\/tickets-fuer-die-villa-deste","title":{"rendered":"Tickets f\u00fcr die Villa d\u2019Este"},"content":{"rendered":"<p><span><img decoding=\"async\" alt=\"\" data-id=\"10176\" width=\"2025\" height=\"1556\" title=\"Villa D'Este \u2013 Eintrittskarte ota3\" src=\"https:\/\/italy-tourist-information.com\/wp-content\/uploads\/2025\/04\/Villa-DEste-Entry-Ticket-ota3-1024x787.avif\" data-src=\"https:\/\/italy-tourist-information.com\/wp-content\/uploads\/2025\/04\/Villa-DEste-Entry-Ticket-ota3-300x231.avif\" loading=\"lazy\" data-sizes=\"{&quot;thumbnail&quot;:{&quot;url&quot;:&quot;https:\/\/italy-tourist-information.com\/wp-content\/uploads\/2025\/04\/Villa-DEste-Entry-Ticket-ota3-150x150.avif&quot;,&quot;height&quot;:150,&quot;width&quot;:150,&quot;orientation&quot;:&quot;landscape&quot;},&quot;medium&quot;:{&quot;url&quot;:&quot;https:\/\/italy-tourist-information.com\/wp-content\/uploads\/2025\/04\/Villa-DEste-Entry-Ticket-ota3-300x231.avif&quot;,&quot;height&quot;:231,&quot;width&quot;:300,&quot;orientation&quot;:&quot;landscape&quot;},&quot;large&quot;:{&quot;url&quot;:&quot;https:\/\/italy-tourist-information.com\/wp-content\/uploads\/2025\/04\/Villa-DEste-Entry-Ticket-ota3-1024x787.avif&quot;,&quot;height&quot;:787,&quot;width&quot;:1024,&quot;orientation&quot;:&quot;landscape&quot;},&quot;full&quot;:{&quot;url&quot;:&quot;https:\/\/italy-tourist-information.com\/wp-content\/uploads\/2025\/04\/Villa-DEste-Entry-Ticket-ota3.avif&quot;,&quot;height&quot;:1556,&quot;width&quot;:2025,&quot;orientation&quot;:&quot;landscape&quot;},&quot;1536x1536&quot;:{&quot;url&quot;:&quot;https:\/\/italy-tourist-information.com\/wp-content\/uploads\/2025\/04\/Villa-DEste-Entry-Ticket-ota3-1536x1180.avif&quot;,&quot;height&quot;:1180,&quot;width&quot;:1536,&quot;orientation&quot;:&quot;landscape&quot;}}\"><\/span><span><img decoding=\"async\" alt=\"\" data-id=\"10175\" width=\"2333\" height=\"1556\" title=\"Villa D'Este - Eintrittskarte ota4\" src=\"https:\/\/italy-tourist-information.com\/wp-content\/uploads\/2025\/04\/Villa-DEste-Entry-Ticket-ota4-1024x683.avif\" data-src=\"https:\/\/italy-tourist-information.com\/wp-content\/uploads\/2025\/04\/Villa-DEste-Entry-Ticket-ota4-300x200.avif\" loading=\"lazy\" data-sizes=\"{&quot;thumbnail&quot;:{&quot;url&quot;:&quot;https:\/\/italy-tourist-information.com\/wp-content\/uploads\/2025\/04\/Villa-DEste-Entry-Ticket-ota4-150x150.avif&quot;,&quot;height&quot;:150,&quot;width&quot;:150,&quot;orientation&quot;:&quot;landscape&quot;},&quot;medium&quot;:{&quot;url&quot;:&quot;https:\/\/italy-tourist-information.com\/wp-content\/uploads\/2025\/04\/Villa-DEste-Entry-Ticket-ota4-300x200.avif&quot;,&quot;height&quot;:200,&quot;width&quot;:300,&quot;orientation&quot;:&quot;landscape&quot;},&quot;large&quot;:{&quot;url&quot;:&quot;https:\/\/italy-tourist-information.com\/wp-content\/uploads\/2025\/04\/Villa-DEste-Entry-Ticket-ota4-1024x683.avif&quot;,&quot;height&quot;:683,&quot;width&quot;:1024,&quot;orientation&quot;:&quot;landscape&quot;},&quot;full&quot;:{&quot;url&quot;:&quot;https:\/\/italy-tourist-information.com\/wp-content\/uploads\/2025\/04\/Villa-DEste-Entry-Ticket-ota4.avif&quot;,&quot;height&quot;:1556,&quot;width&quot;:2333,&quot;orientation&quot;:&quot;landscape&quot;},&quot;1536x1536&quot;:{&quot;url&quot;:&quot;https:\/\/italy-tourist-information.com\/wp-content\/uploads\/2025\/04\/Villa-DEste-Entry-Ticket-ota4-1536x1024.avif&quot;,&quot;height&quot;:1024,&quot;width&quot;:1536,&quot;orientation&quot;:&quot;landscape&quot;},&quot;2048x2048&quot;:{&quot;url&quot;:&quot;https:\/\/italy-tourist-information.com\/wp-content\/uploads\/2025\/04\/Villa-DEste-Entry-Ticket-ota4-2048x1366.avif&quot;,&quot;height&quot;:1366,&quot;width&quot;:2048,&quot;orientation&quot;:&quot;landscape&quot;}}\"><\/span><span><img decoding=\"async\" alt=\"\" data-id=\"10177\" width=\"2334\" height=\"1556\" title=\"Villa D'Este - Eintrittskarte ota2\" src=\"https:\/\/italy-tourist-information.com\/wp-content\/uploads\/2025\/04\/Villa-DEste-Entry-Ticket-ota2-1024x683.avif\" data-src=\"https:\/\/italy-tourist-information.com\/wp-content\/uploads\/2025\/04\/Villa-DEste-Entry-Ticket-ota2-300x200.avif\" loading=\"lazy\" data-sizes=\"{&quot;thumbnail&quot;:{&quot;url&quot;:&quot;https:\/\/italy-tourist-information.com\/wp-content\/uploads\/2025\/04\/Villa-DEste-Entry-Ticket-ota2-150x150.avif&quot;,&quot;height&quot;:150,&quot;width&quot;:150,&quot;orientation&quot;:&quot;landscape&quot;},&quot;medium&quot;:{&quot;url&quot;:&quot;https:\/\/italy-tourist-information.com\/wp-content\/uploads\/2025\/04\/Villa-DEste-Entry-Ticket-ota2-300x200.avif&quot;,&quot;height&quot;:200,&quot;width&quot;:300,&quot;orientation&quot;:&quot;landscape&quot;},&quot;large&quot;:{&quot;url&quot;:&quot;https:\/\/italy-tourist-information.com\/wp-content\/uploads\/2025\/04\/Villa-DEste-Entry-Ticket-ota2-1024x683.avif&quot;,&quot;height&quot;:683,&quot;width&quot;:1024,&quot;orientation&quot;:&quot;landscape&quot;},&quot;full&quot;:{&quot;url&quot;:&quot;https:\/\/italy-tourist-information.com\/wp-content\/uploads\/2025\/04\/Villa-DEste-Entry-Ticket-ota2.avif&quot;,&quot;height&quot;:1556,&quot;width&quot;:2334,&quot;orientation&quot;:&quot;landscape&quot;},&quot;1536x1536&quot;:{&quot;url&quot;:&quot;https:\/\/italy-tourist-information.com\/wp-content\/uploads\/2025\/04\/Villa-DEste-Entry-Ticket-ota2-1536x1024.avif&quot;,&quot;height&quot;:1024,&quot;width&quot;:1536,&quot;orientation&quot;:&quot;landscape&quot;},&quot;2048x2048&quot;:{&quot;url&quot;:&quot;https:\/\/italy-tourist-information.com\/wp-content\/uploads\/2025\/04\/Villa-DEste-Entry-Ticket-ota2-2048x1365.avif&quot;,&quot;height&quot;:1365,&quot;width&quot;:2048,&quot;orientation&quot;:&quot;landscape&quot;}}\"><\/span><span><img decoding=\"async\" alt=\"\" data-id=\"10178\" width=\"2332\" height=\"1556\" title=\"Villa D'Este \u2013 Eintrittskarte ota\" src=\"https:\/\/italy-tourist-information.com\/wp-content\/uploads\/2025\/04\/Villa-DEste-Entry-Ticket-ota-1024x683.avif\" data-src=\"https:\/\/italy-tourist-information.com\/wp-content\/uploads\/2025\/04\/Villa-DEste-Entry-Ticket-ota-300x200.avif\" loading=\"lazy\" data-sizes=\"{&quot;thumbnail&quot;:{&quot;url&quot;:&quot;https:\/\/italy-tourist-information.com\/wp-content\/uploads\/2025\/04\/Villa-DEste-Entry-Ticket-ota-150x150.avif&quot;,&quot;height&quot;:150,&quot;width&quot;:150,&quot;orientation&quot;:&quot;landscape&quot;},&quot;medium&quot;:{&quot;url&quot;:&quot;https:\/\/italy-tourist-information.com\/wp-content\/uploads\/2025\/04\/Villa-DEste-Entry-Ticket-ota-300x200.avif&quot;,&quot;height&quot;:200,&quot;width&quot;:300,&quot;orientation&quot;:&quot;landscape&quot;},&quot;large&quot;:{&quot;url&quot;:&quot;https:\/\/italy-tourist-information.com\/wp-content\/uploads\/2025\/04\/Villa-DEste-Entry-Ticket-ota-1024x683.avif&quot;,&quot;height&quot;:683,&quot;width&quot;:1024,&quot;orientation&quot;:&quot;landscape&quot;},&quot;full&quot;:{&quot;url&quot;:&quot;https:\/\/italy-tourist-information.com\/wp-content\/uploads\/2025\/04\/Villa-DEste-Entry-Ticket-ota.avif&quot;,&quot;height&quot;:1556,&quot;width&quot;:2332,&quot;orientation&quot;:&quot;landscape&quot;},&quot;1536x1536&quot;:{&quot;url&quot;:&quot;https:\/\/italy-tourist-information.com\/wp-content\/uploads\/2025\/04\/Villa-DEste-Entry-Ticket-ota-1536x1025.avif&quot;,&quot;height&quot;:1025,&quot;width&quot;:1536,&quot;orientation&quot;:&quot;landscape&quot;},&quot;2048x2048&quot;:{&quot;url&quot;:&quot;https:\/\/italy-tourist-information.com\/wp-content\/uploads\/2025\/04\/Villa-DEste-Entry-Ticket-ota-2048x1367.avif&quot;,&quot;height&quot;:1367,&quot;width&quot;:2048,&quot;orientation&quot;:&quot;landscape&quot;}}\"><\/span><\/p>\n<h1 data-block-id=\"adp-title-text\" data-v-36db7fb8=\"\" data-v-3837f32d=\"\" data-v-f40aa250=\"\"><span data-v-f40aa250=\"\">Tivoli: Villa d&#8217;Este-Ticket mit Audioguide-APP<\/span><\/h1>\n<h2><a href=\"https:\/\/www.getyourguide.com\/villa-d-este-l82940\/tivoli-villa-d-este-entry-ticket-and-app-audio-guide-t416713\/?partner_id=NO9XIDE&amp;utm_medium=online_publisher&amp;cmp=ITIDeVillaDesteSP\" target=\"_blank\" rel=\"nofollow noopener\" style=\"outline: none;\">Zur Buchung<\/a><\/h2>\n<p style=\"\"><a href=\"https:\/\/www.getyourguide.com\/villa-d-este-l82940\/tivoli-villa-d-este-entry-ticket-and-app-audio-guide-t416713\/?partner_id=NO9XIDE&amp;utm_medium=online_publisher&amp;cmp=ITIDeVillaDesteSP\" target=\"_blank\" rel=\"nofollow noopener\" style=\"outline: none;\">Preis ab<\/a><\/p>\n<h1><a href=\"https:\/\/www.getyourguide.com\/villa-d-este-l82940\/tivoli-villa-d-este-entry-ticket-and-app-audio-guide-t416713\/?partner_id=NO9XIDE&amp;utm_medium=online_publisher&amp;cmp=ITIDeVillaDesteSP\" target=\"_blank\" rel=\"nofollow noopener\" style=\"outline: none;\" spellcheck=\"false\"><strong>30 \u20ac<\/strong><\/a><\/h1>\n<p data-end=\"397\" data-start=\"203\">Entdecken Sie mit Ihren <strong data-end=\"289\" data-start=\"259\">Tickets f\u00fcr die Villa d&#8217;Este<\/strong>&nbsp;<strong>eine der bezauberndsten Villen Italiens<\/strong><strong>. <\/strong>Erkunden Sie Renaissanceg\u00e4rten, prunkvolle Innenr\u00e4ume und UNESCO-gesch\u00fctzte Brunnen in der charmanten Stadt Tivoli.<\/p>\n<ul>\n<li style=\"\"><span>Handverlesenes Ticket&nbsp;<\/span><\/li>\n<li style=\"\"><span>G\u00fcltig f\u00fcr 1 Tag<\/span><\/li>\n<li style=\"\"><!--! Font Awesome Free 6.7.1 by @fontawesome - https:\/\/fontawesome.com License - https:\/\/fontawesome.com\/license\/free (Icons: CC BY 4.0, Fonts: SIL OFL 1.1, Code: MIT License) Copyright 2024 Fonticons, Inc. --><span>Audioguide verf\u00fcgbar<\/span><\/li>\n<li style=\"\"><span>Kostenlose Stornierung<\/span><\/li>\n<\/ul>\n<h2>Inbegriffen<\/h2>\n<ul>\n<li style=\"\">                    <span>Einlass ohne Anstehen zur Villa d&#8217;Este<\/span><\/li>\n<li style=\"\">                    <span>Zugang zu den G\u00e4rten<\/span><\/li>\n<\/ul>\n<h2>Nicht inbegriffen<\/h2>\n<ul>\n<li style=\"\"><span>F\u00fchrung<\/span><\/li>\n<li style=\"\"><span>Speisen und Getr\u00e4nke<\/span><\/li>\n<\/ul>\n<h2>Wichtige Informationen<\/h2>\n<ul>\n<li style=\"\"><span>Bitte bringen Sie einen g\u00fcltigen Ausweis mit.<br \/><\/span><\/li>\n<li><span>Vor dem Betreten der Attraktion m\u00fcssen Sie sich einer Sicherheitskontrolle unterziehen.<\/span><\/li>\n<li><span>Hunde sind willkommen, m\u00fcssen aber an der Leine gef\u00fchrt werden, und die Besitzer sind verpflichtet, die Hinterlassenschaften ihrer Hunde zu entfernen.&nbsp;<\/span><\/li>\n<li style=\"\"><span>Die Grotte der Diana ist nach 40 Jahren wieder ge\u00f6ffnet; Der Zugang ist beschr\u00e4nkt.<\/span><\/li>\n<li style=\"\"><span>F\u00fcr Spazierg\u00e4nge auf den Gartenwegen werden bequeme Schuhe empfohlen.<br \/><\/span><\/li>\n<li><span>Teilweise barrierefrei \u2013 ein Aufzug ist vorhanden, aber die schr\u00e4gen G\u00e4rten k\u00f6nnten f\u00fcr Personen mit eingeschr\u00e4nkter Mobilit\u00e4t eine Herausforderung darstellen.<br \/><\/span><\/li>\n<\/ul>\n<h2>Beschreibung:<\/h2>\n<p dir=\"ltr\">Entfliehen Sie dem Trubel Roms und entdecken Sie die <strong>Sch\u00f6nheit der Villa d&#8217;Este in Tivoli,<\/strong> nur eine Stunde entfernt. Diese <strong>Villa aus dem 16. Jahrhundert<\/strong> ist bekannt f\u00fcr ihre atemberaubenden G\u00e4rten, kunstvollen Brunnen und praktischen Fresken.<\/p>\n<p dir=\"ltr\">Das von Kardinal Ippolito d&#8217;Este im Auftrag gegebene Anwesen gilt als Symbol f\u00fcr die Praxis der Renaissance. Erkunden Sie <strong>kunstvoll <\/strong><strong>bemalte R\u00e4ume,<\/strong> wandern Sie durch <strong>moosbewachsene Grotten<\/strong> und bewundern Sie symmetrische Wasserspiele, die k\u00f6niglichen G\u00e4rten in ganz Europa inspirierten.<\/p>\n<p dir=\"ltr\">Ein <strong>friedlicher R\u00fcckzugsort<\/strong> mit reichem kulturellem Erbe, perfekt f\u00fcr Kunst- und Geschichtsliebhaber.&nbsp;<\/p>\n<h2>Highlights:<\/h2>\n<ul>\n<li dir=\"ltr\">Besuchen Sie <strong>eine der sch\u00f6nsten Renaissance-Villen Italiens,<\/strong> die f\u00fcr Kardinal Ippolito d&#8217;Este erbaut wurde.<\/li>\n<li dir=\"ltr\">Schlendern Sie durch <strong>UNESCO-gesch\u00fctzte G\u00e4rten<\/strong> mit Dutzenden von Brunnen und Terrassen.<\/li>\n<li dir=\"ltr\">Bewundern Sie unter anderem den <strong>ber\u00fchmten Neptunbrunnen und<\/strong> andere kunstvolle Wasserspiele.<\/li>\n<li dir=\"ltr\">Erkunden Sie R\u00e4ume, die mit farbenpr\u00e4chtigen <strong>Fresken aus dem 16. Jahrhundert geschm\u00fcckt sind.<\/strong><\/li>\n<li dir=\"ltr\">Genie\u00dfen Sie von den Terrassen der Villa aus <strong>den Panoramablick auf die r\u00f6mische Landschaft.<\/strong><\/li>\n<\/ul>\n<h2>Villa D&#8217;Este<\/h2>\n<p dir=\"ltr\">P.za Trento, 5, 00019 Tivoli RM, Italien<\/p>\n<h2>Stornierungsbedingungen<\/h2>\n<p dir=\"ltr\">Eine Stornierung ist bis 23:59 Uhr am Vortag Ihres Besuchs m\u00f6glich.<\/p>\n<h2>Treffpunkt &amp; Anweisungen<\/h2>\n<p data-pm-slice=\"1 1 []\"><span data-sheets-root=\"1\"><span data-sheets-root=\"1\">Zeigen Sie Ihr Smartphone-Ticket am Ticketschalter der Villa d&#8217;Este vor.<\/span><\/span><a href=\"https:\/\/www.google.com\/maps\/search\/?api=1&amp;query=5%2C%20Piazza%20Trento%2000019%20Tivoli\" data-lt-tmp-id=\"lt-320454\" spellcheck=\"false\" target=\"_blank\" rel=\"nofollow noopener\" style=\"font-weight: 400; background-color: rgb(255, 255, 255); outline: none;\"><\/a><\/p>\n<p data-pm-slice=\"1 1 []\"><a data-lt-tmp-id=\"lt-320454\" href=\"https:\/\/www.google.com\/maps\/search\/?api=1&amp;query=5%2C%20Piazza%20Trento%2000019%20Tivoli\" rel=\"nofollow noopener\" spellcheck=\"false\" style=\"font-weight: 400; background-color: rgb(255, 255, 255); outline: none;\" target=\"_blank\">In Karten \u00f6ffnen&nbsp;<\/a><\/p>\n<h2>Bewertungen<\/h2>\n<p><strong>4,4 \/ 5&nbsp; <\/strong><strong>(2 Bewertungen)<\/strong><\/p>\n<p dir=\"ltr\">&nbsp;<a href=\"https:\/\/www.getyourguide.com\/villa-d-este-l82940\/tivoli-villa-d-este-entry-ticket-and-app-audio-guide-t416713\/?partner_id=NO9XIDE&amp;utm_medium=online_publisher&amp;cmp=ITIDeVillaDesteSP\" target=\"_blank\" rel=\"nofollow noopener\" spellcheck=\"false\" style=\"outline: none;\">&gt;&gt; Weitere Rezensionen ansehen&#8230;<\/a><\/p>\n<p><span># <\/span><strong><span>2<\/span><\/strong><span># <\/span><strong><span>2<\/span><\/strong><\/p>\n<h2>Weitere Aktivit\u00e4ten, die Ihnen gefallen k\u00f6nnten<\/h2>\n<p><\/p>\n<p><span>#1<\/span><span><img decoding=\"async\" alt=\"\" data-id=\"10180\" width=\"159\" data-init-width=\"1185\" height=\"83\" data-init-height=\"616\" title=\"Tagesausflug von Rom zur Villa d'Este und zur Villa Hadriana in Tivoli\" src=\"https:\/\/italy-tourist-information.com\/wp-content\/uploads\/2025\/04\/From-Rome-Villa-DEste-and-Hadrians-Villa-Tivoli-Day-Tour-ota.jpg\" data-width=\"159\" data-height=\"83\" style=\"aspect-ratio: auto 1185 \/ 616;\" loading=\"lazy\"><\/span><\/p>\n<table>\n<tbody>\n<tr>\n<td>\n<table>\n<tbody>\n<tr>\n<td><strong><a href=\"https:\/\/www.getyourguide.com\/tivoli-l1695\/villa-d-este-adrian-s-villa-tivoli-day-trip-from-rome-t7975\/?partner_id=NO9XIDE&amp;utm_medium=online_publisher&amp;cmp=ITIDeVillaDesteSP2\" target=\"_blank\" rel=\"nofollow noopener\" style=\"outline: none;\" data-lt-tmp-id=\"lt-548027\" spellcheck=\"false\">Ab Rom: Tagesausflug zur Villa d&#8217;Este und zur Villa Hadriana in Tivoli<\/a><\/strong><\/td>\n<\/tr>\n<\/tbody>\n<\/table>\n<\/td>\n<\/tr>\n<\/tbody>\n<\/table>\n<p data-pm-slice=\"1 1 []\">Erleben Sie einen faszinierenden Tagesausflug von Rom zu den beiden UNESCO-Welterbest\u00e4tten von Tivoli: Erkunden Sie die weitl\u00e4ufigen antiken Ruinen der Villa des Kaisers Hadrian und schl\u00e4ngeln Sie sich durch die atemberaubenden Renaissanceg\u00e4rten der Villa d&#8217;Este.<\/p>\n<h3 style=\"\">Gesamtpreis<\/h3>\n<h3 style=\"\">Ihr Konto wird noch nicht belastet<\/h3>\n<p><span><img decoding=\"async\" alt=\"\" data-id=\"10124\" width=\"159\" data-init-width=\"2335\" height=\"106\" data-init-height=\"1556\" title=\"Roma Pass \u2013 72 Stunden Zugang zu \u00f6ffentlichen Verkehrsmitteln + Eintritt zu 1 oder 2 Attraktionen\" src=\"https:\/\/italy-tourist-information.com\/wp-content\/uploads\/2025\/04\/Roma-Pass-72-Hr-Public-Transport-Access-Entry-to-1-or-2-Attractions-ota.avif\" data-width=\"159\" data-height=\"106\" style=\"aspect-ratio: auto 2335 \/ 1556;\" loading=\"lazy\"><\/span><\/p>\n<table>\n<tbody>\n<tr>\n<td>\n<table>\n<tbody>\n<tr>\n<td><a href=\"https:\/\/www.tiqets.com\/de\/rome-attractions-c71631\/tickets-for-roma-pass-p974091\/?partner=italytouristinformation&amp;tq_campaign=ITIDeVillaDesteSP3\" target=\"_blank\" rel=\"nofollow noopener\" style=\"outline: none;\" data-lt-tmp-id=\"lt-287403\" spellcheck=\"false\">Roma Pass: 72 Stunden Nutzung des \u00f6ffentlichen Nahverkehrs + Eintritt zu 1 oder 2 Sehensw\u00fcrdigkeiten<\/a><\/td>\n<\/tr>\n<\/tbody>\n<\/table>\n<\/td>\n<\/tr>\n<\/tbody>\n<\/table>\n<p data-pm-slice=\"1 1 []\">Erleben Sie Rom m\u00fchelos mit dem Roma Pass 72-Stunden-Ticket, das Ihnen unbegrenzten Zugang zu den \u00f6ffentlichen Verkehrsmitteln und freien Eintritt zu Ihren ersten ein oder zwei Top-Attraktionen bietet.&nbsp;<\/p>\n<h3 style=\"\">Gesamtpreis<\/h3>\n<h3>Ihr Konto wird noch nicht belastet<\/h3>\n<p><\/p>\n<h2><a href=\"https:\/\/www.getyourguide.com\/villa-d-este-l82940\/tivoli-villa-d-este-entry-ticket-and-app-audio-guide-t416713\/?partner_id=NO9XIDE&amp;utm_medium=online_publisher&amp;cmp=ITIDeVillaDesteSP\" target=\"_blank\" rel=\"nofollow noopener\" style=\"outline: none;\">Zur Buchung<\/a><\/h2>\n<p style=\"\"><a href=\"https:\/\/www.getyourguide.com\/villa-d-este-l82940\/tivoli-villa-d-este-entry-ticket-and-app-audio-guide-t416713\/?partner_id=NO9XIDE&amp;utm_medium=online_publisher&amp;cmp=ITIDeVillaDesteSP\" target=\"_blank\" rel=\"nofollow noopener\" style=\"outline: none;\">Preis ab<\/a><\/p>\n<h1><a href=\"https:\/\/www.getyourguide.com\/villa-d-este-l82940\/tivoli-villa-d-este-entry-ticket-and-app-audio-guide-t416713\/?partner_id=NO9XIDE&amp;utm_medium=online_publisher&amp;cmp=ITIDeVillaDesteSP\" target=\"_blank\" rel=\"nofollow noopener\" style=\"outline: none;\">30 \u20ac<\/a><\/h1>\n<h3>Ihr Konto wird noch nicht belastet<\/h3>\n","protected":false},"excerpt":{"rendered":"<p>Tivoli: Villa d&#8217;Este-Ticket mit Audioguide-APP Zur Buchung Preis ab 30 \u20ac Entdecken Sie mit Ihren Tickets f\u00fcr die Villa d&#8217;Este&nbsp;eine der bezauberndsten Villen Italiens. Erkunden Sie Renaissanceg\u00e4rten, prunkvolle Innenr\u00e4ume und UNESCO-gesch\u00fctzte Brunnen in der charmanten Stadt Tivoli. Handverlesenes Ticket&nbsp; G\u00fcltig f\u00fcr 1 Tag Audioguide verf\u00fcgbar Kostenlose Stornierung Inbegriffen Einlass ohne Anstehen zur Villa d&#8217;Este Zugang [&hellip;]<\/p>\n","protected":false},"author":6,"featured_media":18810,"parent":0,"menu_order":0,"comment_status":"closed","ping_status":"closed","template":"","meta":{"footnotes":""},"categories":[143,128],"tags":[155,130],"class_list":["post-18809","page","type-page","status-publish","has-post-thumbnail","hentry","category-rom","category-verkaufsseite","tag-rom","tag-verkaufsseite","post-wrapper","thrv_wrapper"],"_links":{"self":[{"href":"https:\/\/italy-tourist-information.com\/de\/wp-json\/wp\/v2\/pages\/18809","targetHints":{"allow":["GET"]}}],"collection":[{"href":"https:\/\/italy-tourist-information.com\/de\/wp-json\/wp\/v2\/pages"}],"about":[{"href":"https:\/\/italy-tourist-information.com\/de\/wp-json\/wp\/v2\/types\/page"}],"author":[{"embeddable":true,"href":"https:\/\/italy-tourist-information.com\/de\/wp-json\/wp\/v2\/users\/6"}],"replies":[{"embeddable":true,"href":"https:\/\/italy-tourist-information.com\/de\/wp-json\/wp\/v2\/comments?post=18809"}],"version-history":[{"count":8,"href":"https:\/\/italy-tourist-information.com\/de\/wp-json\/wp\/v2\/pages\/18809\/revisions"}],"predecessor-version":[{"id":19840,"href":"https:\/\/italy-tourist-information.com\/de\/wp-json\/wp\/v2\/pages\/18809\/revisions\/19840"}],"wp:featuredmedia":[{"embeddable":true,"href":"https:\/\/italy-tourist-information.com\/de\/wp-json\/wp\/v2\/media\/18810"}],"wp:attachment":[{"href":"https:\/\/italy-tourist-information.com\/de\/wp-json\/wp\/v2\/media?parent=18809"}],"wp:term":[{"taxonomy":"category","embeddable":true,"href":"https:\/\/italy-tourist-information.com\/de\/wp-json\/wp\/v2\/categories?post=18809"},{"taxonomy":"post_tag","embeddable":true,"href":"https:\/\/italy-tourist-information.com\/de\/wp-json\/wp\/v2\/tags?post=18809"}],"curies":[{"name":"wp","href":"https:\/\/api.w.org\/{rel}","templated":true}]}}